{"id":8436,"date":"2020-09-12T09:49:03","date_gmt":"2020-09-12T07:49:03","guid":{"rendered":"https:\/\/graphimarket.com\/?post_type=product&#038;p=8436"},"modified":"2022-12-19T23:16:25","modified_gmt":"2022-12-19T22:16:25","slug":"network-turbulence-photoshop-brushes","status":"publish","type":"product","link":"https:\/\/graphimarket.com\/it\/prodotto\/network-turbulence-photoshop-brushes\/","title":{"rendered":"Pennelli Photoshop con turbolenza di rete"},"content":{"rendered":"<div class=\"_2Masz2rr\">\n<p><strong>Panoramica dei pennelli techno futuristici Pennelli Photoshop di turbolenza di rete<\/strong><\/p>\n<p>Annulliamo la noia e il fallimento nella tua carriera professionale nei mondi Digital, 3d o Web! \u00c8 tempo per il nuovo Creative Motion Design e l&#039;Arte Moderna che nessuno ha mai visto prima. Osserva l&#039;elegante set di pennelli pronto per la stampa e facile da installare. Non avere fretta, guarda attentamente. Sicuramente, oltre alle loro caratteristiche come opportunit\u00e0 di alta qualit\u00e0, alta risoluzione, big data e componenti aggiuntivi, vedrai qualcosa di pi\u00f9. Supponiamo che questi saranno i tuoi oggetti grafici futuri in stile techno o futuristico.<\/p>\n<p>Incantato dalla superficie sottile con griglia ondulata e onde di contorno in stile minimalista, difficilmente puoi resistere al flusso artistico e decorativo delle idee nella tua mente. Il nostro consiglio: non fermarlo. Fidati prima di te e fidati di questo pennello dinamico per turbolenze di rete. Non pu\u00f2 essere costoso in termini di tempo ed energia. Perch\u00e9 con le loro trame lineari astratte e le onde di contorno con l&#039;ornamento tecnologico non banale sarai in grado di creare fantastici modelli di riempimenti di texture, cambiare l&#039;effetto foto, dipingere illustrazioni sbalorditive e modellare la tua decorazione con piacere, pulito e rapidamente.<\/p>\n<p><strong>Pennelli Techno Futuristic e i loro superpoteri<\/strong><\/p>\n<p>Continua a leggere, vale la pena sapere. Un altro fatto essenziale di questa turbolenza della griglia astratta e della griglia ondulata Photoshop ABR Brushes \u00e8 che riceverai una cartella con 10 file PNG trasparenti di questo set di pennelli astratti unici nel loro genere. Non dimenticare che puoi usarli come trame per i tuoi progetti digitali, creare forme di astrazione, aggiungere a effetti fotografici o materiali grafici. Come sapete, gli stili urbano, futuristico e tecnologico sono richiesti e moderni al giorno d&#039;oggi. L&#039;arte di rendere belli i big data sta conquistando il mondo. Esperti e artisti di visualizzazione dei dati creano ogni giorno cose straordinarie come Fotografia, Pattern, Background e Texture nel mondo del data design.<\/p>\n<p>Quindi, non perdere l&#039;occasione di scrivere il testo della tua vita. Qualunque sia la superficie della griglia, carta da parati, effetto onda di contorno o un altro elemento di design lineare. Sei un artista e non esiste un piano B per passione.<\/p>\n<p><strong>Cosa riceverai?<\/strong><\/p>\n<p>Non dovrai pi\u00f9 preoccuparti della mancanza di tempo, del lavoro poco pratico o delle vecchie idee di design. Queste linee ad alta risoluzione spazzolano con la superficie della griglia ti salveranno se desideri:<\/p>\n<ol>\n<li>Ritocca un&#039;immagine, aggiungi drammaticit\u00e0 a una manipolazione di foto o dipingi nuovi elementi;<\/li>\n<li>Crea linee artistiche 100% ad alta risoluzione;<\/li>\n<li>Avere un packaging unico;<\/li>\n<li>Forma Stile di pittura minimalista;<\/li>\n<li>Risparmia tempo e goditi un processo.<\/li>\n<\/ol>\n<p><strong>Informazioni aggiuntive:<\/strong><\/p>\n<ul>\n<li>File aggiuntivi inclusi:\u00a0<strong>Photoshop ABR<\/strong><\/li>\n<li>File grafici inclusi:\u00a0<strong>PNG trasparente<\/strong><\/li>\n<li>Dimensioni pixel:\u00a0<strong>5000 + px<\/strong><\/li>\n<\/ul>\n<\/div>\n<div class=\"_3KAa4-GZ frEFeDSS\"><img fetchpriority=\"high\" decoding=\"async\" class=\"aligncenter wp-image-8437 size-full\" src=\"https:\/\/graphimarket.com\/wp-content\/uploads\/2020\/09\/1695f299-9414-4784-aad4-7e0f0c3a5ff8.jpg\" alt=\"\" width=\"900\" height=\"600\" srcset=\"https:\/\/graphimarket.com\/wp-content\/uploads\/2020\/09\/1695f299-9414-4784-aad4-7e0f0c3a5ff8.jpg 900w, https:\/\/graphimarket.com\/wp-content\/uploads\/2020\/09\/1695f299-9414-4784-aad4-7e0f0c3a5ff8-600x400.jpg 600w, https:\/\/graphimarket.com\/wp-content\/uploads\/2020\/09\/1695f299-9414-4784-aad4-7e0f0c3a5ff8-300x200.jpg 300w, https:\/\/graphimarket.com\/wp-content\/uploads\/2020\/09\/1695f299-9414-4784-aad4-7e0f0c3a5ff8-768x512.jpg 768w\" sizes=\"(max-width: 900px) 100vw, 900px\" \/> <img decoding=\"async\" class=\"aligncenter wp-image-8438 size-full\" src=\"https:\/\/graphimarket.com\/wp-content\/uploads\/2020\/09\/a4fbd6d3-857a-4207-9260-f6a93783bde7.jpg\" alt=\"\" width=\"900\" height=\"600\" srcset=\"https:\/\/graphimarket.com\/wp-content\/uploads\/2020\/09\/a4fbd6d3-857a-4207-9260-f6a93783bde7.jpg 900w, https:\/\/graphimarket.com\/wp-content\/uploads\/2020\/09\/a4fbd6d3-857a-4207-9260-f6a93783bde7-600x400.jpg 600w, https:\/\/graphimarket.com\/wp-content\/uploads\/2020\/09\/a4fbd6d3-857a-4207-9260-f6a93783bde7-300x200.jpg 300w, https:\/\/graphimarket.com\/wp-content\/uploads\/2020\/09\/a4fbd6d3-857a-4207-9260-f6a93783bde7-768x512.jpg 768w\" sizes=\"(max-width: 900px) 100vw, 900px\" \/> <img decoding=\"async\" class=\"aligncenter wp-image-8439 size-full\" src=\"https:\/\/graphimarket.com\/wp-content\/uploads\/2020\/09\/dd514f97-768b-48f3-b5a9-47163e78859f.jpg\" alt=\"\" width=\"900\" height=\"600\" srcset=\"https:\/\/graphimarket.com\/wp-content\/uploads\/2020\/09\/dd514f97-768b-48f3-b5a9-47163e78859f.jpg 900w, https:\/\/graphimarket.com\/wp-content\/uploads\/2020\/09\/dd514f97-768b-48f3-b5a9-47163e78859f-600x400.jpg 600w, https:\/\/graphimarket.com\/wp-content\/uploads\/2020\/09\/dd514f97-768b-48f3-b5a9-47163e78859f-300x200.jpg 300w, https:\/\/graphimarket.com\/wp-content\/uploads\/2020\/09\/dd514f97-768b-48f3-b5a9-47163e78859f-768x512.jpg 768w\" sizes=\"(max-width: 900px) 100vw, 900px\" \/> <img loading=\"lazy\" decoding=\"async\" class=\"aligncenter wp-image-8440 size-full\" src=\"https:\/\/graphimarket.com\/wp-content\/uploads\/2020\/09\/e7d4d784-8e76-4ee4-a89c-c1cd7982a371.jpg\" alt=\"\" width=\"900\" height=\"600\" srcset=\"https:\/\/graphimarket.com\/wp-content\/uploads\/2020\/09\/e7d4d784-8e76-4ee4-a89c-c1cd7982a371.jpg 900w, https:\/\/graphimarket.com\/wp-content\/uploads\/2020\/09\/e7d4d784-8e76-4ee4-a89c-c1cd7982a371-600x400.jpg 600w, https:\/\/graphimarket.com\/wp-content\/uploads\/2020\/09\/e7d4d784-8e76-4ee4-a89c-c1cd7982a371-300x200.jpg 300w, https:\/\/graphimarket.com\/wp-content\/uploads\/2020\/09\/e7d4d784-8e76-4ee4-a89c-c1cd7982a371-768x512.jpg 768w\" sizes=\"(max-width: 900px) 100vw, 900px\" \/> <img loading=\"lazy\" decoding=\"async\" class=\"aligncenter wp-image-8441 size-full\" src=\"https:\/\/graphimarket.com\/wp-content\/uploads\/2020\/09\/e31c9544-c088-4d55-bedb-c7dcca92daf3.jpg\" alt=\"\" width=\"900\" height=\"600\" srcset=\"https:\/\/graphimarket.com\/wp-content\/uploads\/2020\/09\/e31c9544-c088-4d55-bedb-c7dcca92daf3.jpg 900w, https:\/\/graphimarket.com\/wp-content\/uploads\/2020\/09\/e31c9544-c088-4d55-bedb-c7dcca92daf3-600x400.jpg 600w, https:\/\/graphimarket.com\/wp-content\/uploads\/2020\/09\/e31c9544-c088-4d55-bedb-c7dcca92daf3-300x200.jpg 300w, https:\/\/graphimarket.com\/wp-content\/uploads\/2020\/09\/e31c9544-c088-4d55-bedb-c7dcca92daf3-768x512.jpg 768w\" sizes=\"(max-width: 900px) 100vw, 900px\" \/> <img loading=\"lazy\" decoding=\"async\" class=\"aligncenter wp-image-8442 size-full\" src=\"https:\/\/graphimarket.com\/wp-content\/uploads\/2020\/09\/2d4ded94-69c7-452b-80e1-e521b0791afd.jpg\" alt=\"\" width=\"900\" height=\"600\" srcset=\"https:\/\/graphimarket.com\/wp-content\/uploads\/2020\/09\/2d4ded94-69c7-452b-80e1-e521b0791afd.jpg 900w, https:\/\/graphimarket.com\/wp-content\/uploads\/2020\/09\/2d4ded94-69c7-452b-80e1-e521b0791afd-600x400.jpg 600w, https:\/\/graphimarket.com\/wp-content\/uploads\/2020\/09\/2d4ded94-69c7-452b-80e1-e521b0791afd-300x200.jpg 300w, https:\/\/graphimarket.com\/wp-content\/uploads\/2020\/09\/2d4ded94-69c7-452b-80e1-e521b0791afd-768x512.jpg 768w\" sizes=\"(max-width: 900px) 100vw, 900px\" \/> <img loading=\"lazy\" decoding=\"async\" class=\"aligncenter wp-image-8443 size-full\" src=\"https:\/\/graphimarket.com\/wp-content\/uploads\/2020\/09\/6a91f37f-6d78-409c-b757-7a6f8931b205.jpg\" alt=\"\" width=\"900\" height=\"600\" srcset=\"https:\/\/graphimarket.com\/wp-content\/uploads\/2020\/09\/6a91f37f-6d78-409c-b757-7a6f8931b205.jpg 900w, https:\/\/graphimarket.com\/wp-content\/uploads\/2020\/09\/6a91f37f-6d78-409c-b757-7a6f8931b205-600x400.jpg 600w, https:\/\/graphimarket.com\/wp-content\/uploads\/2020\/09\/6a91f37f-6d78-409c-b757-7a6f8931b205-300x200.jpg 300w, https:\/\/graphimarket.com\/wp-content\/uploads\/2020\/09\/6a91f37f-6d78-409c-b757-7a6f8931b205-768x512.jpg 768w\" sizes=\"(max-width: 900px) 100vw, 900px\" \/> <img loading=\"lazy\" decoding=\"async\" class=\"aligncenter wp-image-8444 size-full\" src=\"https:\/\/graphimarket.com\/wp-content\/uploads\/2020\/09\/21eb6fff-3fbf-4aed-8c68-884a255be27b.jpg\" alt=\"\" width=\"900\" height=\"600\" srcset=\"https:\/\/graphimarket.com\/wp-content\/uploads\/2020\/09\/21eb6fff-3fbf-4aed-8c68-884a255be27b.jpg 900w, https:\/\/graphimarket.com\/wp-content\/uploads\/2020\/09\/21eb6fff-3fbf-4aed-8c68-884a255be27b-600x400.jpg 600w, https:\/\/graphimarket.com\/wp-content\/uploads\/2020\/09\/21eb6fff-3fbf-4aed-8c68-884a255be27b-300x200.jpg 300w, https:\/\/graphimarket.com\/wp-content\/uploads\/2020\/09\/21eb6fff-3fbf-4aed-8c68-884a255be27b-768x512.jpg 768w\" sizes=\"(max-width: 900px) 100vw, 900px\" \/> <img loading=\"lazy\" decoding=\"async\" class=\"aligncenter wp-image-8445 size-full\" src=\"https:\/\/graphimarket.com\/wp-content\/uploads\/2020\/09\/22fbc3eb-7869-4096-8c4a-82a377e25c2d.jpg\" alt=\"\" width=\"900\" height=\"600\" srcset=\"https:\/\/graphimarket.com\/wp-content\/uploads\/2020\/09\/22fbc3eb-7869-4096-8c4a-82a377e25c2d.jpg 900w, https:\/\/graphimarket.com\/wp-content\/uploads\/2020\/09\/22fbc3eb-7869-4096-8c4a-82a377e25c2d-600x400.jpg 600w, https:\/\/graphimarket.com\/wp-content\/uploads\/2020\/09\/22fbc3eb-7869-4096-8c4a-82a377e25c2d-300x200.jpg 300w, https:\/\/graphimarket.com\/wp-content\/uploads\/2020\/09\/22fbc3eb-7869-4096-8c4a-82a377e25c2d-768x512.jpg 768w\" sizes=\"(max-width: 900px) 100vw, 900px\" \/> <img loading=\"lazy\" decoding=\"async\" class=\"aligncenter wp-image-8446 size-full\" src=\"https:\/\/graphimarket.com\/wp-content\/uploads\/2020\/09\/84a8dab6-a6b6-4667-84a2-170c97de962d.jpg\" alt=\"\" width=\"900\" height=\"600\" srcset=\"https:\/\/graphimarket.com\/wp-content\/uploads\/2020\/09\/84a8dab6-a6b6-4667-84a2-170c97de962d.jpg 900w, https:\/\/graphimarket.com\/wp-content\/uploads\/2020\/09\/84a8dab6-a6b6-4667-84a2-170c97de962d-600x400.jpg 600w, https:\/\/graphimarket.com\/wp-content\/uploads\/2020\/09\/84a8dab6-a6b6-4667-84a2-170c97de962d-300x200.jpg 300w, https:\/\/graphimarket.com\/wp-content\/uploads\/2020\/09\/84a8dab6-a6b6-4667-84a2-170c97de962d-768x512.jpg 768w\" sizes=\"(max-width: 900px) 100vw, 900px\" \/><\/div>\n<div><\/div>","protected":false},"excerpt":{"rendered":"<p>Techno Futuristic Brushes Overview Network Turbulence Photoshop Brushes We cancel boredom and failure in your Professional career in Digital, 3d or Web worlds! It is time for new Creative Motion Design and Modern Art that nobody has seen before. Take a gaze on the Stylish Brush Set that is Print Ready and Easy to install. [&hellip;]<\/p>\n","protected":false},"featured_media":8447,"comment_status":"open","ping_status":"closed","template":"","meta":{"site-sidebar-layout":"default","site-content-layout":"default","ast-site-content-layout":"default","site-content-style":"default","site-sidebar-style":"default","ast-global-header-display":"","ast-banner-title-visibility":"","ast-main-header-display":"","ast-hfb-above-header-display":"","ast-hfb-below-header-display":"","ast-hfb-mobile-header-display":"","site-post-title":"","ast-breadcrumbs-content":"","ast-featured-img":"","footer-sml-layout":"","ast-disable-related-posts":"","theme-transparent-header-meta":"default","adv-header-id-meta":"","stick-header-meta":"","header-above-stick-meta":"","header-main-stick-meta":"","header-below-stick-meta":"","astra-migrate-meta-layouts":"default","ast-page-background-enabled":"default","ast-page-background-meta":{"desktop":{"background-color":"","background-image":"","background-repeat":"repeat","background-position":"center center","background-size":"auto","background-attachment":"scroll","background-type":"","background-media":"","overlay-type":"","overlay-color":"","overlay-opacity":"","overlay-gradient":""},"tablet":{"background-color":"","background-image":"","background-repeat":"repeat","background-position":"center center","background-size":"auto","background-attachment":"scroll","background-type":"","background-media":"","overlay-type":"","overlay-color":"","overlay-opacity":"","overlay-gradient":""},"mobile":{"background-color":"","background-image":"","background-repeat":"repeat","background-position":"center center","background-size":"auto","background-attachment":"scroll","background-type":"","background-media":"","overlay-type":"","overlay-color":"","overlay-opacity":"","overlay-gradient":""}},"ast-content-background-meta":{"desktop":{"background-color":"var(--ast-global-color-5)","background-image":"","background-repeat":"repeat","background-position":"center center","background-size":"auto","background-attachment":"scroll","background-type":"","background-media":"","overlay-type":"","overlay-color":"","overlay-opacity":"","overlay-gradient":""},"tablet":{"background-color":"var(--ast-global-color-5)","background-image":"","background-repeat":"repeat","background-position":"center center","background-size":"auto","background-attachment":"scroll","background-type":"","background-media":"","overlay-type":"","overlay-color":"","overlay-opacity":"","overlay-gradient":""},"mobile":{"background-color":"var(--ast-global-color-5)","background-image":"","background-repeat":"repeat","background-position":"center center","background-size":"auto","background-attachment":"scroll","background-type":"","background-media":"","overlay-type":"","overlay-color":"","overlay-opacity":"","overlay-gradient":""}}},"product_brand":[],"product_cat":[1002,195],"product_tag":[291,530,245,231,257,541,540,545,538,62,543,546,544,539,542],"class_list":{"0":"post-8436","1":"product","2":"type-product","3":"status-publish","4":"has-post-thumbnail","6":"product_cat-accessories","7":"product_cat-photoshop","8":"product_tag-3d","9":"product_tag-abr","10":"product_tag-abstract","11":"product_tag-brushes","12":"product_tag-digital","13":"product_tag-generative","14":"product_tag-grid","15":"product_tag-motion","16":"product_tag-network","17":"product_tag-photoshop","18":"product_tag-png","19":"product_tag-tech","20":"product_tag-transparent","21":"product_tag-turbulence","22":"product_tag-waves","23":"desktop-align-left","24":"tablet-align-left","25":"mobile-align-left","27":"first","28":"instock","29":"downloadable","30":"virtual","31":"taxable","32":"purchasable","33":"product-type-simple"},"yoast_head":"<!-- This site is optimized with the Yoast SEO plugin v27.3 - https:\/\/yoast.com\/product\/yoast-seo-wordpress\/ -->\n<title>Network Turbulence Photoshop Brushes - Graphimarket<\/title>\n<meta name=\"description\" content=\"Techno Futuristic Brushes Overview Network Turbulence Photoshop Brushes We cancel boredom and failure in your Professional career in Digital\" \/>\n<meta name=\"robots\" content=\"index, follow, max-snippet:-1, max-image-preview:large, max-video-preview:-1\" \/>\n<link rel=\"canonical\" href=\"https:\/\/graphimarket.com\/it\/prodotto\/network-turbulence-photoshop-brushes\/\" \/>\n<meta property=\"og:locale\" content=\"it_IT\" \/>\n<meta property=\"og:type\" content=\"article\" \/>\n<meta property=\"og:title\" content=\"Network Turbulence Photoshop Brushes - Graphimarket\" \/>\n<meta property=\"og:description\" content=\"Techno Futuristic Brushes Overview Network Turbulence Photoshop Brushes We cancel boredom and failure in your Professional career in Digital\" \/>\n<meta property=\"og:url\" content=\"https:\/\/graphimarket.com\/it\/prodotto\/network-turbulence-photoshop-brushes\/\" \/>\n<meta property=\"og:site_name\" content=\"Graphimarket\" \/>\n<meta property=\"article:modified_time\" content=\"2022-12-19T22:16:25+00:00\" \/>\n<meta property=\"og:image\" content=\"https:\/\/graphimarket.com\/wp-content\/uploads\/2020\/09\/d5b61e21-d1c2-42e7-b873-6aaff61945e5.jpg\" \/>\n\t<meta property=\"og:image:width\" content=\"866\" \/>\n\t<meta property=\"og:image:height\" content=\"577\" \/>\n\t<meta property=\"og:image:type\" content=\"image\/jpeg\" \/>\n<meta name=\"twitter:card\" content=\"summary_large_image\" \/>\n<meta name=\"twitter:label1\" content=\"Tempo di lettura stimato\" \/>\n\t<meta name=\"twitter:data1\" content=\"2 minuti\" \/>\n<script type=\"application\/ld+json\" class=\"yoast-schema-graph\">{\"@context\":\"https:\\\/\\\/schema.org\",\"@graph\":[{\"@type\":\"WebPage\",\"@id\":\"https:\\\/\\\/graphimarket.com\\\/it\\\/prodotto\\\/network-turbulence-photoshop-brushes\\\/\",\"url\":\"https:\\\/\\\/graphimarket.com\\\/it\\\/prodotto\\\/network-turbulence-photoshop-brushes\\\/\",\"name\":\"Network Turbulence Photoshop Brushes - Graphimarket\",\"isPartOf\":{\"@id\":\"https:\\\/\\\/graphimarket.com\\\/fr\\\/#website\"},\"primaryImageOfPage\":{\"@id\":\"https:\\\/\\\/graphimarket.com\\\/it\\\/prodotto\\\/network-turbulence-photoshop-brushes\\\/#primaryimage\"},\"image\":{\"@id\":\"https:\\\/\\\/graphimarket.com\\\/it\\\/prodotto\\\/network-turbulence-photoshop-brushes\\\/#primaryimage\"},\"thumbnailUrl\":\"https:\\\/\\\/graphimarket.com\\\/wp-content\\\/uploads\\\/2020\\\/09\\\/d5b61e21-d1c2-42e7-b873-6aaff61945e5.jpg\",\"datePublished\":\"2020-09-12T07:49:03+00:00\",\"dateModified\":\"2022-12-19T22:16:25+00:00\",\"description\":\"Techno Futuristic Brushes Overview Network Turbulence Photoshop Brushes We cancel boredom and failure in your Professional career in Digital\",\"breadcrumb\":{\"@id\":\"https:\\\/\\\/graphimarket.com\\\/it\\\/prodotto\\\/network-turbulence-photoshop-brushes\\\/#breadcrumb\"},\"inLanguage\":\"it-IT\",\"potentialAction\":[{\"@type\":\"ReadAction\",\"target\":[\"https:\\\/\\\/graphimarket.com\\\/it\\\/prodotto\\\/network-turbulence-photoshop-brushes\\\/\"]}]},{\"@type\":\"ImageObject\",\"inLanguage\":\"it-IT\",\"@id\":\"https:\\\/\\\/graphimarket.com\\\/it\\\/prodotto\\\/network-turbulence-photoshop-brushes\\\/#primaryimage\",\"url\":\"https:\\\/\\\/graphimarket.com\\\/wp-content\\\/uploads\\\/2020\\\/09\\\/d5b61e21-d1c2-42e7-b873-6aaff61945e5.jpg\",\"contentUrl\":\"https:\\\/\\\/graphimarket.com\\\/wp-content\\\/uploads\\\/2020\\\/09\\\/d5b61e21-d1c2-42e7-b873-6aaff61945e5.jpg\",\"width\":866,\"height\":577},{\"@type\":\"BreadcrumbList\",\"@id\":\"https:\\\/\\\/graphimarket.com\\\/it\\\/prodotto\\\/network-turbulence-photoshop-brushes\\\/#breadcrumb\",\"itemListElement\":[{\"@type\":\"ListItem\",\"position\":1,\"name\":\"Home\",\"item\":\"https:\\\/\\\/graphimarket.com\\\/es\\\/\"},{\"@type\":\"ListItem\",\"position\":2,\"name\":\"Store\",\"item\":\"https:\\\/\\\/graphimarket.com\\\/store\\\/\"},{\"@type\":\"ListItem\",\"position\":3,\"name\":\"Network Turbulence Photoshop Brushes\"}]},{\"@type\":\"WebSite\",\"@id\":\"https:\\\/\\\/graphimarket.com\\\/fr\\\/#website\",\"url\":\"https:\\\/\\\/graphimarket.com\\\/fr\\\/\",\"name\":\"Graphimarket\",\"description\":\"Find the perfect creative asset to bring your project to life\",\"publisher\":{\"@id\":\"https:\\\/\\\/graphimarket.com\\\/fr\\\/#organization\"},\"potentialAction\":[{\"@type\":\"SearchAction\",\"target\":{\"@type\":\"EntryPoint\",\"urlTemplate\":\"https:\\\/\\\/graphimarket.com\\\/fr\\\/?s={search_term_string}\"},\"query-input\":{\"@type\":\"PropertyValueSpecification\",\"valueRequired\":true,\"valueName\":\"search_term_string\"}}],\"inLanguage\":\"it-IT\"},{\"@type\":\"Organization\",\"@id\":\"https:\\\/\\\/graphimarket.com\\\/fr\\\/#organization\",\"name\":\"Graphimarket\",\"url\":\"https:\\\/\\\/graphimarket.com\\\/fr\\\/\",\"logo\":{\"@type\":\"ImageObject\",\"inLanguage\":\"it-IT\",\"@id\":\"https:\\\/\\\/graphimarket.com\\\/fr\\\/#\\\/schema\\\/logo\\\/image\\\/\",\"url\":\"https:\\\/\\\/graphimarket.com\\\/wp-content\\\/uploads\\\/2020\\\/08\\\/logo-48.png\",\"contentUrl\":\"https:\\\/\\\/graphimarket.com\\\/wp-content\\\/uploads\\\/2020\\\/08\\\/logo-48.png\",\"width\":132,\"height\":48,\"caption\":\"Graphimarket\"},\"image\":{\"@id\":\"https:\\\/\\\/graphimarket.com\\\/fr\\\/#\\\/schema\\\/logo\\\/image\\\/\"}}]}<\/script>\n<!-- \/ Yoast SEO plugin. -->","yoast_head_json":{"title":"Pennelli Photoshop per turbolenza di rete - Graphimarket","description":"Pennelli Techno Futuristici Panoramica Turbolenza di rete Pennelli Photoshop Annulliamo la noia e il fallimento nella tua carriera professionale in digitale","robots":{"index":"index","follow":"follow","max-snippet":"max-snippet:-1","max-image-preview":"max-image-preview:large","max-video-preview":"max-video-preview:-1"},"canonical":"https:\/\/graphimarket.com\/it\/prodotto\/network-turbulence-photoshop-brushes\/","og_locale":"it_IT","og_type":"article","og_title":"Network Turbulence Photoshop Brushes - Graphimarket","og_description":"Techno Futuristic Brushes Overview Network Turbulence Photoshop Brushes We cancel boredom and failure in your Professional career in Digital","og_url":"https:\/\/graphimarket.com\/it\/prodotto\/network-turbulence-photoshop-brushes\/","og_site_name":"Graphimarket","article_modified_time":"2022-12-19T22:16:25+00:00","og_image":[{"width":866,"height":577,"url":"https:\/\/graphimarket.com\/wp-content\/uploads\/2020\/09\/d5b61e21-d1c2-42e7-b873-6aaff61945e5.jpg","type":"image\/jpeg"}],"twitter_card":"summary_large_image","twitter_misc":{"Tempo di lettura stimato":"2 minuti"},"schema":{"@context":"https:\/\/schema.org","@graph":[{"@type":"WebPage","@id":"https:\/\/graphimarket.com\/it\/prodotto\/network-turbulence-photoshop-brushes\/","url":"https:\/\/graphimarket.com\/it\/prodotto\/network-turbulence-photoshop-brushes\/","name":"Pennelli Photoshop per turbolenza di rete - Graphimarket","isPartOf":{"@id":"https:\/\/graphimarket.com\/fr\/#website"},"primaryImageOfPage":{"@id":"https:\/\/graphimarket.com\/it\/prodotto\/network-turbulence-photoshop-brushes\/#primaryimage"},"image":{"@id":"https:\/\/graphimarket.com\/it\/prodotto\/network-turbulence-photoshop-brushes\/#primaryimage"},"thumbnailUrl":"https:\/\/graphimarket.com\/wp-content\/uploads\/2020\/09\/d5b61e21-d1c2-42e7-b873-6aaff61945e5.jpg","datePublished":"2020-09-12T07:49:03+00:00","dateModified":"2022-12-19T22:16:25+00:00","description":"Pennelli Techno Futuristici Panoramica Turbolenza di rete Pennelli Photoshop Annulliamo la noia e il fallimento nella tua carriera professionale in digitale","breadcrumb":{"@id":"https:\/\/graphimarket.com\/it\/prodotto\/network-turbulence-photoshop-brushes\/#breadcrumb"},"inLanguage":"it-IT","potentialAction":[{"@type":"ReadAction","target":["https:\/\/graphimarket.com\/it\/prodotto\/network-turbulence-photoshop-brushes\/"]}]},{"@type":"ImageObject","inLanguage":"it-IT","@id":"https:\/\/graphimarket.com\/it\/prodotto\/network-turbulence-photoshop-brushes\/#primaryimage","url":"https:\/\/graphimarket.com\/wp-content\/uploads\/2020\/09\/d5b61e21-d1c2-42e7-b873-6aaff61945e5.jpg","contentUrl":"https:\/\/graphimarket.com\/wp-content\/uploads\/2020\/09\/d5b61e21-d1c2-42e7-b873-6aaff61945e5.jpg","width":866,"height":577},{"@type":"BreadcrumbList","@id":"https:\/\/graphimarket.com\/it\/prodotto\/network-turbulence-photoshop-brushes\/#breadcrumb","itemListElement":[{"@type":"ListItem","position":1,"name":"Home","item":"https:\/\/graphimarket.com\/es\/"},{"@type":"ListItem","position":2,"name":"Store","item":"https:\/\/graphimarket.com\/store\/"},{"@type":"ListItem","position":3,"name":"Network Turbulence Photoshop Brushes"}]},{"@type":"WebSite","@id":"https:\/\/graphimarket.com\/fr\/#website","url":"https:\/\/graphimarket.com\/fr\/","name":"Graphimarket","description":"Trova la risorsa creativa perfetta per dare vita al tuo progetto","publisher":{"@id":"https:\/\/graphimarket.com\/fr\/#organization"},"potentialAction":[{"@type":"SearchAction","target":{"@type":"EntryPoint","urlTemplate":"https:\/\/graphimarket.com\/fr\/?s={search_term_string}"},"query-input":{"@type":"PropertyValueSpecification","valueRequired":true,"valueName":"search_term_string"}}],"inLanguage":"it-IT"},{"@type":"Organization","@id":"https:\/\/graphimarket.com\/fr\/#organization","name":"Graphimarket","url":"https:\/\/graphimarket.com\/fr\/","logo":{"@type":"ImageObject","inLanguage":"it-IT","@id":"https:\/\/graphimarket.com\/fr\/#\/schema\/logo\/image\/","url":"https:\/\/graphimarket.com\/wp-content\/uploads\/2020\/08\/logo-48.png","contentUrl":"https:\/\/graphimarket.com\/wp-content\/uploads\/2020\/08\/logo-48.png","width":132,"height":48,"caption":"Graphimarket"},"image":{"@id":"https:\/\/graphimarket.com\/fr\/#\/schema\/logo\/image\/"}}]}},"_links":{"self":[{"href":"https:\/\/graphimarket.com\/it\/wp-json\/wp\/v2\/product\/8436","targetHints":{"allow":["GET"]}}],"collection":[{"href":"https:\/\/graphimarket.com\/it\/wp-json\/wp\/v2\/product"}],"about":[{"href":"https:\/\/graphimarket.com\/it\/wp-json\/wp\/v2\/types\/product"}],"replies":[{"embeddable":true,"href":"https:\/\/graphimarket.com\/it\/wp-json\/wp\/v2\/comments?post=8436"}],"version-history":[{"count":0,"href":"https:\/\/graphimarket.com\/it\/wp-json\/wp\/v2\/product\/8436\/revisions"}],"wp:featuredmedia":[{"embeddable":true,"href":"https:\/\/graphimarket.com\/it\/wp-json\/wp\/v2\/media\/8447"}],"wp:attachment":[{"href":"https:\/\/graphimarket.com\/it\/wp-json\/wp\/v2\/media?parent=8436"}],"wp:term":[{"taxonomy":"product_brand","embeddable":true,"href":"https:\/\/graphimarket.com\/it\/wp-json\/wp\/v2\/product_brand?post=8436"},{"taxonomy":"product_cat","embeddable":true,"href":"https:\/\/graphimarket.com\/it\/wp-json\/wp\/v2\/product_cat?post=8436"},{"taxonomy":"product_tag","embeddable":true,"href":"https:\/\/graphimarket.com\/it\/wp-json\/wp\/v2\/product_tag?post=8436"}],"curies":[{"name":"wp","href":"https:\/\/api.w.org\/{rel}","templated":true}]}}