{"id":19408,"date":"2022-12-03T21:57:04","date_gmt":"2022-12-03T20:57:04","guid":{"rendered":"https:\/\/graphimarket.com\/?post_type=product&#038;p=19408"},"modified":"2026-04-08T22:55:16","modified_gmt":"2026-04-08T20:55:16","slug":"watercolor-animals-photoshop-action","status":"publish","type":"product","link":"https:\/\/graphimarket.com\/ja\/product\/watercolor-animals-photoshop-action\/","title":{"rendered":"\u6c34\u5f69\u52d5\u7269Photoshop\u30a2\u30af\u30b7\u30e7\u30f3"},"content":{"rendered":"<p><img fetchpriority=\"high\" decoding=\"async\" class=\"alignnone size-full wp-image-19409\" src=\"https:\/\/graphimarket.com\/wp-content\/uploads\/2022\/12\/Preview.png\" alt=\"\" width=\"590\" height=\"7792\" srcset=\"https:\/\/graphimarket.com\/wp-content\/uploads\/2022\/12\/Preview.png 590w, https:\/\/graphimarket.com\/wp-content\/uploads\/2022\/12\/Preview-155x2048.png 155w, https:\/\/graphimarket.com\/wp-content\/uploads\/2022\/12\/Preview-1x12.png 1w\" sizes=\"(max-width: 590px) 100vw, 590px\" \/><\/p>\n<p><span style=\"vertical-align: inherit;\"><span style=\"vertical-align: inherit;\">Azione di Photoshop degli animali dell&#8217;acquerello<\/span><\/span><\/p>\n<p><span style=\"vertical-align: inherit;\"><span style=\"vertical-align: inherit;\">Questa azione di Photoshop per animali ad acquerello \u00e8 perfetta per fotografi e designer. <\/span><span style=\"vertical-align: inherit;\">Migliora e aggiunge pi\u00f9 bellezza alle immagini. <\/span><span style=\"vertical-align: inherit;\">Ti aiuter\u00e0 a stupire le tue immagini per creare look unici e fantastici. <\/span><span style=\"vertical-align: inherit;\">Questo set contiene 3 effetti e 10 opzioni di colore. <\/span><span style=\"vertical-align: inherit;\">Quando apri l&#8217;occhio invisibile.<\/span><\/span><\/p>\n<p><span style=\"vertical-align: inherit;\"><span style=\"vertical-align: inherit;\">Questa azione \u00e8 stata testata e funziona su Photoshop CC2020 versione inglese. <\/span><span style=\"vertical-align: inherit;\">Versione software supportata: CS6, CC, CC2014, CC2015, CC2015.5, CC2016, CC2017, CC2018, CC2019, CC2020 versione inglese.<\/span><\/span><\/p>\n<p><span style=\"vertical-align: inherit;\"><span style=\"vertical-align: inherit;\">Istruzione pi\u00f9 importante:<\/span><\/span><\/p>\n<p><span style=\"vertical-align: inherit;\"><span style=\"vertical-align: inherit;\">(1) Per prima cosa apri un&#8217;immagine in Photoshop. <\/span><span style=\"vertical-align: inherit;\">Espandi lo spazio attorno alla tua foto per ottenere i migliori risultati. <\/span><span style=\"vertical-align: inherit;\">Seleziona la tua immagine di sfondo e prendi lo strumento di ritaglio dalla barra degli strumenti, quindi espandi tutto il lato. <\/span><span style=\"vertical-align: inherit;\">Ora devi ridimensionare la tua immagine. <\/span><span style=\"vertical-align: inherit;\">Per ridimensionare l&#8217;immagine, seleziona gli strumenti di ritaglio e vai nella barra dei menu in alto, vedi L x A x Riso tre caselle vuote. <\/span><span style=\"vertical-align: inherit;\">Scrivi W 3000px, H 2000px, Risoluzione 72. Quindi premi il pulsante Invio.<\/span><\/span><\/p>\n<p><span style=\"vertical-align: inherit;\"><span style=\"vertical-align: inherit;\">(2) Apri la tua foto Crea un nuovo livello quindi rinomina &#8220;dipingere&#8221; (in minuscolo). <\/span><span style=\"vertical-align: inherit;\">Quindi seleziona un pennello e dipingi la tua immagine. <\/span><span style=\"vertical-align: inherit;\">Chiudi l&#8217;occhio del livello &#8220;vernice&#8221; e mantieni la selezione del livello &#8220;vernice&#8221;, quindi fai clic sul pulsante Riproduci azione.<\/span><\/span><\/p>\n<p><span style=\"vertical-align: inherit;\"><span style=\"vertical-align: inherit;\">Il file include:<\/span><\/span><\/p>\n<p><span style=\"vertical-align: inherit;\"><span style=\"vertical-align: inherit;\">&#8211; I file ATN includono (File azione Photoshop) <\/span><\/span><br \/>\n<span style=\"vertical-align: inherit;\"><span style=\"vertical-align: inherit;\">&#8211; File pennello <\/span><\/span><br \/>\n<span style=\"vertical-align: inherit;\"><span style=\"vertical-align: inherit;\">&#8211; 3 Aspetto effetto <\/span><\/span><br \/>\n<span style=\"vertical-align: inherit;\"><span style=\"vertical-align: inherit;\">&#8211; 10 Opzioni colore <\/span><\/span><br \/>\n<span style=\"vertical-align: inherit;\"><span style=\"vertical-align: inherit;\">&#8211; Collegamento video tutorial nel file della guida <\/span><\/span><br \/>\n<span style=\"vertical-align: inherit;\"><span style=\"vertical-align: inherit;\">&#8211; File guida <\/span><\/span><br \/>\n<span style=\"vertical-align: inherit;\"><span style=\"vertical-align: inherit;\">&#8211; File guida PDF <\/span><\/span><br \/>\n<span style=\"vertical-align: inherit;\"><span style=\"vertical-align: inherit;\">&#8211; Opzione mascheratura <\/span><\/span><br \/>\n<span style=\"vertical-align: inherit;\"><span style=\"vertical-align: inherit;\">&#8211; Lavora su ogni foto. <\/span><\/span><br \/>\n<span style=\"vertical-align: inherit;\"><span style=\"vertical-align: inherit;\">&#8211; Risultato di alta qualit\u00e0. <\/span><\/span><br \/>\n<span style=\"vertical-align: inherit;\"><span style=\"vertical-align: inherit;\">&#8211; Facile personalizzabile <\/span><\/span><br \/>\n<span style=\"vertical-align: inherit;\"><span style=\"vertical-align: inherit;\">&#8211; Organizza i livelli <\/span><\/span><br \/>\n<span style=\"vertical-align: inherit;\"><span style=\"vertical-align: inherit;\">&#8211; Facile installazione <\/span><\/span><br \/>\n<span style=\"vertical-align: inherit;\"><span style=\"vertical-align: inherit;\">&#8211; Guida per l&#8217;utente <\/span><\/span><br \/>\n<span style=\"vertical-align: inherit;\"><span style=\"vertical-align: inherit;\">&#8211; Facile da usare <\/span><\/span><br \/>\n<span style=\"vertical-align: inherit;\"><span style=\"vertical-align: inherit;\">&#8211; Non \u00e8 necessaria alcuna abilit\u00e0 di Photoshop<\/span><\/span><\/p>","protected":false},"excerpt":{"rendered":"<p>Azione di Photoshop degli animali dell&#8217;acquerello Questa azione di Photoshop per animali ad acquerello \u00e8 perfetta per fotografi e designer. Migliora e aggiunge pi\u00f9 bellezza alle immagini. Ti aiuter\u00e0 a stupire le tue immagini per creare look unici e fantastici. Questo set contiene 3 effetti e 10 opzioni di colore. Quando apri l&#8217;occhio invisibile. Questa [&hellip;]<\/p>\n","protected":false},"featured_media":19410,"comment_status":"open","ping_status":"closed","template":"","meta":{"site-sidebar-layout":"default","site-content-layout":"default","ast-site-content-layout":"default","site-content-style":"default","site-sidebar-style":"default","ast-global-header-display":"","ast-banner-title-visibility":"","ast-main-header-display":"","ast-hfb-above-header-display":"","ast-hfb-below-header-display":"","ast-hfb-mobile-header-display":"","site-post-title":"","ast-breadcrumbs-content":"","ast-featured-img":"","footer-sml-layout":"","ast-disable-related-posts":"","theme-transparent-header-meta":"default","adv-header-id-meta":"","stick-header-meta":"","header-above-stick-meta":"","header-main-stick-meta":"","header-below-stick-meta":"","astra-migrate-meta-layouts":"default","ast-page-background-enabled":"default","ast-page-background-meta":{"desktop":{"background-color":"","background-image":"","background-repeat":"repeat","background-position":"center center","background-size":"auto","background-attachment":"scroll","background-type":"","background-media":"","overlay-type":"","overlay-color":"","overlay-opacity":"","overlay-gradient":""},"tablet":{"background-color":"","background-image":"","background-repeat":"repeat","background-position":"center center","background-size":"auto","background-attachment":"scroll","background-type":"","background-media":"","overlay-type":"","overlay-color":"","overlay-opacity":"","overlay-gradient":""},"mobile":{"background-color":"","background-image":"","background-repeat":"repeat","background-position":"center center","background-size":"auto","background-attachment":"scroll","background-type":"","background-media":"","overlay-type":"","overlay-color":"","overlay-opacity":"","overlay-gradient":""}},"ast-content-background-meta":{"desktop":{"background-color":"var(--ast-global-color-5)","background-image":"","background-repeat":"repeat","background-position":"center center","background-size":"auto","background-attachment":"scroll","background-type":"","background-media":"","overlay-type":"","overlay-color":"","overlay-opacity":"","overlay-gradient":""},"tablet":{"background-color":"var(--ast-global-color-5)","background-image":"","background-repeat":"repeat","background-position":"center center","background-size":"auto","background-attachment":"scroll","background-type":"","background-media":"","overlay-type":"","overlay-color":"","overlay-opacity":"","overlay-gradient":""},"mobile":{"background-color":"var(--ast-global-color-5)","background-image":"","background-repeat":"repeat","background-position":"center center","background-size":"auto","background-attachment":"scroll","background-type":"","background-media":"","overlay-type":"","overlay-color":"","overlay-opacity":"","overlay-gradient":""}}},"product_brand":[],"product_cat":[196,97,195,146],"product_tag":[292,423,62,1799],"class_list":{"0":"post-19408","1":"product","2":"type-product","3":"status-publish","4":"has-post-thumbnail","6":"product_cat-actions","7":"product_cat-addons","8":"product_cat-photoshop","9":"product_cat-photoshop-action","10":"product_tag-action","11":"product_tag-addons","12":"product_tag-photoshop","13":"product_tag-photoshop-action","14":"desktop-align-left","15":"tablet-align-left","16":"mobile-align-left","18":"first","19":"instock","20":"sale","21":"downloadable","22":"virtual","23":"taxable","24":"purchasable","25":"product-type-simple"},"yoast_head":"<!-- This site is optimized with the Yoast SEO plugin v27.3 - https:\/\/yoast.com\/product\/yoast-seo-wordpress\/ -->\n<title>Watercolor Animals Photoshop Action - Graphimarket<\/title>\n<meta name=\"description\" content=\"Watercolor Animals Photoshop Action This Watercolor Animals Photoshop Action is perfect for photographers and designers. It\u2019s enhancing and...\" \/>\n<meta name=\"robots\" content=\"index, follow, max-snippet:-1, max-image-preview:large, max-video-preview:-1\" \/>\n<link rel=\"canonical\" href=\"https:\/\/graphimarket.com\/ja\/product\/watercolor-animals-photoshop-action\/\" \/>\n<meta property=\"og:locale\" content=\"ja_JP\" \/>\n<meta property=\"og:type\" content=\"article\" \/>\n<meta property=\"og:title\" content=\"Watercolor Animals Photoshop Action - Graphimarket\" \/>\n<meta property=\"og:description\" content=\"Watercolor Animals Photoshop Action This Watercolor Animals Photoshop Action is perfect for photographers and designers. It\u2019s enhancing and...\" \/>\n<meta property=\"og:url\" content=\"https:\/\/graphimarket.com\/ja\/product\/watercolor-animals-photoshop-action\/\" \/>\n<meta property=\"og:site_name\" content=\"Graphimarket\" \/>\n<meta property=\"article:modified_time\" content=\"2026-04-08T20:55:16+00:00\" \/>\n<meta property=\"og:image\" content=\"https:\/\/graphimarket.com\/wp-content\/uploads\/2022\/12\/Preview2.png\" \/>\n\t<meta property=\"og:image:width\" content=\"590\" \/>\n\t<meta property=\"og:image:height\" content=\"390\" \/>\n\t<meta property=\"og:image:type\" content=\"image\/png\" \/>\n<meta name=\"twitter:card\" content=\"summary_large_image\" \/>\n<meta name=\"twitter:label1\" content=\"Est. reading time\" \/>\n\t<meta name=\"twitter:data1\" content=\"1 minute\" \/>\n<script type=\"application\/ld+json\" class=\"yoast-schema-graph\">{\"@context\":\"https:\\\/\\\/schema.org\",\"@graph\":[{\"@type\":\"WebPage\",\"@id\":\"https:\\\/\\\/graphimarket.com\\\/en\\\/product\\\/watercolor-animals-photoshop-action\\\/\",\"url\":\"https:\\\/\\\/graphimarket.com\\\/en\\\/product\\\/watercolor-animals-photoshop-action\\\/\",\"name\":\"Watercolor Animals Photoshop Action - Graphimarket\",\"isPartOf\":{\"@id\":\"https:\\\/\\\/graphimarket.com\\\/fr\\\/#website\"},\"primaryImageOfPage\":{\"@id\":\"https:\\\/\\\/graphimarket.com\\\/en\\\/product\\\/watercolor-animals-photoshop-action\\\/#primaryimage\"},\"image\":{\"@id\":\"https:\\\/\\\/graphimarket.com\\\/en\\\/product\\\/watercolor-animals-photoshop-action\\\/#primaryimage\"},\"thumbnailUrl\":\"https:\\\/\\\/graphimarket.com\\\/wp-content\\\/uploads\\\/2022\\\/12\\\/Preview2.png\",\"datePublished\":\"2022-12-03T20:57:04+00:00\",\"dateModified\":\"2026-04-08T20:55:16+00:00\",\"description\":\"Watercolor Animals Photoshop Action This Watercolor Animals Photoshop Action is perfect for photographers and designers. It\u2019s enhancing and...\",\"breadcrumb\":{\"@id\":\"https:\\\/\\\/graphimarket.com\\\/en\\\/product\\\/watercolor-animals-photoshop-action\\\/#breadcrumb\"},\"inLanguage\":\"ja\",\"potentialAction\":[{\"@type\":\"ReadAction\",\"target\":[\"https:\\\/\\\/graphimarket.com\\\/en\\\/product\\\/watercolor-animals-photoshop-action\\\/\"]}]},{\"@type\":\"ImageObject\",\"inLanguage\":\"ja\",\"@id\":\"https:\\\/\\\/graphimarket.com\\\/en\\\/product\\\/watercolor-animals-photoshop-action\\\/#primaryimage\",\"url\":\"https:\\\/\\\/graphimarket.com\\\/wp-content\\\/uploads\\\/2022\\\/12\\\/Preview2.png\",\"contentUrl\":\"https:\\\/\\\/graphimarket.com\\\/wp-content\\\/uploads\\\/2022\\\/12\\\/Preview2.png\",\"width\":590,\"height\":390},{\"@type\":\"BreadcrumbList\",\"@id\":\"https:\\\/\\\/graphimarket.com\\\/en\\\/product\\\/watercolor-animals-photoshop-action\\\/#breadcrumb\",\"itemListElement\":[{\"@type\":\"ListItem\",\"position\":1,\"name\":\"Home\",\"item\":\"https:\\\/\\\/graphimarket.com\\\/es\\\/\"},{\"@type\":\"ListItem\",\"position\":2,\"name\":\"Store\",\"item\":\"https:\\\/\\\/graphimarket.com\\\/store\\\/\"},{\"@type\":\"ListItem\",\"position\":3,\"name\":\"Watercolor Animals Photoshop Action\"}]},{\"@type\":\"WebSite\",\"@id\":\"https:\\\/\\\/graphimarket.com\\\/fr\\\/#website\",\"url\":\"https:\\\/\\\/graphimarket.com\\\/fr\\\/\",\"name\":\"Graphimarket\",\"description\":\"Find the perfect creative asset to bring your project to life\",\"publisher\":{\"@id\":\"https:\\\/\\\/graphimarket.com\\\/fr\\\/#organization\"},\"potentialAction\":[{\"@type\":\"SearchAction\",\"target\":{\"@type\":\"EntryPoint\",\"urlTemplate\":\"https:\\\/\\\/graphimarket.com\\\/fr\\\/?s={search_term_string}\"},\"query-input\":{\"@type\":\"PropertyValueSpecification\",\"valueRequired\":true,\"valueName\":\"search_term_string\"}}],\"inLanguage\":\"ja\"},{\"@type\":\"Organization\",\"@id\":\"https:\\\/\\\/graphimarket.com\\\/fr\\\/#organization\",\"name\":\"Graphimarket\",\"url\":\"https:\\\/\\\/graphimarket.com\\\/fr\\\/\",\"logo\":{\"@type\":\"ImageObject\",\"inLanguage\":\"ja\",\"@id\":\"https:\\\/\\\/graphimarket.com\\\/fr\\\/#\\\/schema\\\/logo\\\/image\\\/\",\"url\":\"https:\\\/\\\/graphimarket.com\\\/wp-content\\\/uploads\\\/2020\\\/08\\\/logo-48.png\",\"contentUrl\":\"https:\\\/\\\/graphimarket.com\\\/wp-content\\\/uploads\\\/2020\\\/08\\\/logo-48.png\",\"width\":132,\"height\":48,\"caption\":\"Graphimarket\"},\"image\":{\"@id\":\"https:\\\/\\\/graphimarket.com\\\/fr\\\/#\\\/schema\\\/logo\\\/image\\\/\"}}]}<\/script>\n<!-- \/ Yoast SEO plugin. -->","yoast_head_json":{"title":"Watercolor Animals Photoshop Action - Graphimarket","description":"Watercolor Animals Photoshop Action This Watercolor Animals Photoshop Action is perfect for photographers and designers. It\u2019s enhancing and...","robots":{"index":"index","follow":"follow","max-snippet":"max-snippet:-1","max-image-preview":"max-image-preview:large","max-video-preview":"max-video-preview:-1"},"canonical":"https:\/\/graphimarket.com\/ja\/product\/watercolor-animals-photoshop-action\/","og_locale":"ja_JP","og_type":"article","og_title":"Watercolor Animals Photoshop Action - Graphimarket","og_description":"Watercolor Animals Photoshop Action This Watercolor Animals Photoshop Action is perfect for photographers and designers. It\u2019s enhancing and...","og_url":"https:\/\/graphimarket.com\/ja\/product\/watercolor-animals-photoshop-action\/","og_site_name":"Graphimarket","article_modified_time":"2026-04-08T20:55:16+00:00","og_image":[{"width":590,"height":390,"url":"https:\/\/graphimarket.com\/wp-content\/uploads\/2022\/12\/Preview2.png","type":"image\/png"}],"twitter_card":"summary_large_image","twitter_misc":{"Est. reading time":"1 minute"},"schema":{"@context":"https:\/\/schema.org","@graph":[{"@type":"WebPage","@id":"https:\/\/graphimarket.com\/en\/product\/watercolor-animals-photoshop-action\/","url":"https:\/\/graphimarket.com\/en\/product\/watercolor-animals-photoshop-action\/","name":"Watercolor Animals Photoshop Action - Graphimarket","isPartOf":{"@id":"https:\/\/graphimarket.com\/fr\/#website"},"primaryImageOfPage":{"@id":"https:\/\/graphimarket.com\/en\/product\/watercolor-animals-photoshop-action\/#primaryimage"},"image":{"@id":"https:\/\/graphimarket.com\/en\/product\/watercolor-animals-photoshop-action\/#primaryimage"},"thumbnailUrl":"https:\/\/graphimarket.com\/wp-content\/uploads\/2022\/12\/Preview2.png","datePublished":"2022-12-03T20:57:04+00:00","dateModified":"2026-04-08T20:55:16+00:00","description":"Watercolor Animals Photoshop Action This Watercolor Animals Photoshop Action is perfect for photographers and designers. It\u2019s enhancing and...","breadcrumb":{"@id":"https:\/\/graphimarket.com\/en\/product\/watercolor-animals-photoshop-action\/#breadcrumb"},"inLanguage":"ja","potentialAction":[{"@type":"ReadAction","target":["https:\/\/graphimarket.com\/en\/product\/watercolor-animals-photoshop-action\/"]}]},{"@type":"ImageObject","inLanguage":"ja","@id":"https:\/\/graphimarket.com\/en\/product\/watercolor-animals-photoshop-action\/#primaryimage","url":"https:\/\/graphimarket.com\/wp-content\/uploads\/2022\/12\/Preview2.png","contentUrl":"https:\/\/graphimarket.com\/wp-content\/uploads\/2022\/12\/Preview2.png","width":590,"height":390},{"@type":"BreadcrumbList","@id":"https:\/\/graphimarket.com\/en\/product\/watercolor-animals-photoshop-action\/#breadcrumb","itemListElement":[{"@type":"ListItem","position":1,"name":"Home","item":"https:\/\/graphimarket.com\/es\/"},{"@type":"ListItem","position":2,"name":"Store","item":"https:\/\/graphimarket.com\/store\/"},{"@type":"ListItem","position":3,"name":"Watercolor Animals Photoshop Action"}]},{"@type":"WebSite","@id":"https:\/\/graphimarket.com\/fr\/#website","url":"https:\/\/graphimarket.com\/fr\/","name":"\u30b0\u30e9\u30d5\u30a3\u30de\u30fc\u30b1\u30c3\u30c8","description":"\u30d7\u30ed\u30b8\u30a7\u30af\u30c8\u3092\u5b9f\u73fe\u3059\u308b\u306e\u306b\u6700\u9069\u306a\u30af\u30ea\u30a8\u30a4\u30c6\u30a3\u30d6\u30a2\u30bb\u30c3\u30c8\u3092\u898b\u3064\u3051\u307e\u3057\u3087\u3046","publisher":{"@id":"https:\/\/graphimarket.com\/fr\/#organization"},"potentialAction":[{"@type":"SearchAction","target":{"@type":"EntryPoint","urlTemplate":"https:\/\/graphimarket.com\/fr\/?s={search_term_string}"},"query-input":{"@type":"PropertyValueSpecification","valueRequired":true,"valueName":"search_term_string"}}],"inLanguage":"ja"},{"@type":"Organization","@id":"https:\/\/graphimarket.com\/fr\/#organization","name":"\u30b0\u30e9\u30d5\u30a3\u30de\u30fc\u30b1\u30c3\u30c8","url":"https:\/\/graphimarket.com\/fr\/","logo":{"@type":"ImageObject","inLanguage":"ja","@id":"https:\/\/graphimarket.com\/fr\/#\/schema\/logo\/image\/","url":"https:\/\/graphimarket.com\/wp-content\/uploads\/2020\/08\/logo-48.png","contentUrl":"https:\/\/graphimarket.com\/wp-content\/uploads\/2020\/08\/logo-48.png","width":132,"height":48,"caption":"Graphimarket"},"image":{"@id":"https:\/\/graphimarket.com\/fr\/#\/schema\/logo\/image\/"}}]}},"_links":{"self":[{"href":"https:\/\/graphimarket.com\/ja\/wp-json\/wp\/v2\/product\/19408","targetHints":{"allow":["GET"]}}],"collection":[{"href":"https:\/\/graphimarket.com\/ja\/wp-json\/wp\/v2\/product"}],"about":[{"href":"https:\/\/graphimarket.com\/ja\/wp-json\/wp\/v2\/types\/product"}],"replies":[{"embeddable":true,"href":"https:\/\/graphimarket.com\/ja\/wp-json\/wp\/v2\/comments?post=19408"}],"version-history":[{"count":0,"href":"https:\/\/graphimarket.com\/ja\/wp-json\/wp\/v2\/product\/19408\/revisions"}],"wp:featuredmedia":[{"embeddable":true,"href":"https:\/\/graphimarket.com\/ja\/wp-json\/wp\/v2\/media\/19410"}],"wp:attachment":[{"href":"https:\/\/graphimarket.com\/ja\/wp-json\/wp\/v2\/media?parent=19408"}],"wp:term":[{"taxonomy":"product_brand","embeddable":true,"href":"https:\/\/graphimarket.com\/ja\/wp-json\/wp\/v2\/product_brand?post=19408"},{"taxonomy":"product_cat","embeddable":true,"href":"https:\/\/graphimarket.com\/ja\/wp-json\/wp\/v2\/product_cat?post=19408"},{"taxonomy":"product_tag","embeddable":true,"href":"https:\/\/graphimarket.com\/ja\/wp-json\/wp\/v2\/product_tag?post=19408"}],"curies":[{"name":"wp","href":"https:\/\/api.w.org\/{rel}","templated":true}]}}