{"id":10561,"date":"2020-09-18T15:22:39","date_gmt":"2020-09-18T13:22:39","guid":{"rendered":"https:\/\/graphimarket.com\/?post_type=product&#038;p=10561"},"modified":"2022-12-19T10:13:03","modified_gmt":"2022-12-19T09:13:03","slug":"beauty-life-romantic-handwritten-script","status":"publish","type":"product","link":"https:\/\/graphimarket.com\/pt\/product\/beauty-life-romantic-handwritten-script\/","title":{"rendered":"Beauty Life - Roteiro Rom\u00e2ntico Escrito \u00e0 M\u00e3o"},"content":{"rendered":"<div class=\"_2Masz2rr\">\n<p>Are you looking for a simple and romantic handwriting font? We can help! Try to download our Beauty Life font. The font is suitable to use for all all purpose. Try to use it on Wedding invitation, greeting card, poster, quotes, postcard, photography, branding, editorial, and signature to see the best of it \ud83d\ude42<\/p>\n<p><strong>O que est\u00e1 inclu\u00eddo :<\/strong><\/p>\n<ul>\n<li>Beauty Life Handwritten OTF<\/li>\n<li>Beauty Life Handwritten TTF<\/li>\n<li>Beauty Life Handwritten WOFF<\/li>\n<li>Basic Latin A-Z and a-z<\/li>\n<li>International Character<\/li>\n<li>N\u00fameros<\/li>\n<li>Pontua\u00e7\u00e3o<\/li>\n<li>Easy Installation<\/li>\n<\/ul>\n<p>Obrigado!<\/p>\n<\/div>\n<p>&nbsp;<\/p>\n<p><img fetchpriority=\"high\" decoding=\"async\" class=\"aligncenter wp-image-10562 size-full\" src=\"https:\/\/graphimarket.com\/wp-content\/uploads\/2020\/09\/22e917be-d438-469d-8732-1246bd16a5f4.jpg\" alt=\"\" width=\"1170\" height=\"780\" srcset=\"https:\/\/graphimarket.com\/wp-content\/uploads\/2020\/09\/22e917be-d438-469d-8732-1246bd16a5f4.jpg 1170w, https:\/\/graphimarket.com\/wp-content\/uploads\/2020\/09\/22e917be-d438-469d-8732-1246bd16a5f4-300x200.jpg 300w, https:\/\/graphimarket.com\/wp-content\/uploads\/2020\/09\/22e917be-d438-469d-8732-1246bd16a5f4-1024x683.jpg 1024w, https:\/\/graphimarket.com\/wp-content\/uploads\/2020\/09\/22e917be-d438-469d-8732-1246bd16a5f4-768x512.jpg 768w, https:\/\/graphimarket.com\/wp-content\/uploads\/2020\/09\/22e917be-d438-469d-8732-1246bd16a5f4-600x400.jpg 600w\" sizes=\"(max-width: 1170px) 100vw, 1170px\" \/> <img decoding=\"async\" class=\"aligncenter wp-image-10563 size-full\" src=\"https:\/\/graphimarket.com\/wp-content\/uploads\/2020\/09\/665294bb-3a3e-43c1-890c-9f51477fd415.jpg\" alt=\"\" width=\"1170\" height=\"780\" srcset=\"https:\/\/graphimarket.com\/wp-content\/uploads\/2020\/09\/665294bb-3a3e-43c1-890c-9f51477fd415.jpg 1170w, https:\/\/graphimarket.com\/wp-content\/uploads\/2020\/09\/665294bb-3a3e-43c1-890c-9f51477fd415-300x200.jpg 300w, https:\/\/graphimarket.com\/wp-content\/uploads\/2020\/09\/665294bb-3a3e-43c1-890c-9f51477fd415-1024x683.jpg 1024w, https:\/\/graphimarket.com\/wp-content\/uploads\/2020\/09\/665294bb-3a3e-43c1-890c-9f51477fd415-768x512.jpg 768w, https:\/\/graphimarket.com\/wp-content\/uploads\/2020\/09\/665294bb-3a3e-43c1-890c-9f51477fd415-600x400.jpg 600w\" sizes=\"(max-width: 1170px) 100vw, 1170px\" \/> <img decoding=\"async\" class=\"aligncenter wp-image-10564 size-full\" src=\"https:\/\/graphimarket.com\/wp-content\/uploads\/2020\/09\/e19871c8-58eb-47c0-b2bf-4323eb76db5b.jpg\" alt=\"\" width=\"1170\" height=\"780\" srcset=\"https:\/\/graphimarket.com\/wp-content\/uploads\/2020\/09\/e19871c8-58eb-47c0-b2bf-4323eb76db5b.jpg 1170w, https:\/\/graphimarket.com\/wp-content\/uploads\/2020\/09\/e19871c8-58eb-47c0-b2bf-4323eb76db5b-300x200.jpg 300w, https:\/\/graphimarket.com\/wp-content\/uploads\/2020\/09\/e19871c8-58eb-47c0-b2bf-4323eb76db5b-1024x683.jpg 1024w, https:\/\/graphimarket.com\/wp-content\/uploads\/2020\/09\/e19871c8-58eb-47c0-b2bf-4323eb76db5b-768x512.jpg 768w, https:\/\/graphimarket.com\/wp-content\/uploads\/2020\/09\/e19871c8-58eb-47c0-b2bf-4323eb76db5b-600x400.jpg 600w\" sizes=\"(max-width: 1170px) 100vw, 1170px\" \/> <img loading=\"lazy\" decoding=\"async\" class=\"aligncenter wp-image-10565 size-full\" src=\"https:\/\/graphimarket.com\/wp-content\/uploads\/2020\/09\/e931182f-4728-4b9b-829f-2da8cb91e513.jpg\" alt=\"\" width=\"1170\" height=\"780\" srcset=\"https:\/\/graphimarket.com\/wp-content\/uploads\/2020\/09\/e931182f-4728-4b9b-829f-2da8cb91e513.jpg 1170w, https:\/\/graphimarket.com\/wp-content\/uploads\/2020\/09\/e931182f-4728-4b9b-829f-2da8cb91e513-300x200.jpg 300w, https:\/\/graphimarket.com\/wp-content\/uploads\/2020\/09\/e931182f-4728-4b9b-829f-2da8cb91e513-1024x683.jpg 1024w, https:\/\/graphimarket.com\/wp-content\/uploads\/2020\/09\/e931182f-4728-4b9b-829f-2da8cb91e513-768x512.jpg 768w, https:\/\/graphimarket.com\/wp-content\/uploads\/2020\/09\/e931182f-4728-4b9b-829f-2da8cb91e513-600x400.jpg 600w\" sizes=\"(max-width: 1170px) 100vw, 1170px\" \/> <img loading=\"lazy\" decoding=\"async\" class=\"aligncenter wp-image-10566 size-full\" src=\"https:\/\/graphimarket.com\/wp-content\/uploads\/2020\/09\/d9aa9cbd-875b-4f9b-9ed6-d335b82865cb.jpg\" alt=\"\" width=\"1019\" height=\"679\" srcset=\"https:\/\/graphimarket.com\/wp-content\/uploads\/2020\/09\/d9aa9cbd-875b-4f9b-9ed6-d335b82865cb.jpg 1019w, https:\/\/graphimarket.com\/wp-content\/uploads\/2020\/09\/d9aa9cbd-875b-4f9b-9ed6-d335b82865cb-300x200.jpg 300w, https:\/\/graphimarket.com\/wp-content\/uploads\/2020\/09\/d9aa9cbd-875b-4f9b-9ed6-d335b82865cb-768x512.jpg 768w, https:\/\/graphimarket.com\/wp-content\/uploads\/2020\/09\/d9aa9cbd-875b-4f9b-9ed6-d335b82865cb-600x400.jpg 600w\" sizes=\"(max-width: 1019px) 100vw, 1019px\" \/> <img loading=\"lazy\" decoding=\"async\" class=\"aligncenter wp-image-10567 size-full\" src=\"https:\/\/graphimarket.com\/wp-content\/uploads\/2020\/09\/6e400e1b-928f-4e4f-9361-0f0990a27222.jpg\" alt=\"\" width=\"1170\" height=\"780\" srcset=\"https:\/\/graphimarket.com\/wp-content\/uploads\/2020\/09\/6e400e1b-928f-4e4f-9361-0f0990a27222.jpg 1170w, https:\/\/graphimarket.com\/wp-content\/uploads\/2020\/09\/6e400e1b-928f-4e4f-9361-0f0990a27222-300x200.jpg 300w, https:\/\/graphimarket.com\/wp-content\/uploads\/2020\/09\/6e400e1b-928f-4e4f-9361-0f0990a27222-1024x683.jpg 1024w, https:\/\/graphimarket.com\/wp-content\/uploads\/2020\/09\/6e400e1b-928f-4e4f-9361-0f0990a27222-768x512.jpg 768w, https:\/\/graphimarket.com\/wp-content\/uploads\/2020\/09\/6e400e1b-928f-4e4f-9361-0f0990a27222-600x400.jpg 600w\" sizes=\"(max-width: 1170px) 100vw, 1170px\" \/><\/p>\n<div class=\"_3YqMOf9R\">\n<div class=\"_3KAa4-GZ frEFeDSS\"><\/div>\n<\/div>","protected":false},"excerpt":{"rendered":"<p>Are you looking for a simple and romantic handwriting font? We can help! Try to download our Beauty Life font. The font is suitable to use for all all purpose. Try to use it on Wedding invitation, greeting card, poster, quotes, postcard, photography, branding, editorial, and signature to see the best of it \ud83d\ude42 What\u2019s [&hellip;]<\/p>\n","protected":false},"featured_media":10566,"comment_status":"open","ping_status":"closed","template":"","meta":{"site-sidebar-layout":"default","site-content-layout":"default","ast-site-content-layout":"default","site-content-style":"default","site-sidebar-style":"default","ast-global-header-display":"","ast-banner-title-visibility":"","ast-main-header-display":"","ast-hfb-above-header-display":"","ast-hfb-below-header-display":"","ast-hfb-mobile-header-display":"","site-post-title":"","ast-breadcrumbs-content":"","ast-featured-img":"","footer-sml-layout":"","ast-disable-related-posts":"","theme-transparent-header-meta":"default","adv-header-id-meta":"","stick-header-meta":"","header-above-stick-meta":"","header-main-stick-meta":"","header-below-stick-meta":"","astra-migrate-meta-layouts":"default","ast-page-background-enabled":"default","ast-page-background-meta":{"desktop":{"background-color":"","background-image":"","background-repeat":"repeat","background-position":"center center","background-size":"auto","background-attachment":"scroll","background-type":"","background-media":"","overlay-type":"","overlay-color":"","overlay-opacity":"","overlay-gradient":""},"tablet":{"background-color":"","background-image":"","background-repeat":"repeat","background-position":"center center","background-size":"auto","background-attachment":"scroll","background-type":"","background-media":"","overlay-type":"","overlay-color":"","overlay-opacity":"","overlay-gradient":""},"mobile":{"background-color":"","background-image":"","background-repeat":"repeat","background-position":"center center","background-size":"auto","background-attachment":"scroll","background-type":"","background-media":"","overlay-type":"","overlay-color":"","overlay-opacity":"","overlay-gradient":""}},"ast-content-background-meta":{"desktop":{"background-color":"var(--ast-global-color-5)","background-image":"","background-repeat":"repeat","background-position":"center center","background-size":"auto","background-attachment":"scroll","background-type":"","background-media":"","overlay-type":"","overlay-color":"","overlay-opacity":"","overlay-gradient":""},"tablet":{"background-color":"var(--ast-global-color-5)","background-image":"","background-repeat":"repeat","background-position":"center center","background-size":"auto","background-attachment":"scroll","background-type":"","background-media":"","overlay-type":"","overlay-color":"","overlay-opacity":"","overlay-gradient":""},"mobile":{"background-color":"var(--ast-global-color-5)","background-image":"","background-repeat":"repeat","background-position":"center center","background-size":"auto","background-attachment":"scroll","background-type":"","background-media":"","overlay-type":"","overlay-color":"","overlay-opacity":"","overlay-gradient":""}}},"product_brand":[],"product_cat":[187],"product_tag":[702,734,1063,322,1102,1106,1099,1085,1105,1073,1101,1104,298,1103,326],"class_list":{"0":"post-10561","1":"product","2":"type-product","3":"status-publish","4":"has-post-thumbnail","6":"product_cat-fonts","7":"product_tag-branding","8":"product_tag-card","9":"product_tag-elegant","10":"product_tag-fashion","11":"product_tag-freedom","12":"product_tag-greeting","13":"product_tag-handwritten","14":"product_tag-invitation","15":"product_tag-romantic","16":"product_tag-script","17":"product_tag-signature","18":"product_tag-summer","19":"product_tag-typography","20":"product_tag-vitange","21":"product_tag-wedding","22":"desktop-align-left","23":"tablet-align-left","24":"mobile-align-left","26":"first","27":"instock","28":"downloadable","29":"virtual","30":"taxable","31":"purchasable","32":"product-type-simple"},"yoast_head":"<!-- This site is optimized with the Yoast SEO plugin v27.3 - https:\/\/yoast.com\/product\/yoast-seo-wordpress\/ -->\n<title>Beauty Life - Romantic Handwritten Script - Graphimarket<\/title>\n<meta name=\"description\" content=\"Are you looking for a simple and romantic handwriting font? We can help! Try to download our Beauty Life font. The font...\" \/>\n<meta name=\"robots\" content=\"index, follow, max-snippet:-1, max-image-preview:large, max-video-preview:-1\" \/>\n<link rel=\"canonical\" href=\"https:\/\/graphimarket.com\/pt\/product\/beauty-life-romantic-handwritten-script\/\" \/>\n<meta property=\"og:locale\" content=\"pt_PT\" \/>\n<meta property=\"og:type\" content=\"article\" \/>\n<meta property=\"og:title\" content=\"Beauty Life - Romantic Handwritten Script - Graphimarket\" \/>\n<meta property=\"og:description\" content=\"Are you looking for a simple and romantic handwriting font? We can help! Try to download our Beauty Life font. The font...\" \/>\n<meta property=\"og:url\" content=\"https:\/\/graphimarket.com\/pt\/product\/beauty-life-romantic-handwritten-script\/\" \/>\n<meta property=\"og:site_name\" content=\"Graphimarket\" \/>\n<meta property=\"article:modified_time\" content=\"2022-12-19T09:13:03+00:00\" \/>\n<meta property=\"og:image\" content=\"https:\/\/graphimarket.com\/wp-content\/uploads\/2020\/09\/d9aa9cbd-875b-4f9b-9ed6-d335b82865cb.jpg\" \/>\n\t<meta property=\"og:image:width\" content=\"1019\" \/>\n\t<meta property=\"og:image:height\" content=\"679\" \/>\n\t<meta property=\"og:image:type\" content=\"image\/jpeg\" \/>\n<meta name=\"twitter:card\" content=\"summary_large_image\" \/>\n<script type=\"application\/ld+json\" class=\"yoast-schema-graph\">{\"@context\":\"https:\\\/\\\/schema.org\",\"@graph\":[{\"@type\":\"WebPage\",\"@id\":\"https:\\\/\\\/graphimarket.com\\\/product\\\/beauty-life-romantic-handwritten-script\\\/\",\"url\":\"https:\\\/\\\/graphimarket.com\\\/product\\\/beauty-life-romantic-handwritten-script\\\/\",\"name\":\"Beauty Life - Romantic Handwritten Script - Graphimarket\",\"isPartOf\":{\"@id\":\"https:\\\/\\\/graphimarket.com\\\/fr\\\/#website\"},\"primaryImageOfPage\":{\"@id\":\"https:\\\/\\\/graphimarket.com\\\/product\\\/beauty-life-romantic-handwritten-script\\\/#primaryimage\"},\"image\":{\"@id\":\"https:\\\/\\\/graphimarket.com\\\/product\\\/beauty-life-romantic-handwritten-script\\\/#primaryimage\"},\"thumbnailUrl\":\"https:\\\/\\\/graphimarket.com\\\/wp-content\\\/uploads\\\/2020\\\/09\\\/d9aa9cbd-875b-4f9b-9ed6-d335b82865cb.jpg\",\"datePublished\":\"2020-09-18T13:22:39+00:00\",\"dateModified\":\"2022-12-19T09:13:03+00:00\",\"description\":\"Are you looking for a simple and romantic handwriting font? We can help! Try to download our Beauty Life font. The font...\",\"breadcrumb\":{\"@id\":\"https:\\\/\\\/graphimarket.com\\\/product\\\/beauty-life-romantic-handwritten-script\\\/#breadcrumb\"},\"inLanguage\":\"pt-PT\",\"potentialAction\":[{\"@type\":\"ReadAction\",\"target\":[\"https:\\\/\\\/graphimarket.com\\\/product\\\/beauty-life-romantic-handwritten-script\\\/\"]}]},{\"@type\":\"ImageObject\",\"inLanguage\":\"pt-PT\",\"@id\":\"https:\\\/\\\/graphimarket.com\\\/product\\\/beauty-life-romantic-handwritten-script\\\/#primaryimage\",\"url\":\"https:\\\/\\\/graphimarket.com\\\/wp-content\\\/uploads\\\/2020\\\/09\\\/d9aa9cbd-875b-4f9b-9ed6-d335b82865cb.jpg\",\"contentUrl\":\"https:\\\/\\\/graphimarket.com\\\/wp-content\\\/uploads\\\/2020\\\/09\\\/d9aa9cbd-875b-4f9b-9ed6-d335b82865cb.jpg\",\"width\":1019,\"height\":679},{\"@type\":\"BreadcrumbList\",\"@id\":\"https:\\\/\\\/graphimarket.com\\\/product\\\/beauty-life-romantic-handwritten-script\\\/#breadcrumb\",\"itemListElement\":[{\"@type\":\"ListItem\",\"position\":1,\"name\":\"Home\",\"item\":\"https:\\\/\\\/graphimarket.com\\\/es\\\/\"},{\"@type\":\"ListItem\",\"position\":2,\"name\":\"Store\",\"item\":\"https:\\\/\\\/graphimarket.com\\\/store\\\/\"},{\"@type\":\"ListItem\",\"position\":3,\"name\":\"Beauty Life &#8211; Romantic Handwritten Script\"}]},{\"@type\":\"WebSite\",\"@id\":\"https:\\\/\\\/graphimarket.com\\\/fr\\\/#website\",\"url\":\"https:\\\/\\\/graphimarket.com\\\/fr\\\/\",\"name\":\"Graphimarket\",\"description\":\"Find the perfect creative asset to bring your project to life\",\"publisher\":{\"@id\":\"https:\\\/\\\/graphimarket.com\\\/fr\\\/#organization\"},\"potentialAction\":[{\"@type\":\"SearchAction\",\"target\":{\"@type\":\"EntryPoint\",\"urlTemplate\":\"https:\\\/\\\/graphimarket.com\\\/fr\\\/?s={search_term_string}\"},\"query-input\":{\"@type\":\"PropertyValueSpecification\",\"valueRequired\":true,\"valueName\":\"search_term_string\"}}],\"inLanguage\":\"pt-PT\"},{\"@type\":\"Organization\",\"@id\":\"https:\\\/\\\/graphimarket.com\\\/fr\\\/#organization\",\"name\":\"Graphimarket\",\"url\":\"https:\\\/\\\/graphimarket.com\\\/fr\\\/\",\"logo\":{\"@type\":\"ImageObject\",\"inLanguage\":\"pt-PT\",\"@id\":\"https:\\\/\\\/graphimarket.com\\\/fr\\\/#\\\/schema\\\/logo\\\/image\\\/\",\"url\":\"https:\\\/\\\/graphimarket.com\\\/wp-content\\\/uploads\\\/2020\\\/08\\\/logo-48.png\",\"contentUrl\":\"https:\\\/\\\/graphimarket.com\\\/wp-content\\\/uploads\\\/2020\\\/08\\\/logo-48.png\",\"width\":132,\"height\":48,\"caption\":\"Graphimarket\"},\"image\":{\"@id\":\"https:\\\/\\\/graphimarket.com\\\/fr\\\/#\\\/schema\\\/logo\\\/image\\\/\"}}]}<\/script>\n<!-- \/ Yoast SEO plugin. -->","yoast_head_json":{"title":"Beauty Life - Romantic Handwritten Script - Graphimarket","description":"Are you looking for a simple and romantic handwriting font? We can help! Try to download our Beauty Life font. The font...","robots":{"index":"index","follow":"follow","max-snippet":"max-snippet:-1","max-image-preview":"max-image-preview:large","max-video-preview":"max-video-preview:-1"},"canonical":"https:\/\/graphimarket.com\/pt\/product\/beauty-life-romantic-handwritten-script\/","og_locale":"pt_PT","og_type":"article","og_title":"Beauty Life - Romantic Handwritten Script - Graphimarket","og_description":"Are you looking for a simple and romantic handwriting font? We can help! Try to download our Beauty Life font. The font...","og_url":"https:\/\/graphimarket.com\/pt\/product\/beauty-life-romantic-handwritten-script\/","og_site_name":"Graphimarket","article_modified_time":"2022-12-19T09:13:03+00:00","og_image":[{"width":1019,"height":679,"url":"https:\/\/graphimarket.com\/wp-content\/uploads\/2020\/09\/d9aa9cbd-875b-4f9b-9ed6-d335b82865cb.jpg","type":"image\/jpeg"}],"twitter_card":"summary_large_image","schema":{"@context":"https:\/\/schema.org","@graph":[{"@type":"WebPage","@id":"https:\/\/graphimarket.com\/product\/beauty-life-romantic-handwritten-script\/","url":"https:\/\/graphimarket.com\/product\/beauty-life-romantic-handwritten-script\/","name":"Beauty Life - Romantic Handwritten Script - Graphimarket","isPartOf":{"@id":"https:\/\/graphimarket.com\/fr\/#website"},"primaryImageOfPage":{"@id":"https:\/\/graphimarket.com\/product\/beauty-life-romantic-handwritten-script\/#primaryimage"},"image":{"@id":"https:\/\/graphimarket.com\/product\/beauty-life-romantic-handwritten-script\/#primaryimage"},"thumbnailUrl":"https:\/\/graphimarket.com\/wp-content\/uploads\/2020\/09\/d9aa9cbd-875b-4f9b-9ed6-d335b82865cb.jpg","datePublished":"2020-09-18T13:22:39+00:00","dateModified":"2022-12-19T09:13:03+00:00","description":"Are you looking for a simple and romantic handwriting font? We can help! Try to download our Beauty Life font. The font...","breadcrumb":{"@id":"https:\/\/graphimarket.com\/product\/beauty-life-romantic-handwritten-script\/#breadcrumb"},"inLanguage":"pt-PT","potentialAction":[{"@type":"ReadAction","target":["https:\/\/graphimarket.com\/product\/beauty-life-romantic-handwritten-script\/"]}]},{"@type":"ImageObject","inLanguage":"pt-PT","@id":"https:\/\/graphimarket.com\/product\/beauty-life-romantic-handwritten-script\/#primaryimage","url":"https:\/\/graphimarket.com\/wp-content\/uploads\/2020\/09\/d9aa9cbd-875b-4f9b-9ed6-d335b82865cb.jpg","contentUrl":"https:\/\/graphimarket.com\/wp-content\/uploads\/2020\/09\/d9aa9cbd-875b-4f9b-9ed6-d335b82865cb.jpg","width":1019,"height":679},{"@type":"BreadcrumbList","@id":"https:\/\/graphimarket.com\/product\/beauty-life-romantic-handwritten-script\/#breadcrumb","itemListElement":[{"@type":"ListItem","position":1,"name":"Home","item":"https:\/\/graphimarket.com\/es\/"},{"@type":"ListItem","position":2,"name":"Store","item":"https:\/\/graphimarket.com\/store\/"},{"@type":"ListItem","position":3,"name":"Beauty Life &#8211; Romantic Handwritten Script"}]},{"@type":"WebSite","@id":"https:\/\/graphimarket.com\/fr\/#website","url":"https:\/\/graphimarket.com\/fr\/","name":"Graphimarket","description":"Encontre o ativo criativo perfeito para dar vida ao seu projeto","publisher":{"@id":"https:\/\/graphimarket.com\/fr\/#organization"},"potentialAction":[{"@type":"SearchAction","target":{"@type":"EntryPoint","urlTemplate":"https:\/\/graphimarket.com\/fr\/?s={search_term_string}"},"query-input":{"@type":"PropertyValueSpecification","valueRequired":true,"valueName":"search_term_string"}}],"inLanguage":"pt-PT"},{"@type":"Organization","@id":"https:\/\/graphimarket.com\/fr\/#organization","name":"Graphimarket","url":"https:\/\/graphimarket.com\/fr\/","logo":{"@type":"ImageObject","inLanguage":"pt-PT","@id":"https:\/\/graphimarket.com\/fr\/#\/schema\/logo\/image\/","url":"https:\/\/graphimarket.com\/wp-content\/uploads\/2020\/08\/logo-48.png","contentUrl":"https:\/\/graphimarket.com\/wp-content\/uploads\/2020\/08\/logo-48.png","width":132,"height":48,"caption":"Graphimarket"},"image":{"@id":"https:\/\/graphimarket.com\/fr\/#\/schema\/logo\/image\/"}}]}},"_links":{"self":[{"href":"https:\/\/graphimarket.com\/pt\/wp-json\/wp\/v2\/product\/10561","targetHints":{"allow":["GET"]}}],"collection":[{"href":"https:\/\/graphimarket.com\/pt\/wp-json\/wp\/v2\/product"}],"about":[{"href":"https:\/\/graphimarket.com\/pt\/wp-json\/wp\/v2\/types\/product"}],"replies":[{"embeddable":true,"href":"https:\/\/graphimarket.com\/pt\/wp-json\/wp\/v2\/comments?post=10561"}],"version-history":[{"count":0,"href":"https:\/\/graphimarket.com\/pt\/wp-json\/wp\/v2\/product\/10561\/revisions"}],"wp:featuredmedia":[{"embeddable":true,"href":"https:\/\/graphimarket.com\/pt\/wp-json\/wp\/v2\/media\/10566"}],"wp:attachment":[{"href":"https:\/\/graphimarket.com\/pt\/wp-json\/wp\/v2\/media?parent=10561"}],"wp:term":[{"taxonomy":"product_brand","embeddable":true,"href":"https:\/\/graphimarket.com\/pt\/wp-json\/wp\/v2\/product_brand?post=10561"},{"taxonomy":"product_cat","embeddable":true,"href":"https:\/\/graphimarket.com\/pt\/wp-json\/wp\/v2\/product_cat?post=10561"},{"taxonomy":"product_tag","embeddable":true,"href":"https:\/\/graphimarket.com\/pt\/wp-json\/wp\/v2\/product_tag?post=10561"}],"curies":[{"name":"wp","href":"https:\/\/api.w.org\/{rel}","templated":true}]}}