{"id":10584,"date":"2020-09-18T15:44:55","date_gmt":"2020-09-18T13:44:55","guid":{"rendered":"https:\/\/graphimarket.com\/?post_type=product&#038;p=10584"},"modified":"2022-12-19T10:12:18","modified_gmt":"2022-12-19T09:12:18","slug":"adenium-flower-font","status":"publish","type":"product","link":"https:\/\/graphimarket.com\/pt\/product\/adenium-flower-font\/","title":{"rendered":"Fonte de flores de adenium"},"content":{"rendered":"<div class=\"_2Masz2rr\">\n<p><strong>Fonte de flores de adenium<\/strong><\/p>\n<p>Esta fonte \u00e9 inspirada nas flores de frangipani. Em latim \u00e9 chamado de \u201cAdenium\u201d. Uma flor que \u00e9 muito bonita quando vista. Ent\u00e3o, estou aplicando-o a uma fonte. O estilo serif \u00e9 perfeito para esta flor. \u00c9 ideal para casamentos no estilo selva, mar e cruzeiro, para branding e logotipos - restaurante, hot\u00e9is, resort de praia e muito mais. Essa fonte ajudar\u00e1 a criar uma marca \u00fanica, um logotipo elegante, um convite de casamento gracioso para o evento ou um cart\u00e3o de visita conceitual nos minutos.<\/p>\n<p>Essa fonte \u00e9 feita em duas vers\u00f5es de cada caractere, exceto n\u00fameros e sinais. Voc\u00ea encontrar\u00e1 diferentes vers\u00f5es entre mai\u00fasculas e min\u00fasculas. Ao usar essa fonte, voc\u00ea sentir\u00e1 uma tremenda sensa\u00e7\u00e3o em seu design.<\/p>\n<p><strong>O que voc\u00ea ganha:<\/strong><\/p>\n<ul>\n<li>Fonte Adenium OTF<\/li>\n<li>Adenium Font TTF<\/li>\n<\/ul>\n<\/div>\n<p><img fetchpriority=\"high\" decoding=\"async\" class=\"aligncenter wp-image-10585 size-full\" src=\"https:\/\/graphimarket.com\/wp-content\/uploads\/2020\/09\/26002411-dd03-48e1-b1e0-6c323a752460.jpg\" alt=\"\" width=\"1170\" height=\"780\" srcset=\"https:\/\/graphimarket.com\/wp-content\/uploads\/2020\/09\/26002411-dd03-48e1-b1e0-6c323a752460.jpg 1170w, https:\/\/graphimarket.com\/wp-content\/uploads\/2020\/09\/26002411-dd03-48e1-b1e0-6c323a752460-300x200.jpg 300w, https:\/\/graphimarket.com\/wp-content\/uploads\/2020\/09\/26002411-dd03-48e1-b1e0-6c323a752460-1024x683.jpg 1024w, https:\/\/graphimarket.com\/wp-content\/uploads\/2020\/09\/26002411-dd03-48e1-b1e0-6c323a752460-768x512.jpg 768w, https:\/\/graphimarket.com\/wp-content\/uploads\/2020\/09\/26002411-dd03-48e1-b1e0-6c323a752460-600x400.jpg 600w\" sizes=\"(max-width: 1170px) 100vw, 1170px\" \/> <img decoding=\"async\" class=\"aligncenter wp-image-10586 size-full\" src=\"https:\/\/graphimarket.com\/wp-content\/uploads\/2020\/09\/a7cb43a6-eafd-4383-a9ed-6bf55e526d59.jpg\" alt=\"\" width=\"1170\" height=\"780\" srcset=\"https:\/\/graphimarket.com\/wp-content\/uploads\/2020\/09\/a7cb43a6-eafd-4383-a9ed-6bf55e526d59.jpg 1170w, https:\/\/graphimarket.com\/wp-content\/uploads\/2020\/09\/a7cb43a6-eafd-4383-a9ed-6bf55e526d59-300x200.jpg 300w, https:\/\/graphimarket.com\/wp-content\/uploads\/2020\/09\/a7cb43a6-eafd-4383-a9ed-6bf55e526d59-1024x683.jpg 1024w, https:\/\/graphimarket.com\/wp-content\/uploads\/2020\/09\/a7cb43a6-eafd-4383-a9ed-6bf55e526d59-768x512.jpg 768w, https:\/\/graphimarket.com\/wp-content\/uploads\/2020\/09\/a7cb43a6-eafd-4383-a9ed-6bf55e526d59-600x400.jpg 600w\" sizes=\"(max-width: 1170px) 100vw, 1170px\" \/> <img decoding=\"async\" class=\"aligncenter wp-image-10587 size-full\" src=\"https:\/\/graphimarket.com\/wp-content\/uploads\/2020\/09\/83afed99-c3fe-4415-8b1f-669053044242.jpg\" alt=\"\" width=\"1019\" height=\"679\" srcset=\"https:\/\/graphimarket.com\/wp-content\/uploads\/2020\/09\/83afed99-c3fe-4415-8b1f-669053044242.jpg 1019w, https:\/\/graphimarket.com\/wp-content\/uploads\/2020\/09\/83afed99-c3fe-4415-8b1f-669053044242-300x200.jpg 300w, https:\/\/graphimarket.com\/wp-content\/uploads\/2020\/09\/83afed99-c3fe-4415-8b1f-669053044242-768x512.jpg 768w, https:\/\/graphimarket.com\/wp-content\/uploads\/2020\/09\/83afed99-c3fe-4415-8b1f-669053044242-600x400.jpg 600w\" sizes=\"(max-width: 1019px) 100vw, 1019px\" \/> <img loading=\"lazy\" decoding=\"async\" class=\"aligncenter wp-image-10588 size-full\" src=\"https:\/\/graphimarket.com\/wp-content\/uploads\/2020\/09\/0a6b1fcd-4d25-40d3-801e-c53af02572a7.jpg\" alt=\"\" width=\"1170\" height=\"780\" srcset=\"https:\/\/graphimarket.com\/wp-content\/uploads\/2020\/09\/0a6b1fcd-4d25-40d3-801e-c53af02572a7.jpg 1170w, https:\/\/graphimarket.com\/wp-content\/uploads\/2020\/09\/0a6b1fcd-4d25-40d3-801e-c53af02572a7-300x200.jpg 300w, https:\/\/graphimarket.com\/wp-content\/uploads\/2020\/09\/0a6b1fcd-4d25-40d3-801e-c53af02572a7-1024x683.jpg 1024w, https:\/\/graphimarket.com\/wp-content\/uploads\/2020\/09\/0a6b1fcd-4d25-40d3-801e-c53af02572a7-768x512.jpg 768w, https:\/\/graphimarket.com\/wp-content\/uploads\/2020\/09\/0a6b1fcd-4d25-40d3-801e-c53af02572a7-600x400.jpg 600w\" sizes=\"(max-width: 1170px) 100vw, 1170px\" \/><\/p>\n<div class=\"_3YqMOf9R\">\n<div class=\"_3KAa4-GZ frEFeDSS\"><\/div>\n<\/div>","protected":false},"excerpt":{"rendered":"<p>Adenium Flower Font This font is inspired by frangipani flowers. In Latin it is named &#8220;Adenium&#8221;. A flower that is very beautiful when viewed. So, I am applying it to a font. Serif style is perfect for this flower. It is ideal for weddings in the jungle, sea and cruise style, for branding and logos [&hellip;]<\/p>\n","protected":false},"featured_media":10587,"comment_status":"open","ping_status":"closed","template":"","meta":{"site-sidebar-layout":"default","site-content-layout":"default","ast-site-content-layout":"default","site-content-style":"default","site-sidebar-style":"default","ast-global-header-display":"","ast-banner-title-visibility":"","ast-main-header-display":"","ast-hfb-above-header-display":"","ast-hfb-below-header-display":"","ast-hfb-mobile-header-display":"","site-post-title":"","ast-breadcrumbs-content":"","ast-featured-img":"","footer-sml-layout":"","ast-disable-related-posts":"","theme-transparent-header-meta":"default","adv-header-id-meta":"","stick-header-meta":"","header-above-stick-meta":"","header-main-stick-meta":"","header-below-stick-meta":"","astra-migrate-meta-layouts":"default","ast-page-background-enabled":"default","ast-page-background-meta":{"desktop":{"background-color":"","background-image":"","background-repeat":"repeat","background-position":"center center","background-size":"auto","background-attachment":"scroll","background-type":"","background-media":"","overlay-type":"","overlay-color":"","overlay-opacity":"","overlay-gradient":""},"tablet":{"background-color":"","background-image":"","background-repeat":"repeat","background-position":"center center","background-size":"auto","background-attachment":"scroll","background-type":"","background-media":"","overlay-type":"","overlay-color":"","overlay-opacity":"","overlay-gradient":""},"mobile":{"background-color":"","background-image":"","background-repeat":"repeat","background-position":"center center","background-size":"auto","background-attachment":"scroll","background-type":"","background-media":"","overlay-type":"","overlay-color":"","overlay-opacity":"","overlay-gradient":""}},"ast-content-background-meta":{"desktop":{"background-color":"var(--ast-global-color-5)","background-image":"","background-repeat":"repeat","background-position":"center center","background-size":"auto","background-attachment":"scroll","background-type":"","background-media":"","overlay-type":"","overlay-color":"","overlay-opacity":"","overlay-gradient":""},"tablet":{"background-color":"var(--ast-global-color-5)","background-image":"","background-repeat":"repeat","background-position":"center center","background-size":"auto","background-attachment":"scroll","background-type":"","background-media":"","overlay-type":"","overlay-color":"","overlay-opacity":"","overlay-gradient":""},"mobile":{"background-color":"var(--ast-global-color-5)","background-image":"","background-repeat":"repeat","background-position":"center center","background-size":"auto","background-attachment":"scroll","background-type":"","background-media":"","overlay-type":"","overlay-color":"","overlay-opacity":"","overlay-gradient":""}}},"product_brand":[],"product_cat":[187],"product_tag":[703,1113,572,1112,297,262,937,567,1101,1079],"class_list":{"0":"post-10584","1":"product","2":"type-product","3":"status-publish","4":"has-post-thumbnail","6":"product_cat-fonts","7":"product_tag-brand","8":"product_tag-dont","9":"product_tag-flower","10":"product_tag-frangipani","11":"product_tag-logo","12":"product_tag-modern","13":"product_tag-natural","14":"product_tag-plant","15":"product_tag-signature","16":"product_tag-typeface","17":"desktop-align-left","18":"tablet-align-left","19":"mobile-align-left","21":"first","22":"instock","23":"downloadable","24":"virtual","25":"taxable","26":"purchasable","27":"product-type-simple"},"yoast_head":"<!-- This site is optimized with the Yoast SEO plugin v27.3 - https:\/\/yoast.com\/product\/yoast-seo-wordpress\/ -->\n<title>Adenium Flower Font - Graphimarket<\/title>\n<meta name=\"description\" content=\"Adenium Flower FontThis font is inspired by frangipani flowers. In Latin it is named &quot;Adenium&quot;. A flower that is very beautiful when viewed.\" \/>\n<meta name=\"robots\" content=\"index, follow, max-snippet:-1, max-image-preview:large, max-video-preview:-1\" \/>\n<link rel=\"canonical\" href=\"https:\/\/graphimarket.com\/pt\/product\/adenium-flower-font\/\" \/>\n<meta property=\"og:locale\" content=\"pt_PT\" \/>\n<meta property=\"og:type\" content=\"article\" \/>\n<meta property=\"og:title\" content=\"Adenium Flower Font - Graphimarket\" \/>\n<meta property=\"og:description\" content=\"Adenium Flower FontThis font is inspired by frangipani flowers. In Latin it is named &quot;Adenium&quot;. A flower that is very beautiful when viewed.\" \/>\n<meta property=\"og:url\" content=\"https:\/\/graphimarket.com\/pt\/product\/adenium-flower-font\/\" \/>\n<meta property=\"og:site_name\" content=\"Graphimarket\" \/>\n<meta property=\"article:modified_time\" content=\"2022-12-19T09:12:18+00:00\" \/>\n<meta property=\"og:image\" content=\"https:\/\/graphimarket.com\/wp-content\/uploads\/2020\/09\/83afed99-c3fe-4415-8b1f-669053044242.jpg\" \/>\n\t<meta property=\"og:image:width\" content=\"1019\" \/>\n\t<meta property=\"og:image:height\" content=\"679\" \/>\n\t<meta property=\"og:image:type\" content=\"image\/jpeg\" \/>\n<meta name=\"twitter:card\" content=\"summary_large_image\" \/>\n<meta name=\"twitter:label1\" content=\"Est. reading time\" \/>\n\t<meta name=\"twitter:data1\" content=\"1 minute\" \/>\n<script type=\"application\/ld+json\" class=\"yoast-schema-graph\">{\"@context\":\"https:\\\/\\\/schema.org\",\"@graph\":[{\"@type\":\"WebPage\",\"@id\":\"https:\\\/\\\/graphimarket.com\\\/ja\\\/product\\\/adenium-flower-font\\\/\",\"url\":\"https:\\\/\\\/graphimarket.com\\\/ja\\\/product\\\/adenium-flower-font\\\/\",\"name\":\"Adenium Flower Font - Graphimarket\",\"isPartOf\":{\"@id\":\"https:\\\/\\\/graphimarket.com\\\/fr\\\/#website\"},\"primaryImageOfPage\":{\"@id\":\"https:\\\/\\\/graphimarket.com\\\/ja\\\/product\\\/adenium-flower-font\\\/#primaryimage\"},\"image\":{\"@id\":\"https:\\\/\\\/graphimarket.com\\\/ja\\\/product\\\/adenium-flower-font\\\/#primaryimage\"},\"thumbnailUrl\":\"https:\\\/\\\/graphimarket.com\\\/wp-content\\\/uploads\\\/2020\\\/09\\\/83afed99-c3fe-4415-8b1f-669053044242.jpg\",\"datePublished\":\"2020-09-18T13:44:55+00:00\",\"dateModified\":\"2022-12-19T09:12:18+00:00\",\"description\":\"Adenium Flower FontThis font is inspired by frangipani flowers. In Latin it is named \\\"Adenium\\\". A flower that is very beautiful when viewed.\",\"breadcrumb\":{\"@id\":\"https:\\\/\\\/graphimarket.com\\\/ja\\\/product\\\/adenium-flower-font\\\/#breadcrumb\"},\"inLanguage\":\"pt-PT\",\"potentialAction\":[{\"@type\":\"ReadAction\",\"target\":[\"https:\\\/\\\/graphimarket.com\\\/ja\\\/product\\\/adenium-flower-font\\\/\"]}]},{\"@type\":\"ImageObject\",\"inLanguage\":\"pt-PT\",\"@id\":\"https:\\\/\\\/graphimarket.com\\\/ja\\\/product\\\/adenium-flower-font\\\/#primaryimage\",\"url\":\"https:\\\/\\\/graphimarket.com\\\/wp-content\\\/uploads\\\/2020\\\/09\\\/83afed99-c3fe-4415-8b1f-669053044242.jpg\",\"contentUrl\":\"https:\\\/\\\/graphimarket.com\\\/wp-content\\\/uploads\\\/2020\\\/09\\\/83afed99-c3fe-4415-8b1f-669053044242.jpg\",\"width\":1019,\"height\":679},{\"@type\":\"BreadcrumbList\",\"@id\":\"https:\\\/\\\/graphimarket.com\\\/ja\\\/product\\\/adenium-flower-font\\\/#breadcrumb\",\"itemListElement\":[{\"@type\":\"ListItem\",\"position\":1,\"name\":\"Home\",\"item\":\"https:\\\/\\\/graphimarket.com\\\/es\\\/\"},{\"@type\":\"ListItem\",\"position\":2,\"name\":\"Store\",\"item\":\"https:\\\/\\\/graphimarket.com\\\/store\\\/\"},{\"@type\":\"ListItem\",\"position\":3,\"name\":\"Adenium Flower Font\"}]},{\"@type\":\"WebSite\",\"@id\":\"https:\\\/\\\/graphimarket.com\\\/fr\\\/#website\",\"url\":\"https:\\\/\\\/graphimarket.com\\\/fr\\\/\",\"name\":\"Graphimarket\",\"description\":\"Find the perfect creative asset to bring your project to life\",\"publisher\":{\"@id\":\"https:\\\/\\\/graphimarket.com\\\/fr\\\/#organization\"},\"potentialAction\":[{\"@type\":\"SearchAction\",\"target\":{\"@type\":\"EntryPoint\",\"urlTemplate\":\"https:\\\/\\\/graphimarket.com\\\/fr\\\/?s={search_term_string}\"},\"query-input\":{\"@type\":\"PropertyValueSpecification\",\"valueRequired\":true,\"valueName\":\"search_term_string\"}}],\"inLanguage\":\"pt-PT\"},{\"@type\":\"Organization\",\"@id\":\"https:\\\/\\\/graphimarket.com\\\/fr\\\/#organization\",\"name\":\"Graphimarket\",\"url\":\"https:\\\/\\\/graphimarket.com\\\/fr\\\/\",\"logo\":{\"@type\":\"ImageObject\",\"inLanguage\":\"pt-PT\",\"@id\":\"https:\\\/\\\/graphimarket.com\\\/fr\\\/#\\\/schema\\\/logo\\\/image\\\/\",\"url\":\"https:\\\/\\\/graphimarket.com\\\/wp-content\\\/uploads\\\/2020\\\/08\\\/logo-48.png\",\"contentUrl\":\"https:\\\/\\\/graphimarket.com\\\/wp-content\\\/uploads\\\/2020\\\/08\\\/logo-48.png\",\"width\":132,\"height\":48,\"caption\":\"Graphimarket\"},\"image\":{\"@id\":\"https:\\\/\\\/graphimarket.com\\\/fr\\\/#\\\/schema\\\/logo\\\/image\\\/\"}}]}<\/script>\n<!-- \/ Yoast SEO plugin. -->","yoast_head_json":{"title":"Fonte Adenium Flower - Graphimarket","description":"Adenium Flower FontEsta fonte \u00e9 inspirada nas flores de frangipani. Em latim \u00e9 chamado de &quot;Adenium&quot;. Uma flor que \u00e9 muito bonita quando vista.","robots":{"index":"index","follow":"follow","max-snippet":"max-snippet:-1","max-image-preview":"max-image-preview:large","max-video-preview":"max-video-preview:-1"},"canonical":"https:\/\/graphimarket.com\/pt\/product\/adenium-flower-font\/","og_locale":"pt_PT","og_type":"article","og_title":"Adenium Flower Font - Graphimarket","og_description":"Adenium Flower FontThis font is inspired by frangipani flowers. In Latin it is named \"Adenium\". A flower that is very beautiful when viewed.","og_url":"https:\/\/graphimarket.com\/pt\/product\/adenium-flower-font\/","og_site_name":"Graphimarket","article_modified_time":"2022-12-19T09:12:18+00:00","og_image":[{"width":1019,"height":679,"url":"https:\/\/graphimarket.com\/wp-content\/uploads\/2020\/09\/83afed99-c3fe-4415-8b1f-669053044242.jpg","type":"image\/jpeg"}],"twitter_card":"summary_large_image","twitter_misc":{"Est. reading time":"1 minute"},"schema":{"@context":"https:\/\/schema.org","@graph":[{"@type":"WebPage","@id":"https:\/\/graphimarket.com\/ja\/product\/adenium-flower-font\/","url":"https:\/\/graphimarket.com\/ja\/product\/adenium-flower-font\/","name":"Fonte Adenium Flower - Graphimarket","isPartOf":{"@id":"https:\/\/graphimarket.com\/fr\/#website"},"primaryImageOfPage":{"@id":"https:\/\/graphimarket.com\/ja\/product\/adenium-flower-font\/#primaryimage"},"image":{"@id":"https:\/\/graphimarket.com\/ja\/product\/adenium-flower-font\/#primaryimage"},"thumbnailUrl":"https:\/\/graphimarket.com\/wp-content\/uploads\/2020\/09\/83afed99-c3fe-4415-8b1f-669053044242.jpg","datePublished":"2020-09-18T13:44:55+00:00","dateModified":"2022-12-19T09:12:18+00:00","description":"Adenium Flower FontEsta fonte \u00e9 inspirada nas flores de frangipani. Em latim \u00e9 chamado de &quot;Adenium&quot;. Uma flor que \u00e9 muito bonita quando vista.","breadcrumb":{"@id":"https:\/\/graphimarket.com\/ja\/product\/adenium-flower-font\/#breadcrumb"},"inLanguage":"pt-PT","potentialAction":[{"@type":"ReadAction","target":["https:\/\/graphimarket.com\/ja\/product\/adenium-flower-font\/"]}]},{"@type":"ImageObject","inLanguage":"pt-PT","@id":"https:\/\/graphimarket.com\/ja\/product\/adenium-flower-font\/#primaryimage","url":"https:\/\/graphimarket.com\/wp-content\/uploads\/2020\/09\/83afed99-c3fe-4415-8b1f-669053044242.jpg","contentUrl":"https:\/\/graphimarket.com\/wp-content\/uploads\/2020\/09\/83afed99-c3fe-4415-8b1f-669053044242.jpg","width":1019,"height":679},{"@type":"BreadcrumbList","@id":"https:\/\/graphimarket.com\/ja\/product\/adenium-flower-font\/#breadcrumb","itemListElement":[{"@type":"ListItem","position":1,"name":"Home","item":"https:\/\/graphimarket.com\/es\/"},{"@type":"ListItem","position":2,"name":"Store","item":"https:\/\/graphimarket.com\/store\/"},{"@type":"ListItem","position":3,"name":"Adenium Flower Font"}]},{"@type":"WebSite","@id":"https:\/\/graphimarket.com\/fr\/#website","url":"https:\/\/graphimarket.com\/fr\/","name":"Graphimarket","description":"Encontre o ativo criativo perfeito para dar vida ao seu projeto","publisher":{"@id":"https:\/\/graphimarket.com\/fr\/#organization"},"potentialAction":[{"@type":"SearchAction","target":{"@type":"EntryPoint","urlTemplate":"https:\/\/graphimarket.com\/fr\/?s={search_term_string}"},"query-input":{"@type":"PropertyValueSpecification","valueRequired":true,"valueName":"search_term_string"}}],"inLanguage":"pt-PT"},{"@type":"Organization","@id":"https:\/\/graphimarket.com\/fr\/#organization","name":"Graphimarket","url":"https:\/\/graphimarket.com\/fr\/","logo":{"@type":"ImageObject","inLanguage":"pt-PT","@id":"https:\/\/graphimarket.com\/fr\/#\/schema\/logo\/image\/","url":"https:\/\/graphimarket.com\/wp-content\/uploads\/2020\/08\/logo-48.png","contentUrl":"https:\/\/graphimarket.com\/wp-content\/uploads\/2020\/08\/logo-48.png","width":132,"height":48,"caption":"Graphimarket"},"image":{"@id":"https:\/\/graphimarket.com\/fr\/#\/schema\/logo\/image\/"}}]}},"_links":{"self":[{"href":"https:\/\/graphimarket.com\/pt\/wp-json\/wp\/v2\/product\/10584","targetHints":{"allow":["GET"]}}],"collection":[{"href":"https:\/\/graphimarket.com\/pt\/wp-json\/wp\/v2\/product"}],"about":[{"href":"https:\/\/graphimarket.com\/pt\/wp-json\/wp\/v2\/types\/product"}],"replies":[{"embeddable":true,"href":"https:\/\/graphimarket.com\/pt\/wp-json\/wp\/v2\/comments?post=10584"}],"version-history":[{"count":0,"href":"https:\/\/graphimarket.com\/pt\/wp-json\/wp\/v2\/product\/10584\/revisions"}],"wp:featuredmedia":[{"embeddable":true,"href":"https:\/\/graphimarket.com\/pt\/wp-json\/wp\/v2\/media\/10587"}],"wp:attachment":[{"href":"https:\/\/graphimarket.com\/pt\/wp-json\/wp\/v2\/media?parent=10584"}],"wp:term":[{"taxonomy":"product_brand","embeddable":true,"href":"https:\/\/graphimarket.com\/pt\/wp-json\/wp\/v2\/product_brand?post=10584"},{"taxonomy":"product_cat","embeddable":true,"href":"https:\/\/graphimarket.com\/pt\/wp-json\/wp\/v2\/product_cat?post=10584"},{"taxonomy":"product_tag","embeddable":true,"href":"https:\/\/graphimarket.com\/pt\/wp-json\/wp\/v2\/product_tag?post=10584"}],"curies":[{"name":"wp","href":"https:\/\/api.w.org\/{rel}","templated":true}]}}