{"id":11086,"date":"2020-09-25T09:49:07","date_gmt":"2020-09-25T07:49:07","guid":{"rendered":"https:\/\/graphimarket.com\/?post_type=product&#038;p=11086"},"modified":"2022-12-19T10:02:33","modified_gmt":"2022-12-19T09:02:33","slug":"spot-unique-display-headline-logo-typeface","status":"publish","type":"product","link":"https:\/\/graphimarket.com\/pt\/product\/spot-unique-display-headline-logo-typeface\/","title":{"rendered":"SPOT \u2013 Exibi\u00e7\u00e3o exclusiva \/ t\u00edtulo \/ tipo de letra do logotipo"},"content":{"rendered":"<div class=\"_2Masz2rr\">\n<p>SPOT \u00e9 uma fonte \u00fanica e moderna em letras mai\u00fasculas para manchetes, texto grande, branding, logotipos e uso de exibi\u00e7\u00e3o. Essa fonte tamb\u00e9m \u00e9 perfeita para criar logotipos incr\u00edveis, conte\u00fado promocional e gr\u00e1ficos de marketing que podem realmente chamar a aten\u00e7\u00e3o de seus visitantes. Por favor, veja os exemplos mostrados acima para ter uma ideia sobre a capacidade deste tipo de letra.<\/p>\n<p>SPOT vem com peso \u00fanico, mas 4 estilos (Regular, It\u00e1lico, It\u00e1lico, Contorno It\u00e1lico). O pacote cont\u00e9m OTF, TTF como fontes da \u00e1rea de trabalho e fontes da Web opcionais (todos os formatos EOT, SVG, TTF, WOFF, WOFF2 inclu\u00eddos).<\/p>\n<p>CR\u00c9DITOS:<\/p>\n<p>Fonte produzida por Fontastica, distribu\u00edda por Designova.<\/p>\n<\/div>\n<div class=\"_3KAa4-GZ frEFeDSS\"><\/div>\n<div><img fetchpriority=\"high\" decoding=\"async\" class=\"aligncenter wp-image-11087 size-full\" src=\"https:\/\/graphimarket.com\/wp-content\/uploads\/2020\/09\/dbcd38af-dbfb-41f7-a0fd-19c148fad841.jpg\" alt=\"\" width=\"1170\" height=\"780\" srcset=\"https:\/\/graphimarket.com\/wp-content\/uploads\/2020\/09\/dbcd38af-dbfb-41f7-a0fd-19c148fad841.jpg 1170w, https:\/\/graphimarket.com\/wp-content\/uploads\/2020\/09\/dbcd38af-dbfb-41f7-a0fd-19c148fad841-300x200.jpg 300w, https:\/\/graphimarket.com\/wp-content\/uploads\/2020\/09\/dbcd38af-dbfb-41f7-a0fd-19c148fad841-1024x683.jpg 1024w, https:\/\/graphimarket.com\/wp-content\/uploads\/2020\/09\/dbcd38af-dbfb-41f7-a0fd-19c148fad841-768x512.jpg 768w, https:\/\/graphimarket.com\/wp-content\/uploads\/2020\/09\/dbcd38af-dbfb-41f7-a0fd-19c148fad841-600x400.jpg 600w\" sizes=\"(max-width: 1170px) 100vw, 1170px\" \/> <img decoding=\"async\" class=\"aligncenter wp-image-11088 size-full\" src=\"https:\/\/graphimarket.com\/wp-content\/uploads\/2020\/09\/f64d2070-1fad-4b5c-a2ee-4d211cf76bdc.jpg\" alt=\"\" width=\"1170\" height=\"780\" srcset=\"https:\/\/graphimarket.com\/wp-content\/uploads\/2020\/09\/f64d2070-1fad-4b5c-a2ee-4d211cf76bdc.jpg 1170w, https:\/\/graphimarket.com\/wp-content\/uploads\/2020\/09\/f64d2070-1fad-4b5c-a2ee-4d211cf76bdc-300x200.jpg 300w, https:\/\/graphimarket.com\/wp-content\/uploads\/2020\/09\/f64d2070-1fad-4b5c-a2ee-4d211cf76bdc-1024x683.jpg 1024w, https:\/\/graphimarket.com\/wp-content\/uploads\/2020\/09\/f64d2070-1fad-4b5c-a2ee-4d211cf76bdc-768x512.jpg 768w, https:\/\/graphimarket.com\/wp-content\/uploads\/2020\/09\/f64d2070-1fad-4b5c-a2ee-4d211cf76bdc-600x400.jpg 600w\" sizes=\"(max-width: 1170px) 100vw, 1170px\" \/> <img decoding=\"async\" class=\"aligncenter wp-image-11089 size-full\" src=\"https:\/\/graphimarket.com\/wp-content\/uploads\/2020\/09\/0b77e864-d6a7-4345-954f-73a9e6740705.jpg\" alt=\"\" width=\"1019\" height=\"679\" srcset=\"https:\/\/graphimarket.com\/wp-content\/uploads\/2020\/09\/0b77e864-d6a7-4345-954f-73a9e6740705.jpg 1019w, https:\/\/graphimarket.com\/wp-content\/uploads\/2020\/09\/0b77e864-d6a7-4345-954f-73a9e6740705-300x200.jpg 300w, https:\/\/graphimarket.com\/wp-content\/uploads\/2020\/09\/0b77e864-d6a7-4345-954f-73a9e6740705-768x512.jpg 768w, https:\/\/graphimarket.com\/wp-content\/uploads\/2020\/09\/0b77e864-d6a7-4345-954f-73a9e6740705-600x400.jpg 600w\" sizes=\"(max-width: 1019px) 100vw, 1019px\" \/> <img loading=\"lazy\" decoding=\"async\" class=\"aligncenter wp-image-11090 size-full\" src=\"https:\/\/graphimarket.com\/wp-content\/uploads\/2020\/09\/43f1a279-5065-4229-88b3-d94a91fea64c.jpg\" alt=\"\" width=\"1170\" height=\"780\" srcset=\"https:\/\/graphimarket.com\/wp-content\/uploads\/2020\/09\/43f1a279-5065-4229-88b3-d94a91fea64c.jpg 1170w, https:\/\/graphimarket.com\/wp-content\/uploads\/2020\/09\/43f1a279-5065-4229-88b3-d94a91fea64c-300x200.jpg 300w, https:\/\/graphimarket.com\/wp-content\/uploads\/2020\/09\/43f1a279-5065-4229-88b3-d94a91fea64c-1024x683.jpg 1024w, https:\/\/graphimarket.com\/wp-content\/uploads\/2020\/09\/43f1a279-5065-4229-88b3-d94a91fea64c-768x512.jpg 768w, https:\/\/graphimarket.com\/wp-content\/uploads\/2020\/09\/43f1a279-5065-4229-88b3-d94a91fea64c-600x400.jpg 600w\" sizes=\"(max-width: 1170px) 100vw, 1170px\" \/> <img loading=\"lazy\" decoding=\"async\" class=\"aligncenter wp-image-11091 size-full\" src=\"https:\/\/graphimarket.com\/wp-content\/uploads\/2020\/09\/c1b5a0a8-a016-489c-9102-163219e35650.jpg\" alt=\"\" width=\"1170\" height=\"780\" srcset=\"https:\/\/graphimarket.com\/wp-content\/uploads\/2020\/09\/c1b5a0a8-a016-489c-9102-163219e35650.jpg 1170w, https:\/\/graphimarket.com\/wp-content\/uploads\/2020\/09\/c1b5a0a8-a016-489c-9102-163219e35650-300x200.jpg 300w, https:\/\/graphimarket.com\/wp-content\/uploads\/2020\/09\/c1b5a0a8-a016-489c-9102-163219e35650-1024x683.jpg 1024w, https:\/\/graphimarket.com\/wp-content\/uploads\/2020\/09\/c1b5a0a8-a016-489c-9102-163219e35650-768x512.jpg 768w, https:\/\/graphimarket.com\/wp-content\/uploads\/2020\/09\/c1b5a0a8-a016-489c-9102-163219e35650-600x400.jpg 600w\" sizes=\"(max-width: 1170px) 100vw, 1170px\" \/><\/div>","protected":false},"excerpt":{"rendered":"<p>SPOT is a unique and modern all-caps typeface for headlines, big text, branding, logotypes &amp; display usage. This font is also perfect for creating outstanding logos, promotional content and marketing graphics that can really grab attention from your visitors. Please see the examples shown above to get an idea about the capability of this typeface. [&hellip;]<\/p>\n","protected":false},"featured_media":11089,"comment_status":"open","ping_status":"closed","template":"","meta":{"site-sidebar-layout":"default","site-content-layout":"default","ast-site-content-layout":"default","site-content-style":"default","site-sidebar-style":"default","ast-global-header-display":"","ast-banner-title-visibility":"","ast-main-header-display":"","ast-hfb-above-header-display":"","ast-hfb-below-header-display":"","ast-hfb-mobile-header-display":"","site-post-title":"","ast-breadcrumbs-content":"","ast-featured-img":"","footer-sml-layout":"","ast-disable-related-posts":"","theme-transparent-header-meta":"default","adv-header-id-meta":"","stick-header-meta":"","header-above-stick-meta":"","header-main-stick-meta":"","header-below-stick-meta":"","astra-migrate-meta-layouts":"default","ast-page-background-enabled":"default","ast-page-background-meta":{"desktop":{"background-color":"","background-image":"","background-repeat":"repeat","background-position":"center center","background-size":"auto","background-attachment":"scroll","background-type":"","background-media":"","overlay-type":"","overlay-color":"","overlay-opacity":"","overlay-gradient":""},"tablet":{"background-color":"","background-image":"","background-repeat":"repeat","background-position":"center center","background-size":"auto","background-attachment":"scroll","background-type":"","background-media":"","overlay-type":"","overlay-color":"","overlay-opacity":"","overlay-gradient":""},"mobile":{"background-color":"","background-image":"","background-repeat":"repeat","background-position":"center center","background-size":"auto","background-attachment":"scroll","background-type":"","background-media":"","overlay-type":"","overlay-color":"","overlay-opacity":"","overlay-gradient":""}},"ast-content-background-meta":{"desktop":{"background-color":"var(--ast-global-color-5)","background-image":"","background-repeat":"repeat","background-position":"center center","background-size":"auto","background-attachment":"scroll","background-type":"","background-media":"","overlay-type":"","overlay-color":"","overlay-opacity":"","overlay-gradient":""},"tablet":{"background-color":"var(--ast-global-color-5)","background-image":"","background-repeat":"repeat","background-position":"center center","background-size":"auto","background-attachment":"scroll","background-type":"","background-media":"","overlay-type":"","overlay-color":"","overlay-opacity":"","overlay-gradient":""},"mobile":{"background-color":"var(--ast-global-color-5)","background-image":"","background-repeat":"repeat","background-position":"center center","background-size":"auto","background-attachment":"scroll","background-type":"","background-media":"","overlay-type":"","overlay-color":"","overlay-opacity":"","overlay-gradient":""}}},"product_brand":[],"product_cat":[187],"product_tag":[1239,1071,1082,702,1095,577,795,1206,297,1157,1075,1160,1159,1161,1155],"class_list":{"0":"post-11086","1":"product","2":"type-product","3":"status-publish","4":"has-post-thumbnail","6":"product_cat-fonts","7":"product_tag-allcaps","8":"product_tag-bestseller","9":"product_tag-bold","10":"product_tag-branding","11":"product_tag-cute","12":"product_tag-display","13":"product_tag-food","14":"product_tag-headline","15":"product_tag-logo","16":"product_tag-logodesign","17":"product_tag-logotype","18":"product_tag-marketing","19":"product_tag-popular","20":"product_tag-promo","21":"product_tag-trending","22":"desktop-align-left","23":"tablet-align-left","24":"mobile-align-left","26":"first","27":"instock","28":"downloadable","29":"virtual","30":"taxable","31":"purchasable","32":"product-type-simple"},"yoast_head":"<!-- This site is optimized with the Yoast SEO plugin v27.3 - https:\/\/yoast.com\/product\/yoast-seo-wordpress\/ -->\n<title>SPOT - Unique Display \/ Headline \/ Logo Typeface - Graphimarket<\/title>\n<meta name=\"description\" content=\"SPOT is a unique and modern all-caps typeface for headlines, big text, branding, logotypes &amp; display usage. This font is also ...\" \/>\n<meta name=\"robots\" content=\"index, follow, max-snippet:-1, max-image-preview:large, max-video-preview:-1\" \/>\n<link rel=\"canonical\" href=\"https:\/\/graphimarket.com\/pt\/product\/spot-unique-display-headline-logo-typeface\/\" \/>\n<meta property=\"og:locale\" content=\"pt_PT\" \/>\n<meta property=\"og:type\" content=\"article\" \/>\n<meta property=\"og:title\" content=\"SPOT - Unique Display \/ Headline \/ Logo Typeface - Graphimarket\" \/>\n<meta property=\"og:description\" content=\"SPOT is a unique and modern all-caps typeface for headlines, big text, branding, logotypes &amp; display usage. This font is also ...\" \/>\n<meta property=\"og:url\" content=\"https:\/\/graphimarket.com\/pt\/product\/spot-unique-display-headline-logo-typeface\/\" \/>\n<meta property=\"og:site_name\" content=\"Graphimarket\" \/>\n<meta property=\"article:modified_time\" content=\"2022-12-19T09:02:33+00:00\" \/>\n<meta property=\"og:image\" content=\"https:\/\/graphimarket.com\/wp-content\/uploads\/2020\/09\/0b77e864-d6a7-4345-954f-73a9e6740705.jpg\" \/>\n\t<meta property=\"og:image:width\" content=\"1019\" \/>\n\t<meta property=\"og:image:height\" content=\"679\" \/>\n\t<meta property=\"og:image:type\" content=\"image\/jpeg\" \/>\n<meta name=\"twitter:card\" content=\"summary_large_image\" \/>\n<script type=\"application\/ld+json\" class=\"yoast-schema-graph\">{\"@context\":\"https:\\\/\\\/schema.org\",\"@graph\":[{\"@type\":\"WebPage\",\"@id\":\"https:\\\/\\\/graphimarket.com\\\/product\\\/spot-unique-display-headline-logo-typeface\\\/\",\"url\":\"https:\\\/\\\/graphimarket.com\\\/product\\\/spot-unique-display-headline-logo-typeface\\\/\",\"name\":\"SPOT - Unique Display \\\/ Headline \\\/ Logo Typeface - Graphimarket\",\"isPartOf\":{\"@id\":\"https:\\\/\\\/graphimarket.com\\\/fr\\\/#website\"},\"primaryImageOfPage\":{\"@id\":\"https:\\\/\\\/graphimarket.com\\\/product\\\/spot-unique-display-headline-logo-typeface\\\/#primaryimage\"},\"image\":{\"@id\":\"https:\\\/\\\/graphimarket.com\\\/product\\\/spot-unique-display-headline-logo-typeface\\\/#primaryimage\"},\"thumbnailUrl\":\"https:\\\/\\\/graphimarket.com\\\/wp-content\\\/uploads\\\/2020\\\/09\\\/0b77e864-d6a7-4345-954f-73a9e6740705.jpg\",\"datePublished\":\"2020-09-25T07:49:07+00:00\",\"dateModified\":\"2022-12-19T09:02:33+00:00\",\"description\":\"SPOT is a unique and modern all-caps typeface for headlines, big text, branding, logotypes & display usage. This font is also ...\",\"breadcrumb\":{\"@id\":\"https:\\\/\\\/graphimarket.com\\\/product\\\/spot-unique-display-headline-logo-typeface\\\/#breadcrumb\"},\"inLanguage\":\"pt-PT\",\"potentialAction\":[{\"@type\":\"ReadAction\",\"target\":[\"https:\\\/\\\/graphimarket.com\\\/product\\\/spot-unique-display-headline-logo-typeface\\\/\"]}]},{\"@type\":\"ImageObject\",\"inLanguage\":\"pt-PT\",\"@id\":\"https:\\\/\\\/graphimarket.com\\\/product\\\/spot-unique-display-headline-logo-typeface\\\/#primaryimage\",\"url\":\"https:\\\/\\\/graphimarket.com\\\/wp-content\\\/uploads\\\/2020\\\/09\\\/0b77e864-d6a7-4345-954f-73a9e6740705.jpg\",\"contentUrl\":\"https:\\\/\\\/graphimarket.com\\\/wp-content\\\/uploads\\\/2020\\\/09\\\/0b77e864-d6a7-4345-954f-73a9e6740705.jpg\",\"width\":1019,\"height\":679},{\"@type\":\"BreadcrumbList\",\"@id\":\"https:\\\/\\\/graphimarket.com\\\/product\\\/spot-unique-display-headline-logo-typeface\\\/#breadcrumb\",\"itemListElement\":[{\"@type\":\"ListItem\",\"position\":1,\"name\":\"Home\",\"item\":\"https:\\\/\\\/graphimarket.com\\\/es\\\/\"},{\"@type\":\"ListItem\",\"position\":2,\"name\":\"Store\",\"item\":\"https:\\\/\\\/graphimarket.com\\\/store\\\/\"},{\"@type\":\"ListItem\",\"position\":3,\"name\":\"SPOT &#8211; Unique Display \\\/ Headline \\\/ Logo Typeface\"}]},{\"@type\":\"WebSite\",\"@id\":\"https:\\\/\\\/graphimarket.com\\\/fr\\\/#website\",\"url\":\"https:\\\/\\\/graphimarket.com\\\/fr\\\/\",\"name\":\"Graphimarket\",\"description\":\"Find the perfect creative asset to bring your project to life\",\"publisher\":{\"@id\":\"https:\\\/\\\/graphimarket.com\\\/fr\\\/#organization\"},\"potentialAction\":[{\"@type\":\"SearchAction\",\"target\":{\"@type\":\"EntryPoint\",\"urlTemplate\":\"https:\\\/\\\/graphimarket.com\\\/fr\\\/?s={search_term_string}\"},\"query-input\":{\"@type\":\"PropertyValueSpecification\",\"valueRequired\":true,\"valueName\":\"search_term_string\"}}],\"inLanguage\":\"pt-PT\"},{\"@type\":\"Organization\",\"@id\":\"https:\\\/\\\/graphimarket.com\\\/fr\\\/#organization\",\"name\":\"Graphimarket\",\"url\":\"https:\\\/\\\/graphimarket.com\\\/fr\\\/\",\"logo\":{\"@type\":\"ImageObject\",\"inLanguage\":\"pt-PT\",\"@id\":\"https:\\\/\\\/graphimarket.com\\\/fr\\\/#\\\/schema\\\/logo\\\/image\\\/\",\"url\":\"https:\\\/\\\/graphimarket.com\\\/wp-content\\\/uploads\\\/2020\\\/08\\\/logo-48.png\",\"contentUrl\":\"https:\\\/\\\/graphimarket.com\\\/wp-content\\\/uploads\\\/2020\\\/08\\\/logo-48.png\",\"width\":132,\"height\":48,\"caption\":\"Graphimarket\"},\"image\":{\"@id\":\"https:\\\/\\\/graphimarket.com\\\/fr\\\/#\\\/schema\\\/logo\\\/image\\\/\"}}]}<\/script>\n<!-- \/ Yoast SEO plugin. -->","yoast_head_json":{"title":"SPOT - Unique Display \/ Headline \/ Logo Typeface - Graphimarket","description":"SPOT is a unique and modern all-caps typeface for headlines, big text, branding, logotypes & display usage. This font is also ...","robots":{"index":"index","follow":"follow","max-snippet":"max-snippet:-1","max-image-preview":"max-image-preview:large","max-video-preview":"max-video-preview:-1"},"canonical":"https:\/\/graphimarket.com\/pt\/product\/spot-unique-display-headline-logo-typeface\/","og_locale":"pt_PT","og_type":"article","og_title":"SPOT - Unique Display \/ Headline \/ Logo Typeface - Graphimarket","og_description":"SPOT is a unique and modern all-caps typeface for headlines, big text, branding, logotypes & display usage. This font is also ...","og_url":"https:\/\/graphimarket.com\/pt\/product\/spot-unique-display-headline-logo-typeface\/","og_site_name":"Graphimarket","article_modified_time":"2022-12-19T09:02:33+00:00","og_image":[{"width":1019,"height":679,"url":"https:\/\/graphimarket.com\/wp-content\/uploads\/2020\/09\/0b77e864-d6a7-4345-954f-73a9e6740705.jpg","type":"image\/jpeg"}],"twitter_card":"summary_large_image","schema":{"@context":"https:\/\/schema.org","@graph":[{"@type":"WebPage","@id":"https:\/\/graphimarket.com\/product\/spot-unique-display-headline-logo-typeface\/","url":"https:\/\/graphimarket.com\/product\/spot-unique-display-headline-logo-typeface\/","name":"SPOT - Unique Display \/ Headline \/ Logo Typeface - Graphimarket","isPartOf":{"@id":"https:\/\/graphimarket.com\/fr\/#website"},"primaryImageOfPage":{"@id":"https:\/\/graphimarket.com\/product\/spot-unique-display-headline-logo-typeface\/#primaryimage"},"image":{"@id":"https:\/\/graphimarket.com\/product\/spot-unique-display-headline-logo-typeface\/#primaryimage"},"thumbnailUrl":"https:\/\/graphimarket.com\/wp-content\/uploads\/2020\/09\/0b77e864-d6a7-4345-954f-73a9e6740705.jpg","datePublished":"2020-09-25T07:49:07+00:00","dateModified":"2022-12-19T09:02:33+00:00","description":"SPOT is a unique and modern all-caps typeface for headlines, big text, branding, logotypes & display usage. This font is also ...","breadcrumb":{"@id":"https:\/\/graphimarket.com\/product\/spot-unique-display-headline-logo-typeface\/#breadcrumb"},"inLanguage":"pt-PT","potentialAction":[{"@type":"ReadAction","target":["https:\/\/graphimarket.com\/product\/spot-unique-display-headline-logo-typeface\/"]}]},{"@type":"ImageObject","inLanguage":"pt-PT","@id":"https:\/\/graphimarket.com\/product\/spot-unique-display-headline-logo-typeface\/#primaryimage","url":"https:\/\/graphimarket.com\/wp-content\/uploads\/2020\/09\/0b77e864-d6a7-4345-954f-73a9e6740705.jpg","contentUrl":"https:\/\/graphimarket.com\/wp-content\/uploads\/2020\/09\/0b77e864-d6a7-4345-954f-73a9e6740705.jpg","width":1019,"height":679},{"@type":"BreadcrumbList","@id":"https:\/\/graphimarket.com\/product\/spot-unique-display-headline-logo-typeface\/#breadcrumb","itemListElement":[{"@type":"ListItem","position":1,"name":"Home","item":"https:\/\/graphimarket.com\/es\/"},{"@type":"ListItem","position":2,"name":"Store","item":"https:\/\/graphimarket.com\/store\/"},{"@type":"ListItem","position":3,"name":"SPOT &#8211; Unique Display \/ Headline \/ Logo Typeface"}]},{"@type":"WebSite","@id":"https:\/\/graphimarket.com\/fr\/#website","url":"https:\/\/graphimarket.com\/fr\/","name":"Graphimarket","description":"Encontre o ativo criativo perfeito para dar vida ao seu projeto","publisher":{"@id":"https:\/\/graphimarket.com\/fr\/#organization"},"potentialAction":[{"@type":"SearchAction","target":{"@type":"EntryPoint","urlTemplate":"https:\/\/graphimarket.com\/fr\/?s={search_term_string}"},"query-input":{"@type":"PropertyValueSpecification","valueRequired":true,"valueName":"search_term_string"}}],"inLanguage":"pt-PT"},{"@type":"Organization","@id":"https:\/\/graphimarket.com\/fr\/#organization","name":"Graphimarket","url":"https:\/\/graphimarket.com\/fr\/","logo":{"@type":"ImageObject","inLanguage":"pt-PT","@id":"https:\/\/graphimarket.com\/fr\/#\/schema\/logo\/image\/","url":"https:\/\/graphimarket.com\/wp-content\/uploads\/2020\/08\/logo-48.png","contentUrl":"https:\/\/graphimarket.com\/wp-content\/uploads\/2020\/08\/logo-48.png","width":132,"height":48,"caption":"Graphimarket"},"image":{"@id":"https:\/\/graphimarket.com\/fr\/#\/schema\/logo\/image\/"}}]}},"_links":{"self":[{"href":"https:\/\/graphimarket.com\/pt\/wp-json\/wp\/v2\/product\/11086","targetHints":{"allow":["GET"]}}],"collection":[{"href":"https:\/\/graphimarket.com\/pt\/wp-json\/wp\/v2\/product"}],"about":[{"href":"https:\/\/graphimarket.com\/pt\/wp-json\/wp\/v2\/types\/product"}],"replies":[{"embeddable":true,"href":"https:\/\/graphimarket.com\/pt\/wp-json\/wp\/v2\/comments?post=11086"}],"version-history":[{"count":0,"href":"https:\/\/graphimarket.com\/pt\/wp-json\/wp\/v2\/product\/11086\/revisions"}],"wp:featuredmedia":[{"embeddable":true,"href":"https:\/\/graphimarket.com\/pt\/wp-json\/wp\/v2\/media\/11089"}],"wp:attachment":[{"href":"https:\/\/graphimarket.com\/pt\/wp-json\/wp\/v2\/media?parent=11086"}],"wp:term":[{"taxonomy":"product_brand","embeddable":true,"href":"https:\/\/graphimarket.com\/pt\/wp-json\/wp\/v2\/product_brand?post=11086"},{"taxonomy":"product_cat","embeddable":true,"href":"https:\/\/graphimarket.com\/pt\/wp-json\/wp\/v2\/product_cat?post=11086"},{"taxonomy":"product_tag","embeddable":true,"href":"https:\/\/graphimarket.com\/pt\/wp-json\/wp\/v2\/product_tag?post=11086"}],"curies":[{"name":"wp","href":"https:\/\/api.w.org\/{rel}","templated":true}]}}