{"id":11317,"date":"2020-09-25T16:23:06","date_gmt":"2020-09-25T14:23:06","guid":{"rendered":"https:\/\/graphimarket.com\/?post_type=product&#038;p=11317"},"modified":"2022-12-19T09:58:14","modified_gmt":"2022-12-19T08:58:14","slug":"swashington","status":"publish","type":"product","link":"https:\/\/graphimarket.com\/pt\/product\/swashington\/","title":{"rendered":"Swashington"},"content":{"rendered":"<div class=\"_2Masz2rr\">\n<div class=\"_2Masz2rr\">\n<p>Inspirado por algumas letras em um logotipo desenhado \u00e0 m\u00e3o, Swashington \u00e9 uma fonte serif com uma sensa\u00e7\u00e3o do in\u00edcio do s\u00e9culo 20 e ainda evoca as fontes swash dos anos 1970 tamb\u00e9m. A verdadeira carne deste tipo de letra vem com o uso de todas as variantes swash e ligadura, permitindo uma enorme quantidade de talento tipogr\u00e1fico. Come\u00e7ando com o logotipo original, Jason Walcott foi movido a desenvolver essas formas de letras interessantes em uma fonte completa com toda a for\u00e7a que ele poderia reunir. Al\u00e9m de um conjunto abrangente de letras Swash e Alternate, tamb\u00e9m existem mais de 270 Ligaturas Discricion\u00e1rias que podem ser usadas para criar diferentes possibilidades, misturando e combinando. Inclu\u00eddos com as fontes baixadas est\u00e3o dois arquivos .pdf mostrando todos os tra\u00e7os e ligaduras, que podem ser impressos e usados para f\u00e1cil refer\u00eancia. Todas as alternativas est\u00e3o dispon\u00edveis por meio da Paleta de glifos ou com recursos OpenType. A fonte inclui suporte para todos os idiomas latinos e a maioria dos idiomas da Europa Oriental.<\/p>\n<\/div>\n<\/div>\n<p>&nbsp;<\/p>\n<p><img fetchpriority=\"high\" decoding=\"async\" class=\"aligncenter wp-image-11318 size-full\" src=\"https:\/\/graphimarket.com\/wp-content\/uploads\/2020\/09\/45ec14c5-3684-46b0-b8c8-a574090a0e3b.jpg\" alt=\"\" width=\"1170\" height=\"585\" srcset=\"https:\/\/graphimarket.com\/wp-content\/uploads\/2020\/09\/45ec14c5-3684-46b0-b8c8-a574090a0e3b.jpg 1170w, https:\/\/graphimarket.com\/wp-content\/uploads\/2020\/09\/45ec14c5-3684-46b0-b8c8-a574090a0e3b-300x150.jpg 300w, https:\/\/graphimarket.com\/wp-content\/uploads\/2020\/09\/45ec14c5-3684-46b0-b8c8-a574090a0e3b-1024x512.jpg 1024w, https:\/\/graphimarket.com\/wp-content\/uploads\/2020\/09\/45ec14c5-3684-46b0-b8c8-a574090a0e3b-768x384.jpg 768w, https:\/\/graphimarket.com\/wp-content\/uploads\/2020\/09\/45ec14c5-3684-46b0-b8c8-a574090a0e3b-600x300.jpg 600w\" sizes=\"(max-width: 1170px) 100vw, 1170px\" \/> <img decoding=\"async\" class=\"aligncenter wp-image-11319 size-full\" src=\"https:\/\/graphimarket.com\/wp-content\/uploads\/2020\/09\/bc5e35ce-bd8a-48cf-938b-2ce695d357a4.jpg\" alt=\"\" width=\"1170\" height=\"585\" srcset=\"https:\/\/graphimarket.com\/wp-content\/uploads\/2020\/09\/bc5e35ce-bd8a-48cf-938b-2ce695d357a4.jpg 1170w, https:\/\/graphimarket.com\/wp-content\/uploads\/2020\/09\/bc5e35ce-bd8a-48cf-938b-2ce695d357a4-300x150.jpg 300w, https:\/\/graphimarket.com\/wp-content\/uploads\/2020\/09\/bc5e35ce-bd8a-48cf-938b-2ce695d357a4-1024x512.jpg 1024w, https:\/\/graphimarket.com\/wp-content\/uploads\/2020\/09\/bc5e35ce-bd8a-48cf-938b-2ce695d357a4-768x384.jpg 768w, https:\/\/graphimarket.com\/wp-content\/uploads\/2020\/09\/bc5e35ce-bd8a-48cf-938b-2ce695d357a4-600x300.jpg 600w\" sizes=\"(max-width: 1170px) 100vw, 1170px\" \/> <img decoding=\"async\" class=\"aligncenter wp-image-11320 size-full\" src=\"https:\/\/graphimarket.com\/wp-content\/uploads\/2020\/09\/79359c89-544a-441e-b36e-75a37c00bf78.jpg\" alt=\"\" width=\"1170\" height=\"780\" srcset=\"https:\/\/graphimarket.com\/wp-content\/uploads\/2020\/09\/79359c89-544a-441e-b36e-75a37c00bf78.jpg 1170w, https:\/\/graphimarket.com\/wp-content\/uploads\/2020\/09\/79359c89-544a-441e-b36e-75a37c00bf78-300x200.jpg 300w, https:\/\/graphimarket.com\/wp-content\/uploads\/2020\/09\/79359c89-544a-441e-b36e-75a37c00bf78-1024x683.jpg 1024w, https:\/\/graphimarket.com\/wp-content\/uploads\/2020\/09\/79359c89-544a-441e-b36e-75a37c00bf78-768x512.jpg 768w, https:\/\/graphimarket.com\/wp-content\/uploads\/2020\/09\/79359c89-544a-441e-b36e-75a37c00bf78-600x400.jpg 600w\" sizes=\"(max-width: 1170px) 100vw, 1170px\" \/> <img loading=\"lazy\" decoding=\"async\" class=\"aligncenter wp-image-11321 size-full\" src=\"https:\/\/graphimarket.com\/wp-content\/uploads\/2020\/09\/1adbcc2c-810f-45f0-a4c8-6298d74bb6dc.jpg\" alt=\"\" width=\"1170\" height=\"585\" srcset=\"https:\/\/graphimarket.com\/wp-content\/uploads\/2020\/09\/1adbcc2c-810f-45f0-a4c8-6298d74bb6dc.jpg 1170w, https:\/\/graphimarket.com\/wp-content\/uploads\/2020\/09\/1adbcc2c-810f-45f0-a4c8-6298d74bb6dc-300x150.jpg 300w, https:\/\/graphimarket.com\/wp-content\/uploads\/2020\/09\/1adbcc2c-810f-45f0-a4c8-6298d74bb6dc-1024x512.jpg 1024w, https:\/\/graphimarket.com\/wp-content\/uploads\/2020\/09\/1adbcc2c-810f-45f0-a4c8-6298d74bb6dc-768x384.jpg 768w, https:\/\/graphimarket.com\/wp-content\/uploads\/2020\/09\/1adbcc2c-810f-45f0-a4c8-6298d74bb6dc-600x300.jpg 600w\" sizes=\"(max-width: 1170px) 100vw, 1170px\" \/><\/p>\n<div class=\"_2Masz2rr\">\n<div class=\"_3YqMOf9R\">\n<div class=\"_3KAa4-GZ frEFeDSS\"><\/div>\n<\/div>\n<\/div>","protected":false},"excerpt":{"rendered":"<p>Inspired by a few letters in a hand-drawn logotype, Swashington is a serif font with both an early 20th Century feel and yet is evocative of the swash fonts of the 1970s as well. The real meat of this typeface comes with using all the swash and ligature variants, allowing for an enormous amount of [&hellip;]<\/p>\n","protected":false},"featured_media":11320,"comment_status":"open","ping_status":"closed","template":"","meta":{"site-sidebar-layout":"default","site-content-layout":"default","ast-site-content-layout":"default","site-content-style":"default","site-sidebar-style":"default","ast-global-header-display":"","ast-banner-title-visibility":"","ast-main-header-display":"","ast-hfb-above-header-display":"","ast-hfb-below-header-display":"","ast-hfb-mobile-header-display":"","site-post-title":"","ast-breadcrumbs-content":"","ast-featured-img":"","footer-sml-layout":"","ast-disable-related-posts":"","theme-transparent-header-meta":"default","adv-header-id-meta":"","stick-header-meta":"","header-above-stick-meta":"","header-main-stick-meta":"","header-below-stick-meta":"","astra-migrate-meta-layouts":"default","ast-page-background-enabled":"default","ast-page-background-meta":{"desktop":{"background-color":"","background-image":"","background-repeat":"repeat","background-position":"center center","background-size":"auto","background-attachment":"scroll","background-type":"","background-media":"","overlay-type":"","overlay-color":"","overlay-opacity":"","overlay-gradient":""},"tablet":{"background-color":"","background-image":"","background-repeat":"repeat","background-position":"center center","background-size":"auto","background-attachment":"scroll","background-type":"","background-media":"","overlay-type":"","overlay-color":"","overlay-opacity":"","overlay-gradient":""},"mobile":{"background-color":"","background-image":"","background-repeat":"repeat","background-position":"center center","background-size":"auto","background-attachment":"scroll","background-type":"","background-media":"","overlay-type":"","overlay-color":"","overlay-opacity":"","overlay-gradient":""}},"ast-content-background-meta":{"desktop":{"background-color":"var(--ast-global-color-5)","background-image":"","background-repeat":"repeat","background-position":"center center","background-size":"auto","background-attachment":"scroll","background-type":"","background-media":"","overlay-type":"","overlay-color":"","overlay-opacity":"","overlay-gradient":""},"tablet":{"background-color":"var(--ast-global-color-5)","background-image":"","background-repeat":"repeat","background-position":"center center","background-size":"auto","background-attachment":"scroll","background-type":"","background-media":"","overlay-type":"","overlay-color":"","overlay-opacity":"","overlay-gradient":""},"mobile":{"background-color":"var(--ast-global-color-5)","background-image":"","background-repeat":"repeat","background-position":"center center","background-size":"auto","background-attachment":"scroll","background-type":"","background-media":"","overlay-type":"","overlay-color":"","overlay-opacity":"","overlay-gradient":""}}},"product_brand":[],"product_cat":[187],"product_tag":[1330,1329,255,1096,577,1063,1333,1331,691,1069,1202,1332,1328],"class_list":{"0":"post-11317","1":"product","2":"type-product","3":"status-publish","4":"has-post-thumbnail","6":"product_cat-fonts","7":"product_tag-1890s","8":"product_tag-1971s","9":"product_tag-artistic","10":"product_tag-curly","11":"product_tag-display","12":"product_tag-elegant","13":"product_tag-flowing","14":"product_tag-handlettered","15":"product_tag-sign","16":"product_tag-swash","17":"product_tag-victorian","18":"product_tag-vines","19":"product_tag-walcott","20":"desktop-align-left","21":"tablet-align-left","22":"mobile-align-left","24":"first","25":"instock","26":"downloadable","27":"virtual","28":"taxable","29":"purchasable","30":"product-type-simple"},"yoast_head":"<!-- This site is optimized with the Yoast SEO plugin v27.3 - https:\/\/yoast.com\/product\/yoast-seo-wordpress\/ -->\n<title>Swashington - Graphimarket<\/title>\n<meta name=\"description\" content=\"Inspired by a few letters in a hand-drawn logotype, Swashington is a serif font with both an early 20th Century feel and yet is evocative...\" \/>\n<meta name=\"robots\" content=\"index, follow, max-snippet:-1, max-image-preview:large, max-video-preview:-1\" \/>\n<link rel=\"canonical\" href=\"https:\/\/graphimarket.com\/pt\/product\/swashington\/\" \/>\n<meta property=\"og:locale\" content=\"pt_PT\" \/>\n<meta property=\"og:type\" content=\"article\" \/>\n<meta property=\"og:title\" content=\"Swashington - Graphimarket\" \/>\n<meta property=\"og:description\" content=\"Inspired by a few letters in a hand-drawn logotype, Swashington is a serif font with both an early 20th Century feel and yet is evocative...\" \/>\n<meta property=\"og:url\" content=\"https:\/\/graphimarket.com\/pt\/product\/swashington\/\" \/>\n<meta property=\"og:site_name\" content=\"Graphimarket\" \/>\n<meta property=\"article:modified_time\" content=\"2022-12-19T08:58:14+00:00\" \/>\n<meta property=\"og:image\" content=\"https:\/\/graphimarket.com\/wp-content\/uploads\/2020\/09\/79359c89-544a-441e-b36e-75a37c00bf78.jpg\" \/>\n\t<meta property=\"og:image:width\" content=\"1170\" \/>\n\t<meta property=\"og:image:height\" content=\"780\" \/>\n\t<meta property=\"og:image:type\" content=\"image\/jpeg\" \/>\n<meta name=\"twitter:card\" content=\"summary_large_image\" \/>\n<meta name=\"twitter:label1\" content=\"Est. reading time\" \/>\n\t<meta name=\"twitter:data1\" content=\"1 minute\" \/>\n<script type=\"application\/ld+json\" class=\"yoast-schema-graph\">{\"@context\":\"https:\\\/\\\/schema.org\",\"@graph\":[{\"@type\":\"WebPage\",\"@id\":\"https:\\\/\\\/graphimarket.com\\\/product\\\/swashington\\\/\",\"url\":\"https:\\\/\\\/graphimarket.com\\\/product\\\/swashington\\\/\",\"name\":\"Swashington - Graphimarket\",\"isPartOf\":{\"@id\":\"https:\\\/\\\/graphimarket.com\\\/fr\\\/#website\"},\"primaryImageOfPage\":{\"@id\":\"https:\\\/\\\/graphimarket.com\\\/product\\\/swashington\\\/#primaryimage\"},\"image\":{\"@id\":\"https:\\\/\\\/graphimarket.com\\\/product\\\/swashington\\\/#primaryimage\"},\"thumbnailUrl\":\"https:\\\/\\\/graphimarket.com\\\/wp-content\\\/uploads\\\/2020\\\/09\\\/79359c89-544a-441e-b36e-75a37c00bf78.jpg\",\"datePublished\":\"2020-09-25T14:23:06+00:00\",\"dateModified\":\"2022-12-19T08:58:14+00:00\",\"description\":\"Inspired by a few letters in a hand-drawn logotype, Swashington is a serif font with both an early 20th Century feel and yet is evocative...\",\"breadcrumb\":{\"@id\":\"https:\\\/\\\/graphimarket.com\\\/product\\\/swashington\\\/#breadcrumb\"},\"inLanguage\":\"pt-PT\",\"potentialAction\":[{\"@type\":\"ReadAction\",\"target\":[\"https:\\\/\\\/graphimarket.com\\\/product\\\/swashington\\\/\"]}]},{\"@type\":\"ImageObject\",\"inLanguage\":\"pt-PT\",\"@id\":\"https:\\\/\\\/graphimarket.com\\\/product\\\/swashington\\\/#primaryimage\",\"url\":\"https:\\\/\\\/graphimarket.com\\\/wp-content\\\/uploads\\\/2020\\\/09\\\/79359c89-544a-441e-b36e-75a37c00bf78.jpg\",\"contentUrl\":\"https:\\\/\\\/graphimarket.com\\\/wp-content\\\/uploads\\\/2020\\\/09\\\/79359c89-544a-441e-b36e-75a37c00bf78.jpg\",\"width\":1170,\"height\":780},{\"@type\":\"BreadcrumbList\",\"@id\":\"https:\\\/\\\/graphimarket.com\\\/product\\\/swashington\\\/#breadcrumb\",\"itemListElement\":[{\"@type\":\"ListItem\",\"position\":1,\"name\":\"Home\",\"item\":\"https:\\\/\\\/graphimarket.com\\\/es\\\/\"},{\"@type\":\"ListItem\",\"position\":2,\"name\":\"Store\",\"item\":\"https:\\\/\\\/graphimarket.com\\\/store\\\/\"},{\"@type\":\"ListItem\",\"position\":3,\"name\":\"Swashington\"}]},{\"@type\":\"WebSite\",\"@id\":\"https:\\\/\\\/graphimarket.com\\\/fr\\\/#website\",\"url\":\"https:\\\/\\\/graphimarket.com\\\/fr\\\/\",\"name\":\"Graphimarket\",\"description\":\"Find the perfect creative asset to bring your project to life\",\"publisher\":{\"@id\":\"https:\\\/\\\/graphimarket.com\\\/fr\\\/#organization\"},\"potentialAction\":[{\"@type\":\"SearchAction\",\"target\":{\"@type\":\"EntryPoint\",\"urlTemplate\":\"https:\\\/\\\/graphimarket.com\\\/fr\\\/?s={search_term_string}\"},\"query-input\":{\"@type\":\"PropertyValueSpecification\",\"valueRequired\":true,\"valueName\":\"search_term_string\"}}],\"inLanguage\":\"pt-PT\"},{\"@type\":\"Organization\",\"@id\":\"https:\\\/\\\/graphimarket.com\\\/fr\\\/#organization\",\"name\":\"Graphimarket\",\"url\":\"https:\\\/\\\/graphimarket.com\\\/fr\\\/\",\"logo\":{\"@type\":\"ImageObject\",\"inLanguage\":\"pt-PT\",\"@id\":\"https:\\\/\\\/graphimarket.com\\\/fr\\\/#\\\/schema\\\/logo\\\/image\\\/\",\"url\":\"https:\\\/\\\/graphimarket.com\\\/wp-content\\\/uploads\\\/2020\\\/08\\\/logo-48.png\",\"contentUrl\":\"https:\\\/\\\/graphimarket.com\\\/wp-content\\\/uploads\\\/2020\\\/08\\\/logo-48.png\",\"width\":132,\"height\":48,\"caption\":\"Graphimarket\"},\"image\":{\"@id\":\"https:\\\/\\\/graphimarket.com\\\/fr\\\/#\\\/schema\\\/logo\\\/image\\\/\"}}]}<\/script>\n<!-- \/ Yoast SEO plugin. -->","yoast_head_json":{"title":"Swashington - Graphimarket","description":"Inspirado por algumas letras em um logotipo desenhado \u00e0 m\u00e3o, Swashington \u00e9 uma fonte serif com uma sensa\u00e7\u00e3o do in\u00edcio do s\u00e9culo 20 e ainda assim evocativa ...","robots":{"index":"index","follow":"follow","max-snippet":"max-snippet:-1","max-image-preview":"max-image-preview:large","max-video-preview":"max-video-preview:-1"},"canonical":"https:\/\/graphimarket.com\/pt\/product\/swashington\/","og_locale":"pt_PT","og_type":"article","og_title":"Swashington - Graphimarket","og_description":"Inspired by a few letters in a hand-drawn logotype, Swashington is a serif font with both an early 20th Century feel and yet is evocative...","og_url":"https:\/\/graphimarket.com\/pt\/product\/swashington\/","og_site_name":"Graphimarket","article_modified_time":"2022-12-19T08:58:14+00:00","og_image":[{"width":1170,"height":780,"url":"https:\/\/graphimarket.com\/wp-content\/uploads\/2020\/09\/79359c89-544a-441e-b36e-75a37c00bf78.jpg","type":"image\/jpeg"}],"twitter_card":"summary_large_image","twitter_misc":{"Est. reading time":"1 minute"},"schema":{"@context":"https:\/\/schema.org","@graph":[{"@type":"WebPage","@id":"https:\/\/graphimarket.com\/product\/swashington\/","url":"https:\/\/graphimarket.com\/product\/swashington\/","name":"Swashington - Graphimarket","isPartOf":{"@id":"https:\/\/graphimarket.com\/fr\/#website"},"primaryImageOfPage":{"@id":"https:\/\/graphimarket.com\/product\/swashington\/#primaryimage"},"image":{"@id":"https:\/\/graphimarket.com\/product\/swashington\/#primaryimage"},"thumbnailUrl":"https:\/\/graphimarket.com\/wp-content\/uploads\/2020\/09\/79359c89-544a-441e-b36e-75a37c00bf78.jpg","datePublished":"2020-09-25T14:23:06+00:00","dateModified":"2022-12-19T08:58:14+00:00","description":"Inspirado por algumas letras em um logotipo desenhado \u00e0 m\u00e3o, Swashington \u00e9 uma fonte serif com uma sensa\u00e7\u00e3o do in\u00edcio do s\u00e9culo 20 e ainda assim evocativa ...","breadcrumb":{"@id":"https:\/\/graphimarket.com\/product\/swashington\/#breadcrumb"},"inLanguage":"pt-PT","potentialAction":[{"@type":"ReadAction","target":["https:\/\/graphimarket.com\/product\/swashington\/"]}]},{"@type":"ImageObject","inLanguage":"pt-PT","@id":"https:\/\/graphimarket.com\/product\/swashington\/#primaryimage","url":"https:\/\/graphimarket.com\/wp-content\/uploads\/2020\/09\/79359c89-544a-441e-b36e-75a37c00bf78.jpg","contentUrl":"https:\/\/graphimarket.com\/wp-content\/uploads\/2020\/09\/79359c89-544a-441e-b36e-75a37c00bf78.jpg","width":1170,"height":780},{"@type":"BreadcrumbList","@id":"https:\/\/graphimarket.com\/product\/swashington\/#breadcrumb","itemListElement":[{"@type":"ListItem","position":1,"name":"Home","item":"https:\/\/graphimarket.com\/es\/"},{"@type":"ListItem","position":2,"name":"Store","item":"https:\/\/graphimarket.com\/store\/"},{"@type":"ListItem","position":3,"name":"Swashington"}]},{"@type":"WebSite","@id":"https:\/\/graphimarket.com\/fr\/#website","url":"https:\/\/graphimarket.com\/fr\/","name":"Graphimarket","description":"Encontre o ativo criativo perfeito para dar vida ao seu projeto","publisher":{"@id":"https:\/\/graphimarket.com\/fr\/#organization"},"potentialAction":[{"@type":"SearchAction","target":{"@type":"EntryPoint","urlTemplate":"https:\/\/graphimarket.com\/fr\/?s={search_term_string}"},"query-input":{"@type":"PropertyValueSpecification","valueRequired":true,"valueName":"search_term_string"}}],"inLanguage":"pt-PT"},{"@type":"Organization","@id":"https:\/\/graphimarket.com\/fr\/#organization","name":"Graphimarket","url":"https:\/\/graphimarket.com\/fr\/","logo":{"@type":"ImageObject","inLanguage":"pt-PT","@id":"https:\/\/graphimarket.com\/fr\/#\/schema\/logo\/image\/","url":"https:\/\/graphimarket.com\/wp-content\/uploads\/2020\/08\/logo-48.png","contentUrl":"https:\/\/graphimarket.com\/wp-content\/uploads\/2020\/08\/logo-48.png","width":132,"height":48,"caption":"Graphimarket"},"image":{"@id":"https:\/\/graphimarket.com\/fr\/#\/schema\/logo\/image\/"}}]}},"_links":{"self":[{"href":"https:\/\/graphimarket.com\/pt\/wp-json\/wp\/v2\/product\/11317","targetHints":{"allow":["GET"]}}],"collection":[{"href":"https:\/\/graphimarket.com\/pt\/wp-json\/wp\/v2\/product"}],"about":[{"href":"https:\/\/graphimarket.com\/pt\/wp-json\/wp\/v2\/types\/product"}],"replies":[{"embeddable":true,"href":"https:\/\/graphimarket.com\/pt\/wp-json\/wp\/v2\/comments?post=11317"}],"version-history":[{"count":0,"href":"https:\/\/graphimarket.com\/pt\/wp-json\/wp\/v2\/product\/11317\/revisions"}],"wp:featuredmedia":[{"embeddable":true,"href":"https:\/\/graphimarket.com\/pt\/wp-json\/wp\/v2\/media\/11320"}],"wp:attachment":[{"href":"https:\/\/graphimarket.com\/pt\/wp-json\/wp\/v2\/media?parent=11317"}],"wp:term":[{"taxonomy":"product_brand","embeddable":true,"href":"https:\/\/graphimarket.com\/pt\/wp-json\/wp\/v2\/product_brand?post=11317"},{"taxonomy":"product_cat","embeddable":true,"href":"https:\/\/graphimarket.com\/pt\/wp-json\/wp\/v2\/product_cat?post=11317"},{"taxonomy":"product_tag","embeddable":true,"href":"https:\/\/graphimarket.com\/pt\/wp-json\/wp\/v2\/product_tag?post=11317"}],"curies":[{"name":"wp","href":"https:\/\/api.w.org\/{rel}","templated":true}]}}