{"id":11394,"date":"2020-09-28T16:47:35","date_gmt":"2020-09-28T14:47:35","guid":{"rendered":"https:\/\/graphimarket.com\/?post_type=product&#038;p=11394"},"modified":"2022-12-19T09:54:24","modified_gmt":"2022-12-19T08:54:24","slug":"creamy-mobile-pc-lightroom-preset","status":"publish","type":"product","link":"https:\/\/graphimarket.com\/pt\/product\/creamy-mobile-pc-lightroom-preset\/","title":{"rendered":"Creamy Mobile &#038; PC Lightroom Preset"},"content":{"rendered":"<div class=\"_2Masz2rr\">\n<p>These presets are perfect for creating a solid Instagram portfolio with an aesthetic style and modern colors, you can create unique photos in a moment.<\/p>\n<p>Includes a fine-tuned &amp; unique preset to turn your shots into stylish ones. The preset is universal and suitable for any kind of photo so feel free to use.<\/p>\n<p>Get creative and take your Instagram feed, blog or portfolio to the next level.\u00a0<strong>Options<\/strong>\u00a0*Compatible with the free version of Lightroom Mobile *Working without Adobe subscription *IPhone or Android device &amp; Desktop Responsive<\/p>\n<p>A edi\u00e7\u00e3o fornecida ajudar\u00e1 voc\u00ea a obter um efeito cinematogr\u00e1fico legal. Suas fotos ter\u00e3o uma apar\u00eancia atraente.<\/p>\n<p><strong>Recursos:<\/strong><\/p>\n<p>*One click effect *End-quality result. *Editable effects. *Non-destructive Workflow.<\/p>\n<p><strong>CONSELHOS E DICAS<\/strong><\/p>\n<p>Para obter um resultado de alta qualidade, tente usar imagens de alta resolu\u00e7\u00e3o. se voc\u00ea usar imagens de baixa qualidade, obter\u00e1 resultados de baixa qualidade. Tente usar fotos diferentes para descobrir qual \u00e9 a perfeita.<\/p>\n<p><strong>Este pacote cont\u00e9m<\/strong>\u00a0Presets Files Instructions File<\/p>\n<p><strong>Compatibilidade:<\/strong><\/p>\n<p>*Lightroom 4, 5, 6 and 7(CC) *Adobe Lightroom Mobile *Compatible with Mac and PC *Works on RAW and JPEG images If you have any questions, feel free to contact us.<\/p>\n<p>&nbsp;<\/p>\n<\/div>\n<div class=\"_3YqMOf9R\">\n<div class=\"_3KAa4-GZ frEFeDSS\"><img fetchpriority=\"high\" decoding=\"async\" class=\"aligncenter wp-image-11396 size-full\" src=\"https:\/\/graphimarket.com\/wp-content\/uploads\/2020\/09\/b616ec9a-c7c4-47f5-82cc-ff2e61d60080-1.jpg\" alt=\"\" width=\"1170\" height=\"780\" srcset=\"https:\/\/graphimarket.com\/wp-content\/uploads\/2020\/09\/b616ec9a-c7c4-47f5-82cc-ff2e61d60080-1.jpg 1170w, https:\/\/graphimarket.com\/wp-content\/uploads\/2020\/09\/b616ec9a-c7c4-47f5-82cc-ff2e61d60080-1-300x200.jpg 300w, https:\/\/graphimarket.com\/wp-content\/uploads\/2020\/09\/b616ec9a-c7c4-47f5-82cc-ff2e61d60080-1-1024x683.jpg 1024w, https:\/\/graphimarket.com\/wp-content\/uploads\/2020\/09\/b616ec9a-c7c4-47f5-82cc-ff2e61d60080-1-768x512.jpg 768w, https:\/\/graphimarket.com\/wp-content\/uploads\/2020\/09\/b616ec9a-c7c4-47f5-82cc-ff2e61d60080-1-600x400.jpg 600w\" sizes=\"(max-width: 1170px) 100vw, 1170px\" \/><\/div>\n<\/div>","protected":false},"excerpt":{"rendered":"<p>These presets are perfect for creating a solid Instagram portfolio with an aesthetic style and modern colors, you can create unique photos in a moment. Includes a fine-tuned &amp; unique preset to turn your shots into stylish ones. The preset is universal and suitable for any kind of photo so feel free to use. Get [&hellip;]<\/p>\n","protected":false},"featured_media":11395,"comment_status":"open","ping_status":"closed","template":"","meta":{"site-sidebar-layout":"default","site-content-layout":"default","ast-site-content-layout":"default","site-content-style":"default","site-sidebar-style":"default","ast-global-header-display":"","ast-banner-title-visibility":"","ast-main-header-display":"","ast-hfb-above-header-display":"","ast-hfb-below-header-display":"","ast-hfb-mobile-header-display":"","site-post-title":"","ast-breadcrumbs-content":"","ast-featured-img":"","footer-sml-layout":"","ast-disable-related-posts":"","theme-transparent-header-meta":"default","adv-header-id-meta":"","stick-header-meta":"","header-above-stick-meta":"","header-main-stick-meta":"","header-below-stick-meta":"","astra-migrate-meta-layouts":"default","ast-page-background-enabled":"default","ast-page-background-meta":{"desktop":{"background-color":"","background-image":"","background-repeat":"repeat","background-position":"center center","background-size":"auto","background-attachment":"scroll","background-type":"","background-media":"","overlay-type":"","overlay-color":"","overlay-opacity":"","overlay-gradient":""},"tablet":{"background-color":"","background-image":"","background-repeat":"repeat","background-position":"center center","background-size":"auto","background-attachment":"scroll","background-type":"","background-media":"","overlay-type":"","overlay-color":"","overlay-opacity":"","overlay-gradient":""},"mobile":{"background-color":"","background-image":"","background-repeat":"repeat","background-position":"center center","background-size":"auto","background-attachment":"scroll","background-type":"","background-media":"","overlay-type":"","overlay-color":"","overlay-opacity":"","overlay-gradient":""}},"ast-content-background-meta":{"desktop":{"background-color":"var(--ast-global-color-5)","background-image":"","background-repeat":"repeat","background-position":"center center","background-size":"auto","background-attachment":"scroll","background-type":"","background-media":"","overlay-type":"","overlay-color":"","overlay-opacity":"","overlay-gradient":""},"tablet":{"background-color":"var(--ast-global-color-5)","background-image":"","background-repeat":"repeat","background-position":"center center","background-size":"auto","background-attachment":"scroll","background-type":"","background-media":"","overlay-type":"","overlay-color":"","overlay-opacity":"","overlay-gradient":""},"mobile":{"background-color":"var(--ast-global-color-5)","background-image":"","background-repeat":"repeat","background-position":"center center","background-size":"auto","background-attachment":"scroll","background-type":"","background-media":"","overlay-type":"","overlay-color":"","overlay-opacity":"","overlay-gradient":""}}},"product_brand":[],"product_cat":[131],"product_tag":[1362,370,1374,274,339,1375,371,372,335,379,252,412,1104,1351],"class_list":{"0":"post-11394","1":"product","2":"type-product","3":"status-publish","4":"has-post-thumbnail","6":"product_cat-lightroom-preset","7":"product_tag-beach","8":"product_tag-blogger","9":"product_tag-creamy","10":"product_tag-effect","11":"product_tag-filter","12":"product_tag-ig","13":"product_tag-insta","14":"product_tag-instagram","15":"product_tag-lightroom","16":"product_tag-mobile","17":"product_tag-photography","18":"product_tag-preset","19":"product_tag-summer","20":"product_tag-travel","21":"desktop-align-left","22":"tablet-align-left","23":"mobile-align-left","25":"first","26":"instock","27":"downloadable","28":"virtual","29":"taxable","30":"purchasable","31":"product-type-simple"},"yoast_head":"<!-- This site is optimized with the Yoast SEO plugin v27.3 - https:\/\/yoast.com\/product\/yoast-seo-wordpress\/ -->\n<title>Creamy Mobile &amp; PC Lightroom Preset - Graphimarket<\/title>\n<meta name=\"description\" content=\"These presets are perfect for creating a solid Instagram portfolio with an aesthetic style and modern colors, you can create unique...\" \/>\n<meta name=\"robots\" content=\"index, follow, max-snippet:-1, max-image-preview:large, max-video-preview:-1\" \/>\n<link rel=\"canonical\" href=\"https:\/\/graphimarket.com\/pt\/product\/creamy-mobile-pc-lightroom-preset\/\" \/>\n<meta property=\"og:locale\" content=\"pt_PT\" \/>\n<meta property=\"og:type\" content=\"article\" \/>\n<meta property=\"og:title\" content=\"Creamy Mobile &amp; PC Lightroom Preset - Graphimarket\" \/>\n<meta property=\"og:description\" content=\"These presets are perfect for creating a solid Instagram portfolio with an aesthetic style and modern colors, you can create unique...\" \/>\n<meta property=\"og:url\" content=\"https:\/\/graphimarket.com\/pt\/product\/creamy-mobile-pc-lightroom-preset\/\" \/>\n<meta property=\"og:site_name\" content=\"Graphimarket\" \/>\n<meta property=\"article:modified_time\" content=\"2022-12-19T08:54:24+00:00\" \/>\n<meta property=\"og:image\" content=\"https:\/\/graphimarket.com\/wp-content\/uploads\/2020\/09\/b616ec9a-c7c4-47f5-82cc-ff2e61d60080.jpg\" \/>\n\t<meta property=\"og:image:width\" content=\"1170\" \/>\n\t<meta property=\"og:image:height\" content=\"780\" \/>\n\t<meta property=\"og:image:type\" content=\"image\/jpeg\" \/>\n<meta name=\"twitter:card\" content=\"summary_large_image\" \/>\n<meta name=\"twitter:label1\" content=\"Est. reading time\" \/>\n\t<meta name=\"twitter:data1\" content=\"1 minute\" \/>\n<script type=\"application\/ld+json\" class=\"yoast-schema-graph\">{\"@context\":\"https:\\\/\\\/schema.org\",\"@graph\":[{\"@type\":\"WebPage\",\"@id\":\"https:\\\/\\\/graphimarket.com\\\/product\\\/creamy-mobile-pc-lightroom-preset\\\/\",\"url\":\"https:\\\/\\\/graphimarket.com\\\/product\\\/creamy-mobile-pc-lightroom-preset\\\/\",\"name\":\"Creamy Mobile & PC Lightroom Preset - Graphimarket\",\"isPartOf\":{\"@id\":\"https:\\\/\\\/graphimarket.com\\\/fr\\\/#website\"},\"primaryImageOfPage\":{\"@id\":\"https:\\\/\\\/graphimarket.com\\\/product\\\/creamy-mobile-pc-lightroom-preset\\\/#primaryimage\"},\"image\":{\"@id\":\"https:\\\/\\\/graphimarket.com\\\/product\\\/creamy-mobile-pc-lightroom-preset\\\/#primaryimage\"},\"thumbnailUrl\":\"https:\\\/\\\/graphimarket.com\\\/wp-content\\\/uploads\\\/2020\\\/09\\\/b616ec9a-c7c4-47f5-82cc-ff2e61d60080.jpg\",\"datePublished\":\"2020-09-28T14:47:35+00:00\",\"dateModified\":\"2022-12-19T08:54:24+00:00\",\"description\":\"These presets are perfect for creating a solid Instagram portfolio with an aesthetic style and modern colors, you can create unique...\",\"breadcrumb\":{\"@id\":\"https:\\\/\\\/graphimarket.com\\\/product\\\/creamy-mobile-pc-lightroom-preset\\\/#breadcrumb\"},\"inLanguage\":\"pt-PT\",\"potentialAction\":[{\"@type\":\"ReadAction\",\"target\":[\"https:\\\/\\\/graphimarket.com\\\/product\\\/creamy-mobile-pc-lightroom-preset\\\/\"]}]},{\"@type\":\"ImageObject\",\"inLanguage\":\"pt-PT\",\"@id\":\"https:\\\/\\\/graphimarket.com\\\/product\\\/creamy-mobile-pc-lightroom-preset\\\/#primaryimage\",\"url\":\"https:\\\/\\\/graphimarket.com\\\/wp-content\\\/uploads\\\/2020\\\/09\\\/b616ec9a-c7c4-47f5-82cc-ff2e61d60080.jpg\",\"contentUrl\":\"https:\\\/\\\/graphimarket.com\\\/wp-content\\\/uploads\\\/2020\\\/09\\\/b616ec9a-c7c4-47f5-82cc-ff2e61d60080.jpg\",\"width\":1170,\"height\":780},{\"@type\":\"BreadcrumbList\",\"@id\":\"https:\\\/\\\/graphimarket.com\\\/product\\\/creamy-mobile-pc-lightroom-preset\\\/#breadcrumb\",\"itemListElement\":[{\"@type\":\"ListItem\",\"position\":1,\"name\":\"Home\",\"item\":\"https:\\\/\\\/graphimarket.com\\\/es\\\/\"},{\"@type\":\"ListItem\",\"position\":2,\"name\":\"Store\",\"item\":\"https:\\\/\\\/graphimarket.com\\\/store\\\/\"},{\"@type\":\"ListItem\",\"position\":3,\"name\":\"Creamy Mobile &#038; PC Lightroom Preset\"}]},{\"@type\":\"WebSite\",\"@id\":\"https:\\\/\\\/graphimarket.com\\\/fr\\\/#website\",\"url\":\"https:\\\/\\\/graphimarket.com\\\/fr\\\/\",\"name\":\"Graphimarket\",\"description\":\"Find the perfect creative asset to bring your project to life\",\"publisher\":{\"@id\":\"https:\\\/\\\/graphimarket.com\\\/fr\\\/#organization\"},\"potentialAction\":[{\"@type\":\"SearchAction\",\"target\":{\"@type\":\"EntryPoint\",\"urlTemplate\":\"https:\\\/\\\/graphimarket.com\\\/fr\\\/?s={search_term_string}\"},\"query-input\":{\"@type\":\"PropertyValueSpecification\",\"valueRequired\":true,\"valueName\":\"search_term_string\"}}],\"inLanguage\":\"pt-PT\"},{\"@type\":\"Organization\",\"@id\":\"https:\\\/\\\/graphimarket.com\\\/fr\\\/#organization\",\"name\":\"Graphimarket\",\"url\":\"https:\\\/\\\/graphimarket.com\\\/fr\\\/\",\"logo\":{\"@type\":\"ImageObject\",\"inLanguage\":\"pt-PT\",\"@id\":\"https:\\\/\\\/graphimarket.com\\\/fr\\\/#\\\/schema\\\/logo\\\/image\\\/\",\"url\":\"https:\\\/\\\/graphimarket.com\\\/wp-content\\\/uploads\\\/2020\\\/08\\\/logo-48.png\",\"contentUrl\":\"https:\\\/\\\/graphimarket.com\\\/wp-content\\\/uploads\\\/2020\\\/08\\\/logo-48.png\",\"width\":132,\"height\":48,\"caption\":\"Graphimarket\"},\"image\":{\"@id\":\"https:\\\/\\\/graphimarket.com\\\/fr\\\/#\\\/schema\\\/logo\\\/image\\\/\"}}]}<\/script>\n<!-- \/ Yoast SEO plugin. -->","yoast_head_json":{"title":"Creamy Mobile & PC Lightroom Preset - Graphimarket","description":"These presets are perfect for creating a solid Instagram portfolio with an aesthetic style and modern colors, you can create unique...","robots":{"index":"index","follow":"follow","max-snippet":"max-snippet:-1","max-image-preview":"max-image-preview:large","max-video-preview":"max-video-preview:-1"},"canonical":"https:\/\/graphimarket.com\/pt\/product\/creamy-mobile-pc-lightroom-preset\/","og_locale":"pt_PT","og_type":"article","og_title":"Creamy Mobile & PC Lightroom Preset - Graphimarket","og_description":"These presets are perfect for creating a solid Instagram portfolio with an aesthetic style and modern colors, you can create unique...","og_url":"https:\/\/graphimarket.com\/pt\/product\/creamy-mobile-pc-lightroom-preset\/","og_site_name":"Graphimarket","article_modified_time":"2022-12-19T08:54:24+00:00","og_image":[{"width":1170,"height":780,"url":"https:\/\/graphimarket.com\/wp-content\/uploads\/2020\/09\/b616ec9a-c7c4-47f5-82cc-ff2e61d60080.jpg","type":"image\/jpeg"}],"twitter_card":"summary_large_image","twitter_misc":{"Est. reading time":"1 minute"},"schema":{"@context":"https:\/\/schema.org","@graph":[{"@type":"WebPage","@id":"https:\/\/graphimarket.com\/product\/creamy-mobile-pc-lightroom-preset\/","url":"https:\/\/graphimarket.com\/product\/creamy-mobile-pc-lightroom-preset\/","name":"Creamy Mobile & PC Lightroom Preset - Graphimarket","isPartOf":{"@id":"https:\/\/graphimarket.com\/fr\/#website"},"primaryImageOfPage":{"@id":"https:\/\/graphimarket.com\/product\/creamy-mobile-pc-lightroom-preset\/#primaryimage"},"image":{"@id":"https:\/\/graphimarket.com\/product\/creamy-mobile-pc-lightroom-preset\/#primaryimage"},"thumbnailUrl":"https:\/\/graphimarket.com\/wp-content\/uploads\/2020\/09\/b616ec9a-c7c4-47f5-82cc-ff2e61d60080.jpg","datePublished":"2020-09-28T14:47:35+00:00","dateModified":"2022-12-19T08:54:24+00:00","description":"These presets are perfect for creating a solid Instagram portfolio with an aesthetic style and modern colors, you can create unique...","breadcrumb":{"@id":"https:\/\/graphimarket.com\/product\/creamy-mobile-pc-lightroom-preset\/#breadcrumb"},"inLanguage":"pt-PT","potentialAction":[{"@type":"ReadAction","target":["https:\/\/graphimarket.com\/product\/creamy-mobile-pc-lightroom-preset\/"]}]},{"@type":"ImageObject","inLanguage":"pt-PT","@id":"https:\/\/graphimarket.com\/product\/creamy-mobile-pc-lightroom-preset\/#primaryimage","url":"https:\/\/graphimarket.com\/wp-content\/uploads\/2020\/09\/b616ec9a-c7c4-47f5-82cc-ff2e61d60080.jpg","contentUrl":"https:\/\/graphimarket.com\/wp-content\/uploads\/2020\/09\/b616ec9a-c7c4-47f5-82cc-ff2e61d60080.jpg","width":1170,"height":780},{"@type":"BreadcrumbList","@id":"https:\/\/graphimarket.com\/product\/creamy-mobile-pc-lightroom-preset\/#breadcrumb","itemListElement":[{"@type":"ListItem","position":1,"name":"Home","item":"https:\/\/graphimarket.com\/es\/"},{"@type":"ListItem","position":2,"name":"Store","item":"https:\/\/graphimarket.com\/store\/"},{"@type":"ListItem","position":3,"name":"Creamy Mobile &#038; PC Lightroom Preset"}]},{"@type":"WebSite","@id":"https:\/\/graphimarket.com\/fr\/#website","url":"https:\/\/graphimarket.com\/fr\/","name":"Graphimarket","description":"Encontre o ativo criativo perfeito para dar vida ao seu projeto","publisher":{"@id":"https:\/\/graphimarket.com\/fr\/#organization"},"potentialAction":[{"@type":"SearchAction","target":{"@type":"EntryPoint","urlTemplate":"https:\/\/graphimarket.com\/fr\/?s={search_term_string}"},"query-input":{"@type":"PropertyValueSpecification","valueRequired":true,"valueName":"search_term_string"}}],"inLanguage":"pt-PT"},{"@type":"Organization","@id":"https:\/\/graphimarket.com\/fr\/#organization","name":"Graphimarket","url":"https:\/\/graphimarket.com\/fr\/","logo":{"@type":"ImageObject","inLanguage":"pt-PT","@id":"https:\/\/graphimarket.com\/fr\/#\/schema\/logo\/image\/","url":"https:\/\/graphimarket.com\/wp-content\/uploads\/2020\/08\/logo-48.png","contentUrl":"https:\/\/graphimarket.com\/wp-content\/uploads\/2020\/08\/logo-48.png","width":132,"height":48,"caption":"Graphimarket"},"image":{"@id":"https:\/\/graphimarket.com\/fr\/#\/schema\/logo\/image\/"}}]}},"_links":{"self":[{"href":"https:\/\/graphimarket.com\/pt\/wp-json\/wp\/v2\/product\/11394","targetHints":{"allow":["GET"]}}],"collection":[{"href":"https:\/\/graphimarket.com\/pt\/wp-json\/wp\/v2\/product"}],"about":[{"href":"https:\/\/graphimarket.com\/pt\/wp-json\/wp\/v2\/types\/product"}],"replies":[{"embeddable":true,"href":"https:\/\/graphimarket.com\/pt\/wp-json\/wp\/v2\/comments?post=11394"}],"version-history":[{"count":0,"href":"https:\/\/graphimarket.com\/pt\/wp-json\/wp\/v2\/product\/11394\/revisions"}],"wp:featuredmedia":[{"embeddable":true,"href":"https:\/\/graphimarket.com\/pt\/wp-json\/wp\/v2\/media\/11395"}],"wp:attachment":[{"href":"https:\/\/graphimarket.com\/pt\/wp-json\/wp\/v2\/media?parent=11394"}],"wp:term":[{"taxonomy":"product_brand","embeddable":true,"href":"https:\/\/graphimarket.com\/pt\/wp-json\/wp\/v2\/product_brand?post=11394"},{"taxonomy":"product_cat","embeddable":true,"href":"https:\/\/graphimarket.com\/pt\/wp-json\/wp\/v2\/product_cat?post=11394"},{"taxonomy":"product_tag","embeddable":true,"href":"https:\/\/graphimarket.com\/pt\/wp-json\/wp\/v2\/product_tag?post=11394"}],"curies":[{"name":"wp","href":"https:\/\/api.w.org\/{rel}","templated":true}]}}