{"id":12408,"date":"2020-10-14T18:02:38","date_gmt":"2020-10-14T16:02:38","guid":{"rendered":"https:\/\/graphimarket.com\/?post_type=product&#038;p=12408"},"modified":"2022-12-19T09:33:00","modified_gmt":"2022-12-19T08:33:00","slug":"ornate-bundle-branding-and-logos","status":"publish","type":"product","link":"https:\/\/graphimarket.com\/pt\/product\/ornate-bundle-branding-and-logos\/","title":{"rendered":"Pacote Ornamentado. Identidade visual e logotipos"},"content":{"rendered":"<div class=\"_2Masz2rr\">\n<p>Apresentando o Ornate Logo Bundle, um pacote muito pr\u00e1tico e multifuncional de elementos vetoriais desenhados \u00e0 m\u00e3o! Ele cont\u00e9m cerca de 200 elementos que voc\u00ea pode usar para qualquer finalidade: cria\u00e7\u00e3o de logotipo exclusivo, identidade da marca, embalagem, planos de fundo do site, etc. O pacote inclui combina\u00e7\u00f5es de floreios, molduras, divis\u00f3rias, monogramas e diversos outros elementos. Com tudo isso voc\u00ea pode criar o design que quiser!<\/p>\n<p><strong>O que \u00e9 legal sobre esse pacote:<\/strong><\/p>\n<ul>\n<li>elementos desenhados \u00e0 m\u00e3o com apar\u00eancia aut\u00eantica. Eles podem ser desiguais e assim\u00e9tricos. Mas \u00e9 isso que os torna t\u00e3o \u00fanicos e interessantes.<\/li>\n<li>todos os elementos necess\u00e1rios para um design ornamentado. Voc\u00ea economizar\u00e1 muito tempo. Basta escolher um determinado elemento, mudar de cor ou girar a posi\u00e7\u00e3o, e voc\u00ea ter\u00e1 um design original e interessante pronto para ser aplicado imediatamente!<\/li>\n<li>Arquivos Adobe Illustrator e Adobe Photoshop. Voc\u00ea pode editar em qualquer um deles, mas o Illustrator \u00e9 mais prefer\u00edvel porque permite editar as partes dos enfeites separadamente.<\/li>\n<\/ul>\n<p>** Voc\u00ea vai ter:**<\/p>\n<ul>\n<li>80 ornamentos de logotipo<\/li>\n<li>40 divis\u00f3rias<\/li>\n<li>20 monogramas<\/li>\n<li>40 frames<\/li>\n<li>20 elementos individuais<\/li>\n<li>6 modelos de logotipo predefinidos em AI e PSD<\/li>\n<li>6 fontes gratuitas que foram usadas em logotipos<\/li>\n<\/ul>\n<p>A pasta PNG (com todos os elementos em arquivos png) tamb\u00e9m est\u00e1 inclu\u00edda no pacote.<\/p>\n<p>Para obter acesso a todos esses elementos, voc\u00ea deve abrir o arquivo Ornate-bundle (no AI) no Adobe Illustrator e, no painel Layer, clicar no \u00edcone de olho para tornar uma determinada camada vis\u00edvel.<\/p>\n<\/div>\n<div class=\"_3KAa4-GZ frEFeDSS\"><\/div>\n<div><img fetchpriority=\"high\" decoding=\"async\" class=\"aligncenter wp-image-12409 size-full\" src=\"https:\/\/graphimarket.com\/wp-content\/uploads\/2020\/10\/07457ec3-f9c2-4e02-84de-5abaaa996f58.jpg\" alt=\"\" width=\"653\" height=\"1500\" srcset=\"https:\/\/graphimarket.com\/wp-content\/uploads\/2020\/10\/07457ec3-f9c2-4e02-84de-5abaaa996f58.jpg 653w, https:\/\/graphimarket.com\/wp-content\/uploads\/2020\/10\/07457ec3-f9c2-4e02-84de-5abaaa996f58-131x300.jpg 131w, https:\/\/graphimarket.com\/wp-content\/uploads\/2020\/10\/07457ec3-f9c2-4e02-84de-5abaaa996f58-446x1024.jpg 446w, https:\/\/graphimarket.com\/wp-content\/uploads\/2020\/10\/07457ec3-f9c2-4e02-84de-5abaaa996f58-5x12.jpg 5w, https:\/\/graphimarket.com\/wp-content\/uploads\/2020\/10\/07457ec3-f9c2-4e02-84de-5abaaa996f58-600x1378.jpg 600w\" sizes=\"(max-width: 653px) 100vw, 653px\" \/> <img decoding=\"async\" class=\"aligncenter wp-image-12410 size-full\" src=\"https:\/\/graphimarket.com\/wp-content\/uploads\/2020\/10\/8565bdef-d787-48da-8959-c7344d48d65b.jpg\" alt=\"\" width=\"910\" height=\"607\" srcset=\"https:\/\/graphimarket.com\/wp-content\/uploads\/2020\/10\/8565bdef-d787-48da-8959-c7344d48d65b.jpg 910w, https:\/\/graphimarket.com\/wp-content\/uploads\/2020\/10\/8565bdef-d787-48da-8959-c7344d48d65b-300x200.jpg 300w, https:\/\/graphimarket.com\/wp-content\/uploads\/2020\/10\/8565bdef-d787-48da-8959-c7344d48d65b-768x512.jpg 768w, https:\/\/graphimarket.com\/wp-content\/uploads\/2020\/10\/8565bdef-d787-48da-8959-c7344d48d65b-16x12.jpg 16w, https:\/\/graphimarket.com\/wp-content\/uploads\/2020\/10\/8565bdef-d787-48da-8959-c7344d48d65b-600x400.jpg 600w\" sizes=\"(max-width: 910px) 100vw, 910px\" \/> <img decoding=\"async\" class=\"aligncenter wp-image-12411 size-full\" src=\"https:\/\/graphimarket.com\/wp-content\/uploads\/2020\/10\/9601f0ef-3fe6-4c0d-a08a-247f1eb7e02f.jpg\" alt=\"\" width=\"1170\" height=\"780\" srcset=\"https:\/\/graphimarket.com\/wp-content\/uploads\/2020\/10\/9601f0ef-3fe6-4c0d-a08a-247f1eb7e02f.jpg 1170w, https:\/\/graphimarket.com\/wp-content\/uploads\/2020\/10\/9601f0ef-3fe6-4c0d-a08a-247f1eb7e02f-300x200.jpg 300w, https:\/\/graphimarket.com\/wp-content\/uploads\/2020\/10\/9601f0ef-3fe6-4c0d-a08a-247f1eb7e02f-1024x683.jpg 1024w, https:\/\/graphimarket.com\/wp-content\/uploads\/2020\/10\/9601f0ef-3fe6-4c0d-a08a-247f1eb7e02f-768x512.jpg 768w, https:\/\/graphimarket.com\/wp-content\/uploads\/2020\/10\/9601f0ef-3fe6-4c0d-a08a-247f1eb7e02f-16x12.jpg 16w, https:\/\/graphimarket.com\/wp-content\/uploads\/2020\/10\/9601f0ef-3fe6-4c0d-a08a-247f1eb7e02f-600x400.jpg 600w\" sizes=\"(max-width: 1170px) 100vw, 1170px\" \/> <img loading=\"lazy\" decoding=\"async\" class=\"aligncenter wp-image-12412 size-full\" src=\"https:\/\/graphimarket.com\/wp-content\/uploads\/2020\/10\/e28c4314-88a3-409e-a186-20b7635f18e4.jpg\" alt=\"\" width=\"910\" height=\"607\" srcset=\"https:\/\/graphimarket.com\/wp-content\/uploads\/2020\/10\/e28c4314-88a3-409e-a186-20b7635f18e4.jpg 910w, https:\/\/graphimarket.com\/wp-content\/uploads\/2020\/10\/e28c4314-88a3-409e-a186-20b7635f18e4-300x200.jpg 300w, https:\/\/graphimarket.com\/wp-content\/uploads\/2020\/10\/e28c4314-88a3-409e-a186-20b7635f18e4-768x512.jpg 768w, https:\/\/graphimarket.com\/wp-content\/uploads\/2020\/10\/e28c4314-88a3-409e-a186-20b7635f18e4-16x12.jpg 16w, https:\/\/graphimarket.com\/wp-content\/uploads\/2020\/10\/e28c4314-88a3-409e-a186-20b7635f18e4-600x400.jpg 600w\" sizes=\"(max-width: 910px) 100vw, 910px\" \/> <img loading=\"lazy\" decoding=\"async\" class=\"aligncenter wp-image-12413 size-full\" src=\"https:\/\/graphimarket.com\/wp-content\/uploads\/2020\/10\/4bb995c4-5686-45b1-ba4a-8c2db4a04958.jpg\" alt=\"\" width=\"1160\" height=\"722\" srcset=\"https:\/\/graphimarket.com\/wp-content\/uploads\/2020\/10\/4bb995c4-5686-45b1-ba4a-8c2db4a04958.jpg 1160w, https:\/\/graphimarket.com\/wp-content\/uploads\/2020\/10\/4bb995c4-5686-45b1-ba4a-8c2db4a04958-300x187.jpg 300w, https:\/\/graphimarket.com\/wp-content\/uploads\/2020\/10\/4bb995c4-5686-45b1-ba4a-8c2db4a04958-1024x637.jpg 1024w, https:\/\/graphimarket.com\/wp-content\/uploads\/2020\/10\/4bb995c4-5686-45b1-ba4a-8c2db4a04958-768x478.jpg 768w, https:\/\/graphimarket.com\/wp-content\/uploads\/2020\/10\/4bb995c4-5686-45b1-ba4a-8c2db4a04958-16x10.jpg 16w, https:\/\/graphimarket.com\/wp-content\/uploads\/2020\/10\/4bb995c4-5686-45b1-ba4a-8c2db4a04958-600x373.jpg 600w\" sizes=\"(max-width: 1160px) 100vw, 1160px\" \/> <img loading=\"lazy\" decoding=\"async\" class=\"aligncenter wp-image-12414 size-full\" src=\"https:\/\/graphimarket.com\/wp-content\/uploads\/2020\/10\/6d775908-6c74-4dc7-9663-5600eb55b6ad.jpg\" alt=\"\" width=\"910\" height=\"607\" srcset=\"https:\/\/graphimarket.com\/wp-content\/uploads\/2020\/10\/6d775908-6c74-4dc7-9663-5600eb55b6ad.jpg 910w, https:\/\/graphimarket.com\/wp-content\/uploads\/2020\/10\/6d775908-6c74-4dc7-9663-5600eb55b6ad-300x200.jpg 300w, https:\/\/graphimarket.com\/wp-content\/uploads\/2020\/10\/6d775908-6c74-4dc7-9663-5600eb55b6ad-768x512.jpg 768w, https:\/\/graphimarket.com\/wp-content\/uploads\/2020\/10\/6d775908-6c74-4dc7-9663-5600eb55b6ad-16x12.jpg 16w, https:\/\/graphimarket.com\/wp-content\/uploads\/2020\/10\/6d775908-6c74-4dc7-9663-5600eb55b6ad-600x400.jpg 600w\" sizes=\"(max-width: 910px) 100vw, 910px\" \/> <img loading=\"lazy\" decoding=\"async\" class=\"aligncenter wp-image-12415 size-full\" src=\"https:\/\/graphimarket.com\/wp-content\/uploads\/2020\/10\/46d1c2af-49bf-4103-a00e-8d1ff52768a4.jpg\" alt=\"\" width=\"910\" height=\"607\" srcset=\"https:\/\/graphimarket.com\/wp-content\/uploads\/2020\/10\/46d1c2af-49bf-4103-a00e-8d1ff52768a4.jpg 910w, https:\/\/graphimarket.com\/wp-content\/uploads\/2020\/10\/46d1c2af-49bf-4103-a00e-8d1ff52768a4-300x200.jpg 300w, https:\/\/graphimarket.com\/wp-content\/uploads\/2020\/10\/46d1c2af-49bf-4103-a00e-8d1ff52768a4-768x512.jpg 768w, https:\/\/graphimarket.com\/wp-content\/uploads\/2020\/10\/46d1c2af-49bf-4103-a00e-8d1ff52768a4-16x12.jpg 16w, https:\/\/graphimarket.com\/wp-content\/uploads\/2020\/10\/46d1c2af-49bf-4103-a00e-8d1ff52768a4-600x400.jpg 600w\" sizes=\"(max-width: 910px) 100vw, 910px\" \/> <img loading=\"lazy\" decoding=\"async\" class=\"aligncenter wp-image-12416 size-full\" src=\"https:\/\/graphimarket.com\/wp-content\/uploads\/2020\/10\/2177b0c5-06ae-4a23-8f57-ff5a9677112a.jpg\" alt=\"\" width=\"910\" height=\"607\" srcset=\"https:\/\/graphimarket.com\/wp-content\/uploads\/2020\/10\/2177b0c5-06ae-4a23-8f57-ff5a9677112a.jpg 910w, https:\/\/graphimarket.com\/wp-content\/uploads\/2020\/10\/2177b0c5-06ae-4a23-8f57-ff5a9677112a-300x200.jpg 300w, https:\/\/graphimarket.com\/wp-content\/uploads\/2020\/10\/2177b0c5-06ae-4a23-8f57-ff5a9677112a-768x512.jpg 768w, https:\/\/graphimarket.com\/wp-content\/uploads\/2020\/10\/2177b0c5-06ae-4a23-8f57-ff5a9677112a-16x12.jpg 16w, https:\/\/graphimarket.com\/wp-content\/uploads\/2020\/10\/2177b0c5-06ae-4a23-8f57-ff5a9677112a-600x400.jpg 600w\" sizes=\"(max-width: 910px) 100vw, 910px\" \/><\/div>","protected":false},"excerpt":{"rendered":"<p>Introducing the Ornate Logo Bundle, a very handy and multipurpose pack of hand-drawn vector elements! It contains about 200 elements which you can use for any purpose: unique logo creation, brand identity, packaging, website backgrounds etc. The pack includes flourishes combinations, frames, dividers, monograms and different other elements. With all of that you can create [&hellip;]<\/p>\n","protected":false},"featured_media":12411,"comment_status":"open","ping_status":"closed","template":"","meta":{"site-sidebar-layout":"default","site-content-layout":"default","ast-site-content-layout":"default","site-content-style":"default","site-sidebar-style":"default","ast-global-header-display":"","ast-banner-title-visibility":"","ast-main-header-display":"","ast-hfb-above-header-display":"","ast-hfb-below-header-display":"","ast-hfb-mobile-header-display":"","site-post-title":"","ast-breadcrumbs-content":"","ast-featured-img":"","footer-sml-layout":"","ast-disable-related-posts":"","theme-transparent-header-meta":"default","adv-header-id-meta":"","stick-header-meta":"","header-above-stick-meta":"","header-main-stick-meta":"","header-below-stick-meta":"","astra-migrate-meta-layouts":"default","ast-page-background-enabled":"default","ast-page-background-meta":{"desktop":{"background-color":"","background-image":"","background-repeat":"repeat","background-position":"center center","background-size":"auto","background-attachment":"scroll","background-type":"","background-media":"","overlay-type":"","overlay-color":"","overlay-opacity":"","overlay-gradient":""},"tablet":{"background-color":"","background-image":"","background-repeat":"repeat","background-position":"center center","background-size":"auto","background-attachment":"scroll","background-type":"","background-media":"","overlay-type":"","overlay-color":"","overlay-opacity":"","overlay-gradient":""},"mobile":{"background-color":"","background-image":"","background-repeat":"repeat","background-position":"center center","background-size":"auto","background-attachment":"scroll","background-type":"","background-media":"","overlay-type":"","overlay-color":"","overlay-opacity":"","overlay-gradient":""}},"ast-content-background-meta":{"desktop":{"background-color":"var(--ast-global-color-5)","background-image":"","background-repeat":"repeat","background-position":"center center","background-size":"auto","background-attachment":"scroll","background-type":"","background-media":"","overlay-type":"","overlay-color":"","overlay-opacity":"","overlay-gradient":""},"tablet":{"background-color":"var(--ast-global-color-5)","background-image":"","background-repeat":"repeat","background-position":"center center","background-size":"auto","background-attachment":"scroll","background-type":"","background-media":"","overlay-type":"","overlay-color":"","overlay-opacity":"","overlay-gradient":""},"mobile":{"background-color":"var(--ast-global-color-5)","background-image":"","background-repeat":"repeat","background-position":"center center","background-size":"auto","background-attachment":"scroll","background-type":"","background-media":"","overlay-type":"","overlay-color":"","overlay-opacity":"","overlay-gradient":""}}},"product_brand":[],"product_cat":[104,1609,46,108],"product_tag":[487,1654,521,1656,1653,950,271,1655,1226,235,432,1200,1208,276,326],"class_list":{"0":"post-12408","1":"product","2":"type-product","3":"status-publish","4":"has-post-thumbnail","6":"product_cat-branding","7":"product_cat-bundle","8":"product_cat-graphics","9":"product_cat-logo","10":"product_tag-decorative","11":"product_tag-dividers","12":"product_tag-element","13":"product_tag-emblem","14":"product_tag-flourishes","15":"product_tag-frames","16":"product_tag-handdrawn","17":"product_tag-monograms","18":"product_tag-ornament","19":"product_tag-ornamental","20":"product_tag-pattern","21":"product_tag-swashes","22":"product_tag-swirls","23":"product_tag-vintage","24":"product_tag-wedding","25":"desktop-align-left","26":"tablet-align-left","27":"mobile-align-left","29":"first","30":"instock","31":"sale","32":"downloadable","33":"virtual","34":"taxable","35":"purchasable","36":"product-type-simple"},"yoast_head":"<!-- This site is optimized with the Yoast SEO plugin v27.3 - https:\/\/yoast.com\/product\/yoast-seo-wordpress\/ -->\n<title>Ornate Bundle. Branding and Logos - Graphimarket<\/title>\n<meta name=\"description\" content=\"Introducing the Ornate Logo Bundle, a very handy and multipurpose pack of hand-drawn vector elements! It contains about 200...\" \/>\n<meta name=\"robots\" content=\"index, follow, max-snippet:-1, max-image-preview:large, max-video-preview:-1\" \/>\n<link rel=\"canonical\" href=\"https:\/\/graphimarket.com\/pt\/product\/ornate-bundle-branding-and-logos\/\" \/>\n<meta property=\"og:locale\" content=\"pt_PT\" \/>\n<meta property=\"og:type\" content=\"article\" \/>\n<meta property=\"og:title\" content=\"Ornate Bundle. Branding and Logos - Graphimarket\" \/>\n<meta property=\"og:description\" content=\"Introducing the Ornate Logo Bundle, a very handy and multipurpose pack of hand-drawn vector elements! It contains about 200...\" \/>\n<meta property=\"og:url\" content=\"https:\/\/graphimarket.com\/pt\/product\/ornate-bundle-branding-and-logos\/\" \/>\n<meta property=\"og:site_name\" content=\"Graphimarket\" \/>\n<meta property=\"article:modified_time\" content=\"2022-12-19T08:33:00+00:00\" \/>\n<meta property=\"og:image\" content=\"https:\/\/graphimarket.com\/wp-content\/uploads\/2020\/10\/9601f0ef-3fe6-4c0d-a08a-247f1eb7e02f.jpg\" \/>\n\t<meta property=\"og:image:width\" content=\"1170\" \/>\n\t<meta property=\"og:image:height\" content=\"780\" \/>\n\t<meta property=\"og:image:type\" content=\"image\/jpeg\" \/>\n<meta name=\"twitter:card\" content=\"summary_large_image\" \/>\n<meta name=\"twitter:label1\" content=\"Est. reading time\" \/>\n\t<meta name=\"twitter:data1\" content=\"1 minute\" \/>\n<script type=\"application\/ld+json\" class=\"yoast-schema-graph\">{\"@context\":\"https:\\\/\\\/schema.org\",\"@graph\":[{\"@type\":\"WebPage\",\"@id\":\"https:\\\/\\\/graphimarket.com\\\/product\\\/ornate-bundle-branding-and-logos\\\/\",\"url\":\"https:\\\/\\\/graphimarket.com\\\/product\\\/ornate-bundle-branding-and-logos\\\/\",\"name\":\"Ornate Bundle. Branding and Logos - Graphimarket\",\"isPartOf\":{\"@id\":\"https:\\\/\\\/graphimarket.com\\\/fr\\\/#website\"},\"primaryImageOfPage\":{\"@id\":\"https:\\\/\\\/graphimarket.com\\\/product\\\/ornate-bundle-branding-and-logos\\\/#primaryimage\"},\"image\":{\"@id\":\"https:\\\/\\\/graphimarket.com\\\/product\\\/ornate-bundle-branding-and-logos\\\/#primaryimage\"},\"thumbnailUrl\":\"https:\\\/\\\/graphimarket.com\\\/wp-content\\\/uploads\\\/2020\\\/10\\\/9601f0ef-3fe6-4c0d-a08a-247f1eb7e02f.jpg\",\"datePublished\":\"2020-10-14T16:02:38+00:00\",\"dateModified\":\"2022-12-19T08:33:00+00:00\",\"description\":\"Introducing the Ornate Logo Bundle, a very handy and multipurpose pack of hand-drawn vector elements! It contains about 200...\",\"breadcrumb\":{\"@id\":\"https:\\\/\\\/graphimarket.com\\\/product\\\/ornate-bundle-branding-and-logos\\\/#breadcrumb\"},\"inLanguage\":\"pt-PT\",\"potentialAction\":[{\"@type\":\"ReadAction\",\"target\":[\"https:\\\/\\\/graphimarket.com\\\/product\\\/ornate-bundle-branding-and-logos\\\/\"]}]},{\"@type\":\"ImageObject\",\"inLanguage\":\"pt-PT\",\"@id\":\"https:\\\/\\\/graphimarket.com\\\/product\\\/ornate-bundle-branding-and-logos\\\/#primaryimage\",\"url\":\"https:\\\/\\\/graphimarket.com\\\/wp-content\\\/uploads\\\/2020\\\/10\\\/9601f0ef-3fe6-4c0d-a08a-247f1eb7e02f.jpg\",\"contentUrl\":\"https:\\\/\\\/graphimarket.com\\\/wp-content\\\/uploads\\\/2020\\\/10\\\/9601f0ef-3fe6-4c0d-a08a-247f1eb7e02f.jpg\",\"width\":1170,\"height\":780},{\"@type\":\"BreadcrumbList\",\"@id\":\"https:\\\/\\\/graphimarket.com\\\/product\\\/ornate-bundle-branding-and-logos\\\/#breadcrumb\",\"itemListElement\":[{\"@type\":\"ListItem\",\"position\":1,\"name\":\"Home\",\"item\":\"https:\\\/\\\/graphimarket.com\\\/es\\\/\"},{\"@type\":\"ListItem\",\"position\":2,\"name\":\"Store\",\"item\":\"https:\\\/\\\/graphimarket.com\\\/store\\\/\"},{\"@type\":\"ListItem\",\"position\":3,\"name\":\"Ornate Bundle. Branding and Logos\"}]},{\"@type\":\"WebSite\",\"@id\":\"https:\\\/\\\/graphimarket.com\\\/fr\\\/#website\",\"url\":\"https:\\\/\\\/graphimarket.com\\\/fr\\\/\",\"name\":\"Graphimarket\",\"description\":\"Find the perfect creative asset to bring your project to life\",\"publisher\":{\"@id\":\"https:\\\/\\\/graphimarket.com\\\/fr\\\/#organization\"},\"potentialAction\":[{\"@type\":\"SearchAction\",\"target\":{\"@type\":\"EntryPoint\",\"urlTemplate\":\"https:\\\/\\\/graphimarket.com\\\/fr\\\/?s={search_term_string}\"},\"query-input\":{\"@type\":\"PropertyValueSpecification\",\"valueRequired\":true,\"valueName\":\"search_term_string\"}}],\"inLanguage\":\"pt-PT\"},{\"@type\":\"Organization\",\"@id\":\"https:\\\/\\\/graphimarket.com\\\/fr\\\/#organization\",\"name\":\"Graphimarket\",\"url\":\"https:\\\/\\\/graphimarket.com\\\/fr\\\/\",\"logo\":{\"@type\":\"ImageObject\",\"inLanguage\":\"pt-PT\",\"@id\":\"https:\\\/\\\/graphimarket.com\\\/fr\\\/#\\\/schema\\\/logo\\\/image\\\/\",\"url\":\"https:\\\/\\\/graphimarket.com\\\/wp-content\\\/uploads\\\/2020\\\/08\\\/logo-48.png\",\"contentUrl\":\"https:\\\/\\\/graphimarket.com\\\/wp-content\\\/uploads\\\/2020\\\/08\\\/logo-48.png\",\"width\":132,\"height\":48,\"caption\":\"Graphimarket\"},\"image\":{\"@id\":\"https:\\\/\\\/graphimarket.com\\\/fr\\\/#\\\/schema\\\/logo\\\/image\\\/\"}}]}<\/script>\n<!-- \/ Yoast SEO plugin. -->","yoast_head_json":{"title":"Pacote Ornamentado. Identidade visual e logotipos - Graphimarket","description":"Apresentando o Ornate Logo Bundle, um pacote muito pr\u00e1tico e multifuncional de elementos vetoriais desenhados \u00e0 m\u00e3o! Ele cont\u00e9m cerca de 200 ...","robots":{"index":"index","follow":"follow","max-snippet":"max-snippet:-1","max-image-preview":"max-image-preview:large","max-video-preview":"max-video-preview:-1"},"canonical":"https:\/\/graphimarket.com\/pt\/product\/ornate-bundle-branding-and-logos\/","og_locale":"pt_PT","og_type":"article","og_title":"Ornate Bundle. Branding and Logos - Graphimarket","og_description":"Introducing the Ornate Logo Bundle, a very handy and multipurpose pack of hand-drawn vector elements! It contains about 200...","og_url":"https:\/\/graphimarket.com\/pt\/product\/ornate-bundle-branding-and-logos\/","og_site_name":"Graphimarket","article_modified_time":"2022-12-19T08:33:00+00:00","og_image":[{"width":1170,"height":780,"url":"https:\/\/graphimarket.com\/wp-content\/uploads\/2020\/10\/9601f0ef-3fe6-4c0d-a08a-247f1eb7e02f.jpg","type":"image\/jpeg"}],"twitter_card":"summary_large_image","twitter_misc":{"Est. reading time":"1 minute"},"schema":{"@context":"https:\/\/schema.org","@graph":[{"@type":"WebPage","@id":"https:\/\/graphimarket.com\/product\/ornate-bundle-branding-and-logos\/","url":"https:\/\/graphimarket.com\/product\/ornate-bundle-branding-and-logos\/","name":"Pacote Ornamentado. Identidade visual e logotipos - Graphimarket","isPartOf":{"@id":"https:\/\/graphimarket.com\/fr\/#website"},"primaryImageOfPage":{"@id":"https:\/\/graphimarket.com\/product\/ornate-bundle-branding-and-logos\/#primaryimage"},"image":{"@id":"https:\/\/graphimarket.com\/product\/ornate-bundle-branding-and-logos\/#primaryimage"},"thumbnailUrl":"https:\/\/graphimarket.com\/wp-content\/uploads\/2020\/10\/9601f0ef-3fe6-4c0d-a08a-247f1eb7e02f.jpg","datePublished":"2020-10-14T16:02:38+00:00","dateModified":"2022-12-19T08:33:00+00:00","description":"Apresentando o Ornate Logo Bundle, um pacote muito pr\u00e1tico e multifuncional de elementos vetoriais desenhados \u00e0 m\u00e3o! Ele cont\u00e9m cerca de 200 ...","breadcrumb":{"@id":"https:\/\/graphimarket.com\/product\/ornate-bundle-branding-and-logos\/#breadcrumb"},"inLanguage":"pt-PT","potentialAction":[{"@type":"ReadAction","target":["https:\/\/graphimarket.com\/product\/ornate-bundle-branding-and-logos\/"]}]},{"@type":"ImageObject","inLanguage":"pt-PT","@id":"https:\/\/graphimarket.com\/product\/ornate-bundle-branding-and-logos\/#primaryimage","url":"https:\/\/graphimarket.com\/wp-content\/uploads\/2020\/10\/9601f0ef-3fe6-4c0d-a08a-247f1eb7e02f.jpg","contentUrl":"https:\/\/graphimarket.com\/wp-content\/uploads\/2020\/10\/9601f0ef-3fe6-4c0d-a08a-247f1eb7e02f.jpg","width":1170,"height":780},{"@type":"BreadcrumbList","@id":"https:\/\/graphimarket.com\/product\/ornate-bundle-branding-and-logos\/#breadcrumb","itemListElement":[{"@type":"ListItem","position":1,"name":"Home","item":"https:\/\/graphimarket.com\/es\/"},{"@type":"ListItem","position":2,"name":"Store","item":"https:\/\/graphimarket.com\/store\/"},{"@type":"ListItem","position":3,"name":"Ornate Bundle. Branding and Logos"}]},{"@type":"WebSite","@id":"https:\/\/graphimarket.com\/fr\/#website","url":"https:\/\/graphimarket.com\/fr\/","name":"Graphimarket","description":"Encontre o ativo criativo perfeito para dar vida ao seu projeto","publisher":{"@id":"https:\/\/graphimarket.com\/fr\/#organization"},"potentialAction":[{"@type":"SearchAction","target":{"@type":"EntryPoint","urlTemplate":"https:\/\/graphimarket.com\/fr\/?s={search_term_string}"},"query-input":{"@type":"PropertyValueSpecification","valueRequired":true,"valueName":"search_term_string"}}],"inLanguage":"pt-PT"},{"@type":"Organization","@id":"https:\/\/graphimarket.com\/fr\/#organization","name":"Graphimarket","url":"https:\/\/graphimarket.com\/fr\/","logo":{"@type":"ImageObject","inLanguage":"pt-PT","@id":"https:\/\/graphimarket.com\/fr\/#\/schema\/logo\/image\/","url":"https:\/\/graphimarket.com\/wp-content\/uploads\/2020\/08\/logo-48.png","contentUrl":"https:\/\/graphimarket.com\/wp-content\/uploads\/2020\/08\/logo-48.png","width":132,"height":48,"caption":"Graphimarket"},"image":{"@id":"https:\/\/graphimarket.com\/fr\/#\/schema\/logo\/image\/"}}]}},"_links":{"self":[{"href":"https:\/\/graphimarket.com\/pt\/wp-json\/wp\/v2\/product\/12408","targetHints":{"allow":["GET"]}}],"collection":[{"href":"https:\/\/graphimarket.com\/pt\/wp-json\/wp\/v2\/product"}],"about":[{"href":"https:\/\/graphimarket.com\/pt\/wp-json\/wp\/v2\/types\/product"}],"replies":[{"embeddable":true,"href":"https:\/\/graphimarket.com\/pt\/wp-json\/wp\/v2\/comments?post=12408"}],"version-history":[{"count":0,"href":"https:\/\/graphimarket.com\/pt\/wp-json\/wp\/v2\/product\/12408\/revisions"}],"wp:featuredmedia":[{"embeddable":true,"href":"https:\/\/graphimarket.com\/pt\/wp-json\/wp\/v2\/media\/12411"}],"wp:attachment":[{"href":"https:\/\/graphimarket.com\/pt\/wp-json\/wp\/v2\/media?parent=12408"}],"wp:term":[{"taxonomy":"product_brand","embeddable":true,"href":"https:\/\/graphimarket.com\/pt\/wp-json\/wp\/v2\/product_brand?post=12408"},{"taxonomy":"product_cat","embeddable":true,"href":"https:\/\/graphimarket.com\/pt\/wp-json\/wp\/v2\/product_cat?post=12408"},{"taxonomy":"product_tag","embeddable":true,"href":"https:\/\/graphimarket.com\/pt\/wp-json\/wp\/v2\/product_tag?post=12408"}],"curies":[{"name":"wp","href":"https:\/\/api.w.org\/{rel}","templated":true}]}}