{"id":13347,"date":"2020-11-29T13:39:08","date_gmt":"2020-11-29T12:39:08","guid":{"rendered":"https:\/\/graphimarket.com\/?post_type=product&#038;p=13347"},"modified":"2022-12-19T09:17:48","modified_gmt":"2022-12-19T08:17:48","slug":"13347","status":"publish","type":"product","link":"https:\/\/graphimarket.com\/pt\/product\/13347\/","title":{"rendered":"Mega Pack Elementor Addon"},"content":{"rendered":"<p><img fetchpriority=\"high\" decoding=\"async\" class=\"alignnone size-full wp-image-13349\" src=\"https:\/\/graphimarket.com\/wp-content\/uploads\/2020\/11\/4cbaeab6-c976-484c-a5c6-a1ae067f06fa-1.jpg\" alt=\"\" width=\"1019\" height=\"679\" srcset=\"https:\/\/graphimarket.com\/wp-content\/uploads\/2020\/11\/4cbaeab6-c976-484c-a5c6-a1ae067f06fa-1.jpg 1019w, https:\/\/graphimarket.com\/wp-content\/uploads\/2020\/11\/4cbaeab6-c976-484c-a5c6-a1ae067f06fa-1-300x200.jpg 300w, https:\/\/graphimarket.com\/wp-content\/uploads\/2020\/11\/4cbaeab6-c976-484c-a5c6-a1ae067f06fa-1-768x512.jpg 768w, https:\/\/graphimarket.com\/wp-content\/uploads\/2020\/11\/4cbaeab6-c976-484c-a5c6-a1ae067f06fa-1-16x12.jpg 16w, https:\/\/graphimarket.com\/wp-content\/uploads\/2020\/11\/4cbaeab6-c976-484c-a5c6-a1ae067f06fa-1-600x400.jpg 600w\" sizes=\"(max-width: 1019px) 100vw, 1019px\" \/><\/p>\n<p>&nbsp;<\/p>\n<p>Bem-vindo ao\u00a0<strong>Mega Pack de Widgets Elementor<\/strong>. Com este plugin incr\u00edvel, voc\u00ea tem dispon\u00edveis 49 widgets de elementor e 10 modelos prontos para usar e mais de 180 estilos diferentes para Elementor.<\/p>\n<p>Elemento obrigat\u00f3rio ou instalado se voc\u00ea quiser usar este plugin. Porque este \u00e9 um addon para Elementor<\/p>\n<p>Lista de widgets:<\/p>\n<ul>\n<li>Portf\u00f3lio (7 estilos diferentes)<\/li>\n<li>Grade (8 estilos diferentes)<\/li>\n<li>Carrossel (8 estilos diferentes)<\/li>\n<li>Compartilhamento Social<\/li>\n<li>Mostru\u00e1rio de logotipo<\/li>\n<li>Caixa de Mensagem<\/li>\n<li>Contador<\/li>\n<li>Contagem regressiva<\/li>\n<li>Gr\u00e1fico de barras<\/li>\n<li>Gr\u00e1fico de pizza<\/li>\n<li>Apelo \u00e0 a\u00e7\u00e3o<\/li>\n<li>Carrossel de blogs (6 estilos diferentes)<\/li>\n<li>Blog (6 estilos diferentes)<\/li>\n<li>Faq (3 estilos diferentes)<\/li>\n<li>Carrossel r\u00e1pido (10 estilos diferentes)<\/li>\n<li>Galeria r\u00e1pida (12 estilos diferentes)<\/li>\n<li>Mosaico Fast Gallery (10 estilos diferentes)<\/li>\n<li>Galeria de m\u00eddia r\u00e1pida (13 estilos diferentes)<\/li>\n<li>Blocos de cabe\u00e7alho (4 estilos diferentes)<\/li>\n<li>Carrossel Mega Post (5 estilos diferentes)<\/li>\n<li>Mega Post Display (5 estilos diferentes)<\/li>\n<li>News Ticker (2 estilos diferentes)<\/li>\n<li>Carrossel de not\u00edcias (5 estilos diferentes)<\/li>\n<li>Not\u00edcias (11 estilos diferentes)<\/li>\n<li>Equipe (7 estilos diferentes)<\/li>\n<li>Carrossel de equipe (7 estilos diferentes)<\/li>\n<li>Linha do tempo (2 estilos diferentes)<\/li>\n<li>Bot\u00e3o Adicionar ao carrinho do WooCommerce<\/li>\n<li>Layout de produtos WooCommerce (6 estilos diferentes)<\/li>\n<li>Carrossel de produtos WooCommerce (6 estilos diferentes)<\/li>\n<li>Demonstra\u00e7\u00e3o de produtos WooCommerce (10 estilos diferentes)<\/li>\n<li>Galeria de produtos WooCommerce (10 estilos diferentes)<\/li>\n<li>Guia de produtos WooCommerce<\/li>\n<li>Produtos de venda WooCommerce (6 estilos diferentes)<\/li>\n<li>Carrossel de produtos de venda WooCommerce (6 estilos diferentes)<\/li>\n<\/ul>\n<p><img decoding=\"async\" class=\"alignnone size-full wp-image-13350\" src=\"https:\/\/graphimarket.com\/wp-content\/uploads\/2020\/11\/598f2670-e00c-48fe-942c-72614498234b.jpg\" alt=\"\" width=\"1170\" height=\"1300\" srcset=\"https:\/\/graphimarket.com\/wp-content\/uploads\/2020\/11\/598f2670-e00c-48fe-942c-72614498234b.jpg 1170w, https:\/\/graphimarket.com\/wp-content\/uploads\/2020\/11\/598f2670-e00c-48fe-942c-72614498234b-270x300.jpg 270w, https:\/\/graphimarket.com\/wp-content\/uploads\/2020\/11\/598f2670-e00c-48fe-942c-72614498234b-922x1024.jpg 922w, https:\/\/graphimarket.com\/wp-content\/uploads\/2020\/11\/598f2670-e00c-48fe-942c-72614498234b-768x853.jpg 768w, https:\/\/graphimarket.com\/wp-content\/uploads\/2020\/11\/598f2670-e00c-48fe-942c-72614498234b-11x12.jpg 11w, https:\/\/graphimarket.com\/wp-content\/uploads\/2020\/11\/598f2670-e00c-48fe-942c-72614498234b-600x667.jpg 600w\" sizes=\"(max-width: 1170px) 100vw, 1170px\" \/> <img decoding=\"async\" class=\"alignnone size-full wp-image-13351\" src=\"https:\/\/graphimarket.com\/wp-content\/uploads\/2020\/11\/2898ecc7-efbb-4167-8927-bbf6663407f3.jpg\" alt=\"\" width=\"1170\" height=\"1299\" srcset=\"https:\/\/graphimarket.com\/wp-content\/uploads\/2020\/11\/2898ecc7-efbb-4167-8927-bbf6663407f3.jpg 1170w, https:\/\/graphimarket.com\/wp-content\/uploads\/2020\/11\/2898ecc7-efbb-4167-8927-bbf6663407f3-270x300.jpg 270w, https:\/\/graphimarket.com\/wp-content\/uploads\/2020\/11\/2898ecc7-efbb-4167-8927-bbf6663407f3-922x1024.jpg 922w, https:\/\/graphimarket.com\/wp-content\/uploads\/2020\/11\/2898ecc7-efbb-4167-8927-bbf6663407f3-768x853.jpg 768w, https:\/\/graphimarket.com\/wp-content\/uploads\/2020\/11\/2898ecc7-efbb-4167-8927-bbf6663407f3-11x12.jpg 11w, https:\/\/graphimarket.com\/wp-content\/uploads\/2020\/11\/2898ecc7-efbb-4167-8927-bbf6663407f3-600x666.jpg 600w\" sizes=\"(max-width: 1170px) 100vw, 1170px\" \/> <img loading=\"lazy\" decoding=\"async\" class=\"alignnone size-full wp-image-13352\" src=\"https:\/\/graphimarket.com\/wp-content\/uploads\/2020\/11\/44043994-a7e6-4417-a76b-3fb4b1ddde42.jpg\" alt=\"\" width=\"1170\" height=\"1300\" srcset=\"https:\/\/graphimarket.com\/wp-content\/uploads\/2020\/11\/44043994-a7e6-4417-a76b-3fb4b1ddde42.jpg 1170w, https:\/\/graphimarket.com\/wp-content\/uploads\/2020\/11\/44043994-a7e6-4417-a76b-3fb4b1ddde42-270x300.jpg 270w, https:\/\/graphimarket.com\/wp-content\/uploads\/2020\/11\/44043994-a7e6-4417-a76b-3fb4b1ddde42-922x1024.jpg 922w, https:\/\/graphimarket.com\/wp-content\/uploads\/2020\/11\/44043994-a7e6-4417-a76b-3fb4b1ddde42-768x853.jpg 768w, https:\/\/graphimarket.com\/wp-content\/uploads\/2020\/11\/44043994-a7e6-4417-a76b-3fb4b1ddde42-11x12.jpg 11w, https:\/\/graphimarket.com\/wp-content\/uploads\/2020\/11\/44043994-a7e6-4417-a76b-3fb4b1ddde42-600x667.jpg 600w\" sizes=\"(max-width: 1170px) 100vw, 1170px\" \/> <img loading=\"lazy\" decoding=\"async\" class=\"alignnone size-full wp-image-13353\" src=\"https:\/\/graphimarket.com\/wp-content\/uploads\/2020\/11\/a98a849a-2c58-4240-a608-ee8f7f176045.jpg\" alt=\"\" width=\"1170\" height=\"1300\" srcset=\"https:\/\/graphimarket.com\/wp-content\/uploads\/2020\/11\/a98a849a-2c58-4240-a608-ee8f7f176045.jpg 1170w, https:\/\/graphimarket.com\/wp-content\/uploads\/2020\/11\/a98a849a-2c58-4240-a608-ee8f7f176045-270x300.jpg 270w, https:\/\/graphimarket.com\/wp-content\/uploads\/2020\/11\/a98a849a-2c58-4240-a608-ee8f7f176045-922x1024.jpg 922w, https:\/\/graphimarket.com\/wp-content\/uploads\/2020\/11\/a98a849a-2c58-4240-a608-ee8f7f176045-768x853.jpg 768w, https:\/\/graphimarket.com\/wp-content\/uploads\/2020\/11\/a98a849a-2c58-4240-a608-ee8f7f176045-11x12.jpg 11w, https:\/\/graphimarket.com\/wp-content\/uploads\/2020\/11\/a98a849a-2c58-4240-a608-ee8f7f176045-600x667.jpg 600w\" sizes=\"(max-width: 1170px) 100vw, 1170px\" \/> <img loading=\"lazy\" decoding=\"async\" class=\"alignnone size-full wp-image-13354\" src=\"https:\/\/graphimarket.com\/wp-content\/uploads\/2020\/11\/a6288a41-1cff-465c-a6f3-2173598f3867.jpg\" alt=\"\" width=\"1170\" height=\"1300\" srcset=\"https:\/\/graphimarket.com\/wp-content\/uploads\/2020\/11\/a6288a41-1cff-465c-a6f3-2173598f3867.jpg 1170w, https:\/\/graphimarket.com\/wp-content\/uploads\/2020\/11\/a6288a41-1cff-465c-a6f3-2173598f3867-270x300.jpg 270w, https:\/\/graphimarket.com\/wp-content\/uploads\/2020\/11\/a6288a41-1cff-465c-a6f3-2173598f3867-922x1024.jpg 922w, https:\/\/graphimarket.com\/wp-content\/uploads\/2020\/11\/a6288a41-1cff-465c-a6f3-2173598f3867-768x853.jpg 768w, https:\/\/graphimarket.com\/wp-content\/uploads\/2020\/11\/a6288a41-1cff-465c-a6f3-2173598f3867-11x12.jpg 11w, https:\/\/graphimarket.com\/wp-content\/uploads\/2020\/11\/a6288a41-1cff-465c-a6f3-2173598f3867-600x667.jpg 600w\" sizes=\"(max-width: 1170px) 100vw, 1170px\" \/> <img loading=\"lazy\" decoding=\"async\" class=\"alignnone size-full wp-image-13355\" src=\"https:\/\/graphimarket.com\/wp-content\/uploads\/2020\/11\/bfd449ab-933c-4e19-b84c-767df1c7075c.jpg\" alt=\"\" width=\"1170\" height=\"1300\" srcset=\"https:\/\/graphimarket.com\/wp-content\/uploads\/2020\/11\/bfd449ab-933c-4e19-b84c-767df1c7075c.jpg 1170w, https:\/\/graphimarket.com\/wp-content\/uploads\/2020\/11\/bfd449ab-933c-4e19-b84c-767df1c7075c-270x300.jpg 270w, https:\/\/graphimarket.com\/wp-content\/uploads\/2020\/11\/bfd449ab-933c-4e19-b84c-767df1c7075c-922x1024.jpg 922w, https:\/\/graphimarket.com\/wp-content\/uploads\/2020\/11\/bfd449ab-933c-4e19-b84c-767df1c7075c-768x853.jpg 768w, https:\/\/graphimarket.com\/wp-content\/uploads\/2020\/11\/bfd449ab-933c-4e19-b84c-767df1c7075c-11x12.jpg 11w, https:\/\/graphimarket.com\/wp-content\/uploads\/2020\/11\/bfd449ab-933c-4e19-b84c-767df1c7075c-600x667.jpg 600w\" sizes=\"(max-width: 1170px) 100vw, 1170px\" \/> <img loading=\"lazy\" decoding=\"async\" class=\"alignnone size-full wp-image-13356\" src=\"https:\/\/graphimarket.com\/wp-content\/uploads\/2020\/11\/44fcdde8-068e-4058-bf2f-868861199e66.jpg\" alt=\"\" width=\"1170\" height=\"1300\" srcset=\"https:\/\/graphimarket.com\/wp-content\/uploads\/2020\/11\/44fcdde8-068e-4058-bf2f-868861199e66.jpg 1170w, https:\/\/graphimarket.com\/wp-content\/uploads\/2020\/11\/44fcdde8-068e-4058-bf2f-868861199e66-270x300.jpg 270w, https:\/\/graphimarket.com\/wp-content\/uploads\/2020\/11\/44fcdde8-068e-4058-bf2f-868861199e66-922x1024.jpg 922w, https:\/\/graphimarket.com\/wp-content\/uploads\/2020\/11\/44fcdde8-068e-4058-bf2f-868861199e66-768x853.jpg 768w, https:\/\/graphimarket.com\/wp-content\/uploads\/2020\/11\/44fcdde8-068e-4058-bf2f-868861199e66-11x12.jpg 11w, https:\/\/graphimarket.com\/wp-content\/uploads\/2020\/11\/44fcdde8-068e-4058-bf2f-868861199e66-600x667.jpg 600w\" sizes=\"(max-width: 1170px) 100vw, 1170px\" \/> <img loading=\"lazy\" decoding=\"async\" class=\"alignnone size-full wp-image-13357\" src=\"https:\/\/graphimarket.com\/wp-content\/uploads\/2020\/11\/71b85296-a4d0-4de4-8349-38ac8f86b6e2.jpg\" alt=\"\" width=\"1170\" height=\"1300\" srcset=\"https:\/\/graphimarket.com\/wp-content\/uploads\/2020\/11\/71b85296-a4d0-4de4-8349-38ac8f86b6e2.jpg 1170w, https:\/\/graphimarket.com\/wp-content\/uploads\/2020\/11\/71b85296-a4d0-4de4-8349-38ac8f86b6e2-270x300.jpg 270w, https:\/\/graphimarket.com\/wp-content\/uploads\/2020\/11\/71b85296-a4d0-4de4-8349-38ac8f86b6e2-922x1024.jpg 922w, https:\/\/graphimarket.com\/wp-content\/uploads\/2020\/11\/71b85296-a4d0-4de4-8349-38ac8f86b6e2-768x853.jpg 768w, https:\/\/graphimarket.com\/wp-content\/uploads\/2020\/11\/71b85296-a4d0-4de4-8349-38ac8f86b6e2-11x12.jpg 11w, https:\/\/graphimarket.com\/wp-content\/uploads\/2020\/11\/71b85296-a4d0-4de4-8349-38ac8f86b6e2-600x667.jpg 600w\" sizes=\"(max-width: 1170px) 100vw, 1170px\" \/> <img loading=\"lazy\" decoding=\"async\" class=\"alignnone size-full wp-image-13358\" src=\"https:\/\/graphimarket.com\/wp-content\/uploads\/2020\/11\/78ea43b4-eebc-4f72-9623-95cf7e71dddb.jpg\" alt=\"\" width=\"1170\" height=\"1299\" srcset=\"https:\/\/graphimarket.com\/wp-content\/uploads\/2020\/11\/78ea43b4-eebc-4f72-9623-95cf7e71dddb.jpg 1170w, https:\/\/graphimarket.com\/wp-content\/uploads\/2020\/11\/78ea43b4-eebc-4f72-9623-95cf7e71dddb-270x300.jpg 270w, https:\/\/graphimarket.com\/wp-content\/uploads\/2020\/11\/78ea43b4-eebc-4f72-9623-95cf7e71dddb-922x1024.jpg 922w, https:\/\/graphimarket.com\/wp-content\/uploads\/2020\/11\/78ea43b4-eebc-4f72-9623-95cf7e71dddb-768x853.jpg 768w, https:\/\/graphimarket.com\/wp-content\/uploads\/2020\/11\/78ea43b4-eebc-4f72-9623-95cf7e71dddb-11x12.jpg 11w, https:\/\/graphimarket.com\/wp-content\/uploads\/2020\/11\/78ea43b4-eebc-4f72-9623-95cf7e71dddb-600x666.jpg 600w\" sizes=\"(max-width: 1170px) 100vw, 1170px\" \/> <img loading=\"lazy\" decoding=\"async\" class=\"alignnone size-full wp-image-13359\" src=\"https:\/\/graphimarket.com\/wp-content\/uploads\/2020\/11\/441e6285-9f4f-45bd-bdee-d4107ee27aab.jpg\" alt=\"\" width=\"1170\" height=\"1300\" srcset=\"https:\/\/graphimarket.com\/wp-content\/uploads\/2020\/11\/441e6285-9f4f-45bd-bdee-d4107ee27aab.jpg 1170w, https:\/\/graphimarket.com\/wp-content\/uploads\/2020\/11\/441e6285-9f4f-45bd-bdee-d4107ee27aab-270x300.jpg 270w, https:\/\/graphimarket.com\/wp-content\/uploads\/2020\/11\/441e6285-9f4f-45bd-bdee-d4107ee27aab-922x1024.jpg 922w, https:\/\/graphimarket.com\/wp-content\/uploads\/2020\/11\/441e6285-9f4f-45bd-bdee-d4107ee27aab-768x853.jpg 768w, https:\/\/graphimarket.com\/wp-content\/uploads\/2020\/11\/441e6285-9f4f-45bd-bdee-d4107ee27aab-11x12.jpg 11w, https:\/\/graphimarket.com\/wp-content\/uploads\/2020\/11\/441e6285-9f4f-45bd-bdee-d4107ee27aab-600x667.jpg 600w\" sizes=\"(max-width: 1170px) 100vw, 1170px\" \/><\/p>","protected":false},"excerpt":{"rendered":"<p>&nbsp; Welcome to\u00a0Elementor Widgets Mega Pack. With this awesome plugin you have available 49 elementor widgets and 10 templates ready to use and 180+ different styles for Elementor. Required Elementor installed if you want use this plugin. Because this is an addon for Elementor Widgets List: Portfolio (7 Different Styles) Grid (8 Different Styles) Carousel [&hellip;]<\/p>\n","protected":false},"featured_media":13348,"comment_status":"open","ping_status":"closed","template":"","meta":{"site-sidebar-layout":"default","site-content-layout":"default","ast-site-content-layout":"default","site-content-style":"default","site-sidebar-style":"default","ast-global-header-display":"","ast-banner-title-visibility":"","ast-main-header-display":"","ast-hfb-above-header-display":"","ast-hfb-below-header-display":"","ast-hfb-mobile-header-display":"","site-post-title":"","ast-breadcrumbs-content":"","ast-featured-img":"","footer-sml-layout":"","ast-disable-related-posts":"","theme-transparent-header-meta":"default","adv-header-id-meta":"","stick-header-meta":"","header-above-stick-meta":"","header-main-stick-meta":"","header-below-stick-meta":"","astra-migrate-meta-layouts":"default","ast-page-background-enabled":"default","ast-page-background-meta":{"desktop":{"background-color":"","background-image":"","background-repeat":"repeat","background-position":"center center","background-size":"auto","background-attachment":"scroll","background-type":"","background-media":"","overlay-type":"","overlay-color":"","overlay-opacity":"","overlay-gradient":""},"tablet":{"background-color":"","background-image":"","background-repeat":"repeat","background-position":"center center","background-size":"auto","background-attachment":"scroll","background-type":"","background-media":"","overlay-type":"","overlay-color":"","overlay-opacity":"","overlay-gradient":""},"mobile":{"background-color":"","background-image":"","background-repeat":"repeat","background-position":"center center","background-size":"auto","background-attachment":"scroll","background-type":"","background-media":"","overlay-type":"","overlay-color":"","overlay-opacity":"","overlay-gradient":""}},"ast-content-background-meta":{"desktop":{"background-color":"var(--ast-global-color-5)","background-image":"","background-repeat":"repeat","background-position":"center center","background-size":"auto","background-attachment":"scroll","background-type":"","background-media":"","overlay-type":"","overlay-color":"","overlay-opacity":"","overlay-gradient":""},"tablet":{"background-color":"var(--ast-global-color-5)","background-image":"","background-repeat":"repeat","background-position":"center center","background-size":"auto","background-attachment":"scroll","background-type":"","background-media":"","overlay-type":"","overlay-color":"","overlay-opacity":"","overlay-gradient":""},"mobile":{"background-color":"var(--ast-global-color-5)","background-image":"","background-repeat":"repeat","background-position":"center center","background-size":"auto","background-attachment":"scroll","background-type":"","background-media":"","overlay-type":"","overlay-color":"","overlay-opacity":"","overlay-gradient":""}}},"product_brand":[],"product_cat":[1793,186],"product_tag":[1794,1795,422,60,1796,1797],"class_list":{"0":"post-13347","1":"product","2":"type-product","3":"status-publish","4":"has-post-thumbnail","6":"product_cat-elementor-addon","7":"product_cat-wordpress","8":"product_tag-elementor","9":"product_tag-mega-pack","10":"product_tag-pack","11":"product_tag-template","12":"product_tag-widgets","13":"product_tag-woocommerce","14":"desktop-align-left","15":"tablet-align-left","16":"mobile-align-left","18":"first","19":"instock","20":"sale","21":"downloadable","22":"virtual","23":"taxable","24":"purchasable","25":"product-type-simple"},"yoast_head":"<!-- This site is optimized with the Yoast SEO plugin v27.3 - https:\/\/yoast.com\/product\/yoast-seo-wordpress\/ -->\n<title>Mega Pack Elementor Addon - Graphimarket<\/title>\n<meta name=\"description\" content=\"Welcome to\u00a0Elementor Widgets Mega Pack. With this awesome plugin you have available 49 elementor widgets and 10 templates ready to use and 180+ different styles for Elementor.\" \/>\n<meta name=\"robots\" content=\"index, follow, max-snippet:-1, max-image-preview:large, max-video-preview:-1\" \/>\n<link rel=\"canonical\" href=\"https:\/\/graphimarket.com\/pt\/product\/13347\/\" \/>\n<meta property=\"og:locale\" content=\"pt_PT\" \/>\n<meta property=\"og:type\" content=\"article\" \/>\n<meta property=\"og:title\" content=\"Mega Pack Elementor Addon - Graphimarket\" \/>\n<meta property=\"og:description\" content=\"Welcome to\u00a0Elementor Widgets Mega Pack. With this awesome plugin you have available 49 elementor widgets and 10 templates ready to use and 180+ different styles for Elementor.\" \/>\n<meta property=\"og:url\" content=\"https:\/\/graphimarket.com\/pt\/product\/13347\/\" \/>\n<meta property=\"og:site_name\" content=\"Graphimarket\" \/>\n<meta property=\"article:modified_time\" content=\"2022-12-19T08:17:48+00:00\" \/>\n<meta property=\"og:image\" content=\"https:\/\/graphimarket.com\/wp-content\/uploads\/2020\/11\/4cbaeab6-c976-484c-a5c6-a1ae067f06fa.jpg\" \/>\n\t<meta property=\"og:image:width\" content=\"1019\" \/>\n\t<meta property=\"og:image:height\" content=\"679\" \/>\n\t<meta property=\"og:image:type\" content=\"image\/jpeg\" \/>\n<meta name=\"twitter:card\" content=\"summary_large_image\" \/>\n<meta name=\"twitter:label1\" content=\"Est. reading time\" \/>\n\t<meta name=\"twitter:data1\" content=\"1 minute\" \/>\n<script type=\"application\/ld+json\" class=\"yoast-schema-graph\">{\"@context\":\"https:\\\/\\\/schema.org\",\"@graph\":[{\"@type\":\"WebPage\",\"@id\":\"https:\\\/\\\/graphimarket.com\\\/pt\\\/product\\\/13347\\\/\",\"url\":\"https:\\\/\\\/graphimarket.com\\\/pt\\\/product\\\/13347\\\/\",\"name\":\"Mega Pack Elementor Addon - Graphimarket\",\"isPartOf\":{\"@id\":\"https:\\\/\\\/graphimarket.com\\\/fr\\\/#website\"},\"primaryImageOfPage\":{\"@id\":\"https:\\\/\\\/graphimarket.com\\\/pt\\\/product\\\/13347\\\/#primaryimage\"},\"image\":{\"@id\":\"https:\\\/\\\/graphimarket.com\\\/pt\\\/product\\\/13347\\\/#primaryimage\"},\"thumbnailUrl\":\"https:\\\/\\\/graphimarket.com\\\/wp-content\\\/uploads\\\/2020\\\/11\\\/4cbaeab6-c976-484c-a5c6-a1ae067f06fa.jpg\",\"datePublished\":\"2020-11-29T12:39:08+00:00\",\"dateModified\":\"2022-12-19T08:17:48+00:00\",\"description\":\"Welcome to\u00a0Elementor Widgets Mega Pack. With this awesome plugin you have available 49 elementor widgets and 10 templates ready to use and 180+ different styles for Elementor.\",\"breadcrumb\":{\"@id\":\"https:\\\/\\\/graphimarket.com\\\/pt\\\/product\\\/13347\\\/#breadcrumb\"},\"inLanguage\":\"pt-PT\",\"potentialAction\":[{\"@type\":\"ReadAction\",\"target\":[\"https:\\\/\\\/graphimarket.com\\\/pt\\\/product\\\/13347\\\/\"]}]},{\"@type\":\"ImageObject\",\"inLanguage\":\"pt-PT\",\"@id\":\"https:\\\/\\\/graphimarket.com\\\/pt\\\/product\\\/13347\\\/#primaryimage\",\"url\":\"https:\\\/\\\/graphimarket.com\\\/wp-content\\\/uploads\\\/2020\\\/11\\\/4cbaeab6-c976-484c-a5c6-a1ae067f06fa.jpg\",\"contentUrl\":\"https:\\\/\\\/graphimarket.com\\\/wp-content\\\/uploads\\\/2020\\\/11\\\/4cbaeab6-c976-484c-a5c6-a1ae067f06fa.jpg\",\"width\":1019,\"height\":679},{\"@type\":\"BreadcrumbList\",\"@id\":\"https:\\\/\\\/graphimarket.com\\\/pt\\\/product\\\/13347\\\/#breadcrumb\",\"itemListElement\":[{\"@type\":\"ListItem\",\"position\":1,\"name\":\"Home\",\"item\":\"https:\\\/\\\/graphimarket.com\\\/es\\\/\"},{\"@type\":\"ListItem\",\"position\":2,\"name\":\"Store\",\"item\":\"https:\\\/\\\/graphimarket.com\\\/store\\\/\"},{\"@type\":\"ListItem\",\"position\":3,\"name\":\"Mega Pack Elementor Addon\"}]},{\"@type\":\"WebSite\",\"@id\":\"https:\\\/\\\/graphimarket.com\\\/fr\\\/#website\",\"url\":\"https:\\\/\\\/graphimarket.com\\\/fr\\\/\",\"name\":\"Graphimarket\",\"description\":\"Find the perfect creative asset to bring your project to life\",\"publisher\":{\"@id\":\"https:\\\/\\\/graphimarket.com\\\/fr\\\/#organization\"},\"potentialAction\":[{\"@type\":\"SearchAction\",\"target\":{\"@type\":\"EntryPoint\",\"urlTemplate\":\"https:\\\/\\\/graphimarket.com\\\/fr\\\/?s={search_term_string}\"},\"query-input\":{\"@type\":\"PropertyValueSpecification\",\"valueRequired\":true,\"valueName\":\"search_term_string\"}}],\"inLanguage\":\"pt-PT\"},{\"@type\":\"Organization\",\"@id\":\"https:\\\/\\\/graphimarket.com\\\/fr\\\/#organization\",\"name\":\"Graphimarket\",\"url\":\"https:\\\/\\\/graphimarket.com\\\/fr\\\/\",\"logo\":{\"@type\":\"ImageObject\",\"inLanguage\":\"pt-PT\",\"@id\":\"https:\\\/\\\/graphimarket.com\\\/fr\\\/#\\\/schema\\\/logo\\\/image\\\/\",\"url\":\"https:\\\/\\\/graphimarket.com\\\/wp-content\\\/uploads\\\/2020\\\/08\\\/logo-48.png\",\"contentUrl\":\"https:\\\/\\\/graphimarket.com\\\/wp-content\\\/uploads\\\/2020\\\/08\\\/logo-48.png\",\"width\":132,\"height\":48,\"caption\":\"Graphimarket\"},\"image\":{\"@id\":\"https:\\\/\\\/graphimarket.com\\\/fr\\\/#\\\/schema\\\/logo\\\/image\\\/\"}}]}<\/script>\n<!-- \/ Yoast SEO plugin. -->","yoast_head_json":{"title":"Complemento Mega Pack Elementor - Graphimarket","description":"Bem-vindo ao Mega Pack Elementor Widgets. Com este plugin incr\u00edvel, voc\u00ea tem dispon\u00edveis 49 widgets de elementor e 10 modelos prontos para usar e mais de 180 estilos diferentes para Elementor.","robots":{"index":"index","follow":"follow","max-snippet":"max-snippet:-1","max-image-preview":"max-image-preview:large","max-video-preview":"max-video-preview:-1"},"canonical":"https:\/\/graphimarket.com\/pt\/product\/13347\/","og_locale":"pt_PT","og_type":"article","og_title":"Mega Pack Elementor Addon - Graphimarket","og_description":"Welcome to\u00a0Elementor Widgets Mega Pack. With this awesome plugin you have available 49 elementor widgets and 10 templates ready to use and 180+ different styles for Elementor.","og_url":"https:\/\/graphimarket.com\/pt\/product\/13347\/","og_site_name":"Graphimarket","article_modified_time":"2022-12-19T08:17:48+00:00","og_image":[{"width":1019,"height":679,"url":"https:\/\/graphimarket.com\/wp-content\/uploads\/2020\/11\/4cbaeab6-c976-484c-a5c6-a1ae067f06fa.jpg","type":"image\/jpeg"}],"twitter_card":"summary_large_image","twitter_misc":{"Est. reading time":"1 minute"},"schema":{"@context":"https:\/\/schema.org","@graph":[{"@type":"WebPage","@id":"https:\/\/graphimarket.com\/pt\/product\/13347\/","url":"https:\/\/graphimarket.com\/pt\/product\/13347\/","name":"Complemento Mega Pack Elementor - Graphimarket","isPartOf":{"@id":"https:\/\/graphimarket.com\/fr\/#website"},"primaryImageOfPage":{"@id":"https:\/\/graphimarket.com\/pt\/product\/13347\/#primaryimage"},"image":{"@id":"https:\/\/graphimarket.com\/pt\/product\/13347\/#primaryimage"},"thumbnailUrl":"https:\/\/graphimarket.com\/wp-content\/uploads\/2020\/11\/4cbaeab6-c976-484c-a5c6-a1ae067f06fa.jpg","datePublished":"2020-11-29T12:39:08+00:00","dateModified":"2022-12-19T08:17:48+00:00","description":"Bem-vindo ao Mega Pack Elementor Widgets. Com este plugin incr\u00edvel, voc\u00ea tem dispon\u00edveis 49 widgets de elementor e 10 modelos prontos para usar e mais de 180 estilos diferentes para Elementor.","breadcrumb":{"@id":"https:\/\/graphimarket.com\/pt\/product\/13347\/#breadcrumb"},"inLanguage":"pt-PT","potentialAction":[{"@type":"ReadAction","target":["https:\/\/graphimarket.com\/pt\/product\/13347\/"]}]},{"@type":"ImageObject","inLanguage":"pt-PT","@id":"https:\/\/graphimarket.com\/pt\/product\/13347\/#primaryimage","url":"https:\/\/graphimarket.com\/wp-content\/uploads\/2020\/11\/4cbaeab6-c976-484c-a5c6-a1ae067f06fa.jpg","contentUrl":"https:\/\/graphimarket.com\/wp-content\/uploads\/2020\/11\/4cbaeab6-c976-484c-a5c6-a1ae067f06fa.jpg","width":1019,"height":679},{"@type":"BreadcrumbList","@id":"https:\/\/graphimarket.com\/pt\/product\/13347\/#breadcrumb","itemListElement":[{"@type":"ListItem","position":1,"name":"Home","item":"https:\/\/graphimarket.com\/es\/"},{"@type":"ListItem","position":2,"name":"Store","item":"https:\/\/graphimarket.com\/store\/"},{"@type":"ListItem","position":3,"name":"Mega Pack Elementor Addon"}]},{"@type":"WebSite","@id":"https:\/\/graphimarket.com\/fr\/#website","url":"https:\/\/graphimarket.com\/fr\/","name":"Graphimarket","description":"Encontre o ativo criativo perfeito para dar vida ao seu projeto","publisher":{"@id":"https:\/\/graphimarket.com\/fr\/#organization"},"potentialAction":[{"@type":"SearchAction","target":{"@type":"EntryPoint","urlTemplate":"https:\/\/graphimarket.com\/fr\/?s={search_term_string}"},"query-input":{"@type":"PropertyValueSpecification","valueRequired":true,"valueName":"search_term_string"}}],"inLanguage":"pt-PT"},{"@type":"Organization","@id":"https:\/\/graphimarket.com\/fr\/#organization","name":"Graphimarket","url":"https:\/\/graphimarket.com\/fr\/","logo":{"@type":"ImageObject","inLanguage":"pt-PT","@id":"https:\/\/graphimarket.com\/fr\/#\/schema\/logo\/image\/","url":"https:\/\/graphimarket.com\/wp-content\/uploads\/2020\/08\/logo-48.png","contentUrl":"https:\/\/graphimarket.com\/wp-content\/uploads\/2020\/08\/logo-48.png","width":132,"height":48,"caption":"Graphimarket"},"image":{"@id":"https:\/\/graphimarket.com\/fr\/#\/schema\/logo\/image\/"}}]}},"_links":{"self":[{"href":"https:\/\/graphimarket.com\/pt\/wp-json\/wp\/v2\/product\/13347","targetHints":{"allow":["GET"]}}],"collection":[{"href":"https:\/\/graphimarket.com\/pt\/wp-json\/wp\/v2\/product"}],"about":[{"href":"https:\/\/graphimarket.com\/pt\/wp-json\/wp\/v2\/types\/product"}],"replies":[{"embeddable":true,"href":"https:\/\/graphimarket.com\/pt\/wp-json\/wp\/v2\/comments?post=13347"}],"version-history":[{"count":0,"href":"https:\/\/graphimarket.com\/pt\/wp-json\/wp\/v2\/product\/13347\/revisions"}],"wp:featuredmedia":[{"embeddable":true,"href":"https:\/\/graphimarket.com\/pt\/wp-json\/wp\/v2\/media\/13348"}],"wp:attachment":[{"href":"https:\/\/graphimarket.com\/pt\/wp-json\/wp\/v2\/media?parent=13347"}],"wp:term":[{"taxonomy":"product_brand","embeddable":true,"href":"https:\/\/graphimarket.com\/pt\/wp-json\/wp\/v2\/product_brand?post=13347"},{"taxonomy":"product_cat","embeddable":true,"href":"https:\/\/graphimarket.com\/pt\/wp-json\/wp\/v2\/product_cat?post=13347"},{"taxonomy":"product_tag","embeddable":true,"href":"https:\/\/graphimarket.com\/pt\/wp-json\/wp\/v2\/product_tag?post=13347"}],"curies":[{"name":"wp","href":"https:\/\/api.w.org\/{rel}","templated":true}]}}