{"id":14917,"date":"2021-01-08T15:52:24","date_gmt":"2021-01-08T14:52:24","guid":{"rendered":"https:\/\/graphimarket.com\/?post_type=product&#038;p=14917"},"modified":"2022-12-19T09:21:40","modified_gmt":"2022-12-19T08:21:40","slug":"modernart-photoshop-action","status":"publish","type":"product","link":"https:\/\/graphimarket.com\/pt\/product\/modernart-photoshop-action\/","title":{"rendered":"ModernArt Photoshop Action"},"content":{"rendered":"<h2 id=\"item-description__modernart-photoshop-action\">ModernArt Photoshop Action<\/h2>\n<p><strong>Give your photos a professional new artistic look with this action. Typically an effect similar to this could take you hours, but now it can be done in under 1 minute.<\/strong><\/p>\n<p>You simply brush onto your photo where you want the effect to appear, then click play on the action!<\/p>\n<p>The action has been tested and working on Photoshop (English) versions CS3,CS4,CS5,CS6,CC,,CC 2015.5, CC 2017, CC 2018, CC 2019+<\/p>\n<p>&nbsp;<\/p>\n<p><strong>Importante saber<\/strong><\/p>\n<ul>\n<li>Certifique-se de usar o\u00a0<a href=\"https:\/\/helpx.adobe.com\/au\/creative-cloud\/help\/change-install-language.html\" rel=\"nofollow\">Vers\u00e3o em ingl\u00eas do Photoshop<\/a>\u00a0para executar a a\u00e7\u00e3o. Todas as a\u00e7\u00f5es do Sevenstyles s\u00f3 funcionar\u00e3o na vers\u00e3o em ingl\u00eas do Photoshop.<\/li>\n<\/ul>\n<ul>\n<li>Verifique se voc\u00ea est\u00e1 usando uma vers\u00e3o do Photoshop compat\u00edvel com o Action.<\/li>\n<\/ul>\n<ul>\n<li>Assista ao tutorial em v\u00eddeo para verificar se o arquivo do Photoshop est\u00e1 configurado corretamente. Um link para o tutorial tamb\u00e9m est\u00e1 inclu\u00eddo no arquivo &#039;Readme.txt&#039; no download. Voc\u00ea pode ver todos os meus tutoriais de a\u00e7\u00e3o\u00a0<a href=\"https:\/\/www.youtube.com\/channel\/UCKEi03PoXGSHAzP8u-c4dwQ\" rel=\"nofollow\">aqui<\/a>.<\/li>\n<\/ul>\n<ul>\n<li>Use fotos de alta resolu\u00e7\u00e3o com o Action para obter os melhores resultados e evitar erros. Uma resolu\u00e7\u00e3o de foto ideal \u00e9 entre 2000px - 4500px.<\/li>\n<\/ul>\n<ul>\n<li>Com Adobe Creative Cloud, voc\u00ea pode instalar\u00a0<a href=\"https:\/\/helpx.adobe.com\/download-install\/using\/install-previous-version.html\" rel=\"nofollow\">v\u00e1rias vers\u00f5es do Photoshop<\/a>. Se voc\u00ea gosta desta a\u00e7\u00e3o, mas n\u00e3o \u00e9 compat\u00edvel com sua vers\u00e3o do Photoshop, voc\u00ea sempre pode instalar uma vers\u00e3o adicional do Photoshop para executar a a\u00e7\u00e3o. Depois que um Action foi testado e est\u00e1 funcionando em uma vers\u00e3o do Photoshop, ele funcionar\u00e1 para sempre.<\/li>\n<\/ul>\n<ul>\n<li>Use imagens Jpeg para executar a a\u00e7\u00e3o. Outros tipos de arquivo, como TIFF, BMP, PNG, PSD, podem causar problemas com A\u00e7\u00f5es, pois o Photoshop desativa v\u00e1rios recursos para diferentes tipos de arquivo.<\/li>\n<\/ul>\n<ul>\n<li>Se uma a\u00e7\u00e3o do Sevenstyles incluir um arquivo de pincel (.abr), padr\u00e3o (.pat) ou formas (.csh) no download, ela deve ser carregada no Photoshop antes de executar a a\u00e7\u00e3o.<\/li>\n<\/ul>\n<ul>\n<li>Evite usar a a\u00e7\u00e3o em logotipos ou imagens de estilo de clip-art, pois a falta de detalhes e contraste de cores pode levar a erros.<\/li>\n<\/ul>\n<div class=\"ast-oembed-container\" style=\"height: 100%;\"><iframe title=\"ModernArt Photoshop Effect Tutorial | Automatically convert your photos into digital art\" width=\"500\" height=\"281\" src=\"https:\/\/www.youtube.com\/embed\/9xWBqv4DPg4?feature=oembed\" frameborder=\"0\" allow=\"accelerometer; autoplay; clipboard-write; encrypted-media; gyroscope; picture-in-picture; web-share\" referrerpolicy=\"strict-origin-when-cross-origin\" allowfullscreen><\/iframe><\/div>\n<p>&nbsp;<\/p>\n<p>&nbsp;<\/p>\n<p><img fetchpriority=\"high\" decoding=\"async\" class=\"alignnone size-full wp-image-14919\" src=\"https:\/\/graphimarket.com\/wp-content\/uploads\/2021\/01\/20.jpg\" alt=\"\" width=\"1153\" height=\"1730\" srcset=\"https:\/\/graphimarket.com\/wp-content\/uploads\/2021\/01\/20.jpg 1153w, https:\/\/graphimarket.com\/wp-content\/uploads\/2021\/01\/20-200x300.jpg 200w, https:\/\/graphimarket.com\/wp-content\/uploads\/2021\/01\/20-682x1024.jpg 682w, https:\/\/graphimarket.com\/wp-content\/uploads\/2021\/01\/20-768x1152.jpg 768w, https:\/\/graphimarket.com\/wp-content\/uploads\/2021\/01\/20-1024x1536.jpg 1024w, https:\/\/graphimarket.com\/wp-content\/uploads\/2021\/01\/20-8x12.jpg 8w, https:\/\/graphimarket.com\/wp-content\/uploads\/2021\/01\/20-600x900.jpg 600w\" sizes=\"(max-width: 1153px) 100vw, 1153px\" \/> <img decoding=\"async\" class=\"alignnone size-full wp-image-14920\" src=\"https:\/\/graphimarket.com\/wp-content\/uploads\/2021\/01\/27.jpg\" alt=\"\" width=\"772\" height=\"1157\" srcset=\"https:\/\/graphimarket.com\/wp-content\/uploads\/2021\/01\/27.jpg 772w, https:\/\/graphimarket.com\/wp-content\/uploads\/2021\/01\/27-200x300.jpg 200w, https:\/\/graphimarket.com\/wp-content\/uploads\/2021\/01\/27-683x1024.jpg 683w, https:\/\/graphimarket.com\/wp-content\/uploads\/2021\/01\/27-768x1151.jpg 768w, https:\/\/graphimarket.com\/wp-content\/uploads\/2021\/01\/27-8x12.jpg 8w, https:\/\/graphimarket.com\/wp-content\/uploads\/2021\/01\/27-600x899.jpg 600w\" sizes=\"(max-width: 772px) 100vw, 772px\" \/> <img decoding=\"async\" class=\"alignnone size-full wp-image-14921\" src=\"https:\/\/graphimarket.com\/wp-content\/uploads\/2021\/01\/31a.jpg\" alt=\"\" width=\"1153\" height=\"1730\" srcset=\"https:\/\/graphimarket.com\/wp-content\/uploads\/2021\/01\/31a.jpg 1153w, https:\/\/graphimarket.com\/wp-content\/uploads\/2021\/01\/31a-200x300.jpg 200w, https:\/\/graphimarket.com\/wp-content\/uploads\/2021\/01\/31a-682x1024.jpg 682w, https:\/\/graphimarket.com\/wp-content\/uploads\/2021\/01\/31a-768x1152.jpg 768w, https:\/\/graphimarket.com\/wp-content\/uploads\/2021\/01\/31a-1024x1536.jpg 1024w, https:\/\/graphimarket.com\/wp-content\/uploads\/2021\/01\/31a-8x12.jpg 8w, https:\/\/graphimarket.com\/wp-content\/uploads\/2021\/01\/31a-600x900.jpg 600w\" sizes=\"(max-width: 1153px) 100vw, 1153px\" \/> <img loading=\"lazy\" decoding=\"async\" class=\"alignnone size-full wp-image-14922\" src=\"https:\/\/graphimarket.com\/wp-content\/uploads\/2021\/01\/33.jpg\" alt=\"\" width=\"796\" height=\"1195\" srcset=\"https:\/\/graphimarket.com\/wp-content\/uploads\/2021\/01\/33.jpg 796w, https:\/\/graphimarket.com\/wp-content\/uploads\/2021\/01\/33-200x300.jpg 200w, https:\/\/graphimarket.com\/wp-content\/uploads\/2021\/01\/33-682x1024.jpg 682w, https:\/\/graphimarket.com\/wp-content\/uploads\/2021\/01\/33-768x1153.jpg 768w, https:\/\/graphimarket.com\/wp-content\/uploads\/2021\/01\/33-8x12.jpg 8w, https:\/\/graphimarket.com\/wp-content\/uploads\/2021\/01\/33-600x901.jpg 600w\" sizes=\"(max-width: 796px) 100vw, 796px\" \/> <img loading=\"lazy\" decoding=\"async\" class=\"alignnone size-full wp-image-14923\" src=\"https:\/\/graphimarket.com\/wp-content\/uploads\/2021\/01\/40.jpg\" alt=\"\" width=\"930\" height=\"1023\" srcset=\"https:\/\/graphimarket.com\/wp-content\/uploads\/2021\/01\/40.jpg 930w, https:\/\/graphimarket.com\/wp-content\/uploads\/2021\/01\/40-273x300.jpg 273w, https:\/\/graphimarket.com\/wp-content\/uploads\/2021\/01\/40-768x845.jpg 768w, https:\/\/graphimarket.com\/wp-content\/uploads\/2021\/01\/40-11x12.jpg 11w, https:\/\/graphimarket.com\/wp-content\/uploads\/2021\/01\/40-600x660.jpg 600w\" sizes=\"(max-width: 930px) 100vw, 930px\" \/> <img loading=\"lazy\" decoding=\"async\" class=\"alignnone size-full wp-image-14924\" src=\"https:\/\/graphimarket.com\/wp-content\/uploads\/2021\/01\/2e.jpg\" alt=\"\" width=\"1153\" height=\"1730\" srcset=\"https:\/\/graphimarket.com\/wp-content\/uploads\/2021\/01\/2e.jpg 1153w, https:\/\/graphimarket.com\/wp-content\/uploads\/2021\/01\/2e-200x300.jpg 200w, https:\/\/graphimarket.com\/wp-content\/uploads\/2021\/01\/2e-682x1024.jpg 682w, https:\/\/graphimarket.com\/wp-content\/uploads\/2021\/01\/2e-768x1152.jpg 768w, https:\/\/graphimarket.com\/wp-content\/uploads\/2021\/01\/2e-1024x1536.jpg 1024w, https:\/\/graphimarket.com\/wp-content\/uploads\/2021\/01\/2e-8x12.jpg 8w, https:\/\/graphimarket.com\/wp-content\/uploads\/2021\/01\/2e-600x900.jpg 600w\" sizes=\"(max-width: 1153px) 100vw, 1153px\" \/> <img loading=\"lazy\" decoding=\"async\" class=\"alignnone size-full wp-image-14925\" src=\"https:\/\/graphimarket.com\/wp-content\/uploads\/2021\/01\/3.jpg\" alt=\"\" width=\"914\" height=\"1035\" srcset=\"https:\/\/graphimarket.com\/wp-content\/uploads\/2021\/01\/3.jpg 914w, https:\/\/graphimarket.com\/wp-content\/uploads\/2021\/01\/3-265x300.jpg 265w, https:\/\/graphimarket.com\/wp-content\/uploads\/2021\/01\/3-904x1024.jpg 904w, https:\/\/graphimarket.com\/wp-content\/uploads\/2021\/01\/3-768x870.jpg 768w, https:\/\/graphimarket.com\/wp-content\/uploads\/2021\/01\/3-11x12.jpg 11w, https:\/\/graphimarket.com\/wp-content\/uploads\/2021\/01\/3-600x679.jpg 600w\" sizes=\"(max-width: 914px) 100vw, 914px\" \/> <img loading=\"lazy\" decoding=\"async\" class=\"alignnone size-full wp-image-14926\" src=\"https:\/\/graphimarket.com\/wp-content\/uploads\/2021\/01\/8.jpg\" alt=\"\" width=\"772\" height=\"1157\" srcset=\"https:\/\/graphimarket.com\/wp-content\/uploads\/2021\/01\/8.jpg 772w, https:\/\/graphimarket.com\/wp-content\/uploads\/2021\/01\/8-200x300.jpg 200w, https:\/\/graphimarket.com\/wp-content\/uploads\/2021\/01\/8-683x1024.jpg 683w, https:\/\/graphimarket.com\/wp-content\/uploads\/2021\/01\/8-768x1151.jpg 768w, https:\/\/graphimarket.com\/wp-content\/uploads\/2021\/01\/8-8x12.jpg 8w, https:\/\/graphimarket.com\/wp-content\/uploads\/2021\/01\/8-600x899.jpg 600w\" sizes=\"(max-width: 772px) 100vw, 772px\" \/> <img loading=\"lazy\" decoding=\"async\" class=\"alignnone size-full wp-image-14927\" src=\"https:\/\/graphimarket.com\/wp-content\/uploads\/2021\/01\/10a.jpg\" alt=\"\" width=\"1689\" height=\"1689\" srcset=\"https:\/\/graphimarket.com\/wp-content\/uploads\/2021\/01\/10a.jpg 1689w, https:\/\/graphimarket.com\/wp-content\/uploads\/2021\/01\/10a-300x300.jpg 300w, https:\/\/graphimarket.com\/wp-content\/uploads\/2021\/01\/10a-1024x1024.jpg 1024w, https:\/\/graphimarket.com\/wp-content\/uploads\/2021\/01\/10a-150x150.jpg 150w, https:\/\/graphimarket.com\/wp-content\/uploads\/2021\/01\/10a-768x768.jpg 768w, https:\/\/graphimarket.com\/wp-content\/uploads\/2021\/01\/10a-1536x1536.jpg 1536w, https:\/\/graphimarket.com\/wp-content\/uploads\/2021\/01\/10a-12x12.jpg 12w, https:\/\/graphimarket.com\/wp-content\/uploads\/2021\/01\/10a-1320x1320.jpg 1320w, https:\/\/graphimarket.com\/wp-content\/uploads\/2021\/01\/10a-600x600.jpg 600w, https:\/\/graphimarket.com\/wp-content\/uploads\/2021\/01\/10a-100x100.jpg 100w\" sizes=\"(max-width: 1689px) 100vw, 1689px\" \/><\/p>","protected":false},"excerpt":{"rendered":"<p>ModernArt Photoshop Action Give your photos a professional new artistic look with this action. Typically an effect similar to this could take you hours, but now it can be done in under 1 minute. You simply brush onto your photo where you want the effect to appear, then click play on the action! The action [&hellip;]<\/p>\n","protected":false},"featured_media":14922,"comment_status":"open","ping_status":"closed","template":"","meta":{"site-sidebar-layout":"default","site-content-layout":"default","ast-site-content-layout":"default","site-content-style":"default","site-sidebar-style":"default","ast-global-header-display":"","ast-banner-title-visibility":"","ast-main-header-display":"","ast-hfb-above-header-display":"","ast-hfb-below-header-display":"","ast-hfb-mobile-header-display":"","site-post-title":"","ast-breadcrumbs-content":"","ast-featured-img":"","footer-sml-layout":"","ast-disable-related-posts":"","theme-transparent-header-meta":"default","adv-header-id-meta":"","stick-header-meta":"","header-above-stick-meta":"","header-main-stick-meta":"","header-below-stick-meta":"","astra-migrate-meta-layouts":"default","ast-page-background-enabled":"default","ast-page-background-meta":{"desktop":{"background-color":"","background-image":"","background-repeat":"repeat","background-position":"center center","background-size":"auto","background-attachment":"scroll","background-type":"","background-media":"","overlay-type":"","overlay-color":"","overlay-opacity":"","overlay-gradient":""},"tablet":{"background-color":"","background-image":"","background-repeat":"repeat","background-position":"center center","background-size":"auto","background-attachment":"scroll","background-type":"","background-media":"","overlay-type":"","overlay-color":"","overlay-opacity":"","overlay-gradient":""},"mobile":{"background-color":"","background-image":"","background-repeat":"repeat","background-position":"center center","background-size":"auto","background-attachment":"scroll","background-type":"","background-media":"","overlay-type":"","overlay-color":"","overlay-opacity":"","overlay-gradient":""}},"ast-content-background-meta":{"desktop":{"background-color":"var(--ast-global-color-5)","background-image":"","background-repeat":"repeat","background-position":"center center","background-size":"auto","background-attachment":"scroll","background-type":"","background-media":"","overlay-type":"","overlay-color":"","overlay-opacity":"","overlay-gradient":""},"tablet":{"background-color":"var(--ast-global-color-5)","background-image":"","background-repeat":"repeat","background-position":"center center","background-size":"auto","background-attachment":"scroll","background-type":"","background-media":"","overlay-type":"","overlay-color":"","overlay-opacity":"","overlay-gradient":""},"mobile":{"background-color":"var(--ast-global-color-5)","background-image":"","background-repeat":"repeat","background-position":"center center","background-size":"auto","background-attachment":"scroll","background-type":"","background-media":"","overlay-type":"","overlay-color":"","overlay-opacity":"","overlay-gradient":""}}},"product_brand":[],"product_cat":[195,146],"product_tag":[254,262,1799],"class_list":{"0":"post-14917","1":"product","2":"type-product","3":"status-publish","4":"has-post-thumbnail","6":"product_cat-photoshop","7":"product_cat-photoshop-action","8":"product_tag-art","9":"product_tag-modern","10":"product_tag-photoshop-action","11":"desktop-align-left","12":"tablet-align-left","13":"mobile-align-left","15":"first","16":"instock","17":"sale","18":"downloadable","19":"virtual","20":"taxable","21":"purchasable","22":"product-type-simple"},"yoast_head":"<!-- This site is optimized with the Yoast SEO plugin v27.3 - https:\/\/yoast.com\/product\/yoast-seo-wordpress\/ -->\n<title>ModernArt Photoshop Action - Graphimarket<\/title>\n<meta name=\"description\" content=\"Give your photos a professional new artistic look with this action. Typically an effect similar to this could take you hours, but now it can..\" \/>\n<meta name=\"robots\" content=\"index, follow, max-snippet:-1, max-image-preview:large, max-video-preview:-1\" \/>\n<link rel=\"canonical\" href=\"http:\/\/graphimarket.com\/pt\/product\/modernart-photoshop-action\/\" \/>\n<meta property=\"og:locale\" content=\"pt_PT\" \/>\n<meta property=\"og:type\" content=\"article\" \/>\n<meta property=\"og:title\" content=\"ModernArt Photoshop Action - Graphimarket\" \/>\n<meta property=\"og:description\" content=\"Give your photos a professional new artistic look with this action. Typically an effect similar to this could take you hours, but now it can..\" \/>\n<meta property=\"og:url\" content=\"http:\/\/graphimarket.com\/pt\/product\/modernart-photoshop-action\/\" \/>\n<meta property=\"og:site_name\" content=\"Graphimarket\" \/>\n<meta property=\"article:modified_time\" content=\"2022-12-19T08:21:40+00:00\" \/>\n<meta property=\"og:image\" content=\"https:\/\/graphimarket.com\/wp-content\/uploads\/2021\/01\/33.jpg\" \/>\n\t<meta property=\"og:image:width\" content=\"796\" \/>\n\t<meta property=\"og:image:height\" content=\"1195\" \/>\n\t<meta property=\"og:image:type\" content=\"image\/jpeg\" \/>\n<meta name=\"twitter:card\" content=\"summary_large_image\" \/>\n<meta name=\"twitter:label1\" content=\"Est. reading time\" \/>\n\t<meta name=\"twitter:data1\" content=\"2 minutes\" \/>\n<script type=\"application\/ld+json\" class=\"yoast-schema-graph\">{\"@context\":\"https:\\\/\\\/schema.org\",\"@graph\":[{\"@type\":\"WebPage\",\"@id\":\"http:\\\/\\\/graphimarket.com\\\/ja\\\/product\\\/modernart-photoshop-action\\\/\",\"url\":\"http:\\\/\\\/graphimarket.com\\\/ja\\\/product\\\/modernart-photoshop-action\\\/\",\"name\":\"ModernArt Photoshop Action - Graphimarket\",\"isPartOf\":{\"@id\":\"https:\\\/\\\/graphimarket.com\\\/fr\\\/#website\"},\"primaryImageOfPage\":{\"@id\":\"http:\\\/\\\/graphimarket.com\\\/ja\\\/product\\\/modernart-photoshop-action\\\/#primaryimage\"},\"image\":{\"@id\":\"http:\\\/\\\/graphimarket.com\\\/ja\\\/product\\\/modernart-photoshop-action\\\/#primaryimage\"},\"thumbnailUrl\":\"https:\\\/\\\/graphimarket.com\\\/wp-content\\\/uploads\\\/2021\\\/01\\\/33.jpg\",\"datePublished\":\"2021-01-08T14:52:24+00:00\",\"dateModified\":\"2022-12-19T08:21:40+00:00\",\"description\":\"Give your photos a professional new artistic look with this action. Typically an effect similar to this could take you hours, but now it can..\",\"breadcrumb\":{\"@id\":\"http:\\\/\\\/graphimarket.com\\\/ja\\\/product\\\/modernart-photoshop-action\\\/#breadcrumb\"},\"inLanguage\":\"pt-PT\",\"potentialAction\":[{\"@type\":\"ReadAction\",\"target\":[\"http:\\\/\\\/graphimarket.com\\\/ja\\\/product\\\/modernart-photoshop-action\\\/\"]}]},{\"@type\":\"ImageObject\",\"inLanguage\":\"pt-PT\",\"@id\":\"http:\\\/\\\/graphimarket.com\\\/ja\\\/product\\\/modernart-photoshop-action\\\/#primaryimage\",\"url\":\"https:\\\/\\\/graphimarket.com\\\/wp-content\\\/uploads\\\/2021\\\/01\\\/33.jpg\",\"contentUrl\":\"https:\\\/\\\/graphimarket.com\\\/wp-content\\\/uploads\\\/2021\\\/01\\\/33.jpg\",\"width\":796,\"height\":1195},{\"@type\":\"BreadcrumbList\",\"@id\":\"http:\\\/\\\/graphimarket.com\\\/ja\\\/product\\\/modernart-photoshop-action\\\/#breadcrumb\",\"itemListElement\":[{\"@type\":\"ListItem\",\"position\":1,\"name\":\"Home\",\"item\":\"https:\\\/\\\/graphimarket.com\\\/es\\\/\"},{\"@type\":\"ListItem\",\"position\":2,\"name\":\"Store\",\"item\":\"https:\\\/\\\/graphimarket.com\\\/store\\\/\"},{\"@type\":\"ListItem\",\"position\":3,\"name\":\"ModernArt Photoshop Action\"}]},{\"@type\":\"WebSite\",\"@id\":\"https:\\\/\\\/graphimarket.com\\\/fr\\\/#website\",\"url\":\"https:\\\/\\\/graphimarket.com\\\/fr\\\/\",\"name\":\"Graphimarket\",\"description\":\"Find the perfect creative asset to bring your project to life\",\"publisher\":{\"@id\":\"https:\\\/\\\/graphimarket.com\\\/fr\\\/#organization\"},\"potentialAction\":[{\"@type\":\"SearchAction\",\"target\":{\"@type\":\"EntryPoint\",\"urlTemplate\":\"https:\\\/\\\/graphimarket.com\\\/fr\\\/?s={search_term_string}\"},\"query-input\":{\"@type\":\"PropertyValueSpecification\",\"valueRequired\":true,\"valueName\":\"search_term_string\"}}],\"inLanguage\":\"pt-PT\"},{\"@type\":\"Organization\",\"@id\":\"https:\\\/\\\/graphimarket.com\\\/fr\\\/#organization\",\"name\":\"Graphimarket\",\"url\":\"https:\\\/\\\/graphimarket.com\\\/fr\\\/\",\"logo\":{\"@type\":\"ImageObject\",\"inLanguage\":\"pt-PT\",\"@id\":\"https:\\\/\\\/graphimarket.com\\\/fr\\\/#\\\/schema\\\/logo\\\/image\\\/\",\"url\":\"https:\\\/\\\/graphimarket.com\\\/wp-content\\\/uploads\\\/2020\\\/08\\\/logo-48.png\",\"contentUrl\":\"https:\\\/\\\/graphimarket.com\\\/wp-content\\\/uploads\\\/2020\\\/08\\\/logo-48.png\",\"width\":132,\"height\":48,\"caption\":\"Graphimarket\"},\"image\":{\"@id\":\"https:\\\/\\\/graphimarket.com\\\/fr\\\/#\\\/schema\\\/logo\\\/image\\\/\"}}]}<\/script>\n<!-- \/ Yoast SEO plugin. -->","yoast_head_json":{"title":"ModernArt Photoshop Action - Graphimarket","description":"Give your photos a professional new artistic look with this action. Typically an effect similar to this could take you hours, but now it can..","robots":{"index":"index","follow":"follow","max-snippet":"max-snippet:-1","max-image-preview":"max-image-preview:large","max-video-preview":"max-video-preview:-1"},"canonical":"http:\/\/graphimarket.com\/pt\/product\/modernart-photoshop-action\/","og_locale":"pt_PT","og_type":"article","og_title":"ModernArt Photoshop Action - Graphimarket","og_description":"Give your photos a professional new artistic look with this action. Typically an effect similar to this could take you hours, but now it can..","og_url":"http:\/\/graphimarket.com\/pt\/product\/modernart-photoshop-action\/","og_site_name":"Graphimarket","article_modified_time":"2022-12-19T08:21:40+00:00","og_image":[{"width":796,"height":1195,"url":"https:\/\/graphimarket.com\/wp-content\/uploads\/2021\/01\/33.jpg","type":"image\/jpeg"}],"twitter_card":"summary_large_image","twitter_misc":{"Est. reading time":"2 minutes"},"schema":{"@context":"https:\/\/schema.org","@graph":[{"@type":"WebPage","@id":"http:\/\/graphimarket.com\/ja\/product\/modernart-photoshop-action\/","url":"http:\/\/graphimarket.com\/ja\/product\/modernart-photoshop-action\/","name":"ModernArt Photoshop Action - Graphimarket","isPartOf":{"@id":"https:\/\/graphimarket.com\/fr\/#website"},"primaryImageOfPage":{"@id":"http:\/\/graphimarket.com\/ja\/product\/modernart-photoshop-action\/#primaryimage"},"image":{"@id":"http:\/\/graphimarket.com\/ja\/product\/modernart-photoshop-action\/#primaryimage"},"thumbnailUrl":"https:\/\/graphimarket.com\/wp-content\/uploads\/2021\/01\/33.jpg","datePublished":"2021-01-08T14:52:24+00:00","dateModified":"2022-12-19T08:21:40+00:00","description":"Give your photos a professional new artistic look with this action. Typically an effect similar to this could take you hours, but now it can..","breadcrumb":{"@id":"http:\/\/graphimarket.com\/ja\/product\/modernart-photoshop-action\/#breadcrumb"},"inLanguage":"pt-PT","potentialAction":[{"@type":"ReadAction","target":["http:\/\/graphimarket.com\/ja\/product\/modernart-photoshop-action\/"]}]},{"@type":"ImageObject","inLanguage":"pt-PT","@id":"http:\/\/graphimarket.com\/ja\/product\/modernart-photoshop-action\/#primaryimage","url":"https:\/\/graphimarket.com\/wp-content\/uploads\/2021\/01\/33.jpg","contentUrl":"https:\/\/graphimarket.com\/wp-content\/uploads\/2021\/01\/33.jpg","width":796,"height":1195},{"@type":"BreadcrumbList","@id":"http:\/\/graphimarket.com\/ja\/product\/modernart-photoshop-action\/#breadcrumb","itemListElement":[{"@type":"ListItem","position":1,"name":"Home","item":"https:\/\/graphimarket.com\/es\/"},{"@type":"ListItem","position":2,"name":"Store","item":"https:\/\/graphimarket.com\/store\/"},{"@type":"ListItem","position":3,"name":"ModernArt Photoshop Action"}]},{"@type":"WebSite","@id":"https:\/\/graphimarket.com\/fr\/#website","url":"https:\/\/graphimarket.com\/fr\/","name":"Graphimarket","description":"Encontre o ativo criativo perfeito para dar vida ao seu projeto","publisher":{"@id":"https:\/\/graphimarket.com\/fr\/#organization"},"potentialAction":[{"@type":"SearchAction","target":{"@type":"EntryPoint","urlTemplate":"https:\/\/graphimarket.com\/fr\/?s={search_term_string}"},"query-input":{"@type":"PropertyValueSpecification","valueRequired":true,"valueName":"search_term_string"}}],"inLanguage":"pt-PT"},{"@type":"Organization","@id":"https:\/\/graphimarket.com\/fr\/#organization","name":"Graphimarket","url":"https:\/\/graphimarket.com\/fr\/","logo":{"@type":"ImageObject","inLanguage":"pt-PT","@id":"https:\/\/graphimarket.com\/fr\/#\/schema\/logo\/image\/","url":"https:\/\/graphimarket.com\/wp-content\/uploads\/2020\/08\/logo-48.png","contentUrl":"https:\/\/graphimarket.com\/wp-content\/uploads\/2020\/08\/logo-48.png","width":132,"height":48,"caption":"Graphimarket"},"image":{"@id":"https:\/\/graphimarket.com\/fr\/#\/schema\/logo\/image\/"}}]}},"_links":{"self":[{"href":"https:\/\/graphimarket.com\/pt\/wp-json\/wp\/v2\/product\/14917","targetHints":{"allow":["GET"]}}],"collection":[{"href":"https:\/\/graphimarket.com\/pt\/wp-json\/wp\/v2\/product"}],"about":[{"href":"https:\/\/graphimarket.com\/pt\/wp-json\/wp\/v2\/types\/product"}],"replies":[{"embeddable":true,"href":"https:\/\/graphimarket.com\/pt\/wp-json\/wp\/v2\/comments?post=14917"}],"version-history":[{"count":0,"href":"https:\/\/graphimarket.com\/pt\/wp-json\/wp\/v2\/product\/14917\/revisions"}],"wp:featuredmedia":[{"embeddable":true,"href":"https:\/\/graphimarket.com\/pt\/wp-json\/wp\/v2\/media\/14922"}],"wp:attachment":[{"href":"https:\/\/graphimarket.com\/pt\/wp-json\/wp\/v2\/media?parent=14917"}],"wp:term":[{"taxonomy":"product_brand","embeddable":true,"href":"https:\/\/graphimarket.com\/pt\/wp-json\/wp\/v2\/product_brand?post=14917"},{"taxonomy":"product_cat","embeddable":true,"href":"https:\/\/graphimarket.com\/pt\/wp-json\/wp\/v2\/product_cat?post=14917"},{"taxonomy":"product_tag","embeddable":true,"href":"https:\/\/graphimarket.com\/pt\/wp-json\/wp\/v2\/product_tag?post=14917"}],"curies":[{"name":"wp","href":"https:\/\/api.w.org\/{rel}","templated":true}]}}