{"id":14942,"date":"2021-01-08T16:38:48","date_gmt":"2021-01-08T15:38:48","guid":{"rendered":"https:\/\/graphimarket.com\/?post_type=product&#038;p=14942"},"modified":"2024-06-05T03:12:23","modified_gmt":"2024-06-05T01:12:23","slug":"fire-photoshop-action","status":"publish","type":"product","link":"https:\/\/graphimarket.com\/pt\/product\/fire-photoshop-action\/","title":{"rendered":"Fire Photoshop Action"},"content":{"rendered":"<h2 id=\"item-description__fire-photoshop-action\">Fire Photoshop Action<\/h2>\n<p>Create a fire effect the easy way! Make sure to watch the\u00a0<a href=\"https:\/\/www.youtube.com\/watch?v=QVS8gmcBUk8\" rel=\"nofollow\">v\u00eddeo tutorial<\/a>\u00a0to get the most out of the action.<\/p>\n<p>A a\u00e7\u00e3o foi testada e est\u00e1 funcionando no Photoshop\u00a0<strong>CS4, CS5, CS6, CC, CC 2015.5, CC 2017, CC 2018, CC 2019+<\/strong><\/p>\n<p><strong>Importante saber<\/strong><\/p>\n<ul>\n<li>Certifique-se de usar o\u00a0<a href=\"https:\/\/helpx.adobe.com\/au\/creative-cloud\/help\/change-install-language.html\" rel=\"nofollow\">Vers\u00e3o em ingl\u00eas do Photoshop<\/a>\u00a0para executar a a\u00e7\u00e3o. Todas as a\u00e7\u00f5es do Sevenstyles s\u00f3 funcionar\u00e3o na vers\u00e3o em ingl\u00eas do Photoshop.<\/li>\n<\/ul>\n<ul>\n<li>Verifique se voc\u00ea est\u00e1 usando uma vers\u00e3o do Photoshop compat\u00edvel com o Action.<\/li>\n<\/ul>\n<ul>\n<li>Assista ao tutorial em v\u00eddeo para verificar se o arquivo do Photoshop est\u00e1 configurado corretamente. Um link para o tutorial tamb\u00e9m est\u00e1 inclu\u00eddo no arquivo &#039;Readme.txt&#039; no download. Voc\u00ea pode ver todos os meus tutoriais de a\u00e7\u00e3o\u00a0<a href=\"https:\/\/www.youtube.com\/channel\/UCKEi03PoXGSHAzP8u-c4dwQ\" rel=\"nofollow\">aqui<\/a>.<\/li>\n<\/ul>\n<ul>\n<li>Use fotos de alta resolu\u00e7\u00e3o com o Action para obter os melhores resultados e evitar erros. Uma resolu\u00e7\u00e3o de foto ideal \u00e9 entre 2000px - 4500px.<\/li>\n<\/ul>\n<ul>\n<li>Com Adobe Creative Cloud, voc\u00ea pode instalar\u00a0<a href=\"https:\/\/helpx.adobe.com\/download-install\/using\/install-previous-version.html\" rel=\"nofollow\">v\u00e1rias vers\u00f5es do Photoshop<\/a>. Se voc\u00ea gosta desta a\u00e7\u00e3o, mas n\u00e3o \u00e9 compat\u00edvel com sua vers\u00e3o do Photoshop, voc\u00ea sempre pode instalar uma vers\u00e3o adicional do Photoshop para executar a a\u00e7\u00e3o. Depois que um Action foi testado e est\u00e1 funcionando em uma vers\u00e3o do Photoshop, ele funcionar\u00e1 para sempre.<\/li>\n<\/ul>\n<ul>\n<li>Use imagens Jpeg para executar a a\u00e7\u00e3o. Outros tipos de arquivo, como TIFF, BMP, PNG, PSD, podem causar problemas com A\u00e7\u00f5es, pois o Photoshop desativa v\u00e1rios recursos para diferentes tipos de arquivo.<\/li>\n<\/ul>\n<ul>\n<li>Se uma a\u00e7\u00e3o do Sevenstyles incluir um arquivo de pincel (.abr), padr\u00e3o (.pat) ou formas (.csh) no download, ela deve ser carregada no Photoshop antes de executar a a\u00e7\u00e3o.<\/li>\n<\/ul>\n<ul>\n<li>Evite usar a a\u00e7\u00e3o em logotipos ou imagens de estilo de clip-art, pois a falta de detalhes e contraste de cores pode levar a erros.<\/li>\n<\/ul>\n<div class=\"ast-oembed-container\" style=\"height: 100%;\"><iframe title=\"Fire Photoshop Effect Tutorial   Create fire with just a few clicks\" width=\"500\" height=\"281\" src=\"https:\/\/www.youtube.com\/embed\/UXVSyci6ycs?feature=oembed\" frameborder=\"0\" allow=\"accelerometer; autoplay; clipboard-write; encrypted-media; gyroscope; picture-in-picture; web-share\" referrerpolicy=\"strict-origin-when-cross-origin\" allowfullscreen><\/iframe><\/div>\n<p><img fetchpriority=\"high\" decoding=\"async\" class=\"alignnone size-full wp-image-14943\" src=\"https:\/\/graphimarket.com\/wp-content\/uploads\/2021\/01\/Dove-scaled.jpg\" alt=\"\" width=\"2560\" height=\"1706\" srcset=\"https:\/\/graphimarket.com\/wp-content\/uploads\/2021\/01\/Dove-scaled.jpg 2560w, https:\/\/graphimarket.com\/wp-content\/uploads\/2021\/01\/Dove-300x200.jpg 300w, https:\/\/graphimarket.com\/wp-content\/uploads\/2021\/01\/Dove-1024x683.jpg 1024w, https:\/\/graphimarket.com\/wp-content\/uploads\/2021\/01\/Dove-768x512.jpg 768w, https:\/\/graphimarket.com\/wp-content\/uploads\/2021\/01\/Dove-1536x1024.jpg 1536w, https:\/\/graphimarket.com\/wp-content\/uploads\/2021\/01\/Dove-2048x1365.jpg 2048w, https:\/\/graphimarket.com\/wp-content\/uploads\/2021\/01\/Dove-16x12.jpg 16w, https:\/\/graphimarket.com\/wp-content\/uploads\/2021\/01\/Dove-1320x880.jpg 1320w, https:\/\/graphimarket.com\/wp-content\/uploads\/2021\/01\/Dove-600x400.jpg 600w\" sizes=\"(max-width: 2560px) 100vw, 2560px\" \/> <img decoding=\"async\" class=\"alignnone size-full wp-image-14944\" src=\"https:\/\/graphimarket.com\/wp-content\/uploads\/2021\/01\/GirlLeap1_aa.jpg\" alt=\"\" width=\"1153\" height=\"1730\" srcset=\"https:\/\/graphimarket.com\/wp-content\/uploads\/2021\/01\/GirlLeap1_aa.jpg 1153w, https:\/\/graphimarket.com\/wp-content\/uploads\/2021\/01\/GirlLeap1_aa-200x300.jpg 200w, https:\/\/graphimarket.com\/wp-content\/uploads\/2021\/01\/GirlLeap1_aa-682x1024.jpg 682w, https:\/\/graphimarket.com\/wp-content\/uploads\/2021\/01\/GirlLeap1_aa-768x1152.jpg 768w, https:\/\/graphimarket.com\/wp-content\/uploads\/2021\/01\/GirlLeap1_aa-1024x1536.jpg 1024w, https:\/\/graphimarket.com\/wp-content\/uploads\/2021\/01\/GirlLeap1_aa-8x12.jpg 8w, https:\/\/graphimarket.com\/wp-content\/uploads\/2021\/01\/GirlLeap1_aa-600x900.jpg 600w\" sizes=\"(max-width: 1153px) 100vw, 1153px\" \/> <img decoding=\"async\" class=\"alignnone size-full wp-image-14945\" src=\"https:\/\/graphimarket.com\/wp-content\/uploads\/2021\/01\/GirlLeap9.jpg\" alt=\"\" width=\"1380\" height=\"2070\" srcset=\"https:\/\/graphimarket.com\/wp-content\/uploads\/2021\/01\/GirlLeap9.jpg 1380w, https:\/\/graphimarket.com\/wp-content\/uploads\/2021\/01\/GirlLeap9-200x300.jpg 200w, https:\/\/graphimarket.com\/wp-content\/uploads\/2021\/01\/GirlLeap9-683x1024.jpg 683w, https:\/\/graphimarket.com\/wp-content\/uploads\/2021\/01\/GirlLeap9-768x1152.jpg 768w, https:\/\/graphimarket.com\/wp-content\/uploads\/2021\/01\/GirlLeap9-1024x1536.jpg 1024w, https:\/\/graphimarket.com\/wp-content\/uploads\/2021\/01\/GirlLeap9-1365x2048.jpg 1365w, https:\/\/graphimarket.com\/wp-content\/uploads\/2021\/01\/GirlLeap9-8x12.jpg 8w, https:\/\/graphimarket.com\/wp-content\/uploads\/2021\/01\/GirlLeap9-1320x1980.jpg 1320w, https:\/\/graphimarket.com\/wp-content\/uploads\/2021\/01\/GirlLeap9-600x900.jpg 600w\" sizes=\"(max-width: 1380px) 100vw, 1380px\" \/> <img loading=\"lazy\" decoding=\"async\" class=\"alignnone size-full wp-image-14946\" src=\"https:\/\/graphimarket.com\/wp-content\/uploads\/2021\/01\/Horse_aa.jpg\" alt=\"\" width=\"1341\" height=\"1380\" srcset=\"https:\/\/graphimarket.com\/wp-content\/uploads\/2021\/01\/Horse_aa.jpg 1341w, https:\/\/graphimarket.com\/wp-content\/uploads\/2021\/01\/Horse_aa-292x300.jpg 292w, https:\/\/graphimarket.com\/wp-content\/uploads\/2021\/01\/Horse_aa-995x1024.jpg 995w, https:\/\/graphimarket.com\/wp-content\/uploads\/2021\/01\/Horse_aa-768x790.jpg 768w, https:\/\/graphimarket.com\/wp-content\/uploads\/2021\/01\/Horse_aa-12x12.jpg 12w, https:\/\/graphimarket.com\/wp-content\/uploads\/2021\/01\/Horse_aa-1320x1358.jpg 1320w, https:\/\/graphimarket.com\/wp-content\/uploads\/2021\/01\/Horse_aa-600x617.jpg 600w\" sizes=\"(max-width: 1341px) 100vw, 1341px\" \/> <img loading=\"lazy\" decoding=\"async\" class=\"alignnone size-full wp-image-14947\" src=\"https:\/\/graphimarket.com\/wp-content\/uploads\/2021\/01\/Indian_aa.jpg\" alt=\"\" width=\"1563\" height=\"1945\" srcset=\"https:\/\/graphimarket.com\/wp-content\/uploads\/2021\/01\/Indian_aa.jpg 1563w, https:\/\/graphimarket.com\/wp-content\/uploads\/2021\/01\/Indian_aa-241x300.jpg 241w, https:\/\/graphimarket.com\/wp-content\/uploads\/2021\/01\/Indian_aa-823x1024.jpg 823w, https:\/\/graphimarket.com\/wp-content\/uploads\/2021\/01\/Indian_aa-768x956.jpg 768w, https:\/\/graphimarket.com\/wp-content\/uploads\/2021\/01\/Indian_aa-1234x1536.jpg 1234w, https:\/\/graphimarket.com\/wp-content\/uploads\/2021\/01\/Indian_aa-10x12.jpg 10w, https:\/\/graphimarket.com\/wp-content\/uploads\/2021\/01\/Indian_aa-1320x1643.jpg 1320w, https:\/\/graphimarket.com\/wp-content\/uploads\/2021\/01\/Indian_aa-600x747.jpg 600w\" sizes=\"(max-width: 1563px) 100vw, 1563px\" \/> <img loading=\"lazy\" decoding=\"async\" class=\"alignnone size-full wp-image-14948\" src=\"https:\/\/graphimarket.com\/wp-content\/uploads\/2021\/01\/KingKneeled_aa.jpg\" alt=\"\" width=\"1380\" height=\"1881\" srcset=\"https:\/\/graphimarket.com\/wp-content\/uploads\/2021\/01\/KingKneeled_aa.jpg 1380w, https:\/\/graphimarket.com\/wp-content\/uploads\/2021\/01\/KingKneeled_aa-220x300.jpg 220w, https:\/\/graphimarket.com\/wp-content\/uploads\/2021\/01\/KingKneeled_aa-751x1024.jpg 751w, https:\/\/graphimarket.com\/wp-content\/uploads\/2021\/01\/KingKneeled_aa-768x1047.jpg 768w, https:\/\/graphimarket.com\/wp-content\/uploads\/2021\/01\/KingKneeled_aa-1127x1536.jpg 1127w, https:\/\/graphimarket.com\/wp-content\/uploads\/2021\/01\/KingKneeled_aa-9x12.jpg 9w, https:\/\/graphimarket.com\/wp-content\/uploads\/2021\/01\/KingKneeled_aa-1320x1799.jpg 1320w, https:\/\/graphimarket.com\/wp-content\/uploads\/2021\/01\/KingKneeled_aa-600x818.jpg 600w\" sizes=\"(max-width: 1380px) 100vw, 1380px\" \/> <img loading=\"lazy\" decoding=\"async\" class=\"alignnone size-full wp-image-14949\" src=\"https:\/\/graphimarket.com\/wp-content\/uploads\/2021\/01\/AxeMan1_aa1.jpg\" alt=\"\" width=\"1453\" height=\"2070\" srcset=\"https:\/\/graphimarket.com\/wp-content\/uploads\/2021\/01\/AxeMan1_aa1.jpg 1453w, https:\/\/graphimarket.com\/wp-content\/uploads\/2021\/01\/AxeMan1_aa1-211x300.jpg 211w, https:\/\/graphimarket.com\/wp-content\/uploads\/2021\/01\/AxeMan1_aa1-719x1024.jpg 719w, https:\/\/graphimarket.com\/wp-content\/uploads\/2021\/01\/AxeMan1_aa1-768x1094.jpg 768w, https:\/\/graphimarket.com\/wp-content\/uploads\/2021\/01\/AxeMan1_aa1-1078x1536.jpg 1078w, https:\/\/graphimarket.com\/wp-content\/uploads\/2021\/01\/AxeMan1_aa1-1438x2048.jpg 1438w, https:\/\/graphimarket.com\/wp-content\/uploads\/2021\/01\/AxeMan1_aa1-8x12.jpg 8w, https:\/\/graphimarket.com\/wp-content\/uploads\/2021\/01\/AxeMan1_aa1-1320x1881.jpg 1320w, https:\/\/graphimarket.com\/wp-content\/uploads\/2021\/01\/AxeMan1_aa1-600x855.jpg 600w\" sizes=\"(max-width: 1453px) 100vw, 1453px\" \/> <img loading=\"lazy\" decoding=\"async\" class=\"alignnone size-full wp-image-14950\" src=\"https:\/\/graphimarket.com\/wp-content\/uploads\/2021\/01\/CarRuin_aa.jpg\" alt=\"\" width=\"1794\" height=\"1345\" srcset=\"https:\/\/graphimarket.com\/wp-content\/uploads\/2021\/01\/CarRuin_aa.jpg 1794w, https:\/\/graphimarket.com\/wp-content\/uploads\/2021\/01\/CarRuin_aa-300x225.jpg 300w, https:\/\/graphimarket.com\/wp-content\/uploads\/2021\/01\/CarRuin_aa-1024x768.jpg 1024w, https:\/\/graphimarket.com\/wp-content\/uploads\/2021\/01\/CarRuin_aa-768x576.jpg 768w, https:\/\/graphimarket.com\/wp-content\/uploads\/2021\/01\/CarRuin_aa-1536x1152.jpg 1536w, https:\/\/graphimarket.com\/wp-content\/uploads\/2021\/01\/CarRuin_aa-16x12.jpg 16w, https:\/\/graphimarket.com\/wp-content\/uploads\/2021\/01\/CarRuin_aa-1320x990.jpg 1320w, https:\/\/graphimarket.com\/wp-content\/uploads\/2021\/01\/CarRuin_aa-600x450.jpg 600w\" sizes=\"(max-width: 1794px) 100vw, 1794px\" \/> <img loading=\"lazy\" decoding=\"async\" class=\"alignnone size-full wp-image-14951\" src=\"https:\/\/graphimarket.com\/wp-content\/uploads\/2021\/01\/ChainGuy_aa.jpg\" alt=\"\" width=\"1153\" height=\"1730\" srcset=\"https:\/\/graphimarket.com\/wp-content\/uploads\/2021\/01\/ChainGuy_aa.jpg 1153w, https:\/\/graphimarket.com\/wp-content\/uploads\/2021\/01\/ChainGuy_aa-200x300.jpg 200w, https:\/\/graphimarket.com\/wp-content\/uploads\/2021\/01\/ChainGuy_aa-682x1024.jpg 682w, https:\/\/graphimarket.com\/wp-content\/uploads\/2021\/01\/ChainGuy_aa-768x1152.jpg 768w, https:\/\/graphimarket.com\/wp-content\/uploads\/2021\/01\/ChainGuy_aa-1024x1536.jpg 1024w, https:\/\/graphimarket.com\/wp-content\/uploads\/2021\/01\/ChainGuy_aa-8x12.jpg 8w, https:\/\/graphimarket.com\/wp-content\/uploads\/2021\/01\/ChainGuy_aa-600x900.jpg 600w\" sizes=\"(max-width: 1153px) 100vw, 1153px\" \/><\/p>","protected":false},"excerpt":{"rendered":"<p>Fire Photoshop Action Create a fire effect the easy way! Make sure to watch the\u00a0video tutorial\u00a0to get the most out of the action. The action has been tested and working on Photoshop\u00a0CS4,CS5,CS6,CC,CC 2015.5, CC 2017, CC 2018, CC 2019+ Important to know Make sure you are using the\u00a0English version of Photoshop\u00a0to run the Action on. [&hellip;]<\/p>\n","protected":false},"featured_media":14946,"comment_status":"open","ping_status":"closed","template":"","meta":{"site-sidebar-layout":"default","site-content-layout":"default","ast-site-content-layout":"default","site-content-style":"default","site-sidebar-style":"default","ast-global-header-display":"","ast-banner-title-visibility":"","ast-main-header-display":"","ast-hfb-above-header-display":"","ast-hfb-below-header-display":"","ast-hfb-mobile-header-display":"","site-post-title":"","ast-breadcrumbs-content":"","ast-featured-img":"","footer-sml-layout":"","ast-disable-related-posts":"","theme-transparent-header-meta":"default","adv-header-id-meta":"","stick-header-meta":"","header-above-stick-meta":"","header-main-stick-meta":"","header-below-stick-meta":"","astra-migrate-meta-layouts":"default","ast-page-background-enabled":"default","ast-page-background-meta":{"desktop":{"background-color":"","background-image":"","background-repeat":"repeat","background-position":"center center","background-size":"auto","background-attachment":"scroll","background-type":"","background-media":"","overlay-type":"","overlay-color":"","overlay-opacity":"","overlay-gradient":""},"tablet":{"background-color":"","background-image":"","background-repeat":"repeat","background-position":"center center","background-size":"auto","background-attachment":"scroll","background-type":"","background-media":"","overlay-type":"","overlay-color":"","overlay-opacity":"","overlay-gradient":""},"mobile":{"background-color":"","background-image":"","background-repeat":"repeat","background-position":"center center","background-size":"auto","background-attachment":"scroll","background-type":"","background-media":"","overlay-type":"","overlay-color":"","overlay-opacity":"","overlay-gradient":""}},"ast-content-background-meta":{"desktop":{"background-color":"var(--ast-global-color-5)","background-image":"","background-repeat":"repeat","background-position":"center center","background-size":"auto","background-attachment":"scroll","background-type":"","background-media":"","overlay-type":"","overlay-color":"","overlay-opacity":"","overlay-gradient":""},"tablet":{"background-color":"var(--ast-global-color-5)","background-image":"","background-repeat":"repeat","background-position":"center center","background-size":"auto","background-attachment":"scroll","background-type":"","background-media":"","overlay-type":"","overlay-color":"","overlay-opacity":"","overlay-gradient":""},"mobile":{"background-color":"var(--ast-global-color-5)","background-image":"","background-repeat":"repeat","background-position":"center center","background-size":"auto","background-attachment":"scroll","background-type":"","background-media":"","overlay-type":"","overlay-color":"","overlay-opacity":"","overlay-gradient":""}}},"product_brand":[],"product_cat":[195,146],"product_tag":[292,244,62],"class_list":{"0":"post-14942","1":"product","2":"type-product","3":"status-publish","4":"has-post-thumbnail","6":"product_cat-photoshop","7":"product_cat-photoshop-action","8":"product_tag-action","9":"product_tag-fire","10":"product_tag-photoshop","11":"desktop-align-left","12":"tablet-align-left","13":"mobile-align-left","15":"first","16":"instock","17":"sale","18":"downloadable","19":"virtual","20":"taxable","21":"purchasable","22":"product-type-simple"},"yoast_head":"<!-- This site is optimized with the Yoast SEO plugin v27.3 - https:\/\/yoast.com\/product\/yoast-seo-wordpress\/ -->\n<title>Fire Photoshop Action - Graphimarket<\/title>\n<meta name=\"description\" content=\"Create a fire effect the easy way! Make sure to watch the\u00a0video tutorial\u00a0to get the most out of the action.The action has been tested...\" \/>\n<meta name=\"robots\" content=\"index, follow, max-snippet:-1, max-image-preview:large, max-video-preview:-1\" \/>\n<link rel=\"canonical\" href=\"https:\/\/graphimarket.com\/pt\/product\/fire-photoshop-action\/\" \/>\n<meta property=\"og:locale\" content=\"pt_PT\" \/>\n<meta property=\"og:type\" content=\"article\" \/>\n<meta property=\"og:title\" content=\"Fire Photoshop Action - Graphimarket\" \/>\n<meta property=\"og:description\" content=\"Create a fire effect the easy way! Make sure to watch the\u00a0video tutorial\u00a0to get the most out of the action.The action has been tested...\" \/>\n<meta property=\"og:url\" content=\"https:\/\/graphimarket.com\/pt\/product\/fire-photoshop-action\/\" \/>\n<meta property=\"og:site_name\" content=\"Graphimarket\" \/>\n<meta property=\"article:modified_time\" content=\"2024-06-05T01:12:23+00:00\" \/>\n<meta property=\"og:image\" content=\"https:\/\/graphimarket.com\/wp-content\/uploads\/2021\/01\/Horse_aa.jpg\" \/>\n\t<meta property=\"og:image:width\" content=\"1341\" \/>\n\t<meta property=\"og:image:height\" content=\"1380\" \/>\n\t<meta property=\"og:image:type\" content=\"image\/jpeg\" \/>\n<meta name=\"twitter:card\" content=\"summary_large_image\" \/>\n<meta name=\"twitter:label1\" content=\"Est. reading time\" \/>\n\t<meta name=\"twitter:data1\" content=\"1 minute\" \/>\n<script type=\"application\/ld+json\" class=\"yoast-schema-graph\">{\"@context\":\"https:\\\/\\\/schema.org\",\"@graph\":[{\"@type\":\"WebPage\",\"@id\":\"https:\\\/\\\/graphimarket.com\\\/en\\\/product\\\/fire-photoshop-action\\\/\",\"url\":\"https:\\\/\\\/graphimarket.com\\\/en\\\/product\\\/fire-photoshop-action\\\/\",\"name\":\"Fire Photoshop Action - Graphimarket\",\"isPartOf\":{\"@id\":\"https:\\\/\\\/graphimarket.com\\\/fr\\\/#website\"},\"primaryImageOfPage\":{\"@id\":\"https:\\\/\\\/graphimarket.com\\\/en\\\/product\\\/fire-photoshop-action\\\/#primaryimage\"},\"image\":{\"@id\":\"https:\\\/\\\/graphimarket.com\\\/en\\\/product\\\/fire-photoshop-action\\\/#primaryimage\"},\"thumbnailUrl\":\"https:\\\/\\\/graphimarket.com\\\/wp-content\\\/uploads\\\/2021\\\/01\\\/Horse_aa.jpg\",\"datePublished\":\"2021-01-08T15:38:48+00:00\",\"dateModified\":\"2024-06-05T01:12:23+00:00\",\"description\":\"Create a fire effect the easy way! Make sure to watch the\u00a0video tutorial\u00a0to get the most out of the action.The action has been tested...\",\"breadcrumb\":{\"@id\":\"https:\\\/\\\/graphimarket.com\\\/en\\\/product\\\/fire-photoshop-action\\\/#breadcrumb\"},\"inLanguage\":\"pt-PT\",\"potentialAction\":[{\"@type\":\"ReadAction\",\"target\":[\"https:\\\/\\\/graphimarket.com\\\/en\\\/product\\\/fire-photoshop-action\\\/\"]}]},{\"@type\":\"ImageObject\",\"inLanguage\":\"pt-PT\",\"@id\":\"https:\\\/\\\/graphimarket.com\\\/en\\\/product\\\/fire-photoshop-action\\\/#primaryimage\",\"url\":\"https:\\\/\\\/graphimarket.com\\\/wp-content\\\/uploads\\\/2021\\\/01\\\/Horse_aa.jpg\",\"contentUrl\":\"https:\\\/\\\/graphimarket.com\\\/wp-content\\\/uploads\\\/2021\\\/01\\\/Horse_aa.jpg\",\"width\":1341,\"height\":1380},{\"@type\":\"BreadcrumbList\",\"@id\":\"https:\\\/\\\/graphimarket.com\\\/en\\\/product\\\/fire-photoshop-action\\\/#breadcrumb\",\"itemListElement\":[{\"@type\":\"ListItem\",\"position\":1,\"name\":\"Home\",\"item\":\"https:\\\/\\\/graphimarket.com\\\/es\\\/\"},{\"@type\":\"ListItem\",\"position\":2,\"name\":\"Store\",\"item\":\"https:\\\/\\\/graphimarket.com\\\/store\\\/\"},{\"@type\":\"ListItem\",\"position\":3,\"name\":\"Fire Photoshop Action\"}]},{\"@type\":\"WebSite\",\"@id\":\"https:\\\/\\\/graphimarket.com\\\/fr\\\/#website\",\"url\":\"https:\\\/\\\/graphimarket.com\\\/fr\\\/\",\"name\":\"Graphimarket\",\"description\":\"Find the perfect creative asset to bring your project to life\",\"publisher\":{\"@id\":\"https:\\\/\\\/graphimarket.com\\\/fr\\\/#organization\"},\"potentialAction\":[{\"@type\":\"SearchAction\",\"target\":{\"@type\":\"EntryPoint\",\"urlTemplate\":\"https:\\\/\\\/graphimarket.com\\\/fr\\\/?s={search_term_string}\"},\"query-input\":{\"@type\":\"PropertyValueSpecification\",\"valueRequired\":true,\"valueName\":\"search_term_string\"}}],\"inLanguage\":\"pt-PT\"},{\"@type\":\"Organization\",\"@id\":\"https:\\\/\\\/graphimarket.com\\\/fr\\\/#organization\",\"name\":\"Graphimarket\",\"url\":\"https:\\\/\\\/graphimarket.com\\\/fr\\\/\",\"logo\":{\"@type\":\"ImageObject\",\"inLanguage\":\"pt-PT\",\"@id\":\"https:\\\/\\\/graphimarket.com\\\/fr\\\/#\\\/schema\\\/logo\\\/image\\\/\",\"url\":\"https:\\\/\\\/graphimarket.com\\\/wp-content\\\/uploads\\\/2020\\\/08\\\/logo-48.png\",\"contentUrl\":\"https:\\\/\\\/graphimarket.com\\\/wp-content\\\/uploads\\\/2020\\\/08\\\/logo-48.png\",\"width\":132,\"height\":48,\"caption\":\"Graphimarket\"},\"image\":{\"@id\":\"https:\\\/\\\/graphimarket.com\\\/fr\\\/#\\\/schema\\\/logo\\\/image\\\/\"}}]}<\/script>\n<!-- \/ Yoast SEO plugin. -->","yoast_head_json":{"title":"Fire Photoshop Action - Graphimarket","description":"Create a fire effect the easy way! Make sure to watch the\u00a0video tutorial\u00a0to get the most out of the action.The action has been tested...","robots":{"index":"index","follow":"follow","max-snippet":"max-snippet:-1","max-image-preview":"max-image-preview:large","max-video-preview":"max-video-preview:-1"},"canonical":"https:\/\/graphimarket.com\/pt\/product\/fire-photoshop-action\/","og_locale":"pt_PT","og_type":"article","og_title":"Fire Photoshop Action - Graphimarket","og_description":"Create a fire effect the easy way! Make sure to watch the\u00a0video tutorial\u00a0to get the most out of the action.The action has been tested...","og_url":"https:\/\/graphimarket.com\/pt\/product\/fire-photoshop-action\/","og_site_name":"Graphimarket","article_modified_time":"2024-06-05T01:12:23+00:00","og_image":[{"width":1341,"height":1380,"url":"https:\/\/graphimarket.com\/wp-content\/uploads\/2021\/01\/Horse_aa.jpg","type":"image\/jpeg"}],"twitter_card":"summary_large_image","twitter_misc":{"Est. reading time":"1 minute"},"schema":{"@context":"https:\/\/schema.org","@graph":[{"@type":"WebPage","@id":"https:\/\/graphimarket.com\/en\/product\/fire-photoshop-action\/","url":"https:\/\/graphimarket.com\/en\/product\/fire-photoshop-action\/","name":"Fire Photoshop Action - Graphimarket","isPartOf":{"@id":"https:\/\/graphimarket.com\/fr\/#website"},"primaryImageOfPage":{"@id":"https:\/\/graphimarket.com\/en\/product\/fire-photoshop-action\/#primaryimage"},"image":{"@id":"https:\/\/graphimarket.com\/en\/product\/fire-photoshop-action\/#primaryimage"},"thumbnailUrl":"https:\/\/graphimarket.com\/wp-content\/uploads\/2021\/01\/Horse_aa.jpg","datePublished":"2021-01-08T15:38:48+00:00","dateModified":"2024-06-05T01:12:23+00:00","description":"Create a fire effect the easy way! Make sure to watch the\u00a0video tutorial\u00a0to get the most out of the action.The action has been tested...","breadcrumb":{"@id":"https:\/\/graphimarket.com\/en\/product\/fire-photoshop-action\/#breadcrumb"},"inLanguage":"pt-PT","potentialAction":[{"@type":"ReadAction","target":["https:\/\/graphimarket.com\/en\/product\/fire-photoshop-action\/"]}]},{"@type":"ImageObject","inLanguage":"pt-PT","@id":"https:\/\/graphimarket.com\/en\/product\/fire-photoshop-action\/#primaryimage","url":"https:\/\/graphimarket.com\/wp-content\/uploads\/2021\/01\/Horse_aa.jpg","contentUrl":"https:\/\/graphimarket.com\/wp-content\/uploads\/2021\/01\/Horse_aa.jpg","width":1341,"height":1380},{"@type":"BreadcrumbList","@id":"https:\/\/graphimarket.com\/en\/product\/fire-photoshop-action\/#breadcrumb","itemListElement":[{"@type":"ListItem","position":1,"name":"Home","item":"https:\/\/graphimarket.com\/es\/"},{"@type":"ListItem","position":2,"name":"Store","item":"https:\/\/graphimarket.com\/store\/"},{"@type":"ListItem","position":3,"name":"Fire Photoshop Action"}]},{"@type":"WebSite","@id":"https:\/\/graphimarket.com\/fr\/#website","url":"https:\/\/graphimarket.com\/fr\/","name":"Graphimarket","description":"Encontre o ativo criativo perfeito para dar vida ao seu projeto","publisher":{"@id":"https:\/\/graphimarket.com\/fr\/#organization"},"potentialAction":[{"@type":"SearchAction","target":{"@type":"EntryPoint","urlTemplate":"https:\/\/graphimarket.com\/fr\/?s={search_term_string}"},"query-input":{"@type":"PropertyValueSpecification","valueRequired":true,"valueName":"search_term_string"}}],"inLanguage":"pt-PT"},{"@type":"Organization","@id":"https:\/\/graphimarket.com\/fr\/#organization","name":"Graphimarket","url":"https:\/\/graphimarket.com\/fr\/","logo":{"@type":"ImageObject","inLanguage":"pt-PT","@id":"https:\/\/graphimarket.com\/fr\/#\/schema\/logo\/image\/","url":"https:\/\/graphimarket.com\/wp-content\/uploads\/2020\/08\/logo-48.png","contentUrl":"https:\/\/graphimarket.com\/wp-content\/uploads\/2020\/08\/logo-48.png","width":132,"height":48,"caption":"Graphimarket"},"image":{"@id":"https:\/\/graphimarket.com\/fr\/#\/schema\/logo\/image\/"}}]}},"_links":{"self":[{"href":"https:\/\/graphimarket.com\/pt\/wp-json\/wp\/v2\/product\/14942","targetHints":{"allow":["GET"]}}],"collection":[{"href":"https:\/\/graphimarket.com\/pt\/wp-json\/wp\/v2\/product"}],"about":[{"href":"https:\/\/graphimarket.com\/pt\/wp-json\/wp\/v2\/types\/product"}],"replies":[{"embeddable":true,"href":"https:\/\/graphimarket.com\/pt\/wp-json\/wp\/v2\/comments?post=14942"}],"version-history":[{"count":0,"href":"https:\/\/graphimarket.com\/pt\/wp-json\/wp\/v2\/product\/14942\/revisions"}],"wp:featuredmedia":[{"embeddable":true,"href":"https:\/\/graphimarket.com\/pt\/wp-json\/wp\/v2\/media\/14946"}],"wp:attachment":[{"href":"https:\/\/graphimarket.com\/pt\/wp-json\/wp\/v2\/media?parent=14942"}],"wp:term":[{"taxonomy":"product_brand","embeddable":true,"href":"https:\/\/graphimarket.com\/pt\/wp-json\/wp\/v2\/product_brand?post=14942"},{"taxonomy":"product_cat","embeddable":true,"href":"https:\/\/graphimarket.com\/pt\/wp-json\/wp\/v2\/product_cat?post=14942"},{"taxonomy":"product_tag","embeddable":true,"href":"https:\/\/graphimarket.com\/pt\/wp-json\/wp\/v2\/product_tag?post=14942"}],"curies":[{"name":"wp","href":"https:\/\/api.w.org\/{rel}","templated":true}]}}