{"id":15135,"date":"2021-01-13T16:46:12","date_gmt":"2021-01-13T15:46:12","guid":{"rendered":"https:\/\/graphimarket.com\/?post_type=product&#038;p=15135"},"modified":"2024-02-09T19:24:16","modified_gmt":"2024-02-09T18:24:16","slug":"double-light-photoshop-action","status":"publish","type":"product","link":"https:\/\/graphimarket.com\/pt\/product\/double-light-photoshop-action\/","title":{"rendered":"A\u00e7\u00e3o de luz dupla no Photoshop"},"content":{"rendered":"<h1><strong>Double Light Action:<\/strong><\/h1>\n<p>adds on your photo amazing and realistic double light effect. Action perfect works with portraits or other photos. Action contains 10 color FX. Save hours of work with this action. After action finish the work you get a well-organized and structured file with the many layers, folders and settings to improve the final result. Action perfectly work on Mac and PC.<\/p>\n<p>&nbsp;<\/p>\n<p><a href=\"https:\/\/www.youtube.com\/watch?v=_6DZxZu3FKc\" target=\"_blank\" rel=\"noopener\">Tutorial<\/a><\/p>\n<p>&nbsp;<\/p>\n<h2 id=\"item-description__how-to-configure-photoshop-to-work-with-actions\">Como configurar o Photoshop para trabalhar com a\u00e7\u00f5es.<\/h2>\n<p><strong>1. Certifique-se de usar a vers\u00e3o em ingl\u00eas do Photoshop.<\/strong>\u00a0Cada a\u00e7\u00e3o foi criada e otimizada para funcionar apenas com a vers\u00e3o em ingl\u00eas do Photoshop, portanto, certifique-se de usar esta vers\u00e3o. Caso contr\u00e1rio, n\u00e3o se preocupe: voc\u00ea pode alterar o idioma de sua vers\u00e3o do Photoshop para ingl\u00eas (e voltar novamente) usando\u00a0<a href=\"https:\/\/graphimarket.com\/pt\/2021\/01\/12\/guide-how-to-change-language-on-adobe-cc-to-english\/\" target=\"_blank\" rel=\"noopener\">este m\u00e9todo<\/a><\/p>\n<p><strong>2. Use o modo RGB e a cor de 8 bits.<\/strong>\u00a0Para verificar essas configura\u00e7\u00f5es, v\u00e1 para Imagem-&gt; Modo e verifique a \u201ccor RGB\u201d e \u201c8 bits \/ canal\u201d.<\/p>\n<p><strong>3. Certifique-se de que a op\u00e7\u00e3o \u201cAdicionar &#039;c\u00f3pia&#039; \u00e0s camadas e grupos copiados\u201d esteja ativada.<\/strong>\u00a0Esta op\u00e7\u00e3o se aplica apenas ao CS5 e vers\u00f5es posteriores do Photoshop. No painel \u201cCAMADAS\u201d, clique no \u00edcone do menu, v\u00e1 em \u201cOp\u00e7\u00f5es do painel\u2026\u201d e verifique se a op\u00e7\u00e3o \u201cAdicionar &#039;c\u00f3pia&#039; \u00e0s camadas e grupos copiados\u201d est\u00e1 ativada.<\/p>\n<p><strong>4. Use uma foto com 72dpi ou superior.<\/strong>\u00a0Se voc\u00ea estiver usando uma foto com menos de 72 dpi, a a\u00e7\u00e3o n\u00e3o funcionar\u00e1 corretamente. Para corrigir isso, v\u00e1 para Imagem-&gt; Tamanho da imagem e aumente o valor da resolu\u00e7\u00e3o.<\/p>\n<p><strong>5. Defina a opacidade do pincel como 100%.<\/strong>\u00a0Defina a opacidade do pincel como 100%. Selecione a \u201cFerramenta Pincel\u201d e mova o controle deslizante de opacidade para 100%.<\/p>\n<p>&nbsp;<\/p>\n<p><img fetchpriority=\"high\" decoding=\"async\" class=\"alignnone size-full wp-image-15139\" src=\"https:\/\/graphimarket.com\/wp-content\/uploads\/2021\/01\/12-2.jpg\" alt=\"\" width=\"1170\" height=\"780\" srcset=\"https:\/\/graphimarket.com\/wp-content\/uploads\/2021\/01\/12-2.jpg 1170w, https:\/\/graphimarket.com\/wp-content\/uploads\/2021\/01\/12-2-300x200.jpg 300w, https:\/\/graphimarket.com\/wp-content\/uploads\/2021\/01\/12-2-1024x683.jpg 1024w, https:\/\/graphimarket.com\/wp-content\/uploads\/2021\/01\/12-2-768x512.jpg 768w, https:\/\/graphimarket.com\/wp-content\/uploads\/2021\/01\/12-2-16x12.jpg 16w, https:\/\/graphimarket.com\/wp-content\/uploads\/2021\/01\/12-2-600x400.jpg 600w\" sizes=\"(max-width: 1170px) 100vw, 1170px\" \/> <img decoding=\"async\" class=\"alignnone size-full wp-image-15140\" src=\"https:\/\/graphimarket.com\/wp-content\/uploads\/2021\/01\/13-3.jpg\" alt=\"\" width=\"1170\" height=\"780\" srcset=\"https:\/\/graphimarket.com\/wp-content\/uploads\/2021\/01\/13-3.jpg 1170w, https:\/\/graphimarket.com\/wp-content\/uploads\/2021\/01\/13-3-300x200.jpg 300w, https:\/\/graphimarket.com\/wp-content\/uploads\/2021\/01\/13-3-1024x683.jpg 1024w, https:\/\/graphimarket.com\/wp-content\/uploads\/2021\/01\/13-3-768x512.jpg 768w, https:\/\/graphimarket.com\/wp-content\/uploads\/2021\/01\/13-3-16x12.jpg 16w, https:\/\/graphimarket.com\/wp-content\/uploads\/2021\/01\/13-3-600x400.jpg 600w\" sizes=\"(max-width: 1170px) 100vw, 1170px\" \/> <img decoding=\"async\" class=\"alignnone size-full wp-image-15141\" src=\"https:\/\/graphimarket.com\/wp-content\/uploads\/2021\/01\/14-2.jpg\" alt=\"\" width=\"1170\" height=\"780\" srcset=\"https:\/\/graphimarket.com\/wp-content\/uploads\/2021\/01\/14-2.jpg 1170w, https:\/\/graphimarket.com\/wp-content\/uploads\/2021\/01\/14-2-300x200.jpg 300w, https:\/\/graphimarket.com\/wp-content\/uploads\/2021\/01\/14-2-1024x683.jpg 1024w, https:\/\/graphimarket.com\/wp-content\/uploads\/2021\/01\/14-2-768x512.jpg 768w, https:\/\/graphimarket.com\/wp-content\/uploads\/2021\/01\/14-2-16x12.jpg 16w, https:\/\/graphimarket.com\/wp-content\/uploads\/2021\/01\/14-2-600x400.jpg 600w\" sizes=\"(max-width: 1170px) 100vw, 1170px\" \/> <img loading=\"lazy\" decoding=\"async\" class=\"alignnone size-full wp-image-15142\" src=\"https:\/\/graphimarket.com\/wp-content\/uploads\/2021\/01\/15-2.jpg\" alt=\"\" width=\"1170\" height=\"780\" srcset=\"https:\/\/graphimarket.com\/wp-content\/uploads\/2021\/01\/15-2.jpg 1170w, https:\/\/graphimarket.com\/wp-content\/uploads\/2021\/01\/15-2-300x200.jpg 300w, https:\/\/graphimarket.com\/wp-content\/uploads\/2021\/01\/15-2-1024x683.jpg 1024w, https:\/\/graphimarket.com\/wp-content\/uploads\/2021\/01\/15-2-768x512.jpg 768w, https:\/\/graphimarket.com\/wp-content\/uploads\/2021\/01\/15-2-16x12.jpg 16w, https:\/\/graphimarket.com\/wp-content\/uploads\/2021\/01\/15-2-600x400.jpg 600w\" sizes=\"(max-width: 1170px) 100vw, 1170px\" \/> <img loading=\"lazy\" decoding=\"async\" class=\"alignnone size-full wp-image-15143\" src=\"https:\/\/graphimarket.com\/wp-content\/uploads\/2021\/01\/16-1.jpg\" alt=\"\" width=\"1170\" height=\"780\" srcset=\"https:\/\/graphimarket.com\/wp-content\/uploads\/2021\/01\/16-1.jpg 1170w, https:\/\/graphimarket.com\/wp-content\/uploads\/2021\/01\/16-1-300x200.jpg 300w, https:\/\/graphimarket.com\/wp-content\/uploads\/2021\/01\/16-1-1024x683.jpg 1024w, https:\/\/graphimarket.com\/wp-content\/uploads\/2021\/01\/16-1-768x512.jpg 768w, https:\/\/graphimarket.com\/wp-content\/uploads\/2021\/01\/16-1-16x12.jpg 16w, https:\/\/graphimarket.com\/wp-content\/uploads\/2021\/01\/16-1-600x400.jpg 600w\" sizes=\"(max-width: 1170px) 100vw, 1170px\" \/> <img loading=\"lazy\" decoding=\"async\" class=\"alignnone size-full wp-image-15144\" src=\"https:\/\/graphimarket.com\/wp-content\/uploads\/2021\/01\/1-2.jpg\" alt=\"\" width=\"1170\" height=\"780\" srcset=\"https:\/\/graphimarket.com\/wp-content\/uploads\/2021\/01\/1-2.jpg 1170w, https:\/\/graphimarket.com\/wp-content\/uploads\/2021\/01\/1-2-300x200.jpg 300w, https:\/\/graphimarket.com\/wp-content\/uploads\/2021\/01\/1-2-1024x683.jpg 1024w, https:\/\/graphimarket.com\/wp-content\/uploads\/2021\/01\/1-2-768x512.jpg 768w, https:\/\/graphimarket.com\/wp-content\/uploads\/2021\/01\/1-2-16x12.jpg 16w, https:\/\/graphimarket.com\/wp-content\/uploads\/2021\/01\/1-2-600x400.jpg 600w\" sizes=\"(max-width: 1170px) 100vw, 1170px\" \/> <img loading=\"lazy\" decoding=\"async\" class=\"alignnone size-full wp-image-15145\" src=\"https:\/\/graphimarket.com\/wp-content\/uploads\/2021\/01\/10-3.jpg\" alt=\"\" width=\"1170\" height=\"780\" srcset=\"https:\/\/graphimarket.com\/wp-content\/uploads\/2021\/01\/10-3.jpg 1170w, https:\/\/graphimarket.com\/wp-content\/uploads\/2021\/01\/10-3-300x200.jpg 300w, https:\/\/graphimarket.com\/wp-content\/uploads\/2021\/01\/10-3-1024x683.jpg 1024w, https:\/\/graphimarket.com\/wp-content\/uploads\/2021\/01\/10-3-768x512.jpg 768w, https:\/\/graphimarket.com\/wp-content\/uploads\/2021\/01\/10-3-16x12.jpg 16w, https:\/\/graphimarket.com\/wp-content\/uploads\/2021\/01\/10-3-600x400.jpg 600w\" sizes=\"(max-width: 1170px) 100vw, 1170px\" \/> <img loading=\"lazy\" decoding=\"async\" class=\"alignnone size-full wp-image-15146\" src=\"https:\/\/graphimarket.com\/wp-content\/uploads\/2021\/01\/11-3.jpg\" alt=\"\" width=\"1170\" height=\"780\" srcset=\"https:\/\/graphimarket.com\/wp-content\/uploads\/2021\/01\/11-3.jpg 1170w, https:\/\/graphimarket.com\/wp-content\/uploads\/2021\/01\/11-3-300x200.jpg 300w, https:\/\/graphimarket.com\/wp-content\/uploads\/2021\/01\/11-3-1024x683.jpg 1024w, https:\/\/graphimarket.com\/wp-content\/uploads\/2021\/01\/11-3-768x512.jpg 768w, https:\/\/graphimarket.com\/wp-content\/uploads\/2021\/01\/11-3-16x12.jpg 16w, https:\/\/graphimarket.com\/wp-content\/uploads\/2021\/01\/11-3-600x400.jpg 600w\" sizes=\"(max-width: 1170px) 100vw, 1170px\" \/><\/p>","protected":false},"excerpt":{"rendered":"<p>Double Light Action: adds on your photo amazing and realistic double light effect. Action perfect works with portraits or other photos. Action contains 10 color FX. Save hours of work with this action. After action finish the work you get a well-organized and structured file with the many layers, folders and settings to improve the [&hellip;]<\/p>\n","protected":false},"featured_media":15144,"comment_status":"open","ping_status":"closed","template":"","meta":{"site-sidebar-layout":"default","site-content-layout":"default","ast-site-content-layout":"default","site-content-style":"default","site-sidebar-style":"default","ast-global-header-display":"","ast-banner-title-visibility":"","ast-main-header-display":"","ast-hfb-above-header-display":"","ast-hfb-below-header-display":"","ast-hfb-mobile-header-display":"","site-post-title":"","ast-breadcrumbs-content":"","ast-featured-img":"","footer-sml-layout":"","ast-disable-related-posts":"","theme-transparent-header-meta":"default","adv-header-id-meta":"","stick-header-meta":"","header-above-stick-meta":"","header-main-stick-meta":"","header-below-stick-meta":"","astra-migrate-meta-layouts":"default","ast-page-background-enabled":"default","ast-page-background-meta":{"desktop":{"background-color":"","background-image":"","background-repeat":"repeat","background-position":"center center","background-size":"auto","background-attachment":"scroll","background-type":"","background-media":"","overlay-type":"","overlay-color":"","overlay-opacity":"","overlay-gradient":""},"tablet":{"background-color":"","background-image":"","background-repeat":"repeat","background-position":"center center","background-size":"auto","background-attachment":"scroll","background-type":"","background-media":"","overlay-type":"","overlay-color":"","overlay-opacity":"","overlay-gradient":""},"mobile":{"background-color":"","background-image":"","background-repeat":"repeat","background-position":"center center","background-size":"auto","background-attachment":"scroll","background-type":"","background-media":"","overlay-type":"","overlay-color":"","overlay-opacity":"","overlay-gradient":""}},"ast-content-background-meta":{"desktop":{"background-color":"var(--ast-global-color-5)","background-image":"","background-repeat":"repeat","background-position":"center center","background-size":"auto","background-attachment":"scroll","background-type":"","background-media":"","overlay-type":"","overlay-color":"","overlay-opacity":"","overlay-gradient":""},"tablet":{"background-color":"var(--ast-global-color-5)","background-image":"","background-repeat":"repeat","background-position":"center center","background-size":"auto","background-attachment":"scroll","background-type":"","background-media":"","overlay-type":"","overlay-color":"","overlay-opacity":"","overlay-gradient":""},"mobile":{"background-color":"var(--ast-global-color-5)","background-image":"","background-repeat":"repeat","background-position":"center center","background-size":"auto","background-attachment":"scroll","background-type":"","background-media":"","overlay-type":"","overlay-color":"","overlay-opacity":"","overlay-gradient":""}}},"product_brand":[],"product_cat":[195,146],"product_tag":[292,1386,1843,283,62],"class_list":{"0":"post-15135","1":"product","2":"type-product","3":"status-publish","4":"has-post-thumbnail","6":"product_cat-photoshop","7":"product_cat-photoshop-action","8":"product_tag-action","9":"product_tag-adobe","10":"product_tag-double-lighrt","11":"product_tag-light","12":"product_tag-photoshop","13":"desktop-align-left","14":"tablet-align-left","15":"mobile-align-left","17":"first","18":"instock","19":"downloadable","20":"virtual","21":"taxable","22":"purchasable","23":"product-type-simple"},"yoast_head":"<!-- This site is optimized with the Yoast SEO plugin v27.3 - https:\/\/yoast.com\/product\/yoast-seo-wordpress\/ -->\n<title>Double Light Photoshop Action - Graphimarket<\/title>\n<meta name=\"description\" content=\"adds on your photo amazing and realistic double light effect. Action perfect works with portraits or other photos. Action contains...\" \/>\n<meta name=\"robots\" content=\"index, follow, max-snippet:-1, max-image-preview:large, max-video-preview:-1\" \/>\n<link rel=\"canonical\" href=\"https:\/\/graphimarket.com\/pt\/product\/double-light-photoshop-action\/\" \/>\n<meta property=\"og:locale\" content=\"pt_PT\" \/>\n<meta property=\"og:type\" content=\"article\" \/>\n<meta property=\"og:title\" content=\"Double Light Photoshop Action - Graphimarket\" \/>\n<meta property=\"og:description\" content=\"adds on your photo amazing and realistic double light effect. Action perfect works with portraits or other photos. Action contains...\" \/>\n<meta property=\"og:url\" content=\"https:\/\/graphimarket.com\/pt\/product\/double-light-photoshop-action\/\" \/>\n<meta property=\"og:site_name\" content=\"Graphimarket\" \/>\n<meta property=\"article:modified_time\" content=\"2024-02-09T18:24:16+00:00\" \/>\n<meta property=\"og:image\" content=\"https:\/\/graphimarket.com\/wp-content\/uploads\/2021\/01\/1-2.jpg\" \/>\n\t<meta property=\"og:image:width\" content=\"1170\" \/>\n\t<meta property=\"og:image:height\" content=\"780\" \/>\n\t<meta property=\"og:image:type\" content=\"image\/jpeg\" \/>\n<meta name=\"twitter:card\" content=\"summary_large_image\" \/>\n<meta name=\"twitter:label1\" content=\"Est. reading time\" \/>\n\t<meta name=\"twitter:data1\" content=\"1 minute\" \/>\n<script type=\"application\/ld+json\" class=\"yoast-schema-graph\">{\"@context\":\"https:\\\/\\\/schema.org\",\"@graph\":[{\"@type\":\"WebPage\",\"@id\":\"https:\\\/\\\/graphimarket.com\\\/product\\\/double-light-photoshop-action\\\/\",\"url\":\"https:\\\/\\\/graphimarket.com\\\/product\\\/double-light-photoshop-action\\\/\",\"name\":\"Double Light Photoshop Action - Graphimarket\",\"isPartOf\":{\"@id\":\"https:\\\/\\\/graphimarket.com\\\/fr\\\/#website\"},\"primaryImageOfPage\":{\"@id\":\"https:\\\/\\\/graphimarket.com\\\/product\\\/double-light-photoshop-action\\\/#primaryimage\"},\"image\":{\"@id\":\"https:\\\/\\\/graphimarket.com\\\/product\\\/double-light-photoshop-action\\\/#primaryimage\"},\"thumbnailUrl\":\"https:\\\/\\\/graphimarket.com\\\/wp-content\\\/uploads\\\/2021\\\/01\\\/1-2.jpg\",\"datePublished\":\"2021-01-13T15:46:12+00:00\",\"dateModified\":\"2024-02-09T18:24:16+00:00\",\"description\":\"adds on your photo amazing and realistic double light effect. Action perfect works with portraits or other photos. Action contains...\",\"breadcrumb\":{\"@id\":\"https:\\\/\\\/graphimarket.com\\\/product\\\/double-light-photoshop-action\\\/#breadcrumb\"},\"inLanguage\":\"pt-PT\",\"potentialAction\":[{\"@type\":\"ReadAction\",\"target\":[\"https:\\\/\\\/graphimarket.com\\\/product\\\/double-light-photoshop-action\\\/\"]}]},{\"@type\":\"ImageObject\",\"inLanguage\":\"pt-PT\",\"@id\":\"https:\\\/\\\/graphimarket.com\\\/product\\\/double-light-photoshop-action\\\/#primaryimage\",\"url\":\"https:\\\/\\\/graphimarket.com\\\/wp-content\\\/uploads\\\/2021\\\/01\\\/1-2.jpg\",\"contentUrl\":\"https:\\\/\\\/graphimarket.com\\\/wp-content\\\/uploads\\\/2021\\\/01\\\/1-2.jpg\",\"width\":1170,\"height\":780},{\"@type\":\"BreadcrumbList\",\"@id\":\"https:\\\/\\\/graphimarket.com\\\/product\\\/double-light-photoshop-action\\\/#breadcrumb\",\"itemListElement\":[{\"@type\":\"ListItem\",\"position\":1,\"name\":\"Home\",\"item\":\"https:\\\/\\\/graphimarket.com\\\/es\\\/\"},{\"@type\":\"ListItem\",\"position\":2,\"name\":\"Store\",\"item\":\"https:\\\/\\\/graphimarket.com\\\/store\\\/\"},{\"@type\":\"ListItem\",\"position\":3,\"name\":\"Double Light Photoshop Action\"}]},{\"@type\":\"WebSite\",\"@id\":\"https:\\\/\\\/graphimarket.com\\\/fr\\\/#website\",\"url\":\"https:\\\/\\\/graphimarket.com\\\/fr\\\/\",\"name\":\"Graphimarket\",\"description\":\"Find the perfect creative asset to bring your project to life\",\"publisher\":{\"@id\":\"https:\\\/\\\/graphimarket.com\\\/fr\\\/#organization\"},\"potentialAction\":[{\"@type\":\"SearchAction\",\"target\":{\"@type\":\"EntryPoint\",\"urlTemplate\":\"https:\\\/\\\/graphimarket.com\\\/fr\\\/?s={search_term_string}\"},\"query-input\":{\"@type\":\"PropertyValueSpecification\",\"valueRequired\":true,\"valueName\":\"search_term_string\"}}],\"inLanguage\":\"pt-PT\"},{\"@type\":\"Organization\",\"@id\":\"https:\\\/\\\/graphimarket.com\\\/fr\\\/#organization\",\"name\":\"Graphimarket\",\"url\":\"https:\\\/\\\/graphimarket.com\\\/fr\\\/\",\"logo\":{\"@type\":\"ImageObject\",\"inLanguage\":\"pt-PT\",\"@id\":\"https:\\\/\\\/graphimarket.com\\\/fr\\\/#\\\/schema\\\/logo\\\/image\\\/\",\"url\":\"https:\\\/\\\/graphimarket.com\\\/wp-content\\\/uploads\\\/2020\\\/08\\\/logo-48.png\",\"contentUrl\":\"https:\\\/\\\/graphimarket.com\\\/wp-content\\\/uploads\\\/2020\\\/08\\\/logo-48.png\",\"width\":132,\"height\":48,\"caption\":\"Graphimarket\"},\"image\":{\"@id\":\"https:\\\/\\\/graphimarket.com\\\/fr\\\/#\\\/schema\\\/logo\\\/image\\\/\"}}]}<\/script>\n<!-- \/ Yoast SEO plugin. -->","yoast_head_json":{"title":"Double Light Photoshop Action - Graphimarket","description":"adds on your photo amazing and realistic double light effect. Action perfect works with portraits or other photos. Action contains...","robots":{"index":"index","follow":"follow","max-snippet":"max-snippet:-1","max-image-preview":"max-image-preview:large","max-video-preview":"max-video-preview:-1"},"canonical":"https:\/\/graphimarket.com\/pt\/product\/double-light-photoshop-action\/","og_locale":"pt_PT","og_type":"article","og_title":"Double Light Photoshop Action - Graphimarket","og_description":"adds on your photo amazing and realistic double light effect. Action perfect works with portraits or other photos. Action contains...","og_url":"https:\/\/graphimarket.com\/pt\/product\/double-light-photoshop-action\/","og_site_name":"Graphimarket","article_modified_time":"2024-02-09T18:24:16+00:00","og_image":[{"width":1170,"height":780,"url":"https:\/\/graphimarket.com\/wp-content\/uploads\/2021\/01\/1-2.jpg","type":"image\/jpeg"}],"twitter_card":"summary_large_image","twitter_misc":{"Est. reading time":"1 minute"},"schema":{"@context":"https:\/\/schema.org","@graph":[{"@type":"WebPage","@id":"https:\/\/graphimarket.com\/product\/double-light-photoshop-action\/","url":"https:\/\/graphimarket.com\/product\/double-light-photoshop-action\/","name":"Double Light Photoshop Action - Graphimarket","isPartOf":{"@id":"https:\/\/graphimarket.com\/fr\/#website"},"primaryImageOfPage":{"@id":"https:\/\/graphimarket.com\/product\/double-light-photoshop-action\/#primaryimage"},"image":{"@id":"https:\/\/graphimarket.com\/product\/double-light-photoshop-action\/#primaryimage"},"thumbnailUrl":"https:\/\/graphimarket.com\/wp-content\/uploads\/2021\/01\/1-2.jpg","datePublished":"2021-01-13T15:46:12+00:00","dateModified":"2024-02-09T18:24:16+00:00","description":"adds on your photo amazing and realistic double light effect. Action perfect works with portraits or other photos. Action contains...","breadcrumb":{"@id":"https:\/\/graphimarket.com\/product\/double-light-photoshop-action\/#breadcrumb"},"inLanguage":"pt-PT","potentialAction":[{"@type":"ReadAction","target":["https:\/\/graphimarket.com\/product\/double-light-photoshop-action\/"]}]},{"@type":"ImageObject","inLanguage":"pt-PT","@id":"https:\/\/graphimarket.com\/product\/double-light-photoshop-action\/#primaryimage","url":"https:\/\/graphimarket.com\/wp-content\/uploads\/2021\/01\/1-2.jpg","contentUrl":"https:\/\/graphimarket.com\/wp-content\/uploads\/2021\/01\/1-2.jpg","width":1170,"height":780},{"@type":"BreadcrumbList","@id":"https:\/\/graphimarket.com\/product\/double-light-photoshop-action\/#breadcrumb","itemListElement":[{"@type":"ListItem","position":1,"name":"Home","item":"https:\/\/graphimarket.com\/es\/"},{"@type":"ListItem","position":2,"name":"Store","item":"https:\/\/graphimarket.com\/store\/"},{"@type":"ListItem","position":3,"name":"Double Light Photoshop Action"}]},{"@type":"WebSite","@id":"https:\/\/graphimarket.com\/fr\/#website","url":"https:\/\/graphimarket.com\/fr\/","name":"Graphimarket","description":"Encontre o ativo criativo perfeito para dar vida ao seu projeto","publisher":{"@id":"https:\/\/graphimarket.com\/fr\/#organization"},"potentialAction":[{"@type":"SearchAction","target":{"@type":"EntryPoint","urlTemplate":"https:\/\/graphimarket.com\/fr\/?s={search_term_string}"},"query-input":{"@type":"PropertyValueSpecification","valueRequired":true,"valueName":"search_term_string"}}],"inLanguage":"pt-PT"},{"@type":"Organization","@id":"https:\/\/graphimarket.com\/fr\/#organization","name":"Graphimarket","url":"https:\/\/graphimarket.com\/fr\/","logo":{"@type":"ImageObject","inLanguage":"pt-PT","@id":"https:\/\/graphimarket.com\/fr\/#\/schema\/logo\/image\/","url":"https:\/\/graphimarket.com\/wp-content\/uploads\/2020\/08\/logo-48.png","contentUrl":"https:\/\/graphimarket.com\/wp-content\/uploads\/2020\/08\/logo-48.png","width":132,"height":48,"caption":"Graphimarket"},"image":{"@id":"https:\/\/graphimarket.com\/fr\/#\/schema\/logo\/image\/"}}]}},"_links":{"self":[{"href":"https:\/\/graphimarket.com\/pt\/wp-json\/wp\/v2\/product\/15135","targetHints":{"allow":["GET"]}}],"collection":[{"href":"https:\/\/graphimarket.com\/pt\/wp-json\/wp\/v2\/product"}],"about":[{"href":"https:\/\/graphimarket.com\/pt\/wp-json\/wp\/v2\/types\/product"}],"replies":[{"embeddable":true,"href":"https:\/\/graphimarket.com\/pt\/wp-json\/wp\/v2\/comments?post=15135"}],"version-history":[{"count":0,"href":"https:\/\/graphimarket.com\/pt\/wp-json\/wp\/v2\/product\/15135\/revisions"}],"wp:featuredmedia":[{"embeddable":true,"href":"https:\/\/graphimarket.com\/pt\/wp-json\/wp\/v2\/media\/15144"}],"wp:attachment":[{"href":"https:\/\/graphimarket.com\/pt\/wp-json\/wp\/v2\/media?parent=15135"}],"wp:term":[{"taxonomy":"product_brand","embeddable":true,"href":"https:\/\/graphimarket.com\/pt\/wp-json\/wp\/v2\/product_brand?post=15135"},{"taxonomy":"product_cat","embeddable":true,"href":"https:\/\/graphimarket.com\/pt\/wp-json\/wp\/v2\/product_cat?post=15135"},{"taxonomy":"product_tag","embeddable":true,"href":"https:\/\/graphimarket.com\/pt\/wp-json\/wp\/v2\/product_tag?post=15135"}],"curies":[{"name":"wp","href":"https:\/\/api.w.org\/{rel}","templated":true}]}}