{"id":15201,"date":"2021-01-14T16:48:16","date_gmt":"2021-01-14T15:48:16","guid":{"rendered":"https:\/\/graphimarket.com\/?post_type=product&#038;p=15201"},"modified":"2022-12-19T09:06:14","modified_gmt":"2022-12-19T08:06:14","slug":"pastel-photoshop-action","status":"publish","type":"product","link":"https:\/\/graphimarket.com\/pt\/product\/pastel-photoshop-action\/","title":{"rendered":"Pastel Photoshop Action"},"content":{"rendered":"<h2 id=\"item-description__pastel-photoshop-action\">Pastel Photoshop Action<\/h2>\n<p>Create\u00a0<strong>pastel sketch effect<\/strong>\u00a0from your photos with just a few clicks! Open your photo, simply brush over your subject and just play the action. It\u2019s really that simple! Creating this advanced\u00a0<strong>Photoshop pastel drawing effect<\/strong>\u00a0nunca foi isso\u00a0<strong>f\u00e1cil e divertido<\/strong>.<\/p>\n<p>A a\u00e7\u00e3o far\u00e1 todo o trabalho por voc\u00ea, deixando voc\u00ea\u00a0<strong>totalmente em camadas<\/strong>\u00a0e\u00a0<strong>resultados personaliz\u00e1veis<\/strong>\u00a0that you can further modify. Every element is a single layer. The action will also create\u00a0<strong>35 color looks<\/strong>\u00a0que voc\u00ea pode escolher.<\/p>\n<p><a href=\"https:\/\/www.youtube.com\/watch?v=C1u9yYGFU5k\" target=\"_blank\" rel=\"noopener\">Tutorial<\/a><\/p>\n<p>A a\u00e7\u00e3o tamb\u00e9m \u00e9 feita para que\u00a0<strong>toda vez que voc\u00ea executa a a\u00e7\u00e3o - voc\u00ea obter\u00e1 um resultado \u00fanico<\/strong>, even if you use the same brushed area. The action will always create a unique pastel textures variation. You can create\u00a0<strong>n\u00famero ilimitado de resultados!<\/strong><\/p>\n<h4 id=\"item-description__features\">RECURSOS:<\/h4>\n<ul>\n<li>Simples, f\u00e1cil e divertido de usar - mesmo para iniciantes.<\/li>\n<li>Economiza horas e dias de trabalho.<\/li>\n<li>Resultados ilimitados \/ aleat\u00f3rios - voc\u00ea sempre obt\u00e9m resultados \u00fanicos.<\/li>\n<li>Resultados totalmente em camadas e personaliz\u00e1veis - cada elemento \u00e9 uma \u00fanica camada.<\/li>\n<li>Muitas op\u00e7\u00f5es para personalizar os resultados.<\/li>\n<li>35 preset color looks included.<\/li>\n<li>Tutorial em v\u00eddeo inclu\u00eddo.<\/li>\n<\/ul>\n<h4 id=\"item-description__compatibility\">COMPATIBILIDADE:<\/h4>\n<p>A a\u00e7\u00e3o \u00e9 testada e funcionando no Photoshop (vers\u00f5es em ingl\u00eas) CS3, CS4, CS5, CS6, CC, CC 2015.5, CC 2017, CC 2018, CC 2019, CC 2020+.<\/p>\n<p><img fetchpriority=\"high\" decoding=\"async\" class=\"wp-image-15202 aligncenter\" src=\"https:\/\/graphimarket.com\/wp-content\/uploads\/2021\/01\/Preview-1-scaled.jpg\" alt=\"\" width=\"275\" height=\"4501\" \/><\/p>","protected":false},"excerpt":{"rendered":"<p>Pastel Photoshop Action Create\u00a0pastel sketch effect\u00a0from your photos with just a few clicks! Open your photo, simply brush over your subject and just play the action. It\u2019s really that simple! Creating this advanced\u00a0Photoshop pastel drawing effect\u00a0has never been this\u00a0easy and fun. The action will do all the work for you, leaving you\u00a0fully layered\u00a0and\u00a0customizable results\u00a0that you [&hellip;]<\/p>\n","protected":false},"featured_media":15210,"comment_status":"open","ping_status":"closed","template":"","meta":{"site-sidebar-layout":"default","site-content-layout":"default","ast-site-content-layout":"default","site-content-style":"default","site-sidebar-style":"default","ast-global-header-display":"","ast-banner-title-visibility":"","ast-main-header-display":"","ast-hfb-above-header-display":"","ast-hfb-below-header-display":"","ast-hfb-mobile-header-display":"","site-post-title":"","ast-breadcrumbs-content":"","ast-featured-img":"","footer-sml-layout":"","ast-disable-related-posts":"","theme-transparent-header-meta":"default","adv-header-id-meta":"","stick-header-meta":"","header-above-stick-meta":"","header-main-stick-meta":"","header-below-stick-meta":"","astra-migrate-meta-layouts":"default","ast-page-background-enabled":"default","ast-page-background-meta":{"desktop":{"background-color":"","background-image":"","background-repeat":"repeat","background-position":"center center","background-size":"auto","background-attachment":"scroll","background-type":"","background-media":"","overlay-type":"","overlay-color":"","overlay-opacity":"","overlay-gradient":""},"tablet":{"background-color":"","background-image":"","background-repeat":"repeat","background-position":"center center","background-size":"auto","background-attachment":"scroll","background-type":"","background-media":"","overlay-type":"","overlay-color":"","overlay-opacity":"","overlay-gradient":""},"mobile":{"background-color":"","background-image":"","background-repeat":"repeat","background-position":"center center","background-size":"auto","background-attachment":"scroll","background-type":"","background-media":"","overlay-type":"","overlay-color":"","overlay-opacity":"","overlay-gradient":""}},"ast-content-background-meta":{"desktop":{"background-color":"var(--ast-global-color-5)","background-image":"","background-repeat":"repeat","background-position":"center center","background-size":"auto","background-attachment":"scroll","background-type":"","background-media":"","overlay-type":"","overlay-color":"","overlay-opacity":"","overlay-gradient":""},"tablet":{"background-color":"var(--ast-global-color-5)","background-image":"","background-repeat":"repeat","background-position":"center center","background-size":"auto","background-attachment":"scroll","background-type":"","background-media":"","overlay-type":"","overlay-color":"","overlay-opacity":"","overlay-gradient":""},"mobile":{"background-color":"var(--ast-global-color-5)","background-image":"","background-repeat":"repeat","background-position":"center center","background-size":"auto","background-attachment":"scroll","background-type":"","background-media":"","overlay-type":"","overlay-color":"","overlay-opacity":"","overlay-gradient":""}}},"product_brand":[],"product_cat":[195,146],"product_tag":[292,445,62],"class_list":{"0":"post-15201","1":"product","2":"type-product","3":"status-publish","4":"has-post-thumbnail","6":"product_cat-photoshop","7":"product_cat-photoshop-action","8":"product_tag-action","9":"product_tag-pastel","10":"product_tag-photoshop","11":"desktop-align-left","12":"tablet-align-left","13":"mobile-align-left","15":"first","16":"instock","17":"sale","18":"downloadable","19":"virtual","20":"taxable","21":"purchasable","22":"product-type-simple"},"yoast_head":"<!-- This site is optimized with the Yoast SEO plugin v27.3 - https:\/\/yoast.com\/product\/yoast-seo-wordpress\/ -->\n<title>Pastel Photoshop Action - Graphimarket<\/title>\n<meta name=\"description\" content=\"Create\u00a0pastel sketch effect\u00a0from your photos with just a few clicks! Open your photo, simply brush over your subject and just...\" \/>\n<meta name=\"robots\" content=\"index, follow, max-snippet:-1, max-image-preview:large, max-video-preview:-1\" \/>\n<link rel=\"canonical\" href=\"https:\/\/graphimarket.com\/pt\/product\/pastel-photoshop-action\/\" \/>\n<meta property=\"og:locale\" content=\"pt_PT\" \/>\n<meta property=\"og:type\" content=\"article\" \/>\n<meta property=\"og:title\" content=\"Pastel Photoshop Action - Graphimarket\" \/>\n<meta property=\"og:description\" content=\"Create\u00a0pastel sketch effect\u00a0from your photos with just a few clicks! Open your photo, simply brush over your subject and just...\" \/>\n<meta property=\"og:url\" content=\"https:\/\/graphimarket.com\/pt\/product\/pastel-photoshop-action\/\" \/>\n<meta property=\"og:site_name\" content=\"Graphimarket\" \/>\n<meta property=\"article:modified_time\" content=\"2022-12-19T08:06:14+00:00\" \/>\n<meta property=\"og:image\" content=\"https:\/\/graphimarket.com\/wp-content\/uploads\/2021\/01\/6f3d61ac626ef177e4fa659c247fc79b.jpg\" \/>\n\t<meta property=\"og:image:width\" content=\"850\" \/>\n\t<meta property=\"og:image:height\" content=\"1106\" \/>\n\t<meta property=\"og:image:type\" content=\"image\/jpeg\" \/>\n<meta name=\"twitter:card\" content=\"summary_large_image\" \/>\n<meta name=\"twitter:label1\" content=\"Est. reading time\" \/>\n\t<meta name=\"twitter:data1\" content=\"1 minute\" \/>\n<script type=\"application\/ld+json\" class=\"yoast-schema-graph\">{\"@context\":\"https:\\\/\\\/schema.org\",\"@graph\":[{\"@type\":\"WebPage\",\"@id\":\"https:\\\/\\\/graphimarket.com\\\/product\\\/pastel-photoshop-action\\\/\",\"url\":\"https:\\\/\\\/graphimarket.com\\\/product\\\/pastel-photoshop-action\\\/\",\"name\":\"Pastel Photoshop Action - Graphimarket\",\"isPartOf\":{\"@id\":\"https:\\\/\\\/graphimarket.com\\\/fr\\\/#website\"},\"primaryImageOfPage\":{\"@id\":\"https:\\\/\\\/graphimarket.com\\\/product\\\/pastel-photoshop-action\\\/#primaryimage\"},\"image\":{\"@id\":\"https:\\\/\\\/graphimarket.com\\\/product\\\/pastel-photoshop-action\\\/#primaryimage\"},\"thumbnailUrl\":\"https:\\\/\\\/graphimarket.com\\\/wp-content\\\/uploads\\\/2021\\\/01\\\/6f3d61ac626ef177e4fa659c247fc79b.jpg\",\"datePublished\":\"2021-01-14T15:48:16+00:00\",\"dateModified\":\"2022-12-19T08:06:14+00:00\",\"description\":\"Create\u00a0pastel sketch effect\u00a0from your photos with just a few clicks! Open your photo, simply brush over your subject and just...\",\"breadcrumb\":{\"@id\":\"https:\\\/\\\/graphimarket.com\\\/product\\\/pastel-photoshop-action\\\/#breadcrumb\"},\"inLanguage\":\"pt-PT\",\"potentialAction\":[{\"@type\":\"ReadAction\",\"target\":[\"https:\\\/\\\/graphimarket.com\\\/product\\\/pastel-photoshop-action\\\/\"]}]},{\"@type\":\"ImageObject\",\"inLanguage\":\"pt-PT\",\"@id\":\"https:\\\/\\\/graphimarket.com\\\/product\\\/pastel-photoshop-action\\\/#primaryimage\",\"url\":\"https:\\\/\\\/graphimarket.com\\\/wp-content\\\/uploads\\\/2021\\\/01\\\/6f3d61ac626ef177e4fa659c247fc79b.jpg\",\"contentUrl\":\"https:\\\/\\\/graphimarket.com\\\/wp-content\\\/uploads\\\/2021\\\/01\\\/6f3d61ac626ef177e4fa659c247fc79b.jpg\",\"width\":850,\"height\":1106},{\"@type\":\"BreadcrumbList\",\"@id\":\"https:\\\/\\\/graphimarket.com\\\/product\\\/pastel-photoshop-action\\\/#breadcrumb\",\"itemListElement\":[{\"@type\":\"ListItem\",\"position\":1,\"name\":\"Home\",\"item\":\"https:\\\/\\\/graphimarket.com\\\/es\\\/\"},{\"@type\":\"ListItem\",\"position\":2,\"name\":\"Store\",\"item\":\"https:\\\/\\\/graphimarket.com\\\/store\\\/\"},{\"@type\":\"ListItem\",\"position\":3,\"name\":\"Pastel Photoshop Action\"}]},{\"@type\":\"WebSite\",\"@id\":\"https:\\\/\\\/graphimarket.com\\\/fr\\\/#website\",\"url\":\"https:\\\/\\\/graphimarket.com\\\/fr\\\/\",\"name\":\"Graphimarket\",\"description\":\"Find the perfect creative asset to bring your project to life\",\"publisher\":{\"@id\":\"https:\\\/\\\/graphimarket.com\\\/fr\\\/#organization\"},\"potentialAction\":[{\"@type\":\"SearchAction\",\"target\":{\"@type\":\"EntryPoint\",\"urlTemplate\":\"https:\\\/\\\/graphimarket.com\\\/fr\\\/?s={search_term_string}\"},\"query-input\":{\"@type\":\"PropertyValueSpecification\",\"valueRequired\":true,\"valueName\":\"search_term_string\"}}],\"inLanguage\":\"pt-PT\"},{\"@type\":\"Organization\",\"@id\":\"https:\\\/\\\/graphimarket.com\\\/fr\\\/#organization\",\"name\":\"Graphimarket\",\"url\":\"https:\\\/\\\/graphimarket.com\\\/fr\\\/\",\"logo\":{\"@type\":\"ImageObject\",\"inLanguage\":\"pt-PT\",\"@id\":\"https:\\\/\\\/graphimarket.com\\\/fr\\\/#\\\/schema\\\/logo\\\/image\\\/\",\"url\":\"https:\\\/\\\/graphimarket.com\\\/wp-content\\\/uploads\\\/2020\\\/08\\\/logo-48.png\",\"contentUrl\":\"https:\\\/\\\/graphimarket.com\\\/wp-content\\\/uploads\\\/2020\\\/08\\\/logo-48.png\",\"width\":132,\"height\":48,\"caption\":\"Graphimarket\"},\"image\":{\"@id\":\"https:\\\/\\\/graphimarket.com\\\/fr\\\/#\\\/schema\\\/logo\\\/image\\\/\"}}]}<\/script>\n<!-- \/ Yoast SEO plugin. -->","yoast_head_json":{"title":"Pastel Photoshop Action - Graphimarket","description":"Create\u00a0pastel sketch effect\u00a0from your photos with just a few clicks! Open your photo, simply brush over your subject and just...","robots":{"index":"index","follow":"follow","max-snippet":"max-snippet:-1","max-image-preview":"max-image-preview:large","max-video-preview":"max-video-preview:-1"},"canonical":"https:\/\/graphimarket.com\/pt\/product\/pastel-photoshop-action\/","og_locale":"pt_PT","og_type":"article","og_title":"Pastel Photoshop Action - Graphimarket","og_description":"Create\u00a0pastel sketch effect\u00a0from your photos with just a few clicks! Open your photo, simply brush over your subject and just...","og_url":"https:\/\/graphimarket.com\/pt\/product\/pastel-photoshop-action\/","og_site_name":"Graphimarket","article_modified_time":"2022-12-19T08:06:14+00:00","og_image":[{"width":850,"height":1106,"url":"https:\/\/graphimarket.com\/wp-content\/uploads\/2021\/01\/6f3d61ac626ef177e4fa659c247fc79b.jpg","type":"image\/jpeg"}],"twitter_card":"summary_large_image","twitter_misc":{"Est. reading time":"1 minute"},"schema":{"@context":"https:\/\/schema.org","@graph":[{"@type":"WebPage","@id":"https:\/\/graphimarket.com\/product\/pastel-photoshop-action\/","url":"https:\/\/graphimarket.com\/product\/pastel-photoshop-action\/","name":"Pastel Photoshop Action - Graphimarket","isPartOf":{"@id":"https:\/\/graphimarket.com\/fr\/#website"},"primaryImageOfPage":{"@id":"https:\/\/graphimarket.com\/product\/pastel-photoshop-action\/#primaryimage"},"image":{"@id":"https:\/\/graphimarket.com\/product\/pastel-photoshop-action\/#primaryimage"},"thumbnailUrl":"https:\/\/graphimarket.com\/wp-content\/uploads\/2021\/01\/6f3d61ac626ef177e4fa659c247fc79b.jpg","datePublished":"2021-01-14T15:48:16+00:00","dateModified":"2022-12-19T08:06:14+00:00","description":"Create\u00a0pastel sketch effect\u00a0from your photos with just a few clicks! Open your photo, simply brush over your subject and just...","breadcrumb":{"@id":"https:\/\/graphimarket.com\/product\/pastel-photoshop-action\/#breadcrumb"},"inLanguage":"pt-PT","potentialAction":[{"@type":"ReadAction","target":["https:\/\/graphimarket.com\/product\/pastel-photoshop-action\/"]}]},{"@type":"ImageObject","inLanguage":"pt-PT","@id":"https:\/\/graphimarket.com\/product\/pastel-photoshop-action\/#primaryimage","url":"https:\/\/graphimarket.com\/wp-content\/uploads\/2021\/01\/6f3d61ac626ef177e4fa659c247fc79b.jpg","contentUrl":"https:\/\/graphimarket.com\/wp-content\/uploads\/2021\/01\/6f3d61ac626ef177e4fa659c247fc79b.jpg","width":850,"height":1106},{"@type":"BreadcrumbList","@id":"https:\/\/graphimarket.com\/product\/pastel-photoshop-action\/#breadcrumb","itemListElement":[{"@type":"ListItem","position":1,"name":"Home","item":"https:\/\/graphimarket.com\/es\/"},{"@type":"ListItem","position":2,"name":"Store","item":"https:\/\/graphimarket.com\/store\/"},{"@type":"ListItem","position":3,"name":"Pastel Photoshop Action"}]},{"@type":"WebSite","@id":"https:\/\/graphimarket.com\/fr\/#website","url":"https:\/\/graphimarket.com\/fr\/","name":"Graphimarket","description":"Encontre o ativo criativo perfeito para dar vida ao seu projeto","publisher":{"@id":"https:\/\/graphimarket.com\/fr\/#organization"},"potentialAction":[{"@type":"SearchAction","target":{"@type":"EntryPoint","urlTemplate":"https:\/\/graphimarket.com\/fr\/?s={search_term_string}"},"query-input":{"@type":"PropertyValueSpecification","valueRequired":true,"valueName":"search_term_string"}}],"inLanguage":"pt-PT"},{"@type":"Organization","@id":"https:\/\/graphimarket.com\/fr\/#organization","name":"Graphimarket","url":"https:\/\/graphimarket.com\/fr\/","logo":{"@type":"ImageObject","inLanguage":"pt-PT","@id":"https:\/\/graphimarket.com\/fr\/#\/schema\/logo\/image\/","url":"https:\/\/graphimarket.com\/wp-content\/uploads\/2020\/08\/logo-48.png","contentUrl":"https:\/\/graphimarket.com\/wp-content\/uploads\/2020\/08\/logo-48.png","width":132,"height":48,"caption":"Graphimarket"},"image":{"@id":"https:\/\/graphimarket.com\/fr\/#\/schema\/logo\/image\/"}}]}},"_links":{"self":[{"href":"https:\/\/graphimarket.com\/pt\/wp-json\/wp\/v2\/product\/15201","targetHints":{"allow":["GET"]}}],"collection":[{"href":"https:\/\/graphimarket.com\/pt\/wp-json\/wp\/v2\/product"}],"about":[{"href":"https:\/\/graphimarket.com\/pt\/wp-json\/wp\/v2\/types\/product"}],"replies":[{"embeddable":true,"href":"https:\/\/graphimarket.com\/pt\/wp-json\/wp\/v2\/comments?post=15201"}],"version-history":[{"count":0,"href":"https:\/\/graphimarket.com\/pt\/wp-json\/wp\/v2\/product\/15201\/revisions"}],"wp:featuredmedia":[{"embeddable":true,"href":"https:\/\/graphimarket.com\/pt\/wp-json\/wp\/v2\/media\/15210"}],"wp:attachment":[{"href":"https:\/\/graphimarket.com\/pt\/wp-json\/wp\/v2\/media?parent=15201"}],"wp:term":[{"taxonomy":"product_brand","embeddable":true,"href":"https:\/\/graphimarket.com\/pt\/wp-json\/wp\/v2\/product_brand?post=15201"},{"taxonomy":"product_cat","embeddable":true,"href":"https:\/\/graphimarket.com\/pt\/wp-json\/wp\/v2\/product_cat?post=15201"},{"taxonomy":"product_tag","embeddable":true,"href":"https:\/\/graphimarket.com\/pt\/wp-json\/wp\/v2\/product_tag?post=15201"}],"curies":[{"name":"wp","href":"https:\/\/api.w.org\/{rel}","templated":true}]}}