{"id":15342,"date":"2021-01-18T15:56:25","date_gmt":"2021-01-18T14:56:25","guid":{"rendered":"https:\/\/graphimarket.com\/?post_type=product&#038;p=15342"},"modified":"2022-12-19T09:04:02","modified_gmt":"2022-12-19T08:04:02","slug":"impressionist-photoshop-action-2","status":"publish","type":"product","link":"https:\/\/graphimarket.com\/pt\/product\/impressionist-photoshop-action-2\/","title":{"rendered":"A\u00e7\u00e3o impressionista do Photoshop"},"content":{"rendered":"<h2 id=\"item-description__impressionist-photoshop-action\">A\u00e7\u00e3o impressionista do Photoshop<\/h2>\n<p>Transform your photos into creative abstract art!<\/p>\n<p>A a\u00e7\u00e3o foi testada e est\u00e1 funcionando no Photoshop\u00a0<strong>CS3,CS4,CS5,CS6,CC,CC, CC 2014,2015.5,CC 2017, CC 2018,CC 2019+<\/strong><\/p>\n<p>Make sure to\u00a0watch the video tutorial for how to set up your Photoshop file and customize the effect.<\/p>\n<p><a href=\"https:\/\/www.youtube.com\/watch?v=J1rBbZUX0PY\" target=\"_blank\" rel=\"noopener\">Tutorial<\/a><\/p>\n<p>&nbsp;<\/p>\n<p><strong>Importante saber<\/strong><\/p>\n<ul>\n<li>Certifique-se de usar o\u00a0<a href=\"https:\/\/graphimarket.com\/pt\/2021\/01\/12\/change-the-language-of-your-creative-cloud-apps\/\" target=\"_blank\" rel=\"noopener\">Vers\u00e3o em ingl\u00eas do Photoshop<\/a>\u00a0para executar a a\u00e7\u00e3o. Todas as a\u00e7\u00f5es do Sevenstyles s\u00f3 funcionar\u00e3o na vers\u00e3o em ingl\u00eas do Photoshop.<\/li>\n<\/ul>\n<ul>\n<li>Verifique se voc\u00ea est\u00e1 usando uma vers\u00e3o do Photoshop compat\u00edvel com o Action.<\/li>\n<\/ul>\n<ul>\n<li>Use fotos de alta resolu\u00e7\u00e3o com o Action para obter os melhores resultados e evitar erros. Uma resolu\u00e7\u00e3o de foto ideal \u00e9 entre 2000px - 4500px.<\/li>\n<\/ul>\n<ul>\n<li>Com Adobe Creative Cloud, voc\u00ea pode instalar\u00a0<a href=\"https:\/\/graphimarket.com\/pt\/2021\/01\/12\/how-to-install-previous-versions-of-your-creative-cloud-apps\/\" target=\"_blank\" rel=\"noopener\">v\u00e1rias vers\u00f5es do Photoshop<\/a>. Se voc\u00ea gosta desta a\u00e7\u00e3o, mas n\u00e3o \u00e9 compat\u00edvel com sua vers\u00e3o do Photoshop, voc\u00ea sempre pode instalar uma vers\u00e3o adicional do Photoshop para executar a a\u00e7\u00e3o. Depois que um Action foi testado e est\u00e1 funcionando em uma vers\u00e3o do Photoshop, ele funcionar\u00e1 para sempre.<\/li>\n<\/ul>\n<ul>\n<li>Use imagens Jpeg para executar a a\u00e7\u00e3o. Outros tipos de arquivo, como TIFF, BMP, PNG, PSD, podem causar problemas com A\u00e7\u00f5es, pois o Photoshop desativa v\u00e1rios recursos para diferentes tipos de arquivo.<\/li>\n<\/ul>\n<ul>\n<li>Se uma a\u00e7\u00e3o do Sevenstyles incluir um arquivo de pincel (.abr), padr\u00e3o (.pat) ou formas (.csh) no download, ela deve ser carregada no Photoshop antes de executar a a\u00e7\u00e3o.<\/li>\n<\/ul>\n<ul>\n<li>Evite usar a a\u00e7\u00e3o em logotipos ou imagens de estilo de clip-art, pois a falta de detalhes e contraste de cores pode levar a erros.<\/li>\n<\/ul>\n<p><img fetchpriority=\"high\" decoding=\"async\" class=\"alignnone size-full wp-image-15343\" src=\"https:\/\/graphimarket.com\/wp-content\/uploads\/2021\/01\/BlueHoodGuy.jpg\" alt=\"\" width=\"1633\" height=\"2208\" srcset=\"https:\/\/graphimarket.com\/wp-content\/uploads\/2021\/01\/BlueHoodGuy.jpg 1633w, https:\/\/graphimarket.com\/wp-content\/uploads\/2021\/01\/BlueHoodGuy-222x300.jpg 222w, https:\/\/graphimarket.com\/wp-content\/uploads\/2021\/01\/BlueHoodGuy-757x1024.jpg 757w, https:\/\/graphimarket.com\/wp-content\/uploads\/2021\/01\/BlueHoodGuy-768x1038.jpg 768w, https:\/\/graphimarket.com\/wp-content\/uploads\/2021\/01\/BlueHoodGuy-1136x1536.jpg 1136w, https:\/\/graphimarket.com\/wp-content\/uploads\/2021\/01\/BlueHoodGuy-1515x2048.jpg 1515w, https:\/\/graphimarket.com\/wp-content\/uploads\/2021\/01\/BlueHoodGuy-9x12.jpg 9w, https:\/\/graphimarket.com\/wp-content\/uploads\/2021\/01\/BlueHoodGuy-1320x1785.jpg 1320w, https:\/\/graphimarket.com\/wp-content\/uploads\/2021\/01\/BlueHoodGuy-600x811.jpg 600w\" sizes=\"(max-width: 1633px) 100vw, 1633px\" \/> <img decoding=\"async\" class=\"alignnone size-full wp-image-15344\" src=\"https:\/\/graphimarket.com\/wp-content\/uploads\/2021\/01\/BlueParrot.jpg\" alt=\"\" width=\"990\" height=\"2208\" srcset=\"https:\/\/graphimarket.com\/wp-content\/uploads\/2021\/01\/BlueParrot.jpg 990w, https:\/\/graphimarket.com\/wp-content\/uploads\/2021\/01\/BlueParrot-135x300.jpg 135w, https:\/\/graphimarket.com\/wp-content\/uploads\/2021\/01\/BlueParrot-459x1024.jpg 459w, https:\/\/graphimarket.com\/wp-content\/uploads\/2021\/01\/BlueParrot-768x1713.jpg 768w, https:\/\/graphimarket.com\/wp-content\/uploads\/2021\/01\/BlueParrot-689x1536.jpg 689w, https:\/\/graphimarket.com\/wp-content\/uploads\/2021\/01\/BlueParrot-918x2048.jpg 918w, https:\/\/graphimarket.com\/wp-content\/uploads\/2021\/01\/BlueParrot-5x12.jpg 5w, https:\/\/graphimarket.com\/wp-content\/uploads\/2021\/01\/BlueParrot-600x1338.jpg 600w\" sizes=\"(max-width: 990px) 100vw, 990px\" \/> <img decoding=\"async\" class=\"alignnone size-full wp-image-15345\" src=\"https:\/\/graphimarket.com\/wp-content\/uploads\/2021\/01\/BreakDancer-1.jpg\" alt=\"\" width=\"1273\" height=\"1909\" srcset=\"https:\/\/graphimarket.com\/wp-content\/uploads\/2021\/01\/BreakDancer-1.jpg 1273w, https:\/\/graphimarket.com\/wp-content\/uploads\/2021\/01\/BreakDancer-1-200x300.jpg 200w, https:\/\/graphimarket.com\/wp-content\/uploads\/2021\/01\/BreakDancer-1-683x1024.jpg 683w, https:\/\/graphimarket.com\/wp-content\/uploads\/2021\/01\/BreakDancer-1-768x1152.jpg 768w, https:\/\/graphimarket.com\/wp-content\/uploads\/2021\/01\/BreakDancer-1-1024x1536.jpg 1024w, https:\/\/graphimarket.com\/wp-content\/uploads\/2021\/01\/BreakDancer-1-8x12.jpg 8w, https:\/\/graphimarket.com\/wp-content\/uploads\/2021\/01\/BreakDancer-1-600x900.jpg 600w\" sizes=\"(max-width: 1273px) 100vw, 1273px\" \/> <img loading=\"lazy\" decoding=\"async\" class=\"alignnone size-full wp-image-15346\" src=\"https:\/\/graphimarket.com\/wp-content\/uploads\/2021\/01\/ChineseWoman.jpg\" alt=\"\" width=\"1380\" height=\"2068\" srcset=\"https:\/\/graphimarket.com\/wp-content\/uploads\/2021\/01\/ChineseWoman.jpg 1380w, https:\/\/graphimarket.com\/wp-content\/uploads\/2021\/01\/ChineseWoman-200x300.jpg 200w, https:\/\/graphimarket.com\/wp-content\/uploads\/2021\/01\/ChineseWoman-683x1024.jpg 683w, https:\/\/graphimarket.com\/wp-content\/uploads\/2021\/01\/ChineseWoman-768x1151.jpg 768w, https:\/\/graphimarket.com\/wp-content\/uploads\/2021\/01\/ChineseWoman-1025x1536.jpg 1025w, https:\/\/graphimarket.com\/wp-content\/uploads\/2021\/01\/ChineseWoman-1367x2048.jpg 1367w, https:\/\/graphimarket.com\/wp-content\/uploads\/2021\/01\/ChineseWoman-8x12.jpg 8w, https:\/\/graphimarket.com\/wp-content\/uploads\/2021\/01\/ChineseWoman-1320x1978.jpg 1320w, https:\/\/graphimarket.com\/wp-content\/uploads\/2021\/01\/ChineseWoman-600x899.jpg 600w\" sizes=\"(max-width: 1380px) 100vw, 1380px\" \/> <img loading=\"lazy\" decoding=\"async\" class=\"alignnone size-full wp-image-15347\" src=\"https:\/\/graphimarket.com\/wp-content\/uploads\/2021\/01\/DirtBiker.jpg\" alt=\"\" width=\"1308\" height=\"2417\" srcset=\"https:\/\/graphimarket.com\/wp-content\/uploads\/2021\/01\/DirtBiker.jpg 1308w, https:\/\/graphimarket.com\/wp-content\/uploads\/2021\/01\/DirtBiker-162x300.jpg 162w, https:\/\/graphimarket.com\/wp-content\/uploads\/2021\/01\/DirtBiker-554x1024.jpg 554w, https:\/\/graphimarket.com\/wp-content\/uploads\/2021\/01\/DirtBiker-768x1419.jpg 768w, https:\/\/graphimarket.com\/wp-content\/uploads\/2021\/01\/DirtBiker-831x1536.jpg 831w, https:\/\/graphimarket.com\/wp-content\/uploads\/2021\/01\/DirtBiker-1108x2048.jpg 1108w, https:\/\/graphimarket.com\/wp-content\/uploads\/2021\/01\/DirtBiker-6x12.jpg 6w, https:\/\/graphimarket.com\/wp-content\/uploads\/2021\/01\/DirtBiker-600x1109.jpg 600w\" sizes=\"(max-width: 1308px) 100vw, 1308px\" \/> <img loading=\"lazy\" decoding=\"async\" class=\"alignnone size-full wp-image-15348\" src=\"https:\/\/graphimarket.com\/wp-content\/uploads\/2021\/01\/Dog.jpg\" alt=\"\" width=\"1235\" height=\"2204\" srcset=\"https:\/\/graphimarket.com\/wp-content\/uploads\/2021\/01\/Dog.jpg 1235w, https:\/\/graphimarket.com\/wp-content\/uploads\/2021\/01\/Dog-168x300.jpg 168w, https:\/\/graphimarket.com\/wp-content\/uploads\/2021\/01\/Dog-574x1024.jpg 574w, https:\/\/graphimarket.com\/wp-content\/uploads\/2021\/01\/Dog-768x1371.jpg 768w, https:\/\/graphimarket.com\/wp-content\/uploads\/2021\/01\/Dog-861x1536.jpg 861w, https:\/\/graphimarket.com\/wp-content\/uploads\/2021\/01\/Dog-1148x2048.jpg 1148w, https:\/\/graphimarket.com\/wp-content\/uploads\/2021\/01\/Dog-7x12.jpg 7w, https:\/\/graphimarket.com\/wp-content\/uploads\/2021\/01\/Dog-600x1071.jpg 600w\" sizes=\"(max-width: 1235px) 100vw, 1235px\" \/> <img loading=\"lazy\" decoding=\"async\" class=\"alignnone size-full wp-image-15349\" src=\"https:\/\/graphimarket.com\/wp-content\/uploads\/2021\/01\/1-4.jpg\" alt=\"\" width=\"855\" height=\"1024\" srcset=\"https:\/\/graphimarket.com\/wp-content\/uploads\/2021\/01\/1-4.jpg 855w, https:\/\/graphimarket.com\/wp-content\/uploads\/2021\/01\/1-4-250x300.jpg 250w, https:\/\/graphimarket.com\/wp-content\/uploads\/2021\/01\/1-4-768x920.jpg 768w, https:\/\/graphimarket.com\/wp-content\/uploads\/2021\/01\/1-4-10x12.jpg 10w, https:\/\/graphimarket.com\/wp-content\/uploads\/2021\/01\/1-4-600x719.jpg 600w\" sizes=\"(max-width: 855px) 100vw, 855px\" \/> <img loading=\"lazy\" decoding=\"async\" class=\"alignnone size-full wp-image-15350\" src=\"https:\/\/graphimarket.com\/wp-content\/uploads\/2021\/01\/2-5.jpg\" alt=\"\" width=\"682\" height=\"1022\" srcset=\"https:\/\/graphimarket.com\/wp-content\/uploads\/2021\/01\/2-5.jpg 682w, https:\/\/graphimarket.com\/wp-content\/uploads\/2021\/01\/2-5-200x300.jpg 200w, https:\/\/graphimarket.com\/wp-content\/uploads\/2021\/01\/2-5-8x12.jpg 8w, https:\/\/graphimarket.com\/wp-content\/uploads\/2021\/01\/2-5-600x899.jpg 600w\" sizes=\"(max-width: 682px) 100vw, 682px\" \/><\/p>","protected":false},"excerpt":{"rendered":"<p>Impressionist Photoshop Action Transform your photos into creative abstract art! The Action has been tested and working on Photoshop\u00a0CS3,CS4,CS5,CS6,CC,CC, CC 2014,2015.5,CC 2017, CC 2018,CC 2019+ Make sure to\u00a0watch the video tutorial for how to set up your Photoshop file and customize the effect. Tutorial &nbsp; Important to know Make sure you are using the\u00a0English version [&hellip;]<\/p>\n","protected":false},"featured_media":15349,"comment_status":"open","ping_status":"closed","template":"","meta":{"site-sidebar-layout":"default","site-content-layout":"default","ast-site-content-layout":"default","site-content-style":"default","site-sidebar-style":"default","ast-global-header-display":"","ast-banner-title-visibility":"","ast-main-header-display":"","ast-hfb-above-header-display":"","ast-hfb-below-header-display":"","ast-hfb-mobile-header-display":"","site-post-title":"","ast-breadcrumbs-content":"","ast-featured-img":"","footer-sml-layout":"","ast-disable-related-posts":"","theme-transparent-header-meta":"default","adv-header-id-meta":"","stick-header-meta":"","header-above-stick-meta":"","header-main-stick-meta":"","header-below-stick-meta":"","astra-migrate-meta-layouts":"default","ast-page-background-enabled":"default","ast-page-background-meta":{"desktop":{"background-color":"","background-image":"","background-repeat":"repeat","background-position":"center center","background-size":"auto","background-attachment":"scroll","background-type":"","background-media":"","overlay-type":"","overlay-color":"","overlay-opacity":"","overlay-gradient":""},"tablet":{"background-color":"","background-image":"","background-repeat":"repeat","background-position":"center center","background-size":"auto","background-attachment":"scroll","background-type":"","background-media":"","overlay-type":"","overlay-color":"","overlay-opacity":"","overlay-gradient":""},"mobile":{"background-color":"","background-image":"","background-repeat":"repeat","background-position":"center center","background-size":"auto","background-attachment":"scroll","background-type":"","background-media":"","overlay-type":"","overlay-color":"","overlay-opacity":"","overlay-gradient":""}},"ast-content-background-meta":{"desktop":{"background-color":"var(--ast-global-color-5)","background-image":"","background-repeat":"repeat","background-position":"center center","background-size":"auto","background-attachment":"scroll","background-type":"","background-media":"","overlay-type":"","overlay-color":"","overlay-opacity":"","overlay-gradient":""},"tablet":{"background-color":"var(--ast-global-color-5)","background-image":"","background-repeat":"repeat","background-position":"center center","background-size":"auto","background-attachment":"scroll","background-type":"","background-media":"","overlay-type":"","overlay-color":"","overlay-opacity":"","overlay-gradient":""},"mobile":{"background-color":"var(--ast-global-color-5)","background-image":"","background-repeat":"repeat","background-position":"center center","background-size":"auto","background-attachment":"scroll","background-type":"","background-media":"","overlay-type":"","overlay-color":"","overlay-opacity":"","overlay-gradient":""}}},"product_brand":[],"product_cat":[195,146],"product_tag":[292,1851,62],"class_list":{"0":"post-15342","1":"product","2":"type-product","3":"status-publish","4":"has-post-thumbnail","6":"product_cat-photoshop","7":"product_cat-photoshop-action","8":"product_tag-action","9":"product_tag-impressionist","10":"product_tag-photoshop","11":"desktop-align-left","12":"tablet-align-left","13":"mobile-align-left","15":"first","16":"instock","17":"sale","18":"downloadable","19":"virtual","20":"taxable","21":"purchasable","22":"product-type-simple"},"yoast_head":"<!-- This site is optimized with the Yoast SEO plugin v27.3 - https:\/\/yoast.com\/product\/yoast-seo-wordpress\/ -->\n<title>Impressionist Photoshop Action - Graphimarket<\/title>\n<meta name=\"description\" content=\"Transform your photos into creative abstract art!The Action has been tested and working on Photoshop\u00a0CS3,CS4,CS5,CS6,CC,CC,....\" \/>\n<meta name=\"robots\" content=\"index, follow, max-snippet:-1, max-image-preview:large, max-video-preview:-1\" \/>\n<link rel=\"canonical\" href=\"https:\/\/graphimarket.com\/pt\/product\/impressionist-photoshop-action-2\/\" \/>\n<meta property=\"og:locale\" content=\"pt_PT\" \/>\n<meta property=\"og:type\" content=\"article\" \/>\n<meta property=\"og:title\" content=\"Impressionist Photoshop Action - Graphimarket\" \/>\n<meta property=\"og:description\" content=\"Transform your photos into creative abstract art!The Action has been tested and working on Photoshop\u00a0CS3,CS4,CS5,CS6,CC,CC,....\" \/>\n<meta property=\"og:url\" content=\"https:\/\/graphimarket.com\/pt\/product\/impressionist-photoshop-action-2\/\" \/>\n<meta property=\"og:site_name\" content=\"Graphimarket\" \/>\n<meta property=\"article:modified_time\" content=\"2022-12-19T08:04:02+00:00\" \/>\n<meta property=\"og:image\" content=\"https:\/\/graphimarket.com\/wp-content\/uploads\/2021\/01\/1-4.jpg\" \/>\n\t<meta property=\"og:image:width\" content=\"855\" \/>\n\t<meta property=\"og:image:height\" content=\"1024\" \/>\n\t<meta property=\"og:image:type\" content=\"image\/jpeg\" \/>\n<meta name=\"twitter:card\" content=\"summary_large_image\" \/>\n<meta name=\"twitter:label1\" content=\"Est. reading time\" \/>\n\t<meta name=\"twitter:data1\" content=\"1 minute\" \/>\n<script type=\"application\/ld+json\" class=\"yoast-schema-graph\">{\"@context\":\"https:\\\/\\\/schema.org\",\"@graph\":[{\"@type\":\"WebPage\",\"@id\":\"https:\\\/\\\/graphimarket.com\\\/product\\\/impressionist-photoshop-action-2\\\/\",\"url\":\"https:\\\/\\\/graphimarket.com\\\/product\\\/impressionist-photoshop-action-2\\\/\",\"name\":\"Impressionist Photoshop Action - Graphimarket\",\"isPartOf\":{\"@id\":\"https:\\\/\\\/graphimarket.com\\\/fr\\\/#website\"},\"primaryImageOfPage\":{\"@id\":\"https:\\\/\\\/graphimarket.com\\\/product\\\/impressionist-photoshop-action-2\\\/#primaryimage\"},\"image\":{\"@id\":\"https:\\\/\\\/graphimarket.com\\\/product\\\/impressionist-photoshop-action-2\\\/#primaryimage\"},\"thumbnailUrl\":\"https:\\\/\\\/graphimarket.com\\\/wp-content\\\/uploads\\\/2021\\\/01\\\/1-4.jpg\",\"datePublished\":\"2021-01-18T14:56:25+00:00\",\"dateModified\":\"2022-12-19T08:04:02+00:00\",\"description\":\"Transform your photos into creative abstract art!The Action has been tested and working on Photoshop\u00a0CS3,CS4,CS5,CS6,CC,CC,....\",\"breadcrumb\":{\"@id\":\"https:\\\/\\\/graphimarket.com\\\/product\\\/impressionist-photoshop-action-2\\\/#breadcrumb\"},\"inLanguage\":\"pt-PT\",\"potentialAction\":[{\"@type\":\"ReadAction\",\"target\":[\"https:\\\/\\\/graphimarket.com\\\/product\\\/impressionist-photoshop-action-2\\\/\"]}]},{\"@type\":\"ImageObject\",\"inLanguage\":\"pt-PT\",\"@id\":\"https:\\\/\\\/graphimarket.com\\\/product\\\/impressionist-photoshop-action-2\\\/#primaryimage\",\"url\":\"https:\\\/\\\/graphimarket.com\\\/wp-content\\\/uploads\\\/2021\\\/01\\\/1-4.jpg\",\"contentUrl\":\"https:\\\/\\\/graphimarket.com\\\/wp-content\\\/uploads\\\/2021\\\/01\\\/1-4.jpg\",\"width\":855,\"height\":1024},{\"@type\":\"BreadcrumbList\",\"@id\":\"https:\\\/\\\/graphimarket.com\\\/product\\\/impressionist-photoshop-action-2\\\/#breadcrumb\",\"itemListElement\":[{\"@type\":\"ListItem\",\"position\":1,\"name\":\"Home\",\"item\":\"https:\\\/\\\/graphimarket.com\\\/es\\\/\"},{\"@type\":\"ListItem\",\"position\":2,\"name\":\"Store\",\"item\":\"https:\\\/\\\/graphimarket.com\\\/store\\\/\"},{\"@type\":\"ListItem\",\"position\":3,\"name\":\"Impressionist Photoshop Action\"}]},{\"@type\":\"WebSite\",\"@id\":\"https:\\\/\\\/graphimarket.com\\\/fr\\\/#website\",\"url\":\"https:\\\/\\\/graphimarket.com\\\/fr\\\/\",\"name\":\"Graphimarket\",\"description\":\"Find the perfect creative asset to bring your project to life\",\"publisher\":{\"@id\":\"https:\\\/\\\/graphimarket.com\\\/fr\\\/#organization\"},\"potentialAction\":[{\"@type\":\"SearchAction\",\"target\":{\"@type\":\"EntryPoint\",\"urlTemplate\":\"https:\\\/\\\/graphimarket.com\\\/fr\\\/?s={search_term_string}\"},\"query-input\":{\"@type\":\"PropertyValueSpecification\",\"valueRequired\":true,\"valueName\":\"search_term_string\"}}],\"inLanguage\":\"pt-PT\"},{\"@type\":\"Organization\",\"@id\":\"https:\\\/\\\/graphimarket.com\\\/fr\\\/#organization\",\"name\":\"Graphimarket\",\"url\":\"https:\\\/\\\/graphimarket.com\\\/fr\\\/\",\"logo\":{\"@type\":\"ImageObject\",\"inLanguage\":\"pt-PT\",\"@id\":\"https:\\\/\\\/graphimarket.com\\\/fr\\\/#\\\/schema\\\/logo\\\/image\\\/\",\"url\":\"https:\\\/\\\/graphimarket.com\\\/wp-content\\\/uploads\\\/2020\\\/08\\\/logo-48.png\",\"contentUrl\":\"https:\\\/\\\/graphimarket.com\\\/wp-content\\\/uploads\\\/2020\\\/08\\\/logo-48.png\",\"width\":132,\"height\":48,\"caption\":\"Graphimarket\"},\"image\":{\"@id\":\"https:\\\/\\\/graphimarket.com\\\/fr\\\/#\\\/schema\\\/logo\\\/image\\\/\"}}]}<\/script>\n<!-- \/ Yoast SEO plugin. -->","yoast_head_json":{"title":"Impressionist Photoshop Action - Graphimarket","description":"Transform your photos into creative abstract art!The Action has been tested and working on Photoshop\u00a0CS3,CS4,CS5,CS6,CC,CC,....","robots":{"index":"index","follow":"follow","max-snippet":"max-snippet:-1","max-image-preview":"max-image-preview:large","max-video-preview":"max-video-preview:-1"},"canonical":"https:\/\/graphimarket.com\/pt\/product\/impressionist-photoshop-action-2\/","og_locale":"pt_PT","og_type":"article","og_title":"Impressionist Photoshop Action - Graphimarket","og_description":"Transform your photos into creative abstract art!The Action has been tested and working on Photoshop\u00a0CS3,CS4,CS5,CS6,CC,CC,....","og_url":"https:\/\/graphimarket.com\/pt\/product\/impressionist-photoshop-action-2\/","og_site_name":"Graphimarket","article_modified_time":"2022-12-19T08:04:02+00:00","og_image":[{"width":855,"height":1024,"url":"https:\/\/graphimarket.com\/wp-content\/uploads\/2021\/01\/1-4.jpg","type":"image\/jpeg"}],"twitter_card":"summary_large_image","twitter_misc":{"Est. reading time":"1 minute"},"schema":{"@context":"https:\/\/schema.org","@graph":[{"@type":"WebPage","@id":"https:\/\/graphimarket.com\/product\/impressionist-photoshop-action-2\/","url":"https:\/\/graphimarket.com\/product\/impressionist-photoshop-action-2\/","name":"Impressionist Photoshop Action - Graphimarket","isPartOf":{"@id":"https:\/\/graphimarket.com\/fr\/#website"},"primaryImageOfPage":{"@id":"https:\/\/graphimarket.com\/product\/impressionist-photoshop-action-2\/#primaryimage"},"image":{"@id":"https:\/\/graphimarket.com\/product\/impressionist-photoshop-action-2\/#primaryimage"},"thumbnailUrl":"https:\/\/graphimarket.com\/wp-content\/uploads\/2021\/01\/1-4.jpg","datePublished":"2021-01-18T14:56:25+00:00","dateModified":"2022-12-19T08:04:02+00:00","description":"Transform your photos into creative abstract art!The Action has been tested and working on Photoshop\u00a0CS3,CS4,CS5,CS6,CC,CC,....","breadcrumb":{"@id":"https:\/\/graphimarket.com\/product\/impressionist-photoshop-action-2\/#breadcrumb"},"inLanguage":"pt-PT","potentialAction":[{"@type":"ReadAction","target":["https:\/\/graphimarket.com\/product\/impressionist-photoshop-action-2\/"]}]},{"@type":"ImageObject","inLanguage":"pt-PT","@id":"https:\/\/graphimarket.com\/product\/impressionist-photoshop-action-2\/#primaryimage","url":"https:\/\/graphimarket.com\/wp-content\/uploads\/2021\/01\/1-4.jpg","contentUrl":"https:\/\/graphimarket.com\/wp-content\/uploads\/2021\/01\/1-4.jpg","width":855,"height":1024},{"@type":"BreadcrumbList","@id":"https:\/\/graphimarket.com\/product\/impressionist-photoshop-action-2\/#breadcrumb","itemListElement":[{"@type":"ListItem","position":1,"name":"Home","item":"https:\/\/graphimarket.com\/es\/"},{"@type":"ListItem","position":2,"name":"Store","item":"https:\/\/graphimarket.com\/store\/"},{"@type":"ListItem","position":3,"name":"Impressionist Photoshop Action"}]},{"@type":"WebSite","@id":"https:\/\/graphimarket.com\/fr\/#website","url":"https:\/\/graphimarket.com\/fr\/","name":"Graphimarket","description":"Encontre o ativo criativo perfeito para dar vida ao seu projeto","publisher":{"@id":"https:\/\/graphimarket.com\/fr\/#organization"},"potentialAction":[{"@type":"SearchAction","target":{"@type":"EntryPoint","urlTemplate":"https:\/\/graphimarket.com\/fr\/?s={search_term_string}"},"query-input":{"@type":"PropertyValueSpecification","valueRequired":true,"valueName":"search_term_string"}}],"inLanguage":"pt-PT"},{"@type":"Organization","@id":"https:\/\/graphimarket.com\/fr\/#organization","name":"Graphimarket","url":"https:\/\/graphimarket.com\/fr\/","logo":{"@type":"ImageObject","inLanguage":"pt-PT","@id":"https:\/\/graphimarket.com\/fr\/#\/schema\/logo\/image\/","url":"https:\/\/graphimarket.com\/wp-content\/uploads\/2020\/08\/logo-48.png","contentUrl":"https:\/\/graphimarket.com\/wp-content\/uploads\/2020\/08\/logo-48.png","width":132,"height":48,"caption":"Graphimarket"},"image":{"@id":"https:\/\/graphimarket.com\/fr\/#\/schema\/logo\/image\/"}}]}},"_links":{"self":[{"href":"https:\/\/graphimarket.com\/pt\/wp-json\/wp\/v2\/product\/15342","targetHints":{"allow":["GET"]}}],"collection":[{"href":"https:\/\/graphimarket.com\/pt\/wp-json\/wp\/v2\/product"}],"about":[{"href":"https:\/\/graphimarket.com\/pt\/wp-json\/wp\/v2\/types\/product"}],"replies":[{"embeddable":true,"href":"https:\/\/graphimarket.com\/pt\/wp-json\/wp\/v2\/comments?post=15342"}],"version-history":[{"count":0,"href":"https:\/\/graphimarket.com\/pt\/wp-json\/wp\/v2\/product\/15342\/revisions"}],"wp:featuredmedia":[{"embeddable":true,"href":"https:\/\/graphimarket.com\/pt\/wp-json\/wp\/v2\/media\/15349"}],"wp:attachment":[{"href":"https:\/\/graphimarket.com\/pt\/wp-json\/wp\/v2\/media?parent=15342"}],"wp:term":[{"taxonomy":"product_brand","embeddable":true,"href":"https:\/\/graphimarket.com\/pt\/wp-json\/wp\/v2\/product_brand?post=15342"},{"taxonomy":"product_cat","embeddable":true,"href":"https:\/\/graphimarket.com\/pt\/wp-json\/wp\/v2\/product_cat?post=15342"},{"taxonomy":"product_tag","embeddable":true,"href":"https:\/\/graphimarket.com\/pt\/wp-json\/wp\/v2\/product_tag?post=15342"}],"curies":[{"name":"wp","href":"https:\/\/api.w.org\/{rel}","templated":true}]}}