{"id":15375,"date":"2021-01-18T17:49:38","date_gmt":"2021-01-18T16:49:38","guid":{"rendered":"https:\/\/graphimarket.com\/?post_type=product&#038;p=15375"},"modified":"2021-01-21T15:39:44","modified_gmt":"2021-01-21T14:39:44","slug":"pixelated-photoshop-action","status":"publish","type":"product","link":"https:\/\/graphimarket.com\/pt\/product\/pixelated-photoshop-action\/","title":{"rendered":"Pixelated Photoshop Action"},"content":{"rendered":"<h2 id=\"item-description__pixelated-photoshop-action\">Pixelated Photoshop Action<\/h2>\n<p>This photo effect will break apart your photo into various sized squares. You can choose from 6 different directions \u2013 up, down, left, right, middle or build yourself. You have complete layer control over the positioning of all shapes, giving you maximum flexibility. The action will also create 20 color options for you to choose from.<\/p>\n<p><a href=\"https:\/\/www.youtube.com\/watch?v=zBEcMCXrW3k\" target=\"_blank\" rel=\"noopener\">Tutorial<\/a><\/p>\n<p>A a\u00e7\u00e3o foi testada e est\u00e1 funcionando no Photoshop\u00a0<strong>CS3, CS4, CS5, CS6, CC, CC 2015.5, CC 2017, CC 2018, CC 2019+<\/strong><\/p>\n<p><strong>Importante saber<\/strong><\/p>\n<ul>\n<li>Certifique-se de usar o\u00a0<a href=\"https:\/\/graphimarket.com\/pt\/2021\/01\/12\/change-the-language-of-your-creative-cloud-apps\/\" target=\"_blank\" rel=\"noopener\">Vers\u00e3o em ingl\u00eas do Photoshop<\/a>\u00a0para executar a a\u00e7\u00e3o. Todas as a\u00e7\u00f5es do Sevenstyles s\u00f3 funcionar\u00e3o na vers\u00e3o em ingl\u00eas do Photoshop.<\/li>\n<\/ul>\n<ul>\n<li>Verifique se voc\u00ea est\u00e1 usando uma vers\u00e3o do Photoshop compat\u00edvel com o Action.<\/li>\n<\/ul>\n<ul>\n<li>Use fotos de alta resolu\u00e7\u00e3o com o Action para obter os melhores resultados e evitar erros. Uma resolu\u00e7\u00e3o de foto ideal \u00e9 entre 2000px - 4500px.<\/li>\n<\/ul>\n<ul>\n<li>Com Adobe Creative Cloud, voc\u00ea pode instalar\u00a0<a href=\"https:\/\/graphimarket.com\/pt\/2021\/01\/12\/how-to-install-previous-versions-of-your-creative-cloud-apps\/\" target=\"_blank\" rel=\"noopener\">v\u00e1rias vers\u00f5es do Photoshop<\/a>. Se voc\u00ea gosta desta a\u00e7\u00e3o, mas n\u00e3o \u00e9 compat\u00edvel com sua vers\u00e3o do Photoshop, voc\u00ea sempre pode instalar uma vers\u00e3o adicional do Photoshop para executar a a\u00e7\u00e3o. Depois que um Action foi testado e est\u00e1 funcionando em uma vers\u00e3o do Photoshop, ele funcionar\u00e1 para sempre.<\/li>\n<\/ul>\n<ul>\n<li>Use imagens Jpeg para executar a a\u00e7\u00e3o. Outros tipos de arquivo, como TIFF, BMP, PNG, PSD, podem causar problemas com A\u00e7\u00f5es, pois o Photoshop desativa v\u00e1rios recursos para diferentes tipos de arquivo.<\/li>\n<\/ul>\n<ul>\n<li>Se uma a\u00e7\u00e3o do Sevenstyles incluir um arquivo de pincel (.abr), padr\u00e3o (.pat) ou formas (.csh) no download, ela deve ser carregada no Photoshop antes de executar a a\u00e7\u00e3o.<\/li>\n<\/ul>\n<ul>\n<li>Evite usar a a\u00e7\u00e3o em logotipos ou imagens de estilo de clip-art, pois a falta de detalhes e contraste de cores pode levar a erros.<\/li>\n<\/ul>\n<p><img fetchpriority=\"high\" decoding=\"async\" class=\"size-full wp-image-15376\" src=\"https:\/\/graphimarket.com\/wp-content\/uploads\/2021\/01\/GirlLeap2_aa.jpg\" alt=\"\" width=\"1250\" height=\"2293\" srcset=\"https:\/\/graphimarket.com\/wp-content\/uploads\/2021\/01\/GirlLeap2_aa.jpg 1250w, https:\/\/graphimarket.com\/wp-content\/uploads\/2021\/01\/GirlLeap2_aa-164x300.jpg 164w, https:\/\/graphimarket.com\/wp-content\/uploads\/2021\/01\/GirlLeap2_aa-558x1024.jpg 558w, https:\/\/graphimarket.com\/wp-content\/uploads\/2021\/01\/GirlLeap2_aa-768x1409.jpg 768w, https:\/\/graphimarket.com\/wp-content\/uploads\/2021\/01\/GirlLeap2_aa-837x1536.jpg 837w, https:\/\/graphimarket.com\/wp-content\/uploads\/2021\/01\/GirlLeap2_aa-1116x2048.jpg 1116w, https:\/\/graphimarket.com\/wp-content\/uploads\/2021\/01\/GirlLeap2_aa-7x12.jpg 7w, https:\/\/graphimarket.com\/wp-content\/uploads\/2021\/01\/GirlLeap2_aa-600x1101.jpg 600w\" sizes=\"(max-width: 1250px) 100vw, 1250px\" \/><\/p>\n<p><img decoding=\"async\" class=\"alignnone size-full wp-image-15377\" src=\"https:\/\/graphimarket.com\/wp-content\/uploads\/2021\/01\/GirlLeap3_aa.jpg\" alt=\"\" width=\"2188\" height=\"1730\" srcset=\"https:\/\/graphimarket.com\/wp-content\/uploads\/2021\/01\/GirlLeap3_aa.jpg 2188w, https:\/\/graphimarket.com\/wp-content\/uploads\/2021\/01\/GirlLeap3_aa-300x237.jpg 300w, https:\/\/graphimarket.com\/wp-content\/uploads\/2021\/01\/GirlLeap3_aa-1024x810.jpg 1024w, https:\/\/graphimarket.com\/wp-content\/uploads\/2021\/01\/GirlLeap3_aa-768x607.jpg 768w, https:\/\/graphimarket.com\/wp-content\/uploads\/2021\/01\/GirlLeap3_aa-1536x1214.jpg 1536w, https:\/\/graphimarket.com\/wp-content\/uploads\/2021\/01\/GirlLeap3_aa-2048x1619.jpg 2048w, https:\/\/graphimarket.com\/wp-content\/uploads\/2021\/01\/GirlLeap3_aa-16x12.jpg 16w, https:\/\/graphimarket.com\/wp-content\/uploads\/2021\/01\/GirlLeap3_aa-1320x1044.jpg 1320w, https:\/\/graphimarket.com\/wp-content\/uploads\/2021\/01\/GirlLeap3_aa-600x474.jpg 600w\" sizes=\"(max-width: 2188px) 100vw, 2188px\" \/><\/p>\n<p><img decoding=\"async\" class=\"size-full wp-image-15378\" src=\"https:\/\/graphimarket.com\/wp-content\/uploads\/2021\/01\/GirlLeap4aaaa_aa-scaled.jpg\" alt=\"\" width=\"2108\" height=\"2560\" srcset=\"https:\/\/graphimarket.com\/wp-content\/uploads\/2021\/01\/GirlLeap4aaaa_aa-scaled.jpg 2108w, https:\/\/graphimarket.com\/wp-content\/uploads\/2021\/01\/GirlLeap4aaaa_aa-247x300.jpg 247w, https:\/\/graphimarket.com\/wp-content\/uploads\/2021\/01\/GirlLeap4aaaa_aa-843x1024.jpg 843w, https:\/\/graphimarket.com\/wp-content\/uploads\/2021\/01\/GirlLeap4aaaa_aa-768x933.jpg 768w, https:\/\/graphimarket.com\/wp-content\/uploads\/2021\/01\/GirlLeap4aaaa_aa-1265x1536.jpg 1265w, https:\/\/graphimarket.com\/wp-content\/uploads\/2021\/01\/GirlLeap4aaaa_aa-1686x2048.jpg 1686w, https:\/\/graphimarket.com\/wp-content\/uploads\/2021\/01\/GirlLeap4aaaa_aa-10x12.jpg 10w, https:\/\/graphimarket.com\/wp-content\/uploads\/2021\/01\/GirlLeap4aaaa_aa-1320x1603.jpg 1320w, https:\/\/graphimarket.com\/wp-content\/uploads\/2021\/01\/GirlLeap4aaaa_aa-600x729.jpg 600w\" sizes=\"(max-width: 2108px) 100vw, 2108px\" \/><\/p>\n<p><img loading=\"lazy\" decoding=\"async\" class=\"alignnone size-full wp-image-15379\" src=\"https:\/\/graphimarket.com\/wp-content\/uploads\/2021\/01\/GirlLeap5.jpg\" alt=\"\" width=\"1380\" height=\"2070\" srcset=\"https:\/\/graphimarket.com\/wp-content\/uploads\/2021\/01\/GirlLeap5.jpg 1380w, https:\/\/graphimarket.com\/wp-content\/uploads\/2021\/01\/GirlLeap5-200x300.jpg 200w, https:\/\/graphimarket.com\/wp-content\/uploads\/2021\/01\/GirlLeap5-683x1024.jpg 683w, https:\/\/graphimarket.com\/wp-content\/uploads\/2021\/01\/GirlLeap5-768x1152.jpg 768w, https:\/\/graphimarket.com\/wp-content\/uploads\/2021\/01\/GirlLeap5-1024x1536.jpg 1024w, https:\/\/graphimarket.com\/wp-content\/uploads\/2021\/01\/GirlLeap5-1365x2048.jpg 1365w, https:\/\/graphimarket.com\/wp-content\/uploads\/2021\/01\/GirlLeap5-8x12.jpg 8w, https:\/\/graphimarket.com\/wp-content\/uploads\/2021\/01\/GirlLeap5-1320x1980.jpg 1320w, https:\/\/graphimarket.com\/wp-content\/uploads\/2021\/01\/GirlLeap5-600x900.jpg 600w\" sizes=\"(max-width: 1380px) 100vw, 1380px\" \/><\/p>\n<p><img loading=\"lazy\" decoding=\"async\" class=\"alignnone size-full wp-image-15380\" src=\"https:\/\/graphimarket.com\/wp-content\/uploads\/2021\/01\/GirlLeap6.jpg\" alt=\"\" width=\"2223\" height=\"1992\" srcset=\"https:\/\/graphimarket.com\/wp-content\/uploads\/2021\/01\/GirlLeap6.jpg 2223w, https:\/\/graphimarket.com\/wp-content\/uploads\/2021\/01\/GirlLeap6-300x269.jpg 300w, https:\/\/graphimarket.com\/wp-content\/uploads\/2021\/01\/GirlLeap6-1024x918.jpg 1024w, https:\/\/graphimarket.com\/wp-content\/uploads\/2021\/01\/GirlLeap6-768x688.jpg 768w, https:\/\/graphimarket.com\/wp-content\/uploads\/2021\/01\/GirlLeap6-1536x1376.jpg 1536w, https:\/\/graphimarket.com\/wp-content\/uploads\/2021\/01\/GirlLeap6-2048x1835.jpg 2048w, https:\/\/graphimarket.com\/wp-content\/uploads\/2021\/01\/GirlLeap6-13x12.jpg 13w, https:\/\/graphimarket.com\/wp-content\/uploads\/2021\/01\/GirlLeap6-1320x1183.jpg 1320w, https:\/\/graphimarket.com\/wp-content\/uploads\/2021\/01\/GirlLeap6-600x538.jpg 600w\" sizes=\"(max-width: 2223px) 100vw, 2223px\" \/><\/p>\n<p><img loading=\"lazy\" decoding=\"async\" class=\"size-full wp-image-15381\" src=\"https:\/\/graphimarket.com\/wp-content\/uploads\/2021\/01\/AstranaughtGirl_aa-scaled.jpg\" alt=\"\" width=\"1024\" height=\"2560\" srcset=\"https:\/\/graphimarket.com\/wp-content\/uploads\/2021\/01\/AstranaughtGirl_aa-scaled.jpg 1024w, https:\/\/graphimarket.com\/wp-content\/uploads\/2021\/01\/AstranaughtGirl_aa-120x300.jpg 120w, https:\/\/graphimarket.com\/wp-content\/uploads\/2021\/01\/AstranaughtGirl_aa-410x1024.jpg 410w, https:\/\/graphimarket.com\/wp-content\/uploads\/2021\/01\/AstranaughtGirl_aa-768x1920.jpg 768w, https:\/\/graphimarket.com\/wp-content\/uploads\/2021\/01\/AstranaughtGirl_aa-614x1536.jpg 614w, https:\/\/graphimarket.com\/wp-content\/uploads\/2021\/01\/AstranaughtGirl_aa-819x2048.jpg 819w, https:\/\/graphimarket.com\/wp-content\/uploads\/2021\/01\/AstranaughtGirl_aa-5x12.jpg 5w, https:\/\/graphimarket.com\/wp-content\/uploads\/2021\/01\/AstranaughtGirl_aa-1320x3300.jpg 1320w, https:\/\/graphimarket.com\/wp-content\/uploads\/2021\/01\/AstranaughtGirl_aa-600x1500.jpg 600w\" sizes=\"(max-width: 1024px) 100vw, 1024px\" \/><\/p>\n<p><img loading=\"lazy\" decoding=\"async\" class=\"alignnone size-full wp-image-15382\" src=\"https:\/\/graphimarket.com\/wp-content\/uploads\/2021\/01\/GirlLeap1_aa-1.jpg\" alt=\"\" width=\"2070\" height=\"2070\" srcset=\"https:\/\/graphimarket.com\/wp-content\/uploads\/2021\/01\/GirlLeap1_aa-1.jpg 2070w, https:\/\/graphimarket.com\/wp-content\/uploads\/2021\/01\/GirlLeap1_aa-1-300x300.jpg 300w, https:\/\/graphimarket.com\/wp-content\/uploads\/2021\/01\/GirlLeap1_aa-1-1024x1024.jpg 1024w, https:\/\/graphimarket.com\/wp-content\/uploads\/2021\/01\/GirlLeap1_aa-1-150x150.jpg 150w, https:\/\/graphimarket.com\/wp-content\/uploads\/2021\/01\/GirlLeap1_aa-1-768x768.jpg 768w, https:\/\/graphimarket.com\/wp-content\/uploads\/2021\/01\/GirlLeap1_aa-1-1536x1536.jpg 1536w, https:\/\/graphimarket.com\/wp-content\/uploads\/2021\/01\/GirlLeap1_aa-1-2048x2048.jpg 2048w, https:\/\/graphimarket.com\/wp-content\/uploads\/2021\/01\/GirlLeap1_aa-1-12x12.jpg 12w, https:\/\/graphimarket.com\/wp-content\/uploads\/2021\/01\/GirlLeap1_aa-1-1320x1320.jpg 1320w, https:\/\/graphimarket.com\/wp-content\/uploads\/2021\/01\/GirlLeap1_aa-1-600x600.jpg 600w, https:\/\/graphimarket.com\/wp-content\/uploads\/2021\/01\/GirlLeap1_aa-1-100x100.jpg 100w\" sizes=\"(max-width: 2070px) 100vw, 2070px\" \/><\/p>","protected":false},"excerpt":{"rendered":"<p>Pixelated Photoshop Action This photo effect will break apart your photo into various sized squares. You can choose from 6 different directions \u2013 up, down, left, right, middle or build yourself. You have complete layer control over the positioning of all shapes, giving you maximum flexibility. The action will also create 20 color options for [&hellip;]<\/p>\n","protected":false},"featured_media":15378,"comment_status":"open","ping_status":"closed","template":"","meta":{"site-sidebar-layout":"default","site-content-layout":"default","ast-site-content-layout":"default","site-content-style":"default","site-sidebar-style":"default","ast-global-header-display":"","ast-banner-title-visibility":"","ast-main-header-display":"","ast-hfb-above-header-display":"","ast-hfb-below-header-display":"","ast-hfb-mobile-header-display":"","site-post-title":"","ast-breadcrumbs-content":"","ast-featured-img":"","footer-sml-layout":"","ast-disable-related-posts":"","theme-transparent-header-meta":"default","adv-header-id-meta":"","stick-header-meta":"","header-above-stick-meta":"","header-main-stick-meta":"","header-below-stick-meta":"","astra-migrate-meta-layouts":"default","ast-page-background-enabled":"default","ast-page-background-meta":{"desktop":{"background-color":"","background-image":"","background-repeat":"repeat","background-position":"center center","background-size":"auto","background-attachment":"scroll","background-type":"","background-media":"","overlay-type":"","overlay-color":"","overlay-opacity":"","overlay-gradient":""},"tablet":{"background-color":"","background-image":"","background-repeat":"repeat","background-position":"center center","background-size":"auto","background-attachment":"scroll","background-type":"","background-media":"","overlay-type":"","overlay-color":"","overlay-opacity":"","overlay-gradient":""},"mobile":{"background-color":"","background-image":"","background-repeat":"repeat","background-position":"center center","background-size":"auto","background-attachment":"scroll","background-type":"","background-media":"","overlay-type":"","overlay-color":"","overlay-opacity":"","overlay-gradient":""}},"ast-content-background-meta":{"desktop":{"background-color":"var(--ast-global-color-5)","background-image":"","background-repeat":"repeat","background-position":"center center","background-size":"auto","background-attachment":"scroll","background-type":"","background-media":"","overlay-type":"","overlay-color":"","overlay-opacity":"","overlay-gradient":""},"tablet":{"background-color":"var(--ast-global-color-5)","background-image":"","background-repeat":"repeat","background-position":"center center","background-size":"auto","background-attachment":"scroll","background-type":"","background-media":"","overlay-type":"","overlay-color":"","overlay-opacity":"","overlay-gradient":""},"mobile":{"background-color":"var(--ast-global-color-5)","background-image":"","background-repeat":"repeat","background-position":"center center","background-size":"auto","background-attachment":"scroll","background-type":"","background-media":"","overlay-type":"","overlay-color":"","overlay-opacity":"","overlay-gradient":""}}},"product_brand":[],"product_cat":[195,146],"product_tag":[292,1386,62,1852],"class_list":{"0":"post-15375","1":"product","2":"type-product","3":"status-publish","4":"has-post-thumbnail","6":"product_cat-photoshop","7":"product_cat-photoshop-action","8":"product_tag-action","9":"product_tag-adobe","10":"product_tag-photoshop","11":"product_tag-pixelated","12":"desktop-align-left","13":"tablet-align-left","14":"mobile-align-left","16":"first","17":"instock","18":"sale","19":"downloadable","20":"virtual","21":"taxable","22":"purchasable","23":"product-type-simple"},"yoast_head":"<!-- This site is optimized with the Yoast SEO plugin v27.3 - https:\/\/yoast.com\/product\/yoast-seo-wordpress\/ -->\n<title>Pixelated Photoshop Action - Graphimarket<\/title>\n<meta name=\"description\" content=\"This photo effect will break apart your photo into various sized squares. You can choose from 6 different directions ....\" \/>\n<meta name=\"robots\" content=\"index, follow, max-snippet:-1, max-image-preview:large, max-video-preview:-1\" \/>\n<link rel=\"canonical\" href=\"https:\/\/graphimarket.com\/pt\/product\/pixelated-photoshop-action\/\" \/>\n<meta property=\"og:locale\" content=\"pt_PT\" \/>\n<meta property=\"og:type\" content=\"article\" \/>\n<meta property=\"og:title\" content=\"Pixelated Photoshop Action - Graphimarket\" \/>\n<meta property=\"og:description\" content=\"This photo effect will break apart your photo into various sized squares. You can choose from 6 different directions ....\" \/>\n<meta property=\"og:url\" content=\"https:\/\/graphimarket.com\/pt\/product\/pixelated-photoshop-action\/\" \/>\n<meta property=\"og:site_name\" content=\"Graphimarket\" \/>\n<meta property=\"article:modified_time\" content=\"2021-01-21T14:39:44+00:00\" \/>\n<meta property=\"og:image\" content=\"https:\/\/graphimarket.com\/wp-content\/uploads\/2021\/01\/GirlLeap4aaaa_aa-scaled.jpg\" \/>\n\t<meta property=\"og:image:width\" content=\"2108\" \/>\n\t<meta property=\"og:image:height\" content=\"2560\" \/>\n\t<meta property=\"og:image:type\" content=\"image\/jpeg\" \/>\n<meta name=\"twitter:card\" content=\"summary_large_image\" \/>\n<meta name=\"twitter:label1\" content=\"Est. reading time\" \/>\n\t<meta name=\"twitter:data1\" content=\"1 minute\" \/>\n<script type=\"application\/ld+json\" class=\"yoast-schema-graph\">{\"@context\":\"https:\\\/\\\/schema.org\",\"@graph\":[{\"@type\":\"WebPage\",\"@id\":\"https:\\\/\\\/graphimarket.com\\\/fr\\\/product\\\/pixelated-photoshop-action\\\/\",\"url\":\"https:\\\/\\\/graphimarket.com\\\/fr\\\/product\\\/pixelated-photoshop-action\\\/\",\"name\":\"Pixelated Photoshop Action - Graphimarket\",\"isPartOf\":{\"@id\":\"https:\\\/\\\/graphimarket.com\\\/fr\\\/#website\"},\"primaryImageOfPage\":{\"@id\":\"https:\\\/\\\/graphimarket.com\\\/fr\\\/product\\\/pixelated-photoshop-action\\\/#primaryimage\"},\"image\":{\"@id\":\"https:\\\/\\\/graphimarket.com\\\/fr\\\/product\\\/pixelated-photoshop-action\\\/#primaryimage\"},\"thumbnailUrl\":\"https:\\\/\\\/graphimarket.com\\\/wp-content\\\/uploads\\\/2021\\\/01\\\/GirlLeap4aaaa_aa-scaled.jpg\",\"datePublished\":\"2021-01-18T16:49:38+00:00\",\"dateModified\":\"2021-01-21T14:39:44+00:00\",\"description\":\"This photo effect will break apart your photo into various sized squares. You can choose from 6 different directions ....\",\"breadcrumb\":{\"@id\":\"https:\\\/\\\/graphimarket.com\\\/fr\\\/product\\\/pixelated-photoshop-action\\\/#breadcrumb\"},\"inLanguage\":\"pt-PT\",\"potentialAction\":[{\"@type\":\"ReadAction\",\"target\":[\"https:\\\/\\\/graphimarket.com\\\/fr\\\/product\\\/pixelated-photoshop-action\\\/\"]}]},{\"@type\":\"ImageObject\",\"inLanguage\":\"pt-PT\",\"@id\":\"https:\\\/\\\/graphimarket.com\\\/fr\\\/product\\\/pixelated-photoshop-action\\\/#primaryimage\",\"url\":\"https:\\\/\\\/graphimarket.com\\\/wp-content\\\/uploads\\\/2021\\\/01\\\/GirlLeap4aaaa_aa-scaled.jpg\",\"contentUrl\":\"https:\\\/\\\/graphimarket.com\\\/wp-content\\\/uploads\\\/2021\\\/01\\\/GirlLeap4aaaa_aa-scaled.jpg\",\"width\":2108,\"height\":2560,\"caption\":\"Mass Image Compressor Compressed this image. https:\\\/\\\/sourceforge.net\\\/projects\\\/icompress\\\/ with Quality:84\"},{\"@type\":\"BreadcrumbList\",\"@id\":\"https:\\\/\\\/graphimarket.com\\\/fr\\\/product\\\/pixelated-photoshop-action\\\/#breadcrumb\",\"itemListElement\":[{\"@type\":\"ListItem\",\"position\":1,\"name\":\"Home\",\"item\":\"https:\\\/\\\/graphimarket.com\\\/es\\\/\"},{\"@type\":\"ListItem\",\"position\":2,\"name\":\"Store\",\"item\":\"https:\\\/\\\/graphimarket.com\\\/store\\\/\"},{\"@type\":\"ListItem\",\"position\":3,\"name\":\"Pixelated Photoshop Action\"}]},{\"@type\":\"WebSite\",\"@id\":\"https:\\\/\\\/graphimarket.com\\\/fr\\\/#website\",\"url\":\"https:\\\/\\\/graphimarket.com\\\/fr\\\/\",\"name\":\"Graphimarket\",\"description\":\"Find the perfect creative asset to bring your project to life\",\"publisher\":{\"@id\":\"https:\\\/\\\/graphimarket.com\\\/fr\\\/#organization\"},\"potentialAction\":[{\"@type\":\"SearchAction\",\"target\":{\"@type\":\"EntryPoint\",\"urlTemplate\":\"https:\\\/\\\/graphimarket.com\\\/fr\\\/?s={search_term_string}\"},\"query-input\":{\"@type\":\"PropertyValueSpecification\",\"valueRequired\":true,\"valueName\":\"search_term_string\"}}],\"inLanguage\":\"pt-PT\"},{\"@type\":\"Organization\",\"@id\":\"https:\\\/\\\/graphimarket.com\\\/fr\\\/#organization\",\"name\":\"Graphimarket\",\"url\":\"https:\\\/\\\/graphimarket.com\\\/fr\\\/\",\"logo\":{\"@type\":\"ImageObject\",\"inLanguage\":\"pt-PT\",\"@id\":\"https:\\\/\\\/graphimarket.com\\\/fr\\\/#\\\/schema\\\/logo\\\/image\\\/\",\"url\":\"https:\\\/\\\/graphimarket.com\\\/wp-content\\\/uploads\\\/2020\\\/08\\\/logo-48.png\",\"contentUrl\":\"https:\\\/\\\/graphimarket.com\\\/wp-content\\\/uploads\\\/2020\\\/08\\\/logo-48.png\",\"width\":132,\"height\":48,\"caption\":\"Graphimarket\"},\"image\":{\"@id\":\"https:\\\/\\\/graphimarket.com\\\/fr\\\/#\\\/schema\\\/logo\\\/image\\\/\"}}]}<\/script>\n<!-- \/ Yoast SEO plugin. -->","yoast_head_json":{"title":"Pixelated Photoshop Action - Graphimarket","description":"This photo effect will break apart your photo into various sized squares. You can choose from 6 different directions ....","robots":{"index":"index","follow":"follow","max-snippet":"max-snippet:-1","max-image-preview":"max-image-preview:large","max-video-preview":"max-video-preview:-1"},"canonical":"https:\/\/graphimarket.com\/pt\/product\/pixelated-photoshop-action\/","og_locale":"pt_PT","og_type":"article","og_title":"Pixelated Photoshop Action - Graphimarket","og_description":"This photo effect will break apart your photo into various sized squares. You can choose from 6 different directions ....","og_url":"https:\/\/graphimarket.com\/pt\/product\/pixelated-photoshop-action\/","og_site_name":"Graphimarket","article_modified_time":"2021-01-21T14:39:44+00:00","og_image":[{"width":2108,"height":2560,"url":"https:\/\/graphimarket.com\/wp-content\/uploads\/2021\/01\/GirlLeap4aaaa_aa-scaled.jpg","type":"image\/jpeg"}],"twitter_card":"summary_large_image","twitter_misc":{"Est. reading time":"1 minute"},"schema":{"@context":"https:\/\/schema.org","@graph":[{"@type":"WebPage","@id":"https:\/\/graphimarket.com\/fr\/product\/pixelated-photoshop-action\/","url":"https:\/\/graphimarket.com\/fr\/product\/pixelated-photoshop-action\/","name":"Pixelated Photoshop Action - Graphimarket","isPartOf":{"@id":"https:\/\/graphimarket.com\/fr\/#website"},"primaryImageOfPage":{"@id":"https:\/\/graphimarket.com\/fr\/product\/pixelated-photoshop-action\/#primaryimage"},"image":{"@id":"https:\/\/graphimarket.com\/fr\/product\/pixelated-photoshop-action\/#primaryimage"},"thumbnailUrl":"https:\/\/graphimarket.com\/wp-content\/uploads\/2021\/01\/GirlLeap4aaaa_aa-scaled.jpg","datePublished":"2021-01-18T16:49:38+00:00","dateModified":"2021-01-21T14:39:44+00:00","description":"This photo effect will break apart your photo into various sized squares. You can choose from 6 different directions ....","breadcrumb":{"@id":"https:\/\/graphimarket.com\/fr\/product\/pixelated-photoshop-action\/#breadcrumb"},"inLanguage":"pt-PT","potentialAction":[{"@type":"ReadAction","target":["https:\/\/graphimarket.com\/fr\/product\/pixelated-photoshop-action\/"]}]},{"@type":"ImageObject","inLanguage":"pt-PT","@id":"https:\/\/graphimarket.com\/fr\/product\/pixelated-photoshop-action\/#primaryimage","url":"https:\/\/graphimarket.com\/wp-content\/uploads\/2021\/01\/GirlLeap4aaaa_aa-scaled.jpg","contentUrl":"https:\/\/graphimarket.com\/wp-content\/uploads\/2021\/01\/GirlLeap4aaaa_aa-scaled.jpg","width":2108,"height":2560,"caption":"Mass Image Compressor Compressed this image. https:\/\/sourceforge.net\/projects\/icompress\/ with Quality:84"},{"@type":"BreadcrumbList","@id":"https:\/\/graphimarket.com\/fr\/product\/pixelated-photoshop-action\/#breadcrumb","itemListElement":[{"@type":"ListItem","position":1,"name":"Home","item":"https:\/\/graphimarket.com\/es\/"},{"@type":"ListItem","position":2,"name":"Store","item":"https:\/\/graphimarket.com\/store\/"},{"@type":"ListItem","position":3,"name":"Pixelated Photoshop Action"}]},{"@type":"WebSite","@id":"https:\/\/graphimarket.com\/fr\/#website","url":"https:\/\/graphimarket.com\/fr\/","name":"Graphimarket","description":"Encontre o ativo criativo perfeito para dar vida ao seu projeto","publisher":{"@id":"https:\/\/graphimarket.com\/fr\/#organization"},"potentialAction":[{"@type":"SearchAction","target":{"@type":"EntryPoint","urlTemplate":"https:\/\/graphimarket.com\/fr\/?s={search_term_string}"},"query-input":{"@type":"PropertyValueSpecification","valueRequired":true,"valueName":"search_term_string"}}],"inLanguage":"pt-PT"},{"@type":"Organization","@id":"https:\/\/graphimarket.com\/fr\/#organization","name":"Graphimarket","url":"https:\/\/graphimarket.com\/fr\/","logo":{"@type":"ImageObject","inLanguage":"pt-PT","@id":"https:\/\/graphimarket.com\/fr\/#\/schema\/logo\/image\/","url":"https:\/\/graphimarket.com\/wp-content\/uploads\/2020\/08\/logo-48.png","contentUrl":"https:\/\/graphimarket.com\/wp-content\/uploads\/2020\/08\/logo-48.png","width":132,"height":48,"caption":"Graphimarket"},"image":{"@id":"https:\/\/graphimarket.com\/fr\/#\/schema\/logo\/image\/"}}]}},"_links":{"self":[{"href":"https:\/\/graphimarket.com\/pt\/wp-json\/wp\/v2\/product\/15375","targetHints":{"allow":["GET"]}}],"collection":[{"href":"https:\/\/graphimarket.com\/pt\/wp-json\/wp\/v2\/product"}],"about":[{"href":"https:\/\/graphimarket.com\/pt\/wp-json\/wp\/v2\/types\/product"}],"replies":[{"embeddable":true,"href":"https:\/\/graphimarket.com\/pt\/wp-json\/wp\/v2\/comments?post=15375"}],"version-history":[{"count":0,"href":"https:\/\/graphimarket.com\/pt\/wp-json\/wp\/v2\/product\/15375\/revisions"}],"wp:featuredmedia":[{"embeddable":true,"href":"https:\/\/graphimarket.com\/pt\/wp-json\/wp\/v2\/media\/15378"}],"wp:attachment":[{"href":"https:\/\/graphimarket.com\/pt\/wp-json\/wp\/v2\/media?parent=15375"}],"wp:term":[{"taxonomy":"product_brand","embeddable":true,"href":"https:\/\/graphimarket.com\/pt\/wp-json\/wp\/v2\/product_brand?post=15375"},{"taxonomy":"product_cat","embeddable":true,"href":"https:\/\/graphimarket.com\/pt\/wp-json\/wp\/v2\/product_cat?post=15375"},{"taxonomy":"product_tag","embeddable":true,"href":"https:\/\/graphimarket.com\/pt\/wp-json\/wp\/v2\/product_tag?post=15375"}],"curies":[{"name":"wp","href":"https:\/\/api.w.org\/{rel}","templated":true}]}}