{"id":15452,"date":"2021-01-19T17:43:17","date_gmt":"2021-01-19T16:43:17","guid":{"rendered":"https:\/\/graphimarket.com\/?post_type=product&#038;p=15452"},"modified":"2021-01-21T18:01:18","modified_gmt":"2021-01-21T17:01:18","slug":"fractal-photoshop-action","status":"publish","type":"product","link":"https:\/\/graphimarket.com\/pt\/product\/fractal-photoshop-action\/","title":{"rendered":"Fractal Photoshop Action"},"content":{"rendered":"<h2 id=\"item-description__fractal-photoshop-action\">Fractal Photoshop Action<\/h2>\n<p>Create advanced looking effects with the click of a mouse. All you need to do is open a photo, brush where you want to apply the effect and click play on the action. You then have full layer control \u2013 move, rotate, scale, duplicate, color layers to build up the design even more.<\/p>\n<p>The action has been tested and working on Photoshop (English version)\u00a0<strong>CS3, CS4, CS5, CS6, CC, CC 2015.5, CC 2017, CC 2018, CC 2019+<\/strong>.<\/p>\n<p><a href=\"https:\/\/www.youtube.com\/watch?v=p7xO2pGcAnA\" target=\"_blank\" rel=\"noopener\">TUTORIAL<\/a><\/p>\n<p><strong>Importante saber<\/strong><\/p>\n<ul>\n<li>Certifique-se de usar o\u00a0<a href=\"https:\/\/graphimarket.com\/pt\/2021\/01\/12\/change-the-language-of-your-creative-cloud-apps\/\" target=\"_blank\" rel=\"noopener\">Vers\u00e3o em ingl\u00eas do Photoshop<\/a>\u00a0para executar a a\u00e7\u00e3o. Todas as a\u00e7\u00f5es do Sevenstyles s\u00f3 funcionar\u00e3o na vers\u00e3o em ingl\u00eas do Photoshop.<\/li>\n<\/ul>\n<ul>\n<li>Verifique se voc\u00ea est\u00e1 usando uma vers\u00e3o do Photoshop compat\u00edvel com o Action.<\/li>\n<\/ul>\n<ul>\n<li>Use fotos de alta resolu\u00e7\u00e3o com o Action para obter os melhores resultados e evitar erros. Uma resolu\u00e7\u00e3o de foto ideal \u00e9 entre 2000px - 4500px.<\/li>\n<\/ul>\n<ul>\n<li>Com Adobe Creative Cloud, voc\u00ea pode instalar\u00a0<a href=\"https:\/\/graphimarket.com\/pt\/2021\/01\/12\/how-to-install-previous-versions-of-your-creative-cloud-apps\/\" target=\"_blank\" rel=\"noopener\">v\u00e1rias vers\u00f5es do Photoshop<\/a>. Se voc\u00ea gosta desta a\u00e7\u00e3o, mas n\u00e3o \u00e9 compat\u00edvel com sua vers\u00e3o do Photoshop, voc\u00ea sempre pode instalar uma vers\u00e3o adicional do Photoshop para executar a a\u00e7\u00e3o. Depois que um Action foi testado e est\u00e1 funcionando em uma vers\u00e3o do Photoshop, ele funcionar\u00e1 para sempre.<\/li>\n<\/ul>\n<ul>\n<li>Use imagens Jpeg para executar a a\u00e7\u00e3o. Outros tipos de arquivo, como TIFF, BMP, PNG, PSD, podem causar problemas com A\u00e7\u00f5es, pois o Photoshop desativa v\u00e1rios recursos para diferentes tipos de arquivo.<\/li>\n<\/ul>\n<ul>\n<li>Se uma a\u00e7\u00e3o do Sevenstyles incluir um arquivo de pincel (.abr), padr\u00e3o (.pat) ou formas (.csh) no download, ela deve ser carregada no Photoshop antes de executar a a\u00e7\u00e3o.<\/li>\n<\/ul>\n<ul>\n<li>Evite usar a a\u00e7\u00e3o em logotipos ou imagens de estilo de clip-art, pois a falta de detalhes e contraste de cores pode levar a erros.<\/li>\n<\/ul>\n<p><img fetchpriority=\"high\" decoding=\"async\" class=\"alignnone size-full wp-image-15453\" src=\"https:\/\/graphimarket.com\/wp-content\/uploads\/2021\/01\/10aaaa-scaled.jpg\" alt=\"\" width=\"2560\" height=\"734\" srcset=\"https:\/\/graphimarket.com\/wp-content\/uploads\/2021\/01\/10aaaa-scaled.jpg 2560w, https:\/\/graphimarket.com\/wp-content\/uploads\/2021\/01\/10aaaa-300x86.jpg 300w, https:\/\/graphimarket.com\/wp-content\/uploads\/2021\/01\/10aaaa-1024x294.jpg 1024w, https:\/\/graphimarket.com\/wp-content\/uploads\/2021\/01\/10aaaa-768x220.jpg 768w, https:\/\/graphimarket.com\/wp-content\/uploads\/2021\/01\/10aaaa-1536x440.jpg 1536w, https:\/\/graphimarket.com\/wp-content\/uploads\/2021\/01\/10aaaa-2048x587.jpg 2048w, https:\/\/graphimarket.com\/wp-content\/uploads\/2021\/01\/10aaaa-16x5.jpg 16w, https:\/\/graphimarket.com\/wp-content\/uploads\/2021\/01\/10aaaa-1320x378.jpg 1320w, https:\/\/graphimarket.com\/wp-content\/uploads\/2021\/01\/10aaaa-600x172.jpg 600w\" sizes=\"(max-width: 2560px) 100vw, 2560px\" \/><\/p>\n<p><img decoding=\"async\" class=\"alignnone size-full wp-image-15454\" src=\"https:\/\/graphimarket.com\/wp-content\/uploads\/2021\/01\/11aaa-2.jpg\" alt=\"\" width=\"1166\" height=\"1633\" srcset=\"https:\/\/graphimarket.com\/wp-content\/uploads\/2021\/01\/11aaa-2.jpg 1166w, https:\/\/graphimarket.com\/wp-content\/uploads\/2021\/01\/11aaa-2-214x300.jpg 214w, https:\/\/graphimarket.com\/wp-content\/uploads\/2021\/01\/11aaa-2-731x1024.jpg 731w, https:\/\/graphimarket.com\/wp-content\/uploads\/2021\/01\/11aaa-2-768x1076.jpg 768w, https:\/\/graphimarket.com\/wp-content\/uploads\/2021\/01\/11aaa-2-1097x1536.jpg 1097w, https:\/\/graphimarket.com\/wp-content\/uploads\/2021\/01\/11aaa-2-9x12.jpg 9w, https:\/\/graphimarket.com\/wp-content\/uploads\/2021\/01\/11aaa-2-600x840.jpg 600w\" sizes=\"(max-width: 1166px) 100vw, 1166px\" \/><\/p>\n<p><img decoding=\"async\" class=\"alignnone size-full wp-image-15455\" src=\"https:\/\/graphimarket.com\/wp-content\/uploads\/2021\/01\/12aaaa.jpg\" alt=\"\" width=\"1893\" height=\"1380\" srcset=\"https:\/\/graphimarket.com\/wp-content\/uploads\/2021\/01\/12aaaa.jpg 1893w, https:\/\/graphimarket.com\/wp-content\/uploads\/2021\/01\/12aaaa-300x219.jpg 300w, https:\/\/graphimarket.com\/wp-content\/uploads\/2021\/01\/12aaaa-1024x746.jpg 1024w, https:\/\/graphimarket.com\/wp-content\/uploads\/2021\/01\/12aaaa-768x560.jpg 768w, https:\/\/graphimarket.com\/wp-content\/uploads\/2021\/01\/12aaaa-1536x1120.jpg 1536w, https:\/\/graphimarket.com\/wp-content\/uploads\/2021\/01\/12aaaa-16x12.jpg 16w, https:\/\/graphimarket.com\/wp-content\/uploads\/2021\/01\/12aaaa-1320x962.jpg 1320w, https:\/\/graphimarket.com\/wp-content\/uploads\/2021\/01\/12aaaa-600x437.jpg 600w\" sizes=\"(max-width: 1893px) 100vw, 1893px\" \/><\/p>\n<p><img loading=\"lazy\" decoding=\"async\" class=\"alignnone size-full wp-image-15456\" src=\"https:\/\/graphimarket.com\/wp-content\/uploads\/2021\/01\/13aaa-1.jpg\" alt=\"\" width=\"785\" height=\"1185\" srcset=\"https:\/\/graphimarket.com\/wp-content\/uploads\/2021\/01\/13aaa-1.jpg 785w, https:\/\/graphimarket.com\/wp-content\/uploads\/2021\/01\/13aaa-1-199x300.jpg 199w, https:\/\/graphimarket.com\/wp-content\/uploads\/2021\/01\/13aaa-1-678x1024.jpg 678w, https:\/\/graphimarket.com\/wp-content\/uploads\/2021\/01\/13aaa-1-768x1159.jpg 768w, https:\/\/graphimarket.com\/wp-content\/uploads\/2021\/01\/13aaa-1-8x12.jpg 8w, https:\/\/graphimarket.com\/wp-content\/uploads\/2021\/01\/13aaa-1-600x906.jpg 600w\" sizes=\"(max-width: 785px) 100vw, 785px\" \/><\/p>\n<p><img loading=\"lazy\" decoding=\"async\" class=\"alignnone size-full wp-image-15457\" src=\"https:\/\/graphimarket.com\/wp-content\/uploads\/2021\/01\/1aaa-scaled.jpg\" alt=\"\" width=\"2316\" height=\"2560\" srcset=\"https:\/\/graphimarket.com\/wp-content\/uploads\/2021\/01\/1aaa-scaled.jpg 2316w, https:\/\/graphimarket.com\/wp-content\/uploads\/2021\/01\/1aaa-271x300.jpg 271w, https:\/\/graphimarket.com\/wp-content\/uploads\/2021\/01\/1aaa-926x1024.jpg 926w, https:\/\/graphimarket.com\/wp-content\/uploads\/2021\/01\/1aaa-768x849.jpg 768w, https:\/\/graphimarket.com\/wp-content\/uploads\/2021\/01\/1aaa-1390x1536.jpg 1390w, https:\/\/graphimarket.com\/wp-content\/uploads\/2021\/01\/1aaa-1853x2048.jpg 1853w, https:\/\/graphimarket.com\/wp-content\/uploads\/2021\/01\/1aaa-11x12.jpg 11w, https:\/\/graphimarket.com\/wp-content\/uploads\/2021\/01\/1aaa-1320x1459.jpg 1320w, https:\/\/graphimarket.com\/wp-content\/uploads\/2021\/01\/1aaa-600x663.jpg 600w\" sizes=\"(max-width: 2316px) 100vw, 2316px\" \/><\/p>\n<p><img loading=\"lazy\" decoding=\"async\" class=\"alignnone size-full wp-image-15458\" src=\"https:\/\/graphimarket.com\/wp-content\/uploads\/2021\/01\/1dbe.jpg\" alt=\"\" width=\"909\" height=\"1380\" srcset=\"https:\/\/graphimarket.com\/wp-content\/uploads\/2021\/01\/1dbe.jpg 909w, https:\/\/graphimarket.com\/wp-content\/uploads\/2021\/01\/1dbe-198x300.jpg 198w, https:\/\/graphimarket.com\/wp-content\/uploads\/2021\/01\/1dbe-675x1024.jpg 675w, https:\/\/graphimarket.com\/wp-content\/uploads\/2021\/01\/1dbe-768x1166.jpg 768w, https:\/\/graphimarket.com\/wp-content\/uploads\/2021\/01\/1dbe-8x12.jpg 8w, https:\/\/graphimarket.com\/wp-content\/uploads\/2021\/01\/1dbe-600x911.jpg 600w\" sizes=\"(max-width: 909px) 100vw, 909px\" \/><\/p>\n<p><img loading=\"lazy\" decoding=\"async\" class=\"alignnone size-full wp-image-15459\" src=\"https:\/\/graphimarket.com\/wp-content\/uploads\/2021\/01\/2aaa.jpg\" alt=\"\" width=\"707\" height=\"1246\" srcset=\"https:\/\/graphimarket.com\/wp-content\/uploads\/2021\/01\/2aaa.jpg 707w, https:\/\/graphimarket.com\/wp-content\/uploads\/2021\/01\/2aaa-170x300.jpg 170w, https:\/\/graphimarket.com\/wp-content\/uploads\/2021\/01\/2aaa-581x1024.jpg 581w, https:\/\/graphimarket.com\/wp-content\/uploads\/2021\/01\/2aaa-7x12.jpg 7w, https:\/\/graphimarket.com\/wp-content\/uploads\/2021\/01\/2aaa-600x1057.jpg 600w\" sizes=\"(max-width: 707px) 100vw, 707px\" \/><\/p>\n<p><img loading=\"lazy\" decoding=\"async\" class=\"alignnone size-full wp-image-15460\" src=\"https:\/\/graphimarket.com\/wp-content\/uploads\/2021\/01\/3aaaaa.jpg\" alt=\"\" width=\"1360\" height=\"2420\" srcset=\"https:\/\/graphimarket.com\/wp-content\/uploads\/2021\/01\/3aaaaa.jpg 1360w, https:\/\/graphimarket.com\/wp-content\/uploads\/2021\/01\/3aaaaa-169x300.jpg 169w, https:\/\/graphimarket.com\/wp-content\/uploads\/2021\/01\/3aaaaa-575x1024.jpg 575w, https:\/\/graphimarket.com\/wp-content\/uploads\/2021\/01\/3aaaaa-768x1367.jpg 768w, https:\/\/graphimarket.com\/wp-content\/uploads\/2021\/01\/3aaaaa-863x1536.jpg 863w, https:\/\/graphimarket.com\/wp-content\/uploads\/2021\/01\/3aaaaa-1151x2048.jpg 1151w, https:\/\/graphimarket.com\/wp-content\/uploads\/2021\/01\/3aaaaa-7x12.jpg 7w, https:\/\/graphimarket.com\/wp-content\/uploads\/2021\/01\/3aaaaa-1320x2349.jpg 1320w, https:\/\/graphimarket.com\/wp-content\/uploads\/2021\/01\/3aaaaa-600x1068.jpg 600w\" sizes=\"(max-width: 1360px) 100vw, 1360px\" \/><\/p>\n<p>&nbsp;<\/p>","protected":false},"excerpt":{"rendered":"<p>Fractal Photoshop Action Create advanced looking effects with the click of a mouse. All you need to do is open a photo, brush where you want to apply the effect and click play on the action. You then have full layer control \u2013 move, rotate, scale, duplicate, color layers to build up the design even [&hellip;]<\/p>\n","protected":false},"featured_media":15455,"comment_status":"open","ping_status":"closed","template":"","meta":{"site-sidebar-layout":"default","site-content-layout":"default","ast-site-content-layout":"default","site-content-style":"default","site-sidebar-style":"default","ast-global-header-display":"","ast-banner-title-visibility":"","ast-main-header-display":"","ast-hfb-above-header-display":"","ast-hfb-below-header-display":"","ast-hfb-mobile-header-display":"","site-post-title":"","ast-breadcrumbs-content":"","ast-featured-img":"","footer-sml-layout":"","ast-disable-related-posts":"","theme-transparent-header-meta":"default","adv-header-id-meta":"","stick-header-meta":"","header-above-stick-meta":"","header-main-stick-meta":"","header-below-stick-meta":"","astra-migrate-meta-layouts":"default","ast-page-background-enabled":"default","ast-page-background-meta":{"desktop":{"background-color":"","background-image":"","background-repeat":"repeat","background-position":"center center","background-size":"auto","background-attachment":"scroll","background-type":"","background-media":"","overlay-type":"","overlay-color":"","overlay-opacity":"","overlay-gradient":""},"tablet":{"background-color":"","background-image":"","background-repeat":"repeat","background-position":"center center","background-size":"auto","background-attachment":"scroll","background-type":"","background-media":"","overlay-type":"","overlay-color":"","overlay-opacity":"","overlay-gradient":""},"mobile":{"background-color":"","background-image":"","background-repeat":"repeat","background-position":"center center","background-size":"auto","background-attachment":"scroll","background-type":"","background-media":"","overlay-type":"","overlay-color":"","overlay-opacity":"","overlay-gradient":""}},"ast-content-background-meta":{"desktop":{"background-color":"var(--ast-global-color-5)","background-image":"","background-repeat":"repeat","background-position":"center center","background-size":"auto","background-attachment":"scroll","background-type":"","background-media":"","overlay-type":"","overlay-color":"","overlay-opacity":"","overlay-gradient":""},"tablet":{"background-color":"var(--ast-global-color-5)","background-image":"","background-repeat":"repeat","background-position":"center center","background-size":"auto","background-attachment":"scroll","background-type":"","background-media":"","overlay-type":"","overlay-color":"","overlay-opacity":"","overlay-gradient":""},"mobile":{"background-color":"var(--ast-global-color-5)","background-image":"","background-repeat":"repeat","background-position":"center center","background-size":"auto","background-attachment":"scroll","background-type":"","background-media":"","overlay-type":"","overlay-color":"","overlay-opacity":"","overlay-gradient":""}}},"product_brand":[],"product_cat":[195,146],"product_tag":[292,1386,672,62],"class_list":{"0":"post-15452","1":"product","2":"type-product","3":"status-publish","4":"has-post-thumbnail","6":"product_cat-photoshop","7":"product_cat-photoshop-action","8":"product_tag-action","9":"product_tag-adobe","10":"product_tag-fractal","11":"product_tag-photoshop","12":"desktop-align-left","13":"tablet-align-left","14":"mobile-align-left","16":"first","17":"instock","18":"sale","19":"downloadable","20":"virtual","21":"taxable","22":"purchasable","23":"product-type-simple"},"yoast_head":"<!-- This site is optimized with the Yoast SEO plugin v27.3 - https:\/\/yoast.com\/product\/yoast-seo-wordpress\/ -->\n<title>Fractal Photoshop Action - Graphimarket<\/title>\n<meta name=\"description\" content=\"Create advanced looking effects with the click of a mouse. All you need to do is open a photo, brush where you want to apply...\" \/>\n<meta name=\"robots\" content=\"index, follow, max-snippet:-1, max-image-preview:large, max-video-preview:-1\" \/>\n<link rel=\"canonical\" href=\"http:\/\/graphimarket.com\/pt\/product\/fractal-photoshop-action\/\" \/>\n<meta property=\"og:locale\" content=\"pt_PT\" \/>\n<meta property=\"og:type\" content=\"article\" \/>\n<meta property=\"og:title\" content=\"Fractal Photoshop Action - Graphimarket\" \/>\n<meta property=\"og:description\" content=\"Create advanced looking effects with the click of a mouse. All you need to do is open a photo, brush where you want to apply...\" \/>\n<meta property=\"og:url\" content=\"http:\/\/graphimarket.com\/pt\/product\/fractal-photoshop-action\/\" \/>\n<meta property=\"og:site_name\" content=\"Graphimarket\" \/>\n<meta property=\"article:modified_time\" content=\"2021-01-21T17:01:18+00:00\" \/>\n<meta property=\"og:image\" content=\"https:\/\/graphimarket.com\/wp-content\/uploads\/2021\/01\/12aaaa.jpg\" \/>\n\t<meta property=\"og:image:width\" content=\"1893\" \/>\n\t<meta property=\"og:image:height\" content=\"1380\" \/>\n\t<meta property=\"og:image:type\" content=\"image\/jpeg\" \/>\n<meta name=\"twitter:card\" content=\"summary_large_image\" \/>\n<meta name=\"twitter:label1\" content=\"Est. reading time\" \/>\n\t<meta name=\"twitter:data1\" content=\"1 minute\" \/>\n<script type=\"application\/ld+json\" class=\"yoast-schema-graph\">{\"@context\":\"https:\\\/\\\/schema.org\",\"@graph\":[{\"@type\":\"WebPage\",\"@id\":\"http:\\\/\\\/graphimarket.com\\\/fr\\\/product\\\/fractal-photoshop-action\\\/\",\"url\":\"http:\\\/\\\/graphimarket.com\\\/fr\\\/product\\\/fractal-photoshop-action\\\/\",\"name\":\"Fractal Photoshop Action - Graphimarket\",\"isPartOf\":{\"@id\":\"https:\\\/\\\/graphimarket.com\\\/fr\\\/#website\"},\"primaryImageOfPage\":{\"@id\":\"http:\\\/\\\/graphimarket.com\\\/fr\\\/product\\\/fractal-photoshop-action\\\/#primaryimage\"},\"image\":{\"@id\":\"http:\\\/\\\/graphimarket.com\\\/fr\\\/product\\\/fractal-photoshop-action\\\/#primaryimage\"},\"thumbnailUrl\":\"https:\\\/\\\/graphimarket.com\\\/wp-content\\\/uploads\\\/2021\\\/01\\\/12aaaa.jpg\",\"datePublished\":\"2021-01-19T16:43:17+00:00\",\"dateModified\":\"2021-01-21T17:01:18+00:00\",\"description\":\"Create advanced looking effects with the click of a mouse. All you need to do is open a photo, brush where you want to apply...\",\"breadcrumb\":{\"@id\":\"http:\\\/\\\/graphimarket.com\\\/fr\\\/product\\\/fractal-photoshop-action\\\/#breadcrumb\"},\"inLanguage\":\"pt-PT\",\"potentialAction\":[{\"@type\":\"ReadAction\",\"target\":[\"http:\\\/\\\/graphimarket.com\\\/fr\\\/product\\\/fractal-photoshop-action\\\/\"]}]},{\"@type\":\"ImageObject\",\"inLanguage\":\"pt-PT\",\"@id\":\"http:\\\/\\\/graphimarket.com\\\/fr\\\/product\\\/fractal-photoshop-action\\\/#primaryimage\",\"url\":\"https:\\\/\\\/graphimarket.com\\\/wp-content\\\/uploads\\\/2021\\\/01\\\/12aaaa.jpg\",\"contentUrl\":\"https:\\\/\\\/graphimarket.com\\\/wp-content\\\/uploads\\\/2021\\\/01\\\/12aaaa.jpg\",\"width\":1893,\"height\":1380},{\"@type\":\"BreadcrumbList\",\"@id\":\"http:\\\/\\\/graphimarket.com\\\/fr\\\/product\\\/fractal-photoshop-action\\\/#breadcrumb\",\"itemListElement\":[{\"@type\":\"ListItem\",\"position\":1,\"name\":\"Home\",\"item\":\"https:\\\/\\\/graphimarket.com\\\/es\\\/\"},{\"@type\":\"ListItem\",\"position\":2,\"name\":\"Store\",\"item\":\"https:\\\/\\\/graphimarket.com\\\/store\\\/\"},{\"@type\":\"ListItem\",\"position\":3,\"name\":\"Fractal Photoshop Action\"}]},{\"@type\":\"WebSite\",\"@id\":\"https:\\\/\\\/graphimarket.com\\\/fr\\\/#website\",\"url\":\"https:\\\/\\\/graphimarket.com\\\/fr\\\/\",\"name\":\"Graphimarket\",\"description\":\"Find the perfect creative asset to bring your project to life\",\"publisher\":{\"@id\":\"https:\\\/\\\/graphimarket.com\\\/fr\\\/#organization\"},\"potentialAction\":[{\"@type\":\"SearchAction\",\"target\":{\"@type\":\"EntryPoint\",\"urlTemplate\":\"https:\\\/\\\/graphimarket.com\\\/fr\\\/?s={search_term_string}\"},\"query-input\":{\"@type\":\"PropertyValueSpecification\",\"valueRequired\":true,\"valueName\":\"search_term_string\"}}],\"inLanguage\":\"pt-PT\"},{\"@type\":\"Organization\",\"@id\":\"https:\\\/\\\/graphimarket.com\\\/fr\\\/#organization\",\"name\":\"Graphimarket\",\"url\":\"https:\\\/\\\/graphimarket.com\\\/fr\\\/\",\"logo\":{\"@type\":\"ImageObject\",\"inLanguage\":\"pt-PT\",\"@id\":\"https:\\\/\\\/graphimarket.com\\\/fr\\\/#\\\/schema\\\/logo\\\/image\\\/\",\"url\":\"https:\\\/\\\/graphimarket.com\\\/wp-content\\\/uploads\\\/2020\\\/08\\\/logo-48.png\",\"contentUrl\":\"https:\\\/\\\/graphimarket.com\\\/wp-content\\\/uploads\\\/2020\\\/08\\\/logo-48.png\",\"width\":132,\"height\":48,\"caption\":\"Graphimarket\"},\"image\":{\"@id\":\"https:\\\/\\\/graphimarket.com\\\/fr\\\/#\\\/schema\\\/logo\\\/image\\\/\"}}]}<\/script>\n<!-- \/ Yoast SEO plugin. -->","yoast_head_json":{"title":"Fractal Photoshop Action - Graphimarket","description":"Create advanced looking effects with the click of a mouse. All you need to do is open a photo, brush where you want to apply...","robots":{"index":"index","follow":"follow","max-snippet":"max-snippet:-1","max-image-preview":"max-image-preview:large","max-video-preview":"max-video-preview:-1"},"canonical":"http:\/\/graphimarket.com\/pt\/product\/fractal-photoshop-action\/","og_locale":"pt_PT","og_type":"article","og_title":"Fractal Photoshop Action - Graphimarket","og_description":"Create advanced looking effects with the click of a mouse. All you need to do is open a photo, brush where you want to apply...","og_url":"http:\/\/graphimarket.com\/pt\/product\/fractal-photoshop-action\/","og_site_name":"Graphimarket","article_modified_time":"2021-01-21T17:01:18+00:00","og_image":[{"width":1893,"height":1380,"url":"https:\/\/graphimarket.com\/wp-content\/uploads\/2021\/01\/12aaaa.jpg","type":"image\/jpeg"}],"twitter_card":"summary_large_image","twitter_misc":{"Est. reading time":"1 minute"},"schema":{"@context":"https:\/\/schema.org","@graph":[{"@type":"WebPage","@id":"http:\/\/graphimarket.com\/fr\/product\/fractal-photoshop-action\/","url":"http:\/\/graphimarket.com\/fr\/product\/fractal-photoshop-action\/","name":"Fractal Photoshop Action - Graphimarket","isPartOf":{"@id":"https:\/\/graphimarket.com\/fr\/#website"},"primaryImageOfPage":{"@id":"http:\/\/graphimarket.com\/fr\/product\/fractal-photoshop-action\/#primaryimage"},"image":{"@id":"http:\/\/graphimarket.com\/fr\/product\/fractal-photoshop-action\/#primaryimage"},"thumbnailUrl":"https:\/\/graphimarket.com\/wp-content\/uploads\/2021\/01\/12aaaa.jpg","datePublished":"2021-01-19T16:43:17+00:00","dateModified":"2021-01-21T17:01:18+00:00","description":"Create advanced looking effects with the click of a mouse. All you need to do is open a photo, brush where you want to apply...","breadcrumb":{"@id":"http:\/\/graphimarket.com\/fr\/product\/fractal-photoshop-action\/#breadcrumb"},"inLanguage":"pt-PT","potentialAction":[{"@type":"ReadAction","target":["http:\/\/graphimarket.com\/fr\/product\/fractal-photoshop-action\/"]}]},{"@type":"ImageObject","inLanguage":"pt-PT","@id":"http:\/\/graphimarket.com\/fr\/product\/fractal-photoshop-action\/#primaryimage","url":"https:\/\/graphimarket.com\/wp-content\/uploads\/2021\/01\/12aaaa.jpg","contentUrl":"https:\/\/graphimarket.com\/wp-content\/uploads\/2021\/01\/12aaaa.jpg","width":1893,"height":1380},{"@type":"BreadcrumbList","@id":"http:\/\/graphimarket.com\/fr\/product\/fractal-photoshop-action\/#breadcrumb","itemListElement":[{"@type":"ListItem","position":1,"name":"Home","item":"https:\/\/graphimarket.com\/es\/"},{"@type":"ListItem","position":2,"name":"Store","item":"https:\/\/graphimarket.com\/store\/"},{"@type":"ListItem","position":3,"name":"Fractal Photoshop Action"}]},{"@type":"WebSite","@id":"https:\/\/graphimarket.com\/fr\/#website","url":"https:\/\/graphimarket.com\/fr\/","name":"Graphimarket","description":"Encontre o ativo criativo perfeito para dar vida ao seu projeto","publisher":{"@id":"https:\/\/graphimarket.com\/fr\/#organization"},"potentialAction":[{"@type":"SearchAction","target":{"@type":"EntryPoint","urlTemplate":"https:\/\/graphimarket.com\/fr\/?s={search_term_string}"},"query-input":{"@type":"PropertyValueSpecification","valueRequired":true,"valueName":"search_term_string"}}],"inLanguage":"pt-PT"},{"@type":"Organization","@id":"https:\/\/graphimarket.com\/fr\/#organization","name":"Graphimarket","url":"https:\/\/graphimarket.com\/fr\/","logo":{"@type":"ImageObject","inLanguage":"pt-PT","@id":"https:\/\/graphimarket.com\/fr\/#\/schema\/logo\/image\/","url":"https:\/\/graphimarket.com\/wp-content\/uploads\/2020\/08\/logo-48.png","contentUrl":"https:\/\/graphimarket.com\/wp-content\/uploads\/2020\/08\/logo-48.png","width":132,"height":48,"caption":"Graphimarket"},"image":{"@id":"https:\/\/graphimarket.com\/fr\/#\/schema\/logo\/image\/"}}]}},"_links":{"self":[{"href":"https:\/\/graphimarket.com\/pt\/wp-json\/wp\/v2\/product\/15452","targetHints":{"allow":["GET"]}}],"collection":[{"href":"https:\/\/graphimarket.com\/pt\/wp-json\/wp\/v2\/product"}],"about":[{"href":"https:\/\/graphimarket.com\/pt\/wp-json\/wp\/v2\/types\/product"}],"replies":[{"embeddable":true,"href":"https:\/\/graphimarket.com\/pt\/wp-json\/wp\/v2\/comments?post=15452"}],"version-history":[{"count":0,"href":"https:\/\/graphimarket.com\/pt\/wp-json\/wp\/v2\/product\/15452\/revisions"}],"wp:featuredmedia":[{"embeddable":true,"href":"https:\/\/graphimarket.com\/pt\/wp-json\/wp\/v2\/media\/15455"}],"wp:attachment":[{"href":"https:\/\/graphimarket.com\/pt\/wp-json\/wp\/v2\/media?parent=15452"}],"wp:term":[{"taxonomy":"product_brand","embeddable":true,"href":"https:\/\/graphimarket.com\/pt\/wp-json\/wp\/v2\/product_brand?post=15452"},{"taxonomy":"product_cat","embeddable":true,"href":"https:\/\/graphimarket.com\/pt\/wp-json\/wp\/v2\/product_cat?post=15452"},{"taxonomy":"product_tag","embeddable":true,"href":"https:\/\/graphimarket.com\/pt\/wp-json\/wp\/v2\/product_tag?post=15452"}],"curies":[{"name":"wp","href":"https:\/\/api.w.org\/{rel}","templated":true}]}}