{"id":16394,"date":"2021-03-15T16:15:33","date_gmt":"2021-03-15T15:15:33","guid":{"rendered":"https:\/\/graphimarket.com\/?post_type=product&#038;p=16394"},"modified":"2022-12-19T08:48:18","modified_gmt":"2022-12-19T07:48:18","slug":"oil-paint-cartoonizer","status":"publish","type":"product","link":"https:\/\/graphimarket.com\/pt\/product\/oil-paint-cartoonizer\/","title":{"rendered":"Cartunizador de tinta a \u00f3leo"},"content":{"rendered":"<h2 class=\"sp-h4 mb-20\">Sobre o produto<\/h2>\n<p class=\"title single-title entry-title\"><strong>Cartunizador de tinta a \u00f3leo<\/strong><\/p>\n<div id=\"detailsContainer\" class=\"details-container\">\n<div class=\"sp-p details-text\">\n<p><strong>A\u00e7\u00e3o impressionante no Photoshop<\/strong><\/p>\n<p>Quer transformar sua foto em um efeito deslumbrante? Ent\u00e3o voc\u00ea est\u00e1 no lugar certo. Esta a\u00e7\u00e3o seria sua escolha perfeita.<\/p>\n<hr \/>\n<p><strong>RECURSOS<\/strong><\/p>\n<ul>\n<li>REQUER FILTRO DE PINTURA DE \u00d3LEO (quase todas as vers\u00f5es t\u00eam isso por padr\u00e3o)<\/li>\n<li>ABRIR E JOGAR<\/li>\n<li>EFEITOS N\u00c3O DESTRUTIVOS USADOS<\/li>\n<li>TODOS OS EFEITOS S\u00c3O ALTER\u00c1VEIS<\/li>\n<\/ul>\n<p><strong>O ARQUIVO PRINCIPAL CONT\u00c9M<\/strong><\/p>\n<ul>\n<li>.ATN FILE<\/li>\n<li>ARQUIVO DE AJUDA<\/li>\n<\/ul>\n<p><img fetchpriority=\"high\" decoding=\"async\" class=\"alignnone size-full wp-image-16395\" src=\"https:\/\/graphimarket.com\/wp-content\/uploads\/2021\/03\/oil-paint-action-3-.jpg\" alt=\"\" width=\"1160\" height=\"774\" srcset=\"https:\/\/graphimarket.com\/wp-content\/uploads\/2021\/03\/oil-paint-action-3-.jpg 1160w, https:\/\/graphimarket.com\/wp-content\/uploads\/2021\/03\/oil-paint-action-3--300x200.jpg 300w, https:\/\/graphimarket.com\/wp-content\/uploads\/2021\/03\/oil-paint-action-3--1024x683.jpg 1024w, https:\/\/graphimarket.com\/wp-content\/uploads\/2021\/03\/oil-paint-action-3--768x512.jpg 768w, https:\/\/graphimarket.com\/wp-content\/uploads\/2021\/03\/oil-paint-action-3--16x12.jpg 16w, https:\/\/graphimarket.com\/wp-content\/uploads\/2021\/03\/oil-paint-action-3--600x400.jpg 600w\" sizes=\"(max-width: 1160px) 100vw, 1160px\" \/> <img decoding=\"async\" class=\"alignnone size-full wp-image-16396\" src=\"https:\/\/graphimarket.com\/wp-content\/uploads\/2021\/03\/oil-paint-action-5-.jpg\" alt=\"\" width=\"1160\" height=\"774\" srcset=\"https:\/\/graphimarket.com\/wp-content\/uploads\/2021\/03\/oil-paint-action-5-.jpg 1160w, https:\/\/graphimarket.com\/wp-content\/uploads\/2021\/03\/oil-paint-action-5--300x200.jpg 300w, https:\/\/graphimarket.com\/wp-content\/uploads\/2021\/03\/oil-paint-action-5--1024x683.jpg 1024w, https:\/\/graphimarket.com\/wp-content\/uploads\/2021\/03\/oil-paint-action-5--768x512.jpg 768w, https:\/\/graphimarket.com\/wp-content\/uploads\/2021\/03\/oil-paint-action-5--16x12.jpg 16w, https:\/\/graphimarket.com\/wp-content\/uploads\/2021\/03\/oil-paint-action-5--600x400.jpg 600w\" sizes=\"(max-width: 1160px) 100vw, 1160px\" \/> <img decoding=\"async\" class=\"alignnone size-full wp-image-16397\" src=\"https:\/\/graphimarket.com\/wp-content\/uploads\/2021\/03\/oil-paint-action-6-.jpg\" alt=\"\" width=\"1160\" height=\"774\" srcset=\"https:\/\/graphimarket.com\/wp-content\/uploads\/2021\/03\/oil-paint-action-6-.jpg 1160w, https:\/\/graphimarket.com\/wp-content\/uploads\/2021\/03\/oil-paint-action-6--300x200.jpg 300w, https:\/\/graphimarket.com\/wp-content\/uploads\/2021\/03\/oil-paint-action-6--1024x683.jpg 1024w, https:\/\/graphimarket.com\/wp-content\/uploads\/2021\/03\/oil-paint-action-6--768x512.jpg 768w, https:\/\/graphimarket.com\/wp-content\/uploads\/2021\/03\/oil-paint-action-6--16x12.jpg 16w, https:\/\/graphimarket.com\/wp-content\/uploads\/2021\/03\/oil-paint-action-6--600x400.jpg 600w\" sizes=\"(max-width: 1160px) 100vw, 1160px\" \/> <img loading=\"lazy\" decoding=\"async\" class=\"alignnone size-full wp-image-16398\" src=\"https:\/\/graphimarket.com\/wp-content\/uploads\/2021\/03\/oil-paint-action-7-.jpg\" alt=\"\" width=\"1160\" height=\"774\" srcset=\"https:\/\/graphimarket.com\/wp-content\/uploads\/2021\/03\/oil-paint-action-7-.jpg 1160w, https:\/\/graphimarket.com\/wp-content\/uploads\/2021\/03\/oil-paint-action-7--300x200.jpg 300w, https:\/\/graphimarket.com\/wp-content\/uploads\/2021\/03\/oil-paint-action-7--1024x683.jpg 1024w, https:\/\/graphimarket.com\/wp-content\/uploads\/2021\/03\/oil-paint-action-7--768x512.jpg 768w, https:\/\/graphimarket.com\/wp-content\/uploads\/2021\/03\/oil-paint-action-7--16x12.jpg 16w, https:\/\/graphimarket.com\/wp-content\/uploads\/2021\/03\/oil-paint-action-7--600x400.jpg 600w\" sizes=\"(max-width: 1160px) 100vw, 1160px\" \/> <img loading=\"lazy\" decoding=\"async\" class=\"alignnone size-full wp-image-16399\" src=\"https:\/\/graphimarket.com\/wp-content\/uploads\/2021\/03\/oil-paint-action-4-.jpg\" alt=\"\" width=\"1160\" height=\"774\" srcset=\"https:\/\/graphimarket.com\/wp-content\/uploads\/2021\/03\/oil-paint-action-4-.jpg 1160w, https:\/\/graphimarket.com\/wp-content\/uploads\/2021\/03\/oil-paint-action-4--300x200.jpg 300w, https:\/\/graphimarket.com\/wp-content\/uploads\/2021\/03\/oil-paint-action-4--1024x683.jpg 1024w, https:\/\/graphimarket.com\/wp-content\/uploads\/2021\/03\/oil-paint-action-4--768x512.jpg 768w, https:\/\/graphimarket.com\/wp-content\/uploads\/2021\/03\/oil-paint-action-4--16x12.jpg 16w, https:\/\/graphimarket.com\/wp-content\/uploads\/2021\/03\/oil-paint-action-4--600x400.jpg 600w\" sizes=\"(max-width: 1160px) 100vw, 1160px\" \/> <img loading=\"lazy\" decoding=\"async\" class=\"alignnone size-full wp-image-16400\" src=\"https:\/\/graphimarket.com\/wp-content\/uploads\/2021\/03\/oil-paint-action-1-.jpg\" alt=\"\" width=\"1160\" height=\"774\" srcset=\"https:\/\/graphimarket.com\/wp-content\/uploads\/2021\/03\/oil-paint-action-1-.jpg 1160w, https:\/\/graphimarket.com\/wp-content\/uploads\/2021\/03\/oil-paint-action-1--300x200.jpg 300w, https:\/\/graphimarket.com\/wp-content\/uploads\/2021\/03\/oil-paint-action-1--1024x683.jpg 1024w, https:\/\/graphimarket.com\/wp-content\/uploads\/2021\/03\/oil-paint-action-1--768x512.jpg 768w, https:\/\/graphimarket.com\/wp-content\/uploads\/2021\/03\/oil-paint-action-1--16x12.jpg 16w, https:\/\/graphimarket.com\/wp-content\/uploads\/2021\/03\/oil-paint-action-1--600x400.jpg 600w\" sizes=\"(max-width: 1160px) 100vw, 1160px\" \/> <img loading=\"lazy\" decoding=\"async\" class=\"alignnone size-full wp-image-16401\" src=\"https:\/\/graphimarket.com\/wp-content\/uploads\/2021\/03\/oil-paint-action-2-.jpg\" alt=\"\" width=\"1160\" height=\"774\" srcset=\"https:\/\/graphimarket.com\/wp-content\/uploads\/2021\/03\/oil-paint-action-2-.jpg 1160w, https:\/\/graphimarket.com\/wp-content\/uploads\/2021\/03\/oil-paint-action-2--300x200.jpg 300w, https:\/\/graphimarket.com\/wp-content\/uploads\/2021\/03\/oil-paint-action-2--1024x683.jpg 1024w, https:\/\/graphimarket.com\/wp-content\/uploads\/2021\/03\/oil-paint-action-2--768x512.jpg 768w, https:\/\/graphimarket.com\/wp-content\/uploads\/2021\/03\/oil-paint-action-2--16x12.jpg 16w, https:\/\/graphimarket.com\/wp-content\/uploads\/2021\/03\/oil-paint-action-2--600x400.jpg 600w\" sizes=\"(max-width: 1160px) 100vw, 1160px\" \/><\/p>\n<\/div>\n<\/div>","protected":false},"excerpt":{"rendered":"<p>About the Product Oil Paint Cartoonizer Stunning Photoshop Action Do you want to turn your photo into a stunning effect? Then you are in the right place. This action would be your perfect choice. FEATURES REQUIRES OIL PAINT FILTER (Almost all version have this by default) OPEN AND PLAY NOT DESTRUCTIVE EFFECTS USED ALL EFFECTS [&hellip;]<\/p>\n","protected":false},"featured_media":16400,"comment_status":"open","ping_status":"closed","template":"","meta":{"site-sidebar-layout":"default","site-content-layout":"default","ast-site-content-layout":"default","site-content-style":"default","site-sidebar-style":"default","ast-global-header-display":"","ast-banner-title-visibility":"","ast-main-header-display":"","ast-hfb-above-header-display":"","ast-hfb-below-header-display":"","ast-hfb-mobile-header-display":"","site-post-title":"","ast-breadcrumbs-content":"","ast-featured-img":"","footer-sml-layout":"","ast-disable-related-posts":"","theme-transparent-header-meta":"default","adv-header-id-meta":"","stick-header-meta":"","header-above-stick-meta":"","header-main-stick-meta":"","header-below-stick-meta":"","astra-migrate-meta-layouts":"default","ast-page-background-enabled":"default","ast-page-background-meta":{"desktop":{"background-color":"","background-image":"","background-repeat":"repeat","background-position":"center center","background-size":"auto","background-attachment":"scroll","background-type":"","background-media":"","overlay-type":"","overlay-color":"","overlay-opacity":"","overlay-gradient":""},"tablet":{"background-color":"","background-image":"","background-repeat":"repeat","background-position":"center center","background-size":"auto","background-attachment":"scroll","background-type":"","background-media":"","overlay-type":"","overlay-color":"","overlay-opacity":"","overlay-gradient":""},"mobile":{"background-color":"","background-image":"","background-repeat":"repeat","background-position":"center center","background-size":"auto","background-attachment":"scroll","background-type":"","background-media":"","overlay-type":"","overlay-color":"","overlay-opacity":"","overlay-gradient":""}},"ast-content-background-meta":{"desktop":{"background-color":"var(--ast-global-color-5)","background-image":"","background-repeat":"repeat","background-position":"center center","background-size":"auto","background-attachment":"scroll","background-type":"","background-media":"","overlay-type":"","overlay-color":"","overlay-opacity":"","overlay-gradient":""},"tablet":{"background-color":"var(--ast-global-color-5)","background-image":"","background-repeat":"repeat","background-position":"center center","background-size":"auto","background-attachment":"scroll","background-type":"","background-media":"","overlay-type":"","overlay-color":"","overlay-opacity":"","overlay-gradient":""},"mobile":{"background-color":"var(--ast-global-color-5)","background-image":"","background-repeat":"repeat","background-position":"center center","background-size":"auto","background-attachment":"scroll","background-type":"","background-media":"","overlay-type":"","overlay-color":"","overlay-opacity":"","overlay-gradient":""}}},"product_brand":[],"product_cat":[196,15,145,195,146],"product_tag":[292,562,62,1933],"class_list":{"0":"post-16394","1":"product","2":"type-product","3":"status-publish","4":"has-post-thumbnail","6":"product_cat-actions","7":"product_cat-photo","8":"product_cat-photography","9":"product_cat-photoshop","10":"product_cat-photoshop-action","11":"product_tag-action","12":"product_tag-oil","13":"product_tag-photoshop","14":"product_tag-stunning","15":"desktop-align-left","16":"tablet-align-left","17":"mobile-align-left","19":"first","20":"instock","21":"downloadable","22":"virtual","23":"taxable","24":"purchasable","25":"product-type-simple"},"yoast_head":"<!-- This site is optimized with the Yoast SEO plugin v27.3 - https:\/\/yoast.com\/product\/yoast-seo-wordpress\/ -->\n<title>Oil Paint Cartoonizer - Graphimarket<\/title>\n<meta name=\"description\" content=\"Oil Paint Cartoonizer. Stunning Photoshop ActionDo you want to turn your photo into a stunning effect?.......\" \/>\n<meta name=\"robots\" content=\"index, follow, max-snippet:-1, max-image-preview:large, max-video-preview:-1\" \/>\n<link rel=\"canonical\" href=\"https:\/\/graphimarket.com\/pt\/product\/oil-paint-cartoonizer\/\" \/>\n<meta property=\"og:locale\" content=\"pt_PT\" \/>\n<meta property=\"og:type\" content=\"article\" \/>\n<meta property=\"og:title\" content=\"Oil Paint Cartoonizer - Graphimarket\" \/>\n<meta property=\"og:description\" content=\"Oil Paint Cartoonizer. Stunning Photoshop ActionDo you want to turn your photo into a stunning effect?.......\" \/>\n<meta property=\"og:url\" content=\"https:\/\/graphimarket.com\/pt\/product\/oil-paint-cartoonizer\/\" \/>\n<meta property=\"og:site_name\" content=\"Graphimarket\" \/>\n<meta property=\"article:modified_time\" content=\"2022-12-19T07:48:18+00:00\" \/>\n<meta property=\"og:image\" content=\"https:\/\/graphimarket.com\/wp-content\/uploads\/2021\/03\/oil-paint-action-1-.jpg\" \/>\n\t<meta property=\"og:image:width\" content=\"1160\" \/>\n\t<meta property=\"og:image:height\" content=\"774\" \/>\n\t<meta property=\"og:image:type\" content=\"image\/jpeg\" \/>\n<meta name=\"twitter:card\" content=\"summary_large_image\" \/>\n<script type=\"application\/ld+json\" class=\"yoast-schema-graph\">{\"@context\":\"https:\\\/\\\/schema.org\",\"@graph\":[{\"@type\":\"WebPage\",\"@id\":\"https:\\\/\\\/graphimarket.com\\\/fr\\\/product\\\/oil-paint-cartoonizer\\\/\",\"url\":\"https:\\\/\\\/graphimarket.com\\\/fr\\\/product\\\/oil-paint-cartoonizer\\\/\",\"name\":\"Oil Paint Cartoonizer - Graphimarket\",\"isPartOf\":{\"@id\":\"https:\\\/\\\/graphimarket.com\\\/fr\\\/#website\"},\"primaryImageOfPage\":{\"@id\":\"https:\\\/\\\/graphimarket.com\\\/fr\\\/product\\\/oil-paint-cartoonizer\\\/#primaryimage\"},\"image\":{\"@id\":\"https:\\\/\\\/graphimarket.com\\\/fr\\\/product\\\/oil-paint-cartoonizer\\\/#primaryimage\"},\"thumbnailUrl\":\"https:\\\/\\\/graphimarket.com\\\/wp-content\\\/uploads\\\/2021\\\/03\\\/oil-paint-action-1-.jpg\",\"datePublished\":\"2021-03-15T15:15:33+00:00\",\"dateModified\":\"2022-12-19T07:48:18+00:00\",\"description\":\"Oil Paint Cartoonizer. Stunning Photoshop ActionDo you want to turn your photo into a stunning effect?.......\",\"breadcrumb\":{\"@id\":\"https:\\\/\\\/graphimarket.com\\\/fr\\\/product\\\/oil-paint-cartoonizer\\\/#breadcrumb\"},\"inLanguage\":\"pt-PT\",\"potentialAction\":[{\"@type\":\"ReadAction\",\"target\":[\"https:\\\/\\\/graphimarket.com\\\/fr\\\/product\\\/oil-paint-cartoonizer\\\/\"]}]},{\"@type\":\"ImageObject\",\"inLanguage\":\"pt-PT\",\"@id\":\"https:\\\/\\\/graphimarket.com\\\/fr\\\/product\\\/oil-paint-cartoonizer\\\/#primaryimage\",\"url\":\"https:\\\/\\\/graphimarket.com\\\/wp-content\\\/uploads\\\/2021\\\/03\\\/oil-paint-action-1-.jpg\",\"contentUrl\":\"https:\\\/\\\/graphimarket.com\\\/wp-content\\\/uploads\\\/2021\\\/03\\\/oil-paint-action-1-.jpg\",\"width\":1160,\"height\":774},{\"@type\":\"BreadcrumbList\",\"@id\":\"https:\\\/\\\/graphimarket.com\\\/fr\\\/product\\\/oil-paint-cartoonizer\\\/#breadcrumb\",\"itemListElement\":[{\"@type\":\"ListItem\",\"position\":1,\"name\":\"Home\",\"item\":\"https:\\\/\\\/graphimarket.com\\\/es\\\/\"},{\"@type\":\"ListItem\",\"position\":2,\"name\":\"Store\",\"item\":\"https:\\\/\\\/graphimarket.com\\\/store\\\/\"},{\"@type\":\"ListItem\",\"position\":3,\"name\":\"Oil Paint Cartoonizer\"}]},{\"@type\":\"WebSite\",\"@id\":\"https:\\\/\\\/graphimarket.com\\\/fr\\\/#website\",\"url\":\"https:\\\/\\\/graphimarket.com\\\/fr\\\/\",\"name\":\"Graphimarket\",\"description\":\"Find the perfect creative asset to bring your project to life\",\"publisher\":{\"@id\":\"https:\\\/\\\/graphimarket.com\\\/fr\\\/#organization\"},\"potentialAction\":[{\"@type\":\"SearchAction\",\"target\":{\"@type\":\"EntryPoint\",\"urlTemplate\":\"https:\\\/\\\/graphimarket.com\\\/fr\\\/?s={search_term_string}\"},\"query-input\":{\"@type\":\"PropertyValueSpecification\",\"valueRequired\":true,\"valueName\":\"search_term_string\"}}],\"inLanguage\":\"pt-PT\"},{\"@type\":\"Organization\",\"@id\":\"https:\\\/\\\/graphimarket.com\\\/fr\\\/#organization\",\"name\":\"Graphimarket\",\"url\":\"https:\\\/\\\/graphimarket.com\\\/fr\\\/\",\"logo\":{\"@type\":\"ImageObject\",\"inLanguage\":\"pt-PT\",\"@id\":\"https:\\\/\\\/graphimarket.com\\\/fr\\\/#\\\/schema\\\/logo\\\/image\\\/\",\"url\":\"https:\\\/\\\/graphimarket.com\\\/wp-content\\\/uploads\\\/2020\\\/08\\\/logo-48.png\",\"contentUrl\":\"https:\\\/\\\/graphimarket.com\\\/wp-content\\\/uploads\\\/2020\\\/08\\\/logo-48.png\",\"width\":132,\"height\":48,\"caption\":\"Graphimarket\"},\"image\":{\"@id\":\"https:\\\/\\\/graphimarket.com\\\/fr\\\/#\\\/schema\\\/logo\\\/image\\\/\"}}]}<\/script>\n<!-- \/ Yoast SEO plugin. -->","yoast_head_json":{"title":"Cartunizador de pintura a \u00f3leo - Graphimarket","description":"Cartoonizer de pintura a \u00f3leo. A\u00e7\u00e3o impressionante no Photoshop. Quer transformar sua foto em um efeito impressionante? .......","robots":{"index":"index","follow":"follow","max-snippet":"max-snippet:-1","max-image-preview":"max-image-preview:large","max-video-preview":"max-video-preview:-1"},"canonical":"https:\/\/graphimarket.com\/pt\/product\/oil-paint-cartoonizer\/","og_locale":"pt_PT","og_type":"article","og_title":"Oil Paint Cartoonizer - Graphimarket","og_description":"Oil Paint Cartoonizer. Stunning Photoshop ActionDo you want to turn your photo into a stunning effect?.......","og_url":"https:\/\/graphimarket.com\/pt\/product\/oil-paint-cartoonizer\/","og_site_name":"Graphimarket","article_modified_time":"2022-12-19T07:48:18+00:00","og_image":[{"width":1160,"height":774,"url":"https:\/\/graphimarket.com\/wp-content\/uploads\/2021\/03\/oil-paint-action-1-.jpg","type":"image\/jpeg"}],"twitter_card":"summary_large_image","schema":{"@context":"https:\/\/schema.org","@graph":[{"@type":"WebPage","@id":"https:\/\/graphimarket.com\/fr\/product\/oil-paint-cartoonizer\/","url":"https:\/\/graphimarket.com\/fr\/product\/oil-paint-cartoonizer\/","name":"Cartunizador de pintura a \u00f3leo - Graphimarket","isPartOf":{"@id":"https:\/\/graphimarket.com\/fr\/#website"},"primaryImageOfPage":{"@id":"https:\/\/graphimarket.com\/fr\/product\/oil-paint-cartoonizer\/#primaryimage"},"image":{"@id":"https:\/\/graphimarket.com\/fr\/product\/oil-paint-cartoonizer\/#primaryimage"},"thumbnailUrl":"https:\/\/graphimarket.com\/wp-content\/uploads\/2021\/03\/oil-paint-action-1-.jpg","datePublished":"2021-03-15T15:15:33+00:00","dateModified":"2022-12-19T07:48:18+00:00","description":"Cartoonizer de pintura a \u00f3leo. A\u00e7\u00e3o impressionante no Photoshop. Quer transformar sua foto em um efeito impressionante? .......","breadcrumb":{"@id":"https:\/\/graphimarket.com\/fr\/product\/oil-paint-cartoonizer\/#breadcrumb"},"inLanguage":"pt-PT","potentialAction":[{"@type":"ReadAction","target":["https:\/\/graphimarket.com\/fr\/product\/oil-paint-cartoonizer\/"]}]},{"@type":"ImageObject","inLanguage":"pt-PT","@id":"https:\/\/graphimarket.com\/fr\/product\/oil-paint-cartoonizer\/#primaryimage","url":"https:\/\/graphimarket.com\/wp-content\/uploads\/2021\/03\/oil-paint-action-1-.jpg","contentUrl":"https:\/\/graphimarket.com\/wp-content\/uploads\/2021\/03\/oil-paint-action-1-.jpg","width":1160,"height":774},{"@type":"BreadcrumbList","@id":"https:\/\/graphimarket.com\/fr\/product\/oil-paint-cartoonizer\/#breadcrumb","itemListElement":[{"@type":"ListItem","position":1,"name":"Home","item":"https:\/\/graphimarket.com\/es\/"},{"@type":"ListItem","position":2,"name":"Store","item":"https:\/\/graphimarket.com\/store\/"},{"@type":"ListItem","position":3,"name":"Oil Paint Cartoonizer"}]},{"@type":"WebSite","@id":"https:\/\/graphimarket.com\/fr\/#website","url":"https:\/\/graphimarket.com\/fr\/","name":"Graphimarket","description":"Encontre o ativo criativo perfeito para dar vida ao seu projeto","publisher":{"@id":"https:\/\/graphimarket.com\/fr\/#organization"},"potentialAction":[{"@type":"SearchAction","target":{"@type":"EntryPoint","urlTemplate":"https:\/\/graphimarket.com\/fr\/?s={search_term_string}"},"query-input":{"@type":"PropertyValueSpecification","valueRequired":true,"valueName":"search_term_string"}}],"inLanguage":"pt-PT"},{"@type":"Organization","@id":"https:\/\/graphimarket.com\/fr\/#organization","name":"Graphimarket","url":"https:\/\/graphimarket.com\/fr\/","logo":{"@type":"ImageObject","inLanguage":"pt-PT","@id":"https:\/\/graphimarket.com\/fr\/#\/schema\/logo\/image\/","url":"https:\/\/graphimarket.com\/wp-content\/uploads\/2020\/08\/logo-48.png","contentUrl":"https:\/\/graphimarket.com\/wp-content\/uploads\/2020\/08\/logo-48.png","width":132,"height":48,"caption":"Graphimarket"},"image":{"@id":"https:\/\/graphimarket.com\/fr\/#\/schema\/logo\/image\/"}}]}},"_links":{"self":[{"href":"https:\/\/graphimarket.com\/pt\/wp-json\/wp\/v2\/product\/16394","targetHints":{"allow":["GET"]}}],"collection":[{"href":"https:\/\/graphimarket.com\/pt\/wp-json\/wp\/v2\/product"}],"about":[{"href":"https:\/\/graphimarket.com\/pt\/wp-json\/wp\/v2\/types\/product"}],"replies":[{"embeddable":true,"href":"https:\/\/graphimarket.com\/pt\/wp-json\/wp\/v2\/comments?post=16394"}],"version-history":[{"count":0,"href":"https:\/\/graphimarket.com\/pt\/wp-json\/wp\/v2\/product\/16394\/revisions"}],"wp:featuredmedia":[{"embeddable":true,"href":"https:\/\/graphimarket.com\/pt\/wp-json\/wp\/v2\/media\/16400"}],"wp:attachment":[{"href":"https:\/\/graphimarket.com\/pt\/wp-json\/wp\/v2\/media?parent=16394"}],"wp:term":[{"taxonomy":"product_brand","embeddable":true,"href":"https:\/\/graphimarket.com\/pt\/wp-json\/wp\/v2\/product_brand?post=16394"},{"taxonomy":"product_cat","embeddable":true,"href":"https:\/\/graphimarket.com\/pt\/wp-json\/wp\/v2\/product_cat?post=16394"},{"taxonomy":"product_tag","embeddable":true,"href":"https:\/\/graphimarket.com\/pt\/wp-json\/wp\/v2\/product_tag?post=16394"}],"curies":[{"name":"wp","href":"https:\/\/api.w.org\/{rel}","templated":true}]}}