{"id":16445,"date":"2021-03-15T17:56:24","date_gmt":"2021-03-15T16:56:24","guid":{"rendered":"https:\/\/graphimarket.com\/?post_type=product&#038;p=16445"},"modified":"2026-04-08T22:45:17","modified_gmt":"2026-04-08T20:45:17","slug":"dispersion-2-photoshop-action","status":"publish","type":"product","link":"https:\/\/graphimarket.com\/pt\/product\/dispersion-2-photoshop-action\/","title":{"rendered":"Dispers\u00e3o 2 Photoshop Action"},"content":{"rendered":"<p class=\"t-heading -color-inherit -size-l h-m0 is-hidden-phone\"><strong>Dispers\u00e3o 2 Photoshop Action<\/strong><\/p>\n<p>Create advanced looking dispersion effects in no time at all. You can choose from UP, DOWN, LEFT, RIGHT or MIDDLE directions. You simply open a photo, create a new layer called \u2018<em>brush<\/em>\u2019, brush where you want to apply the effect and click play! It really is that simple.<\/p>\n<p>The action has been tested and working on Photoshop (English version)\u00a0<strong>CS5,CS6,CC,CC 2015.5, CC 2017, CC 2018, CC 2019+<\/strong>.<\/p>\n<p><strong>Importante saber<\/strong><\/p>\n<ul>\n<li>Certifique-se de usar o\u00a0<a href=\"https:\/\/graphimarket.com\/pt\/2021\/01\/12\/change-the-language-of-your-creative-cloud-apps\/\" target=\"_blank\" rel=\"noopener\">Vers\u00e3o em ingl\u00eas do Photoshop<\/a>\u00a0para executar a a\u00e7\u00e3o. Todas as a\u00e7\u00f5es do Sevenstyles s\u00f3 funcionar\u00e3o na vers\u00e3o em ingl\u00eas do Photoshop.<\/li>\n<\/ul>\n<ul>\n<li>Verifique se voc\u00ea est\u00e1 usando uma vers\u00e3o do Photoshop compat\u00edvel com o Action.<\/li>\n<\/ul>\n<ul>\n<li>Use fotos de alta resolu\u00e7\u00e3o com o Action para obter os melhores resultados e evitar erros. Uma resolu\u00e7\u00e3o de foto ideal \u00e9 entre 2000px - 4500px.<\/li>\n<\/ul>\n<ul>\n<li>Com Adobe Creative Cloud, voc\u00ea pode instalar\u00a0<a href=\"https:\/\/graphimarket.com\/pt\/2021\/01\/12\/how-to-install-previous-versions-of-your-creative-cloud-apps\/\" target=\"_blank\" rel=\"noopener\">v\u00e1rias vers\u00f5es do Photoshop<\/a>. Se voc\u00ea gosta desta a\u00e7\u00e3o, mas n\u00e3o \u00e9 compat\u00edvel com sua vers\u00e3o do Photoshop, voc\u00ea sempre pode instalar uma vers\u00e3o adicional do Photoshop para executar a a\u00e7\u00e3o. Depois que um Action foi testado e est\u00e1 funcionando em uma vers\u00e3o do Photoshop, ele funcionar\u00e1 para sempre.<\/li>\n<\/ul>\n<ul>\n<li>Use imagens Jpeg para executar a a\u00e7\u00e3o. Outros tipos de arquivo, como TIFF, BMP, PNG, PSD, podem causar problemas com A\u00e7\u00f5es, pois o Photoshop desativa v\u00e1rios recursos para diferentes tipos de arquivo.<\/li>\n<\/ul>\n<ul>\n<li>Se uma a\u00e7\u00e3o do Sevenstyles incluir um arquivo de pincel (.abr), padr\u00e3o (.pat) ou formas (.csh) no download, ela deve ser carregada no Photoshop antes de executar a a\u00e7\u00e3o.<\/li>\n<\/ul>\n<ul>\n<li>Evite usar a a\u00e7\u00e3o em logotipos ou imagens de estilo de clip-art, pois a falta de detalhes e contraste de cores pode levar a erros.<\/li>\n<\/ul>\n<p><img fetchpriority=\"high\" decoding=\"async\" class=\"alignnone size-full wp-image-16446\" src=\"https:\/\/graphimarket.com\/wp-content\/uploads\/2021\/03\/12d.jpg\" alt=\"\" width=\"677\" height=\"1195\" srcset=\"https:\/\/graphimarket.com\/wp-content\/uploads\/2021\/03\/12d.jpg 677w, https:\/\/graphimarket.com\/wp-content\/uploads\/2021\/03\/12d-170x300.jpg 170w, https:\/\/graphimarket.com\/wp-content\/uploads\/2021\/03\/12d-580x1024.jpg 580w, https:\/\/graphimarket.com\/wp-content\/uploads\/2021\/03\/12d-7x12.jpg 7w, https:\/\/graphimarket.com\/wp-content\/uploads\/2021\/03\/12d-600x1059.jpg 600w\" sizes=\"(max-width: 677px) 100vw, 677px\" \/> <img decoding=\"async\" class=\"alignnone size-full wp-image-16447\" src=\"https:\/\/graphimarket.com\/wp-content\/uploads\/2021\/03\/13d-1.jpg\" alt=\"\" width=\"1153\" height=\"1730\" srcset=\"https:\/\/graphimarket.com\/wp-content\/uploads\/2021\/03\/13d-1.jpg 1153w, https:\/\/graphimarket.com\/wp-content\/uploads\/2021\/03\/13d-1-200x300.jpg 200w, https:\/\/graphimarket.com\/wp-content\/uploads\/2021\/03\/13d-1-682x1024.jpg 682w, https:\/\/graphimarket.com\/wp-content\/uploads\/2021\/03\/13d-1-768x1152.jpg 768w, https:\/\/graphimarket.com\/wp-content\/uploads\/2021\/03\/13d-1-1024x1536.jpg 1024w, https:\/\/graphimarket.com\/wp-content\/uploads\/2021\/03\/13d-1-8x12.jpg 8w, https:\/\/graphimarket.com\/wp-content\/uploads\/2021\/03\/13d-1-600x900.jpg 600w\" sizes=\"(max-width: 1153px) 100vw, 1153px\" \/> <img decoding=\"async\" class=\"alignnone size-full wp-image-16448\" src=\"https:\/\/graphimarket.com\/wp-content\/uploads\/2021\/03\/14d-1.jpg\" alt=\"\" width=\"772\" height=\"1035\" srcset=\"https:\/\/graphimarket.com\/wp-content\/uploads\/2021\/03\/14d-1.jpg 772w, https:\/\/graphimarket.com\/wp-content\/uploads\/2021\/03\/14d-1-224x300.jpg 224w, https:\/\/graphimarket.com\/wp-content\/uploads\/2021\/03\/14d-1-764x1024.jpg 764w, https:\/\/graphimarket.com\/wp-content\/uploads\/2021\/03\/14d-1-768x1030.jpg 768w, https:\/\/graphimarket.com\/wp-content\/uploads\/2021\/03\/14d-1-9x12.jpg 9w, https:\/\/graphimarket.com\/wp-content\/uploads\/2021\/03\/14d-1-600x804.jpg 600w\" sizes=\"(max-width: 772px) 100vw, 772px\" \/> <img loading=\"lazy\" decoding=\"async\" class=\"alignnone size-full wp-image-16449\" src=\"https:\/\/graphimarket.com\/wp-content\/uploads\/2021\/03\/15d-1.jpg\" alt=\"\" width=\"954\" height=\"936\" srcset=\"https:\/\/graphimarket.com\/wp-content\/uploads\/2021\/03\/15d-1.jpg 954w, https:\/\/graphimarket.com\/wp-content\/uploads\/2021\/03\/15d-1-300x294.jpg 300w, https:\/\/graphimarket.com\/wp-content\/uploads\/2021\/03\/15d-1-768x754.jpg 768w, https:\/\/graphimarket.com\/wp-content\/uploads\/2021\/03\/15d-1-12x12.jpg 12w, https:\/\/graphimarket.com\/wp-content\/uploads\/2021\/03\/15d-1-600x589.jpg 600w\" sizes=\"(max-width: 954px) 100vw, 954px\" \/> <img loading=\"lazy\" decoding=\"async\" class=\"alignnone size-full wp-image-16450\" src=\"https:\/\/graphimarket.com\/wp-content\/uploads\/2021\/03\/16d-1.jpg\" alt=\"\" width=\"1480\" height=\"1380\" srcset=\"https:\/\/graphimarket.com\/wp-content\/uploads\/2021\/03\/16d-1.jpg 1480w, https:\/\/graphimarket.com\/wp-content\/uploads\/2021\/03\/16d-1-300x280.jpg 300w, https:\/\/graphimarket.com\/wp-content\/uploads\/2021\/03\/16d-1-1024x955.jpg 1024w, https:\/\/graphimarket.com\/wp-content\/uploads\/2021\/03\/16d-1-768x716.jpg 768w, https:\/\/graphimarket.com\/wp-content\/uploads\/2021\/03\/16d-1-13x12.jpg 13w, https:\/\/graphimarket.com\/wp-content\/uploads\/2021\/03\/16d-1-1320x1231.jpg 1320w, https:\/\/graphimarket.com\/wp-content\/uploads\/2021\/03\/16d-1-600x559.jpg 600w\" sizes=\"(max-width: 1480px) 100vw, 1480px\" \/> <img loading=\"lazy\" decoding=\"async\" class=\"alignnone size-full wp-image-16451\" src=\"https:\/\/graphimarket.com\/wp-content\/uploads\/2021\/03\/17d-1.jpg\" alt=\"\" width=\"879\" height=\"1324\" srcset=\"https:\/\/graphimarket.com\/wp-content\/uploads\/2021\/03\/17d-1.jpg 879w, https:\/\/graphimarket.com\/wp-content\/uploads\/2021\/03\/17d-1-199x300.jpg 199w, https:\/\/graphimarket.com\/wp-content\/uploads\/2021\/03\/17d-1-680x1024.jpg 680w, https:\/\/graphimarket.com\/wp-content\/uploads\/2021\/03\/17d-1-768x1157.jpg 768w, https:\/\/graphimarket.com\/wp-content\/uploads\/2021\/03\/17d-1-8x12.jpg 8w, https:\/\/graphimarket.com\/wp-content\/uploads\/2021\/03\/17d-1-600x904.jpg 600w\" sizes=\"(max-width: 879px) 100vw, 879px\" \/> <img loading=\"lazy\" decoding=\"async\" class=\"alignnone size-full wp-image-16452\" src=\"https:\/\/graphimarket.com\/wp-content\/uploads\/2021\/03\/18d.jpg\" alt=\"\" width=\"1455\" height=\"1380\" srcset=\"https:\/\/graphimarket.com\/wp-content\/uploads\/2021\/03\/18d.jpg 1455w, https:\/\/graphimarket.com\/wp-content\/uploads\/2021\/03\/18d-300x285.jpg 300w, https:\/\/graphimarket.com\/wp-content\/uploads\/2021\/03\/18d-1024x971.jpg 1024w, https:\/\/graphimarket.com\/wp-content\/uploads\/2021\/03\/18d-768x728.jpg 768w, https:\/\/graphimarket.com\/wp-content\/uploads\/2021\/03\/18d-13x12.jpg 13w, https:\/\/graphimarket.com\/wp-content\/uploads\/2021\/03\/18d-1320x1252.jpg 1320w, https:\/\/graphimarket.com\/wp-content\/uploads\/2021\/03\/18d-600x569.jpg 600w\" sizes=\"(max-width: 1455px) 100vw, 1455px\" \/> <img loading=\"lazy\" decoding=\"async\" class=\"alignnone size-full wp-image-16453\" src=\"https:\/\/graphimarket.com\/wp-content\/uploads\/2021\/03\/19a.jpg\" alt=\"\" width=\"1380\" height=\"1039\" srcset=\"https:\/\/graphimarket.com\/wp-content\/uploads\/2021\/03\/19a.jpg 1380w, https:\/\/graphimarket.com\/wp-content\/uploads\/2021\/03\/19a-300x225.jpg 300w, https:\/\/graphimarket.com\/wp-content\/uploads\/2021\/03\/19a-1024x771.jpg 1024w, https:\/\/graphimarket.com\/wp-content\/uploads\/2021\/03\/19a-768x578.jpg 768w, https:\/\/graphimarket.com\/wp-content\/uploads\/2021\/03\/19a-16x12.jpg 16w, https:\/\/graphimarket.com\/wp-content\/uploads\/2021\/03\/19a-1320x994.jpg 1320w, https:\/\/graphimarket.com\/wp-content\/uploads\/2021\/03\/19a-600x452.jpg 600w\" sizes=\"(max-width: 1380px) 100vw, 1380px\" \/> <img loading=\"lazy\" decoding=\"async\" class=\"alignnone size-full wp-image-16454\" src=\"https:\/\/graphimarket.com\/wp-content\/uploads\/2021\/03\/20d.jpg\" alt=\"\" width=\"1965\" height=\"1310\" srcset=\"https:\/\/graphimarket.com\/wp-content\/uploads\/2021\/03\/20d.jpg 1965w, https:\/\/graphimarket.com\/wp-content\/uploads\/2021\/03\/20d-300x200.jpg 300w, https:\/\/graphimarket.com\/wp-content\/uploads\/2021\/03\/20d-1024x683.jpg 1024w, https:\/\/graphimarket.com\/wp-content\/uploads\/2021\/03\/20d-768x512.jpg 768w, https:\/\/graphimarket.com\/wp-content\/uploads\/2021\/03\/20d-1536x1024.jpg 1536w, https:\/\/graphimarket.com\/wp-content\/uploads\/2021\/03\/20d-16x12.jpg 16w, https:\/\/graphimarket.com\/wp-content\/uploads\/2021\/03\/20d-1320x880.jpg 1320w, https:\/\/graphimarket.com\/wp-content\/uploads\/2021\/03\/20d-600x400.jpg 600w\" sizes=\"(max-width: 1965px) 100vw, 1965px\" \/> <img loading=\"lazy\" decoding=\"async\" class=\"alignnone size-full wp-image-16455\" src=\"https:\/\/graphimarket.com\/wp-content\/uploads\/2021\/03\/21d.jpg\" alt=\"\" width=\"1725\" height=\"1150\" srcset=\"https:\/\/graphimarket.com\/wp-content\/uploads\/2021\/03\/21d.jpg 1725w, https:\/\/graphimarket.com\/wp-content\/uploads\/2021\/03\/21d-300x200.jpg 300w, https:\/\/graphimarket.com\/wp-content\/uploads\/2021\/03\/21d-1024x683.jpg 1024w, https:\/\/graphimarket.com\/wp-content\/uploads\/2021\/03\/21d-768x512.jpg 768w, https:\/\/graphimarket.com\/wp-content\/uploads\/2021\/03\/21d-1536x1024.jpg 1536w, https:\/\/graphimarket.com\/wp-content\/uploads\/2021\/03\/21d-16x12.jpg 16w, https:\/\/graphimarket.com\/wp-content\/uploads\/2021\/03\/21d-1320x880.jpg 1320w, https:\/\/graphimarket.com\/wp-content\/uploads\/2021\/03\/21d-600x400.jpg 600w\" sizes=\"(max-width: 1725px) 100vw, 1725px\" \/> <img loading=\"lazy\" decoding=\"async\" class=\"alignnone size-full wp-image-16456\" src=\"https:\/\/graphimarket.com\/wp-content\/uploads\/2021\/03\/1a.jpg\" alt=\"\" width=\"1553\" height=\"794\" srcset=\"https:\/\/graphimarket.com\/wp-content\/uploads\/2021\/03\/1a.jpg 1553w, https:\/\/graphimarket.com\/wp-content\/uploads\/2021\/03\/1a-300x153.jpg 300w, https:\/\/graphimarket.com\/wp-content\/uploads\/2021\/03\/1a-1024x524.jpg 1024w, https:\/\/graphimarket.com\/wp-content\/uploads\/2021\/03\/1a-768x393.jpg 768w, https:\/\/graphimarket.com\/wp-content\/uploads\/2021\/03\/1a-1536x785.jpg 1536w, https:\/\/graphimarket.com\/wp-content\/uploads\/2021\/03\/1a-16x8.jpg 16w, https:\/\/graphimarket.com\/wp-content\/uploads\/2021\/03\/1a-1320x675.jpg 1320w, https:\/\/graphimarket.com\/wp-content\/uploads\/2021\/03\/1a-600x307.jpg 600w\" sizes=\"(max-width: 1553px) 100vw, 1553px\" \/> <img loading=\"lazy\" decoding=\"async\" class=\"alignnone size-full wp-image-16457\" src=\"https:\/\/graphimarket.com\/wp-content\/uploads\/2021\/03\/10d-1.jpg\" alt=\"\" width=\"1153\" height=\"1451\" srcset=\"https:\/\/graphimarket.com\/wp-content\/uploads\/2021\/03\/10d-1.jpg 1153w, https:\/\/graphimarket.com\/wp-content\/uploads\/2021\/03\/10d-1-238x300.jpg 238w, https:\/\/graphimarket.com\/wp-content\/uploads\/2021\/03\/10d-1-814x1024.jpg 814w, https:\/\/graphimarket.com\/wp-content\/uploads\/2021\/03\/10d-1-768x966.jpg 768w, https:\/\/graphimarket.com\/wp-content\/uploads\/2021\/03\/10d-1-10x12.jpg 10w, https:\/\/graphimarket.com\/wp-content\/uploads\/2021\/03\/10d-1-600x755.jpg 600w\" sizes=\"(max-width: 1153px) 100vw, 1153px\" \/> <img loading=\"lazy\" decoding=\"async\" class=\"alignnone size-full wp-image-16458\" src=\"https:\/\/graphimarket.com\/wp-content\/uploads\/2021\/03\/11b.jpg\" alt=\"\" width=\"1153\" height=\"1730\" srcset=\"https:\/\/graphimarket.com\/wp-content\/uploads\/2021\/03\/11b.jpg 1153w, https:\/\/graphimarket.com\/wp-content\/uploads\/2021\/03\/11b-200x300.jpg 200w, https:\/\/graphimarket.com\/wp-content\/uploads\/2021\/03\/11b-682x1024.jpg 682w, https:\/\/graphimarket.com\/wp-content\/uploads\/2021\/03\/11b-768x1152.jpg 768w, https:\/\/graphimarket.com\/wp-content\/uploads\/2021\/03\/11b-1024x1536.jpg 1024w, https:\/\/graphimarket.com\/wp-content\/uploads\/2021\/03\/11b-8x12.jpg 8w, https:\/\/graphimarket.com\/wp-content\/uploads\/2021\/03\/11b-600x900.jpg 600w\" sizes=\"(max-width: 1153px) 100vw, 1153px\" \/><\/p>","protected":false},"excerpt":{"rendered":"<p>Dispersion 2 Photoshop Action Create advanced looking dispersion effects in no time at all. You can choose from UP, DOWN, LEFT, RIGHT or MIDDLE directions. You simply open a photo, create a new layer called \u2018brush\u2019, brush where you want to apply the effect and click play! It really is that simple. The action has [&hellip;]<\/p>\n","protected":false},"featured_media":16449,"comment_status":"open","ping_status":"closed","template":"","meta":{"site-sidebar-layout":"default","site-content-layout":"default","ast-site-content-layout":"default","site-content-style":"default","site-sidebar-style":"default","ast-global-header-display":"","ast-banner-title-visibility":"","ast-main-header-display":"","ast-hfb-above-header-display":"","ast-hfb-below-header-display":"","ast-hfb-mobile-header-display":"","site-post-title":"","ast-breadcrumbs-content":"","ast-featured-img":"","footer-sml-layout":"","ast-disable-related-posts":"","theme-transparent-header-meta":"default","adv-header-id-meta":"","stick-header-meta":"","header-above-stick-meta":"","header-main-stick-meta":"","header-below-stick-meta":"","astra-migrate-meta-layouts":"default","ast-page-background-enabled":"default","ast-page-background-meta":{"desktop":{"background-color":"","background-image":"","background-repeat":"repeat","background-position":"center center","background-size":"auto","background-attachment":"scroll","background-type":"","background-media":"","overlay-type":"","overlay-color":"","overlay-opacity":"","overlay-gradient":""},"tablet":{"background-color":"","background-image":"","background-repeat":"repeat","background-position":"center center","background-size":"auto","background-attachment":"scroll","background-type":"","background-media":"","overlay-type":"","overlay-color":"","overlay-opacity":"","overlay-gradient":""},"mobile":{"background-color":"","background-image":"","background-repeat":"repeat","background-position":"center center","background-size":"auto","background-attachment":"scroll","background-type":"","background-media":"","overlay-type":"","overlay-color":"","overlay-opacity":"","overlay-gradient":""}},"ast-content-background-meta":{"desktop":{"background-color":"var(--ast-global-color-5)","background-image":"","background-repeat":"repeat","background-position":"center center","background-size":"auto","background-attachment":"scroll","background-type":"","background-media":"","overlay-type":"","overlay-color":"","overlay-opacity":"","overlay-gradient":""},"tablet":{"background-color":"var(--ast-global-color-5)","background-image":"","background-repeat":"repeat","background-position":"center center","background-size":"auto","background-attachment":"scroll","background-type":"","background-media":"","overlay-type":"","overlay-color":"","overlay-opacity":"","overlay-gradient":""},"mobile":{"background-color":"var(--ast-global-color-5)","background-image":"","background-repeat":"repeat","background-position":"center center","background-size":"auto","background-attachment":"scroll","background-type":"","background-media":"","overlay-type":"","overlay-color":"","overlay-opacity":"","overlay-gradient":""}}},"product_brand":[],"product_cat":[196,15,144,145,195,146],"product_tag":[292,1386,531,1936,1937,252,62],"class_list":{"0":"post-16445","1":"product","2":"type-product","3":"status-publish","4":"has-post-thumbnail","6":"product_cat-actions","7":"product_cat-photo","8":"product_cat-photo-editor","9":"product_cat-photography","10":"product_cat-photoshop","11":"product_cat-photoshop-action","12":"product_tag-action","13":"product_tag-adobe","14":"product_tag-cc","15":"product_tag-cs","16":"product_tag-dimension-2","17":"product_tag-photography","18":"product_tag-photoshop","19":"desktop-align-left","20":"tablet-align-left","21":"mobile-align-left","23":"first","24":"instock","25":"sale","26":"downloadable","27":"virtual","28":"taxable","29":"purchasable","30":"product-type-simple"},"yoast_head":"<!-- This site is optimized with the Yoast SEO plugin v27.3 - https:\/\/yoast.com\/product\/yoast-seo-wordpress\/ -->\n<title>Dispersion 2 Photoshop Action - Graphimarket<\/title>\n<meta name=\"description\" content=\"Dispersion 2 Photoshop ActionCreate advanced looking dispersion effects in no time at all. You can choose from...\" \/>\n<meta name=\"robots\" content=\"index, follow, max-snippet:-1, max-image-preview:large, max-video-preview:-1\" \/>\n<link rel=\"canonical\" href=\"https:\/\/graphimarket.com\/pt\/product\/dispersion-2-photoshop-action\/\" \/>\n<meta property=\"og:locale\" content=\"pt_PT\" \/>\n<meta property=\"og:type\" content=\"article\" \/>\n<meta property=\"og:title\" content=\"Dispersion 2 Photoshop Action - Graphimarket\" \/>\n<meta property=\"og:description\" content=\"Dispersion 2 Photoshop ActionCreate advanced looking dispersion effects in no time at all. You can choose from...\" \/>\n<meta property=\"og:url\" content=\"https:\/\/graphimarket.com\/pt\/product\/dispersion-2-photoshop-action\/\" \/>\n<meta property=\"og:site_name\" content=\"Graphimarket\" \/>\n<meta property=\"article:modified_time\" content=\"2026-04-08T20:45:17+00:00\" \/>\n<meta property=\"og:image\" content=\"https:\/\/graphimarket.com\/wp-content\/uploads\/2021\/03\/15d-1.jpg\" \/>\n\t<meta property=\"og:image:width\" content=\"954\" \/>\n\t<meta property=\"og:image:height\" content=\"936\" \/>\n\t<meta property=\"og:image:type\" content=\"image\/jpeg\" \/>\n<meta name=\"twitter:card\" content=\"summary_large_image\" \/>\n<meta name=\"twitter:label1\" content=\"Est. reading time\" \/>\n\t<meta name=\"twitter:data1\" content=\"1 minute\" \/>\n<script type=\"application\/ld+json\" class=\"yoast-schema-graph\">{\"@context\":\"https:\\\/\\\/schema.org\",\"@graph\":[{\"@type\":\"WebPage\",\"@id\":\"https:\\\/\\\/graphimarket.com\\\/en\\\/product\\\/dispersion-2-photoshop-action\\\/\",\"url\":\"https:\\\/\\\/graphimarket.com\\\/en\\\/product\\\/dispersion-2-photoshop-action\\\/\",\"name\":\"Dispersion 2 Photoshop Action - Graphimarket\",\"isPartOf\":{\"@id\":\"https:\\\/\\\/graphimarket.com\\\/fr\\\/#website\"},\"primaryImageOfPage\":{\"@id\":\"https:\\\/\\\/graphimarket.com\\\/en\\\/product\\\/dispersion-2-photoshop-action\\\/#primaryimage\"},\"image\":{\"@id\":\"https:\\\/\\\/graphimarket.com\\\/en\\\/product\\\/dispersion-2-photoshop-action\\\/#primaryimage\"},\"thumbnailUrl\":\"https:\\\/\\\/graphimarket.com\\\/wp-content\\\/uploads\\\/2021\\\/03\\\/15d-1.jpg\",\"datePublished\":\"2021-03-15T16:56:24+00:00\",\"dateModified\":\"2026-04-08T20:45:17+00:00\",\"description\":\"Dispersion 2 Photoshop ActionCreate advanced looking dispersion effects in no time at all. You can choose from...\",\"breadcrumb\":{\"@id\":\"https:\\\/\\\/graphimarket.com\\\/en\\\/product\\\/dispersion-2-photoshop-action\\\/#breadcrumb\"},\"inLanguage\":\"pt-PT\",\"potentialAction\":[{\"@type\":\"ReadAction\",\"target\":[\"https:\\\/\\\/graphimarket.com\\\/en\\\/product\\\/dispersion-2-photoshop-action\\\/\"]}]},{\"@type\":\"ImageObject\",\"inLanguage\":\"pt-PT\",\"@id\":\"https:\\\/\\\/graphimarket.com\\\/en\\\/product\\\/dispersion-2-photoshop-action\\\/#primaryimage\",\"url\":\"https:\\\/\\\/graphimarket.com\\\/wp-content\\\/uploads\\\/2021\\\/03\\\/15d-1.jpg\",\"contentUrl\":\"https:\\\/\\\/graphimarket.com\\\/wp-content\\\/uploads\\\/2021\\\/03\\\/15d-1.jpg\",\"width\":954,\"height\":936},{\"@type\":\"BreadcrumbList\",\"@id\":\"https:\\\/\\\/graphimarket.com\\\/en\\\/product\\\/dispersion-2-photoshop-action\\\/#breadcrumb\",\"itemListElement\":[{\"@type\":\"ListItem\",\"position\":1,\"name\":\"Home\",\"item\":\"https:\\\/\\\/graphimarket.com\\\/es\\\/\"},{\"@type\":\"ListItem\",\"position\":2,\"name\":\"Store\",\"item\":\"https:\\\/\\\/graphimarket.com\\\/store\\\/\"},{\"@type\":\"ListItem\",\"position\":3,\"name\":\"Dispersion 2 Photoshop Action\"}]},{\"@type\":\"WebSite\",\"@id\":\"https:\\\/\\\/graphimarket.com\\\/fr\\\/#website\",\"url\":\"https:\\\/\\\/graphimarket.com\\\/fr\\\/\",\"name\":\"Graphimarket\",\"description\":\"Find the perfect creative asset to bring your project to life\",\"publisher\":{\"@id\":\"https:\\\/\\\/graphimarket.com\\\/fr\\\/#organization\"},\"potentialAction\":[{\"@type\":\"SearchAction\",\"target\":{\"@type\":\"EntryPoint\",\"urlTemplate\":\"https:\\\/\\\/graphimarket.com\\\/fr\\\/?s={search_term_string}\"},\"query-input\":{\"@type\":\"PropertyValueSpecification\",\"valueRequired\":true,\"valueName\":\"search_term_string\"}}],\"inLanguage\":\"pt-PT\"},{\"@type\":\"Organization\",\"@id\":\"https:\\\/\\\/graphimarket.com\\\/fr\\\/#organization\",\"name\":\"Graphimarket\",\"url\":\"https:\\\/\\\/graphimarket.com\\\/fr\\\/\",\"logo\":{\"@type\":\"ImageObject\",\"inLanguage\":\"pt-PT\",\"@id\":\"https:\\\/\\\/graphimarket.com\\\/fr\\\/#\\\/schema\\\/logo\\\/image\\\/\",\"url\":\"https:\\\/\\\/graphimarket.com\\\/wp-content\\\/uploads\\\/2020\\\/08\\\/logo-48.png\",\"contentUrl\":\"https:\\\/\\\/graphimarket.com\\\/wp-content\\\/uploads\\\/2020\\\/08\\\/logo-48.png\",\"width\":132,\"height\":48,\"caption\":\"Graphimarket\"},\"image\":{\"@id\":\"https:\\\/\\\/graphimarket.com\\\/fr\\\/#\\\/schema\\\/logo\\\/image\\\/\"}}]}<\/script>\n<!-- \/ Yoast SEO plugin. -->","yoast_head_json":{"title":"Dispersion 2 Photoshop Action - Graphimarket","description":"Dispersion 2 Photoshop ActionCreate advanced looking dispersion effects in no time at all. You can choose from...","robots":{"index":"index","follow":"follow","max-snippet":"max-snippet:-1","max-image-preview":"max-image-preview:large","max-video-preview":"max-video-preview:-1"},"canonical":"https:\/\/graphimarket.com\/pt\/product\/dispersion-2-photoshop-action\/","og_locale":"pt_PT","og_type":"article","og_title":"Dispersion 2 Photoshop Action - Graphimarket","og_description":"Dispersion 2 Photoshop ActionCreate advanced looking dispersion effects in no time at all. You can choose from...","og_url":"https:\/\/graphimarket.com\/pt\/product\/dispersion-2-photoshop-action\/","og_site_name":"Graphimarket","article_modified_time":"2026-04-08T20:45:17+00:00","og_image":[{"width":954,"height":936,"url":"https:\/\/graphimarket.com\/wp-content\/uploads\/2021\/03\/15d-1.jpg","type":"image\/jpeg"}],"twitter_card":"summary_large_image","twitter_misc":{"Est. reading time":"1 minute"},"schema":{"@context":"https:\/\/schema.org","@graph":[{"@type":"WebPage","@id":"https:\/\/graphimarket.com\/en\/product\/dispersion-2-photoshop-action\/","url":"https:\/\/graphimarket.com\/en\/product\/dispersion-2-photoshop-action\/","name":"Dispersion 2 Photoshop Action - Graphimarket","isPartOf":{"@id":"https:\/\/graphimarket.com\/fr\/#website"},"primaryImageOfPage":{"@id":"https:\/\/graphimarket.com\/en\/product\/dispersion-2-photoshop-action\/#primaryimage"},"image":{"@id":"https:\/\/graphimarket.com\/en\/product\/dispersion-2-photoshop-action\/#primaryimage"},"thumbnailUrl":"https:\/\/graphimarket.com\/wp-content\/uploads\/2021\/03\/15d-1.jpg","datePublished":"2021-03-15T16:56:24+00:00","dateModified":"2026-04-08T20:45:17+00:00","description":"Dispersion 2 Photoshop ActionCreate advanced looking dispersion effects in no time at all. You can choose from...","breadcrumb":{"@id":"https:\/\/graphimarket.com\/en\/product\/dispersion-2-photoshop-action\/#breadcrumb"},"inLanguage":"pt-PT","potentialAction":[{"@type":"ReadAction","target":["https:\/\/graphimarket.com\/en\/product\/dispersion-2-photoshop-action\/"]}]},{"@type":"ImageObject","inLanguage":"pt-PT","@id":"https:\/\/graphimarket.com\/en\/product\/dispersion-2-photoshop-action\/#primaryimage","url":"https:\/\/graphimarket.com\/wp-content\/uploads\/2021\/03\/15d-1.jpg","contentUrl":"https:\/\/graphimarket.com\/wp-content\/uploads\/2021\/03\/15d-1.jpg","width":954,"height":936},{"@type":"BreadcrumbList","@id":"https:\/\/graphimarket.com\/en\/product\/dispersion-2-photoshop-action\/#breadcrumb","itemListElement":[{"@type":"ListItem","position":1,"name":"Home","item":"https:\/\/graphimarket.com\/es\/"},{"@type":"ListItem","position":2,"name":"Store","item":"https:\/\/graphimarket.com\/store\/"},{"@type":"ListItem","position":3,"name":"Dispersion 2 Photoshop Action"}]},{"@type":"WebSite","@id":"https:\/\/graphimarket.com\/fr\/#website","url":"https:\/\/graphimarket.com\/fr\/","name":"Graphimarket","description":"Encontre o ativo criativo perfeito para dar vida ao seu projeto","publisher":{"@id":"https:\/\/graphimarket.com\/fr\/#organization"},"potentialAction":[{"@type":"SearchAction","target":{"@type":"EntryPoint","urlTemplate":"https:\/\/graphimarket.com\/fr\/?s={search_term_string}"},"query-input":{"@type":"PropertyValueSpecification","valueRequired":true,"valueName":"search_term_string"}}],"inLanguage":"pt-PT"},{"@type":"Organization","@id":"https:\/\/graphimarket.com\/fr\/#organization","name":"Graphimarket","url":"https:\/\/graphimarket.com\/fr\/","logo":{"@type":"ImageObject","inLanguage":"pt-PT","@id":"https:\/\/graphimarket.com\/fr\/#\/schema\/logo\/image\/","url":"https:\/\/graphimarket.com\/wp-content\/uploads\/2020\/08\/logo-48.png","contentUrl":"https:\/\/graphimarket.com\/wp-content\/uploads\/2020\/08\/logo-48.png","width":132,"height":48,"caption":"Graphimarket"},"image":{"@id":"https:\/\/graphimarket.com\/fr\/#\/schema\/logo\/image\/"}}]}},"_links":{"self":[{"href":"https:\/\/graphimarket.com\/pt\/wp-json\/wp\/v2\/product\/16445","targetHints":{"allow":["GET"]}}],"collection":[{"href":"https:\/\/graphimarket.com\/pt\/wp-json\/wp\/v2\/product"}],"about":[{"href":"https:\/\/graphimarket.com\/pt\/wp-json\/wp\/v2\/types\/product"}],"replies":[{"embeddable":true,"href":"https:\/\/graphimarket.com\/pt\/wp-json\/wp\/v2\/comments?post=16445"}],"version-history":[{"count":0,"href":"https:\/\/graphimarket.com\/pt\/wp-json\/wp\/v2\/product\/16445\/revisions"}],"wp:featuredmedia":[{"embeddable":true,"href":"https:\/\/graphimarket.com\/pt\/wp-json\/wp\/v2\/media\/16449"}],"wp:attachment":[{"href":"https:\/\/graphimarket.com\/pt\/wp-json\/wp\/v2\/media?parent=16445"}],"wp:term":[{"taxonomy":"product_brand","embeddable":true,"href":"https:\/\/graphimarket.com\/pt\/wp-json\/wp\/v2\/product_brand?post=16445"},{"taxonomy":"product_cat","embeddable":true,"href":"https:\/\/graphimarket.com\/pt\/wp-json\/wp\/v2\/product_cat?post=16445"},{"taxonomy":"product_tag","embeddable":true,"href":"https:\/\/graphimarket.com\/pt\/wp-json\/wp\/v2\/product_tag?post=16445"}],"curies":[{"name":"wp","href":"https:\/\/api.w.org\/{rel}","templated":true}]}}