{"id":16899,"date":"2021-04-01T15:09:15","date_gmt":"2021-04-01T13:09:15","guid":{"rendered":"https:\/\/graphimarket.com\/?post_type=product&#038;p=16899"},"modified":"2025-07-31T02:54:16","modified_gmt":"2025-07-31T00:54:16","slug":"plasma-photoshop-action","status":"publish","type":"product","link":"https:\/\/graphimarket.com\/pt\/product\/plasma-photoshop-action\/","title":{"rendered":"Plasma Photoshop Action"},"content":{"rendered":"<p id=\"item-description__plasma-photoshop-action\"><strong>Plasma Photoshop Action<\/strong><\/p>\n<p>Give your photo a modern creative edge with this action! You open a photo, brush where you want to apply the effect and click play. Does it get any easier?<\/p>\n<p>The action has been tested and working on Photoshop CS3,CS4,CS5,CS6,CC,CC 2015.5+<\/p>\n<p><strong>Importante saber<\/strong><\/p>\n<ul>\n<li>Certifique-se de usar o\u00a0<a href=\"https:\/\/graphimarket.com\/pt\/2021\/01\/12\/change-the-language-of-your-creative-cloud-apps\/\" target=\"_blank\" rel=\"noopener\">Vers\u00e3o em ingl\u00eas do Photoshop<\/a>\u00a0para executar a a\u00e7\u00e3o. Todas as a\u00e7\u00f5es do Sevenstyles s\u00f3 funcionar\u00e3o na vers\u00e3o em ingl\u00eas do Photoshop.<\/li>\n<\/ul>\n<ul>\n<li>Verifique se voc\u00ea est\u00e1 usando uma vers\u00e3o do Photoshop compat\u00edvel com o Action.<\/li>\n<\/ul>\n<ul>\n<li>Assista ao tutorial em v\u00eddeo para verificar se o arquivo do Photoshop est\u00e1 configurado corretamente. Um link para o tutorial tamb\u00e9m est\u00e1 inclu\u00eddo no arquivo &#039;Readme.txt&#039; no download. Voc\u00ea pode ver todos os meus tutoriais de a\u00e7\u00e3o\u00a0<a href=\"https:\/\/www.youtube.com\/channel\/UCKEi03PoXGSHAzP8u-c4dwQ\" rel=\"nofollow\">aqui<\/a>.<\/li>\n<\/ul>\n<ul>\n<li>Use fotos de alta resolu\u00e7\u00e3o com o Action para obter os melhores resultados e evitar erros. Uma resolu\u00e7\u00e3o de foto ideal \u00e9 entre 2000px - 4500px.<\/li>\n<\/ul>\n<ul>\n<li>Com Adobe Creative Cloud, voc\u00ea pode instalar\u00a0<a href=\"https:\/\/graphimarket.com\/pt\/2021\/01\/12\/how-to-install-previous-versions-of-your-creative-cloud-apps\/\" target=\"_blank\" rel=\"noopener\">v\u00e1rias vers\u00f5es do Photoshop<\/a>. Se voc\u00ea gosta desta a\u00e7\u00e3o, mas n\u00e3o \u00e9 compat\u00edvel com sua vers\u00e3o do Photoshop, voc\u00ea sempre pode instalar uma vers\u00e3o adicional do Photoshop para executar a a\u00e7\u00e3o. Depois que um Action foi testado e est\u00e1 funcionando em uma vers\u00e3o do Photoshop, ele funcionar\u00e1 para sempre.<\/li>\n<\/ul>\n<ul>\n<li>Use imagens Jpeg para executar a a\u00e7\u00e3o. Outros tipos de arquivo, como TIFF, BMP, PNG, PSD, podem causar problemas com A\u00e7\u00f5es, pois o Photoshop desativa v\u00e1rios recursos para diferentes tipos de arquivo.<\/li>\n<\/ul>\n<ul>\n<li>Se uma a\u00e7\u00e3o do Sevenstyles incluir um arquivo de pincel (.abr), padr\u00e3o (.pat) ou formas (.csh) no download, ela deve ser carregada no Photoshop antes de executar a a\u00e7\u00e3o.<\/li>\n<\/ul>\n<ul>\n<li>Evite usar a a\u00e7\u00e3o em logotipos ou imagens de estilo de clip-art, pois a falta de detalhes e contraste de cores pode levar a erros.<\/li>\n<\/ul>\n<p><img fetchpriority=\"high\" decoding=\"async\" class=\"alignnone size-full wp-image-16900\" src=\"https:\/\/graphimarket.com\/wp-content\/uploads\/2021\/04\/5c.jpg\" alt=\"\" width=\"796\" height=\"1195\" srcset=\"https:\/\/graphimarket.com\/wp-content\/uploads\/2021\/04\/5c.jpg 796w, https:\/\/graphimarket.com\/wp-content\/uploads\/2021\/04\/5c-200x300.jpg 200w, https:\/\/graphimarket.com\/wp-content\/uploads\/2021\/04\/5c-682x1024.jpg 682w, https:\/\/graphimarket.com\/wp-content\/uploads\/2021\/04\/5c-768x1153.jpg 768w, https:\/\/graphimarket.com\/wp-content\/uploads\/2021\/04\/5c-8x12.jpg 8w, https:\/\/graphimarket.com\/wp-content\/uploads\/2021\/04\/5c-600x901.jpg 600w\" sizes=\"(max-width: 796px) 100vw, 796px\" \/> <img decoding=\"async\" class=\"alignnone size-full wp-image-16901\" src=\"https:\/\/graphimarket.com\/wp-content\/uploads\/2021\/04\/10d.jpg\" alt=\"\" width=\"796\" height=\"1885\" srcset=\"https:\/\/graphimarket.com\/wp-content\/uploads\/2021\/04\/10d.jpg 796w, https:\/\/graphimarket.com\/wp-content\/uploads\/2021\/04\/10d-127x300.jpg 127w, https:\/\/graphimarket.com\/wp-content\/uploads\/2021\/04\/10d-432x1024.jpg 432w, https:\/\/graphimarket.com\/wp-content\/uploads\/2021\/04\/10d-768x1819.jpg 768w, https:\/\/graphimarket.com\/wp-content\/uploads\/2021\/04\/10d-649x1536.jpg 649w, https:\/\/graphimarket.com\/wp-content\/uploads\/2021\/04\/10d-5x12.jpg 5w, https:\/\/graphimarket.com\/wp-content\/uploads\/2021\/04\/10d-600x1421.jpg 600w\" sizes=\"(max-width: 796px) 100vw, 796px\" \/> <img decoding=\"async\" class=\"alignnone size-full wp-image-16902\" src=\"https:\/\/graphimarket.com\/wp-content\/uploads\/2021\/04\/10e.jpg\" alt=\"\" width=\"796\" height=\"1885\" srcset=\"https:\/\/graphimarket.com\/wp-content\/uploads\/2021\/04\/10e.jpg 796w, https:\/\/graphimarket.com\/wp-content\/uploads\/2021\/04\/10e-127x300.jpg 127w, https:\/\/graphimarket.com\/wp-content\/uploads\/2021\/04\/10e-432x1024.jpg 432w, https:\/\/graphimarket.com\/wp-content\/uploads\/2021\/04\/10e-768x1819.jpg 768w, https:\/\/graphimarket.com\/wp-content\/uploads\/2021\/04\/10e-649x1536.jpg 649w, https:\/\/graphimarket.com\/wp-content\/uploads\/2021\/04\/10e-5x12.jpg 5w, https:\/\/graphimarket.com\/wp-content\/uploads\/2021\/04\/10e-600x1421.jpg 600w\" sizes=\"(max-width: 796px) 100vw, 796px\" \/> <img loading=\"lazy\" decoding=\"async\" class=\"alignnone size-full wp-image-16903\" src=\"https:\/\/graphimarket.com\/wp-content\/uploads\/2021\/04\/10f.jpg\" alt=\"\" width=\"796\" height=\"1885\" srcset=\"https:\/\/graphimarket.com\/wp-content\/uploads\/2021\/04\/10f.jpg 796w, https:\/\/graphimarket.com\/wp-content\/uploads\/2021\/04\/10f-127x300.jpg 127w, https:\/\/graphimarket.com\/wp-content\/uploads\/2021\/04\/10f-432x1024.jpg 432w, https:\/\/graphimarket.com\/wp-content\/uploads\/2021\/04\/10f-768x1819.jpg 768w, https:\/\/graphimarket.com\/wp-content\/uploads\/2021\/04\/10f-649x1536.jpg 649w, https:\/\/graphimarket.com\/wp-content\/uploads\/2021\/04\/10f-5x12.jpg 5w, https:\/\/graphimarket.com\/wp-content\/uploads\/2021\/04\/10f-600x1421.jpg 600w\" sizes=\"(max-width: 796px) 100vw, 796px\" \/> <img loading=\"lazy\" decoding=\"async\" class=\"alignnone size-full wp-image-16904\" src=\"https:\/\/graphimarket.com\/wp-content\/uploads\/2021\/04\/6d.jpg\" alt=\"\" width=\"1153\" height=\"1730\" srcset=\"https:\/\/graphimarket.com\/wp-content\/uploads\/2021\/04\/6d.jpg 1153w, https:\/\/graphimarket.com\/wp-content\/uploads\/2021\/04\/6d-200x300.jpg 200w, https:\/\/graphimarket.com\/wp-content\/uploads\/2021\/04\/6d-682x1024.jpg 682w, https:\/\/graphimarket.com\/wp-content\/uploads\/2021\/04\/6d-768x1152.jpg 768w, https:\/\/graphimarket.com\/wp-content\/uploads\/2021\/04\/6d-1024x1536.jpg 1024w, https:\/\/graphimarket.com\/wp-content\/uploads\/2021\/04\/6d-8x12.jpg 8w, https:\/\/graphimarket.com\/wp-content\/uploads\/2021\/04\/6d-600x900.jpg 600w\" sizes=\"(max-width: 1153px) 100vw, 1153px\" \/> <img loading=\"lazy\" decoding=\"async\" class=\"alignnone size-full wp-image-16905\" src=\"https:\/\/graphimarket.com\/wp-content\/uploads\/2021\/04\/1a.jpg\" alt=\"\" width=\"726\" height=\"1591\" srcset=\"https:\/\/graphimarket.com\/wp-content\/uploads\/2021\/04\/1a.jpg 726w, https:\/\/graphimarket.com\/wp-content\/uploads\/2021\/04\/1a-137x300.jpg 137w, https:\/\/graphimarket.com\/wp-content\/uploads\/2021\/04\/1a-467x1024.jpg 467w, https:\/\/graphimarket.com\/wp-content\/uploads\/2021\/04\/1a-701x1536.jpg 701w, https:\/\/graphimarket.com\/wp-content\/uploads\/2021\/04\/1a-5x12.jpg 5w, https:\/\/graphimarket.com\/wp-content\/uploads\/2021\/04\/1a-600x1315.jpg 600w\" sizes=\"(max-width: 726px) 100vw, 726px\" \/> <img loading=\"lazy\" decoding=\"async\" class=\"alignnone size-full wp-image-16906\" src=\"https:\/\/graphimarket.com\/wp-content\/uploads\/2021\/04\/2c.jpg\" alt=\"\" width=\"1941\" height=\"2252\" srcset=\"https:\/\/graphimarket.com\/wp-content\/uploads\/2021\/04\/2c.jpg 1941w, https:\/\/graphimarket.com\/wp-content\/uploads\/2021\/04\/2c-259x300.jpg 259w, https:\/\/graphimarket.com\/wp-content\/uploads\/2021\/04\/2c-883x1024.jpg 883w, https:\/\/graphimarket.com\/wp-content\/uploads\/2021\/04\/2c-768x891.jpg 768w, https:\/\/graphimarket.com\/wp-content\/uploads\/2021\/04\/2c-1324x1536.jpg 1324w, https:\/\/graphimarket.com\/wp-content\/uploads\/2021\/04\/2c-1765x2048.jpg 1765w, https:\/\/graphimarket.com\/wp-content\/uploads\/2021\/04\/2c-10x12.jpg 10w, https:\/\/graphimarket.com\/wp-content\/uploads\/2021\/04\/2c-1320x1531.jpg 1320w, https:\/\/graphimarket.com\/wp-content\/uploads\/2021\/04\/2c-600x696.jpg 600w\" sizes=\"(max-width: 1941px) 100vw, 1941px\" \/> <img loading=\"lazy\" decoding=\"async\" class=\"alignnone size-full wp-image-16907\" src=\"https:\/\/graphimarket.com\/wp-content\/uploads\/2021\/04\/3c.jpg\" alt=\"\" width=\"796\" height=\"1343\" srcset=\"https:\/\/graphimarket.com\/wp-content\/uploads\/2021\/04\/3c.jpg 796w, https:\/\/graphimarket.com\/wp-content\/uploads\/2021\/04\/3c-178x300.jpg 178w, https:\/\/graphimarket.com\/wp-content\/uploads\/2021\/04\/3c-607x1024.jpg 607w, https:\/\/graphimarket.com\/wp-content\/uploads\/2021\/04\/3c-768x1296.jpg 768w, https:\/\/graphimarket.com\/wp-content\/uploads\/2021\/04\/3c-7x12.jpg 7w, https:\/\/graphimarket.com\/wp-content\/uploads\/2021\/04\/3c-600x1012.jpg 600w\" sizes=\"(max-width: 796px) 100vw, 796px\" \/> <img loading=\"lazy\" decoding=\"async\" class=\"alignnone size-full wp-image-16908\" src=\"https:\/\/graphimarket.com\/wp-content\/uploads\/2021\/04\/4.jpg\" alt=\"\" width=\"796\" height=\"1195\" srcset=\"https:\/\/graphimarket.com\/wp-content\/uploads\/2021\/04\/4.jpg 796w, https:\/\/graphimarket.com\/wp-content\/uploads\/2021\/04\/4-200x300.jpg 200w, https:\/\/graphimarket.com\/wp-content\/uploads\/2021\/04\/4-682x1024.jpg 682w, https:\/\/graphimarket.com\/wp-content\/uploads\/2021\/04\/4-768x1153.jpg 768w, https:\/\/graphimarket.com\/wp-content\/uploads\/2021\/04\/4-8x12.jpg 8w, https:\/\/graphimarket.com\/wp-content\/uploads\/2021\/04\/4-600x901.jpg 600w\" sizes=\"(max-width: 796px) 100vw, 796px\" \/><\/p>","protected":false},"excerpt":{"rendered":"<p>Plasma Photoshop Action Give your photo a modern creative edge with this action! You open a photo, brush where you want to apply the effect and click play. Does it get any easier? The action has been tested and working on Photoshop CS3,CS4,CS5,CS6,CC,CC 2015.5+ Important to know Make sure you are using the\u00a0English version of [&hellip;]<\/p>\n","protected":false},"featured_media":16906,"comment_status":"open","ping_status":"closed","template":"","meta":{"site-sidebar-layout":"default","site-content-layout":"default","ast-site-content-layout":"default","site-content-style":"default","site-sidebar-style":"default","ast-global-header-display":"","ast-banner-title-visibility":"","ast-main-header-display":"","ast-hfb-above-header-display":"","ast-hfb-below-header-display":"","ast-hfb-mobile-header-display":"","site-post-title":"","ast-breadcrumbs-content":"","ast-featured-img":"","footer-sml-layout":"","ast-disable-related-posts":"","theme-transparent-header-meta":"default","adv-header-id-meta":"","stick-header-meta":"","header-above-stick-meta":"","header-main-stick-meta":"","header-below-stick-meta":"","astra-migrate-meta-layouts":"default","ast-page-background-enabled":"default","ast-page-background-meta":{"desktop":{"background-color":"","background-image":"","background-repeat":"repeat","background-position":"center center","background-size":"auto","background-attachment":"scroll","background-type":"","background-media":"","overlay-type":"","overlay-color":"","overlay-opacity":"","overlay-gradient":""},"tablet":{"background-color":"","background-image":"","background-repeat":"repeat","background-position":"center center","background-size":"auto","background-attachment":"scroll","background-type":"","background-media":"","overlay-type":"","overlay-color":"","overlay-opacity":"","overlay-gradient":""},"mobile":{"background-color":"","background-image":"","background-repeat":"repeat","background-position":"center center","background-size":"auto","background-attachment":"scroll","background-type":"","background-media":"","overlay-type":"","overlay-color":"","overlay-opacity":"","overlay-gradient":""}},"ast-content-background-meta":{"desktop":{"background-color":"var(--ast-global-color-5)","background-image":"","background-repeat":"repeat","background-position":"center center","background-size":"auto","background-attachment":"scroll","background-type":"","background-media":"","overlay-type":"","overlay-color":"","overlay-opacity":"","overlay-gradient":""},"tablet":{"background-color":"var(--ast-global-color-5)","background-image":"","background-repeat":"repeat","background-position":"center center","background-size":"auto","background-attachment":"scroll","background-type":"","background-media":"","overlay-type":"","overlay-color":"","overlay-opacity":"","overlay-gradient":""},"mobile":{"background-color":"var(--ast-global-color-5)","background-image":"","background-repeat":"repeat","background-position":"center center","background-size":"auto","background-attachment":"scroll","background-type":"","background-media":"","overlay-type":"","overlay-color":"","overlay-opacity":"","overlay-gradient":""}}},"product_brand":[],"product_cat":[196,15,144,145,195,146],"product_tag":[292,1386,531,1936,62,1963],"class_list":{"0":"post-16899","1":"product","2":"type-product","3":"status-publish","4":"has-post-thumbnail","6":"product_cat-actions","7":"product_cat-photo","8":"product_cat-photo-editor","9":"product_cat-photography","10":"product_cat-photoshop","11":"product_cat-photoshop-action","12":"product_tag-action","13":"product_tag-adobe","14":"product_tag-cc","15":"product_tag-cs","16":"product_tag-photoshop","17":"product_tag-plasma","18":"desktop-align-left","19":"tablet-align-left","20":"mobile-align-left","22":"first","23":"instock","24":"sale","25":"downloadable","26":"virtual","27":"taxable","28":"purchasable","29":"product-type-simple"},"yoast_head":"<!-- This site is optimized with the Yoast SEO plugin v27.3 - https:\/\/yoast.com\/product\/yoast-seo-wordpress\/ -->\n<title>Plasma Photoshop Action - Graphimarket<\/title>\n<meta name=\"description\" content=\"Plasma Photoshop Action. Give your photo a modern creative edge with this action! You open a photo, brush where you want....\" \/>\n<meta name=\"robots\" content=\"index, follow, max-snippet:-1, max-image-preview:large, max-video-preview:-1\" \/>\n<link rel=\"canonical\" href=\"https:\/\/graphimarket.com\/pt\/product\/plasma-photoshop-action\/\" \/>\n<meta property=\"og:locale\" content=\"pt_PT\" \/>\n<meta property=\"og:type\" content=\"article\" \/>\n<meta property=\"og:title\" content=\"Plasma Photoshop Action - Graphimarket\" \/>\n<meta property=\"og:description\" content=\"Plasma Photoshop Action. Give your photo a modern creative edge with this action! You open a photo, brush where you want....\" \/>\n<meta property=\"og:url\" content=\"https:\/\/graphimarket.com\/pt\/product\/plasma-photoshop-action\/\" \/>\n<meta property=\"og:site_name\" content=\"Graphimarket\" \/>\n<meta property=\"article:modified_time\" content=\"2025-07-31T00:54:16+00:00\" \/>\n<meta property=\"og:image\" content=\"https:\/\/graphimarket.com\/wp-content\/uploads\/2021\/04\/2c.jpg\" \/>\n\t<meta property=\"og:image:width\" content=\"1941\" \/>\n\t<meta property=\"og:image:height\" content=\"2252\" \/>\n\t<meta property=\"og:image:type\" content=\"image\/jpeg\" \/>\n<meta name=\"twitter:card\" content=\"summary_large_image\" \/>\n<meta name=\"twitter:label1\" content=\"Est. reading time\" \/>\n\t<meta name=\"twitter:data1\" content=\"1 minute\" \/>\n<script type=\"application\/ld+json\" class=\"yoast-schema-graph\">{\"@context\":\"https:\\\/\\\/schema.org\",\"@graph\":[{\"@type\":\"WebPage\",\"@id\":\"https:\\\/\\\/graphimarket.com\\\/pt\\\/product\\\/plasma-photoshop-action\\\/\",\"url\":\"https:\\\/\\\/graphimarket.com\\\/pt\\\/product\\\/plasma-photoshop-action\\\/\",\"name\":\"Plasma Photoshop Action - Graphimarket\",\"isPartOf\":{\"@id\":\"https:\\\/\\\/graphimarket.com\\\/fr\\\/#website\"},\"primaryImageOfPage\":{\"@id\":\"https:\\\/\\\/graphimarket.com\\\/pt\\\/product\\\/plasma-photoshop-action\\\/#primaryimage\"},\"image\":{\"@id\":\"https:\\\/\\\/graphimarket.com\\\/pt\\\/product\\\/plasma-photoshop-action\\\/#primaryimage\"},\"thumbnailUrl\":\"https:\\\/\\\/graphimarket.com\\\/wp-content\\\/uploads\\\/2021\\\/04\\\/2c.jpg\",\"datePublished\":\"2021-04-01T13:09:15+00:00\",\"dateModified\":\"2025-07-31T00:54:16+00:00\",\"description\":\"Plasma Photoshop Action. Give your photo a modern creative edge with this action! You open a photo, brush where you want....\",\"breadcrumb\":{\"@id\":\"https:\\\/\\\/graphimarket.com\\\/pt\\\/product\\\/plasma-photoshop-action\\\/#breadcrumb\"},\"inLanguage\":\"pt-PT\",\"potentialAction\":[{\"@type\":\"ReadAction\",\"target\":[\"https:\\\/\\\/graphimarket.com\\\/pt\\\/product\\\/plasma-photoshop-action\\\/\"]}]},{\"@type\":\"ImageObject\",\"inLanguage\":\"pt-PT\",\"@id\":\"https:\\\/\\\/graphimarket.com\\\/pt\\\/product\\\/plasma-photoshop-action\\\/#primaryimage\",\"url\":\"https:\\\/\\\/graphimarket.com\\\/wp-content\\\/uploads\\\/2021\\\/04\\\/2c.jpg\",\"contentUrl\":\"https:\\\/\\\/graphimarket.com\\\/wp-content\\\/uploads\\\/2021\\\/04\\\/2c.jpg\",\"width\":1941,\"height\":2252},{\"@type\":\"BreadcrumbList\",\"@id\":\"https:\\\/\\\/graphimarket.com\\\/pt\\\/product\\\/plasma-photoshop-action\\\/#breadcrumb\",\"itemListElement\":[{\"@type\":\"ListItem\",\"position\":1,\"name\":\"Home\",\"item\":\"https:\\\/\\\/graphimarket.com\\\/es\\\/\"},{\"@type\":\"ListItem\",\"position\":2,\"name\":\"Store\",\"item\":\"https:\\\/\\\/graphimarket.com\\\/store\\\/\"},{\"@type\":\"ListItem\",\"position\":3,\"name\":\"Plasma Photoshop Action\"}]},{\"@type\":\"WebSite\",\"@id\":\"https:\\\/\\\/graphimarket.com\\\/fr\\\/#website\",\"url\":\"https:\\\/\\\/graphimarket.com\\\/fr\\\/\",\"name\":\"Graphimarket\",\"description\":\"Find the perfect creative asset to bring your project to life\",\"publisher\":{\"@id\":\"https:\\\/\\\/graphimarket.com\\\/fr\\\/#organization\"},\"potentialAction\":[{\"@type\":\"SearchAction\",\"target\":{\"@type\":\"EntryPoint\",\"urlTemplate\":\"https:\\\/\\\/graphimarket.com\\\/fr\\\/?s={search_term_string}\"},\"query-input\":{\"@type\":\"PropertyValueSpecification\",\"valueRequired\":true,\"valueName\":\"search_term_string\"}}],\"inLanguage\":\"pt-PT\"},{\"@type\":\"Organization\",\"@id\":\"https:\\\/\\\/graphimarket.com\\\/fr\\\/#organization\",\"name\":\"Graphimarket\",\"url\":\"https:\\\/\\\/graphimarket.com\\\/fr\\\/\",\"logo\":{\"@type\":\"ImageObject\",\"inLanguage\":\"pt-PT\",\"@id\":\"https:\\\/\\\/graphimarket.com\\\/fr\\\/#\\\/schema\\\/logo\\\/image\\\/\",\"url\":\"https:\\\/\\\/graphimarket.com\\\/wp-content\\\/uploads\\\/2020\\\/08\\\/logo-48.png\",\"contentUrl\":\"https:\\\/\\\/graphimarket.com\\\/wp-content\\\/uploads\\\/2020\\\/08\\\/logo-48.png\",\"width\":132,\"height\":48,\"caption\":\"Graphimarket\"},\"image\":{\"@id\":\"https:\\\/\\\/graphimarket.com\\\/fr\\\/#\\\/schema\\\/logo\\\/image\\\/\"}}]}<\/script>\n<!-- \/ Yoast SEO plugin. -->","yoast_head_json":{"title":"Plasma Photoshop Action - Graphimarket","description":"Plasma Photoshop Action. Give your photo a modern creative edge with this action! You open a photo, brush where you want....","robots":{"index":"index","follow":"follow","max-snippet":"max-snippet:-1","max-image-preview":"max-image-preview:large","max-video-preview":"max-video-preview:-1"},"canonical":"https:\/\/graphimarket.com\/pt\/product\/plasma-photoshop-action\/","og_locale":"pt_PT","og_type":"article","og_title":"Plasma Photoshop Action - Graphimarket","og_description":"Plasma Photoshop Action. Give your photo a modern creative edge with this action! You open a photo, brush where you want....","og_url":"https:\/\/graphimarket.com\/pt\/product\/plasma-photoshop-action\/","og_site_name":"Graphimarket","article_modified_time":"2025-07-31T00:54:16+00:00","og_image":[{"width":1941,"height":2252,"url":"https:\/\/graphimarket.com\/wp-content\/uploads\/2021\/04\/2c.jpg","type":"image\/jpeg"}],"twitter_card":"summary_large_image","twitter_misc":{"Est. reading time":"1 minute"},"schema":{"@context":"https:\/\/schema.org","@graph":[{"@type":"WebPage","@id":"https:\/\/graphimarket.com\/pt\/product\/plasma-photoshop-action\/","url":"https:\/\/graphimarket.com\/pt\/product\/plasma-photoshop-action\/","name":"Plasma Photoshop Action - Graphimarket","isPartOf":{"@id":"https:\/\/graphimarket.com\/fr\/#website"},"primaryImageOfPage":{"@id":"https:\/\/graphimarket.com\/pt\/product\/plasma-photoshop-action\/#primaryimage"},"image":{"@id":"https:\/\/graphimarket.com\/pt\/product\/plasma-photoshop-action\/#primaryimage"},"thumbnailUrl":"https:\/\/graphimarket.com\/wp-content\/uploads\/2021\/04\/2c.jpg","datePublished":"2021-04-01T13:09:15+00:00","dateModified":"2025-07-31T00:54:16+00:00","description":"Plasma Photoshop Action. Give your photo a modern creative edge with this action! You open a photo, brush where you want....","breadcrumb":{"@id":"https:\/\/graphimarket.com\/pt\/product\/plasma-photoshop-action\/#breadcrumb"},"inLanguage":"pt-PT","potentialAction":[{"@type":"ReadAction","target":["https:\/\/graphimarket.com\/pt\/product\/plasma-photoshop-action\/"]}]},{"@type":"ImageObject","inLanguage":"pt-PT","@id":"https:\/\/graphimarket.com\/pt\/product\/plasma-photoshop-action\/#primaryimage","url":"https:\/\/graphimarket.com\/wp-content\/uploads\/2021\/04\/2c.jpg","contentUrl":"https:\/\/graphimarket.com\/wp-content\/uploads\/2021\/04\/2c.jpg","width":1941,"height":2252},{"@type":"BreadcrumbList","@id":"https:\/\/graphimarket.com\/pt\/product\/plasma-photoshop-action\/#breadcrumb","itemListElement":[{"@type":"ListItem","position":1,"name":"Home","item":"https:\/\/graphimarket.com\/es\/"},{"@type":"ListItem","position":2,"name":"Store","item":"https:\/\/graphimarket.com\/store\/"},{"@type":"ListItem","position":3,"name":"Plasma Photoshop Action"}]},{"@type":"WebSite","@id":"https:\/\/graphimarket.com\/fr\/#website","url":"https:\/\/graphimarket.com\/fr\/","name":"Graphimarket","description":"Encontre o ativo criativo perfeito para dar vida ao seu projeto","publisher":{"@id":"https:\/\/graphimarket.com\/fr\/#organization"},"potentialAction":[{"@type":"SearchAction","target":{"@type":"EntryPoint","urlTemplate":"https:\/\/graphimarket.com\/fr\/?s={search_term_string}"},"query-input":{"@type":"PropertyValueSpecification","valueRequired":true,"valueName":"search_term_string"}}],"inLanguage":"pt-PT"},{"@type":"Organization","@id":"https:\/\/graphimarket.com\/fr\/#organization","name":"Graphimarket","url":"https:\/\/graphimarket.com\/fr\/","logo":{"@type":"ImageObject","inLanguage":"pt-PT","@id":"https:\/\/graphimarket.com\/fr\/#\/schema\/logo\/image\/","url":"https:\/\/graphimarket.com\/wp-content\/uploads\/2020\/08\/logo-48.png","contentUrl":"https:\/\/graphimarket.com\/wp-content\/uploads\/2020\/08\/logo-48.png","width":132,"height":48,"caption":"Graphimarket"},"image":{"@id":"https:\/\/graphimarket.com\/fr\/#\/schema\/logo\/image\/"}}]}},"_links":{"self":[{"href":"https:\/\/graphimarket.com\/pt\/wp-json\/wp\/v2\/product\/16899","targetHints":{"allow":["GET"]}}],"collection":[{"href":"https:\/\/graphimarket.com\/pt\/wp-json\/wp\/v2\/product"}],"about":[{"href":"https:\/\/graphimarket.com\/pt\/wp-json\/wp\/v2\/types\/product"}],"replies":[{"embeddable":true,"href":"https:\/\/graphimarket.com\/pt\/wp-json\/wp\/v2\/comments?post=16899"}],"version-history":[{"count":0,"href":"https:\/\/graphimarket.com\/pt\/wp-json\/wp\/v2\/product\/16899\/revisions"}],"wp:featuredmedia":[{"embeddable":true,"href":"https:\/\/graphimarket.com\/pt\/wp-json\/wp\/v2\/media\/16906"}],"wp:attachment":[{"href":"https:\/\/graphimarket.com\/pt\/wp-json\/wp\/v2\/media?parent=16899"}],"wp:term":[{"taxonomy":"product_brand","embeddable":true,"href":"https:\/\/graphimarket.com\/pt\/wp-json\/wp\/v2\/product_brand?post=16899"},{"taxonomy":"product_cat","embeddable":true,"href":"https:\/\/graphimarket.com\/pt\/wp-json\/wp\/v2\/product_cat?post=16899"},{"taxonomy":"product_tag","embeddable":true,"href":"https:\/\/graphimarket.com\/pt\/wp-json\/wp\/v2\/product_tag?post=16899"}],"curies":[{"name":"wp","href":"https:\/\/api.w.org\/{rel}","templated":true}]}}