{"id":17872,"date":"2021-08-09T11:00:44","date_gmt":"2021-08-09T09:00:44","guid":{"rendered":"https:\/\/graphimarket.com\/?post_type=product&#038;p=17872"},"modified":"2024-05-04T23:35:16","modified_gmt":"2024-05-04T21:35:16","slug":"vintage-travel-poster-photoshop-action","status":"publish","type":"product","link":"https:\/\/graphimarket.com\/pt\/product\/vintage-travel-poster-photoshop-action\/","title":{"rendered":"A\u00e7\u00e3o do Photoshop de p\u00f4ster de viagem vintage"},"content":{"rendered":"<h2 id=\"item-description__vintage-travel-poster-photoshop-action\">A\u00e7\u00e3o do Photoshop de p\u00f4ster de viagem vintage<\/h2>\n<p><strong>A\u00e7\u00e3o do Photoshop de p\u00f4ster de viagem vintage<\/strong>\u00a0transforma suas fotos em\u00a0<strong>cartazes de viagem cl\u00e1ssicos<\/strong>. O roteiro \u00e9\u00a0<strong>feito de forma inteligente<\/strong>\u00a0para oferecer uma melhor experi\u00eancia ao usu\u00e1rio final. Voc\u00ea pode simplesmente execut\u00e1-lo em qualquer uma de suas imagens e a a\u00e7\u00e3o far\u00e1 o resto. Voc\u00ea s\u00f3 precisaria\u00a0<strong>Photoshop (CS5 ou mais recente)<\/strong>\u00a0e nenhuma habilidade avan\u00e7ada. Agora, qualquer um pode verdadeiramente\u00a0<strong>seja um artista<\/strong>!<\/p>\n<p>O efeito funciona melhor em -\u00a0<strong>citycapes, fotos de rua, arquiteturas, edif\u00edcios, paisagens<\/strong>\u00a0- Vintage Travel Poster Photoshop Action cobriu voc\u00ea de todos os \u00e2ngulos. Al\u00e9m disso, esta a\u00e7\u00e3o \u00e9 executada em\u00a0<strong>qualquer linguagem do Photoshop<\/strong>.<\/p>\n<p>Depois de executar a a\u00e7\u00e3o, voc\u00ea tem a op\u00e7\u00e3o de\u00a0<strong>personalize os v\u00e1rios elementos<\/strong>\u00a0gerado e modifique-o como quiser! Voc\u00ea pode ajustar diferentes elementos de arte gerados \u2013\u00a0<strong>v\u00e1rios n\u00edveis de elementos de arte, texturas vintage, moldura abstrata, efeitos de cores vintage aut\u00eanticos e muito mais<\/strong>.<\/p>\n<p>O que \u00e9 mais divertido? O pacote tamb\u00e9m cont\u00e9m\u00a0<strong>2 modelos de maquete de quadro premium<\/strong>. Al\u00e9m disso, voc\u00ea pode comercializar o produto final do efeito. O que isso significa \u2013 embora voc\u00ea n\u00e3o tenha permiss\u00e3o para modificar e vender a a\u00e7\u00e3o em si, mas voc\u00ea pode vender os efeitos finais das imagens nas quais aplica o efeito.<\/p>\n<ul>\n<li>Transforma suas fotos em p\u00f4steres de viagens vintage realistas<\/li>\n<li>Funciona com o Photoshop vers\u00e3o CS5 e mais recente<\/li>\n<li>Funciona com qualquer linguagem do Photoshop<\/li>\n<li>Basta carregar os ativos, abrir uma imagem e executar a a\u00e7\u00e3o<\/li>\n<li>Nenhuma habilidade avan\u00e7ada necess\u00e1ria<\/li>\n<li>Op\u00e7\u00f5es ilimitadas para personalizar<\/li>\n<li>10 efeitos de cores vintage aut\u00eanticos inclu\u00eddos<\/li>\n<li>10 tons de cores vintage inclu\u00eddos<\/li>\n<li>2 modelos de maquete de quadro premium inclu\u00eddos<\/li>\n<li>Ajuste as configura\u00e7\u00f5es para combinar com seu estilo<\/li>\n<\/ul>\n<p><strong>Misture estilos diferentes para criar sua pr\u00f3pria composi\u00e7\u00e3o impressionante.<\/strong>\u00a0Consulte o guia de v\u00eddeo sobre como carregar a a\u00e7\u00e3o e personalizar os efeitos.<\/p>\n<p><strong>Testado e garantido<\/strong>\u00a0Esta a\u00e7\u00e3o foi testada e est\u00e1 funcionando no Photoshop\u00a0<strong>CS5, CS6, CC 2014, CC 2015, CC 2015.5, CC 2017, CC 2018, CC 2019, CC 2020, CC 2021+<\/strong>\u00a0Testado com mais de 50 imagens para garantir a integridade da a\u00e7\u00e3o.<\/p>\n<p><strong>Tamanho recomendado<\/strong>\u00a0A a\u00e7\u00e3o funciona melhor com imagens com tamanho ao redor\u00a0<strong>1500px \u2013 4000px de altura\/largura e resolu\u00e7\u00e3o de 72\/300 dpi<\/strong>. Usar imagens de resolu\u00e7\u00e3o inferior resultar\u00e1 em detalhes e clareza da composi\u00e7\u00e3o final.<br \/>\nSe voc\u00ea tiver uma imagem de resolu\u00e7\u00e3o inferior, v\u00e1 em \u201cImagem\u201d -&gt; \u201cTamanho da imagem\u2026\u201d e altere-as para as dimens\u00f5es especificadas. O uso sempre pode ser redimensionado para a dimens\u00e3o original ap\u00f3s a aplica\u00e7\u00e3o do efeito.<\/p>\n<p><img fetchpriority=\"high\" decoding=\"async\" class=\"alignnone size-full wp-image-17873\" src=\"https:\/\/graphimarket.com\/wp-content\/uploads\/2021\/08\/vintage-travel-poster-03.jpg\" alt=\"\" width=\"1500\" height=\"2121\" srcset=\"https:\/\/graphimarket.com\/wp-content\/uploads\/2021\/08\/vintage-travel-poster-03.jpg 1500w, https:\/\/graphimarket.com\/wp-content\/uploads\/2021\/08\/vintage-travel-poster-03-212x300.jpg 212w, https:\/\/graphimarket.com\/wp-content\/uploads\/2021\/08\/vintage-travel-poster-03-724x1024.jpg 724w, https:\/\/graphimarket.com\/wp-content\/uploads\/2021\/08\/vintage-travel-poster-03-768x1086.jpg 768w, https:\/\/graphimarket.com\/wp-content\/uploads\/2021\/08\/vintage-travel-poster-03-1086x1536.jpg 1086w, https:\/\/graphimarket.com\/wp-content\/uploads\/2021\/08\/vintage-travel-poster-03-1448x2048.jpg 1448w, https:\/\/graphimarket.com\/wp-content\/uploads\/2021\/08\/vintage-travel-poster-03-8x12.jpg 8w, https:\/\/graphimarket.com\/wp-content\/uploads\/2021\/08\/vintage-travel-poster-03-1320x1866.jpg 1320w, https:\/\/graphimarket.com\/wp-content\/uploads\/2021\/08\/vintage-travel-poster-03-600x848.jpg 600w\" sizes=\"(max-width: 1500px) 100vw, 1500px\" \/> <img decoding=\"async\" class=\"alignnone size-full wp-image-17874\" src=\"https:\/\/graphimarket.com\/wp-content\/uploads\/2021\/08\/vintage-travel-poster-04.jpg\" alt=\"\" width=\"1500\" height=\"2121\" srcset=\"https:\/\/graphimarket.com\/wp-content\/uploads\/2021\/08\/vintage-travel-poster-04.jpg 1500w, https:\/\/graphimarket.com\/wp-content\/uploads\/2021\/08\/vintage-travel-poster-04-212x300.jpg 212w, https:\/\/graphimarket.com\/wp-content\/uploads\/2021\/08\/vintage-travel-poster-04-724x1024.jpg 724w, https:\/\/graphimarket.com\/wp-content\/uploads\/2021\/08\/vintage-travel-poster-04-768x1086.jpg 768w, https:\/\/graphimarket.com\/wp-content\/uploads\/2021\/08\/vintage-travel-poster-04-1086x1536.jpg 1086w, https:\/\/graphimarket.com\/wp-content\/uploads\/2021\/08\/vintage-travel-poster-04-1448x2048.jpg 1448w, https:\/\/graphimarket.com\/wp-content\/uploads\/2021\/08\/vintage-travel-poster-04-8x12.jpg 8w, https:\/\/graphimarket.com\/wp-content\/uploads\/2021\/08\/vintage-travel-poster-04-1320x1866.jpg 1320w, https:\/\/graphimarket.com\/wp-content\/uploads\/2021\/08\/vintage-travel-poster-04-600x848.jpg 600w\" sizes=\"(max-width: 1500px) 100vw, 1500px\" \/> <img decoding=\"async\" class=\"alignnone size-full wp-image-17875\" src=\"https:\/\/graphimarket.com\/wp-content\/uploads\/2021\/08\/vintage-travel-poster-06-scaled.jpg\" alt=\"\" width=\"1440\" height=\"2560\" srcset=\"https:\/\/graphimarket.com\/wp-content\/uploads\/2021\/08\/vintage-travel-poster-06-scaled.jpg 1440w, https:\/\/graphimarket.com\/wp-content\/uploads\/2021\/08\/vintage-travel-poster-06-169x300.jpg 169w, https:\/\/graphimarket.com\/wp-content\/uploads\/2021\/08\/vintage-travel-poster-06-576x1024.jpg 576w, https:\/\/graphimarket.com\/wp-content\/uploads\/2021\/08\/vintage-travel-poster-06-768x1365.jpg 768w, https:\/\/graphimarket.com\/wp-content\/uploads\/2021\/08\/vintage-travel-poster-06-864x1536.jpg 864w, https:\/\/graphimarket.com\/wp-content\/uploads\/2021\/08\/vintage-travel-poster-06-1152x2048.jpg 1152w, https:\/\/graphimarket.com\/wp-content\/uploads\/2021\/08\/vintage-travel-poster-06-7x12.jpg 7w, https:\/\/graphimarket.com\/wp-content\/uploads\/2021\/08\/vintage-travel-poster-06-1320x2346.jpg 1320w, https:\/\/graphimarket.com\/wp-content\/uploads\/2021\/08\/vintage-travel-poster-06-600x1066.jpg 600w\" sizes=\"(max-width: 1440px) 100vw, 1440px\" \/> <img loading=\"lazy\" decoding=\"async\" class=\"alignnone size-full wp-image-17876\" src=\"https:\/\/graphimarket.com\/wp-content\/uploads\/2021\/08\/vintage-travel-poster-11.jpg\" alt=\"\" width=\"1500\" height=\"1000\" srcset=\"https:\/\/graphimarket.com\/wp-content\/uploads\/2021\/08\/vintage-travel-poster-11.jpg 1500w, https:\/\/graphimarket.com\/wp-content\/uploads\/2021\/08\/vintage-travel-poster-11-300x200.jpg 300w, https:\/\/graphimarket.com\/wp-content\/uploads\/2021\/08\/vintage-travel-poster-11-1024x683.jpg 1024w, https:\/\/graphimarket.com\/wp-content\/uploads\/2021\/08\/vintage-travel-poster-11-768x512.jpg 768w, https:\/\/graphimarket.com\/wp-content\/uploads\/2021\/08\/vintage-travel-poster-11-16x12.jpg 16w, https:\/\/graphimarket.com\/wp-content\/uploads\/2021\/08\/vintage-travel-poster-11-1320x880.jpg 1320w, https:\/\/graphimarket.com\/wp-content\/uploads\/2021\/08\/vintage-travel-poster-11-600x400.jpg 600w\" sizes=\"(max-width: 1500px) 100vw, 1500px\" \/> <img loading=\"lazy\" decoding=\"async\" class=\"alignnone size-full wp-image-17877\" src=\"https:\/\/graphimarket.com\/wp-content\/uploads\/2021\/08\/vintage-travel-poster-13.jpg\" alt=\"\" width=\"1500\" height=\"1019\" srcset=\"https:\/\/graphimarket.com\/wp-content\/uploads\/2021\/08\/vintage-travel-poster-13.jpg 1500w, https:\/\/graphimarket.com\/wp-content\/uploads\/2021\/08\/vintage-travel-poster-13-300x204.jpg 300w, https:\/\/graphimarket.com\/wp-content\/uploads\/2021\/08\/vintage-travel-poster-13-1024x696.jpg 1024w, https:\/\/graphimarket.com\/wp-content\/uploads\/2021\/08\/vintage-travel-poster-13-768x522.jpg 768w, https:\/\/graphimarket.com\/wp-content\/uploads\/2021\/08\/vintage-travel-poster-13-16x12.jpg 16w, https:\/\/graphimarket.com\/wp-content\/uploads\/2021\/08\/vintage-travel-poster-13-1320x897.jpg 1320w, https:\/\/graphimarket.com\/wp-content\/uploads\/2021\/08\/vintage-travel-poster-13-600x408.jpg 600w\" sizes=\"(max-width: 1500px) 100vw, 1500px\" \/> <img loading=\"lazy\" decoding=\"async\" class=\"alignnone size-full wp-image-17878\" src=\"https:\/\/graphimarket.com\/wp-content\/uploads\/2021\/08\/vintage-travel-poster-01.jpg\" alt=\"\" width=\"1500\" height=\"2144\" srcset=\"https:\/\/graphimarket.com\/wp-content\/uploads\/2021\/08\/vintage-travel-poster-01.jpg 1500w, https:\/\/graphimarket.com\/wp-content\/uploads\/2021\/08\/vintage-travel-poster-01-210x300.jpg 210w, https:\/\/graphimarket.com\/wp-content\/uploads\/2021\/08\/vintage-travel-poster-01-716x1024.jpg 716w, https:\/\/graphimarket.com\/wp-content\/uploads\/2021\/08\/vintage-travel-poster-01-768x1098.jpg 768w, https:\/\/graphimarket.com\/wp-content\/uploads\/2021\/08\/vintage-travel-poster-01-1075x1536.jpg 1075w, https:\/\/graphimarket.com\/wp-content\/uploads\/2021\/08\/vintage-travel-poster-01-1433x2048.jpg 1433w, https:\/\/graphimarket.com\/wp-content\/uploads\/2021\/08\/vintage-travel-poster-01-8x12.jpg 8w, https:\/\/graphimarket.com\/wp-content\/uploads\/2021\/08\/vintage-travel-poster-01-1320x1887.jpg 1320w, https:\/\/graphimarket.com\/wp-content\/uploads\/2021\/08\/vintage-travel-poster-01-600x858.jpg 600w\" sizes=\"(max-width: 1500px) 100vw, 1500px\" \/> <img loading=\"lazy\" decoding=\"async\" class=\"alignnone size-full wp-image-17879\" src=\"https:\/\/graphimarket.com\/wp-content\/uploads\/2021\/08\/vintage-travel-poster-02.jpg\" alt=\"\" width=\"1500\" height=\"2121\" srcset=\"https:\/\/graphimarket.com\/wp-content\/uploads\/2021\/08\/vintage-travel-poster-02.jpg 1500w, https:\/\/graphimarket.com\/wp-content\/uploads\/2021\/08\/vintage-travel-poster-02-212x300.jpg 212w, https:\/\/graphimarket.com\/wp-content\/uploads\/2021\/08\/vintage-travel-poster-02-724x1024.jpg 724w, https:\/\/graphimarket.com\/wp-content\/uploads\/2021\/08\/vintage-travel-poster-02-768x1086.jpg 768w, https:\/\/graphimarket.com\/wp-content\/uploads\/2021\/08\/vintage-travel-poster-02-1086x1536.jpg 1086w, https:\/\/graphimarket.com\/wp-content\/uploads\/2021\/08\/vintage-travel-poster-02-1448x2048.jpg 1448w, https:\/\/graphimarket.com\/wp-content\/uploads\/2021\/08\/vintage-travel-poster-02-8x12.jpg 8w, https:\/\/graphimarket.com\/wp-content\/uploads\/2021\/08\/vintage-travel-poster-02-1320x1866.jpg 1320w, https:\/\/graphimarket.com\/wp-content\/uploads\/2021\/08\/vintage-travel-poster-02-600x848.jpg 600w\" sizes=\"(max-width: 1500px) 100vw, 1500px\" \/><\/p>","protected":false},"excerpt":{"rendered":"<p>Vintage Travel Poster Photoshop Action Vintage Travel Poster Photoshop Action\u00a0turns your photos into\u00a0classic travel posters. The script is\u00a0intelligently crafted\u00a0to give a better end-user experience. You can simply run it\u00a0on any of your images and the action will do the rest. You would just need\u00a0Photoshop\u00a0(CS5 or newer)\u00a0and no advanced skill. Now, anyone can truly\u00a0be an artist! [&hellip;]<\/p>\n","protected":false},"featured_media":17878,"comment_status":"open","ping_status":"closed","template":"","meta":{"site-sidebar-layout":"default","site-content-layout":"default","ast-site-content-layout":"default","site-content-style":"default","site-sidebar-style":"default","ast-global-header-display":"","ast-banner-title-visibility":"","ast-main-header-display":"","ast-hfb-above-header-display":"","ast-hfb-below-header-display":"","ast-hfb-mobile-header-display":"","site-post-title":"","ast-breadcrumbs-content":"","ast-featured-img":"","footer-sml-layout":"","ast-disable-related-posts":"","theme-transparent-header-meta":"default","adv-header-id-meta":"","stick-header-meta":"","header-above-stick-meta":"","header-main-stick-meta":"","header-below-stick-meta":"","astra-migrate-meta-layouts":"default","ast-page-background-enabled":"default","ast-page-background-meta":{"desktop":{"background-color":"","background-image":"","background-repeat":"repeat","background-position":"center center","background-size":"auto","background-attachment":"scroll","background-type":"","background-media":"","overlay-type":"","overlay-color":"","overlay-opacity":"","overlay-gradient":""},"tablet":{"background-color":"","background-image":"","background-repeat":"repeat","background-position":"center center","background-size":"auto","background-attachment":"scroll","background-type":"","background-media":"","overlay-type":"","overlay-color":"","overlay-opacity":"","overlay-gradient":""},"mobile":{"background-color":"","background-image":"","background-repeat":"repeat","background-position":"center center","background-size":"auto","background-attachment":"scroll","background-type":"","background-media":"","overlay-type":"","overlay-color":"","overlay-opacity":"","overlay-gradient":""}},"ast-content-background-meta":{"desktop":{"background-color":"var(--ast-global-color-5)","background-image":"","background-repeat":"repeat","background-position":"center center","background-size":"auto","background-attachment":"scroll","background-type":"","background-media":"","overlay-type":"","overlay-color":"","overlay-opacity":"","overlay-gradient":""},"tablet":{"background-color":"var(--ast-global-color-5)","background-image":"","background-repeat":"repeat","background-position":"center center","background-size":"auto","background-attachment":"scroll","background-type":"","background-media":"","overlay-type":"","overlay-color":"","overlay-opacity":"","overlay-gradient":""},"mobile":{"background-color":"var(--ast-global-color-5)","background-image":"","background-repeat":"repeat","background-position":"center center","background-size":"auto","background-attachment":"scroll","background-type":"","background-media":"","overlay-type":"","overlay-color":"","overlay-opacity":"","overlay-gradient":""}}},"product_brand":[],"product_cat":[196,97,15,144,145,195,146],"product_tag":[292,62,584,1351,276],"class_list":{"0":"post-17872","1":"product","2":"type-product","3":"status-publish","4":"has-post-thumbnail","6":"product_cat-actions","7":"product_cat-addons","8":"product_cat-photo","9":"product_cat-photo-editor","10":"product_cat-photography","11":"product_cat-photoshop","12":"product_cat-photoshop-action","13":"product_tag-action","14":"product_tag-photoshop","15":"product_tag-poster","16":"product_tag-travel","17":"product_tag-vintage","18":"desktop-align-left","19":"tablet-align-left","20":"mobile-align-left","22":"first","23":"instock","24":"sale","25":"downloadable","26":"virtual","27":"taxable","28":"purchasable","29":"product-type-simple"},"yoast_head":"<!-- This site is optimized with the Yoast SEO plugin v27.3 - https:\/\/yoast.com\/product\/yoast-seo-wordpress\/ -->\n<title>Vintage Travel Poster Photoshop Action - Graphimarket<\/title>\n<meta name=\"description\" content=\"Vintage Travel Poster Photoshop Action\u00a0turns your photos into\u00a0classic travel posters.The script is\u00a0intelligently crafted...\" \/>\n<meta name=\"robots\" content=\"index, follow, max-snippet:-1, max-image-preview:large, max-video-preview:-1\" \/>\n<link rel=\"canonical\" href=\"https:\/\/graphimarket.com\/pt\/product\/vintage-travel-poster-photoshop-action\/\" \/>\n<meta property=\"og:locale\" content=\"pt_PT\" \/>\n<meta property=\"og:type\" content=\"article\" \/>\n<meta property=\"og:title\" content=\"Vintage Travel Poster Photoshop Action - Graphimarket\" \/>\n<meta property=\"og:description\" content=\"Vintage Travel Poster Photoshop Action\u00a0turns your photos into\u00a0classic travel posters.The script is\u00a0intelligently crafted...\" \/>\n<meta property=\"og:url\" content=\"https:\/\/graphimarket.com\/pt\/product\/vintage-travel-poster-photoshop-action\/\" \/>\n<meta property=\"og:site_name\" content=\"Graphimarket\" \/>\n<meta property=\"article:modified_time\" content=\"2024-05-04T21:35:16+00:00\" \/>\n<meta property=\"og:image\" content=\"https:\/\/graphimarket.com\/wp-content\/uploads\/2021\/08\/vintage-travel-poster-01-716x1024.jpg\" \/>\n\t<meta property=\"og:image:width\" content=\"716\" \/>\n\t<meta property=\"og:image:height\" content=\"1024\" \/>\n\t<meta property=\"og:image:type\" content=\"image\/jpeg\" \/>\n<meta name=\"twitter:card\" content=\"summary_large_image\" \/>\n<meta name=\"twitter:label1\" content=\"Est. reading time\" \/>\n\t<meta name=\"twitter:data1\" content=\"2 minutes\" \/>\n<script type=\"application\/ld+json\" class=\"yoast-schema-graph\">{\"@context\":\"https:\\\/\\\/schema.org\",\"@graph\":[{\"@type\":\"WebPage\",\"@id\":\"https:\\\/\\\/graphimarket.com\\\/product\\\/vintage-travel-poster-photoshop-action\\\/\",\"url\":\"https:\\\/\\\/graphimarket.com\\\/product\\\/vintage-travel-poster-photoshop-action\\\/\",\"name\":\"Vintage Travel Poster Photoshop Action - Graphimarket\",\"isPartOf\":{\"@id\":\"https:\\\/\\\/graphimarket.com\\\/fr\\\/#website\"},\"primaryImageOfPage\":{\"@id\":\"https:\\\/\\\/graphimarket.com\\\/product\\\/vintage-travel-poster-photoshop-action\\\/#primaryimage\"},\"image\":{\"@id\":\"https:\\\/\\\/graphimarket.com\\\/product\\\/vintage-travel-poster-photoshop-action\\\/#primaryimage\"},\"thumbnailUrl\":\"https:\\\/\\\/graphimarket.com\\\/wp-content\\\/uploads\\\/2021\\\/08\\\/vintage-travel-poster-01.jpg\",\"datePublished\":\"2021-08-09T09:00:44+00:00\",\"dateModified\":\"2024-05-04T21:35:16+00:00\",\"description\":\"Vintage Travel Poster Photoshop Action\u00a0turns your photos into\u00a0classic travel posters.The script is\u00a0intelligently crafted...\",\"breadcrumb\":{\"@id\":\"https:\\\/\\\/graphimarket.com\\\/product\\\/vintage-travel-poster-photoshop-action\\\/#breadcrumb\"},\"inLanguage\":\"pt-PT\",\"potentialAction\":[{\"@type\":\"ReadAction\",\"target\":[\"https:\\\/\\\/graphimarket.com\\\/product\\\/vintage-travel-poster-photoshop-action\\\/\"]}]},{\"@type\":\"ImageObject\",\"inLanguage\":\"pt-PT\",\"@id\":\"https:\\\/\\\/graphimarket.com\\\/product\\\/vintage-travel-poster-photoshop-action\\\/#primaryimage\",\"url\":\"https:\\\/\\\/graphimarket.com\\\/wp-content\\\/uploads\\\/2021\\\/08\\\/vintage-travel-poster-01.jpg\",\"contentUrl\":\"https:\\\/\\\/graphimarket.com\\\/wp-content\\\/uploads\\\/2021\\\/08\\\/vintage-travel-poster-01.jpg\",\"width\":1500,\"height\":2144},{\"@type\":\"BreadcrumbList\",\"@id\":\"https:\\\/\\\/graphimarket.com\\\/product\\\/vintage-travel-poster-photoshop-action\\\/#breadcrumb\",\"itemListElement\":[{\"@type\":\"ListItem\",\"position\":1,\"name\":\"Home\",\"item\":\"https:\\\/\\\/graphimarket.com\\\/es\\\/\"},{\"@type\":\"ListItem\",\"position\":2,\"name\":\"Store\",\"item\":\"https:\\\/\\\/graphimarket.com\\\/store\\\/\"},{\"@type\":\"ListItem\",\"position\":3,\"name\":\"Vintage Travel Poster Photoshop Action\"}]},{\"@type\":\"WebSite\",\"@id\":\"https:\\\/\\\/graphimarket.com\\\/fr\\\/#website\",\"url\":\"https:\\\/\\\/graphimarket.com\\\/fr\\\/\",\"name\":\"Graphimarket\",\"description\":\"Find the perfect creative asset to bring your project to life\",\"publisher\":{\"@id\":\"https:\\\/\\\/graphimarket.com\\\/fr\\\/#organization\"},\"potentialAction\":[{\"@type\":\"SearchAction\",\"target\":{\"@type\":\"EntryPoint\",\"urlTemplate\":\"https:\\\/\\\/graphimarket.com\\\/fr\\\/?s={search_term_string}\"},\"query-input\":{\"@type\":\"PropertyValueSpecification\",\"valueRequired\":true,\"valueName\":\"search_term_string\"}}],\"inLanguage\":\"pt-PT\"},{\"@type\":\"Organization\",\"@id\":\"https:\\\/\\\/graphimarket.com\\\/fr\\\/#organization\",\"name\":\"Graphimarket\",\"url\":\"https:\\\/\\\/graphimarket.com\\\/fr\\\/\",\"logo\":{\"@type\":\"ImageObject\",\"inLanguage\":\"pt-PT\",\"@id\":\"https:\\\/\\\/graphimarket.com\\\/fr\\\/#\\\/schema\\\/logo\\\/image\\\/\",\"url\":\"https:\\\/\\\/graphimarket.com\\\/wp-content\\\/uploads\\\/2020\\\/08\\\/logo-48.png\",\"contentUrl\":\"https:\\\/\\\/graphimarket.com\\\/wp-content\\\/uploads\\\/2020\\\/08\\\/logo-48.png\",\"width\":132,\"height\":48,\"caption\":\"Graphimarket\"},\"image\":{\"@id\":\"https:\\\/\\\/graphimarket.com\\\/fr\\\/#\\\/schema\\\/logo\\\/image\\\/\"}}]}<\/script>\n<!-- \/ Yoast SEO plugin. -->","yoast_head_json":{"title":"Vintage Travel Poster Photoshop Action - Graphimarket","description":"Vintage Travel Poster Photoshop Action\u00a0turns your photos into\u00a0classic travel posters.The script is\u00a0intelligently crafted...","robots":{"index":"index","follow":"follow","max-snippet":"max-snippet:-1","max-image-preview":"max-image-preview:large","max-video-preview":"max-video-preview:-1"},"canonical":"https:\/\/graphimarket.com\/pt\/product\/vintage-travel-poster-photoshop-action\/","og_locale":"pt_PT","og_type":"article","og_title":"Vintage Travel Poster Photoshop Action - Graphimarket","og_description":"Vintage Travel Poster Photoshop Action\u00a0turns your photos into\u00a0classic travel posters.The script is\u00a0intelligently crafted...","og_url":"https:\/\/graphimarket.com\/pt\/product\/vintage-travel-poster-photoshop-action\/","og_site_name":"Graphimarket","article_modified_time":"2024-05-04T21:35:16+00:00","og_image":[{"width":716,"height":1024,"url":"https:\/\/graphimarket.com\/wp-content\/uploads\/2021\/08\/vintage-travel-poster-01-716x1024.jpg","type":"image\/jpeg"}],"twitter_card":"summary_large_image","twitter_misc":{"Est. reading time":"2 minutes"},"schema":{"@context":"https:\/\/schema.org","@graph":[{"@type":"WebPage","@id":"https:\/\/graphimarket.com\/product\/vintage-travel-poster-photoshop-action\/","url":"https:\/\/graphimarket.com\/product\/vintage-travel-poster-photoshop-action\/","name":"Vintage Travel Poster Photoshop Action - Graphimarket","isPartOf":{"@id":"https:\/\/graphimarket.com\/fr\/#website"},"primaryImageOfPage":{"@id":"https:\/\/graphimarket.com\/product\/vintage-travel-poster-photoshop-action\/#primaryimage"},"image":{"@id":"https:\/\/graphimarket.com\/product\/vintage-travel-poster-photoshop-action\/#primaryimage"},"thumbnailUrl":"https:\/\/graphimarket.com\/wp-content\/uploads\/2021\/08\/vintage-travel-poster-01.jpg","datePublished":"2021-08-09T09:00:44+00:00","dateModified":"2024-05-04T21:35:16+00:00","description":"Vintage Travel Poster Photoshop Action\u00a0turns your photos into\u00a0classic travel posters.The script is\u00a0intelligently crafted...","breadcrumb":{"@id":"https:\/\/graphimarket.com\/product\/vintage-travel-poster-photoshop-action\/#breadcrumb"},"inLanguage":"pt-PT","potentialAction":[{"@type":"ReadAction","target":["https:\/\/graphimarket.com\/product\/vintage-travel-poster-photoshop-action\/"]}]},{"@type":"ImageObject","inLanguage":"pt-PT","@id":"https:\/\/graphimarket.com\/product\/vintage-travel-poster-photoshop-action\/#primaryimage","url":"https:\/\/graphimarket.com\/wp-content\/uploads\/2021\/08\/vintage-travel-poster-01.jpg","contentUrl":"https:\/\/graphimarket.com\/wp-content\/uploads\/2021\/08\/vintage-travel-poster-01.jpg","width":1500,"height":2144},{"@type":"BreadcrumbList","@id":"https:\/\/graphimarket.com\/product\/vintage-travel-poster-photoshop-action\/#breadcrumb","itemListElement":[{"@type":"ListItem","position":1,"name":"Home","item":"https:\/\/graphimarket.com\/es\/"},{"@type":"ListItem","position":2,"name":"Store","item":"https:\/\/graphimarket.com\/store\/"},{"@type":"ListItem","position":3,"name":"Vintage Travel Poster Photoshop Action"}]},{"@type":"WebSite","@id":"https:\/\/graphimarket.com\/fr\/#website","url":"https:\/\/graphimarket.com\/fr\/","name":"Graphimarket","description":"Encontre o ativo criativo perfeito para dar vida ao seu projeto","publisher":{"@id":"https:\/\/graphimarket.com\/fr\/#organization"},"potentialAction":[{"@type":"SearchAction","target":{"@type":"EntryPoint","urlTemplate":"https:\/\/graphimarket.com\/fr\/?s={search_term_string}"},"query-input":{"@type":"PropertyValueSpecification","valueRequired":true,"valueName":"search_term_string"}}],"inLanguage":"pt-PT"},{"@type":"Organization","@id":"https:\/\/graphimarket.com\/fr\/#organization","name":"Graphimarket","url":"https:\/\/graphimarket.com\/fr\/","logo":{"@type":"ImageObject","inLanguage":"pt-PT","@id":"https:\/\/graphimarket.com\/fr\/#\/schema\/logo\/image\/","url":"https:\/\/graphimarket.com\/wp-content\/uploads\/2020\/08\/logo-48.png","contentUrl":"https:\/\/graphimarket.com\/wp-content\/uploads\/2020\/08\/logo-48.png","width":132,"height":48,"caption":"Graphimarket"},"image":{"@id":"https:\/\/graphimarket.com\/fr\/#\/schema\/logo\/image\/"}}]}},"_links":{"self":[{"href":"https:\/\/graphimarket.com\/pt\/wp-json\/wp\/v2\/product\/17872","targetHints":{"allow":["GET"]}}],"collection":[{"href":"https:\/\/graphimarket.com\/pt\/wp-json\/wp\/v2\/product"}],"about":[{"href":"https:\/\/graphimarket.com\/pt\/wp-json\/wp\/v2\/types\/product"}],"replies":[{"embeddable":true,"href":"https:\/\/graphimarket.com\/pt\/wp-json\/wp\/v2\/comments?post=17872"}],"version-history":[{"count":0,"href":"https:\/\/graphimarket.com\/pt\/wp-json\/wp\/v2\/product\/17872\/revisions"}],"wp:featuredmedia":[{"embeddable":true,"href":"https:\/\/graphimarket.com\/pt\/wp-json\/wp\/v2\/media\/17878"}],"wp:attachment":[{"href":"https:\/\/graphimarket.com\/pt\/wp-json\/wp\/v2\/media?parent=17872"}],"wp:term":[{"taxonomy":"product_brand","embeddable":true,"href":"https:\/\/graphimarket.com\/pt\/wp-json\/wp\/v2\/product_brand?post=17872"},{"taxonomy":"product_cat","embeddable":true,"href":"https:\/\/graphimarket.com\/pt\/wp-json\/wp\/v2\/product_cat?post=17872"},{"taxonomy":"product_tag","embeddable":true,"href":"https:\/\/graphimarket.com\/pt\/wp-json\/wp\/v2\/product_tag?post=17872"}],"curies":[{"name":"wp","href":"https:\/\/api.w.org\/{rel}","templated":true}]}}