{"id":18227,"date":"2021-10-21T16:01:13","date_gmt":"2021-10-21T14:01:13","guid":{"rendered":"https:\/\/graphimarket.com\/?post_type=product&#038;p=18227"},"modified":"2022-12-11T13:03:03","modified_gmt":"2022-12-11T12:03:03","slug":"190-professional-video-overlays","status":"publish","type":"product","link":"https:\/\/graphimarket.com\/pt\/product\/190-professional-video-overlays\/","title":{"rendered":"Mais de 190 sobreposi\u00e7\u00f5es de v\u00eddeo profissionais"},"content":{"rendered":"<h3><strong>Mais de 190 sobreposi\u00e7\u00f5es de v\u00eddeo profissionais para efeitos de v\u00eddeo incr\u00edveis!<\/strong><\/h3>\n<p>Os v\u00eddeos n\u00e3o precisam ser simples e enfadonhos. Eles podem ser modernos e vibrantes tamb\u00e9m. N\u00f3s trazemos para voc\u00ea um\u00a0<strong>Plug-in de sobreposi\u00e7\u00e3o de v\u00eddeo\u00a0<\/strong>\u00a0isso n\u00e3o apenas adicionar\u00e1 efeitos interessantes aos seus v\u00eddeos, mas tamb\u00e9m economizar\u00e1 TONELADAS de tempo e esfor\u00e7os.<\/p>\n<p>Este plugin inclui mais de 190 sobreposi\u00e7\u00f5es de v\u00eddeo profissional em mais de 30 categorias que qualquer pessoa pode usar facilmente para aprimorar suas produ\u00e7\u00f5es de v\u00eddeo!<\/p>\n<p>Este plugin de sobreposi\u00e7\u00e3o de v\u00eddeo \u00e9 t\u00e3o f\u00e1cil de usar que voc\u00ea s\u00f3 precisa arrastar e soltar para adicionar efeitos interessantes aos seus v\u00eddeos. Este plugin \u00e9 compat\u00edvel com Mac e Windows.<\/p>\n<p>Agora voc\u00ea pode adicionar efeitos de v\u00eddeo profissionais com apenas um clique de um bot\u00e3o!<\/p>\n<h3>Este pacote inclui sobreposi\u00e7\u00f5es nas seguintes categorias<\/h3>\n<ul>\n<li>Sobreposi\u00e7\u00e3o de cores<\/li>\n<li>Confete<\/li>\n<li>constela\u00e7\u00e3o<\/li>\n<li>Bokeh da lente<\/li>\n<li>Lens Flares<\/li>\n<li>Ame<\/li>\n<li>Mono Grunge<\/li>\n<li>Parlicles 1<\/li>\n<li>Parlicles 2<\/li>\n<li>Parlicles 3<\/li>\n<li>Neve<\/li>\n<li>Estrelas 1<\/li>\n<li>Estrelas 2<\/li>\n<li>Video Back<\/li>\n<li>Vintage<\/li>\n<li>Mais 15 categorias<\/li>\n<\/ul>\n<p>&nbsp;<\/p>\n<p>&nbsp;<\/p>\n<p><img fetchpriority=\"high\" decoding=\"async\" class=\"size-full wp-image-18231 aligncenter\" src=\"https:\/\/graphimarket.com\/wp-content\/uploads\/2021\/10\/Lens-Flares-Pack-Large.jpg\" alt=\"\" width=\"700\" height=\"1970\" srcset=\"https:\/\/graphimarket.com\/wp-content\/uploads\/2021\/10\/Lens-Flares-Pack-Large.jpg 700w, https:\/\/graphimarket.com\/wp-content\/uploads\/2021\/10\/Lens-Flares-Pack-Large-107x300.jpg 107w, https:\/\/graphimarket.com\/wp-content\/uploads\/2021\/10\/Lens-Flares-Pack-Large-364x1024.jpg 364w, https:\/\/graphimarket.com\/wp-content\/uploads\/2021\/10\/Lens-Flares-Pack-Large-546x1536.jpg 546w, https:\/\/graphimarket.com\/wp-content\/uploads\/2021\/10\/Lens-Flares-Pack-Large-4x12.jpg 4w, https:\/\/graphimarket.com\/wp-content\/uploads\/2021\/10\/Lens-Flares-Pack-Large-600x1689.jpg 600w\" sizes=\"(max-width: 700px) 100vw, 700px\" \/> <img decoding=\"async\" class=\"size-full wp-image-18232 aligncenter\" src=\"https:\/\/graphimarket.com\/wp-content\/uploads\/2021\/10\/Mono-Grunge-Pack-Large.jpg\" alt=\"\" width=\"700\" height=\"1970\" srcset=\"https:\/\/graphimarket.com\/wp-content\/uploads\/2021\/10\/Mono-Grunge-Pack-Large.jpg 700w, https:\/\/graphimarket.com\/wp-content\/uploads\/2021\/10\/Mono-Grunge-Pack-Large-107x300.jpg 107w, https:\/\/graphimarket.com\/wp-content\/uploads\/2021\/10\/Mono-Grunge-Pack-Large-364x1024.jpg 364w, https:\/\/graphimarket.com\/wp-content\/uploads\/2021\/10\/Mono-Grunge-Pack-Large-546x1536.jpg 546w, https:\/\/graphimarket.com\/wp-content\/uploads\/2021\/10\/Mono-Grunge-Pack-Large-4x12.jpg 4w, https:\/\/graphimarket.com\/wp-content\/uploads\/2021\/10\/Mono-Grunge-Pack-Large-600x1689.jpg 600w\" sizes=\"(max-width: 700px) 100vw, 700px\" \/> <img decoding=\"async\" class=\"size-full wp-image-18233 aligncenter\" src=\"https:\/\/graphimarket.com\/wp-content\/uploads\/2021\/10\/Snow-Overlay-Pack-Large.jpg\" alt=\"\" width=\"700\" height=\"1970\" srcset=\"https:\/\/graphimarket.com\/wp-content\/uploads\/2021\/10\/Snow-Overlay-Pack-Large.jpg 700w, https:\/\/graphimarket.com\/wp-content\/uploads\/2021\/10\/Snow-Overlay-Pack-Large-107x300.jpg 107w, https:\/\/graphimarket.com\/wp-content\/uploads\/2021\/10\/Snow-Overlay-Pack-Large-364x1024.jpg 364w, https:\/\/graphimarket.com\/wp-content\/uploads\/2021\/10\/Snow-Overlay-Pack-Large-546x1536.jpg 546w, https:\/\/graphimarket.com\/wp-content\/uploads\/2021\/10\/Snow-Overlay-Pack-Large-4x12.jpg 4w, https:\/\/graphimarket.com\/wp-content\/uploads\/2021\/10\/Snow-Overlay-Pack-Large-600x1689.jpg 600w\" sizes=\"(max-width: 700px) 100vw, 700px\" \/> <img loading=\"lazy\" decoding=\"async\" class=\"size-full wp-image-18234 aligncenter\" src=\"https:\/\/graphimarket.com\/wp-content\/uploads\/2021\/10\/Vintage-Film-Pack-Large.jpg\" alt=\"\" width=\"700\" height=\"1970\" srcset=\"https:\/\/graphimarket.com\/wp-content\/uploads\/2021\/10\/Vintage-Film-Pack-Large.jpg 700w, https:\/\/graphimarket.com\/wp-content\/uploads\/2021\/10\/Vintage-Film-Pack-Large-107x300.jpg 107w, https:\/\/graphimarket.com\/wp-content\/uploads\/2021\/10\/Vintage-Film-Pack-Large-364x1024.jpg 364w, https:\/\/graphimarket.com\/wp-content\/uploads\/2021\/10\/Vintage-Film-Pack-Large-546x1536.jpg 546w, https:\/\/graphimarket.com\/wp-content\/uploads\/2021\/10\/Vintage-Film-Pack-Large-4x12.jpg 4w, https:\/\/graphimarket.com\/wp-content\/uploads\/2021\/10\/Vintage-Film-Pack-Large-600x1689.jpg 600w\" sizes=\"(max-width: 700px) 100vw, 700px\" \/> <img loading=\"lazy\" decoding=\"async\" class=\"size-full wp-image-18235 aligncenter\" src=\"https:\/\/graphimarket.com\/wp-content\/uploads\/2021\/10\/Color-Overlay-Pack-Large.jpg\" alt=\"\" width=\"700\" height=\"1970\" srcset=\"https:\/\/graphimarket.com\/wp-content\/uploads\/2021\/10\/Color-Overlay-Pack-Large.jpg 700w, https:\/\/graphimarket.com\/wp-content\/uploads\/2021\/10\/Color-Overlay-Pack-Large-107x300.jpg 107w, https:\/\/graphimarket.com\/wp-content\/uploads\/2021\/10\/Color-Overlay-Pack-Large-364x1024.jpg 364w, https:\/\/graphimarket.com\/wp-content\/uploads\/2021\/10\/Color-Overlay-Pack-Large-546x1536.jpg 546w, https:\/\/graphimarket.com\/wp-content\/uploads\/2021\/10\/Color-Overlay-Pack-Large-4x12.jpg 4w, https:\/\/graphimarket.com\/wp-content\/uploads\/2021\/10\/Color-Overlay-Pack-Large-600x1689.jpg 600w\" sizes=\"(max-width: 700px) 100vw, 700px\" \/> <img loading=\"lazy\" decoding=\"async\" class=\"size-full wp-image-18236 aligncenter\" src=\"https:\/\/graphimarket.com\/wp-content\/uploads\/2021\/10\/Lens-Bokeh-Pack-Large.jpg\" alt=\"\" width=\"700\" height=\"1970\" srcset=\"https:\/\/graphimarket.com\/wp-content\/uploads\/2021\/10\/Lens-Bokeh-Pack-Large.jpg 700w, https:\/\/graphimarket.com\/wp-content\/uploads\/2021\/10\/Lens-Bokeh-Pack-Large-107x300.jpg 107w, https:\/\/graphimarket.com\/wp-content\/uploads\/2021\/10\/Lens-Bokeh-Pack-Large-364x1024.jpg 364w, https:\/\/graphimarket.com\/wp-content\/uploads\/2021\/10\/Lens-Bokeh-Pack-Large-546x1536.jpg 546w, https:\/\/graphimarket.com\/wp-content\/uploads\/2021\/10\/Lens-Bokeh-Pack-Large-4x12.jpg 4w, https:\/\/graphimarket.com\/wp-content\/uploads\/2021\/10\/Lens-Bokeh-Pack-Large-600x1689.jpg 600w\" sizes=\"(max-width: 700px) 100vw, 700px\" \/><img loading=\"lazy\" decoding=\"async\" class=\"aligncenter wp-image-18228 size-full\" src=\"https:\/\/graphimarket.com\/wp-content\/uploads\/2021\/10\/Confetti-Cannon-Pack-Large.jpg\" alt=\"\" width=\"700\" height=\"1970\" srcset=\"https:\/\/graphimarket.com\/wp-content\/uploads\/2021\/10\/Confetti-Cannon-Pack-Large.jpg 700w, https:\/\/graphimarket.com\/wp-content\/uploads\/2021\/10\/Confetti-Cannon-Pack-Large-107x300.jpg 107w, https:\/\/graphimarket.com\/wp-content\/uploads\/2021\/10\/Confetti-Cannon-Pack-Large-364x1024.jpg 364w, https:\/\/graphimarket.com\/wp-content\/uploads\/2021\/10\/Confetti-Cannon-Pack-Large-546x1536.jpg 546w, https:\/\/graphimarket.com\/wp-content\/uploads\/2021\/10\/Confetti-Cannon-Pack-Large-4x12.jpg 4w, https:\/\/graphimarket.com\/wp-content\/uploads\/2021\/10\/Confetti-Cannon-Pack-Large-600x1689.jpg 600w\" sizes=\"(max-width: 700px) 100vw, 700px\" \/><\/p>\n<p><img loading=\"lazy\" decoding=\"async\" class=\"aligncenter wp-image-18237\" src=\"https:\/\/graphimarket.com\/wp-content\/uploads\/2021\/10\/thumbnail-scaled-1.jpg\" alt=\"\" width=\"703\" height=\"2990\" \/><\/p>","protected":false},"excerpt":{"rendered":"<p>190+ Professional Video Overlays For Amazing Video Effects! Videos need not be plain and boring. They can be trendy and vibrant too. We bring you a\u00a0Video Overlay Plugin\u00a0\u00a0that will not only add cool effects to your videos but also save you TONS of time and efforts. This plugin includes 190+ professional video overlays in 30+ [&hellip;]<\/p>\n","protected":false},"featured_media":18247,"comment_status":"open","ping_status":"closed","template":"","meta":{"site-sidebar-layout":"default","site-content-layout":"default","ast-site-content-layout":"default","site-content-style":"default","site-sidebar-style":"default","ast-global-header-display":"","ast-banner-title-visibility":"","ast-main-header-display":"","ast-hfb-above-header-display":"","ast-hfb-below-header-display":"","ast-hfb-mobile-header-display":"","site-post-title":"","ast-breadcrumbs-content":"","ast-featured-img":"","footer-sml-layout":"","ast-disable-related-posts":"","theme-transparent-header-meta":"default","adv-header-id-meta":"","stick-header-meta":"","header-above-stick-meta":"","header-main-stick-meta":"","header-below-stick-meta":"","astra-migrate-meta-layouts":"default","ast-page-background-enabled":"default","ast-page-background-meta":{"desktop":{"background-color":"","background-image":"","background-repeat":"repeat","background-position":"center center","background-size":"auto","background-attachment":"scroll","background-type":"","background-media":"","overlay-type":"","overlay-color":"","overlay-opacity":"","overlay-gradient":""},"tablet":{"background-color":"","background-image":"","background-repeat":"repeat","background-position":"center center","background-size":"auto","background-attachment":"scroll","background-type":"","background-media":"","overlay-type":"","overlay-color":"","overlay-opacity":"","overlay-gradient":""},"mobile":{"background-color":"","background-image":"","background-repeat":"repeat","background-position":"center center","background-size":"auto","background-attachment":"scroll","background-type":"","background-media":"","overlay-type":"","overlay-color":"","overlay-opacity":"","overlay-gradient":""}},"ast-content-background-meta":{"desktop":{"background-color":"var(--ast-global-color-5)","background-image":"","background-repeat":"repeat","background-position":"center center","background-size":"auto","background-attachment":"scroll","background-type":"","background-media":"","overlay-type":"","overlay-color":"","overlay-opacity":"","overlay-gradient":""},"tablet":{"background-color":"var(--ast-global-color-5)","background-image":"","background-repeat":"repeat","background-position":"center center","background-size":"auto","background-attachment":"scroll","background-type":"","background-media":"","overlay-type":"","overlay-color":"","overlay-opacity":"","overlay-gradient":""},"mobile":{"background-color":"var(--ast-global-color-5)","background-image":"","background-repeat":"repeat","background-position":"center center","background-size":"auto","background-attachment":"scroll","background-type":"","background-media":"","overlay-type":"","overlay-color":"","overlay-opacity":"","overlay-gradient":""}}},"product_brand":[],"product_cat":[178,984,180],"product_tag":[],"class_list":{"0":"post-18227","1":"product","2":"type-product","3":"status-publish","4":"has-post-thumbnail","6":"product_cat-video-editor","7":"product_cat-video-overlay","8":"product_cat-visual-effects","9":"desktop-align-left","10":"tablet-align-left","11":"mobile-align-left","13":"first","14":"instock","15":"sale","16":"downloadable","17":"virtual","18":"taxable","19":"purchasable","20":"product-type-simple"},"yoast_head":"<!-- This site is optimized with the Yoast SEO plugin v27.3 - https:\/\/yoast.com\/product\/yoast-seo-wordpress\/ -->\n<title>190+ Professional Video Overlays - Graphimarket<\/title>\n<meta name=\"description\" content=\"Videos need not be plain and boring. They can be trendy and vibrant too. We bring you a\u00a0Video Overlay Plugin...\" \/>\n<meta name=\"robots\" content=\"index, follow, max-snippet:-1, max-image-preview:large, max-video-preview:-1\" \/>\n<link rel=\"canonical\" href=\"https:\/\/graphimarket.com\/pt\/product\/190-professional-video-overlays\/\" \/>\n<meta property=\"og:locale\" content=\"pt_PT\" \/>\n<meta property=\"og:type\" content=\"article\" \/>\n<meta property=\"og:title\" content=\"190+ Professional Video Overlays - Graphimarket\" \/>\n<meta property=\"og:description\" content=\"Videos need not be plain and boring. They can be trendy and vibrant too. We bring you a\u00a0Video Overlay Plugin...\" \/>\n<meta property=\"og:url\" content=\"https:\/\/graphimarket.com\/pt\/product\/190-professional-video-overlays\/\" \/>\n<meta property=\"og:site_name\" content=\"Graphimarket\" \/>\n<meta property=\"article:modified_time\" content=\"2022-12-11T12:03:03+00:00\" \/>\n<meta property=\"og:image\" content=\"https:\/\/graphimarket.com\/wp-content\/uploads\/2021\/10\/cover-new.jpg\" \/>\n\t<meta property=\"og:image:width\" content=\"1200\" \/>\n\t<meta property=\"og:image:height\" content=\"828\" \/>\n\t<meta property=\"og:image:type\" content=\"image\/jpeg\" \/>\n<meta name=\"twitter:card\" content=\"summary_large_image\" \/>\n<meta name=\"twitter:label1\" content=\"Est. reading time\" \/>\n\t<meta name=\"twitter:data1\" content=\"1 minute\" \/>\n<script type=\"application\/ld+json\" class=\"yoast-schema-graph\">{\"@context\":\"https:\\\/\\\/schema.org\",\"@graph\":[{\"@type\":\"WebPage\",\"@id\":\"https:\\\/\\\/graphimarket.com\\\/product\\\/190-professional-video-overlays\\\/\",\"url\":\"https:\\\/\\\/graphimarket.com\\\/product\\\/190-professional-video-overlays\\\/\",\"name\":\"190+ Professional Video Overlays - Graphimarket\",\"isPartOf\":{\"@id\":\"https:\\\/\\\/graphimarket.com\\\/fr\\\/#website\"},\"primaryImageOfPage\":{\"@id\":\"https:\\\/\\\/graphimarket.com\\\/product\\\/190-professional-video-overlays\\\/#primaryimage\"},\"image\":{\"@id\":\"https:\\\/\\\/graphimarket.com\\\/product\\\/190-professional-video-overlays\\\/#primaryimage\"},\"thumbnailUrl\":\"https:\\\/\\\/graphimarket.com\\\/wp-content\\\/uploads\\\/2021\\\/10\\\/cover-new.jpg\",\"datePublished\":\"2021-10-21T14:01:13+00:00\",\"dateModified\":\"2022-12-11T12:03:03+00:00\",\"description\":\"Videos need not be plain and boring. They can be trendy and vibrant too. We bring you a\u00a0Video Overlay Plugin...\",\"breadcrumb\":{\"@id\":\"https:\\\/\\\/graphimarket.com\\\/product\\\/190-professional-video-overlays\\\/#breadcrumb\"},\"inLanguage\":\"pt-PT\",\"potentialAction\":[{\"@type\":\"ReadAction\",\"target\":[\"https:\\\/\\\/graphimarket.com\\\/product\\\/190-professional-video-overlays\\\/\"]}]},{\"@type\":\"ImageObject\",\"inLanguage\":\"pt-PT\",\"@id\":\"https:\\\/\\\/graphimarket.com\\\/product\\\/190-professional-video-overlays\\\/#primaryimage\",\"url\":\"https:\\\/\\\/graphimarket.com\\\/wp-content\\\/uploads\\\/2021\\\/10\\\/cover-new.jpg\",\"contentUrl\":\"https:\\\/\\\/graphimarket.com\\\/wp-content\\\/uploads\\\/2021\\\/10\\\/cover-new.jpg\",\"width\":1200,\"height\":828},{\"@type\":\"BreadcrumbList\",\"@id\":\"https:\\\/\\\/graphimarket.com\\\/product\\\/190-professional-video-overlays\\\/#breadcrumb\",\"itemListElement\":[{\"@type\":\"ListItem\",\"position\":1,\"name\":\"Home\",\"item\":\"https:\\\/\\\/graphimarket.com\\\/es\\\/\"},{\"@type\":\"ListItem\",\"position\":2,\"name\":\"Store\",\"item\":\"https:\\\/\\\/graphimarket.com\\\/store\\\/\"},{\"@type\":\"ListItem\",\"position\":3,\"name\":\"190+ Professional Video Overlays\"}]},{\"@type\":\"WebSite\",\"@id\":\"https:\\\/\\\/graphimarket.com\\\/fr\\\/#website\",\"url\":\"https:\\\/\\\/graphimarket.com\\\/fr\\\/\",\"name\":\"Graphimarket\",\"description\":\"Find the perfect creative asset to bring your project to life\",\"publisher\":{\"@id\":\"https:\\\/\\\/graphimarket.com\\\/fr\\\/#organization\"},\"potentialAction\":[{\"@type\":\"SearchAction\",\"target\":{\"@type\":\"EntryPoint\",\"urlTemplate\":\"https:\\\/\\\/graphimarket.com\\\/fr\\\/?s={search_term_string}\"},\"query-input\":{\"@type\":\"PropertyValueSpecification\",\"valueRequired\":true,\"valueName\":\"search_term_string\"}}],\"inLanguage\":\"pt-PT\"},{\"@type\":\"Organization\",\"@id\":\"https:\\\/\\\/graphimarket.com\\\/fr\\\/#organization\",\"name\":\"Graphimarket\",\"url\":\"https:\\\/\\\/graphimarket.com\\\/fr\\\/\",\"logo\":{\"@type\":\"ImageObject\",\"inLanguage\":\"pt-PT\",\"@id\":\"https:\\\/\\\/graphimarket.com\\\/fr\\\/#\\\/schema\\\/logo\\\/image\\\/\",\"url\":\"https:\\\/\\\/graphimarket.com\\\/wp-content\\\/uploads\\\/2020\\\/08\\\/logo-48.png\",\"contentUrl\":\"https:\\\/\\\/graphimarket.com\\\/wp-content\\\/uploads\\\/2020\\\/08\\\/logo-48.png\",\"width\":132,\"height\":48,\"caption\":\"Graphimarket\"},\"image\":{\"@id\":\"https:\\\/\\\/graphimarket.com\\\/fr\\\/#\\\/schema\\\/logo\\\/image\\\/\"}}]}<\/script>\n<!-- \/ Yoast SEO plugin. -->","yoast_head_json":{"title":"190+ Professional Video Overlays - Graphimarket","description":"Videos need not be plain and boring. They can be trendy and vibrant too. We bring you a\u00a0Video Overlay Plugin...","robots":{"index":"index","follow":"follow","max-snippet":"max-snippet:-1","max-image-preview":"max-image-preview:large","max-video-preview":"max-video-preview:-1"},"canonical":"https:\/\/graphimarket.com\/pt\/product\/190-professional-video-overlays\/","og_locale":"pt_PT","og_type":"article","og_title":"190+ Professional Video Overlays - Graphimarket","og_description":"Videos need not be plain and boring. They can be trendy and vibrant too. We bring you a\u00a0Video Overlay Plugin...","og_url":"https:\/\/graphimarket.com\/pt\/product\/190-professional-video-overlays\/","og_site_name":"Graphimarket","article_modified_time":"2022-12-11T12:03:03+00:00","og_image":[{"width":1200,"height":828,"url":"https:\/\/graphimarket.com\/wp-content\/uploads\/2021\/10\/cover-new.jpg","type":"image\/jpeg"}],"twitter_card":"summary_large_image","twitter_misc":{"Est. reading time":"1 minute"},"schema":{"@context":"https:\/\/schema.org","@graph":[{"@type":"WebPage","@id":"https:\/\/graphimarket.com\/product\/190-professional-video-overlays\/","url":"https:\/\/graphimarket.com\/product\/190-professional-video-overlays\/","name":"190+ Professional Video Overlays - Graphimarket","isPartOf":{"@id":"https:\/\/graphimarket.com\/fr\/#website"},"primaryImageOfPage":{"@id":"https:\/\/graphimarket.com\/product\/190-professional-video-overlays\/#primaryimage"},"image":{"@id":"https:\/\/graphimarket.com\/product\/190-professional-video-overlays\/#primaryimage"},"thumbnailUrl":"https:\/\/graphimarket.com\/wp-content\/uploads\/2021\/10\/cover-new.jpg","datePublished":"2021-10-21T14:01:13+00:00","dateModified":"2022-12-11T12:03:03+00:00","description":"Videos need not be plain and boring. They can be trendy and vibrant too. We bring you a\u00a0Video Overlay Plugin...","breadcrumb":{"@id":"https:\/\/graphimarket.com\/product\/190-professional-video-overlays\/#breadcrumb"},"inLanguage":"pt-PT","potentialAction":[{"@type":"ReadAction","target":["https:\/\/graphimarket.com\/product\/190-professional-video-overlays\/"]}]},{"@type":"ImageObject","inLanguage":"pt-PT","@id":"https:\/\/graphimarket.com\/product\/190-professional-video-overlays\/#primaryimage","url":"https:\/\/graphimarket.com\/wp-content\/uploads\/2021\/10\/cover-new.jpg","contentUrl":"https:\/\/graphimarket.com\/wp-content\/uploads\/2021\/10\/cover-new.jpg","width":1200,"height":828},{"@type":"BreadcrumbList","@id":"https:\/\/graphimarket.com\/product\/190-professional-video-overlays\/#breadcrumb","itemListElement":[{"@type":"ListItem","position":1,"name":"Home","item":"https:\/\/graphimarket.com\/es\/"},{"@type":"ListItem","position":2,"name":"Store","item":"https:\/\/graphimarket.com\/store\/"},{"@type":"ListItem","position":3,"name":"190+ Professional Video Overlays"}]},{"@type":"WebSite","@id":"https:\/\/graphimarket.com\/fr\/#website","url":"https:\/\/graphimarket.com\/fr\/","name":"Graphimarket","description":"Encontre o ativo criativo perfeito para dar vida ao seu projeto","publisher":{"@id":"https:\/\/graphimarket.com\/fr\/#organization"},"potentialAction":[{"@type":"SearchAction","target":{"@type":"EntryPoint","urlTemplate":"https:\/\/graphimarket.com\/fr\/?s={search_term_string}"},"query-input":{"@type":"PropertyValueSpecification","valueRequired":true,"valueName":"search_term_string"}}],"inLanguage":"pt-PT"},{"@type":"Organization","@id":"https:\/\/graphimarket.com\/fr\/#organization","name":"Graphimarket","url":"https:\/\/graphimarket.com\/fr\/","logo":{"@type":"ImageObject","inLanguage":"pt-PT","@id":"https:\/\/graphimarket.com\/fr\/#\/schema\/logo\/image\/","url":"https:\/\/graphimarket.com\/wp-content\/uploads\/2020\/08\/logo-48.png","contentUrl":"https:\/\/graphimarket.com\/wp-content\/uploads\/2020\/08\/logo-48.png","width":132,"height":48,"caption":"Graphimarket"},"image":{"@id":"https:\/\/graphimarket.com\/fr\/#\/schema\/logo\/image\/"}}]}},"_links":{"self":[{"href":"https:\/\/graphimarket.com\/pt\/wp-json\/wp\/v2\/product\/18227","targetHints":{"allow":["GET"]}}],"collection":[{"href":"https:\/\/graphimarket.com\/pt\/wp-json\/wp\/v2\/product"}],"about":[{"href":"https:\/\/graphimarket.com\/pt\/wp-json\/wp\/v2\/types\/product"}],"replies":[{"embeddable":true,"href":"https:\/\/graphimarket.com\/pt\/wp-json\/wp\/v2\/comments?post=18227"}],"version-history":[{"count":0,"href":"https:\/\/graphimarket.com\/pt\/wp-json\/wp\/v2\/product\/18227\/revisions"}],"wp:featuredmedia":[{"embeddable":true,"href":"https:\/\/graphimarket.com\/pt\/wp-json\/wp\/v2\/media\/18247"}],"wp:attachment":[{"href":"https:\/\/graphimarket.com\/pt\/wp-json\/wp\/v2\/media?parent=18227"}],"wp:term":[{"taxonomy":"product_brand","embeddable":true,"href":"https:\/\/graphimarket.com\/pt\/wp-json\/wp\/v2\/product_brand?post=18227"},{"taxonomy":"product_cat","embeddable":true,"href":"https:\/\/graphimarket.com\/pt\/wp-json\/wp\/v2\/product_cat?post=18227"},{"taxonomy":"product_tag","embeddable":true,"href":"https:\/\/graphimarket.com\/pt\/wp-json\/wp\/v2\/product_tag?post=18227"}],"curies":[{"name":"wp","href":"https:\/\/api.w.org\/{rel}","templated":true}]}}