{"id":7563,"date":"2020-09-03T15:40:55","date_gmt":"2020-09-03T13:40:55","guid":{"rendered":"https:\/\/graphimarket.com\/?post_type=product&#038;p=7563"},"modified":"2022-12-19T23:29:37","modified_gmt":"2022-12-19T22:29:37","slug":"halloween-scene-creators-2","status":"publish","type":"product","link":"https:\/\/graphimarket.com\/pt\/product\/halloween-scene-creators-2\/","title":{"rendered":"Criadores de cenas de Halloween"},"content":{"rendered":"<p>Halloween Scene Creators \u2013 Enjoy this Halloween with this awesome free gift!<\/p>\n<p>Este brinde inclui 8 Criadores de Cena e mais de 100 elementos que voc\u00ea pode usar para criar designs de Halloween incr\u00edveis! Seus designs gr\u00e1ficos de Halloween s\u00e3o o fator decisivo mais significativo para os consumidores. Este \u00e9 o primeiro passo para fazer aquele discurso de vendas inicial antes de dar continuidade mais tarde. Os designs de Halloween devem representar toda a temporada, sem nunca perder o foco no que voc\u00ea est\u00e1 promovendo.<\/p>\n<p>Este acordo vem com uma licen\u00e7a comercial estendida para que voc\u00ea possa usar este pacote para projetos pessoais e comerciais ilimitados!<\/p>\n<h3>8 Criadores de cena incluem:<\/h3>\n<ul>\n<li>Mais de 100 elementos<\/li>\n<li>Efeitos de luz<\/li>\n<li>Textura de fundo<\/li>\n<\/ul>\n<h3><strong>Aqui est\u00e1 uma pr\u00e9via deste pacote de criadores de cenas de Halloween:<\/strong><\/h3>\n<p>&nbsp;<\/p>\n<p><img fetchpriority=\"high\" decoding=\"async\" class=\"aligncenter wp-image-7565 size-full\" src=\"https:\/\/graphimarket.com\/wp-content\/uploads\/2020\/09\/02-iso-scene-1-1024x683-2.jpg\" alt=\"\" width=\"1024\" height=\"683\" srcset=\"https:\/\/graphimarket.com\/wp-content\/uploads\/2020\/09\/02-iso-scene-1-1024x683-2.jpg 1024w, https:\/\/graphimarket.com\/wp-content\/uploads\/2020\/09\/02-iso-scene-1-1024x683-2-600x400.jpg 600w, https:\/\/graphimarket.com\/wp-content\/uploads\/2020\/09\/02-iso-scene-1-1024x683-2-300x200.jpg 300w, https:\/\/graphimarket.com\/wp-content\/uploads\/2020\/09\/02-iso-scene-1-1024x683-2-768x512.jpg 768w\" sizes=\"(max-width: 1024px) 100vw, 1024px\" \/><\/p>\n<p><img decoding=\"async\" class=\"aligncenter wp-image-7566 size-full\" src=\"https:\/\/graphimarket.com\/wp-content\/uploads\/2020\/09\/02-top-scene-1024x683-2.jpg\" alt=\"\" width=\"1024\" height=\"683\" srcset=\"https:\/\/graphimarket.com\/wp-content\/uploads\/2020\/09\/02-top-scene-1024x683-2.jpg 1024w, https:\/\/graphimarket.com\/wp-content\/uploads\/2020\/09\/02-top-scene-1024x683-2-600x400.jpg 600w, https:\/\/graphimarket.com\/wp-content\/uploads\/2020\/09\/02-top-scene-1024x683-2-300x200.jpg 300w, https:\/\/graphimarket.com\/wp-content\/uploads\/2020\/09\/02-top-scene-1024x683-2-768x512.jpg 768w\" sizes=\"(max-width: 1024px) 100vw, 1024px\" \/><\/p>\n<p><img decoding=\"async\" class=\"aligncenter wp-image-7567 size-full\" src=\"https:\/\/graphimarket.com\/wp-content\/uploads\/2020\/09\/03-front-scene-1024x683-2.jpg\" alt=\"\" width=\"1024\" height=\"683\" srcset=\"https:\/\/graphimarket.com\/wp-content\/uploads\/2020\/09\/03-front-scene-1024x683-2.jpg 1024w, https:\/\/graphimarket.com\/wp-content\/uploads\/2020\/09\/03-front-scene-1024x683-2-600x400.jpg 600w, https:\/\/graphimarket.com\/wp-content\/uploads\/2020\/09\/03-front-scene-1024x683-2-300x200.jpg 300w, https:\/\/graphimarket.com\/wp-content\/uploads\/2020\/09\/03-front-scene-1024x683-2-768x512.jpg 768w\" sizes=\"(max-width: 1024px) 100vw, 1024px\" \/><\/p>\n<p><img loading=\"lazy\" decoding=\"async\" class=\"aligncenter wp-image-7568 size-full\" src=\"https:\/\/graphimarket.com\/wp-content\/uploads\/2020\/09\/03-top-scene-1024x683-2.jpg\" alt=\"\" width=\"1024\" height=\"683\" srcset=\"https:\/\/graphimarket.com\/wp-content\/uploads\/2020\/09\/03-top-scene-1024x683-2.jpg 1024w, https:\/\/graphimarket.com\/wp-content\/uploads\/2020\/09\/03-top-scene-1024x683-2-600x400.jpg 600w, https:\/\/graphimarket.com\/wp-content\/uploads\/2020\/09\/03-top-scene-1024x683-2-300x200.jpg 300w, https:\/\/graphimarket.com\/wp-content\/uploads\/2020\/09\/03-top-scene-1024x683-2-768x512.jpg 768w\" sizes=\"(max-width: 1024px) 100vw, 1024px\" \/><\/p>\n<p><img loading=\"lazy\" decoding=\"async\" class=\"aligncenter wp-image-7570 size-full\" src=\"https:\/\/graphimarket.com\/wp-content\/uploads\/2020\/09\/04-front-scene-1024x683-2.jpg\" alt=\"\" width=\"1024\" height=\"683\" srcset=\"https:\/\/graphimarket.com\/wp-content\/uploads\/2020\/09\/04-front-scene-1024x683-2.jpg 1024w, https:\/\/graphimarket.com\/wp-content\/uploads\/2020\/09\/04-front-scene-1024x683-2-600x400.jpg 600w, https:\/\/graphimarket.com\/wp-content\/uploads\/2020\/09\/04-front-scene-1024x683-2-300x200.jpg 300w, https:\/\/graphimarket.com\/wp-content\/uploads\/2020\/09\/04-front-scene-1024x683-2-768x512.jpg 768w\" sizes=\"(max-width: 1024px) 100vw, 1024px\" \/><\/p>\n<p><img loading=\"lazy\" decoding=\"async\" class=\"aligncenter wp-image-7571 size-full\" src=\"https:\/\/graphimarket.com\/wp-content\/uploads\/2020\/09\/04-top-scene-1024x683-2.jpg\" alt=\"\" width=\"1024\" height=\"683\" srcset=\"https:\/\/graphimarket.com\/wp-content\/uploads\/2020\/09\/04-top-scene-1024x683-2.jpg 1024w, https:\/\/graphimarket.com\/wp-content\/uploads\/2020\/09\/04-top-scene-1024x683-2-600x400.jpg 600w, https:\/\/graphimarket.com\/wp-content\/uploads\/2020\/09\/04-top-scene-1024x683-2-300x200.jpg 300w, https:\/\/graphimarket.com\/wp-content\/uploads\/2020\/09\/04-top-scene-1024x683-2-768x512.jpg 768w\" sizes=\"(max-width: 1024px) 100vw, 1024px\" \/><\/p>\n<p><img loading=\"lazy\" decoding=\"async\" class=\"aligncenter wp-image-7572 size-full\" src=\"https:\/\/graphimarket.com\/wp-content\/uploads\/2020\/09\/05-front-scene-1024x683-2.jpg\" alt=\"\" width=\"1024\" height=\"683\" srcset=\"https:\/\/graphimarket.com\/wp-content\/uploads\/2020\/09\/05-front-scene-1024x683-2.jpg 1024w, https:\/\/graphimarket.com\/wp-content\/uploads\/2020\/09\/05-front-scene-1024x683-2-600x400.jpg 600w, https:\/\/graphimarket.com\/wp-content\/uploads\/2020\/09\/05-front-scene-1024x683-2-300x200.jpg 300w, https:\/\/graphimarket.com\/wp-content\/uploads\/2020\/09\/05-front-scene-1024x683-2-768x512.jpg 768w\" sizes=\"(max-width: 1024px) 100vw, 1024px\" \/><\/p>\n<p><img loading=\"lazy\" decoding=\"async\" class=\"aligncenter wp-image-7573 size-full\" src=\"https:\/\/graphimarket.com\/wp-content\/uploads\/2020\/09\/01-top-scene-1-1024x683-2.jpg\" alt=\"\" width=\"1024\" height=\"683\" srcset=\"https:\/\/graphimarket.com\/wp-content\/uploads\/2020\/09\/01-top-scene-1-1024x683-2.jpg 1024w, https:\/\/graphimarket.com\/wp-content\/uploads\/2020\/09\/01-top-scene-1-1024x683-2-600x400.jpg 600w, https:\/\/graphimarket.com\/wp-content\/uploads\/2020\/09\/01-top-scene-1-1024x683-2-300x200.jpg 300w, https:\/\/graphimarket.com\/wp-content\/uploads\/2020\/09\/01-top-scene-1-1024x683-2-768x512.jpg 768w\" sizes=\"(max-width: 1024px) 100vw, 1024px\" \/><\/p>\n<p>&nbsp;<\/p>\n<p>A \u00e9poca mais popular para come\u00e7ar a decorar para o Halloween \u00e9 nas duas primeiras semanas de outubro. No entanto, voc\u00ea pode come\u00e7ar a colocar decora\u00e7\u00f5es para o Halloween j\u00e1 no final de setembro. Aproveite este Halloween com este incr\u00edvel presente gratuito da Inky Deals!<\/p>\n<h3>Pegue este brinde agora!<\/h3>\n<h3>Termos da oferta para criadores de cenas de Halloween:<\/h3>\n<ul>\n<li>Este pacote est\u00e1 dispon\u00edvel para download instant\u00e2neo, ap\u00f3s a conclus\u00e3o da compra.<\/li>\n<li>O pacote pode ser usado para fins pessoais e comerciais com um n\u00famero ilimitado de projetos.<\/li>\n<li>Os produtos finais n\u00e3o devem ser usados ou vendidos de uma forma que seja diretamente competitiva com o item original que voc\u00ea comprou.<\/li>\n<li>Voc\u00ea ter\u00e1 acesso vital\u00edcio ao pacote.<\/li>\n<li>Este pacote est\u00e1 dispon\u00edvel para download instant\u00e2neo, ap\u00f3s a conclus\u00e3o da compra.<\/li>\n<li>O pacote pode ser usado para fins pessoais e comerciais com um n\u00famero ilimitado de projetos.<\/li>\n<li>Os produtos finais n\u00e3o devem ser usados ou vendidos de uma forma que seja diretamente competitiva com o item original que voc\u00ea comprou.<\/li>\n<li>Ele n\u00e3o pode ser sublicenciado, revendido, compartilhado, transferido ou redistribu\u00eddo por conta pr\u00f3pria. Voc\u00ea n\u00e3o pode compartilhar esses recursos com outras pessoas.<\/li>\n<li>Voc\u00ea ter\u00e1 acesso vital\u00edcio ao pacote.<\/li>\n<li>Este acordo vem com uma licen\u00e7a comercial estendida para que voc\u00ea possa usar este pacote para projetos pessoais e comerciais ilimitados!<\/li>\n<\/ul>\n<p>&nbsp;<\/p>","protected":false},"excerpt":{"rendered":"<p>Halloween Scene Creators \u2013 Enjoy this Halloween with this awesome free gift! This freebie includes 8 Scene Creators and more than 100 elements that you can use to create awesome Halloween Designs! Your Halloween graphic designs are the most significant decisive factor for consumers. This is the first step in making that initial sales pitch [&hellip;]<\/p>\n","protected":false},"featured_media":7564,"comment_status":"open","ping_status":"closed","template":"","meta":{"site-sidebar-layout":"default","site-content-layout":"default","ast-site-content-layout":"default","site-content-style":"default","site-sidebar-style":"default","ast-global-header-display":"","ast-banner-title-visibility":"","ast-main-header-display":"","ast-hfb-above-header-display":"","ast-hfb-below-header-display":"","ast-hfb-mobile-header-display":"","site-post-title":"","ast-breadcrumbs-content":"","ast-featured-img":"","footer-sml-layout":"","ast-disable-related-posts":"","theme-transparent-header-meta":"default","adv-header-id-meta":"","stick-header-meta":"","header-above-stick-meta":"","header-main-stick-meta":"","header-below-stick-meta":"","astra-migrate-meta-layouts":"default","ast-page-background-enabled":"default","ast-page-background-meta":{"desktop":{"background-color":"","background-image":"","background-repeat":"repeat","background-position":"center center","background-size":"auto","background-attachment":"scroll","background-type":"","background-media":"","overlay-type":"","overlay-color":"","overlay-opacity":"","overlay-gradient":""},"tablet":{"background-color":"","background-image":"","background-repeat":"repeat","background-position":"center center","background-size":"auto","background-attachment":"scroll","background-type":"","background-media":"","overlay-type":"","overlay-color":"","overlay-opacity":"","overlay-gradient":""},"mobile":{"background-color":"","background-image":"","background-repeat":"repeat","background-position":"center center","background-size":"auto","background-attachment":"scroll","background-type":"","background-media":"","overlay-type":"","overlay-color":"","overlay-opacity":"","overlay-gradient":""}},"ast-content-background-meta":{"desktop":{"background-color":"var(--ast-global-color-5)","background-image":"","background-repeat":"repeat","background-position":"center center","background-size":"auto","background-attachment":"scroll","background-type":"","background-media":"","overlay-type":"","overlay-color":"","overlay-opacity":"","overlay-gradient":""},"tablet":{"background-color":"var(--ast-global-color-5)","background-image":"","background-repeat":"repeat","background-position":"center center","background-size":"auto","background-attachment":"scroll","background-type":"","background-media":"","overlay-type":"","overlay-color":"","overlay-opacity":"","overlay-gradient":""},"mobile":{"background-color":"var(--ast-global-color-5)","background-image":"","background-repeat":"repeat","background-position":"center center","background-size":"auto","background-attachment":"scroll","background-type":"","background-media":"","overlay-type":"","overlay-color":"","overlay-opacity":"","overlay-gradient":""}}},"product_brand":[],"product_cat":[99,191,46,195,176],"product_tag":[],"class_list":{"0":"post-7563","1":"product","2":"type-product","3":"status-publish","4":"has-post-thumbnail","6":"product_cat-backgrounds","7":"product_cat-free","8":"product_cat-graphics","9":"product_cat-photoshop","10":"product_cat-vectors","11":"desktop-align-left","12":"tablet-align-left","13":"mobile-align-left","15":"first","16":"instock","17":"sale","18":"downloadable","19":"virtual","20":"taxable","21":"purchasable","22":"product-type-simple"},"yoast_head":"<!-- This site is optimized with the Yoast SEO plugin v27.3 - https:\/\/yoast.com\/product\/yoast-seo-wordpress\/ -->\n<title>Halloween Scene Creators - Graphimarket<\/title>\n<meta name=\"description\" content=\"Halloween Scene Creators \u2013 Enjoy this Halloween with this awesome free gift from Inky Deals!This freebie includes 8 Scene Creators...\" \/>\n<meta name=\"robots\" content=\"index, follow, max-snippet:-1, max-image-preview:large, max-video-preview:-1\" \/>\n<link rel=\"canonical\" href=\"https:\/\/graphimarket.com\/pt\/product\/halloween-scene-creators-2\/\" \/>\n<meta property=\"og:locale\" content=\"pt_PT\" \/>\n<meta property=\"og:type\" content=\"article\" \/>\n<meta property=\"og:title\" content=\"Halloween Scene Creators - Graphimarket\" \/>\n<meta property=\"og:description\" content=\"Halloween Scene Creators \u2013 Enjoy this Halloween with this awesome free gift from Inky Deals!This freebie includes 8 Scene Creators...\" \/>\n<meta property=\"og:url\" content=\"https:\/\/graphimarket.com\/pt\/product\/halloween-scene-creators-2\/\" \/>\n<meta property=\"og:site_name\" content=\"Graphimarket\" \/>\n<meta property=\"article:modified_time\" content=\"2022-12-19T22:29:37+00:00\" \/>\n<meta property=\"og:image\" content=\"https:\/\/graphimarket.com\/wp-content\/uploads\/2020\/09\/Feature-Image-800x516-2.jpg\" \/>\n\t<meta property=\"og:image:width\" content=\"800\" \/>\n\t<meta property=\"og:image:height\" content=\"516\" \/>\n\t<meta property=\"og:image:type\" content=\"image\/jpeg\" \/>\n<meta name=\"twitter:card\" content=\"summary_large_image\" \/>\n<meta name=\"twitter:label1\" content=\"Est. reading time\" \/>\n\t<meta name=\"twitter:data1\" content=\"2 minutes\" \/>\n<script type=\"application\/ld+json\" class=\"yoast-schema-graph\">{\"@context\":\"https:\\\/\\\/schema.org\",\"@graph\":[{\"@type\":\"WebPage\",\"@id\":\"https:\\\/\\\/graphimarket.com\\\/product\\\/halloween-scene-creators-2\\\/\",\"url\":\"https:\\\/\\\/graphimarket.com\\\/product\\\/halloween-scene-creators-2\\\/\",\"name\":\"Halloween Scene Creators - Graphimarket\",\"isPartOf\":{\"@id\":\"https:\\\/\\\/graphimarket.com\\\/fr\\\/#website\"},\"primaryImageOfPage\":{\"@id\":\"https:\\\/\\\/graphimarket.com\\\/product\\\/halloween-scene-creators-2\\\/#primaryimage\"},\"image\":{\"@id\":\"https:\\\/\\\/graphimarket.com\\\/product\\\/halloween-scene-creators-2\\\/#primaryimage\"},\"thumbnailUrl\":\"https:\\\/\\\/graphimarket.com\\\/wp-content\\\/uploads\\\/2020\\\/09\\\/Feature-Image-800x516-2.jpg\",\"datePublished\":\"2020-09-03T13:40:55+00:00\",\"dateModified\":\"2022-12-19T22:29:37+00:00\",\"description\":\"Halloween Scene Creators \u2013 Enjoy this Halloween with this awesome free gift from Inky Deals!This freebie includes 8 Scene Creators...\",\"breadcrumb\":{\"@id\":\"https:\\\/\\\/graphimarket.com\\\/product\\\/halloween-scene-creators-2\\\/#breadcrumb\"},\"inLanguage\":\"pt-PT\",\"potentialAction\":[{\"@type\":\"ReadAction\",\"target\":[\"https:\\\/\\\/graphimarket.com\\\/product\\\/halloween-scene-creators-2\\\/\"]}]},{\"@type\":\"ImageObject\",\"inLanguage\":\"pt-PT\",\"@id\":\"https:\\\/\\\/graphimarket.com\\\/product\\\/halloween-scene-creators-2\\\/#primaryimage\",\"url\":\"https:\\\/\\\/graphimarket.com\\\/wp-content\\\/uploads\\\/2020\\\/09\\\/Feature-Image-800x516-2.jpg\",\"contentUrl\":\"https:\\\/\\\/graphimarket.com\\\/wp-content\\\/uploads\\\/2020\\\/09\\\/Feature-Image-800x516-2.jpg\",\"width\":800,\"height\":516},{\"@type\":\"BreadcrumbList\",\"@id\":\"https:\\\/\\\/graphimarket.com\\\/product\\\/halloween-scene-creators-2\\\/#breadcrumb\",\"itemListElement\":[{\"@type\":\"ListItem\",\"position\":1,\"name\":\"Home\",\"item\":\"https:\\\/\\\/graphimarket.com\\\/es\\\/\"},{\"@type\":\"ListItem\",\"position\":2,\"name\":\"Store\",\"item\":\"https:\\\/\\\/graphimarket.com\\\/store\\\/\"},{\"@type\":\"ListItem\",\"position\":3,\"name\":\"Halloween Scene Creators\"}]},{\"@type\":\"WebSite\",\"@id\":\"https:\\\/\\\/graphimarket.com\\\/fr\\\/#website\",\"url\":\"https:\\\/\\\/graphimarket.com\\\/fr\\\/\",\"name\":\"Graphimarket\",\"description\":\"Find the perfect creative asset to bring your project to life\",\"publisher\":{\"@id\":\"https:\\\/\\\/graphimarket.com\\\/fr\\\/#organization\"},\"potentialAction\":[{\"@type\":\"SearchAction\",\"target\":{\"@type\":\"EntryPoint\",\"urlTemplate\":\"https:\\\/\\\/graphimarket.com\\\/fr\\\/?s={search_term_string}\"},\"query-input\":{\"@type\":\"PropertyValueSpecification\",\"valueRequired\":true,\"valueName\":\"search_term_string\"}}],\"inLanguage\":\"pt-PT\"},{\"@type\":\"Organization\",\"@id\":\"https:\\\/\\\/graphimarket.com\\\/fr\\\/#organization\",\"name\":\"Graphimarket\",\"url\":\"https:\\\/\\\/graphimarket.com\\\/fr\\\/\",\"logo\":{\"@type\":\"ImageObject\",\"inLanguage\":\"pt-PT\",\"@id\":\"https:\\\/\\\/graphimarket.com\\\/fr\\\/#\\\/schema\\\/logo\\\/image\\\/\",\"url\":\"https:\\\/\\\/graphimarket.com\\\/wp-content\\\/uploads\\\/2020\\\/08\\\/logo-48.png\",\"contentUrl\":\"https:\\\/\\\/graphimarket.com\\\/wp-content\\\/uploads\\\/2020\\\/08\\\/logo-48.png\",\"width\":132,\"height\":48,\"caption\":\"Graphimarket\"},\"image\":{\"@id\":\"https:\\\/\\\/graphimarket.com\\\/fr\\\/#\\\/schema\\\/logo\\\/image\\\/\"}}]}<\/script>\n<!-- \/ Yoast SEO plugin. -->","yoast_head_json":{"title":"Criadores de cenas de Halloween - Graphimarket","description":"Criadores de cenas de Halloween - Aproveite este Halloween com este incr\u00edvel presente gratuito da Inky Deals! Este brinde inclui 8 criadores de cenas ...","robots":{"index":"index","follow":"follow","max-snippet":"max-snippet:-1","max-image-preview":"max-image-preview:large","max-video-preview":"max-video-preview:-1"},"canonical":"https:\/\/graphimarket.com\/pt\/product\/halloween-scene-creators-2\/","og_locale":"pt_PT","og_type":"article","og_title":"Halloween Scene Creators - Graphimarket","og_description":"Halloween Scene Creators \u2013 Enjoy this Halloween with this awesome free gift from Inky Deals!This freebie includes 8 Scene Creators...","og_url":"https:\/\/graphimarket.com\/pt\/product\/halloween-scene-creators-2\/","og_site_name":"Graphimarket","article_modified_time":"2022-12-19T22:29:37+00:00","og_image":[{"width":800,"height":516,"url":"https:\/\/graphimarket.com\/wp-content\/uploads\/2020\/09\/Feature-Image-800x516-2.jpg","type":"image\/jpeg"}],"twitter_card":"summary_large_image","twitter_misc":{"Est. reading time":"2 minutes"},"schema":{"@context":"https:\/\/schema.org","@graph":[{"@type":"WebPage","@id":"https:\/\/graphimarket.com\/product\/halloween-scene-creators-2\/","url":"https:\/\/graphimarket.com\/product\/halloween-scene-creators-2\/","name":"Criadores de cenas de Halloween - Graphimarket","isPartOf":{"@id":"https:\/\/graphimarket.com\/fr\/#website"},"primaryImageOfPage":{"@id":"https:\/\/graphimarket.com\/product\/halloween-scene-creators-2\/#primaryimage"},"image":{"@id":"https:\/\/graphimarket.com\/product\/halloween-scene-creators-2\/#primaryimage"},"thumbnailUrl":"https:\/\/graphimarket.com\/wp-content\/uploads\/2020\/09\/Feature-Image-800x516-2.jpg","datePublished":"2020-09-03T13:40:55+00:00","dateModified":"2022-12-19T22:29:37+00:00","description":"Criadores de cenas de Halloween - Aproveite este Halloween com este incr\u00edvel presente gratuito da Inky Deals! Este brinde inclui 8 criadores de cenas ...","breadcrumb":{"@id":"https:\/\/graphimarket.com\/product\/halloween-scene-creators-2\/#breadcrumb"},"inLanguage":"pt-PT","potentialAction":[{"@type":"ReadAction","target":["https:\/\/graphimarket.com\/product\/halloween-scene-creators-2\/"]}]},{"@type":"ImageObject","inLanguage":"pt-PT","@id":"https:\/\/graphimarket.com\/product\/halloween-scene-creators-2\/#primaryimage","url":"https:\/\/graphimarket.com\/wp-content\/uploads\/2020\/09\/Feature-Image-800x516-2.jpg","contentUrl":"https:\/\/graphimarket.com\/wp-content\/uploads\/2020\/09\/Feature-Image-800x516-2.jpg","width":800,"height":516},{"@type":"BreadcrumbList","@id":"https:\/\/graphimarket.com\/product\/halloween-scene-creators-2\/#breadcrumb","itemListElement":[{"@type":"ListItem","position":1,"name":"Home","item":"https:\/\/graphimarket.com\/es\/"},{"@type":"ListItem","position":2,"name":"Store","item":"https:\/\/graphimarket.com\/store\/"},{"@type":"ListItem","position":3,"name":"Halloween Scene Creators"}]},{"@type":"WebSite","@id":"https:\/\/graphimarket.com\/fr\/#website","url":"https:\/\/graphimarket.com\/fr\/","name":"Graphimarket","description":"Encontre o ativo criativo perfeito para dar vida ao seu projeto","publisher":{"@id":"https:\/\/graphimarket.com\/fr\/#organization"},"potentialAction":[{"@type":"SearchAction","target":{"@type":"EntryPoint","urlTemplate":"https:\/\/graphimarket.com\/fr\/?s={search_term_string}"},"query-input":{"@type":"PropertyValueSpecification","valueRequired":true,"valueName":"search_term_string"}}],"inLanguage":"pt-PT"},{"@type":"Organization","@id":"https:\/\/graphimarket.com\/fr\/#organization","name":"Graphimarket","url":"https:\/\/graphimarket.com\/fr\/","logo":{"@type":"ImageObject","inLanguage":"pt-PT","@id":"https:\/\/graphimarket.com\/fr\/#\/schema\/logo\/image\/","url":"https:\/\/graphimarket.com\/wp-content\/uploads\/2020\/08\/logo-48.png","contentUrl":"https:\/\/graphimarket.com\/wp-content\/uploads\/2020\/08\/logo-48.png","width":132,"height":48,"caption":"Graphimarket"},"image":{"@id":"https:\/\/graphimarket.com\/fr\/#\/schema\/logo\/image\/"}}]}},"_links":{"self":[{"href":"https:\/\/graphimarket.com\/pt\/wp-json\/wp\/v2\/product\/7563","targetHints":{"allow":["GET"]}}],"collection":[{"href":"https:\/\/graphimarket.com\/pt\/wp-json\/wp\/v2\/product"}],"about":[{"href":"https:\/\/graphimarket.com\/pt\/wp-json\/wp\/v2\/types\/product"}],"replies":[{"embeddable":true,"href":"https:\/\/graphimarket.com\/pt\/wp-json\/wp\/v2\/comments?post=7563"}],"version-history":[{"count":0,"href":"https:\/\/graphimarket.com\/pt\/wp-json\/wp\/v2\/product\/7563\/revisions"}],"wp:featuredmedia":[{"embeddable":true,"href":"https:\/\/graphimarket.com\/pt\/wp-json\/wp\/v2\/media\/7564"}],"wp:attachment":[{"href":"https:\/\/graphimarket.com\/pt\/wp-json\/wp\/v2\/media?parent=7563"}],"wp:term":[{"taxonomy":"product_brand","embeddable":true,"href":"https:\/\/graphimarket.com\/pt\/wp-json\/wp\/v2\/product_brand?post=7563"},{"taxonomy":"product_cat","embeddable":true,"href":"https:\/\/graphimarket.com\/pt\/wp-json\/wp\/v2\/product_cat?post=7563"},{"taxonomy":"product_tag","embeddable":true,"href":"https:\/\/graphimarket.com\/pt\/wp-json\/wp\/v2\/product_tag?post=7563"}],"curies":[{"name":"wp","href":"https:\/\/api.w.org\/{rel}","templated":true}]}}