{"id":7636,"date":"2020-09-07T10:42:42","date_gmt":"2020-09-07T08:42:42","guid":{"rendered":"https:\/\/graphimarket.com\/?post_type=product&#038;p=7636"},"modified":"2022-12-19T23:28:53","modified_gmt":"2022-12-19T22:28:53","slug":"10-super-high-resolution-textures-patterns","status":"publish","type":"product","link":"https:\/\/graphimarket.com\/pt\/product\/10-super-high-resolution-textures-patterns\/","title":{"rendered":"10 texturas e padr\u00f5es de super alta resolu\u00e7\u00e3o"},"content":{"rendered":"<p>10 texturas e padr\u00f5es de super alta resolu\u00e7\u00e3o<\/p>\n<p>Supere seu bloqueio de criatividade com alguns\u00a0<strong>recursos de inspira\u00e7\u00e3o gratuitos<\/strong><\/p>\n<p><strong>10 texturas e padr\u00f5es de alta resolu\u00e7\u00e3o<\/strong>\u00a0est\u00e3o esperando para serem adicionados \u00e0 sua cole\u00e7\u00e3o!<br \/>\nAs texturas e padr\u00f5es que listamos aqui s\u00e3o os melhores dispon\u00edveis agora, ent\u00e3o n\u00e3o os perca!<\/p>\n<p>Sinta-se \u00e0 vontade para us\u00e1-los em seus projetos e nos diga se voc\u00ea os achar \u00fateis!<\/p>\n<h2 style=\"text-align: center;\">D\u00ea uma olhada no que voc\u00ea ganha:<\/h2>\n<p>&nbsp;<\/p>\n<p><img fetchpriority=\"high\" decoding=\"async\" class=\"aligncenter wp-image-7638 size-full\" src=\"https:\/\/graphimarket.com\/wp-content\/uploads\/2020\/09\/10-super-high-res-textures-preview-1.jpg\" alt=\"\" width=\"630\" height=\"1501\" srcset=\"https:\/\/graphimarket.com\/wp-content\/uploads\/2020\/09\/10-super-high-res-textures-preview-1.jpg 630w, https:\/\/graphimarket.com\/wp-content\/uploads\/2020\/09\/10-super-high-res-textures-preview-1-600x1430.jpg 600w, https:\/\/graphimarket.com\/wp-content\/uploads\/2020\/09\/10-super-high-res-textures-preview-1-126x300.jpg 126w, https:\/\/graphimarket.com\/wp-content\/uploads\/2020\/09\/10-super-high-res-textures-preview-1-430x1024.jpg 430w\" sizes=\"(max-width: 630px) 100vw, 630px\" \/><\/p>\n<p>&nbsp;<\/p>\n<p>&nbsp;<\/p>","protected":false},"excerpt":{"rendered":"<p>10 Super High-Resolution Textures &amp; Patterns Overcome your creativity block with some\u00a0free inspirational resources 10 Hi-Res Textures and Patterns\u00a0are waiting to be added to your collection! The textures and patterns we have listed here are the best available now, so don\u2019t miss them! Please feel free to use them in your projects and let us [&hellip;]<\/p>\n","protected":false},"featured_media":7637,"comment_status":"open","ping_status":"closed","template":"","meta":{"site-sidebar-layout":"default","site-content-layout":"default","ast-site-content-layout":"default","site-content-style":"default","site-sidebar-style":"default","ast-global-header-display":"","ast-banner-title-visibility":"","ast-main-header-display":"","ast-hfb-above-header-display":"","ast-hfb-below-header-display":"","ast-hfb-mobile-header-display":"","site-post-title":"","ast-breadcrumbs-content":"","ast-featured-img":"","footer-sml-layout":"","ast-disable-related-posts":"","theme-transparent-header-meta":"default","adv-header-id-meta":"","stick-header-meta":"","header-above-stick-meta":"","header-main-stick-meta":"","header-below-stick-meta":"","astra-migrate-meta-layouts":"default","ast-page-background-enabled":"default","ast-page-background-meta":{"desktop":{"background-color":"","background-image":"","background-repeat":"repeat","background-position":"center center","background-size":"auto","background-attachment":"scroll","background-type":"","background-media":"","overlay-type":"","overlay-color":"","overlay-opacity":"","overlay-gradient":""},"tablet":{"background-color":"","background-image":"","background-repeat":"repeat","background-position":"center center","background-size":"auto","background-attachment":"scroll","background-type":"","background-media":"","overlay-type":"","overlay-color":"","overlay-opacity":"","overlay-gradient":""},"mobile":{"background-color":"","background-image":"","background-repeat":"repeat","background-position":"center center","background-size":"auto","background-attachment":"scroll","background-type":"","background-media":"","overlay-type":"","overlay-color":"","overlay-opacity":"","overlay-gradient":""}},"ast-content-background-meta":{"desktop":{"background-color":"var(--ast-global-color-5)","background-image":"","background-repeat":"repeat","background-position":"center center","background-size":"auto","background-attachment":"scroll","background-type":"","background-media":"","overlay-type":"","overlay-color":"","overlay-opacity":"","overlay-gradient":""},"tablet":{"background-color":"var(--ast-global-color-5)","background-image":"","background-repeat":"repeat","background-position":"center center","background-size":"auto","background-attachment":"scroll","background-type":"","background-media":"","overlay-type":"","overlay-color":"","overlay-opacity":"","overlay-gradient":""},"mobile":{"background-color":"var(--ast-global-color-5)","background-image":"","background-repeat":"repeat","background-position":"center center","background-size":"auto","background-attachment":"scroll","background-type":"","background-media":"","overlay-type":"","overlay-color":"","overlay-opacity":"","overlay-gradient":""}}},"product_brand":[],"product_cat":[191,46,15,195,164,170],"product_tag":[],"class_list":{"0":"post-7636","1":"product","2":"type-product","3":"status-publish","4":"has-post-thumbnail","6":"product_cat-free","7":"product_cat-graphics","8":"product_cat-photo","9":"product_cat-photoshop","10":"product_cat-software","11":"product_cat-textures","12":"desktop-align-left","13":"tablet-align-left","14":"mobile-align-left","16":"first","17":"instock","18":"sale","19":"downloadable","20":"virtual","21":"taxable","22":"purchasable","23":"product-type-simple"},"yoast_head":"<!-- This site is optimized with the Yoast SEO plugin v27.3 - https:\/\/yoast.com\/product\/yoast-seo-wordpress\/ -->\n<title>10 Super High-Resolution Textures &amp; Patterns - Graphimarket<\/title>\n<meta name=\"description\" content=\"Overcome your creativity block with some\u00a0free inspirational resources\u00a010 Hi-Res Textures and Patterns\u00a0are waiting to be added to...\" \/>\n<meta name=\"robots\" content=\"index, follow, max-snippet:-1, max-image-preview:large, max-video-preview:-1\" \/>\n<link rel=\"canonical\" href=\"https:\/\/graphimarket.com\/pt\/product\/10-super-high-resolution-textures-patterns\/\" \/>\n<meta property=\"og:locale\" content=\"pt_PT\" \/>\n<meta property=\"og:type\" content=\"article\" \/>\n<meta property=\"og:title\" content=\"10 Super High-Resolution Textures &amp; Patterns - Graphimarket\" \/>\n<meta property=\"og:description\" content=\"Overcome your creativity block with some\u00a0free inspirational resources\u00a010 Hi-Res Textures and Patterns\u00a0are waiting to be added to...\" \/>\n<meta property=\"og:url\" content=\"https:\/\/graphimarket.com\/pt\/product\/10-super-high-resolution-textures-patterns\/\" \/>\n<meta property=\"og:site_name\" content=\"Graphimarket\" \/>\n<meta property=\"article:modified_time\" content=\"2022-12-19T22:28:53+00:00\" \/>\n<meta property=\"og:image\" content=\"https:\/\/graphimarket.com\/wp-content\/uploads\/2020\/09\/10-super-high-res-textures-preview.jpg\" \/>\n\t<meta property=\"og:image:width\" content=\"520\" \/>\n\t<meta property=\"og:image:height\" content=\"360\" \/>\n\t<meta property=\"og:image:type\" content=\"image\/jpeg\" \/>\n<meta name=\"twitter:card\" content=\"summary_large_image\" \/>\n<script type=\"application\/ld+json\" class=\"yoast-schema-graph\">{\"@context\":\"https:\\\/\\\/schema.org\",\"@graph\":[{\"@type\":\"WebPage\",\"@id\":\"https:\\\/\\\/graphimarket.com\\\/product\\\/10-super-high-resolution-textures-patterns\\\/\",\"url\":\"https:\\\/\\\/graphimarket.com\\\/product\\\/10-super-high-resolution-textures-patterns\\\/\",\"name\":\"10 Super High-Resolution Textures & Patterns - Graphimarket\",\"isPartOf\":{\"@id\":\"https:\\\/\\\/graphimarket.com\\\/fr\\\/#website\"},\"primaryImageOfPage\":{\"@id\":\"https:\\\/\\\/graphimarket.com\\\/product\\\/10-super-high-resolution-textures-patterns\\\/#primaryimage\"},\"image\":{\"@id\":\"https:\\\/\\\/graphimarket.com\\\/product\\\/10-super-high-resolution-textures-patterns\\\/#primaryimage\"},\"thumbnailUrl\":\"https:\\\/\\\/graphimarket.com\\\/wp-content\\\/uploads\\\/2020\\\/09\\\/10-super-high-res-textures-preview.jpg\",\"datePublished\":\"2020-09-07T08:42:42+00:00\",\"dateModified\":\"2022-12-19T22:28:53+00:00\",\"description\":\"Overcome your creativity block with some\u00a0free inspirational resources\u00a010 Hi-Res Textures and Patterns\u00a0are waiting to be added to...\",\"breadcrumb\":{\"@id\":\"https:\\\/\\\/graphimarket.com\\\/product\\\/10-super-high-resolution-textures-patterns\\\/#breadcrumb\"},\"inLanguage\":\"pt-PT\",\"potentialAction\":[{\"@type\":\"ReadAction\",\"target\":[\"https:\\\/\\\/graphimarket.com\\\/product\\\/10-super-high-resolution-textures-patterns\\\/\"]}]},{\"@type\":\"ImageObject\",\"inLanguage\":\"pt-PT\",\"@id\":\"https:\\\/\\\/graphimarket.com\\\/product\\\/10-super-high-resolution-textures-patterns\\\/#primaryimage\",\"url\":\"https:\\\/\\\/graphimarket.com\\\/wp-content\\\/uploads\\\/2020\\\/09\\\/10-super-high-res-textures-preview.jpg\",\"contentUrl\":\"https:\\\/\\\/graphimarket.com\\\/wp-content\\\/uploads\\\/2020\\\/09\\\/10-super-high-res-textures-preview.jpg\",\"width\":520,\"height\":360},{\"@type\":\"BreadcrumbList\",\"@id\":\"https:\\\/\\\/graphimarket.com\\\/product\\\/10-super-high-resolution-textures-patterns\\\/#breadcrumb\",\"itemListElement\":[{\"@type\":\"ListItem\",\"position\":1,\"name\":\"Home\",\"item\":\"https:\\\/\\\/graphimarket.com\\\/es\\\/\"},{\"@type\":\"ListItem\",\"position\":2,\"name\":\"Store\",\"item\":\"https:\\\/\\\/graphimarket.com\\\/store\\\/\"},{\"@type\":\"ListItem\",\"position\":3,\"name\":\"10 Super High-Resolution Textures &#038; Patterns\"}]},{\"@type\":\"WebSite\",\"@id\":\"https:\\\/\\\/graphimarket.com\\\/fr\\\/#website\",\"url\":\"https:\\\/\\\/graphimarket.com\\\/fr\\\/\",\"name\":\"Graphimarket\",\"description\":\"Find the perfect creative asset to bring your project to life\",\"publisher\":{\"@id\":\"https:\\\/\\\/graphimarket.com\\\/fr\\\/#organization\"},\"potentialAction\":[{\"@type\":\"SearchAction\",\"target\":{\"@type\":\"EntryPoint\",\"urlTemplate\":\"https:\\\/\\\/graphimarket.com\\\/fr\\\/?s={search_term_string}\"},\"query-input\":{\"@type\":\"PropertyValueSpecification\",\"valueRequired\":true,\"valueName\":\"search_term_string\"}}],\"inLanguage\":\"pt-PT\"},{\"@type\":\"Organization\",\"@id\":\"https:\\\/\\\/graphimarket.com\\\/fr\\\/#organization\",\"name\":\"Graphimarket\",\"url\":\"https:\\\/\\\/graphimarket.com\\\/fr\\\/\",\"logo\":{\"@type\":\"ImageObject\",\"inLanguage\":\"pt-PT\",\"@id\":\"https:\\\/\\\/graphimarket.com\\\/fr\\\/#\\\/schema\\\/logo\\\/image\\\/\",\"url\":\"https:\\\/\\\/graphimarket.com\\\/wp-content\\\/uploads\\\/2020\\\/08\\\/logo-48.png\",\"contentUrl\":\"https:\\\/\\\/graphimarket.com\\\/wp-content\\\/uploads\\\/2020\\\/08\\\/logo-48.png\",\"width\":132,\"height\":48,\"caption\":\"Graphimarket\"},\"image\":{\"@id\":\"https:\\\/\\\/graphimarket.com\\\/fr\\\/#\\\/schema\\\/logo\\\/image\\\/\"}}]}<\/script>\n<!-- \/ Yoast SEO plugin. -->","yoast_head_json":{"title":"10 texturas e padr\u00f5es de alta resolu\u00e7\u00e3o - Graphimarket","description":"Supere seu bloqueio de criatividade com alguns recursos de inspira\u00e7\u00e3o gratuitos 10 texturas e padr\u00f5es de alta resolu\u00e7\u00e3o est\u00e3o esperando para serem adicionados a ...","robots":{"index":"index","follow":"follow","max-snippet":"max-snippet:-1","max-image-preview":"max-image-preview:large","max-video-preview":"max-video-preview:-1"},"canonical":"https:\/\/graphimarket.com\/pt\/product\/10-super-high-resolution-textures-patterns\/","og_locale":"pt_PT","og_type":"article","og_title":"10 Super High-Resolution Textures & Patterns - Graphimarket","og_description":"Overcome your creativity block with some\u00a0free inspirational resources\u00a010 Hi-Res Textures and Patterns\u00a0are waiting to be added to...","og_url":"https:\/\/graphimarket.com\/pt\/product\/10-super-high-resolution-textures-patterns\/","og_site_name":"Graphimarket","article_modified_time":"2022-12-19T22:28:53+00:00","og_image":[{"width":520,"height":360,"url":"https:\/\/graphimarket.com\/wp-content\/uploads\/2020\/09\/10-super-high-res-textures-preview.jpg","type":"image\/jpeg"}],"twitter_card":"summary_large_image","schema":{"@context":"https:\/\/schema.org","@graph":[{"@type":"WebPage","@id":"https:\/\/graphimarket.com\/product\/10-super-high-resolution-textures-patterns\/","url":"https:\/\/graphimarket.com\/product\/10-super-high-resolution-textures-patterns\/","name":"10 texturas e padr\u00f5es de alta resolu\u00e7\u00e3o - Graphimarket","isPartOf":{"@id":"https:\/\/graphimarket.com\/fr\/#website"},"primaryImageOfPage":{"@id":"https:\/\/graphimarket.com\/product\/10-super-high-resolution-textures-patterns\/#primaryimage"},"image":{"@id":"https:\/\/graphimarket.com\/product\/10-super-high-resolution-textures-patterns\/#primaryimage"},"thumbnailUrl":"https:\/\/graphimarket.com\/wp-content\/uploads\/2020\/09\/10-super-high-res-textures-preview.jpg","datePublished":"2020-09-07T08:42:42+00:00","dateModified":"2022-12-19T22:28:53+00:00","description":"Supere seu bloqueio de criatividade com alguns recursos de inspira\u00e7\u00e3o gratuitos 10 texturas e padr\u00f5es de alta resolu\u00e7\u00e3o est\u00e3o esperando para serem adicionados a ...","breadcrumb":{"@id":"https:\/\/graphimarket.com\/product\/10-super-high-resolution-textures-patterns\/#breadcrumb"},"inLanguage":"pt-PT","potentialAction":[{"@type":"ReadAction","target":["https:\/\/graphimarket.com\/product\/10-super-high-resolution-textures-patterns\/"]}]},{"@type":"ImageObject","inLanguage":"pt-PT","@id":"https:\/\/graphimarket.com\/product\/10-super-high-resolution-textures-patterns\/#primaryimage","url":"https:\/\/graphimarket.com\/wp-content\/uploads\/2020\/09\/10-super-high-res-textures-preview.jpg","contentUrl":"https:\/\/graphimarket.com\/wp-content\/uploads\/2020\/09\/10-super-high-res-textures-preview.jpg","width":520,"height":360},{"@type":"BreadcrumbList","@id":"https:\/\/graphimarket.com\/product\/10-super-high-resolution-textures-patterns\/#breadcrumb","itemListElement":[{"@type":"ListItem","position":1,"name":"Home","item":"https:\/\/graphimarket.com\/es\/"},{"@type":"ListItem","position":2,"name":"Store","item":"https:\/\/graphimarket.com\/store\/"},{"@type":"ListItem","position":3,"name":"10 Super High-Resolution Textures &#038; Patterns"}]},{"@type":"WebSite","@id":"https:\/\/graphimarket.com\/fr\/#website","url":"https:\/\/graphimarket.com\/fr\/","name":"Graphimarket","description":"Encontre o ativo criativo perfeito para dar vida ao seu projeto","publisher":{"@id":"https:\/\/graphimarket.com\/fr\/#organization"},"potentialAction":[{"@type":"SearchAction","target":{"@type":"EntryPoint","urlTemplate":"https:\/\/graphimarket.com\/fr\/?s={search_term_string}"},"query-input":{"@type":"PropertyValueSpecification","valueRequired":true,"valueName":"search_term_string"}}],"inLanguage":"pt-PT"},{"@type":"Organization","@id":"https:\/\/graphimarket.com\/fr\/#organization","name":"Graphimarket","url":"https:\/\/graphimarket.com\/fr\/","logo":{"@type":"ImageObject","inLanguage":"pt-PT","@id":"https:\/\/graphimarket.com\/fr\/#\/schema\/logo\/image\/","url":"https:\/\/graphimarket.com\/wp-content\/uploads\/2020\/08\/logo-48.png","contentUrl":"https:\/\/graphimarket.com\/wp-content\/uploads\/2020\/08\/logo-48.png","width":132,"height":48,"caption":"Graphimarket"},"image":{"@id":"https:\/\/graphimarket.com\/fr\/#\/schema\/logo\/image\/"}}]}},"_links":{"self":[{"href":"https:\/\/graphimarket.com\/pt\/wp-json\/wp\/v2\/product\/7636","targetHints":{"allow":["GET"]}}],"collection":[{"href":"https:\/\/graphimarket.com\/pt\/wp-json\/wp\/v2\/product"}],"about":[{"href":"https:\/\/graphimarket.com\/pt\/wp-json\/wp\/v2\/types\/product"}],"replies":[{"embeddable":true,"href":"https:\/\/graphimarket.com\/pt\/wp-json\/wp\/v2\/comments?post=7636"}],"version-history":[{"count":0,"href":"https:\/\/graphimarket.com\/pt\/wp-json\/wp\/v2\/product\/7636\/revisions"}],"wp:featuredmedia":[{"embeddable":true,"href":"https:\/\/graphimarket.com\/pt\/wp-json\/wp\/v2\/media\/7637"}],"wp:attachment":[{"href":"https:\/\/graphimarket.com\/pt\/wp-json\/wp\/v2\/media?parent=7636"}],"wp:term":[{"taxonomy":"product_brand","embeddable":true,"href":"https:\/\/graphimarket.com\/pt\/wp-json\/wp\/v2\/product_brand?post=7636"},{"taxonomy":"product_cat","embeddable":true,"href":"https:\/\/graphimarket.com\/pt\/wp-json\/wp\/v2\/product_cat?post=7636"},{"taxonomy":"product_tag","embeddable":true,"href":"https:\/\/graphimarket.com\/pt\/wp-json\/wp\/v2\/product_tag?post=7636"}],"curies":[{"name":"wp","href":"https:\/\/api.w.org\/{rel}","templated":true}]}}