{"id":7649,"date":"2020-09-07T10:59:31","date_gmt":"2020-09-07T08:59:31","guid":{"rendered":"https:\/\/graphimarket.com\/?post_type=product&#038;p=7649"},"modified":"2022-12-19T23:28:33","modified_gmt":"2022-12-19T22:28:33","slug":"the-merry-christmas-freebie-100-christmas-elements-in-one-pack","status":"publish","type":"product","link":"https:\/\/graphimarket.com\/pt\/product\/the-merry-christmas-freebie-100-christmas-elements-in-one-pack\/","title":{"rendered":"O brinde do Feliz Natal: 100 elementos de Natal em um pacote"},"content":{"rendered":"<h3>Elementos de Natal gr\u00e1tis, lindamente embrulhados e apresentados com amor!<\/h3>\n<p><strong>Desejou elementos de Feliz Natal gratuitos sob a \u00e1rvore?<\/strong><\/p>\n<p>Neste Natal, Inky Deals se tornou o ajudante favorito do Papai Noel! Passamos v\u00e1rios dias tediosos para reunir os melhores elementos sazonais em uma cole\u00e7\u00e3o incr\u00edvel -\u00a0<strong>O Feliz Natal Brinde<\/strong>.<\/p>\n<p>Escolhidos cuidadosamente, embrulhados lindamente e apresentados com amor, todos esses elementos s\u00e3o absolutamente\u00a0<strong>gr\u00e1tis para baixar<\/strong>. Voc\u00ea encontrar\u00e1 muitos elementos de festa de Natal, \u00e1rvores, animais, decora\u00e7\u00f5es, r\u00f3tulos de texto e muitos outros gr\u00e1ficos. Todos prontos para ajudar voc\u00ea a decorar seus projetos para as festas de fim de ano e deixar seu p\u00fablico com um clima festivo.<\/p>\n<p>Voc\u00ea pode usar este pacote para v\u00e1rios projetos, como convites, banners, produtos de papel, decora\u00e7\u00f5es para festas, imprim\u00edveis, cart\u00f5es de felicita\u00e7\u00f5es, p\u00f4steres, papelaria, \u00e1lbum de recortes, adesivos, sobreposi\u00e7\u00f5es e muito mais.<\/p>\n<p>Estes 100 maravilhosos e festivos vetores de Natal gratuitos aguardam para encontrar seus lugares em seus projetos, ent\u00e3o v\u00e1 em frente e leve-os todos!<\/p>\n<h3>Destaques para estes elementos de Feliz Natal:<\/h3>\n<ul>\n<li>Existem 50 elementos em preto e branco e 50 elementos coloridos.<\/li>\n<li>Todos os produtos est\u00e3o nos formatos PSD e PNG.<\/li>\n<li>O pacote pode ser usado como sobreposi\u00e7\u00f5es, em p\u00f4steres, banners, convites, sauda\u00e7\u00f5es, etc.<\/li>\n<li>Este pacote \u00e9 totalmente gratuito para download.<\/li>\n<\/ul>\n<h3 style=\"text-align: center;\">Aqui est\u00e1 uma espiada nesses elementos<\/h3>\n<p>&nbsp;<\/p>\n<p><img fetchpriority=\"high\" decoding=\"async\" class=\"aligncenter wp-image-7651 size-full\" src=\"https:\/\/graphimarket.com\/wp-content\/uploads\/2020\/09\/1-3-1200x652-1.jpg\" alt=\"\" width=\"1200\" height=\"652\" srcset=\"https:\/\/graphimarket.com\/wp-content\/uploads\/2020\/09\/1-3-1200x652-1.jpg 1200w, https:\/\/graphimarket.com\/wp-content\/uploads\/2020\/09\/1-3-1200x652-1-600x326.jpg 600w, https:\/\/graphimarket.com\/wp-content\/uploads\/2020\/09\/1-3-1200x652-1-300x163.jpg 300w, https:\/\/graphimarket.com\/wp-content\/uploads\/2020\/09\/1-3-1200x652-1-1024x556.jpg 1024w, https:\/\/graphimarket.com\/wp-content\/uploads\/2020\/09\/1-3-1200x652-1-768x417.jpg 768w\" sizes=\"(max-width: 1200px) 100vw, 1200px\" \/><\/p>\n<p><img decoding=\"async\" class=\"aligncenter wp-image-7652 size-full\" src=\"https:\/\/graphimarket.com\/wp-content\/uploads\/2020\/09\/2-1200x652-1.jpg\" alt=\"\" width=\"1200\" height=\"652\" srcset=\"https:\/\/graphimarket.com\/wp-content\/uploads\/2020\/09\/2-1200x652-1.jpg 1200w, https:\/\/graphimarket.com\/wp-content\/uploads\/2020\/09\/2-1200x652-1-600x326.jpg 600w, https:\/\/graphimarket.com\/wp-content\/uploads\/2020\/09\/2-1200x652-1-300x163.jpg 300w, https:\/\/graphimarket.com\/wp-content\/uploads\/2020\/09\/2-1200x652-1-1024x556.jpg 1024w, https:\/\/graphimarket.com\/wp-content\/uploads\/2020\/09\/2-1200x652-1-768x417.jpg 768w\" sizes=\"(max-width: 1200px) 100vw, 1200px\" \/><\/p>\n<p><img decoding=\"async\" class=\"aligncenter wp-image-7653 size-full\" src=\"https:\/\/graphimarket.com\/wp-content\/uploads\/2020\/09\/3-1200x652-1.jpg\" alt=\"\" width=\"1200\" height=\"652\" srcset=\"https:\/\/graphimarket.com\/wp-content\/uploads\/2020\/09\/3-1200x652-1.jpg 1200w, https:\/\/graphimarket.com\/wp-content\/uploads\/2020\/09\/3-1200x652-1-600x326.jpg 600w, https:\/\/graphimarket.com\/wp-content\/uploads\/2020\/09\/3-1200x652-1-300x163.jpg 300w, https:\/\/graphimarket.com\/wp-content\/uploads\/2020\/09\/3-1200x652-1-1024x556.jpg 1024w, https:\/\/graphimarket.com\/wp-content\/uploads\/2020\/09\/3-1200x652-1-768x417.jpg 768w\" sizes=\"(max-width: 1200px) 100vw, 1200px\" \/><\/p>\n<p><img loading=\"lazy\" decoding=\"async\" class=\"aligncenter wp-image-7654 size-full\" src=\"https:\/\/graphimarket.com\/wp-content\/uploads\/2020\/09\/4-1-1200x652-1.jpg\" alt=\"\" width=\"1200\" height=\"652\" srcset=\"https:\/\/graphimarket.com\/wp-content\/uploads\/2020\/09\/4-1-1200x652-1.jpg 1200w, https:\/\/graphimarket.com\/wp-content\/uploads\/2020\/09\/4-1-1200x652-1-600x326.jpg 600w, https:\/\/graphimarket.com\/wp-content\/uploads\/2020\/09\/4-1-1200x652-1-300x163.jpg 300w, https:\/\/graphimarket.com\/wp-content\/uploads\/2020\/09\/4-1-1200x652-1-1024x556.jpg 1024w, https:\/\/graphimarket.com\/wp-content\/uploads\/2020\/09\/4-1-1200x652-1-768x417.jpg 768w\" sizes=\"(max-width: 1200px) 100vw, 1200px\" \/><\/p>\n<p><img loading=\"lazy\" decoding=\"async\" class=\"aligncenter wp-image-7655 size-mailpoet_newsletter_max\" src=\"https:\/\/graphimarket.com\/wp-content\/uploads\/2020\/09\/5-3-2-1320x717.jpg\" alt=\"\" width=\"1320\" height=\"717\" srcset=\"https:\/\/graphimarket.com\/wp-content\/uploads\/2020\/09\/5-3-2-1320x717.jpg 1320w, https:\/\/graphimarket.com\/wp-content\/uploads\/2020\/09\/5-3-2-600x326.jpg 600w, https:\/\/graphimarket.com\/wp-content\/uploads\/2020\/09\/5-3-2-300x163.jpg 300w, https:\/\/graphimarket.com\/wp-content\/uploads\/2020\/09\/5-3-2-1024x556.jpg 1024w, https:\/\/graphimarket.com\/wp-content\/uploads\/2020\/09\/5-3-2-768x417.jpg 768w, https:\/\/graphimarket.com\/wp-content\/uploads\/2020\/09\/5-3-2-1536x834.jpg 1536w, https:\/\/graphimarket.com\/wp-content\/uploads\/2020\/09\/5-3-2.jpg 1600w\" sizes=\"(max-width: 1320px) 100vw, 1320px\" \/><\/p>\n<p>&nbsp;<\/p>\n<h3 style=\"text-align: center;\">Aqui est\u00e3o alguns designs legais feitos com esses elementos<\/h3>\n<p>&nbsp;<\/p>\n<p><img loading=\"lazy\" decoding=\"async\" class=\"aligncenter wp-image-7656 size-full\" src=\"https:\/\/graphimarket.com\/wp-content\/uploads\/2020\/09\/Image1.jpg\" alt=\"\" width=\"800\" height=\"500\" srcset=\"https:\/\/graphimarket.com\/wp-content\/uploads\/2020\/09\/Image1.jpg 800w, https:\/\/graphimarket.com\/wp-content\/uploads\/2020\/09\/Image1-600x375.jpg 600w, https:\/\/graphimarket.com\/wp-content\/uploads\/2020\/09\/Image1-300x188.jpg 300w, https:\/\/graphimarket.com\/wp-content\/uploads\/2020\/09\/Image1-768x480.jpg 768w\" sizes=\"(max-width: 800px) 100vw, 800px\" \/><\/p>\n<p><img loading=\"lazy\" decoding=\"async\" class=\"aligncenter wp-image-7657 size-full\" src=\"https:\/\/graphimarket.com\/wp-content\/uploads\/2020\/09\/Image2.jpg\" alt=\"\" width=\"800\" height=\"500\" srcset=\"https:\/\/graphimarket.com\/wp-content\/uploads\/2020\/09\/Image2.jpg 800w, https:\/\/graphimarket.com\/wp-content\/uploads\/2020\/09\/Image2-600x375.jpg 600w, https:\/\/graphimarket.com\/wp-content\/uploads\/2020\/09\/Image2-300x188.jpg 300w, https:\/\/graphimarket.com\/wp-content\/uploads\/2020\/09\/Image2-768x480.jpg 768w\" sizes=\"(max-width: 800px) 100vw, 800px\" \/><\/p>\n<p><img loading=\"lazy\" decoding=\"async\" class=\"aligncenter wp-image-7658 size-full\" src=\"https:\/\/graphimarket.com\/wp-content\/uploads\/2020\/09\/Image3.jpg\" alt=\"\" width=\"800\" height=\"500\" srcset=\"https:\/\/graphimarket.com\/wp-content\/uploads\/2020\/09\/Image3.jpg 800w, https:\/\/graphimarket.com\/wp-content\/uploads\/2020\/09\/Image3-600x375.jpg 600w, https:\/\/graphimarket.com\/wp-content\/uploads\/2020\/09\/Image3-300x188.jpg 300w, https:\/\/graphimarket.com\/wp-content\/uploads\/2020\/09\/Image3-768x480.jpg 768w\" sizes=\"(max-width: 800px) 100vw, 800px\" \/><\/p>\n<p><img loading=\"lazy\" decoding=\"async\" class=\"aligncenter wp-image-7659 size-full\" src=\"https:\/\/graphimarket.com\/wp-content\/uploads\/2020\/09\/Image4.jpg\" alt=\"\" width=\"800\" height=\"500\" srcset=\"https:\/\/graphimarket.com\/wp-content\/uploads\/2020\/09\/Image4.jpg 800w, https:\/\/graphimarket.com\/wp-content\/uploads\/2020\/09\/Image4-600x375.jpg 600w, https:\/\/graphimarket.com\/wp-content\/uploads\/2020\/09\/Image4-300x188.jpg 300w, https:\/\/graphimarket.com\/wp-content\/uploads\/2020\/09\/Image4-768x480.jpg 768w\" sizes=\"(max-width: 800px) 100vw, 800px\" \/><\/p>\n<p><img loading=\"lazy\" decoding=\"async\" class=\"aligncenter wp-image-7660 size-full\" src=\"https:\/\/graphimarket.com\/wp-content\/uploads\/2020\/09\/Image5.jpg\" alt=\"\" width=\"800\" height=\"500\" srcset=\"https:\/\/graphimarket.com\/wp-content\/uploads\/2020\/09\/Image5.jpg 800w, https:\/\/graphimarket.com\/wp-content\/uploads\/2020\/09\/Image5-600x375.jpg 600w, https:\/\/graphimarket.com\/wp-content\/uploads\/2020\/09\/Image5-300x188.jpg 300w, https:\/\/graphimarket.com\/wp-content\/uploads\/2020\/09\/Image5-768x480.jpg 768w\" sizes=\"(max-width: 800px) 100vw, 800px\" \/><\/p>\n<h3 style=\"text-align: center;\">Pegue este brinde agora!<\/h3>\n<h3>Termos do neg\u00f3cio:<\/h3>\n<ul>\n<li>Esses elementos gratuitos de Feliz Natal est\u00e3o dispon\u00edveis para download instant\u00e2neo, ap\u00f3s a conclus\u00e3o da compra.<\/li>\n<li>O pacote pode ser usado para fins pessoais e comerciais com um n\u00famero ilimitado de projetos.<\/li>\n<li>Os produtos finais n\u00e3o devem ser usados ou vendidos de uma forma que seja diretamente competitiva com o item original que voc\u00ea comprou.<\/li>\n<li>Ele n\u00e3o pode ser sublicenciado, revendido, compartilhado, transferido ou redistribu\u00eddo por conta pr\u00f3pria. Voc\u00ea n\u00e3o pode compartilhar esses recursos com outras pessoas.<\/li>\n<li>Voc\u00ea ter\u00e1 acesso vital\u00edcio ao pacote.<\/li>\n<li>O download do pacote \u00e9 totalmente gratuito para os clientes Inky Deals.<\/li>\n<\/ul>\n<p>&nbsp;<\/p>\n<p>&nbsp;<\/p>","protected":false},"excerpt":{"rendered":"<p>Free Christmas elements, beautifully wrapped and presented with love! Wished for free Merry Christmas elements under the tree? This Christmas season Inky Deals has turned into Santa\u2019s favorite helper! We have spent several tedious days to gather the best seasonal elements in one awesome collection \u2013\u00a0The Merry Christmas Freebie. Carefully picked, beautifully wrapped and presented [&hellip;]<\/p>\n","protected":false},"featured_media":7650,"comment_status":"open","ping_status":"closed","template":"","meta":{"site-sidebar-layout":"default","site-content-layout":"default","ast-site-content-layout":"default","site-content-style":"default","site-sidebar-style":"default","ast-global-header-display":"","ast-banner-title-visibility":"","ast-main-header-display":"","ast-hfb-above-header-display":"","ast-hfb-below-header-display":"","ast-hfb-mobile-header-display":"","site-post-title":"","ast-breadcrumbs-content":"","ast-featured-img":"","footer-sml-layout":"","ast-disable-related-posts":"","theme-transparent-header-meta":"default","adv-header-id-meta":"","stick-header-meta":"","header-above-stick-meta":"","header-main-stick-meta":"","header-below-stick-meta":"","astra-migrate-meta-layouts":"default","ast-page-background-enabled":"default","ast-page-background-meta":{"desktop":{"background-color":"","background-image":"","background-repeat":"repeat","background-position":"center center","background-size":"auto","background-attachment":"scroll","background-type":"","background-media":"","overlay-type":"","overlay-color":"","overlay-opacity":"","overlay-gradient":""},"tablet":{"background-color":"","background-image":"","background-repeat":"repeat","background-position":"center center","background-size":"auto","background-attachment":"scroll","background-type":"","background-media":"","overlay-type":"","overlay-color":"","overlay-opacity":"","overlay-gradient":""},"mobile":{"background-color":"","background-image":"","background-repeat":"repeat","background-position":"center center","background-size":"auto","background-attachment":"scroll","background-type":"","background-media":"","overlay-type":"","overlay-color":"","overlay-opacity":"","overlay-gradient":""}},"ast-content-background-meta":{"desktop":{"background-color":"var(--ast-global-color-5)","background-image":"","background-repeat":"repeat","background-position":"center center","background-size":"auto","background-attachment":"scroll","background-type":"","background-media":"","overlay-type":"","overlay-color":"","overlay-opacity":"","overlay-gradient":""},"tablet":{"background-color":"var(--ast-global-color-5)","background-image":"","background-repeat":"repeat","background-position":"center center","background-size":"auto","background-attachment":"scroll","background-type":"","background-media":"","overlay-type":"","overlay-color":"","overlay-opacity":"","overlay-gradient":""},"mobile":{"background-color":"var(--ast-global-color-5)","background-image":"","background-repeat":"repeat","background-position":"center center","background-size":"auto","background-attachment":"scroll","background-type":"","background-media":"","overlay-type":"","overlay-color":"","overlay-opacity":"","overlay-gradient":""}}},"product_brand":[],"product_cat":[110,191,46],"product_tag":[],"class_list":{"0":"post-7649","1":"product","2":"type-product","3":"status-publish","4":"has-post-thumbnail","6":"product_cat-clipart","7":"product_cat-free","8":"product_cat-graphics","9":"desktop-align-left","10":"tablet-align-left","11":"mobile-align-left","13":"first","14":"instock","15":"sale","16":"downloadable","17":"virtual","18":"taxable","19":"purchasable","20":"product-type-simple"},"yoast_head":"<!-- This site is optimized with the Yoast SEO plugin v27.3 - https:\/\/yoast.com\/product\/yoast-seo-wordpress\/ -->\n<title>The Merry Christmas Freebie: 100 Christmas Elements In One Pack - Graphimarket<\/title>\n<meta name=\"description\" content=\"Free Christmas elements, beautifully wrapped and presented with love!Wished for free Merry Christmas elements under the tree?...\" \/>\n<meta name=\"robots\" content=\"index, follow, max-snippet:-1, max-image-preview:large, max-video-preview:-1\" \/>\n<link rel=\"canonical\" href=\"https:\/\/graphimarket.com\/pt\/product\/the-merry-christmas-freebie-100-christmas-elements-in-one-pack\/\" \/>\n<meta property=\"og:locale\" content=\"pt_PT\" \/>\n<meta property=\"og:type\" content=\"article\" \/>\n<meta property=\"og:title\" content=\"The Merry Christmas Freebie: 100 Christmas Elements In One Pack - Graphimarket\" \/>\n<meta property=\"og:description\" content=\"Free Christmas elements, beautifully wrapped and presented with love!Wished for free Merry Christmas elements under the tree?...\" \/>\n<meta property=\"og:url\" content=\"https:\/\/graphimarket.com\/pt\/product\/the-merry-christmas-freebie-100-christmas-elements-in-one-pack\/\" \/>\n<meta property=\"og:site_name\" content=\"Graphimarket\" \/>\n<meta property=\"article:modified_time\" content=\"2022-12-19T22:28:33+00:00\" \/>\n<meta property=\"og:image\" content=\"https:\/\/graphimarket.com\/wp-content\/uploads\/2020\/09\/Feature-Image-11.jpg\" \/>\n\t<meta property=\"og:image:width\" content=\"800\" \/>\n\t<meta property=\"og:image:height\" content=\"500\" \/>\n\t<meta property=\"og:image:type\" content=\"image\/jpeg\" \/>\n<meta name=\"twitter:card\" content=\"summary_large_image\" \/>\n<meta name=\"twitter:label1\" content=\"Est. reading time\" \/>\n\t<meta name=\"twitter:data1\" content=\"2 minutes\" \/>\n<script type=\"application\/ld+json\" class=\"yoast-schema-graph\">{\"@context\":\"https:\\\/\\\/schema.org\",\"@graph\":[{\"@type\":\"WebPage\",\"@id\":\"https:\\\/\\\/graphimarket.com\\\/product\\\/the-merry-christmas-freebie-100-christmas-elements-in-one-pack\\\/\",\"url\":\"https:\\\/\\\/graphimarket.com\\\/product\\\/the-merry-christmas-freebie-100-christmas-elements-in-one-pack\\\/\",\"name\":\"The Merry Christmas Freebie: 100 Christmas Elements In One Pack - Graphimarket\",\"isPartOf\":{\"@id\":\"https:\\\/\\\/graphimarket.com\\\/fr\\\/#website\"},\"primaryImageOfPage\":{\"@id\":\"https:\\\/\\\/graphimarket.com\\\/product\\\/the-merry-christmas-freebie-100-christmas-elements-in-one-pack\\\/#primaryimage\"},\"image\":{\"@id\":\"https:\\\/\\\/graphimarket.com\\\/product\\\/the-merry-christmas-freebie-100-christmas-elements-in-one-pack\\\/#primaryimage\"},\"thumbnailUrl\":\"https:\\\/\\\/graphimarket.com\\\/wp-content\\\/uploads\\\/2020\\\/09\\\/Feature-Image-11.jpg\",\"datePublished\":\"2020-09-07T08:59:31+00:00\",\"dateModified\":\"2022-12-19T22:28:33+00:00\",\"description\":\"Free Christmas elements, beautifully wrapped and presented with love!Wished for free Merry Christmas elements under the tree?...\",\"breadcrumb\":{\"@id\":\"https:\\\/\\\/graphimarket.com\\\/product\\\/the-merry-christmas-freebie-100-christmas-elements-in-one-pack\\\/#breadcrumb\"},\"inLanguage\":\"pt-PT\",\"potentialAction\":[{\"@type\":\"ReadAction\",\"target\":[\"https:\\\/\\\/graphimarket.com\\\/product\\\/the-merry-christmas-freebie-100-christmas-elements-in-one-pack\\\/\"]}]},{\"@type\":\"ImageObject\",\"inLanguage\":\"pt-PT\",\"@id\":\"https:\\\/\\\/graphimarket.com\\\/product\\\/the-merry-christmas-freebie-100-christmas-elements-in-one-pack\\\/#primaryimage\",\"url\":\"https:\\\/\\\/graphimarket.com\\\/wp-content\\\/uploads\\\/2020\\\/09\\\/Feature-Image-11.jpg\",\"contentUrl\":\"https:\\\/\\\/graphimarket.com\\\/wp-content\\\/uploads\\\/2020\\\/09\\\/Feature-Image-11.jpg\",\"width\":800,\"height\":500},{\"@type\":\"BreadcrumbList\",\"@id\":\"https:\\\/\\\/graphimarket.com\\\/product\\\/the-merry-christmas-freebie-100-christmas-elements-in-one-pack\\\/#breadcrumb\",\"itemListElement\":[{\"@type\":\"ListItem\",\"position\":1,\"name\":\"Home\",\"item\":\"https:\\\/\\\/graphimarket.com\\\/es\\\/\"},{\"@type\":\"ListItem\",\"position\":2,\"name\":\"Store\",\"item\":\"https:\\\/\\\/graphimarket.com\\\/store\\\/\"},{\"@type\":\"ListItem\",\"position\":3,\"name\":\"The Merry Christmas Freebie: 100 Christmas Elements In One Pack\"}]},{\"@type\":\"WebSite\",\"@id\":\"https:\\\/\\\/graphimarket.com\\\/fr\\\/#website\",\"url\":\"https:\\\/\\\/graphimarket.com\\\/fr\\\/\",\"name\":\"Graphimarket\",\"description\":\"Find the perfect creative asset to bring your project to life\",\"publisher\":{\"@id\":\"https:\\\/\\\/graphimarket.com\\\/fr\\\/#organization\"},\"potentialAction\":[{\"@type\":\"SearchAction\",\"target\":{\"@type\":\"EntryPoint\",\"urlTemplate\":\"https:\\\/\\\/graphimarket.com\\\/fr\\\/?s={search_term_string}\"},\"query-input\":{\"@type\":\"PropertyValueSpecification\",\"valueRequired\":true,\"valueName\":\"search_term_string\"}}],\"inLanguage\":\"pt-PT\"},{\"@type\":\"Organization\",\"@id\":\"https:\\\/\\\/graphimarket.com\\\/fr\\\/#organization\",\"name\":\"Graphimarket\",\"url\":\"https:\\\/\\\/graphimarket.com\\\/fr\\\/\",\"logo\":{\"@type\":\"ImageObject\",\"inLanguage\":\"pt-PT\",\"@id\":\"https:\\\/\\\/graphimarket.com\\\/fr\\\/#\\\/schema\\\/logo\\\/image\\\/\",\"url\":\"https:\\\/\\\/graphimarket.com\\\/wp-content\\\/uploads\\\/2020\\\/08\\\/logo-48.png\",\"contentUrl\":\"https:\\\/\\\/graphimarket.com\\\/wp-content\\\/uploads\\\/2020\\\/08\\\/logo-48.png\",\"width\":132,\"height\":48,\"caption\":\"Graphimarket\"},\"image\":{\"@id\":\"https:\\\/\\\/graphimarket.com\\\/fr\\\/#\\\/schema\\\/logo\\\/image\\\/\"}}]}<\/script>\n<!-- \/ Yoast SEO plugin. -->","yoast_head_json":{"title":"O brinde do Feliz Natal: 100 elementos de Natal em um pacote - Graphimarket","description":"Elementos de Natal gr\u00e1tis, lindamente embrulhados e apresentados com amor! Desejou elementos de Feliz Natal gr\u00e1tis debaixo da \u00e1rvore? ...","robots":{"index":"index","follow":"follow","max-snippet":"max-snippet:-1","max-image-preview":"max-image-preview:large","max-video-preview":"max-video-preview:-1"},"canonical":"https:\/\/graphimarket.com\/pt\/product\/the-merry-christmas-freebie-100-christmas-elements-in-one-pack\/","og_locale":"pt_PT","og_type":"article","og_title":"The Merry Christmas Freebie: 100 Christmas Elements In One Pack - Graphimarket","og_description":"Free Christmas elements, beautifully wrapped and presented with love!Wished for free Merry Christmas elements under the tree?...","og_url":"https:\/\/graphimarket.com\/pt\/product\/the-merry-christmas-freebie-100-christmas-elements-in-one-pack\/","og_site_name":"Graphimarket","article_modified_time":"2022-12-19T22:28:33+00:00","og_image":[{"width":800,"height":500,"url":"https:\/\/graphimarket.com\/wp-content\/uploads\/2020\/09\/Feature-Image-11.jpg","type":"image\/jpeg"}],"twitter_card":"summary_large_image","twitter_misc":{"Est. reading time":"2 minutes"},"schema":{"@context":"https:\/\/schema.org","@graph":[{"@type":"WebPage","@id":"https:\/\/graphimarket.com\/product\/the-merry-christmas-freebie-100-christmas-elements-in-one-pack\/","url":"https:\/\/graphimarket.com\/product\/the-merry-christmas-freebie-100-christmas-elements-in-one-pack\/","name":"O brinde do Feliz Natal: 100 elementos de Natal em um pacote - Graphimarket","isPartOf":{"@id":"https:\/\/graphimarket.com\/fr\/#website"},"primaryImageOfPage":{"@id":"https:\/\/graphimarket.com\/product\/the-merry-christmas-freebie-100-christmas-elements-in-one-pack\/#primaryimage"},"image":{"@id":"https:\/\/graphimarket.com\/product\/the-merry-christmas-freebie-100-christmas-elements-in-one-pack\/#primaryimage"},"thumbnailUrl":"https:\/\/graphimarket.com\/wp-content\/uploads\/2020\/09\/Feature-Image-11.jpg","datePublished":"2020-09-07T08:59:31+00:00","dateModified":"2022-12-19T22:28:33+00:00","description":"Elementos de Natal gr\u00e1tis, lindamente embrulhados e apresentados com amor! Desejou elementos de Feliz Natal gr\u00e1tis debaixo da \u00e1rvore? ...","breadcrumb":{"@id":"https:\/\/graphimarket.com\/product\/the-merry-christmas-freebie-100-christmas-elements-in-one-pack\/#breadcrumb"},"inLanguage":"pt-PT","potentialAction":[{"@type":"ReadAction","target":["https:\/\/graphimarket.com\/product\/the-merry-christmas-freebie-100-christmas-elements-in-one-pack\/"]}]},{"@type":"ImageObject","inLanguage":"pt-PT","@id":"https:\/\/graphimarket.com\/product\/the-merry-christmas-freebie-100-christmas-elements-in-one-pack\/#primaryimage","url":"https:\/\/graphimarket.com\/wp-content\/uploads\/2020\/09\/Feature-Image-11.jpg","contentUrl":"https:\/\/graphimarket.com\/wp-content\/uploads\/2020\/09\/Feature-Image-11.jpg","width":800,"height":500},{"@type":"BreadcrumbList","@id":"https:\/\/graphimarket.com\/product\/the-merry-christmas-freebie-100-christmas-elements-in-one-pack\/#breadcrumb","itemListElement":[{"@type":"ListItem","position":1,"name":"Home","item":"https:\/\/graphimarket.com\/es\/"},{"@type":"ListItem","position":2,"name":"Store","item":"https:\/\/graphimarket.com\/store\/"},{"@type":"ListItem","position":3,"name":"The Merry Christmas Freebie: 100 Christmas Elements In One Pack"}]},{"@type":"WebSite","@id":"https:\/\/graphimarket.com\/fr\/#website","url":"https:\/\/graphimarket.com\/fr\/","name":"Graphimarket","description":"Encontre o ativo criativo perfeito para dar vida ao seu projeto","publisher":{"@id":"https:\/\/graphimarket.com\/fr\/#organization"},"potentialAction":[{"@type":"SearchAction","target":{"@type":"EntryPoint","urlTemplate":"https:\/\/graphimarket.com\/fr\/?s={search_term_string}"},"query-input":{"@type":"PropertyValueSpecification","valueRequired":true,"valueName":"search_term_string"}}],"inLanguage":"pt-PT"},{"@type":"Organization","@id":"https:\/\/graphimarket.com\/fr\/#organization","name":"Graphimarket","url":"https:\/\/graphimarket.com\/fr\/","logo":{"@type":"ImageObject","inLanguage":"pt-PT","@id":"https:\/\/graphimarket.com\/fr\/#\/schema\/logo\/image\/","url":"https:\/\/graphimarket.com\/wp-content\/uploads\/2020\/08\/logo-48.png","contentUrl":"https:\/\/graphimarket.com\/wp-content\/uploads\/2020\/08\/logo-48.png","width":132,"height":48,"caption":"Graphimarket"},"image":{"@id":"https:\/\/graphimarket.com\/fr\/#\/schema\/logo\/image\/"}}]}},"_links":{"self":[{"href":"https:\/\/graphimarket.com\/pt\/wp-json\/wp\/v2\/product\/7649","targetHints":{"allow":["GET"]}}],"collection":[{"href":"https:\/\/graphimarket.com\/pt\/wp-json\/wp\/v2\/product"}],"about":[{"href":"https:\/\/graphimarket.com\/pt\/wp-json\/wp\/v2\/types\/product"}],"replies":[{"embeddable":true,"href":"https:\/\/graphimarket.com\/pt\/wp-json\/wp\/v2\/comments?post=7649"}],"version-history":[{"count":0,"href":"https:\/\/graphimarket.com\/pt\/wp-json\/wp\/v2\/product\/7649\/revisions"}],"wp:featuredmedia":[{"embeddable":true,"href":"https:\/\/graphimarket.com\/pt\/wp-json\/wp\/v2\/media\/7650"}],"wp:attachment":[{"href":"https:\/\/graphimarket.com\/pt\/wp-json\/wp\/v2\/media?parent=7649"}],"wp:term":[{"taxonomy":"product_brand","embeddable":true,"href":"https:\/\/graphimarket.com\/pt\/wp-json\/wp\/v2\/product_brand?post=7649"},{"taxonomy":"product_cat","embeddable":true,"href":"https:\/\/graphimarket.com\/pt\/wp-json\/wp\/v2\/product_cat?post=7649"},{"taxonomy":"product_tag","embeddable":true,"href":"https:\/\/graphimarket.com\/pt\/wp-json\/wp\/v2\/product_tag?post=7649"}],"curies":[{"name":"wp","href":"https:\/\/api.w.org\/{rel}","templated":true}]}}