{"id":7662,"date":"2020-09-07T11:18:46","date_gmt":"2020-09-07T09:18:46","guid":{"rendered":"https:\/\/graphimarket.com\/?post_type=product&#038;p=7662"},"modified":"2024-02-26T02:25:35","modified_gmt":"2024-02-26T01:25:35","slug":"free-download-samples-from-the-3000-overlays-giga-pack-2","status":"publish","type":"product","link":"https:\/\/graphimarket.com\/pt\/product\/free-download-samples-from-the-3000-overlays-giga-pack-2\/","title":{"rendered":"[Free Download] Samples From The 3000+ Overlays Giga Pack"},"content":{"rendered":"<p><strong>Sobreposi\u00e7\u00f5es de fotos gr\u00e1tis<\/strong>: Esses recursos gratuitos s\u00e3o provenientes de um de nossos produtos estrela, The Image Overlays. A qualidade dos recursos aqui est\u00e1 a par com o que est\u00e1 no pacote completo. Sem exce\u00e7\u00f5es!<\/p>\n<p>o\u00a0<strong>sobreposi\u00e7\u00f5es de fotos<\/strong>\u00a0est\u00e3o\u00a0<strong>compat\u00edvel com qualquer software<\/strong>\u00a0que permite trabalhar com arquivos PNG e JPEG e eles v\u00eam com instru\u00e7\u00f5es tamb\u00e9m. Funcionam com Adobe Photoshop, Adobe Elements, Corel PaintShopPro ou programas gratuitos como Gimp, Pixlr, Paint.net, Seashore, SumoPaint, Krita, CinePaint, Serif PhotoPlus, PaintShop Pro e Pixelmator. Esses s\u00e3o\u00a0<strong>n\u00e3o compat\u00edvel<\/strong>\u00a0com\u00a0<strong>Adobe\u00a0<\/strong><strong>Lightroom<\/strong>!<\/p>\n<p>Este pacote \u00e9 um pacote de amostra para\u00a0<strong>3900+ Pacote de sobreposi\u00e7\u00f5es de fotos.\u00a0<\/strong>Com o\u00a0<strong>Pacote de mais de 3900 superposi\u00e7\u00f5es de fotos<\/strong>, voc\u00ea pode tirar qualquer foto, clicar em alguns bot\u00f5es e transform\u00e1-la em uma arte refrescante com efeitos incr\u00edveis!<\/p>\n<p>O que mais? Este neg\u00f3cio vem com um\u00a0<strong>licen\u00e7a comercial estendida<\/strong>\u00a0para que voc\u00ea possa usar este pacote para projetos pessoais e comerciais ilimitados!<\/p>\n<p>&nbsp;<\/p>\n<p><img fetchpriority=\"high\" decoding=\"async\" class=\"aligncenter wp-image-7664 size-full\" src=\"https:\/\/graphimarket.com\/wp-content\/uploads\/2020\/09\/60-light-bokeh-cover_700px-1.jpg\" alt=\"\" width=\"700\" height=\"460\" srcset=\"https:\/\/graphimarket.com\/wp-content\/uploads\/2020\/09\/60-light-bokeh-cover_700px-1.jpg 700w, https:\/\/graphimarket.com\/wp-content\/uploads\/2020\/09\/60-light-bokeh-cover_700px-1-600x394.jpg 600w, https:\/\/graphimarket.com\/wp-content\/uploads\/2020\/09\/60-light-bokeh-cover_700px-1-300x197.jpg 300w\" sizes=\"(max-width: 700px) 100vw, 700px\" \/><\/p>\n<p><img decoding=\"async\" class=\"aligncenter wp-image-7665 size-full\" src=\"https:\/\/graphimarket.com\/wp-content\/uploads\/2020\/09\/Before\uf022After-768x543-1-1.jpg\" alt=\"\" width=\"768\" height=\"543\" srcset=\"https:\/\/graphimarket.com\/wp-content\/uploads\/2020\/09\/Before\uf022After-768x543-1-1.jpg 768w, https:\/\/graphimarket.com\/wp-content\/uploads\/2020\/09\/Before\uf022After-768x543-1-1-600x424.jpg 600w, https:\/\/graphimarket.com\/wp-content\/uploads\/2020\/09\/Before\uf022After-768x543-1-1-300x212.jpg 300w\" sizes=\"(max-width: 768px) 100vw, 768px\" \/><\/p>\n<p><img decoding=\"async\" class=\"aligncenter wp-image-7666 size-full\" src=\"https:\/\/graphimarket.com\/wp-content\/uploads\/2020\/09\/cover3-1-1.jpg\" alt=\"\" width=\"700\" height=\"471\" srcset=\"https:\/\/graphimarket.com\/wp-content\/uploads\/2020\/09\/cover3-1-1.jpg 700w, https:\/\/graphimarket.com\/wp-content\/uploads\/2020\/09\/cover3-1-1-600x404.jpg 600w, https:\/\/graphimarket.com\/wp-content\/uploads\/2020\/09\/cover3-1-1-300x202.jpg 300w\" sizes=\"(max-width: 700px) 100vw, 700px\" \/><\/p>\n<p><img loading=\"lazy\" decoding=\"async\" class=\"aligncenter wp-image-7667 size-full\" src=\"https:\/\/graphimarket.com\/wp-content\/uploads\/2020\/09\/Before\uf022After-1-768x526-1.jpg\" alt=\"\" width=\"768\" height=\"526\" srcset=\"https:\/\/graphimarket.com\/wp-content\/uploads\/2020\/09\/Before\uf022After-1-768x526-1.jpg 768w, https:\/\/graphimarket.com\/wp-content\/uploads\/2020\/09\/Before\uf022After-1-768x526-1-600x411.jpg 600w, https:\/\/graphimarket.com\/wp-content\/uploads\/2020\/09\/Before\uf022After-1-768x526-1-300x205.jpg 300w\" sizes=\"(max-width: 768px) 100vw, 768px\" \/><\/p>\n<p><img loading=\"lazy\" decoding=\"async\" class=\"aligncenter wp-image-7668 size-full\" src=\"https:\/\/graphimarket.com\/wp-content\/uploads\/2020\/09\/Cover_700px-1-2.jpg\" alt=\"\" width=\"700\" height=\"469\" srcset=\"https:\/\/graphimarket.com\/wp-content\/uploads\/2020\/09\/Cover_700px-1-2.jpg 700w, https:\/\/graphimarket.com\/wp-content\/uploads\/2020\/09\/Cover_700px-1-2-600x402.jpg 600w, https:\/\/graphimarket.com\/wp-content\/uploads\/2020\/09\/Cover_700px-1-2-300x201.jpg 300w\" sizes=\"(max-width: 700px) 100vw, 700px\" \/><\/p>\n<p><img loading=\"lazy\" decoding=\"async\" class=\"aligncenter wp-image-7669 size-full\" src=\"https:\/\/graphimarket.com\/wp-content\/uploads\/2020\/09\/Before\uf022After-2-e1516284947663-1.jpg\" alt=\"\" width=\"700\" height=\"469\" srcset=\"https:\/\/graphimarket.com\/wp-content\/uploads\/2020\/09\/Before\uf022After-2-e1516284947663-1.jpg 700w, https:\/\/graphimarket.com\/wp-content\/uploads\/2020\/09\/Before\uf022After-2-e1516284947663-1-600x402.jpg 600w, https:\/\/graphimarket.com\/wp-content\/uploads\/2020\/09\/Before\uf022After-2-e1516284947663-1-300x201.jpg 300w\" sizes=\"(max-width: 700px) 100vw, 700px\" \/><\/p>\n<p><img loading=\"lazy\" decoding=\"async\" class=\"aligncenter wp-image-7670 size-full\" src=\"https:\/\/graphimarket.com\/wp-content\/uploads\/2020\/09\/Cover-15-2.jpg\" alt=\"\" width=\"700\" height=\"469\" srcset=\"https:\/\/graphimarket.com\/wp-content\/uploads\/2020\/09\/Cover-15-2.jpg 700w, https:\/\/graphimarket.com\/wp-content\/uploads\/2020\/09\/Cover-15-2-600x402.jpg 600w, https:\/\/graphimarket.com\/wp-content\/uploads\/2020\/09\/Cover-15-2-300x201.jpg 300w\" sizes=\"(max-width: 700px) 100vw, 700px\" \/><\/p>\n<p><img loading=\"lazy\" decoding=\"async\" class=\"aligncenter wp-image-7671 size-full\" src=\"https:\/\/graphimarket.com\/wp-content\/uploads\/2020\/09\/Before\uf022After-3-768x523-1-1.jpg\" alt=\"\" width=\"768\" height=\"523\" srcset=\"https:\/\/graphimarket.com\/wp-content\/uploads\/2020\/09\/Before\uf022After-3-768x523-1-1.jpg 768w, https:\/\/graphimarket.com\/wp-content\/uploads\/2020\/09\/Before\uf022After-3-768x523-1-1-600x409.jpg 600w, https:\/\/graphimarket.com\/wp-content\/uploads\/2020\/09\/Before\uf022After-3-768x523-1-1-300x204.jpg 300w\" sizes=\"(max-width: 768px) 100vw, 768px\" \/><\/p>\n<p><img loading=\"lazy\" decoding=\"async\" class=\"aligncenter wp-image-7673 size-full\" src=\"https:\/\/graphimarket.com\/wp-content\/uploads\/2020\/09\/Before\uf022After-4-768x561-1-1.jpg\" alt=\"\" width=\"768\" height=\"561\" srcset=\"https:\/\/graphimarket.com\/wp-content\/uploads\/2020\/09\/Before\uf022After-4-768x561-1-1.jpg 768w, https:\/\/graphimarket.com\/wp-content\/uploads\/2020\/09\/Before\uf022After-4-768x561-1-1-600x438.jpg 600w, https:\/\/graphimarket.com\/wp-content\/uploads\/2020\/09\/Before\uf022After-4-768x561-1-1-300x219.jpg 300w\" sizes=\"(max-width: 768px) 100vw, 768px\" \/><\/p>\n<p><img loading=\"lazy\" decoding=\"async\" class=\"aligncenter wp-image-7674 size-full\" src=\"https:\/\/graphimarket.com\/wp-content\/uploads\/2020\/09\/Cover-4-1-1.jpg\" alt=\"\" width=\"700\" height=\"469\" srcset=\"https:\/\/graphimarket.com\/wp-content\/uploads\/2020\/09\/Cover-4-1-1.jpg 700w, https:\/\/graphimarket.com\/wp-content\/uploads\/2020\/09\/Cover-4-1-1-600x402.jpg 600w, https:\/\/graphimarket.com\/wp-content\/uploads\/2020\/09\/Cover-4-1-1-300x201.jpg 300w\" sizes=\"(max-width: 700px) 100vw, 700px\" \/><\/p>\n<p><img loading=\"lazy\" decoding=\"async\" class=\"aligncenter wp-image-7675 size-full\" src=\"https:\/\/graphimarket.com\/wp-content\/uploads\/2020\/09\/Before\uf022After-5-768x523-1-1.jpg\" alt=\"\" width=\"768\" height=\"523\" srcset=\"https:\/\/graphimarket.com\/wp-content\/uploads\/2020\/09\/Before\uf022After-5-768x523-1-1.jpg 768w, https:\/\/graphimarket.com\/wp-content\/uploads\/2020\/09\/Before\uf022After-5-768x523-1-1-600x409.jpg 600w, https:\/\/graphimarket.com\/wp-content\/uploads\/2020\/09\/Before\uf022After-5-768x523-1-1-300x204.jpg 300w\" sizes=\"(max-width: 768px) 100vw, 768px\" \/><\/p>\n<p><img loading=\"lazy\" decoding=\"async\" class=\"aligncenter wp-image-7676 size-full\" src=\"https:\/\/graphimarket.com\/wp-content\/uploads\/2020\/09\/Cover-5-1-1.jpg\" alt=\"\" width=\"700\" height=\"469\" srcset=\"https:\/\/graphimarket.com\/wp-content\/uploads\/2020\/09\/Cover-5-1-1.jpg 700w, https:\/\/graphimarket.com\/wp-content\/uploads\/2020\/09\/Cover-5-1-1-600x402.jpg 600w, https:\/\/graphimarket.com\/wp-content\/uploads\/2020\/09\/Cover-5-1-1-300x201.jpg 300w\" sizes=\"(max-width: 700px) 100vw, 700px\" \/><\/p>\n<p><img loading=\"lazy\" decoding=\"async\" class=\"aligncenter wp-image-7677 size-full\" src=\"https:\/\/graphimarket.com\/wp-content\/uploads\/2020\/09\/Before\uf022After-6-768x570-1-1.jpg\" alt=\"\" width=\"768\" height=\"570\" srcset=\"https:\/\/graphimarket.com\/wp-content\/uploads\/2020\/09\/Before\uf022After-6-768x570-1-1.jpg 768w, https:\/\/graphimarket.com\/wp-content\/uploads\/2020\/09\/Before\uf022After-6-768x570-1-1-600x445.jpg 600w, https:\/\/graphimarket.com\/wp-content\/uploads\/2020\/09\/Before\uf022After-6-768x570-1-1-300x223.jpg 300w\" sizes=\"(max-width: 768px) 100vw, 768px\" \/><\/p>\n<p><img loading=\"lazy\" decoding=\"async\" class=\"aligncenter wp-image-7678 size-full\" src=\"https:\/\/graphimarket.com\/wp-content\/uploads\/2020\/09\/Cover_700px-2-1.jpg\" alt=\"\" width=\"700\" height=\"469\" srcset=\"https:\/\/graphimarket.com\/wp-content\/uploads\/2020\/09\/Cover_700px-2-1.jpg 700w, https:\/\/graphimarket.com\/wp-content\/uploads\/2020\/09\/Cover_700px-2-1-600x402.jpg 600w, https:\/\/graphimarket.com\/wp-content\/uploads\/2020\/09\/Cover_700px-2-1-300x201.jpg 300w\" sizes=\"(max-width: 700px) 100vw, 700px\" \/><\/p>\n<p><img loading=\"lazy\" decoding=\"async\" class=\"aligncenter wp-image-7679 size-full\" src=\"https:\/\/graphimarket.com\/wp-content\/uploads\/2020\/09\/Before\uf022After-7-768x524-1-1.jpg\" alt=\"\" width=\"768\" height=\"524\" srcset=\"https:\/\/graphimarket.com\/wp-content\/uploads\/2020\/09\/Before\uf022After-7-768x524-1-1.jpg 768w, https:\/\/graphimarket.com\/wp-content\/uploads\/2020\/09\/Before\uf022After-7-768x524-1-1-600x409.jpg 600w, https:\/\/graphimarket.com\/wp-content\/uploads\/2020\/09\/Before\uf022After-7-768x524-1-1-300x205.jpg 300w\" sizes=\"(max-width: 768px) 100vw, 768px\" \/><\/p>\n<p>&nbsp;<\/p>\n<h3>Termos do acordo para essas sobreposi\u00e7\u00f5es de fotos gratuitas:<\/h3>\n<ul>\n<li>Este pacote est\u00e1 dispon\u00edvel para download instant\u00e2neo, ap\u00f3s a conclus\u00e3o da compra.<\/li>\n<li>O pacote pode ser usado para fins pessoais e comerciais com um n\u00famero ilimitado de projetos.<\/li>\n<li>Os produtos finais n\u00e3o devem ser usados ou vendidos de uma forma que seja diretamente competitiva com o item original que voc\u00ea comprou.<\/li>\n<li>Ele n\u00e3o pode ser sublicenciado, revendido, compartilhado, transferido ou redistribu\u00eddo por conta pr\u00f3pria. Voc\u00ea n\u00e3o pode compartilhar esses recursos com outras pessoas.<\/li>\n<li>Voc\u00ea ter\u00e1 acesso vital\u00edcio ao pacote.<\/li>\n<li>Este neg\u00f3cio vem com um\u00a0<strong>licen\u00e7a comercial estendida<\/strong>\u00a0para que voc\u00ea possa usar este pacote para projetos pessoais e comerciais ilimitados!<\/li>\n<\/ul>","protected":false},"excerpt":{"rendered":"<p>Free photo overlays: These free resources are coming from one of our star products, The Image Overlays. The quality of the resources here is on par with what\u2019s in the full bundle. No exceptions! The\u00a0photo overlays\u00a0are\u00a0compatible with any software\u00a0that allows you to work with PNG and JPEG files and they come packed with instructions, too. [&hellip;]<\/p>\n","protected":false},"featured_media":7663,"comment_status":"open","ping_status":"closed","template":"","meta":{"site-sidebar-layout":"default","site-content-layout":"default","ast-site-content-layout":"default","site-content-style":"default","site-sidebar-style":"default","ast-global-header-display":"","ast-banner-title-visibility":"","ast-main-header-display":"","ast-hfb-above-header-display":"","ast-hfb-below-header-display":"","ast-hfb-mobile-header-display":"","site-post-title":"","ast-breadcrumbs-content":"","ast-featured-img":"","footer-sml-layout":"","ast-disable-related-posts":"","theme-transparent-header-meta":"default","adv-header-id-meta":"","stick-header-meta":"","header-above-stick-meta":"","header-main-stick-meta":"","header-below-stick-meta":"","astra-migrate-meta-layouts":"default","ast-page-background-enabled":"default","ast-page-background-meta":{"desktop":{"background-color":"","background-image":"","background-repeat":"repeat","background-position":"center center","background-size":"auto","background-attachment":"scroll","background-type":"","background-media":"","overlay-type":"","overlay-color":"","overlay-opacity":"","overlay-gradient":""},"tablet":{"background-color":"","background-image":"","background-repeat":"repeat","background-position":"center center","background-size":"auto","background-attachment":"scroll","background-type":"","background-media":"","overlay-type":"","overlay-color":"","overlay-opacity":"","overlay-gradient":""},"mobile":{"background-color":"","background-image":"","background-repeat":"repeat","background-position":"center center","background-size":"auto","background-attachment":"scroll","background-type":"","background-media":"","overlay-type":"","overlay-color":"","overlay-opacity":"","overlay-gradient":""}},"ast-content-background-meta":{"desktop":{"background-color":"var(--ast-global-color-5)","background-image":"","background-repeat":"repeat","background-position":"center center","background-size":"auto","background-attachment":"scroll","background-type":"","background-media":"","overlay-type":"","overlay-color":"","overlay-opacity":"","overlay-gradient":""},"tablet":{"background-color":"var(--ast-global-color-5)","background-image":"","background-repeat":"repeat","background-position":"center center","background-size":"auto","background-attachment":"scroll","background-type":"","background-media":"","overlay-type":"","overlay-color":"","overlay-opacity":"","overlay-gradient":""},"mobile":{"background-color":"var(--ast-global-color-5)","background-image":"","background-repeat":"repeat","background-position":"center center","background-size":"auto","background-attachment":"scroll","background-type":"","background-media":"","overlay-type":"","overlay-color":"","overlay-opacity":"","overlay-gradient":""}}},"product_brand":[],"product_cat":[97,191,140,195],"product_tag":[],"class_list":{"0":"post-7662","1":"product","2":"type-product","3":"status-publish","4":"has-post-thumbnail","6":"product_cat-addons","7":"product_cat-free","8":"product_cat-overlays","9":"product_cat-photoshop","10":"desktop-align-left","11":"tablet-align-left","12":"mobile-align-left","14":"first","15":"instock","16":"sale","17":"downloadable","18":"virtual","19":"taxable","20":"purchasable","21":"product-type-simple"},"yoast_head":"<!-- This site is optimized with the Yoast SEO plugin v27.3 - https:\/\/yoast.com\/product\/yoast-seo-wordpress\/ -->\n<title>[Free Download] Samples From The 3000+ Overlays Giga Pack - Graphimarket<\/title>\n<meta name=\"description\" content=\"Free photo overlays: These free resources are coming from one of our star products, The Image Overlays. The quality...\" \/>\n<meta name=\"robots\" content=\"index, follow, max-snippet:-1, max-image-preview:large, max-video-preview:-1\" \/>\n<link rel=\"canonical\" href=\"https:\/\/graphimarket.com\/pt\/product\/free-download-samples-from-the-3000-overlays-giga-pack-2\/\" \/>\n<meta property=\"og:locale\" content=\"pt_PT\" \/>\n<meta property=\"og:type\" content=\"article\" \/>\n<meta property=\"og:title\" content=\"[Free Download] Samples From The 3000+ Overlays Giga Pack - Graphimarket\" \/>\n<meta property=\"og:description\" content=\"Free photo overlays: These free resources are coming from one of our star products, The Image Overlays. The quality...\" \/>\n<meta property=\"og:url\" content=\"https:\/\/graphimarket.com\/pt\/product\/free-download-samples-from-the-3000-overlays-giga-pack-2\/\" \/>\n<meta property=\"og:site_name\" content=\"Graphimarket\" \/>\n<meta property=\"article:modified_time\" content=\"2024-02-26T01:25:35+00:00\" \/>\n<meta property=\"og:image\" content=\"https:\/\/graphimarket.com\/wp-content\/uploads\/2020\/09\/overlays-520-1.jpg\" \/>\n\t<meta property=\"og:image:width\" content=\"520\" \/>\n\t<meta property=\"og:image:height\" content=\"360\" \/>\n\t<meta property=\"og:image:type\" content=\"image\/jpeg\" \/>\n<meta name=\"twitter:card\" content=\"summary_large_image\" \/>\n<meta name=\"twitter:label1\" content=\"Est. reading time\" \/>\n\t<meta name=\"twitter:data1\" content=\"1 minute\" \/>\n<script type=\"application\/ld+json\" class=\"yoast-schema-graph\">{\"@context\":\"https:\\\/\\\/schema.org\",\"@graph\":[{\"@type\":\"WebPage\",\"@id\":\"https:\\\/\\\/graphimarket.com\\\/product\\\/free-download-samples-from-the-3000-overlays-giga-pack-2\\\/\",\"url\":\"https:\\\/\\\/graphimarket.com\\\/product\\\/free-download-samples-from-the-3000-overlays-giga-pack-2\\\/\",\"name\":\"[Free Download] Samples From The 3000+ Overlays Giga Pack - Graphimarket\",\"isPartOf\":{\"@id\":\"https:\\\/\\\/graphimarket.com\\\/fr\\\/#website\"},\"primaryImageOfPage\":{\"@id\":\"https:\\\/\\\/graphimarket.com\\\/product\\\/free-download-samples-from-the-3000-overlays-giga-pack-2\\\/#primaryimage\"},\"image\":{\"@id\":\"https:\\\/\\\/graphimarket.com\\\/product\\\/free-download-samples-from-the-3000-overlays-giga-pack-2\\\/#primaryimage\"},\"thumbnailUrl\":\"https:\\\/\\\/graphimarket.com\\\/wp-content\\\/uploads\\\/2020\\\/09\\\/overlays-520-1.jpg\",\"datePublished\":\"2020-09-07T09:18:46+00:00\",\"dateModified\":\"2024-02-26T01:25:35+00:00\",\"description\":\"Free photo overlays: These free resources are coming from one of our star products, The Image Overlays. The quality...\",\"breadcrumb\":{\"@id\":\"https:\\\/\\\/graphimarket.com\\\/product\\\/free-download-samples-from-the-3000-overlays-giga-pack-2\\\/#breadcrumb\"},\"inLanguage\":\"pt-PT\",\"potentialAction\":[{\"@type\":\"ReadAction\",\"target\":[\"https:\\\/\\\/graphimarket.com\\\/product\\\/free-download-samples-from-the-3000-overlays-giga-pack-2\\\/\"]}]},{\"@type\":\"ImageObject\",\"inLanguage\":\"pt-PT\",\"@id\":\"https:\\\/\\\/graphimarket.com\\\/product\\\/free-download-samples-from-the-3000-overlays-giga-pack-2\\\/#primaryimage\",\"url\":\"https:\\\/\\\/graphimarket.com\\\/wp-content\\\/uploads\\\/2020\\\/09\\\/overlays-520-1.jpg\",\"contentUrl\":\"https:\\\/\\\/graphimarket.com\\\/wp-content\\\/uploads\\\/2020\\\/09\\\/overlays-520-1.jpg\",\"width\":520,\"height\":360},{\"@type\":\"BreadcrumbList\",\"@id\":\"https:\\\/\\\/graphimarket.com\\\/product\\\/free-download-samples-from-the-3000-overlays-giga-pack-2\\\/#breadcrumb\",\"itemListElement\":[{\"@type\":\"ListItem\",\"position\":1,\"name\":\"Home\",\"item\":\"https:\\\/\\\/graphimarket.com\\\/es\\\/\"},{\"@type\":\"ListItem\",\"position\":2,\"name\":\"Store\",\"item\":\"https:\\\/\\\/graphimarket.com\\\/store\\\/\"},{\"@type\":\"ListItem\",\"position\":3,\"name\":\"[Free Download] Samples From The 3000+ Overlays Giga Pack\"}]},{\"@type\":\"WebSite\",\"@id\":\"https:\\\/\\\/graphimarket.com\\\/fr\\\/#website\",\"url\":\"https:\\\/\\\/graphimarket.com\\\/fr\\\/\",\"name\":\"Graphimarket\",\"description\":\"Find the perfect creative asset to bring your project to life\",\"publisher\":{\"@id\":\"https:\\\/\\\/graphimarket.com\\\/fr\\\/#organization\"},\"potentialAction\":[{\"@type\":\"SearchAction\",\"target\":{\"@type\":\"EntryPoint\",\"urlTemplate\":\"https:\\\/\\\/graphimarket.com\\\/fr\\\/?s={search_term_string}\"},\"query-input\":{\"@type\":\"PropertyValueSpecification\",\"valueRequired\":true,\"valueName\":\"search_term_string\"}}],\"inLanguage\":\"pt-PT\"},{\"@type\":\"Organization\",\"@id\":\"https:\\\/\\\/graphimarket.com\\\/fr\\\/#organization\",\"name\":\"Graphimarket\",\"url\":\"https:\\\/\\\/graphimarket.com\\\/fr\\\/\",\"logo\":{\"@type\":\"ImageObject\",\"inLanguage\":\"pt-PT\",\"@id\":\"https:\\\/\\\/graphimarket.com\\\/fr\\\/#\\\/schema\\\/logo\\\/image\\\/\",\"url\":\"https:\\\/\\\/graphimarket.com\\\/wp-content\\\/uploads\\\/2020\\\/08\\\/logo-48.png\",\"contentUrl\":\"https:\\\/\\\/graphimarket.com\\\/wp-content\\\/uploads\\\/2020\\\/08\\\/logo-48.png\",\"width\":132,\"height\":48,\"caption\":\"Graphimarket\"},\"image\":{\"@id\":\"https:\\\/\\\/graphimarket.com\\\/fr\\\/#\\\/schema\\\/logo\\\/image\\\/\"}}]}<\/script>\n<!-- \/ Yoast SEO plugin. -->","yoast_head_json":{"title":"[Free Download] Samples From The 3000+ Overlays Giga Pack - Graphimarket","description":"Sobreposi\u00e7\u00f5es de fotos gratuitas: esses recursos gratuitos s\u00e3o provenientes de um de nossos produtos estrela, as superposi\u00e7\u00f5es de imagens. A qualidade...","robots":{"index":"index","follow":"follow","max-snippet":"max-snippet:-1","max-image-preview":"max-image-preview:large","max-video-preview":"max-video-preview:-1"},"canonical":"https:\/\/graphimarket.com\/pt\/product\/free-download-samples-from-the-3000-overlays-giga-pack-2\/","og_locale":"pt_PT","og_type":"article","og_title":"[Free Download] Samples From The 3000+ Overlays Giga Pack - Graphimarket","og_description":"Free photo overlays: These free resources are coming from one of our star products, The Image Overlays. The quality...","og_url":"https:\/\/graphimarket.com\/pt\/product\/free-download-samples-from-the-3000-overlays-giga-pack-2\/","og_site_name":"Graphimarket","article_modified_time":"2024-02-26T01:25:35+00:00","og_image":[{"width":520,"height":360,"url":"https:\/\/graphimarket.com\/wp-content\/uploads\/2020\/09\/overlays-520-1.jpg","type":"image\/jpeg"}],"twitter_card":"summary_large_image","twitter_misc":{"Est. reading time":"1 minute"},"schema":{"@context":"https:\/\/schema.org","@graph":[{"@type":"WebPage","@id":"https:\/\/graphimarket.com\/product\/free-download-samples-from-the-3000-overlays-giga-pack-2\/","url":"https:\/\/graphimarket.com\/product\/free-download-samples-from-the-3000-overlays-giga-pack-2\/","name":"[Free Download] Samples From The 3000+ Overlays Giga Pack - Graphimarket","isPartOf":{"@id":"https:\/\/graphimarket.com\/fr\/#website"},"primaryImageOfPage":{"@id":"https:\/\/graphimarket.com\/product\/free-download-samples-from-the-3000-overlays-giga-pack-2\/#primaryimage"},"image":{"@id":"https:\/\/graphimarket.com\/product\/free-download-samples-from-the-3000-overlays-giga-pack-2\/#primaryimage"},"thumbnailUrl":"https:\/\/graphimarket.com\/wp-content\/uploads\/2020\/09\/overlays-520-1.jpg","datePublished":"2020-09-07T09:18:46+00:00","dateModified":"2024-02-26T01:25:35+00:00","description":"Sobreposi\u00e7\u00f5es de fotos gratuitas: esses recursos gratuitos s\u00e3o provenientes de um de nossos produtos estrela, as superposi\u00e7\u00f5es de imagens. A qualidade...","breadcrumb":{"@id":"https:\/\/graphimarket.com\/product\/free-download-samples-from-the-3000-overlays-giga-pack-2\/#breadcrumb"},"inLanguage":"pt-PT","potentialAction":[{"@type":"ReadAction","target":["https:\/\/graphimarket.com\/product\/free-download-samples-from-the-3000-overlays-giga-pack-2\/"]}]},{"@type":"ImageObject","inLanguage":"pt-PT","@id":"https:\/\/graphimarket.com\/product\/free-download-samples-from-the-3000-overlays-giga-pack-2\/#primaryimage","url":"https:\/\/graphimarket.com\/wp-content\/uploads\/2020\/09\/overlays-520-1.jpg","contentUrl":"https:\/\/graphimarket.com\/wp-content\/uploads\/2020\/09\/overlays-520-1.jpg","width":520,"height":360},{"@type":"BreadcrumbList","@id":"https:\/\/graphimarket.com\/product\/free-download-samples-from-the-3000-overlays-giga-pack-2\/#breadcrumb","itemListElement":[{"@type":"ListItem","position":1,"name":"Home","item":"https:\/\/graphimarket.com\/es\/"},{"@type":"ListItem","position":2,"name":"Store","item":"https:\/\/graphimarket.com\/store\/"},{"@type":"ListItem","position":3,"name":"[Free Download] Samples From The 3000+ Overlays Giga Pack"}]},{"@type":"WebSite","@id":"https:\/\/graphimarket.com\/fr\/#website","url":"https:\/\/graphimarket.com\/fr\/","name":"Graphimarket","description":"Encontre o ativo criativo perfeito para dar vida ao seu projeto","publisher":{"@id":"https:\/\/graphimarket.com\/fr\/#organization"},"potentialAction":[{"@type":"SearchAction","target":{"@type":"EntryPoint","urlTemplate":"https:\/\/graphimarket.com\/fr\/?s={search_term_string}"},"query-input":{"@type":"PropertyValueSpecification","valueRequired":true,"valueName":"search_term_string"}}],"inLanguage":"pt-PT"},{"@type":"Organization","@id":"https:\/\/graphimarket.com\/fr\/#organization","name":"Graphimarket","url":"https:\/\/graphimarket.com\/fr\/","logo":{"@type":"ImageObject","inLanguage":"pt-PT","@id":"https:\/\/graphimarket.com\/fr\/#\/schema\/logo\/image\/","url":"https:\/\/graphimarket.com\/wp-content\/uploads\/2020\/08\/logo-48.png","contentUrl":"https:\/\/graphimarket.com\/wp-content\/uploads\/2020\/08\/logo-48.png","width":132,"height":48,"caption":"Graphimarket"},"image":{"@id":"https:\/\/graphimarket.com\/fr\/#\/schema\/logo\/image\/"}}]}},"_links":{"self":[{"href":"https:\/\/graphimarket.com\/pt\/wp-json\/wp\/v2\/product\/7662","targetHints":{"allow":["GET"]}}],"collection":[{"href":"https:\/\/graphimarket.com\/pt\/wp-json\/wp\/v2\/product"}],"about":[{"href":"https:\/\/graphimarket.com\/pt\/wp-json\/wp\/v2\/types\/product"}],"replies":[{"embeddable":true,"href":"https:\/\/graphimarket.com\/pt\/wp-json\/wp\/v2\/comments?post=7662"}],"version-history":[{"count":0,"href":"https:\/\/graphimarket.com\/pt\/wp-json\/wp\/v2\/product\/7662\/revisions"}],"wp:featuredmedia":[{"embeddable":true,"href":"https:\/\/graphimarket.com\/pt\/wp-json\/wp\/v2\/media\/7663"}],"wp:attachment":[{"href":"https:\/\/graphimarket.com\/pt\/wp-json\/wp\/v2\/media?parent=7662"}],"wp:term":[{"taxonomy":"product_brand","embeddable":true,"href":"https:\/\/graphimarket.com\/pt\/wp-json\/wp\/v2\/product_brand?post=7662"},{"taxonomy":"product_cat","embeddable":true,"href":"https:\/\/graphimarket.com\/pt\/wp-json\/wp\/v2\/product_cat?post=7662"},{"taxonomy":"product_tag","embeddable":true,"href":"https:\/\/graphimarket.com\/pt\/wp-json\/wp\/v2\/product_tag?post=7662"}],"curies":[{"name":"wp","href":"https:\/\/api.w.org\/{rel}","templated":true}]}}