{"id":8319,"date":"2020-09-11T17:22:14","date_gmt":"2020-09-11T15:22:14","guid":{"rendered":"https:\/\/graphimarket.com\/?post_type=product&#038;p=8319"},"modified":"2022-12-19T23:19:44","modified_gmt":"2022-12-19T22:19:44","slug":"guardian-3-photoshop-action-2","status":"publish","type":"product","link":"https:\/\/graphimarket.com\/pt\/product\/guardian-3-photoshop-action-2\/","title":{"rendered":"Guardian 3 Photoshop Action"},"content":{"rendered":"<div class=\"_2Masz2rr\">\n<p><strong>A\u00e7\u00e3o do Guardi\u00e3o 3<\/strong>\u00a0\u2013 \u00e9 uma a\u00e7\u00e3o do Photoshop que voc\u00ea pode usar para criar obras de arte de manipula\u00e7\u00e3o de fotos, incluindo Fuma\u00e7a, Luzes, Nuvens e grada\u00e7\u00e3o de cores incr\u00edveis que produzem um tema de suspense.<\/p>\n<p>Esta a\u00e7\u00e3o foi feita para Designers e Fot\u00f3grafos que procuram imagens e designs criativos novos e atraentes. Al\u00e9m disso, qualquer pessoa pode usar esta a\u00e7\u00e3o, pois \u00e9 muito f\u00e1cil de usar, n\u00e3o h\u00e1 necessidade de habilidades profissionais para criar obras de arte exclusivas, como capas de CD, p\u00f4steres, folhetos, campanhas publicit\u00e1rias, usos de m\u00eddia social, etc.<\/p>\n<p><strong>Caracter\u00edsticas<\/strong>\u00a0\u2022 Funciona com o Photoshop CS3 e vers\u00f5es superiores. \u2022 Funciona em todos os idiomas do Photoshop. \u2022 R\u00e1pido e f\u00e1cil de usar. \u2022 Produto N\u00e3o Destrutivo. \u2022 Arquivo de ajuda com instru\u00e7\u00f5es.<\/p>\n<p><strong>Tutorial do Youtube:<\/strong>\u00a0https:\/\/youtu.be\/CbVwPfyyQZE<\/p>\n<\/div>\n<p><img fetchpriority=\"high\" decoding=\"async\" class=\"aligncenter wp-image-8320 size-full\" src=\"https:\/\/graphimarket.com\/wp-content\/uploads\/2020\/09\/488042ed-011b-4eaf-8376-30d05251b23a-1.jpg\" alt=\"\" width=\"900\" height=\"600\" srcset=\"https:\/\/graphimarket.com\/wp-content\/uploads\/2020\/09\/488042ed-011b-4eaf-8376-30d05251b23a-1.jpg 900w, https:\/\/graphimarket.com\/wp-content\/uploads\/2020\/09\/488042ed-011b-4eaf-8376-30d05251b23a-1-600x400.jpg 600w, https:\/\/graphimarket.com\/wp-content\/uploads\/2020\/09\/488042ed-011b-4eaf-8376-30d05251b23a-1-300x200.jpg 300w, https:\/\/graphimarket.com\/wp-content\/uploads\/2020\/09\/488042ed-011b-4eaf-8376-30d05251b23a-1-768x512.jpg 768w\" sizes=\"(max-width: 900px) 100vw, 900px\" \/> <img decoding=\"async\" class=\"aligncenter wp-image-8321 size-full\" src=\"https:\/\/graphimarket.com\/wp-content\/uploads\/2020\/09\/bf04cdd9-0e61-4275-8233-af7bdec4c36c-1.jpg\" alt=\"\" width=\"900\" height=\"600\" srcset=\"https:\/\/graphimarket.com\/wp-content\/uploads\/2020\/09\/bf04cdd9-0e61-4275-8233-af7bdec4c36c-1.jpg 900w, https:\/\/graphimarket.com\/wp-content\/uploads\/2020\/09\/bf04cdd9-0e61-4275-8233-af7bdec4c36c-1-600x400.jpg 600w, https:\/\/graphimarket.com\/wp-content\/uploads\/2020\/09\/bf04cdd9-0e61-4275-8233-af7bdec4c36c-1-300x200.jpg 300w, https:\/\/graphimarket.com\/wp-content\/uploads\/2020\/09\/bf04cdd9-0e61-4275-8233-af7bdec4c36c-1-768x512.jpg 768w\" sizes=\"(max-width: 900px) 100vw, 900px\" \/> <img decoding=\"async\" class=\"aligncenter wp-image-8322 size-full\" src=\"https:\/\/graphimarket.com\/wp-content\/uploads\/2020\/09\/6e36d52a-5022-43c9-9944-19c2bdae621e-1.jpg\" alt=\"\" width=\"900\" height=\"600\" srcset=\"https:\/\/graphimarket.com\/wp-content\/uploads\/2020\/09\/6e36d52a-5022-43c9-9944-19c2bdae621e-1.jpg 900w, https:\/\/graphimarket.com\/wp-content\/uploads\/2020\/09\/6e36d52a-5022-43c9-9944-19c2bdae621e-1-600x400.jpg 600w, https:\/\/graphimarket.com\/wp-content\/uploads\/2020\/09\/6e36d52a-5022-43c9-9944-19c2bdae621e-1-300x200.jpg 300w, https:\/\/graphimarket.com\/wp-content\/uploads\/2020\/09\/6e36d52a-5022-43c9-9944-19c2bdae621e-1-768x512.jpg 768w\" sizes=\"(max-width: 900px) 100vw, 900px\" \/><\/p>\n<div class=\"_3YqMOf9R\">\n<div class=\"_3KAa4-GZ frEFeDSS\"><\/div>\n<\/div>","protected":false},"excerpt":{"rendered":"<p>Guardian 3 Action\u00a0\u2013 is a Photoshop Action that you can use it to create photo manipulation artworks includes Smoke, Lights, Clouds, &amp; Amazing Color grading that produce a theme of suspense. This action made for Designers and Photographers who are looking for new and attractive creative pictures and designs. Also anyone can use this action [&hellip;]<\/p>\n","protected":false},"featured_media":8323,"comment_status":"open","ping_status":"closed","template":"","meta":{"site-sidebar-layout":"default","site-content-layout":"default","ast-site-content-layout":"default","site-content-style":"default","site-sidebar-style":"default","ast-global-header-display":"","ast-banner-title-visibility":"","ast-main-header-display":"","ast-hfb-above-header-display":"","ast-hfb-below-header-display":"","ast-hfb-mobile-header-display":"","site-post-title":"","ast-breadcrumbs-content":"","ast-featured-img":"","footer-sml-layout":"","ast-disable-related-posts":"","theme-transparent-header-meta":"default","adv-header-id-meta":"","stick-header-meta":"","header-above-stick-meta":"","header-main-stick-meta":"","header-below-stick-meta":"","astra-migrate-meta-layouts":"default","ast-page-background-enabled":"default","ast-page-background-meta":{"desktop":{"background-color":"","background-image":"","background-repeat":"repeat","background-position":"center center","background-size":"auto","background-attachment":"scroll","background-type":"","background-media":"","overlay-type":"","overlay-color":"","overlay-opacity":"","overlay-gradient":""},"tablet":{"background-color":"","background-image":"","background-repeat":"repeat","background-position":"center center","background-size":"auto","background-attachment":"scroll","background-type":"","background-media":"","overlay-type":"","overlay-color":"","overlay-opacity":"","overlay-gradient":""},"mobile":{"background-color":"","background-image":"","background-repeat":"repeat","background-position":"center center","background-size":"auto","background-attachment":"scroll","background-type":"","background-media":"","overlay-type":"","overlay-color":"","overlay-opacity":"","overlay-gradient":""}},"ast-content-background-meta":{"desktop":{"background-color":"var(--ast-global-color-5)","background-image":"","background-repeat":"repeat","background-position":"center center","background-size":"auto","background-attachment":"scroll","background-type":"","background-media":"","overlay-type":"","overlay-color":"","overlay-opacity":"","overlay-gradient":""},"tablet":{"background-color":"var(--ast-global-color-5)","background-image":"","background-repeat":"repeat","background-position":"center center","background-size":"auto","background-attachment":"scroll","background-type":"","background-media":"","overlay-type":"","overlay-color":"","overlay-opacity":"","overlay-gradient":""},"mobile":{"background-color":"var(--ast-global-color-5)","background-image":"","background-repeat":"repeat","background-position":"center center","background-size":"auto","background-attachment":"scroll","background-type":"","background-media":"","overlay-type":"","overlay-color":"","overlay-opacity":"","overlay-gradient":""}}},"product_brand":[],"product_cat":[145,195,146,172],"product_tag":[245,305,314,306,308,307,252,264,315,312,243,309,310,311],"class_list":{"0":"post-8319","1":"product","2":"type-product","3":"status-publish","4":"has-post-thumbnail","6":"product_cat-photography","7":"product_cat-photoshop","8":"product_cat-photoshop-action","9":"product_cat-tutorials","10":"product_tag-abstract","11":"product_tag-destruction","12":"product_tag-dust","13":"product_tag-explosion","14":"product_tag-guardian","15":"product_tag-manipulation","16":"product_tag-photography","17":"product_tag-photomanipulation","18":"product_tag-sand","19":"product_tag-smoke","20":"product_tag-texture","21":"product_tag-tutorial","22":"product_tag-visual","23":"product_tag-war","24":"desktop-align-left","25":"tablet-align-left","26":"mobile-align-left","28":"first","29":"instock","30":"downloadable","31":"virtual","32":"taxable","33":"purchasable","34":"product-type-simple"},"yoast_head":"<!-- This site is optimized with the Yoast SEO plugin v27.3 - https:\/\/yoast.com\/product\/yoast-seo-wordpress\/ -->\n<title>Guardian 3 Photoshop Action - Graphimarket<\/title>\n<meta name=\"description\" content=\"Guardian 3 Action\u00a0\u2013 is a Photoshop Action that you can use it to create photo manipulation artworks includes Smoke...\" \/>\n<meta name=\"robots\" content=\"index, follow, max-snippet:-1, max-image-preview:large, max-video-preview:-1\" \/>\n<link rel=\"canonical\" href=\"https:\/\/graphimarket.com\/pt\/product\/guardian-3-photoshop-action-2\/\" \/>\n<meta property=\"og:locale\" content=\"pt_PT\" \/>\n<meta property=\"og:type\" content=\"article\" \/>\n<meta property=\"og:title\" content=\"Guardian 3 Photoshop Action - Graphimarket\" \/>\n<meta property=\"og:description\" content=\"Guardian 3 Action\u00a0\u2013 is a Photoshop Action that you can use it to create photo manipulation artworks includes Smoke...\" \/>\n<meta property=\"og:url\" content=\"https:\/\/graphimarket.com\/pt\/product\/guardian-3-photoshop-action-2\/\" \/>\n<meta property=\"og:site_name\" content=\"Graphimarket\" \/>\n<meta property=\"article:modified_time\" content=\"2022-12-19T22:19:44+00:00\" \/>\n<meta property=\"og:image\" content=\"https:\/\/graphimarket.com\/wp-content\/uploads\/2020\/09\/2f84fc17-890f-46bf-a708-5a730fa21071-1.jpg\" \/>\n\t<meta property=\"og:image:width\" content=\"900\" \/>\n\t<meta property=\"og:image:height\" content=\"600\" \/>\n\t<meta property=\"og:image:type\" content=\"image\/jpeg\" \/>\n<meta name=\"twitter:card\" content=\"summary_large_image\" \/>\n<meta name=\"twitter:label1\" content=\"Est. reading time\" \/>\n\t<meta name=\"twitter:data1\" content=\"1 minute\" \/>\n<script type=\"application\/ld+json\" class=\"yoast-schema-graph\">{\"@context\":\"https:\\\/\\\/schema.org\",\"@graph\":[{\"@type\":\"WebPage\",\"@id\":\"https:\\\/\\\/graphimarket.com\\\/product\\\/guardian-3-photoshop-action-2\\\/\",\"url\":\"https:\\\/\\\/graphimarket.com\\\/product\\\/guardian-3-photoshop-action-2\\\/\",\"name\":\"Guardian 3 Photoshop Action - Graphimarket\",\"isPartOf\":{\"@id\":\"https:\\\/\\\/graphimarket.com\\\/fr\\\/#website\"},\"primaryImageOfPage\":{\"@id\":\"https:\\\/\\\/graphimarket.com\\\/product\\\/guardian-3-photoshop-action-2\\\/#primaryimage\"},\"image\":{\"@id\":\"https:\\\/\\\/graphimarket.com\\\/product\\\/guardian-3-photoshop-action-2\\\/#primaryimage\"},\"thumbnailUrl\":\"https:\\\/\\\/graphimarket.com\\\/wp-content\\\/uploads\\\/2020\\\/09\\\/2f84fc17-890f-46bf-a708-5a730fa21071-1.jpg\",\"datePublished\":\"2020-09-11T15:22:14+00:00\",\"dateModified\":\"2022-12-19T22:19:44+00:00\",\"description\":\"Guardian 3 Action\u00a0\u2013 is a Photoshop Action that you can use it to create photo manipulation artworks includes Smoke...\",\"breadcrumb\":{\"@id\":\"https:\\\/\\\/graphimarket.com\\\/product\\\/guardian-3-photoshop-action-2\\\/#breadcrumb\"},\"inLanguage\":\"pt-PT\",\"potentialAction\":[{\"@type\":\"ReadAction\",\"target\":[\"https:\\\/\\\/graphimarket.com\\\/product\\\/guardian-3-photoshop-action-2\\\/\"]}]},{\"@type\":\"ImageObject\",\"inLanguage\":\"pt-PT\",\"@id\":\"https:\\\/\\\/graphimarket.com\\\/product\\\/guardian-3-photoshop-action-2\\\/#primaryimage\",\"url\":\"https:\\\/\\\/graphimarket.com\\\/wp-content\\\/uploads\\\/2020\\\/09\\\/2f84fc17-890f-46bf-a708-5a730fa21071-1.jpg\",\"contentUrl\":\"https:\\\/\\\/graphimarket.com\\\/wp-content\\\/uploads\\\/2020\\\/09\\\/2f84fc17-890f-46bf-a708-5a730fa21071-1.jpg\",\"width\":900,\"height\":600},{\"@type\":\"BreadcrumbList\",\"@id\":\"https:\\\/\\\/graphimarket.com\\\/product\\\/guardian-3-photoshop-action-2\\\/#breadcrumb\",\"itemListElement\":[{\"@type\":\"ListItem\",\"position\":1,\"name\":\"Home\",\"item\":\"https:\\\/\\\/graphimarket.com\\\/es\\\/\"},{\"@type\":\"ListItem\",\"position\":2,\"name\":\"Store\",\"item\":\"https:\\\/\\\/graphimarket.com\\\/store\\\/\"},{\"@type\":\"ListItem\",\"position\":3,\"name\":\"Guardian 3 Photoshop Action\"}]},{\"@type\":\"WebSite\",\"@id\":\"https:\\\/\\\/graphimarket.com\\\/fr\\\/#website\",\"url\":\"https:\\\/\\\/graphimarket.com\\\/fr\\\/\",\"name\":\"Graphimarket\",\"description\":\"Find the perfect creative asset to bring your project to life\",\"publisher\":{\"@id\":\"https:\\\/\\\/graphimarket.com\\\/fr\\\/#organization\"},\"potentialAction\":[{\"@type\":\"SearchAction\",\"target\":{\"@type\":\"EntryPoint\",\"urlTemplate\":\"https:\\\/\\\/graphimarket.com\\\/fr\\\/?s={search_term_string}\"},\"query-input\":{\"@type\":\"PropertyValueSpecification\",\"valueRequired\":true,\"valueName\":\"search_term_string\"}}],\"inLanguage\":\"pt-PT\"},{\"@type\":\"Organization\",\"@id\":\"https:\\\/\\\/graphimarket.com\\\/fr\\\/#organization\",\"name\":\"Graphimarket\",\"url\":\"https:\\\/\\\/graphimarket.com\\\/fr\\\/\",\"logo\":{\"@type\":\"ImageObject\",\"inLanguage\":\"pt-PT\",\"@id\":\"https:\\\/\\\/graphimarket.com\\\/fr\\\/#\\\/schema\\\/logo\\\/image\\\/\",\"url\":\"https:\\\/\\\/graphimarket.com\\\/wp-content\\\/uploads\\\/2020\\\/08\\\/logo-48.png\",\"contentUrl\":\"https:\\\/\\\/graphimarket.com\\\/wp-content\\\/uploads\\\/2020\\\/08\\\/logo-48.png\",\"width\":132,\"height\":48,\"caption\":\"Graphimarket\"},\"image\":{\"@id\":\"https:\\\/\\\/graphimarket.com\\\/fr\\\/#\\\/schema\\\/logo\\\/image\\\/\"}}]}<\/script>\n<!-- \/ Yoast SEO plugin. -->","yoast_head_json":{"title":"Guardian 3 Photoshop Action - Graphimarket","description":"Guardian 3 Action\u00a0\u2013 is a Photoshop Action that you can use it to create photo manipulation artworks includes Smoke...","robots":{"index":"index","follow":"follow","max-snippet":"max-snippet:-1","max-image-preview":"max-image-preview:large","max-video-preview":"max-video-preview:-1"},"canonical":"https:\/\/graphimarket.com\/pt\/product\/guardian-3-photoshop-action-2\/","og_locale":"pt_PT","og_type":"article","og_title":"Guardian 3 Photoshop Action - Graphimarket","og_description":"Guardian 3 Action\u00a0\u2013 is a Photoshop Action that you can use it to create photo manipulation artworks includes Smoke...","og_url":"https:\/\/graphimarket.com\/pt\/product\/guardian-3-photoshop-action-2\/","og_site_name":"Graphimarket","article_modified_time":"2022-12-19T22:19:44+00:00","og_image":[{"width":900,"height":600,"url":"https:\/\/graphimarket.com\/wp-content\/uploads\/2020\/09\/2f84fc17-890f-46bf-a708-5a730fa21071-1.jpg","type":"image\/jpeg"}],"twitter_card":"summary_large_image","twitter_misc":{"Est. reading time":"1 minute"},"schema":{"@context":"https:\/\/schema.org","@graph":[{"@type":"WebPage","@id":"https:\/\/graphimarket.com\/product\/guardian-3-photoshop-action-2\/","url":"https:\/\/graphimarket.com\/product\/guardian-3-photoshop-action-2\/","name":"Guardian 3 Photoshop Action - Graphimarket","isPartOf":{"@id":"https:\/\/graphimarket.com\/fr\/#website"},"primaryImageOfPage":{"@id":"https:\/\/graphimarket.com\/product\/guardian-3-photoshop-action-2\/#primaryimage"},"image":{"@id":"https:\/\/graphimarket.com\/product\/guardian-3-photoshop-action-2\/#primaryimage"},"thumbnailUrl":"https:\/\/graphimarket.com\/wp-content\/uploads\/2020\/09\/2f84fc17-890f-46bf-a708-5a730fa21071-1.jpg","datePublished":"2020-09-11T15:22:14+00:00","dateModified":"2022-12-19T22:19:44+00:00","description":"Guardian 3 Action\u00a0\u2013 is a Photoshop Action that you can use it to create photo manipulation artworks includes Smoke...","breadcrumb":{"@id":"https:\/\/graphimarket.com\/product\/guardian-3-photoshop-action-2\/#breadcrumb"},"inLanguage":"pt-PT","potentialAction":[{"@type":"ReadAction","target":["https:\/\/graphimarket.com\/product\/guardian-3-photoshop-action-2\/"]}]},{"@type":"ImageObject","inLanguage":"pt-PT","@id":"https:\/\/graphimarket.com\/product\/guardian-3-photoshop-action-2\/#primaryimage","url":"https:\/\/graphimarket.com\/wp-content\/uploads\/2020\/09\/2f84fc17-890f-46bf-a708-5a730fa21071-1.jpg","contentUrl":"https:\/\/graphimarket.com\/wp-content\/uploads\/2020\/09\/2f84fc17-890f-46bf-a708-5a730fa21071-1.jpg","width":900,"height":600},{"@type":"BreadcrumbList","@id":"https:\/\/graphimarket.com\/product\/guardian-3-photoshop-action-2\/#breadcrumb","itemListElement":[{"@type":"ListItem","position":1,"name":"Home","item":"https:\/\/graphimarket.com\/es\/"},{"@type":"ListItem","position":2,"name":"Store","item":"https:\/\/graphimarket.com\/store\/"},{"@type":"ListItem","position":3,"name":"Guardian 3 Photoshop Action"}]},{"@type":"WebSite","@id":"https:\/\/graphimarket.com\/fr\/#website","url":"https:\/\/graphimarket.com\/fr\/","name":"Graphimarket","description":"Encontre o ativo criativo perfeito para dar vida ao seu projeto","publisher":{"@id":"https:\/\/graphimarket.com\/fr\/#organization"},"potentialAction":[{"@type":"SearchAction","target":{"@type":"EntryPoint","urlTemplate":"https:\/\/graphimarket.com\/fr\/?s={search_term_string}"},"query-input":{"@type":"PropertyValueSpecification","valueRequired":true,"valueName":"search_term_string"}}],"inLanguage":"pt-PT"},{"@type":"Organization","@id":"https:\/\/graphimarket.com\/fr\/#organization","name":"Graphimarket","url":"https:\/\/graphimarket.com\/fr\/","logo":{"@type":"ImageObject","inLanguage":"pt-PT","@id":"https:\/\/graphimarket.com\/fr\/#\/schema\/logo\/image\/","url":"https:\/\/graphimarket.com\/wp-content\/uploads\/2020\/08\/logo-48.png","contentUrl":"https:\/\/graphimarket.com\/wp-content\/uploads\/2020\/08\/logo-48.png","width":132,"height":48,"caption":"Graphimarket"},"image":{"@id":"https:\/\/graphimarket.com\/fr\/#\/schema\/logo\/image\/"}}]}},"_links":{"self":[{"href":"https:\/\/graphimarket.com\/pt\/wp-json\/wp\/v2\/product\/8319","targetHints":{"allow":["GET"]}}],"collection":[{"href":"https:\/\/graphimarket.com\/pt\/wp-json\/wp\/v2\/product"}],"about":[{"href":"https:\/\/graphimarket.com\/pt\/wp-json\/wp\/v2\/types\/product"}],"replies":[{"embeddable":true,"href":"https:\/\/graphimarket.com\/pt\/wp-json\/wp\/v2\/comments?post=8319"}],"version-history":[{"count":0,"href":"https:\/\/graphimarket.com\/pt\/wp-json\/wp\/v2\/product\/8319\/revisions"}],"wp:featuredmedia":[{"embeddable":true,"href":"https:\/\/graphimarket.com\/pt\/wp-json\/wp\/v2\/media\/8323"}],"wp:attachment":[{"href":"https:\/\/graphimarket.com\/pt\/wp-json\/wp\/v2\/media?parent=8319"}],"wp:term":[{"taxonomy":"product_brand","embeddable":true,"href":"https:\/\/graphimarket.com\/pt\/wp-json\/wp\/v2\/product_brand?post=8319"},{"taxonomy":"product_cat","embeddable":true,"href":"https:\/\/graphimarket.com\/pt\/wp-json\/wp\/v2\/product_cat?post=8319"},{"taxonomy":"product_tag","embeddable":true,"href":"https:\/\/graphimarket.com\/pt\/wp-json\/wp\/v2\/product_tag?post=8319"}],"curies":[{"name":"wp","href":"https:\/\/api.w.org\/{rel}","templated":true}]}}