{"id":8436,"date":"2020-09-12T09:49:03","date_gmt":"2020-09-12T07:49:03","guid":{"rendered":"https:\/\/graphimarket.com\/?post_type=product&#038;p=8436"},"modified":"2022-12-19T23:16:25","modified_gmt":"2022-12-19T22:16:25","slug":"network-turbulence-photoshop-brushes","status":"publish","type":"product","link":"https:\/\/graphimarket.com\/pt\/product\/network-turbulence-photoshop-brushes\/","title":{"rendered":"Pinc\u00e9is de turbul\u00eancia de rede no Photoshop"},"content":{"rendered":"<div class=\"_2Masz2rr\">\n<p><strong>Techno Futuristic Brushes Vis\u00e3o geral Network Turbulence Pinc\u00e9is do Photoshop<\/strong><\/p>\n<p>Cancelamos o t\u00e9dio e o fracasso em sua carreira profissional nos mundos Digital, 3D ou Web! \u00c9 hora de um novo Creative Motion Design e Arte Moderna que ningu\u00e9m viu antes. D\u00ea uma olhada no conjunto de pinc\u00e9is elegante que \u00e9 pronto para impress\u00e3o e f\u00e1cil de instalar. N\u00e3o tenha pressa, observe com aten\u00e7\u00e3o. Certamente, al\u00e9m de suas caracter\u00edsticas como alta qualidade, alta resolu\u00e7\u00e3o, big data e oportunidade de complementos, voc\u00ea ver\u00e1 algo mais. Vamos supor que estes ser\u00e3o seus Futuros Objetos Gr\u00e1ficos em Techno ou Estilo Futurista.<\/p>\n<p>Encantado pela Subtle Surface com grade ondulada e ondas de contorno no estilo minimalista, voc\u00ea dificilmente pode resistir ao fluxo art\u00edstico e decorativo de ideias em sua mente. Nosso conselho: n\u00e3o pare. Confie em si mesmo em primeiro lugar e confie neste pincel din\u00e2mico de turbul\u00eancia de rede. N\u00e3o pode ser caro em termos de tempo e energia. Porque com suas texturas lineares abstratas e ondas de contorno com ornamentos tecnol\u00f3gicos n\u00e3o triviais, voc\u00ea poder\u00e1 fazer padr\u00f5es de preenchimentos de texturas incr\u00edveis, alterar efeitos de fotos, pintar ilustra\u00e7\u00f5es impressionantes e moldar sua pr\u00f3pria decora\u00e7\u00e3o com prazer, limpo e r\u00e1pido.<\/p>\n<p><strong>Pinc\u00e9is Techno Futuristas e seus superpoderes<\/strong><\/p>\n<p>Leia mais, vale a pena saber. Mais um fato essencial sobre esta turbul\u00eancia de grade abstrata e grade ondulada Photoshop ABR Brushes \u00e9 que voc\u00ea receber\u00e1 uma pasta com 10 arquivos PNG transparentes deste conjunto de pinc\u00e9is abstratos \u00fanicos. N\u00e3o se esque\u00e7a que voc\u00ea pode us\u00e1-los como texturas para seus projetos digitais, criar formas de abstra\u00e7\u00e3o, add-ons para efeitos fotogr\u00e1ficos ou para materiais gr\u00e1ficos. Como voc\u00ea sabe, os Estilos Urbano, Futurista e Tecnol\u00f3gico est\u00e3o em alta nos dias de hoje. A arte de tornar o big data bonito est\u00e1 conquistando o mundo. Especialistas e artistas em visualiza\u00e7\u00e3o de dados est\u00e3o criando coisas incr\u00edveis, como fotografia, padr\u00e3o, plano de fundo e textura no mundo do design de dados todos os dias.<\/p>\n<p>Ent\u00e3o, n\u00e3o perca a chance de escrever seu texto de vida. Seja o que for papel de parede de superf\u00edcie de grade, efeito de onda de contorno ou outro elemento de design linear. Voc\u00ea \u00e9 um Artista e n\u00e3o existe um plano B para a paix\u00e3o.<\/p>\n<p><strong>O que voc\u00ea vai receber?<\/strong><\/p>\n<p>Chega de se preocupar com falta de tempo, trabalho complicado ou ideias de design antigas. Estes pinc\u00e9is de linhas de alta resolu\u00e7\u00e3o com superf\u00edcie de grade ir\u00e3o salv\u00e1-lo se voc\u00ea quiser:<\/p>\n<ol>\n<li>Retoque uma imagem, adicione drama a uma manipula\u00e7\u00e3o de foto ou pinte novos elementos;<\/li>\n<li>Crie linhas de arte 100% de alta resolu\u00e7\u00e3o;<\/li>\n<li>Tenha uma Embalagem exclusiva;<\/li>\n<li>Forma Estilo de pintura minimalista;<\/li>\n<li>Economize tempo e desfrute de um processo.<\/li>\n<\/ol>\n<p><strong>Informa\u00e7\u00e3o adicional:<\/strong><\/p>\n<ul>\n<li>Arquivos complementares inclu\u00eddos:\u00a0<strong>Photoshop ABR<\/strong><\/li>\n<li>Arquivos gr\u00e1ficos inclu\u00eddos:\u00a0<strong>PNG transparente<\/strong><\/li>\n<li>Dimens\u00f5es dos pixels:\u00a0<strong>5000+px<\/strong><\/li>\n<\/ul>\n<\/div>\n<div class=\"_3KAa4-GZ frEFeDSS\"><img fetchpriority=\"high\" decoding=\"async\" class=\"aligncenter wp-image-8437 size-full\" src=\"https:\/\/graphimarket.com\/wp-content\/uploads\/2020\/09\/1695f299-9414-4784-aad4-7e0f0c3a5ff8.jpg\" alt=\"\" width=\"900\" height=\"600\" srcset=\"https:\/\/graphimarket.com\/wp-content\/uploads\/2020\/09\/1695f299-9414-4784-aad4-7e0f0c3a5ff8.jpg 900w, https:\/\/graphimarket.com\/wp-content\/uploads\/2020\/09\/1695f299-9414-4784-aad4-7e0f0c3a5ff8-600x400.jpg 600w, https:\/\/graphimarket.com\/wp-content\/uploads\/2020\/09\/1695f299-9414-4784-aad4-7e0f0c3a5ff8-300x200.jpg 300w, https:\/\/graphimarket.com\/wp-content\/uploads\/2020\/09\/1695f299-9414-4784-aad4-7e0f0c3a5ff8-768x512.jpg 768w\" sizes=\"(max-width: 900px) 100vw, 900px\" \/> <img decoding=\"async\" class=\"aligncenter wp-image-8438 size-full\" src=\"https:\/\/graphimarket.com\/wp-content\/uploads\/2020\/09\/a4fbd6d3-857a-4207-9260-f6a93783bde7.jpg\" alt=\"\" width=\"900\" height=\"600\" srcset=\"https:\/\/graphimarket.com\/wp-content\/uploads\/2020\/09\/a4fbd6d3-857a-4207-9260-f6a93783bde7.jpg 900w, https:\/\/graphimarket.com\/wp-content\/uploads\/2020\/09\/a4fbd6d3-857a-4207-9260-f6a93783bde7-600x400.jpg 600w, https:\/\/graphimarket.com\/wp-content\/uploads\/2020\/09\/a4fbd6d3-857a-4207-9260-f6a93783bde7-300x200.jpg 300w, https:\/\/graphimarket.com\/wp-content\/uploads\/2020\/09\/a4fbd6d3-857a-4207-9260-f6a93783bde7-768x512.jpg 768w\" sizes=\"(max-width: 900px) 100vw, 900px\" \/> <img decoding=\"async\" class=\"aligncenter wp-image-8439 size-full\" src=\"https:\/\/graphimarket.com\/wp-content\/uploads\/2020\/09\/dd514f97-768b-48f3-b5a9-47163e78859f.jpg\" alt=\"\" width=\"900\" height=\"600\" srcset=\"https:\/\/graphimarket.com\/wp-content\/uploads\/2020\/09\/dd514f97-768b-48f3-b5a9-47163e78859f.jpg 900w, https:\/\/graphimarket.com\/wp-content\/uploads\/2020\/09\/dd514f97-768b-48f3-b5a9-47163e78859f-600x400.jpg 600w, https:\/\/graphimarket.com\/wp-content\/uploads\/2020\/09\/dd514f97-768b-48f3-b5a9-47163e78859f-300x200.jpg 300w, https:\/\/graphimarket.com\/wp-content\/uploads\/2020\/09\/dd514f97-768b-48f3-b5a9-47163e78859f-768x512.jpg 768w\" sizes=\"(max-width: 900px) 100vw, 900px\" \/> <img loading=\"lazy\" decoding=\"async\" class=\"aligncenter wp-image-8440 size-full\" src=\"https:\/\/graphimarket.com\/wp-content\/uploads\/2020\/09\/e7d4d784-8e76-4ee4-a89c-c1cd7982a371.jpg\" alt=\"\" width=\"900\" height=\"600\" srcset=\"https:\/\/graphimarket.com\/wp-content\/uploads\/2020\/09\/e7d4d784-8e76-4ee4-a89c-c1cd7982a371.jpg 900w, https:\/\/graphimarket.com\/wp-content\/uploads\/2020\/09\/e7d4d784-8e76-4ee4-a89c-c1cd7982a371-600x400.jpg 600w, https:\/\/graphimarket.com\/wp-content\/uploads\/2020\/09\/e7d4d784-8e76-4ee4-a89c-c1cd7982a371-300x200.jpg 300w, https:\/\/graphimarket.com\/wp-content\/uploads\/2020\/09\/e7d4d784-8e76-4ee4-a89c-c1cd7982a371-768x512.jpg 768w\" sizes=\"(max-width: 900px) 100vw, 900px\" \/> <img loading=\"lazy\" decoding=\"async\" class=\"aligncenter wp-image-8441 size-full\" src=\"https:\/\/graphimarket.com\/wp-content\/uploads\/2020\/09\/e31c9544-c088-4d55-bedb-c7dcca92daf3.jpg\" alt=\"\" width=\"900\" height=\"600\" srcset=\"https:\/\/graphimarket.com\/wp-content\/uploads\/2020\/09\/e31c9544-c088-4d55-bedb-c7dcca92daf3.jpg 900w, https:\/\/graphimarket.com\/wp-content\/uploads\/2020\/09\/e31c9544-c088-4d55-bedb-c7dcca92daf3-600x400.jpg 600w, https:\/\/graphimarket.com\/wp-content\/uploads\/2020\/09\/e31c9544-c088-4d55-bedb-c7dcca92daf3-300x200.jpg 300w, https:\/\/graphimarket.com\/wp-content\/uploads\/2020\/09\/e31c9544-c088-4d55-bedb-c7dcca92daf3-768x512.jpg 768w\" sizes=\"(max-width: 900px) 100vw, 900px\" \/> <img loading=\"lazy\" decoding=\"async\" class=\"aligncenter wp-image-8442 size-full\" src=\"https:\/\/graphimarket.com\/wp-content\/uploads\/2020\/09\/2d4ded94-69c7-452b-80e1-e521b0791afd.jpg\" alt=\"\" width=\"900\" height=\"600\" srcset=\"https:\/\/graphimarket.com\/wp-content\/uploads\/2020\/09\/2d4ded94-69c7-452b-80e1-e521b0791afd.jpg 900w, https:\/\/graphimarket.com\/wp-content\/uploads\/2020\/09\/2d4ded94-69c7-452b-80e1-e521b0791afd-600x400.jpg 600w, https:\/\/graphimarket.com\/wp-content\/uploads\/2020\/09\/2d4ded94-69c7-452b-80e1-e521b0791afd-300x200.jpg 300w, https:\/\/graphimarket.com\/wp-content\/uploads\/2020\/09\/2d4ded94-69c7-452b-80e1-e521b0791afd-768x512.jpg 768w\" sizes=\"(max-width: 900px) 100vw, 900px\" \/> <img loading=\"lazy\" decoding=\"async\" class=\"aligncenter wp-image-8443 size-full\" src=\"https:\/\/graphimarket.com\/wp-content\/uploads\/2020\/09\/6a91f37f-6d78-409c-b757-7a6f8931b205.jpg\" alt=\"\" width=\"900\" height=\"600\" srcset=\"https:\/\/graphimarket.com\/wp-content\/uploads\/2020\/09\/6a91f37f-6d78-409c-b757-7a6f8931b205.jpg 900w, https:\/\/graphimarket.com\/wp-content\/uploads\/2020\/09\/6a91f37f-6d78-409c-b757-7a6f8931b205-600x400.jpg 600w, https:\/\/graphimarket.com\/wp-content\/uploads\/2020\/09\/6a91f37f-6d78-409c-b757-7a6f8931b205-300x200.jpg 300w, https:\/\/graphimarket.com\/wp-content\/uploads\/2020\/09\/6a91f37f-6d78-409c-b757-7a6f8931b205-768x512.jpg 768w\" sizes=\"(max-width: 900px) 100vw, 900px\" \/> <img loading=\"lazy\" decoding=\"async\" class=\"aligncenter wp-image-8444 size-full\" src=\"https:\/\/graphimarket.com\/wp-content\/uploads\/2020\/09\/21eb6fff-3fbf-4aed-8c68-884a255be27b.jpg\" alt=\"\" width=\"900\" height=\"600\" srcset=\"https:\/\/graphimarket.com\/wp-content\/uploads\/2020\/09\/21eb6fff-3fbf-4aed-8c68-884a255be27b.jpg 900w, https:\/\/graphimarket.com\/wp-content\/uploads\/2020\/09\/21eb6fff-3fbf-4aed-8c68-884a255be27b-600x400.jpg 600w, https:\/\/graphimarket.com\/wp-content\/uploads\/2020\/09\/21eb6fff-3fbf-4aed-8c68-884a255be27b-300x200.jpg 300w, https:\/\/graphimarket.com\/wp-content\/uploads\/2020\/09\/21eb6fff-3fbf-4aed-8c68-884a255be27b-768x512.jpg 768w\" sizes=\"(max-width: 900px) 100vw, 900px\" \/> <img loading=\"lazy\" decoding=\"async\" class=\"aligncenter wp-image-8445 size-full\" src=\"https:\/\/graphimarket.com\/wp-content\/uploads\/2020\/09\/22fbc3eb-7869-4096-8c4a-82a377e25c2d.jpg\" alt=\"\" width=\"900\" height=\"600\" srcset=\"https:\/\/graphimarket.com\/wp-content\/uploads\/2020\/09\/22fbc3eb-7869-4096-8c4a-82a377e25c2d.jpg 900w, https:\/\/graphimarket.com\/wp-content\/uploads\/2020\/09\/22fbc3eb-7869-4096-8c4a-82a377e25c2d-600x400.jpg 600w, https:\/\/graphimarket.com\/wp-content\/uploads\/2020\/09\/22fbc3eb-7869-4096-8c4a-82a377e25c2d-300x200.jpg 300w, https:\/\/graphimarket.com\/wp-content\/uploads\/2020\/09\/22fbc3eb-7869-4096-8c4a-82a377e25c2d-768x512.jpg 768w\" sizes=\"(max-width: 900px) 100vw, 900px\" \/> <img loading=\"lazy\" decoding=\"async\" class=\"aligncenter wp-image-8446 size-full\" src=\"https:\/\/graphimarket.com\/wp-content\/uploads\/2020\/09\/84a8dab6-a6b6-4667-84a2-170c97de962d.jpg\" alt=\"\" width=\"900\" height=\"600\" srcset=\"https:\/\/graphimarket.com\/wp-content\/uploads\/2020\/09\/84a8dab6-a6b6-4667-84a2-170c97de962d.jpg 900w, https:\/\/graphimarket.com\/wp-content\/uploads\/2020\/09\/84a8dab6-a6b6-4667-84a2-170c97de962d-600x400.jpg 600w, https:\/\/graphimarket.com\/wp-content\/uploads\/2020\/09\/84a8dab6-a6b6-4667-84a2-170c97de962d-300x200.jpg 300w, https:\/\/graphimarket.com\/wp-content\/uploads\/2020\/09\/84a8dab6-a6b6-4667-84a2-170c97de962d-768x512.jpg 768w\" sizes=\"(max-width: 900px) 100vw, 900px\" \/><\/div>\n<div><\/div>","protected":false},"excerpt":{"rendered":"<p>Techno Futuristic Brushes Overview Network Turbulence Photoshop Brushes We cancel boredom and failure in your Professional career in Digital, 3d or Web worlds! It is time for new Creative Motion Design and Modern Art that nobody has seen before. Take a gaze on the Stylish Brush Set that is Print Ready and Easy to install. [&hellip;]<\/p>\n","protected":false},"featured_media":8447,"comment_status":"open","ping_status":"closed","template":"","meta":{"site-sidebar-layout":"default","site-content-layout":"default","ast-site-content-layout":"default","site-content-style":"default","site-sidebar-style":"default","ast-global-header-display":"","ast-banner-title-visibility":"","ast-main-header-display":"","ast-hfb-above-header-display":"","ast-hfb-below-header-display":"","ast-hfb-mobile-header-display":"","site-post-title":"","ast-breadcrumbs-content":"","ast-featured-img":"","footer-sml-layout":"","ast-disable-related-posts":"","theme-transparent-header-meta":"default","adv-header-id-meta":"","stick-header-meta":"","header-above-stick-meta":"","header-main-stick-meta":"","header-below-stick-meta":"","astra-migrate-meta-layouts":"default","ast-page-background-enabled":"default","ast-page-background-meta":{"desktop":{"background-color":"","background-image":"","background-repeat":"repeat","background-position":"center center","background-size":"auto","background-attachment":"scroll","background-type":"","background-media":"","overlay-type":"","overlay-color":"","overlay-opacity":"","overlay-gradient":""},"tablet":{"background-color":"","background-image":"","background-repeat":"repeat","background-position":"center center","background-size":"auto","background-attachment":"scroll","background-type":"","background-media":"","overlay-type":"","overlay-color":"","overlay-opacity":"","overlay-gradient":""},"mobile":{"background-color":"","background-image":"","background-repeat":"repeat","background-position":"center center","background-size":"auto","background-attachment":"scroll","background-type":"","background-media":"","overlay-type":"","overlay-color":"","overlay-opacity":"","overlay-gradient":""}},"ast-content-background-meta":{"desktop":{"background-color":"var(--ast-global-color-5)","background-image":"","background-repeat":"repeat","background-position":"center center","background-size":"auto","background-attachment":"scroll","background-type":"","background-media":"","overlay-type":"","overlay-color":"","overlay-opacity":"","overlay-gradient":""},"tablet":{"background-color":"var(--ast-global-color-5)","background-image":"","background-repeat":"repeat","background-position":"center center","background-size":"auto","background-attachment":"scroll","background-type":"","background-media":"","overlay-type":"","overlay-color":"","overlay-opacity":"","overlay-gradient":""},"mobile":{"background-color":"var(--ast-global-color-5)","background-image":"","background-repeat":"repeat","background-position":"center center","background-size":"auto","background-attachment":"scroll","background-type":"","background-media":"","overlay-type":"","overlay-color":"","overlay-opacity":"","overlay-gradient":""}}},"product_brand":[],"product_cat":[1002,195],"product_tag":[291,530,245,231,257,541,540,545,538,62,543,546,544,539,542],"class_list":{"0":"post-8436","1":"product","2":"type-product","3":"status-publish","4":"has-post-thumbnail","6":"product_cat-accessories","7":"product_cat-photoshop","8":"product_tag-3d","9":"product_tag-abr","10":"product_tag-abstract","11":"product_tag-brushes","12":"product_tag-digital","13":"product_tag-generative","14":"product_tag-grid","15":"product_tag-motion","16":"product_tag-network","17":"product_tag-photoshop","18":"product_tag-png","19":"product_tag-tech","20":"product_tag-transparent","21":"product_tag-turbulence","22":"product_tag-waves","23":"desktop-align-left","24":"tablet-align-left","25":"mobile-align-left","27":"first","28":"instock","29":"downloadable","30":"virtual","31":"taxable","32":"purchasable","33":"product-type-simple"},"yoast_head":"<!-- This site is optimized with the Yoast SEO plugin v27.3 - https:\/\/yoast.com\/product\/yoast-seo-wordpress\/ -->\n<title>Network Turbulence Photoshop Brushes - Graphimarket<\/title>\n<meta name=\"description\" content=\"Techno Futuristic Brushes Overview Network Turbulence Photoshop Brushes We cancel boredom and failure in your Professional career in Digital\" \/>\n<meta name=\"robots\" content=\"index, follow, max-snippet:-1, max-image-preview:large, max-video-preview:-1\" \/>\n<link rel=\"canonical\" href=\"https:\/\/graphimarket.com\/pt\/prodotto\/network-turbulence-photoshop-brushes\/\" \/>\n<meta property=\"og:locale\" content=\"pt_PT\" \/>\n<meta property=\"og:type\" content=\"article\" \/>\n<meta property=\"og:title\" content=\"Network Turbulence Photoshop Brushes - Graphimarket\" \/>\n<meta property=\"og:description\" content=\"Techno Futuristic Brushes Overview Network Turbulence Photoshop Brushes We cancel boredom and failure in your Professional career in Digital\" \/>\n<meta property=\"og:url\" content=\"https:\/\/graphimarket.com\/pt\/prodotto\/network-turbulence-photoshop-brushes\/\" \/>\n<meta property=\"og:site_name\" content=\"Graphimarket\" \/>\n<meta property=\"article:modified_time\" content=\"2022-12-19T22:16:25+00:00\" \/>\n<meta property=\"og:image\" content=\"https:\/\/graphimarket.com\/wp-content\/uploads\/2020\/09\/d5b61e21-d1c2-42e7-b873-6aaff61945e5.jpg\" \/>\n\t<meta property=\"og:image:width\" content=\"866\" \/>\n\t<meta property=\"og:image:height\" content=\"577\" \/>\n\t<meta property=\"og:image:type\" content=\"image\/jpeg\" \/>\n<meta name=\"twitter:card\" content=\"summary_large_image\" \/>\n<meta name=\"twitter:label1\" content=\"Est. reading time\" \/>\n\t<meta name=\"twitter:data1\" content=\"2 minutes\" \/>\n<script type=\"application\/ld+json\" class=\"yoast-schema-graph\">{\"@context\":\"https:\\\/\\\/schema.org\",\"@graph\":[{\"@type\":\"WebPage\",\"@id\":\"https:\\\/\\\/graphimarket.com\\\/it\\\/prodotto\\\/network-turbulence-photoshop-brushes\\\/\",\"url\":\"https:\\\/\\\/graphimarket.com\\\/it\\\/prodotto\\\/network-turbulence-photoshop-brushes\\\/\",\"name\":\"Network Turbulence Photoshop Brushes - Graphimarket\",\"isPartOf\":{\"@id\":\"https:\\\/\\\/graphimarket.com\\\/fr\\\/#website\"},\"primaryImageOfPage\":{\"@id\":\"https:\\\/\\\/graphimarket.com\\\/it\\\/prodotto\\\/network-turbulence-photoshop-brushes\\\/#primaryimage\"},\"image\":{\"@id\":\"https:\\\/\\\/graphimarket.com\\\/it\\\/prodotto\\\/network-turbulence-photoshop-brushes\\\/#primaryimage\"},\"thumbnailUrl\":\"https:\\\/\\\/graphimarket.com\\\/wp-content\\\/uploads\\\/2020\\\/09\\\/d5b61e21-d1c2-42e7-b873-6aaff61945e5.jpg\",\"datePublished\":\"2020-09-12T07:49:03+00:00\",\"dateModified\":\"2022-12-19T22:16:25+00:00\",\"description\":\"Techno Futuristic Brushes Overview Network Turbulence Photoshop Brushes We cancel boredom and failure in your Professional career in Digital\",\"breadcrumb\":{\"@id\":\"https:\\\/\\\/graphimarket.com\\\/it\\\/prodotto\\\/network-turbulence-photoshop-brushes\\\/#breadcrumb\"},\"inLanguage\":\"pt-PT\",\"potentialAction\":[{\"@type\":\"ReadAction\",\"target\":[\"https:\\\/\\\/graphimarket.com\\\/it\\\/prodotto\\\/network-turbulence-photoshop-brushes\\\/\"]}]},{\"@type\":\"ImageObject\",\"inLanguage\":\"pt-PT\",\"@id\":\"https:\\\/\\\/graphimarket.com\\\/it\\\/prodotto\\\/network-turbulence-photoshop-brushes\\\/#primaryimage\",\"url\":\"https:\\\/\\\/graphimarket.com\\\/wp-content\\\/uploads\\\/2020\\\/09\\\/d5b61e21-d1c2-42e7-b873-6aaff61945e5.jpg\",\"contentUrl\":\"https:\\\/\\\/graphimarket.com\\\/wp-content\\\/uploads\\\/2020\\\/09\\\/d5b61e21-d1c2-42e7-b873-6aaff61945e5.jpg\",\"width\":866,\"height\":577},{\"@type\":\"BreadcrumbList\",\"@id\":\"https:\\\/\\\/graphimarket.com\\\/it\\\/prodotto\\\/network-turbulence-photoshop-brushes\\\/#breadcrumb\",\"itemListElement\":[{\"@type\":\"ListItem\",\"position\":1,\"name\":\"Home\",\"item\":\"https:\\\/\\\/graphimarket.com\\\/es\\\/\"},{\"@type\":\"ListItem\",\"position\":2,\"name\":\"Store\",\"item\":\"https:\\\/\\\/graphimarket.com\\\/store\\\/\"},{\"@type\":\"ListItem\",\"position\":3,\"name\":\"Network Turbulence Photoshop Brushes\"}]},{\"@type\":\"WebSite\",\"@id\":\"https:\\\/\\\/graphimarket.com\\\/fr\\\/#website\",\"url\":\"https:\\\/\\\/graphimarket.com\\\/fr\\\/\",\"name\":\"Graphimarket\",\"description\":\"Find the perfect creative asset to bring your project to life\",\"publisher\":{\"@id\":\"https:\\\/\\\/graphimarket.com\\\/fr\\\/#organization\"},\"potentialAction\":[{\"@type\":\"SearchAction\",\"target\":{\"@type\":\"EntryPoint\",\"urlTemplate\":\"https:\\\/\\\/graphimarket.com\\\/fr\\\/?s={search_term_string}\"},\"query-input\":{\"@type\":\"PropertyValueSpecification\",\"valueRequired\":true,\"valueName\":\"search_term_string\"}}],\"inLanguage\":\"pt-PT\"},{\"@type\":\"Organization\",\"@id\":\"https:\\\/\\\/graphimarket.com\\\/fr\\\/#organization\",\"name\":\"Graphimarket\",\"url\":\"https:\\\/\\\/graphimarket.com\\\/fr\\\/\",\"logo\":{\"@type\":\"ImageObject\",\"inLanguage\":\"pt-PT\",\"@id\":\"https:\\\/\\\/graphimarket.com\\\/fr\\\/#\\\/schema\\\/logo\\\/image\\\/\",\"url\":\"https:\\\/\\\/graphimarket.com\\\/wp-content\\\/uploads\\\/2020\\\/08\\\/logo-48.png\",\"contentUrl\":\"https:\\\/\\\/graphimarket.com\\\/wp-content\\\/uploads\\\/2020\\\/08\\\/logo-48.png\",\"width\":132,\"height\":48,\"caption\":\"Graphimarket\"},\"image\":{\"@id\":\"https:\\\/\\\/graphimarket.com\\\/fr\\\/#\\\/schema\\\/logo\\\/image\\\/\"}}]}<\/script>\n<!-- \/ Yoast SEO plugin. -->","yoast_head_json":{"title":"Turbul\u00eancia de rede Pinc\u00e9is do Photoshop - Graphimarket","description":"Techno Futuristic Brushes Overview Network Turbulence Photoshop Brushes N\u00f3s cancelamos o t\u00e9dio e o fracasso em sua carreira profissional em Digital","robots":{"index":"index","follow":"follow","max-snippet":"max-snippet:-1","max-image-preview":"max-image-preview:large","max-video-preview":"max-video-preview:-1"},"canonical":"https:\/\/graphimarket.com\/pt\/prodotto\/network-turbulence-photoshop-brushes\/","og_locale":"pt_PT","og_type":"article","og_title":"Network Turbulence Photoshop Brushes - Graphimarket","og_description":"Techno Futuristic Brushes Overview Network Turbulence Photoshop Brushes We cancel boredom and failure in your Professional career in Digital","og_url":"https:\/\/graphimarket.com\/pt\/prodotto\/network-turbulence-photoshop-brushes\/","og_site_name":"Graphimarket","article_modified_time":"2022-12-19T22:16:25+00:00","og_image":[{"width":866,"height":577,"url":"https:\/\/graphimarket.com\/wp-content\/uploads\/2020\/09\/d5b61e21-d1c2-42e7-b873-6aaff61945e5.jpg","type":"image\/jpeg"}],"twitter_card":"summary_large_image","twitter_misc":{"Est. reading time":"2 minutes"},"schema":{"@context":"https:\/\/schema.org","@graph":[{"@type":"WebPage","@id":"https:\/\/graphimarket.com\/it\/prodotto\/network-turbulence-photoshop-brushes\/","url":"https:\/\/graphimarket.com\/it\/prodotto\/network-turbulence-photoshop-brushes\/","name":"Turbul\u00eancia de rede Pinc\u00e9is do Photoshop - Graphimarket","isPartOf":{"@id":"https:\/\/graphimarket.com\/fr\/#website"},"primaryImageOfPage":{"@id":"https:\/\/graphimarket.com\/it\/prodotto\/network-turbulence-photoshop-brushes\/#primaryimage"},"image":{"@id":"https:\/\/graphimarket.com\/it\/prodotto\/network-turbulence-photoshop-brushes\/#primaryimage"},"thumbnailUrl":"https:\/\/graphimarket.com\/wp-content\/uploads\/2020\/09\/d5b61e21-d1c2-42e7-b873-6aaff61945e5.jpg","datePublished":"2020-09-12T07:49:03+00:00","dateModified":"2022-12-19T22:16:25+00:00","description":"Techno Futuristic Brushes Overview Network Turbulence Photoshop Brushes N\u00f3s cancelamos o t\u00e9dio e o fracasso em sua carreira profissional em Digital","breadcrumb":{"@id":"https:\/\/graphimarket.com\/it\/prodotto\/network-turbulence-photoshop-brushes\/#breadcrumb"},"inLanguage":"pt-PT","potentialAction":[{"@type":"ReadAction","target":["https:\/\/graphimarket.com\/it\/prodotto\/network-turbulence-photoshop-brushes\/"]}]},{"@type":"ImageObject","inLanguage":"pt-PT","@id":"https:\/\/graphimarket.com\/it\/prodotto\/network-turbulence-photoshop-brushes\/#primaryimage","url":"https:\/\/graphimarket.com\/wp-content\/uploads\/2020\/09\/d5b61e21-d1c2-42e7-b873-6aaff61945e5.jpg","contentUrl":"https:\/\/graphimarket.com\/wp-content\/uploads\/2020\/09\/d5b61e21-d1c2-42e7-b873-6aaff61945e5.jpg","width":866,"height":577},{"@type":"BreadcrumbList","@id":"https:\/\/graphimarket.com\/it\/prodotto\/network-turbulence-photoshop-brushes\/#breadcrumb","itemListElement":[{"@type":"ListItem","position":1,"name":"Home","item":"https:\/\/graphimarket.com\/es\/"},{"@type":"ListItem","position":2,"name":"Store","item":"https:\/\/graphimarket.com\/store\/"},{"@type":"ListItem","position":3,"name":"Network Turbulence Photoshop Brushes"}]},{"@type":"WebSite","@id":"https:\/\/graphimarket.com\/fr\/#website","url":"https:\/\/graphimarket.com\/fr\/","name":"Graphimarket","description":"Encontre o ativo criativo perfeito para dar vida ao seu projeto","publisher":{"@id":"https:\/\/graphimarket.com\/fr\/#organization"},"potentialAction":[{"@type":"SearchAction","target":{"@type":"EntryPoint","urlTemplate":"https:\/\/graphimarket.com\/fr\/?s={search_term_string}"},"query-input":{"@type":"PropertyValueSpecification","valueRequired":true,"valueName":"search_term_string"}}],"inLanguage":"pt-PT"},{"@type":"Organization","@id":"https:\/\/graphimarket.com\/fr\/#organization","name":"Graphimarket","url":"https:\/\/graphimarket.com\/fr\/","logo":{"@type":"ImageObject","inLanguage":"pt-PT","@id":"https:\/\/graphimarket.com\/fr\/#\/schema\/logo\/image\/","url":"https:\/\/graphimarket.com\/wp-content\/uploads\/2020\/08\/logo-48.png","contentUrl":"https:\/\/graphimarket.com\/wp-content\/uploads\/2020\/08\/logo-48.png","width":132,"height":48,"caption":"Graphimarket"},"image":{"@id":"https:\/\/graphimarket.com\/fr\/#\/schema\/logo\/image\/"}}]}},"_links":{"self":[{"href":"https:\/\/graphimarket.com\/pt\/wp-json\/wp\/v2\/product\/8436","targetHints":{"allow":["GET"]}}],"collection":[{"href":"https:\/\/graphimarket.com\/pt\/wp-json\/wp\/v2\/product"}],"about":[{"href":"https:\/\/graphimarket.com\/pt\/wp-json\/wp\/v2\/types\/product"}],"replies":[{"embeddable":true,"href":"https:\/\/graphimarket.com\/pt\/wp-json\/wp\/v2\/comments?post=8436"}],"version-history":[{"count":0,"href":"https:\/\/graphimarket.com\/pt\/wp-json\/wp\/v2\/product\/8436\/revisions"}],"wp:featuredmedia":[{"embeddable":true,"href":"https:\/\/graphimarket.com\/pt\/wp-json\/wp\/v2\/media\/8447"}],"wp:attachment":[{"href":"https:\/\/graphimarket.com\/pt\/wp-json\/wp\/v2\/media?parent=8436"}],"wp:term":[{"taxonomy":"product_brand","embeddable":true,"href":"https:\/\/graphimarket.com\/pt\/wp-json\/wp\/v2\/product_brand?post=8436"},{"taxonomy":"product_cat","embeddable":true,"href":"https:\/\/graphimarket.com\/pt\/wp-json\/wp\/v2\/product_cat?post=8436"},{"taxonomy":"product_tag","embeddable":true,"href":"https:\/\/graphimarket.com\/pt\/wp-json\/wp\/v2\/product_tag?post=8436"}],"curies":[{"name":"wp","href":"https:\/\/api.w.org\/{rel}","templated":true}]}}