{"id":8569,"date":"2020-09-12T12:42:33","date_gmt":"2020-09-12T10:42:33","guid":{"rendered":"https:\/\/graphimarket.com\/?post_type=product&#038;p=8569"},"modified":"2022-12-19T23:14:20","modified_gmt":"2022-12-19T22:14:20","slug":"chalk-lettering-photoshop-action-2","status":"publish","type":"product","link":"https:\/\/graphimarket.com\/pt\/product\/chalk-lettering-photoshop-action-2\/","title":{"rendered":"Letras de giz - Photoshop Action"},"content":{"rendered":"<div class=\"_2Masz2rr\">\n<p><strong>Letras de giz - Photoshop Action<\/strong>\u00a0O efeito realista de letras de giz em apenas alguns segundos. Preenchimentos de giz colorido e contornos de seu texto, logotipos, formas - funciona com qualquer coisa! Voc\u00ea pode escolher as cores de todos os elementos!<\/p>\n<p><strong>31 A\u00e7\u00e3o no Total<\/strong><\/p>\n<ul>\n<li>28 efeitos \u00fanicos - diferentes preenchimentos e contornos de giz<\/li>\n<li>3 efeitos complexos - v\u00e1rios efeitos em uma a\u00e7\u00e3o<\/li>\n<\/ul>\n<p><strong>O que voc\u00ea ganha<\/strong><\/p>\n<ul>\n<li>Arquivo ANT - arquivo de a\u00e7\u00e3o<\/li>\n<li>Arquivo PAT - arquivo de padr\u00f5es<\/li>\n<li>Arquivo ABR - arquivo de pinc\u00e9is<\/li>\n<li>Arquivo PSD - modelo para in\u00edcio f\u00e1cil<\/li>\n<li>PDF - arquivo de ajuda com links de fontes e instru\u00e7\u00f5es<\/li>\n<\/ul>\n<p><strong>Funciona com qualquer coisa:<\/strong><\/p>\n<ul>\n<li>Camada de texto<\/li>\n<li>Forma vetorial<\/li>\n<li>Camada de pixel<\/li>\n<li>Objeto inteligente<\/li>\n<li>Grupo de pastas<\/li>\n<\/ul>\n<\/div>\n<div class=\"_3KAa4-GZ frEFeDSS\"><\/div>\n<div><img fetchpriority=\"high\" decoding=\"async\" class=\"aligncenter wp-image-8570 size-full\" src=\"https:\/\/graphimarket.com\/wp-content\/uploads\/2020\/09\/6187e826-aae0-47b8-84fb-0599f10fe7b8-1.jpg\" alt=\"\" width=\"900\" height=\"600\" srcset=\"https:\/\/graphimarket.com\/wp-content\/uploads\/2020\/09\/6187e826-aae0-47b8-84fb-0599f10fe7b8-1.jpg 900w, https:\/\/graphimarket.com\/wp-content\/uploads\/2020\/09\/6187e826-aae0-47b8-84fb-0599f10fe7b8-1-600x400.jpg 600w, https:\/\/graphimarket.com\/wp-content\/uploads\/2020\/09\/6187e826-aae0-47b8-84fb-0599f10fe7b8-1-300x200.jpg 300w, https:\/\/graphimarket.com\/wp-content\/uploads\/2020\/09\/6187e826-aae0-47b8-84fb-0599f10fe7b8-1-768x512.jpg 768w\" sizes=\"(max-width: 900px) 100vw, 900px\" \/> <img decoding=\"async\" class=\"aligncenter wp-image-8571 size-full\" src=\"https:\/\/graphimarket.com\/wp-content\/uploads\/2020\/09\/5164512c-15c3-41c3-af00-aa61875dd7ea-1.jpg\" alt=\"\" width=\"900\" height=\"600\" srcset=\"https:\/\/graphimarket.com\/wp-content\/uploads\/2020\/09\/5164512c-15c3-41c3-af00-aa61875dd7ea-1.jpg 900w, https:\/\/graphimarket.com\/wp-content\/uploads\/2020\/09\/5164512c-15c3-41c3-af00-aa61875dd7ea-1-600x400.jpg 600w, https:\/\/graphimarket.com\/wp-content\/uploads\/2020\/09\/5164512c-15c3-41c3-af00-aa61875dd7ea-1-300x200.jpg 300w, https:\/\/graphimarket.com\/wp-content\/uploads\/2020\/09\/5164512c-15c3-41c3-af00-aa61875dd7ea-1-768x512.jpg 768w\" sizes=\"(max-width: 900px) 100vw, 900px\" \/> <img decoding=\"async\" class=\"aligncenter wp-image-8572 size-full\" src=\"https:\/\/graphimarket.com\/wp-content\/uploads\/2020\/09\/08204408-e623-424d-97a3-0846d9765185-1.jpg\" alt=\"\" width=\"900\" height=\"600\" srcset=\"https:\/\/graphimarket.com\/wp-content\/uploads\/2020\/09\/08204408-e623-424d-97a3-0846d9765185-1.jpg 900w, https:\/\/graphimarket.com\/wp-content\/uploads\/2020\/09\/08204408-e623-424d-97a3-0846d9765185-1-600x400.jpg 600w, https:\/\/graphimarket.com\/wp-content\/uploads\/2020\/09\/08204408-e623-424d-97a3-0846d9765185-1-300x200.jpg 300w, https:\/\/graphimarket.com\/wp-content\/uploads\/2020\/09\/08204408-e623-424d-97a3-0846d9765185-1-768x512.jpg 768w\" sizes=\"(max-width: 900px) 100vw, 900px\" \/> <img loading=\"lazy\" decoding=\"async\" class=\"aligncenter wp-image-8573 size-full\" src=\"https:\/\/graphimarket.com\/wp-content\/uploads\/2020\/09\/aaf9fb2e-8d96-4542-8fcf-686eb31a8762-1.jpg\" alt=\"\" width=\"900\" height=\"600\" srcset=\"https:\/\/graphimarket.com\/wp-content\/uploads\/2020\/09\/aaf9fb2e-8d96-4542-8fcf-686eb31a8762-1.jpg 900w, https:\/\/graphimarket.com\/wp-content\/uploads\/2020\/09\/aaf9fb2e-8d96-4542-8fcf-686eb31a8762-1-600x400.jpg 600w, https:\/\/graphimarket.com\/wp-content\/uploads\/2020\/09\/aaf9fb2e-8d96-4542-8fcf-686eb31a8762-1-300x200.jpg 300w, https:\/\/graphimarket.com\/wp-content\/uploads\/2020\/09\/aaf9fb2e-8d96-4542-8fcf-686eb31a8762-1-768x512.jpg 768w\" sizes=\"(max-width: 900px) 100vw, 900px\" \/> <img loading=\"lazy\" decoding=\"async\" class=\"aligncenter wp-image-8574 size-full\" src=\"https:\/\/graphimarket.com\/wp-content\/uploads\/2020\/09\/c00dbbef-5af7-4aff-a228-e8907020a999-1.jpg\" alt=\"\" width=\"900\" height=\"600\" srcset=\"https:\/\/graphimarket.com\/wp-content\/uploads\/2020\/09\/c00dbbef-5af7-4aff-a228-e8907020a999-1.jpg 900w, https:\/\/graphimarket.com\/wp-content\/uploads\/2020\/09\/c00dbbef-5af7-4aff-a228-e8907020a999-1-600x400.jpg 600w, https:\/\/graphimarket.com\/wp-content\/uploads\/2020\/09\/c00dbbef-5af7-4aff-a228-e8907020a999-1-300x200.jpg 300w, https:\/\/graphimarket.com\/wp-content\/uploads\/2020\/09\/c00dbbef-5af7-4aff-a228-e8907020a999-1-768x512.jpg 768w\" sizes=\"(max-width: 900px) 100vw, 900px\" \/> <img loading=\"lazy\" decoding=\"async\" class=\"aligncenter wp-image-8575 size-full\" src=\"https:\/\/graphimarket.com\/wp-content\/uploads\/2020\/09\/c2cf353d-3f52-45d2-b511-f5f161b2a296-1.jpg\" alt=\"\" width=\"900\" height=\"600\" srcset=\"https:\/\/graphimarket.com\/wp-content\/uploads\/2020\/09\/c2cf353d-3f52-45d2-b511-f5f161b2a296-1.jpg 900w, https:\/\/graphimarket.com\/wp-content\/uploads\/2020\/09\/c2cf353d-3f52-45d2-b511-f5f161b2a296-1-600x400.jpg 600w, https:\/\/graphimarket.com\/wp-content\/uploads\/2020\/09\/c2cf353d-3f52-45d2-b511-f5f161b2a296-1-300x200.jpg 300w, https:\/\/graphimarket.com\/wp-content\/uploads\/2020\/09\/c2cf353d-3f52-45d2-b511-f5f161b2a296-1-768x512.jpg 768w\" sizes=\"(max-width: 900px) 100vw, 900px\" \/> <img loading=\"lazy\" decoding=\"async\" class=\"aligncenter wp-image-8576 size-full\" src=\"https:\/\/graphimarket.com\/wp-content\/uploads\/2020\/09\/dc7cc32c-dd3c-4ff7-bb47-b3cf958e2e3f-1.jpg\" alt=\"\" width=\"900\" height=\"600\" srcset=\"https:\/\/graphimarket.com\/wp-content\/uploads\/2020\/09\/dc7cc32c-dd3c-4ff7-bb47-b3cf958e2e3f-1.jpg 900w, https:\/\/graphimarket.com\/wp-content\/uploads\/2020\/09\/dc7cc32c-dd3c-4ff7-bb47-b3cf958e2e3f-1-600x400.jpg 600w, https:\/\/graphimarket.com\/wp-content\/uploads\/2020\/09\/dc7cc32c-dd3c-4ff7-bb47-b3cf958e2e3f-1-300x200.jpg 300w, https:\/\/graphimarket.com\/wp-content\/uploads\/2020\/09\/dc7cc32c-dd3c-4ff7-bb47-b3cf958e2e3f-1-768x512.jpg 768w\" sizes=\"(max-width: 900px) 100vw, 900px\" \/> <img loading=\"lazy\" decoding=\"async\" class=\"aligncenter wp-image-8577 size-full\" src=\"https:\/\/graphimarket.com\/wp-content\/uploads\/2020\/09\/ec15e27d-0265-4b44-bb3d-9212508a06f0-1.jpg\" alt=\"\" width=\"900\" height=\"600\" srcset=\"https:\/\/graphimarket.com\/wp-content\/uploads\/2020\/09\/ec15e27d-0265-4b44-bb3d-9212508a06f0-1.jpg 900w, https:\/\/graphimarket.com\/wp-content\/uploads\/2020\/09\/ec15e27d-0265-4b44-bb3d-9212508a06f0-1-600x400.jpg 600w, https:\/\/graphimarket.com\/wp-content\/uploads\/2020\/09\/ec15e27d-0265-4b44-bb3d-9212508a06f0-1-300x200.jpg 300w, https:\/\/graphimarket.com\/wp-content\/uploads\/2020\/09\/ec15e27d-0265-4b44-bb3d-9212508a06f0-1-768x512.jpg 768w\" sizes=\"(max-width: 900px) 100vw, 900px\" \/> <img loading=\"lazy\" decoding=\"async\" class=\"aligncenter wp-image-8578 size-full\" src=\"https:\/\/graphimarket.com\/wp-content\/uploads\/2020\/09\/2b77464b-0dbd-4002-adee-504219e7e858-1.jpg\" alt=\"\" width=\"900\" height=\"600\" srcset=\"https:\/\/graphimarket.com\/wp-content\/uploads\/2020\/09\/2b77464b-0dbd-4002-adee-504219e7e858-1.jpg 900w, https:\/\/graphimarket.com\/wp-content\/uploads\/2020\/09\/2b77464b-0dbd-4002-adee-504219e7e858-1-600x400.jpg 600w, https:\/\/graphimarket.com\/wp-content\/uploads\/2020\/09\/2b77464b-0dbd-4002-adee-504219e7e858-1-300x200.jpg 300w, https:\/\/graphimarket.com\/wp-content\/uploads\/2020\/09\/2b77464b-0dbd-4002-adee-504219e7e858-1-768x512.jpg 768w\" sizes=\"(max-width: 900px) 100vw, 900px\" \/> <img loading=\"lazy\" decoding=\"async\" class=\"aligncenter wp-image-8579 size-full\" src=\"https:\/\/graphimarket.com\/wp-content\/uploads\/2020\/09\/662e31bf-8c20-49b7-97a3-47fc0b803041-1.jpg\" alt=\"\" width=\"900\" height=\"600\" srcset=\"https:\/\/graphimarket.com\/wp-content\/uploads\/2020\/09\/662e31bf-8c20-49b7-97a3-47fc0b803041-1.jpg 900w, https:\/\/graphimarket.com\/wp-content\/uploads\/2020\/09\/662e31bf-8c20-49b7-97a3-47fc0b803041-1-600x400.jpg 600w, https:\/\/graphimarket.com\/wp-content\/uploads\/2020\/09\/662e31bf-8c20-49b7-97a3-47fc0b803041-1-300x200.jpg 300w, https:\/\/graphimarket.com\/wp-content\/uploads\/2020\/09\/662e31bf-8c20-49b7-97a3-47fc0b803041-1-768x512.jpg 768w\" sizes=\"(max-width: 900px) 100vw, 900px\" \/><\/div>","protected":false},"excerpt":{"rendered":"<p>Chalk Lettering &#8211; Photoshop Action\u00a0The realistic effect of chalk lettering in just a couple of seconds. Colored chalk fills and outlines from your text, logos, shapes \u2013 works with anything! You can choose colors of all elements! 31 Action in Total 28 single effects \u2013 different chalk fills and outlines 3 complex effects \u2013 several [&hellip;]<\/p>\n","protected":false},"featured_media":8580,"comment_status":"open","ping_status":"closed","template":"","meta":{"site-sidebar-layout":"default","site-content-layout":"default","ast-site-content-layout":"default","site-content-style":"default","site-sidebar-style":"default","ast-global-header-display":"","ast-banner-title-visibility":"","ast-main-header-display":"","ast-hfb-above-header-display":"","ast-hfb-below-header-display":"","ast-hfb-mobile-header-display":"","site-post-title":"","ast-breadcrumbs-content":"","ast-featured-img":"","footer-sml-layout":"","ast-disable-related-posts":"","theme-transparent-header-meta":"default","adv-header-id-meta":"","stick-header-meta":"","header-above-stick-meta":"","header-main-stick-meta":"","header-below-stick-meta":"","astra-migrate-meta-layouts":"default","ast-page-background-enabled":"default","ast-page-background-meta":{"desktop":{"background-color":"","background-image":"","background-repeat":"repeat","background-position":"center center","background-size":"auto","background-attachment":"scroll","background-type":"","background-media":"","overlay-type":"","overlay-color":"","overlay-opacity":"","overlay-gradient":""},"tablet":{"background-color":"","background-image":"","background-repeat":"repeat","background-position":"center center","background-size":"auto","background-attachment":"scroll","background-type":"","background-media":"","overlay-type":"","overlay-color":"","overlay-opacity":"","overlay-gradient":""},"mobile":{"background-color":"","background-image":"","background-repeat":"repeat","background-position":"center center","background-size":"auto","background-attachment":"scroll","background-type":"","background-media":"","overlay-type":"","overlay-color":"","overlay-opacity":"","overlay-gradient":""}},"ast-content-background-meta":{"desktop":{"background-color":"var(--ast-global-color-5)","background-image":"","background-repeat":"repeat","background-position":"center center","background-size":"auto","background-attachment":"scroll","background-type":"","background-media":"","overlay-type":"","overlay-color":"","overlay-opacity":"","overlay-gradient":""},"tablet":{"background-color":"var(--ast-global-color-5)","background-image":"","background-repeat":"repeat","background-position":"center center","background-size":"auto","background-attachment":"scroll","background-type":"","background-media":"","overlay-type":"","overlay-color":"","overlay-opacity":"","overlay-gradient":""},"mobile":{"background-color":"var(--ast-global-color-5)","background-image":"","background-repeat":"repeat","background-position":"center center","background-size":"auto","background-attachment":"scroll","background-type":"","background-media":"","overlay-type":"","overlay-color":"","overlay-opacity":"","overlay-gradient":""}}},"product_brand":[],"product_cat":[108,195,169],"product_tag":[292,466,467,443,465,274,296,295,297,269,62,294,468,298,469],"class_list":{"0":"post-8569","1":"product","2":"type-product","3":"status-publish","4":"has-post-thumbnail","6":"product_cat-logo","7":"product_cat-photoshop","8":"product_cat-text-effects","9":"product_tag-action","10":"product_tag-black","11":"product_tag-board","12":"product_tag-chalk","13":"product_tag-chalky","14":"product_tag-effect","15":"product_tag-lettering","16":"product_tag-letters","17":"product_tag-logo","18":"product_tag-painting","19":"product_tag-photoshop","20":"product_tag-text","21":"product_tag-typo","22":"product_tag-typography","23":"product_tag-writing","24":"desktop-align-left","25":"tablet-align-left","26":"mobile-align-left","28":"first","29":"instock","30":"downloadable","31":"virtual","32":"taxable","33":"purchasable","34":"product-type-simple"},"yoast_head":"<!-- This site is optimized with the Yoast SEO plugin v27.3 - https:\/\/yoast.com\/product\/yoast-seo-wordpress\/ -->\n<title>Chalk Lettering - Photoshop Action - Graphimarket<\/title>\n<meta name=\"description\" content=\"Chalk Lettering - Photoshop Action\u00a0The realistic effect of chalk lettering in just a couple of seconds. Colored chalk fills and outlines...\" \/>\n<meta name=\"robots\" content=\"index, follow, max-snippet:-1, max-image-preview:large, max-video-preview:-1\" \/>\n<link rel=\"canonical\" href=\"https:\/\/graphimarket.com\/pt\/product\/chalk-lettering-photoshop-action-2\/\" \/>\n<meta property=\"og:locale\" content=\"pt_PT\" \/>\n<meta property=\"og:type\" content=\"article\" \/>\n<meta property=\"og:title\" content=\"Chalk Lettering - Photoshop Action - Graphimarket\" \/>\n<meta property=\"og:description\" content=\"Chalk Lettering - Photoshop Action\u00a0The realistic effect of chalk lettering in just a couple of seconds. Colored chalk fills and outlines...\" \/>\n<meta property=\"og:url\" content=\"https:\/\/graphimarket.com\/pt\/product\/chalk-lettering-photoshop-action-2\/\" \/>\n<meta property=\"og:site_name\" content=\"Graphimarket\" \/>\n<meta property=\"article:modified_time\" content=\"2022-12-19T22:14:20+00:00\" \/>\n<meta property=\"og:image\" content=\"https:\/\/graphimarket.com\/wp-content\/uploads\/2020\/09\/6455e89e-a977-44ba-9914-a37956870cdc-1.jpg\" \/>\n\t<meta property=\"og:image:width\" content=\"866\" \/>\n\t<meta property=\"og:image:height\" content=\"577\" \/>\n\t<meta property=\"og:image:type\" content=\"image\/jpeg\" \/>\n<meta name=\"twitter:card\" content=\"summary_large_image\" \/>\n<script type=\"application\/ld+json\" class=\"yoast-schema-graph\">{\"@context\":\"https:\\\/\\\/schema.org\",\"@graph\":[{\"@type\":\"WebPage\",\"@id\":\"https:\\\/\\\/graphimarket.com\\\/product\\\/chalk-lettering-photoshop-action-2\\\/\",\"url\":\"https:\\\/\\\/graphimarket.com\\\/product\\\/chalk-lettering-photoshop-action-2\\\/\",\"name\":\"Chalk Lettering - Photoshop Action - Graphimarket\",\"isPartOf\":{\"@id\":\"https:\\\/\\\/graphimarket.com\\\/fr\\\/#website\"},\"primaryImageOfPage\":{\"@id\":\"https:\\\/\\\/graphimarket.com\\\/product\\\/chalk-lettering-photoshop-action-2\\\/#primaryimage\"},\"image\":{\"@id\":\"https:\\\/\\\/graphimarket.com\\\/product\\\/chalk-lettering-photoshop-action-2\\\/#primaryimage\"},\"thumbnailUrl\":\"https:\\\/\\\/graphimarket.com\\\/wp-content\\\/uploads\\\/2020\\\/09\\\/6455e89e-a977-44ba-9914-a37956870cdc-1.jpg\",\"datePublished\":\"2020-09-12T10:42:33+00:00\",\"dateModified\":\"2022-12-19T22:14:20+00:00\",\"description\":\"Chalk Lettering - Photoshop Action\u00a0The realistic effect of chalk lettering in just a couple of seconds. Colored chalk fills and outlines...\",\"breadcrumb\":{\"@id\":\"https:\\\/\\\/graphimarket.com\\\/product\\\/chalk-lettering-photoshop-action-2\\\/#breadcrumb\"},\"inLanguage\":\"pt-PT\",\"potentialAction\":[{\"@type\":\"ReadAction\",\"target\":[\"https:\\\/\\\/graphimarket.com\\\/product\\\/chalk-lettering-photoshop-action-2\\\/\"]}]},{\"@type\":\"ImageObject\",\"inLanguage\":\"pt-PT\",\"@id\":\"https:\\\/\\\/graphimarket.com\\\/product\\\/chalk-lettering-photoshop-action-2\\\/#primaryimage\",\"url\":\"https:\\\/\\\/graphimarket.com\\\/wp-content\\\/uploads\\\/2020\\\/09\\\/6455e89e-a977-44ba-9914-a37956870cdc-1.jpg\",\"contentUrl\":\"https:\\\/\\\/graphimarket.com\\\/wp-content\\\/uploads\\\/2020\\\/09\\\/6455e89e-a977-44ba-9914-a37956870cdc-1.jpg\",\"width\":866,\"height\":577},{\"@type\":\"BreadcrumbList\",\"@id\":\"https:\\\/\\\/graphimarket.com\\\/product\\\/chalk-lettering-photoshop-action-2\\\/#breadcrumb\",\"itemListElement\":[{\"@type\":\"ListItem\",\"position\":1,\"name\":\"Home\",\"item\":\"https:\\\/\\\/graphimarket.com\\\/es\\\/\"},{\"@type\":\"ListItem\",\"position\":2,\"name\":\"Store\",\"item\":\"https:\\\/\\\/graphimarket.com\\\/store\\\/\"},{\"@type\":\"ListItem\",\"position\":3,\"name\":\"Chalk Lettering &#8211; Photoshop Action\"}]},{\"@type\":\"WebSite\",\"@id\":\"https:\\\/\\\/graphimarket.com\\\/fr\\\/#website\",\"url\":\"https:\\\/\\\/graphimarket.com\\\/fr\\\/\",\"name\":\"Graphimarket\",\"description\":\"Find the perfect creative asset to bring your project to life\",\"publisher\":{\"@id\":\"https:\\\/\\\/graphimarket.com\\\/fr\\\/#organization\"},\"potentialAction\":[{\"@type\":\"SearchAction\",\"target\":{\"@type\":\"EntryPoint\",\"urlTemplate\":\"https:\\\/\\\/graphimarket.com\\\/fr\\\/?s={search_term_string}\"},\"query-input\":{\"@type\":\"PropertyValueSpecification\",\"valueRequired\":true,\"valueName\":\"search_term_string\"}}],\"inLanguage\":\"pt-PT\"},{\"@type\":\"Organization\",\"@id\":\"https:\\\/\\\/graphimarket.com\\\/fr\\\/#organization\",\"name\":\"Graphimarket\",\"url\":\"https:\\\/\\\/graphimarket.com\\\/fr\\\/\",\"logo\":{\"@type\":\"ImageObject\",\"inLanguage\":\"pt-PT\",\"@id\":\"https:\\\/\\\/graphimarket.com\\\/fr\\\/#\\\/schema\\\/logo\\\/image\\\/\",\"url\":\"https:\\\/\\\/graphimarket.com\\\/wp-content\\\/uploads\\\/2020\\\/08\\\/logo-48.png\",\"contentUrl\":\"https:\\\/\\\/graphimarket.com\\\/wp-content\\\/uploads\\\/2020\\\/08\\\/logo-48.png\",\"width\":132,\"height\":48,\"caption\":\"Graphimarket\"},\"image\":{\"@id\":\"https:\\\/\\\/graphimarket.com\\\/fr\\\/#\\\/schema\\\/logo\\\/image\\\/\"}}]}<\/script>\n<!-- \/ Yoast SEO plugin. -->","yoast_head_json":{"title":"Letras de giz - Photoshop Action - Graphimarket","description":"Chalk Lettering - Photoshop Action\u00a0The realistic effect of chalk lettering in just a couple of seconds. Colored chalk fills and outlines...","robots":{"index":"index","follow":"follow","max-snippet":"max-snippet:-1","max-image-preview":"max-image-preview:large","max-video-preview":"max-video-preview:-1"},"canonical":"https:\/\/graphimarket.com\/pt\/product\/chalk-lettering-photoshop-action-2\/","og_locale":"pt_PT","og_type":"article","og_title":"Chalk Lettering - Photoshop Action - Graphimarket","og_description":"Chalk Lettering - Photoshop Action\u00a0The realistic effect of chalk lettering in just a couple of seconds. Colored chalk fills and outlines...","og_url":"https:\/\/graphimarket.com\/pt\/product\/chalk-lettering-photoshop-action-2\/","og_site_name":"Graphimarket","article_modified_time":"2022-12-19T22:14:20+00:00","og_image":[{"width":866,"height":577,"url":"https:\/\/graphimarket.com\/wp-content\/uploads\/2020\/09\/6455e89e-a977-44ba-9914-a37956870cdc-1.jpg","type":"image\/jpeg"}],"twitter_card":"summary_large_image","schema":{"@context":"https:\/\/schema.org","@graph":[{"@type":"WebPage","@id":"https:\/\/graphimarket.com\/product\/chalk-lettering-photoshop-action-2\/","url":"https:\/\/graphimarket.com\/product\/chalk-lettering-photoshop-action-2\/","name":"Letras de giz - Photoshop Action - Graphimarket","isPartOf":{"@id":"https:\/\/graphimarket.com\/fr\/#website"},"primaryImageOfPage":{"@id":"https:\/\/graphimarket.com\/product\/chalk-lettering-photoshop-action-2\/#primaryimage"},"image":{"@id":"https:\/\/graphimarket.com\/product\/chalk-lettering-photoshop-action-2\/#primaryimage"},"thumbnailUrl":"https:\/\/graphimarket.com\/wp-content\/uploads\/2020\/09\/6455e89e-a977-44ba-9914-a37956870cdc-1.jpg","datePublished":"2020-09-12T10:42:33+00:00","dateModified":"2022-12-19T22:14:20+00:00","description":"Chalk Lettering - Photoshop Action\u00a0The realistic effect of chalk lettering in just a couple of seconds. Colored chalk fills and outlines...","breadcrumb":{"@id":"https:\/\/graphimarket.com\/product\/chalk-lettering-photoshop-action-2\/#breadcrumb"},"inLanguage":"pt-PT","potentialAction":[{"@type":"ReadAction","target":["https:\/\/graphimarket.com\/product\/chalk-lettering-photoshop-action-2\/"]}]},{"@type":"ImageObject","inLanguage":"pt-PT","@id":"https:\/\/graphimarket.com\/product\/chalk-lettering-photoshop-action-2\/#primaryimage","url":"https:\/\/graphimarket.com\/wp-content\/uploads\/2020\/09\/6455e89e-a977-44ba-9914-a37956870cdc-1.jpg","contentUrl":"https:\/\/graphimarket.com\/wp-content\/uploads\/2020\/09\/6455e89e-a977-44ba-9914-a37956870cdc-1.jpg","width":866,"height":577},{"@type":"BreadcrumbList","@id":"https:\/\/graphimarket.com\/product\/chalk-lettering-photoshop-action-2\/#breadcrumb","itemListElement":[{"@type":"ListItem","position":1,"name":"Home","item":"https:\/\/graphimarket.com\/es\/"},{"@type":"ListItem","position":2,"name":"Store","item":"https:\/\/graphimarket.com\/store\/"},{"@type":"ListItem","position":3,"name":"Chalk Lettering &#8211; Photoshop Action"}]},{"@type":"WebSite","@id":"https:\/\/graphimarket.com\/fr\/#website","url":"https:\/\/graphimarket.com\/fr\/","name":"Graphimarket","description":"Encontre o ativo criativo perfeito para dar vida ao seu projeto","publisher":{"@id":"https:\/\/graphimarket.com\/fr\/#organization"},"potentialAction":[{"@type":"SearchAction","target":{"@type":"EntryPoint","urlTemplate":"https:\/\/graphimarket.com\/fr\/?s={search_term_string}"},"query-input":{"@type":"PropertyValueSpecification","valueRequired":true,"valueName":"search_term_string"}}],"inLanguage":"pt-PT"},{"@type":"Organization","@id":"https:\/\/graphimarket.com\/fr\/#organization","name":"Graphimarket","url":"https:\/\/graphimarket.com\/fr\/","logo":{"@type":"ImageObject","inLanguage":"pt-PT","@id":"https:\/\/graphimarket.com\/fr\/#\/schema\/logo\/image\/","url":"https:\/\/graphimarket.com\/wp-content\/uploads\/2020\/08\/logo-48.png","contentUrl":"https:\/\/graphimarket.com\/wp-content\/uploads\/2020\/08\/logo-48.png","width":132,"height":48,"caption":"Graphimarket"},"image":{"@id":"https:\/\/graphimarket.com\/fr\/#\/schema\/logo\/image\/"}}]}},"_links":{"self":[{"href":"https:\/\/graphimarket.com\/pt\/wp-json\/wp\/v2\/product\/8569","targetHints":{"allow":["GET"]}}],"collection":[{"href":"https:\/\/graphimarket.com\/pt\/wp-json\/wp\/v2\/product"}],"about":[{"href":"https:\/\/graphimarket.com\/pt\/wp-json\/wp\/v2\/types\/product"}],"replies":[{"embeddable":true,"href":"https:\/\/graphimarket.com\/pt\/wp-json\/wp\/v2\/comments?post=8569"}],"version-history":[{"count":0,"href":"https:\/\/graphimarket.com\/pt\/wp-json\/wp\/v2\/product\/8569\/revisions"}],"wp:featuredmedia":[{"embeddable":true,"href":"https:\/\/graphimarket.com\/pt\/wp-json\/wp\/v2\/media\/8580"}],"wp:attachment":[{"href":"https:\/\/graphimarket.com\/pt\/wp-json\/wp\/v2\/media?parent=8569"}],"wp:term":[{"taxonomy":"product_brand","embeddable":true,"href":"https:\/\/graphimarket.com\/pt\/wp-json\/wp\/v2\/product_brand?post=8569"},{"taxonomy":"product_cat","embeddable":true,"href":"https:\/\/graphimarket.com\/pt\/wp-json\/wp\/v2\/product_cat?post=8569"},{"taxonomy":"product_tag","embeddable":true,"href":"https:\/\/graphimarket.com\/pt\/wp-json\/wp\/v2\/product_tag?post=8569"}],"curies":[{"name":"wp","href":"https:\/\/api.w.org\/{rel}","templated":true}]}}