{"id":8910,"date":"2020-09-13T14:54:01","date_gmt":"2020-09-13T12:54:01","guid":{"rendered":"https:\/\/graphimarket.com\/?post_type=product&#038;p=8910"},"modified":"2022-12-19T11:04:37","modified_gmt":"2022-12-19T10:04:37","slug":"light-painting-photoshop-action","status":"publish","type":"product","link":"https:\/\/graphimarket.com\/pt\/product\/light-painting-photoshop-action\/","title":{"rendered":"Pintura com luz - Photoshop Action"},"content":{"rendered":"<div class=\"_2Masz2rr\">\n<p><strong>Fa\u00e7a seu texto ou logotipo pintado com luzes coloridas<\/strong>\u00a0Efeitos de pintura de luz colorida de seu texto, logotipo, forma ou qualquer camada. Muito f\u00e1cil de usar, a\u00e7\u00e3o muito r\u00e1pida!<\/p>\n<p><strong>A\u00e7\u00e3o de um clique.<\/strong>\u00a0Photoshop vers\u00e3o CS3 CS4 CS5 CS6 CC CC2014 CC2015 CC2015.5 CC2017 CC2018 CC2019 O Photoshop Action multifuncional profissional transforma seu texto, forma vetorial, camada de pixel, objeto inteligente, grupo de camadas em letras brilhantes e legais. Como uma foto com a velocidade do obturador! Arquivo de ajuda em PDF inclu\u00eddo.<\/p>\n<p><strong>8 cores legais<\/strong><\/p>\n<ul>\n<li>Amarelo<\/li>\n<li>laranja<\/li>\n<li>vermelho<\/li>\n<li>Cor de rosa<\/li>\n<li>Tolet<\/li>\n<li>Azul<\/li>\n<li>Ciano<\/li>\n<li>Verde<\/li>\n<\/ul>\n<p><strong>O que voc\u00ea ganha<\/strong><\/p>\n<ul>\n<li>Arquivo ANT - arquivo de a\u00e7\u00e3o<\/li>\n<li>Arquivo ABR - arquivo de pinc\u00e9is<\/li>\n<li>Arquivo PSD - modelo para in\u00edcio f\u00e1cil<\/li>\n<li>PDF - arquivo de ajuda com links de fontes e instru\u00e7\u00f5es<\/li>\n<\/ul>\n<p><strong>Funciona com qualquer coisa:<\/strong><\/p>\n<ul>\n<li>Camada de texto<\/li>\n<li>Forma vetorial<\/li>\n<li>Camada de pixel<\/li>\n<li>Objeto inteligente<\/li>\n<li>Grupo de pastas<\/li>\n<\/ul>\n<\/div>\n<div class=\"_3KAa4-GZ frEFeDSS\"><\/div>\n<div><img fetchpriority=\"high\" decoding=\"async\" class=\"aligncenter wp-image-8912 size-full\" src=\"https:\/\/graphimarket.com\/wp-content\/uploads\/2020\/09\/43f6596f-8ed5-4e8f-a772-161f5d1ad553.jpg\" alt=\"\" width=\"900\" height=\"600\" srcset=\"https:\/\/graphimarket.com\/wp-content\/uploads\/2020\/09\/43f6596f-8ed5-4e8f-a772-161f5d1ad553.jpg 900w, https:\/\/graphimarket.com\/wp-content\/uploads\/2020\/09\/43f6596f-8ed5-4e8f-a772-161f5d1ad553-600x400.jpg 600w, https:\/\/graphimarket.com\/wp-content\/uploads\/2020\/09\/43f6596f-8ed5-4e8f-a772-161f5d1ad553-300x200.jpg 300w, https:\/\/graphimarket.com\/wp-content\/uploads\/2020\/09\/43f6596f-8ed5-4e8f-a772-161f5d1ad553-768x512.jpg 768w\" sizes=\"(max-width: 900px) 100vw, 900px\" \/> <img decoding=\"async\" class=\"aligncenter wp-image-8913 size-full\" src=\"https:\/\/graphimarket.com\/wp-content\/uploads\/2020\/09\/285cf860-c98e-4bcc-af8d-7b74f6909347.jpg\" alt=\"\" width=\"900\" height=\"600\" srcset=\"https:\/\/graphimarket.com\/wp-content\/uploads\/2020\/09\/285cf860-c98e-4bcc-af8d-7b74f6909347.jpg 900w, https:\/\/graphimarket.com\/wp-content\/uploads\/2020\/09\/285cf860-c98e-4bcc-af8d-7b74f6909347-600x400.jpg 600w, https:\/\/graphimarket.com\/wp-content\/uploads\/2020\/09\/285cf860-c98e-4bcc-af8d-7b74f6909347-300x200.jpg 300w, https:\/\/graphimarket.com\/wp-content\/uploads\/2020\/09\/285cf860-c98e-4bcc-af8d-7b74f6909347-768x512.jpg 768w\" sizes=\"(max-width: 900px) 100vw, 900px\" \/> <img decoding=\"async\" class=\"aligncenter wp-image-8914 size-full\" src=\"https:\/\/graphimarket.com\/wp-content\/uploads\/2020\/09\/04127348-e802-4b10-a341-cbd5ec312dea.jpg\" alt=\"\" width=\"900\" height=\"600\" srcset=\"https:\/\/graphimarket.com\/wp-content\/uploads\/2020\/09\/04127348-e802-4b10-a341-cbd5ec312dea.jpg 900w, https:\/\/graphimarket.com\/wp-content\/uploads\/2020\/09\/04127348-e802-4b10-a341-cbd5ec312dea-600x400.jpg 600w, https:\/\/graphimarket.com\/wp-content\/uploads\/2020\/09\/04127348-e802-4b10-a341-cbd5ec312dea-300x200.jpg 300w, https:\/\/graphimarket.com\/wp-content\/uploads\/2020\/09\/04127348-e802-4b10-a341-cbd5ec312dea-768x512.jpg 768w\" sizes=\"(max-width: 900px) 100vw, 900px\" \/> <img loading=\"lazy\" decoding=\"async\" class=\"aligncenter wp-image-8915 size-full\" src=\"https:\/\/graphimarket.com\/wp-content\/uploads\/2020\/09\/b018155b-8589-4c28-9e05-05bd58797865.jpg\" alt=\"\" width=\"900\" height=\"600\" srcset=\"https:\/\/graphimarket.com\/wp-content\/uploads\/2020\/09\/b018155b-8589-4c28-9e05-05bd58797865.jpg 900w, https:\/\/graphimarket.com\/wp-content\/uploads\/2020\/09\/b018155b-8589-4c28-9e05-05bd58797865-600x400.jpg 600w, https:\/\/graphimarket.com\/wp-content\/uploads\/2020\/09\/b018155b-8589-4c28-9e05-05bd58797865-300x200.jpg 300w, https:\/\/graphimarket.com\/wp-content\/uploads\/2020\/09\/b018155b-8589-4c28-9e05-05bd58797865-768x512.jpg 768w\" sizes=\"(max-width: 900px) 100vw, 900px\" \/> <img loading=\"lazy\" decoding=\"async\" class=\"aligncenter wp-image-8916 size-full\" src=\"https:\/\/graphimarket.com\/wp-content\/uploads\/2020\/09\/f099682c-4c0e-4273-886f-c01aa8c411d0.jpg\" alt=\"\" width=\"900\" height=\"600\" srcset=\"https:\/\/graphimarket.com\/wp-content\/uploads\/2020\/09\/f099682c-4c0e-4273-886f-c01aa8c411d0.jpg 900w, https:\/\/graphimarket.com\/wp-content\/uploads\/2020\/09\/f099682c-4c0e-4273-886f-c01aa8c411d0-600x400.jpg 600w, https:\/\/graphimarket.com\/wp-content\/uploads\/2020\/09\/f099682c-4c0e-4273-886f-c01aa8c411d0-300x200.jpg 300w, https:\/\/graphimarket.com\/wp-content\/uploads\/2020\/09\/f099682c-4c0e-4273-886f-c01aa8c411d0-768x512.jpg 768w\" sizes=\"(max-width: 900px) 100vw, 900px\" \/> <img loading=\"lazy\" decoding=\"async\" class=\"aligncenter wp-image-8917 size-full\" src=\"https:\/\/graphimarket.com\/wp-content\/uploads\/2020\/09\/45b71a61-5275-42f5-95d6-9925e9c028b2.jpg\" alt=\"\" width=\"900\" height=\"900\" srcset=\"https:\/\/graphimarket.com\/wp-content\/uploads\/2020\/09\/45b71a61-5275-42f5-95d6-9925e9c028b2.jpg 900w, https:\/\/graphimarket.com\/wp-content\/uploads\/2020\/09\/45b71a61-5275-42f5-95d6-9925e9c028b2-100x100.jpg 100w, https:\/\/graphimarket.com\/wp-content\/uploads\/2020\/09\/45b71a61-5275-42f5-95d6-9925e9c028b2-600x600.jpg 600w, https:\/\/graphimarket.com\/wp-content\/uploads\/2020\/09\/45b71a61-5275-42f5-95d6-9925e9c028b2-300x300.jpg 300w, https:\/\/graphimarket.com\/wp-content\/uploads\/2020\/09\/45b71a61-5275-42f5-95d6-9925e9c028b2-150x150.jpg 150w, https:\/\/graphimarket.com\/wp-content\/uploads\/2020\/09\/45b71a61-5275-42f5-95d6-9925e9c028b2-768x768.jpg 768w\" sizes=\"(max-width: 900px) 100vw, 900px\" \/> <img loading=\"lazy\" decoding=\"async\" class=\"aligncenter wp-image-8918 size-full\" src=\"https:\/\/graphimarket.com\/wp-content\/uploads\/2020\/09\/0a87bf0c-8407-46cb-9530-415e521ce0b1.jpg\" alt=\"\" width=\"900\" height=\"600\" srcset=\"https:\/\/graphimarket.com\/wp-content\/uploads\/2020\/09\/0a87bf0c-8407-46cb-9530-415e521ce0b1.jpg 900w, https:\/\/graphimarket.com\/wp-content\/uploads\/2020\/09\/0a87bf0c-8407-46cb-9530-415e521ce0b1-600x400.jpg 600w, https:\/\/graphimarket.com\/wp-content\/uploads\/2020\/09\/0a87bf0c-8407-46cb-9530-415e521ce0b1-300x200.jpg 300w, https:\/\/graphimarket.com\/wp-content\/uploads\/2020\/09\/0a87bf0c-8407-46cb-9530-415e521ce0b1-768x512.jpg 768w\" sizes=\"(max-width: 900px) 100vw, 900px\" \/> <img loading=\"lazy\" decoding=\"async\" class=\"aligncenter wp-image-8919 size-full\" src=\"https:\/\/graphimarket.com\/wp-content\/uploads\/2020\/09\/4d926637-9c51-48d5-a8cd-30cede645aa6.jpg\" alt=\"\" width=\"900\" height=\"600\" srcset=\"https:\/\/graphimarket.com\/wp-content\/uploads\/2020\/09\/4d926637-9c51-48d5-a8cd-30cede645aa6.jpg 900w, https:\/\/graphimarket.com\/wp-content\/uploads\/2020\/09\/4d926637-9c51-48d5-a8cd-30cede645aa6-600x400.jpg 600w, https:\/\/graphimarket.com\/wp-content\/uploads\/2020\/09\/4d926637-9c51-48d5-a8cd-30cede645aa6-300x200.jpg 300w, https:\/\/graphimarket.com\/wp-content\/uploads\/2020\/09\/4d926637-9c51-48d5-a8cd-30cede645aa6-768x512.jpg 768w\" sizes=\"(max-width: 900px) 100vw, 900px\" \/><\/div>","protected":false},"excerpt":{"rendered":"<p>Make your text or logo painted with color lights\u00a0Color light painting effects from your text, logo, shape or any layer. Very easy to use, very quick action! One click action.\u00a0Photoshop ver. CS3 CS4 CS5 CS6 CC CC2014 CC2015 CC2015.5 CC2017 CC2018 CC2019 Professional multifunctional Photoshop Action transforms your text, vector shape, pixel layer, smart object, [&hellip;]<\/p>\n","protected":false},"featured_media":8922,"comment_status":"open","ping_status":"closed","template":"","meta":{"site-sidebar-layout":"default","site-content-layout":"default","ast-site-content-layout":"default","site-content-style":"default","site-sidebar-style":"default","ast-global-header-display":"","ast-banner-title-visibility":"","ast-main-header-display":"","ast-hfb-above-header-display":"","ast-hfb-below-header-display":"","ast-hfb-mobile-header-display":"","site-post-title":"","ast-breadcrumbs-content":"","ast-featured-img":"","footer-sml-layout":"","ast-disable-related-posts":"","theme-transparent-header-meta":"default","adv-header-id-meta":"","stick-header-meta":"","header-above-stick-meta":"","header-main-stick-meta":"","header-below-stick-meta":"","astra-migrate-meta-layouts":"default","ast-page-background-enabled":"default","ast-page-background-meta":{"desktop":{"background-color":"","background-image":"","background-repeat":"repeat","background-position":"center center","background-size":"auto","background-attachment":"scroll","background-type":"","background-media":"","overlay-type":"","overlay-color":"","overlay-opacity":"","overlay-gradient":""},"tablet":{"background-color":"","background-image":"","background-repeat":"repeat","background-position":"center center","background-size":"auto","background-attachment":"scroll","background-type":"","background-media":"","overlay-type":"","overlay-color":"","overlay-opacity":"","overlay-gradient":""},"mobile":{"background-color":"","background-image":"","background-repeat":"repeat","background-position":"center center","background-size":"auto","background-attachment":"scroll","background-type":"","background-media":"","overlay-type":"","overlay-color":"","overlay-opacity":"","overlay-gradient":""}},"ast-content-background-meta":{"desktop":{"background-color":"var(--ast-global-color-5)","background-image":"","background-repeat":"repeat","background-position":"center center","background-size":"auto","background-attachment":"scroll","background-type":"","background-media":"","overlay-type":"","overlay-color":"","overlay-opacity":"","overlay-gradient":""},"tablet":{"background-color":"var(--ast-global-color-5)","background-image":"","background-repeat":"repeat","background-position":"center center","background-size":"auto","background-attachment":"scroll","background-type":"","background-media":"","overlay-type":"","overlay-color":"","overlay-opacity":"","overlay-gradient":""},"mobile":{"background-color":"var(--ast-global-color-5)","background-image":"","background-repeat":"repeat","background-position":"center center","background-size":"auto","background-attachment":"scroll","background-type":"","background-media":"","overlay-type":"","overlay-color":"","overlay-opacity":"","overlay-gradient":""}}},"product_brand":[],"product_cat":[195,146],"product_tag":[292,274,290,510,296,283,287,690,689,269,691,294,468,298],"class_list":{"0":"post-8910","1":"product","2":"type-product","3":"status-publish","4":"has-post-thumbnail","6":"product_cat-photoshop","7":"product_cat-photoshop-action","8":"product_tag-action","9":"product_tag-effect","10":"product_tag-glow","11":"product_tag-glowing","12":"product_tag-lettering","13":"product_tag-light","14":"product_tag-lighting","15":"product_tag-neon","16":"product_tag-night","17":"product_tag-painting","18":"product_tag-sign","19":"product_tag-text","20":"product_tag-typo","21":"product_tag-typography","22":"desktop-align-left","23":"tablet-align-left","24":"mobile-align-left","26":"first","27":"instock","28":"downloadable","29":"virtual","30":"taxable","31":"purchasable","32":"product-type-simple"},"yoast_head":"<!-- This site is optimized with the Yoast SEO plugin v27.3 - https:\/\/yoast.com\/product\/yoast-seo-wordpress\/ -->\n<title>Light Painting - Photoshop Action - Graphimarket<\/title>\n<meta name=\"description\" content=\"Make your text or logo painted with color lights\u00a0Color light painting effects from your text, logo, shape or any layer. Very easy to use...\" \/>\n<meta name=\"robots\" content=\"index, follow, max-snippet:-1, max-image-preview:large, max-video-preview:-1\" \/>\n<link rel=\"canonical\" href=\"https:\/\/graphimarket.com\/pt\/product\/light-painting-photoshop-action\/\" \/>\n<meta property=\"og:locale\" content=\"pt_PT\" \/>\n<meta property=\"og:type\" content=\"article\" \/>\n<meta property=\"og:title\" content=\"Light Painting - Photoshop Action - Graphimarket\" \/>\n<meta property=\"og:description\" content=\"Make your text or logo painted with color lights\u00a0Color light painting effects from your text, logo, shape or any layer. Very easy to use...\" \/>\n<meta property=\"og:url\" content=\"https:\/\/graphimarket.com\/pt\/product\/light-painting-photoshop-action\/\" \/>\n<meta property=\"og:site_name\" content=\"Graphimarket\" \/>\n<meta property=\"article:modified_time\" content=\"2022-12-19T10:04:37+00:00\" \/>\n<meta property=\"og:image\" content=\"https:\/\/graphimarket.com\/wp-content\/uploads\/2020\/09\/061f45b5-deb3-4e3b-827b-2e413b2708cd.jpg\" \/>\n\t<meta property=\"og:image:width\" content=\"900\" \/>\n\t<meta property=\"og:image:height\" content=\"600\" \/>\n\t<meta property=\"og:image:type\" content=\"image\/jpeg\" \/>\n<meta name=\"twitter:card\" content=\"summary_large_image\" \/>\n<meta name=\"twitter:label1\" content=\"Est. reading time\" \/>\n\t<meta name=\"twitter:data1\" content=\"1 minute\" \/>\n<script type=\"application\/ld+json\" class=\"yoast-schema-graph\">{\"@context\":\"https:\\\/\\\/schema.org\",\"@graph\":[{\"@type\":\"WebPage\",\"@id\":\"https:\\\/\\\/graphimarket.com\\\/en\\\/product\\\/light-painting-photoshop-action\\\/\",\"url\":\"https:\\\/\\\/graphimarket.com\\\/en\\\/product\\\/light-painting-photoshop-action\\\/\",\"name\":\"Light Painting - Photoshop Action - Graphimarket\",\"isPartOf\":{\"@id\":\"https:\\\/\\\/graphimarket.com\\\/fr\\\/#website\"},\"primaryImageOfPage\":{\"@id\":\"https:\\\/\\\/graphimarket.com\\\/en\\\/product\\\/light-painting-photoshop-action\\\/#primaryimage\"},\"image\":{\"@id\":\"https:\\\/\\\/graphimarket.com\\\/en\\\/product\\\/light-painting-photoshop-action\\\/#primaryimage\"},\"thumbnailUrl\":\"https:\\\/\\\/graphimarket.com\\\/wp-content\\\/uploads\\\/2020\\\/09\\\/061f45b5-deb3-4e3b-827b-2e413b2708cd.jpg\",\"datePublished\":\"2020-09-13T12:54:01+00:00\",\"dateModified\":\"2022-12-19T10:04:37+00:00\",\"description\":\"Make your text or logo painted with color lights\u00a0Color light painting effects from your text, logo, shape or any layer. Very easy to use...\",\"breadcrumb\":{\"@id\":\"https:\\\/\\\/graphimarket.com\\\/en\\\/product\\\/light-painting-photoshop-action\\\/#breadcrumb\"},\"inLanguage\":\"pt-PT\",\"potentialAction\":[{\"@type\":\"ReadAction\",\"target\":[\"https:\\\/\\\/graphimarket.com\\\/en\\\/product\\\/light-painting-photoshop-action\\\/\"]}]},{\"@type\":\"ImageObject\",\"inLanguage\":\"pt-PT\",\"@id\":\"https:\\\/\\\/graphimarket.com\\\/en\\\/product\\\/light-painting-photoshop-action\\\/#primaryimage\",\"url\":\"https:\\\/\\\/graphimarket.com\\\/wp-content\\\/uploads\\\/2020\\\/09\\\/061f45b5-deb3-4e3b-827b-2e413b2708cd.jpg\",\"contentUrl\":\"https:\\\/\\\/graphimarket.com\\\/wp-content\\\/uploads\\\/2020\\\/09\\\/061f45b5-deb3-4e3b-827b-2e413b2708cd.jpg\",\"width\":900,\"height\":600},{\"@type\":\"BreadcrumbList\",\"@id\":\"https:\\\/\\\/graphimarket.com\\\/en\\\/product\\\/light-painting-photoshop-action\\\/#breadcrumb\",\"itemListElement\":[{\"@type\":\"ListItem\",\"position\":1,\"name\":\"Home\",\"item\":\"https:\\\/\\\/graphimarket.com\\\/es\\\/\"},{\"@type\":\"ListItem\",\"position\":2,\"name\":\"Store\",\"item\":\"https:\\\/\\\/graphimarket.com\\\/store\\\/\"},{\"@type\":\"ListItem\",\"position\":3,\"name\":\"Light Painting &#8211; Photoshop Action\"}]},{\"@type\":\"WebSite\",\"@id\":\"https:\\\/\\\/graphimarket.com\\\/fr\\\/#website\",\"url\":\"https:\\\/\\\/graphimarket.com\\\/fr\\\/\",\"name\":\"Graphimarket\",\"description\":\"Find the perfect creative asset to bring your project to life\",\"publisher\":{\"@id\":\"https:\\\/\\\/graphimarket.com\\\/fr\\\/#organization\"},\"potentialAction\":[{\"@type\":\"SearchAction\",\"target\":{\"@type\":\"EntryPoint\",\"urlTemplate\":\"https:\\\/\\\/graphimarket.com\\\/fr\\\/?s={search_term_string}\"},\"query-input\":{\"@type\":\"PropertyValueSpecification\",\"valueRequired\":true,\"valueName\":\"search_term_string\"}}],\"inLanguage\":\"pt-PT\"},{\"@type\":\"Organization\",\"@id\":\"https:\\\/\\\/graphimarket.com\\\/fr\\\/#organization\",\"name\":\"Graphimarket\",\"url\":\"https:\\\/\\\/graphimarket.com\\\/fr\\\/\",\"logo\":{\"@type\":\"ImageObject\",\"inLanguage\":\"pt-PT\",\"@id\":\"https:\\\/\\\/graphimarket.com\\\/fr\\\/#\\\/schema\\\/logo\\\/image\\\/\",\"url\":\"https:\\\/\\\/graphimarket.com\\\/wp-content\\\/uploads\\\/2020\\\/08\\\/logo-48.png\",\"contentUrl\":\"https:\\\/\\\/graphimarket.com\\\/wp-content\\\/uploads\\\/2020\\\/08\\\/logo-48.png\",\"width\":132,\"height\":48,\"caption\":\"Graphimarket\"},\"image\":{\"@id\":\"https:\\\/\\\/graphimarket.com\\\/fr\\\/#\\\/schema\\\/logo\\\/image\\\/\"}}]}<\/script>\n<!-- \/ Yoast SEO plugin. -->","yoast_head_json":{"title":"Light Painting - Photoshop Action - Graphimarket","description":"Fa\u00e7a seu texto ou logotipo pintado com luzes coloridas Efeitos de pintura de luz colorida de seu texto, logotipo, forma ou qualquer camada. Muito f\u00e1cil de usar ...","robots":{"index":"index","follow":"follow","max-snippet":"max-snippet:-1","max-image-preview":"max-image-preview:large","max-video-preview":"max-video-preview:-1"},"canonical":"https:\/\/graphimarket.com\/pt\/product\/light-painting-photoshop-action\/","og_locale":"pt_PT","og_type":"article","og_title":"Light Painting - Photoshop Action - Graphimarket","og_description":"Make your text or logo painted with color lights\u00a0Color light painting effects from your text, logo, shape or any layer. Very easy to use...","og_url":"https:\/\/graphimarket.com\/pt\/product\/light-painting-photoshop-action\/","og_site_name":"Graphimarket","article_modified_time":"2022-12-19T10:04:37+00:00","og_image":[{"width":900,"height":600,"url":"https:\/\/graphimarket.com\/wp-content\/uploads\/2020\/09\/061f45b5-deb3-4e3b-827b-2e413b2708cd.jpg","type":"image\/jpeg"}],"twitter_card":"summary_large_image","twitter_misc":{"Est. reading time":"1 minute"},"schema":{"@context":"https:\/\/schema.org","@graph":[{"@type":"WebPage","@id":"https:\/\/graphimarket.com\/en\/product\/light-painting-photoshop-action\/","url":"https:\/\/graphimarket.com\/en\/product\/light-painting-photoshop-action\/","name":"Light Painting - Photoshop Action - Graphimarket","isPartOf":{"@id":"https:\/\/graphimarket.com\/fr\/#website"},"primaryImageOfPage":{"@id":"https:\/\/graphimarket.com\/en\/product\/light-painting-photoshop-action\/#primaryimage"},"image":{"@id":"https:\/\/graphimarket.com\/en\/product\/light-painting-photoshop-action\/#primaryimage"},"thumbnailUrl":"https:\/\/graphimarket.com\/wp-content\/uploads\/2020\/09\/061f45b5-deb3-4e3b-827b-2e413b2708cd.jpg","datePublished":"2020-09-13T12:54:01+00:00","dateModified":"2022-12-19T10:04:37+00:00","description":"Fa\u00e7a seu texto ou logotipo pintado com luzes coloridas Efeitos de pintura de luz colorida de seu texto, logotipo, forma ou qualquer camada. Muito f\u00e1cil de usar ...","breadcrumb":{"@id":"https:\/\/graphimarket.com\/en\/product\/light-painting-photoshop-action\/#breadcrumb"},"inLanguage":"pt-PT","potentialAction":[{"@type":"ReadAction","target":["https:\/\/graphimarket.com\/en\/product\/light-painting-photoshop-action\/"]}]},{"@type":"ImageObject","inLanguage":"pt-PT","@id":"https:\/\/graphimarket.com\/en\/product\/light-painting-photoshop-action\/#primaryimage","url":"https:\/\/graphimarket.com\/wp-content\/uploads\/2020\/09\/061f45b5-deb3-4e3b-827b-2e413b2708cd.jpg","contentUrl":"https:\/\/graphimarket.com\/wp-content\/uploads\/2020\/09\/061f45b5-deb3-4e3b-827b-2e413b2708cd.jpg","width":900,"height":600},{"@type":"BreadcrumbList","@id":"https:\/\/graphimarket.com\/en\/product\/light-painting-photoshop-action\/#breadcrumb","itemListElement":[{"@type":"ListItem","position":1,"name":"Home","item":"https:\/\/graphimarket.com\/es\/"},{"@type":"ListItem","position":2,"name":"Store","item":"https:\/\/graphimarket.com\/store\/"},{"@type":"ListItem","position":3,"name":"Light Painting &#8211; Photoshop Action"}]},{"@type":"WebSite","@id":"https:\/\/graphimarket.com\/fr\/#website","url":"https:\/\/graphimarket.com\/fr\/","name":"Graphimarket","description":"Encontre o ativo criativo perfeito para dar vida ao seu projeto","publisher":{"@id":"https:\/\/graphimarket.com\/fr\/#organization"},"potentialAction":[{"@type":"SearchAction","target":{"@type":"EntryPoint","urlTemplate":"https:\/\/graphimarket.com\/fr\/?s={search_term_string}"},"query-input":{"@type":"PropertyValueSpecification","valueRequired":true,"valueName":"search_term_string"}}],"inLanguage":"pt-PT"},{"@type":"Organization","@id":"https:\/\/graphimarket.com\/fr\/#organization","name":"Graphimarket","url":"https:\/\/graphimarket.com\/fr\/","logo":{"@type":"ImageObject","inLanguage":"pt-PT","@id":"https:\/\/graphimarket.com\/fr\/#\/schema\/logo\/image\/","url":"https:\/\/graphimarket.com\/wp-content\/uploads\/2020\/08\/logo-48.png","contentUrl":"https:\/\/graphimarket.com\/wp-content\/uploads\/2020\/08\/logo-48.png","width":132,"height":48,"caption":"Graphimarket"},"image":{"@id":"https:\/\/graphimarket.com\/fr\/#\/schema\/logo\/image\/"}}]}},"_links":{"self":[{"href":"https:\/\/graphimarket.com\/pt\/wp-json\/wp\/v2\/product\/8910","targetHints":{"allow":["GET"]}}],"collection":[{"href":"https:\/\/graphimarket.com\/pt\/wp-json\/wp\/v2\/product"}],"about":[{"href":"https:\/\/graphimarket.com\/pt\/wp-json\/wp\/v2\/types\/product"}],"replies":[{"embeddable":true,"href":"https:\/\/graphimarket.com\/pt\/wp-json\/wp\/v2\/comments?post=8910"}],"version-history":[{"count":0,"href":"https:\/\/graphimarket.com\/pt\/wp-json\/wp\/v2\/product\/8910\/revisions"}],"wp:featuredmedia":[{"embeddable":true,"href":"https:\/\/graphimarket.com\/pt\/wp-json\/wp\/v2\/media\/8922"}],"wp:attachment":[{"href":"https:\/\/graphimarket.com\/pt\/wp-json\/wp\/v2\/media?parent=8910"}],"wp:term":[{"taxonomy":"product_brand","embeddable":true,"href":"https:\/\/graphimarket.com\/pt\/wp-json\/wp\/v2\/product_brand?post=8910"},{"taxonomy":"product_cat","embeddable":true,"href":"https:\/\/graphimarket.com\/pt\/wp-json\/wp\/v2\/product_cat?post=8910"},{"taxonomy":"product_tag","embeddable":true,"href":"https:\/\/graphimarket.com\/pt\/wp-json\/wp\/v2\/product_tag?post=8910"}],"curies":[{"name":"wp","href":"https:\/\/api.w.org\/{rel}","templated":true}]}}